{"id":9032,"date":"2020-04-01T14:18:11","date_gmt":"2020-04-01T12:18:11","guid":{"rendered":"https:\/\/www.clean-air.cz\/hauben\/schweishauben\/aertec-rangemax\/"},"modified":"2025-08-14T11:42:40","modified_gmt":"2025-08-14T09:42:40","slug":"aertec-rangemax","status":"publish","type":"page","link":"https:\/\/www.clean-air.cz\/de\/hauben\/schweishauben\/aertec-rangemax\/","title":{"rendered":"AerTEC\u2122 RangeMAX"},"content":{"rendered":"<p>[vc_row][vc_column width=&#8221;1\/2&#8243;][vc_gallery interval=&#8221;3&#8243; images=&#8221;25005,10529,10514,10519,10524&#8243; img_size=&#8221;large&#8221;][\/vc_column][vc_column width=&#8221;1\/2&#8243;][vc_column_text]<strong><span style=\"font-size: 14pt; color: #be0300;\">Broaden your perspective<br \/>\n<\/span><\/strong><\/p>\n<h4><span style=\"color: #ff0000;\">Discontinued starting January 1, 2025.<\/span><br \/>\nAll the consumables and spare parts remains available until December 2026 or untill further notice.<\/h4>\n<p>The most innovative and ergonomical helmet to date, expanding the welder\u00b4s fi eld of vision without compromising on comfort. The unique nose cut-out fl oats above the nose to position the ADF closer to the eyes. This enlarges the fi eld of vison 6 times compared to the conventional welding helmets. Fully automated shade level adjustment for any welding procedure in the 5-12 range. In-bulit air distribution system delivers the air right into the breathing zone.[\/vc_column_text][\/vc_column][\/vc_row][vc_row][vc_column][vc_tta_tabs style=&#8221;modern&#8221; shape=&#8221;square&#8221; active_section=&#8221;1&#8243; no_fill_content_area=&#8221;true&#8221; title=&#8221;Details&#8221;][vc_tta_section i_icon_fontawesome=&#8221;fa fa-industry&#8221; add_icon=&#8221;true&#8221; title=&#8221;Anwendungsbereiche&#8221; tab_id=&#8221;1513150336358-68add988-e9ea&#8221;][vc_column_text]<\/p>\n<p><span style=\"color: #be0300;\"><strong>Anwendungsbereiche<\/strong><\/span><\/p>\n<p>F\u00fcr jedes elektrischen Lichtbogenschwei\u00dfverfahren geeignet wie Elektrodenschwei\u00dfen (Stick Welding, SMAW), Metall-Schutzgas-Schwei\u00dfen (MIG\/MAG), Verfahren mit hohem Schmelzpunk\/F\u00fclldrahtschwei\u00dfen (GMAW) Wolframinerertgas-Schwei\u00dfen (TIG) und Plasma- und Autogen-Schwei\u00dfen\/Schleifen im Schleifmodus. Darf f\u00fcr Laser-Schwei\u00dfen nicht verwendet werden!<\/p>\n<p>&nbsp;<\/p>\n<p>[\/vc_column_text][\/vc_tta_section][vc_tta_section i_icon_fontawesome=&#8221;fa fa-thumbs-o-up&#8221; add_icon=&#8221;true&#8221; title=&#8221;Merkmale und Vorteile&#8221; tab_id=&#8221;1513150336359-b7b65468-8021&#8243;][vc_column_text]<\/p>\n<p><span style=\"color: #be0300;\"><strong>Features &amp; Benefits<\/strong><\/span><\/p>\n<ul>\n<li>6-faches Sichtfeld im Vergleich zu Standardhelmem<\/li>\n<li>AUTOPILOT \u2013 vollautomatisierte Farbkorrektur im Bereich 5 bis 12. Der Autopilot kann auf Wunsch ausgeschaltet und die T\u00f6nung im Bereich von 7 bis 12 manuell gew\u00e4hlt werden.<\/li>\n<li>True Colour View ADF<\/li>\n<li>TWILIGHT Dimmfunktion \u2013 graduelle Lichtanpassung sch\u00fctzt die Augen vor Erm\u00fcdung<\/li>\n<li>T\u00f6nung 2,5 im ausgeschalteten Modus<\/li>\n<li>Neues Energiekonzept mit Lithium-Polymer-Akku<\/li>\n<li>Mehrfachsensor-Erkennung \u2013 5 Sensoren<\/li>\n<li>Schleifmodusfunktion<\/li>\n<li>Integriertes Luftverteilungssystem<\/li>\n<li>H\u00f6chster Atemschutzstandard TH3<\/li>\n<\/ul>\n<p>&nbsp;<br \/>\n[\/vc_column_text][\/vc_tta_section][vc_tta_section i_icon_fontawesome=&#8221;fa fa-cog&#8221; add_icon=&#8221;true&#8221; title=&#8221;Kompletts\u00e4tze, Zubeh\u00f6r, Filter&#8221; tab_id=&#8221;1513153137048-5f8c31c5-30ea&#8221;][vc_column_text]<\/p>\n<table>\n<tbody>\n<tr>\n<td style=\"text-align: left;\" colspan=\"2\"><span style=\"color: #be0300;\"><strong>Kompletts\u00e4tze<\/strong><\/span><\/td>\n<\/tr>\n<tr>\n<td style=\"text-align: left;\">Schwei\u00dfhelm AerTEC\u2122\u00a0RangeMAX Air mit ADF und Luftverteilung<\/td>\n<td style=\"text-align: center;\">70.4441.660<\/td>\n<\/tr>\n<tr>\n<td style=\"text-align: left;\">Schwei\u00dfhelm AerTEC\u2122\u00a0RangeMAX mit ADF ohne Luftverteilung<\/td>\n<td style=\"text-align: center;\">40.1010.000<\/td>\n<\/tr>\n<tr>\n<td style=\"text-align: left;\">Ready 2 Weld set &#8211; CA AerGO\u00ae&amp; RangeMAX in Tasche<\/td>\n<td style=\"text-align: center;\">30.4441.660<\/td>\n<\/tr>\n<tr>\n<td style=\"text-align: left;\">Ready 2 Weld set &#8211; CA Basic&amp; RangeMAX in Tasche<\/td>\n<td style=\"text-align: center;\">81.4441.660<\/td>\n<\/tr>\n<\/tbody>\n<\/table>\n<p>&nbsp;<br \/>\n[\/vc_column_text][\/vc_tta_section][vc_tta_section i_icon_fontawesome=&#8221;fa fa-wrench&#8221; add_icon=&#8221;true&#8221; title=&#8221;Technische Daten&#8221; tab_id=&#8221;1513153797992-792040b0-82c9&#8243;][vc_column_text]<\/p>\n<table>\n<tbody>\n<tr>\n<td style=\"text-align: left;\" colspan=\"2\"><span style=\"color: #be0300;\"><strong>Technische Daten<\/strong><\/span><\/td>\n<\/tr>\n<tr>\n<td style=\"text-align: left;\">Gewicht<\/td>\n<td style=\"text-align: center;\">545 g (725 g mit Luftverteilung)<\/td>\n<\/tr>\n<tr>\n<td style=\"text-align: left;\">ADF Abmessung<\/td>\n<td style=\"text-align: center;\">einzigartiger spezifische Ausschnittform<\/td>\n<\/tr>\n<tr>\n<td style=\"text-align: left;\">T\u00f6nung<\/td>\n<td style=\"text-align: center;\">DIN 5-12<br \/>\nT\u00f6nung im offenen Zustand DIN 2,5<\/td>\n<\/tr>\n<tr>\n<td style=\"text-align: left;\">Sichtfeld<\/td>\n<td style=\"text-align: center;\">6 Mal breiter im Vergleich zu herk\u00f6mmlichen ADF<\/td>\n<\/tr>\n<tr>\n<td style=\"text-align: left;\">Schlauchanschluss<\/td>\n<td style=\"text-align: center;\">QuickLOCK\u2122<\/td>\n<\/tr>\n<tr>\n<td style=\"text-align: left;\">Zertifizierung<\/td>\n<td style=\"text-align: center;\">EN 379 1\/1\/1\/2, EN 175 B, EN 12941 TH3, EN 14594 3B<\/td>\n<\/tr>\n<tr>\n<td style=\"text-align: left;\">Nennschutzfaktor (NPF)<\/td>\n<td style=\"text-align: center;\">500<\/td>\n<\/tr>\n<\/tbody>\n<\/table>\n<p>&nbsp;<br \/>\n[\/vc_column_text][\/vc_tta_section][vc_tta_section i_icon_fontawesome=&#8221;fa fa-download&#8221; add_icon=&#8221;true&#8221; title=&#8221;Downloads&#8221; tab_id=&#8221;1513154098935-95c74e4f-fa1e&#8221;][vc_column_text]<strong><a href=\"https:\/\/www.clean-air.cz\/wp-content\/uploads\/2020\/05\/CNA-092-R01-UM-AerTEC-OptoMAX_RangeMAX_SeeMAX-DIGI.pdf\" target=\"_blank\" rel=\"noopener noreferrer\">User manual \u2013 AerTEC OptoMAX_RangeMAX_SeeMAX<\/a><\/strong><\/p>\n<p><strong><a href=\"https:\/\/www.clean-air.cz\/wp-content\/uploads\/2020\/01\/PS-704441660-1-R0-RangeMAX-air.pdf\" target=\"_blank\" rel=\"noopener noreferrer\">Declaration of Conformity &#8211; RangeMAX Air &#8211; 704441660-1 EN<\/a><\/strong><\/p>\n<p><strong><a href=\"https:\/\/www.clean-air.cz\/wp-content\/uploads\/2020\/05\/PS-704441660-1-R0-RangeMAX-air-CZ.pdf\" target=\"_blank\" rel=\"noopener noreferrer\">Declaration of Conformity &#8211; RangeMAX Air &#8211; 704441660-1 CZ<\/a><\/strong>[\/vc_column_text][\/vc_tta_section][vc_tta_section i_icon_fontawesome=&#8221;fa fa-picture-o&#8221; add_icon=&#8221;true&#8221; title=&#8221;Galerie&#8221; tab_id=&#8221;1515415801460-0c2258c9-4574&#8243;][vc_gallery type=&#8221;image_grid&#8221; images=&#8221;7840,7839,7849&#8243; img_size=&#8221;medium&#8221; css_animation=&#8221;fadeIn&#8221; css=&#8221;.vc_custom_1574839897854{padding-left: 280px !important;}&#8221; el_class=&#8221;rangemax_gallery&#8221;][\/vc_tta_section][\/vc_tta_tabs][\/vc_column][\/vc_row][vc_row][vc_column][vc_separator][\/vc_column][\/vc_row]<\/p>\n","protected":false},"excerpt":{"rendered":"<p>[vc_row][vc_column width=&#8221;1\/2&#8243;][vc_gallery interval=&#8221;3&#8243; images=&#8221;25005,10529,10514,10519,10524&#8243; img_size=&#8221;large&#8221;][\/vc_column][vc_column width=&#8221;1\/2&#8243;][vc_column_text]Broaden your perspective Discontinued starting January 1, 2025. All the consumables and spare parts remains available until December 2026 or untill further notice. The most innovative and ergonomical helmet to date, expanding the welder\u00b4s fi eld of vision without compromising on comfort. The unique nose cut-out fl oats above the nose to position the ADF closer to the eyes. This enlarges the fi eld of<\/p>\n<p><a class=\"more-link\" href=\"https:\/\/www.clean-air.cz\/de\/hauben\/schweishauben\/aertec-rangemax\/\">Weiterlesen<\/a><\/p>\n","protected":false},"author":11,"featured_media":0,"parent":4250,"menu_order":0,"comment_status":"closed","ping_status":"closed","template":"","meta":{"footnotes":""},"_links":{"self":[{"href":"https:\/\/www.clean-air.cz\/de\/wp-json\/wp\/v2\/pages\/9032"}],"collection":[{"href":"https:\/\/www.clean-air.cz\/de\/wp-json\/wp\/v2\/pages"}],"about":[{"href":"https:\/\/www.clean-air.cz\/de\/wp-json\/wp\/v2\/types\/page"}],"author":[{"embeddable":true,"href":"https:\/\/www.clean-air.cz\/de\/wp-json\/wp\/v2\/users\/11"}],"replies":[{"embeddable":true,"href":"https:\/\/www.clean-air.cz\/de\/wp-json\/wp\/v2\/comments?post=9032"}],"version-history":[{"count":0,"href":"https:\/\/www.clean-air.cz\/de\/wp-json\/wp\/v2\/pages\/9032\/revisions"}],"up":[{"embeddable":true,"href":"https:\/\/www.clean-air.cz\/de\/wp-json\/wp\/v2\/pages\/4250"}],"wp:attachment":[{"href":"https:\/\/www.clean-air.cz\/de\/wp-json\/wp\/v2\/media?parent=9032"}],"curies":[{"name":"wp","href":"https:\/\/api.w.org\/{rel}","templated":true}]}}