{"id":9014,"date":"2020-04-01T12:26:52","date_gmt":"2020-04-01T10:26:52","guid":{"rendered":"https:\/\/www.clean-air.cz\/hauben\/schweishauben\/aertec-optomax\/"},"modified":"2025-08-14T11:28:13","modified_gmt":"2025-08-14T09:28:13","slug":"aertec-optomax","status":"publish","type":"page","link":"https:\/\/www.clean-air.cz\/de\/hauben\/schweishauben\/aertec-optomax\/","title":{"rendered":"AerTEC\u2122 OptoMAX"},"content":{"rendered":"<p>[vc_row][vc_column width=&#8221;1\/2&#8243;][vc_gallery interval=&#8221;3&#8243; images=&#8221;10498,10503,10508&#8243; img_size=&#8221;large&#8221;][\/vc_column][vc_column width=&#8221;1\/2&#8243;][vc_column_text]<strong><span style=\"font-size: 14pt; color: #be0300;\">Perfekte Sicht beim Schwei\u00dfen dank marktf\u00fchrender ADF-Technologie von Optrel<br \/>\n<\/span><\/strong><\/p>\n<p>Vollautomatisierte Farbkorrektur f\u00fcr jeden Schwei\u00dfvorgang im Bereich von 5 bis 13. Naturfarbensicht im gesamten Schutzbereich und Ultra HD Qualit\u00e4t der Klassen 1\/1\/1\/1. Das integrierte Luftverteilersystem leitet die Luft direkt in die Atemzone.[\/vc_column_text][\/vc_column][\/vc_row][vc_row][vc_column width=&#8221;1\/3&#8243;][vc_column_text]<strong><span style=\"font-size: 14pt; color: #be0300;\">ADAPTIVER AUTOPILOT<\/span><\/strong><\/p>\n<p>Der adaptive Autopilot passt die T\u00f6nung beim Schwei\u00dfen automatisch an. Der zus\u00e4tzliche<br \/>\nHelligkeitssensor erkennt \u00c4nderungen der Lichtbogenintensit\u00e4t sofort und passt die T\u00f6nung an. Perfekter Schutz bei allen Schwei\u00dfparametern. Manuelle Einstellung ist nicht mehr erforderlich, steht aber per Tastendruck zur Verf\u00fcgung.<\/p>\n<p><img loading=\"lazy\" decoding=\"async\" class=\"size-medium wp-image-9463 aligncenter\" src=\"https:\/\/www.clean-air.cz\/wp-content\/uploads\/2020\/06\/adaptive-autopilot-297x300.jpg\" alt=\"\" width=\"297\" height=\"300\" srcset=\"https:\/\/www.clean-air.cz\/wp-content\/uploads\/2020\/06\/adaptive-autopilot-297x300.jpg 297w, https:\/\/www.clean-air.cz\/wp-content\/uploads\/2020\/06\/adaptive-autopilot-50x52.jpg 50w, https:\/\/www.clean-air.cz\/wp-content\/uploads\/2020\/06\/adaptive-autopilot.jpg 526w\" sizes=\"(max-width: 297px) 100vw, 297px\" \/>[\/vc_column_text][\/vc_column][vc_column width=&#8221;1\/3&#8243;][vc_column_text]<strong><span style=\"font-size: 14pt; color: #be0300;\">ULTRA HD ADF QUALIT\u00c4T<\/span><\/strong><\/p>\n<p>Optrel ADF bieten in allen vier Klassifizierungen h\u00f6chsten Standard:<\/p>\n<table style=\"border-collapse: collapse; width: 101.423%; height: 88px;\">\n<tbody>\n<tr style=\"height: 22px;\">\n<td style=\"width: 57.7365%; height: 22px;\">Optische Qualit\u00e4t:<\/td>\n<td style=\"width: 130.871%; height: 22px; text-align: center;\">KLASSE 1<\/td>\n<\/tr>\n<tr style=\"height: 22px;\">\n<td style=\"width: 57.7365%; height: 22px;\">Lichtstreuung:<\/td>\n<td style=\"width: 130.871%; height: 22px; text-align: center;\">KLASSE 1<\/td>\n<\/tr>\n<tr style=\"height: 22px;\">\n<td style=\"width: 57.7365%; height: 22px;\">Homogenit\u00e4t:<\/td>\n<td style=\"width: 130.871%; height: 22px; text-align: center;\">KLASSE 1<\/td>\n<\/tr>\n<tr style=\"height: 22px;\">\n<td style=\"width: 57.7365%; height: 22px;\">Winkelabh\u00e4ngigkeit:<\/td>\n<td style=\"width: 130.871%; height: 22px; text-align: center;\">KLASSE 1<\/td>\n<\/tr>\n<\/tbody>\n<\/table>\n<p><img loading=\"lazy\" decoding=\"async\" class=\"size-medium wp-image-9503 aligncenter\" src=\"https:\/\/www.clean-air.cz\/wp-content\/uploads\/2020\/06\/ultra-hs-adf-quality-297x300.jpg\" alt=\"\" width=\"297\" height=\"300\" srcset=\"https:\/\/www.clean-air.cz\/wp-content\/uploads\/2020\/06\/ultra-hs-adf-quality-297x300.jpg 297w, https:\/\/www.clean-air.cz\/wp-content\/uploads\/2020\/06\/ultra-hs-adf-quality-50x52.jpg 50w, https:\/\/www.clean-air.cz\/wp-content\/uploads\/2020\/06\/ultra-hs-adf-quality.jpg 526w\" sizes=\"(max-width: 297px) 100vw, 297px\" \/>[\/vc_column_text][\/vc_column][vc_column width=&#8221;1\/3&#8243;][vc_column_text]<strong><span style=\"font-size: 14pt; color: #be0300;\">SENSOR-SCHIEBEREGLER<\/span><\/strong><\/p>\n<p>Der automatische Standardschwei\u00dffilter kann unbeabsichtigt auf Lichtbogen anderer Schwei\u00dfer in der N\u00e4he reagieren. Mit dem patentierten Sensor-Schieberegler kann der Sensorwinkel von 80\u00b0 auf 60\u00b0 reduziert werden. Dadurch werden Beeintr\u00e4chtigungen des ADF durch Schwei\u00dfvorg\u00e4nge in der Umgebung eines Schwei\u00dfers verhindert.<\/p>\n<p><img loading=\"lazy\" decoding=\"async\" class=\"size-medium wp-image-9483 aligncenter\" src=\"https:\/\/www.clean-air.cz\/wp-content\/uploads\/2020\/06\/sensor_slide-60_80-297x300.jpg\" alt=\"\" width=\"297\" height=\"300\" srcset=\"https:\/\/www.clean-air.cz\/wp-content\/uploads\/2020\/06\/sensor_slide-60_80-297x300.jpg 297w, https:\/\/www.clean-air.cz\/wp-content\/uploads\/2020\/06\/sensor_slide-60_80-50x52.jpg 50w, https:\/\/www.clean-air.cz\/wp-content\/uploads\/2020\/06\/sensor_slide-60_80.jpg 526w\" sizes=\"(max-width: 297px) 100vw, 297px\" \/>[\/vc_column_text][\/vc_column][\/vc_row][vc_row][vc_column width=&#8221;1\/3&#8243;][vc_column_text]<strong><span style=\"font-size: 14pt; color: #be0300;\">TRUE COLOUR VIEW<\/span><\/strong><\/p>\n<p>Dieser speziell entwickelt UV\/IR-Filter gew\u00e4hrleistet eine realistisch Farbwahrnehmung und bringt Farbe in die Arbeit des Schwei\u00dfers.<\/p>\n<p><img loading=\"lazy\" decoding=\"async\" class=\"size-medium wp-image-9488 aligncenter\" src=\"https:\/\/www.clean-air.cz\/wp-content\/uploads\/2020\/06\/true-colour-view-300x295.jpg\" alt=\"\" width=\"300\" height=\"295\" srcset=\"https:\/\/www.clean-air.cz\/wp-content\/uploads\/2020\/06\/true-colour-view-300x295.jpg 300w, https:\/\/www.clean-air.cz\/wp-content\/uploads\/2020\/06\/true-colour-view.jpg 636w\" sizes=\"(max-width: 300px) 100vw, 300px\" \/>[\/vc_column_text][\/vc_column][vc_column width=&#8221;1\/3&#8243;][vc_column_text]<strong><span style=\"font-size: 14pt; color: #be0300;\">EXTERNE EINSTELLUNG<\/span><\/strong><\/p>\n<p>Alle wichtigen Funktionen mit einem Fingertipp. T\u00f6nung, Schleifmodus und andere<br \/>\nFunktionen k\u00f6nnen w\u00e4hrend des Schwei\u00dfprozesses au\u00dfen am Helm eingestellt werden, ohne dass der Helm abgesetzt werden muss. An der linken Seite der Helmschale befindet sich die zentrale Steuerung, die mit der ADF verbunden ist. Der Schwei\u00dfer kann direkt darauf zugreifen.<\/p>\n<p><img loading=\"lazy\" decoding=\"async\" class=\"size-medium wp-image-9468 aligncenter\" src=\"https:\/\/www.clean-air.cz\/wp-content\/uploads\/2020\/06\/external-adjustment-300x138.jpg\" alt=\"\" width=\"300\" height=\"138\" srcset=\"https:\/\/www.clean-air.cz\/wp-content\/uploads\/2020\/06\/external-adjustment-300x138.jpg 300w, https:\/\/www.clean-air.cz\/wp-content\/uploads\/2020\/06\/external-adjustment.jpg 526w\" sizes=\"(max-width: 300px) 100vw, 300px\" \/>[\/vc_column_text][\/vc_column][vc_column width=&#8221;1\/3&#8243;][vc_column_text]<strong><span style=\"font-size: 14pt; color: #be0300;\">VORDERES SCHUTZGLAS<\/span><\/strong><\/p>\n<p>Das vordere Schutzglas mit integrierter Dichtung stellt eine perfekte Passform sicher.<\/p>\n<p><img loading=\"lazy\" decoding=\"async\" class=\"size-medium wp-image-9473 aligncenter\" src=\"https:\/\/www.clean-air.cz\/wp-content\/uploads\/2020\/06\/front-cover-lens-300x256.jpg\" alt=\"\" width=\"300\" height=\"256\" srcset=\"https:\/\/www.clean-air.cz\/wp-content\/uploads\/2020\/06\/front-cover-lens-300x256.jpg 300w, https:\/\/www.clean-air.cz\/wp-content\/uploads\/2020\/06\/front-cover-lens.jpg 352w\" sizes=\"(max-width: 300px) 100vw, 300px\" \/>[\/vc_column_text][\/vc_column][\/vc_row][vc_row][vc_column width=&#8221;1\/3&#8243;][vc_column_text]<strong><span style=\"font-size: 14pt; color: #be0300;\">VERGR\u00d6SSERUNGSGLAS<\/span><\/strong><\/p>\n<p>Einfache Befestigung am Helm, keine Halter erforderlich<\/p>\n<table style=\"border-collapse: collapse; width: 95.9077%; height: 87px;\">\n<tbody>\n<tr style=\"height: 22px;\">\n<td style=\"width: 57.1269%; height: 22px;\">Vergr\u00f6\u00dferungsglas, 1.0<\/td>\n<td style=\"width: 78.6097%; height: 22px; text-align: center;\">40.5000.050<\/td>\n<\/tr>\n<tr style=\"height: 22px;\">\n<td style=\"width: 57.1269%; height: 21px;\">Vergr\u00f6\u00dferungsglas, 1.5<\/td>\n<td style=\"width: 78.6097%; height: 21px; text-align: center;\">40.5000.051<\/td>\n<\/tr>\n<tr style=\"height: 22px;\">\n<td style=\"width: 57.1269%; height: 22px;\">Vergr\u00f6\u00dferungsglas, 2.0<\/td>\n<td style=\"width: 78.6097%; height: 22px; text-align: center;\">40.5000.052<\/td>\n<\/tr>\n<tr style=\"height: 22px;\">\n<td style=\"width: 57.1269%; height: 22px;\">Vergr\u00f6\u00dferungsglas, 2.5<\/td>\n<td style=\"width: 78.6097%; height: 22px; text-align: center;\">40.5000.053<\/td>\n<\/tr>\n<\/tbody>\n<\/table>\n<p><img loading=\"lazy\" decoding=\"async\" class=\"size-medium wp-image-9478 aligncenter\" src=\"https:\/\/www.clean-air.cz\/wp-content\/uploads\/2020\/06\/magnifying-lenses-300x187.jpg\" alt=\"\" width=\"300\" height=\"187\" srcset=\"https:\/\/www.clean-air.cz\/wp-content\/uploads\/2020\/06\/magnifying-lenses-300x187.jpg 300w, https:\/\/www.clean-air.cz\/wp-content\/uploads\/2020\/06\/magnifying-lenses.jpg 526w\" sizes=\"(max-width: 300px) 100vw, 300px\" \/>[\/vc_column_text][\/vc_column][\/vc_row][vc_row][vc_column][vc_tta_tabs style=&#8221;modern&#8221; shape=&#8221;square&#8221; active_section=&#8221;1&#8243; no_fill_content_area=&#8221;true&#8221; title=&#8221;Details&#8221;][vc_tta_section i_icon_fontawesome=&#8221;fa fa-industry&#8221; add_icon=&#8221;true&#8221; title=&#8221;Anwendungsbereiche&#8221; tab_id=&#8221;1513150336358-68add988-e9ea&#8221;][vc_column_text]<span style=\"color: #be0300;\"><strong>Anwendungsbereiche<\/strong><\/span><\/p>\n<p>F\u00fcr jedes elektrischen Lichtbogenschwei\u00dfverfahren geeignet. Elektrodenschwei\u00dfen (Stick Welding, SMAW), Metall-Schutzgas-Schwei\u00dfen (MIG\/MAG), Verfahren mit hohem Schmelzpunk\/F\u00fclldrahtschwei\u00dfen (GMAW) Wolframinerertgas-Schwei\u00dfen (TIG) und Plasma- und Autogen-Schwei\u00dfen\/Schleifen im Schleifmodus. Darf f\u00fcr Laser-Schwei\u00dfen nicht verwendet werden![\/vc_column_text][\/vc_tta_section][vc_tta_section i_icon_fontawesome=&#8221;fa fa-thumbs-o-up&#8221; add_icon=&#8221;true&#8221; title=&#8221;Merkmale und Vorteile&#8221; tab_id=&#8221;1513150336359-b7b65468-8021&#8243;][vc_column_text]<span style=\"color: #be0300;\"><strong>Merkmale und Vorteile<\/strong><\/span><\/p>\n<ul>\n<li>AUTOPILOT \u2013 vollautomatisierte Farbeinstellung (DIN 5-13)<\/li>\n<li>Manueller Modus mit erweitertem Farbbereich<br \/>\n5 bis 9 bei Autogen- und Plasmaschneiden<br \/>\n9 bis 13 bei Schwei\u00dfung<\/li>\n<li>Ultra HD Qualit\u00e4t mit Naturfarbensicht und Klassifizierung 1\/1\/1\/1<\/li>\n<li>TWILIGHT Dimmfunktion \u2013 graduelle Lichtanpassung sch\u00fctzt die Augen vor Erm\u00fcdung<\/li>\n<li>Vergr\u00f6\u00dfertes Sichtfeld 50 x 100 mm<\/li>\n<li>Schleifmodusfunktion<\/li>\n<li>Integriertes Luftverteilungssystem<\/li>\n<li>H\u00f6chster Atemschutzstandard TH3<\/li>\n<\/ul>\n<p>[\/vc_column_text][\/vc_tta_section][vc_tta_section i_icon_fontawesome=&#8221;fa fa-cog&#8221; add_icon=&#8221;true&#8221; title=&#8221;Kompletts\u00e4tze, Zubeh\u00f6r, Filter&#8221; tab_id=&#8221;1513153137048-5f8c31c5-30ea&#8221;][vc_column_text]<\/p>\n<table style=\"width: 70.08%; height: 166px;\">\n<tbody>\n<tr style=\"height: 24px;\">\n<td style=\"text-align: left; height: 24px; width: 87.0693%;\" colspan=\"2\"><span style=\"color: #be0300;\"><strong>Kompletts\u00e4tze<\/strong><\/span><\/td>\n<\/tr>\n<tr style=\"height: 24px;\">\n<td style=\"text-align: left; height: 24px; width: 85.12%;\">Schwei\u00dfhelm AerTEC\u2122\u00a0OptoMAX Air mit OptoMAX ADF und Luftverteilung, silber<\/td>\n<td style=\"text-align: center; height: 24px; width: 1.94932%;\">70.4441.600<\/td>\n<\/tr>\n<tr style=\"height: 24px;\">\n<td style=\"text-align: left; height: 24px; width: 85.12%;\">Schwei\u00dfhelm AerTEC\u2122\u00a0OptoMAX Air mit OptoMAX ADF und Luftverteilung, schwarz<\/td>\n<td style=\"text-align: center; height: 24px; width: 1.94932%;\">70.4441.601<\/td>\n<\/tr>\n<tr style=\"height: 24px;\">\n<td style=\"text-align: left; height: 24px; width: 85.12%;\">Schwei\u00dfhelm AerTEC\u2122\u00a0OptoMAX mit OptoMAX ADF ohne Luftverteilung, silber<\/td>\n<td style=\"text-align: center; height: 24px; width: 1.94932%;\">40.1006.500<\/td>\n<\/tr>\n<tr style=\"height: 22px;\">\n<td style=\"text-align: left; height: 22px; width: 85.12%;\">Schwei\u00dfhelm AerTEC\u2122\u00a0OptoMAX mit OptoMAX ADF ohne Luftverteilung, schwarz<\/td>\n<td style=\"text-align: center; height: 22px; width: 1.94932%;\">40.1006.501<\/td>\n<\/tr>\n<tr style=\"height: 24px;\">\n<td style=\"text-align: left; height: 24px; width: 85.12%;\">Ready 2 Weld set &#8211; CA AerGO&amp;OptoMAX in Tasche<\/td>\n<td style=\"text-align: center; height: 24px; width: 1.94932%;\">30.4441.601<\/td>\n<\/tr>\n<tr style=\"height: 24px;\">\n<td style=\"text-align: left; height: 24px; width: 85.12%;\">Ready 2 Weld set &#8211; CA BASIC&amp;OptoMAX in der Tasche<\/td>\n<td style=\"text-align: center; height: 24px; width: 1.94932%;\">81.4441.601<\/td>\n<\/tr>\n<\/tbody>\n<\/table>\n<table style=\"width: 69.9659%; height: 454px;\">\n<tbody>\n<tr style=\"height: 24px;\">\n<td style=\"text-align: left; height: 24px; width: 59.2537%;\" colspan=\"2\"><span style=\"color: #be0300;\"><strong>Ersatzteile, Zubeh\u00f6r<\/strong><\/span><\/td>\n<\/tr>\n<tr style=\"height: 24px;\">\n<td style=\"text-align: left; height: 24px; width: 54.3501%;\">Schwei\u00dfhelm AerTEC\u2122\u00b5OptoMAX Air einschlie\u00dflich OptoMAX ADF, mit Luftvertei-lung, schwarz<\/td>\n<td style=\"text-align: center; height: 24px; width: 4.90364%;\">70.4441.601<\/td>\n<\/tr>\n<tr style=\"height: 24px;\">\n<td style=\"text-align: left; height: 24px; width: 54.3501%;\">Schwei\u00dfhelm AerTEC\u2122\u00b5OptoMAX Air einschlie\u00dflich OptoMAX ADF, mit Luftvertei-lung, silber<\/td>\n<td style=\"text-align: center; height: 24px; width: 4.90364%;\">70.4441.600<\/td>\n<\/tr>\n<tr style=\"height: 24px;\">\n<td style=\"text-align: left; height: 24px; width: 54.3501%;\">Schwei\u00dfhelm AerTEC\u2122\u00b5OptoMAX einschlie\u00dflich OptoMAX ADF, ohne Luftverteilung, schwarz<\/td>\n<td style=\"text-align: center; height: 24px; width: 4.90364%;\">40.1006.501<\/td>\n<\/tr>\n<tr style=\"height: 22px;\">\n<td style=\"text-align: left; height: 22px; width: 54.3501%;\">Schwei\u00dfhelm AerTEC\u2122\u00b5OptoMAX einschlie\u00dflich OptoMAX ADF, ohne Luftverteilung, silber<\/td>\n<td style=\"text-align: center; height: 22px; width: 4.90364%;\">40.1006.500<\/td>\n<\/tr>\n<tr style=\"height: 24px;\">\n<td style=\"text-align: left; height: 24px; width: 54.3501%;\">Helmschale AerTEC\u2122 OptoMAX ohne ADF \u2013 schwarz<\/td>\n<td style=\"text-align: center; height: 24px; width: 4.90364%;\">40.5001.610<\/td>\n<\/tr>\n<tr style=\"height: 24px;\">\n<td style=\"text-align: left; height: 24px; width: 54.3501%;\">Helmschale AerTEC\u2122 OptoMAX ohne ADF \u2013 Silber<\/td>\n<td style=\"text-align: center; height: 24px; width: 4.90364%;\">40.5001.684<\/td>\n<\/tr>\n<tr style=\"height: 48px;\">\n<td style=\"text-align: left; width: 54.3501%; height: 48px;\">PAPR Helmschale AerTEC\u2122 OptoMAX ohne ADF \u2013 Silber<\/td>\n<td style=\"text-align: center; width: 4.90364%; height: 48px;\">70.4441.684<\/td>\n<\/tr>\n<tr style=\"height: 48px;\">\n<td style=\"text-align: left; width: 54.3501%; height: 48px;\">PAPR Helmschale AerTEC\u2122 OptoMAX ohne ADF \u2013 schwarz<\/td>\n<td style=\"text-align: center; width: 4.90364%; height: 48px;\">70.4241.007<\/td>\n<\/tr>\n<tr style=\"height: 24px;\">\n<td style=\"text-align: left; width: 54.3501%; height: 24px;\">Gesichtsabdichtung f\u00fcr AerTEC\u2122 OptoMAX<\/td>\n<td style=\"text-align: center; width: 4.90364%; height: 24px;\">40.4160.000<\/td>\n<\/tr>\n<tr style=\"height: 48px;\">\n<td style=\"text-align: left; width: 54.3501%; height: 48px;\">Glas Innenabdeckung AerTEC\u2122 OptoMAX (5 St\u00fcck Paket)<\/td>\n<td style=\"text-align: center; width: 4.90364%; height: 48px;\">40.5000.001<\/td>\n<\/tr>\n<tr style=\"height: 48px;\">\n<td style=\"text-align: left; width: 54.3501%; height: 48px;\">Glas Frontabdeckung AerTEC\u2122 OptoMAX (5 St\u00fcck Paket)<\/td>\n<td style=\"text-align: center; width: 4.90364%; height: 48px;\">40.5000.212<\/td>\n<\/tr>\n<tr style=\"height: 24px;\">\n<td style=\"text-align: left; width: 54.3501%; height: 24px;\">Vergr\u00f6\u00dferungsglas, +1,0 \u2013 OptoMAX<\/td>\n<td style=\"text-align: center; width: 4.90364%; height: 24px;\">40.5000.050<\/td>\n<\/tr>\n<tr style=\"height: 24px;\">\n<td style=\"text-align: left; width: 54.3501%; height: 24px;\">Vergr\u00f6\u00dferungsglas, +1,5 \u2013 OptoMAX<\/td>\n<td style=\"text-align: center; width: 4.90364%; height: 24px;\">40.5000.051<\/td>\n<\/tr>\n<tr style=\"height: 24px;\">\n<td style=\"text-align: left; width: 54.3501%; height: 24px;\">Vergr\u00f6\u00dferungsglas, +2,0 \u2013 OptoMAX<\/td>\n<td style=\"text-align: center; width: 4.90364%; height: 24px;\">40.5000.052<\/td>\n<\/tr>\n<tr>\n<td style=\"text-align: left; width: 54.3501%;\">Vergr\u00f6\u00dferungsglas, +2,5 \u2013 OptoMAX<\/td>\n<td style=\"text-align: center; width: 4.90364%;\">40.5000.053<\/td>\n<\/tr>\n<tr>\n<td style=\"text-align: left; width: 54.3501%;\">Komfortkopfband \u2013 schwarz, AerTEC\u2122 RangeMAX\/OptoMAX\/SeeMAX<\/td>\n<td style=\"text-align: center; width: 4.90364%;\">40.5003.250<\/td>\n<\/tr>\n<tr>\n<td style=\"text-align: left; width: 54.3501%;\">Schwei\u00dfband R\u00fcckseite f\u00fcr AerTEC\u2122 RangeMAX\/SeeMAX\/OptoMAX (2 St\u00fcck)<\/td>\n<td style=\"text-align: center; width: 4.90364%;\">40.5004.020<\/td>\n<\/tr>\n<tr>\n<td style=\"text-align: left; width: 54.3501%;\">Schwei\u00dfband Vorderseite f\u00fcr AerTEC\u2122 RangeMAX\/SeeMAX\/OptoMAX (2 St\u00fcck)<\/td>\n<td style=\"text-align: center; width: 4.90364%;\">40.5004.073<\/td>\n<\/tr>\n<tr>\n<td style=\"text-align: left; width: 54.3501%;\">Schwei\u00dffilter mit automatischer Verdunkelung AerTEC\u2122 OptoMAX (SN 4\/5-13<br \/>\nAutopilot)<\/td>\n<td style=\"text-align: center; width: 4.90364%;\">40.5012.480<\/td>\n<\/tr>\n<\/tbody>\n<\/table>\n<p>[\/vc_column_text][\/vc_tta_section][vc_tta_section i_icon_fontawesome=&#8221;fa fa-wrench&#8221; add_icon=&#8221;true&#8221; title=&#8221;Technische Daten&#8221; tab_id=&#8221;1513153797992-792040b0-82c9&#8243;][vc_column_text]<\/p>\n<table>\n<tbody>\n<tr>\n<td style=\"text-align: left;\" colspan=\"2\"><span style=\"color: #be0300;\"><strong>Technische Daten<\/strong><\/span><\/td>\n<\/tr>\n<tr>\n<td style=\"text-align: left;\">Gewicht<\/td>\n<td style=\"text-align: center;\">505 g (695 g mit Luftverteilung)<\/td>\n<\/tr>\n<tr>\n<td style=\"text-align: left;\">ADF Abmessung<\/td>\n<td style=\"text-align: center;\">110x90x7 mm<\/td>\n<\/tr>\n<tr>\n<td style=\"text-align: left;\">T\u00f6nung<\/td>\n<td style=\"text-align: center;\">DIN 5-13<br \/>\nT\u00f6nung im offenen Zustand DIN 4<\/td>\n<\/tr>\n<tr>\n<td style=\"text-align: left;\">Sichtfeld<\/td>\n<td style=\"text-align: center;\">50&#215;100 mm<\/td>\n<\/tr>\n<tr>\n<td style=\"text-align: left;\">Schlauchanschluss<\/td>\n<td style=\"text-align: center;\">QuickLOCK\u2122<\/td>\n<\/tr>\n<tr>\n<td style=\"text-align: left;\">Zertifizierung<\/td>\n<td style=\"text-align: center;\">EN 379 1\/1\/1\/1, EN 175 B, EN 12941 TH3, EN 14594 3B<\/td>\n<\/tr>\n<tr>\n<td style=\"text-align: left;\">Nennschutzfaktor (NPF)<\/td>\n<td style=\"text-align: center;\">500<\/td>\n<\/tr>\n<\/tbody>\n<\/table>\n<p>&nbsp;<br \/>\n[\/vc_column_text][\/vc_tta_section][vc_tta_section i_icon_fontawesome=&#8221;fa fa-download&#8221; add_icon=&#8221;true&#8221; title=&#8221;Downloads&#8221; tab_id=&#8221;1513154098935-95c74e4f-fa1e&#8221;][vc_column_text]<a href=\"https:\/\/www.clean-air.cz\/wp-content\/uploads\/2020\/01\/PS-704441600-1-R0-OptoMAX-air.pdf\" target=\"_blank\" rel=\"noopener noreferrer\">PS-704441600-1-R0 OptoMAX air<\/a><\/p>\n<p><a href=\"https:\/\/www.clean-air.cz\/wp-content\/uploads\/2020\/05\/CNA-092-R01-UM-AerTEC-OptoMAX_RangeMAX_SeeMAX-DIGI.pdf\" target=\"_blank\" rel=\"noopener noreferrer\">User manual &#8211; AerTEC OptoMAX_RangeMAX_SeeMAX<\/a><\/p>\n<p><a href=\"https:\/\/www.clean-air.cz\/wp-content\/uploads\/2020\/09\/DA-088_-_40-1006-501_-_OptoMAXwoairdistribution_-_EN.pdf\">DA-088_-_40-1006-501_-_OptoMAXwoairdistribution_-_EN<\/a>[\/vc_column_text][\/vc_tta_section][vc_tta_section i_icon_fontawesome=&#8221;fa fa-picture-o&#8221; add_icon=&#8221;true&#8221; title=&#8221;Galerie&#8221; tab_id=&#8221;1515415801460-0c2258c9-4574&#8243;][vc_gallery type=&#8221;image_grid&#8221; images=&#8221;7810,7819,7824&#8243; img_size=&#8221;medium&#8221; css_animation=&#8221;fadeIn&#8221; css=&#8221;.vc_custom_1574775642728{padding-left: 280px !important;}&#8221; el_class=&#8221;optomax_gallery&#8221;][\/vc_tta_section][\/vc_tta_tabs][\/vc_column][\/vc_row][vc_row][vc_column][vc_separator][\/vc_column][\/vc_row]<\/p>\n","protected":false},"excerpt":{"rendered":"<p>[vc_row][vc_column width=&#8221;1\/2&#8243;][vc_gallery interval=&#8221;3&#8243; images=&#8221;10498,10503,10508&#8243; img_size=&#8221;large&#8221;][\/vc_column][vc_column width=&#8221;1\/2&#8243;][vc_column_text]Perfekte Sicht beim Schwei\u00dfen dank marktf\u00fchrender ADF-Technologie von Optrel Vollautomatisierte Farbkorrektur f\u00fcr jeden Schwei\u00dfvorgang im Bereich von 5 bis 13. Naturfarbensicht im gesamten Schutzbereich und Ultra HD Qualit\u00e4t der Klassen 1\/1\/1\/1. Das integrierte Luftverteilersystem leitet die Luft direkt in die Atemzone.[\/vc_column_text][\/vc_column][\/vc_row][vc_row][vc_column width=&#8221;1\/3&#8243;][vc_column_text]ADAPTIVER AUTOPILOT Der adaptive Autopilot passt die T\u00f6nung beim Schwei\u00dfen automatisch an. Der zus\u00e4tzliche Helligkeitssensor erkennt \u00c4nderungen der Lichtbogenintensit\u00e4t sofort und passt die T\u00f6nung<\/p>\n<p><a class=\"more-link\" href=\"https:\/\/www.clean-air.cz\/de\/hauben\/schweishauben\/aertec-optomax\/\">Weiterlesen<\/a><\/p>\n","protected":false},"author":11,"featured_media":0,"parent":4250,"menu_order":0,"comment_status":"closed","ping_status":"closed","template":"","meta":{"footnotes":""},"_links":{"self":[{"href":"https:\/\/www.clean-air.cz\/de\/wp-json\/wp\/v2\/pages\/9014"}],"collection":[{"href":"https:\/\/www.clean-air.cz\/de\/wp-json\/wp\/v2\/pages"}],"about":[{"href":"https:\/\/www.clean-air.cz\/de\/wp-json\/wp\/v2\/types\/page"}],"author":[{"embeddable":true,"href":"https:\/\/www.clean-air.cz\/de\/wp-json\/wp\/v2\/users\/11"}],"replies":[{"embeddable":true,"href":"https:\/\/www.clean-air.cz\/de\/wp-json\/wp\/v2\/comments?post=9014"}],"version-history":[{"count":0,"href":"https:\/\/www.clean-air.cz\/de\/wp-json\/wp\/v2\/pages\/9014\/revisions"}],"up":[{"embeddable":true,"href":"https:\/\/www.clean-air.cz\/de\/wp-json\/wp\/v2\/pages\/4250"}],"wp:attachment":[{"href":"https:\/\/www.clean-air.cz\/de\/wp-json\/wp\/v2\/media?parent=9014"}],"curies":[{"name":"wp","href":"https:\/\/api.w.org\/{rel}","templated":true}]}}