{"id":8148,"date":"2019-12-06T09:31:05","date_gmt":"2019-12-06T08:31:05","guid":{"rendered":"https:\/\/www.clean-air.cz\/hauben\/schleifschirme\/aertec-seemax\/"},"modified":"2021-11-29T13:00:38","modified_gmt":"2021-11-29T12:00:38","slug":"aertec-seemax","status":"publish","type":"page","link":"https:\/\/www.clean-air.cz\/de\/hauben\/schleifschirme\/aertec-seemax\/","title":{"rendered":"AerTEC\u2122 SeeMAX"},"content":{"rendered":"<p>[vc_row][vc_column width=&#8221;1\/2&#8243;][vc_gallery interval=&#8221;3&#8243; images=&#8221;10668,10658,10663,10673&#8243; img_size=&#8221;large&#8221; el_class=&#8221;seemax_gallery&#8221;][\/vc_column][vc_column width=&#8221;1\/2&#8243;][vc_column_text]<strong><span style=\"font-size: 14pt; color: #be0300;\">Stets gute Sicht und perfekte Luftbedingungen, wenn das Gesicht gesch\u00fctzt werden muss.<\/span><\/strong><\/p>\n<p>Uneingeschr\u00e4nkte und klare Sicht am Arbeitsplatz, gefilterte reine Luft mit einstellbarer Luftverteilung machen SeeMAX zu einem einzigartiges Atemschutzsystem mit h\u00f6chstem Sicherheitsniveau. Die einfach austauschbaren DIN 5 Frontschutzgl\u00e4ser sind der perfekte Schutz beim effizienten Plasmaschneiden.[\/vc_column_text][\/vc_column][\/vc_row][vc_row][vc_column][vc_tta_tabs style=&#8221;modern&#8221; shape=&#8221;square&#8221; active_section=&#8221;1&#8243; no_fill_content_area=&#8221;true&#8221; title=&#8221;Details&#8221;][vc_tta_section i_icon_fontawesome=&#8221;fa fa-industry&#8221; add_icon=&#8221;true&#8221; title=&#8221;Anwendungsbereiche&#8221; tab_id=&#8221;1513150336358-68add988-e9ea&#8221;][vc_column_text]<span style=\"color: #be0300;\"><strong>Anwendungsbereiche<\/strong><\/span><\/p>\n<p>Schleifen, Automobilbranche, Schwermetallindustrie, Lackierung, Baugewerbe, chemische Industrie, Lebensmittelindustrie, allgemeine Industrie, industrielle Reinigung, Landwirtschaft.<br \/>\n[\/vc_column_text][\/vc_tta_section][vc_tta_section i_icon_fontawesome=&#8221;fa fa-thumbs-o-up&#8221; add_icon=&#8221;true&#8221; title=&#8221;Funktionen und vorteile&#8221; tab_id=&#8221;1513150336359-b7b65468-8021&#8243;][vc_column_text]<span style=\"color: #be0300;\"><strong>Funktionen und vorteile<br \/>\n<\/strong><\/span><\/p>\n<ul>\n<li>Leicht und bequem, mit minimalem Gewicht von 495 g und ergonomischer Passform setzt<br \/>\nSeeMAX neue Ma\u00dfst\u00e4be beim Komfort.<\/li>\n<li>Das breite Visier sorgt f\u00fcr uneingeschr\u00e4nkte Sicht am Arbeitsplatz.<\/li>\n<li>Mit dem Drehknopf kann nicht nur die Luftverteilung reguliert, sondern auch 20 % K\u00fchlluft zur Stirn geleitet werden.<\/li>\n<li>Die einfach austauschbaren DIN 5 Frontschutzgl\u00e4ser sind der perfekte Schutz beim effizienten Plasmaschneiden.<\/li>\n<\/ul>\n<p>[\/vc_column_text][\/vc_tta_section][vc_tta_section i_icon_fontawesome=&#8221;fa fa-cog&#8221; add_icon=&#8221;true&#8221; title=&#8221;Kompletts\u00e4tze, Zubeh\u00f6r, Filter&#8221; tab_id=&#8221;1513153137048-5f8c31c5-30ea&#8221;][vc_column_text]<\/p>\n<table style=\"width: 585px;\">\n<tbody>\n<tr>\n<td style=\"text-align: left; width: 585px;\" colspan=\"2\"><span style=\"color: #be0300;\"><strong>Kompletts\u00e4tze<\/strong><\/span><\/td>\n<\/tr>\n<tr>\n<td style=\"text-align: left; width: 491px;\">Schleifschirm AerTEC\u2122 SeeMAX mit Kopfbedeckung und Luftverteilung<\/td>\n<td style=\"text-align: center; width: 94px;\">70.4900.020<\/td>\n<\/tr>\n<tr>\n<td style=\"text-align: left; width: 491px;\">Arbeitsset Ready 2 \u2013 CA BASIC SeeMAX in Tasche<\/td>\n<td style=\"text-align: center; width: 94px;\">81.4900.020<\/td>\n<\/tr>\n<\/tbody>\n<\/table>\n<table style=\"width: 100%; height: 240px;\">\n<tbody>\n<tr style=\"height: 24px;\">\n<td style=\"width: 99.8294%; height: 24px;\" colspan=\"2\"><strong><span style=\"color: #be0300;\">Ersatzteile, Zuberh\u00f6r<\/span><\/strong><\/td>\n<\/tr>\n<tr style=\"height: 24px;\">\n<td style=\"width: 82.9352%; height: 24px;\">AerTEC\u2122 SeeMAX Schleifschirm AerTEC\u2122\u00b5SeeMAX Air einschlie\u00dflich Luftverteilung<\/td>\n<td style=\"width: 16.8942%; height: 24px;\">\u00a070.4900.020<\/td>\n<\/tr>\n<tr style=\"height: 24px;\">\n<td style=\"text-align: left; height: 24px; width: 82.9352%;\">Gesichtsabdichtung f\u00fcr AerTEC\u2122 SeeMAX<\/td>\n<td style=\"text-align: center; height: 24px; width: 16.8942%;\"><span style=\"color: #444444;\"><span style=\"font-size: 14px;\">40.4156.010<\/span><\/span><\/td>\n<\/tr>\n<tr style=\"height: 24px;\">\n<td style=\"text-align: left; height: 24px; width: 82.9352%;\">Abziehfolie AerTEC\u2122 SeeMAX (10 St\u00fcck Paket)<\/td>\n<td style=\"text-align: center; height: 24px; width: 16.8942%;\"><span style=\"color: #444444;\"><span style=\"font-size: 14px;\">40.5000.039<\/span><\/span><\/td>\n<\/tr>\n<tr style=\"height: 24px;\">\n<td style=\"text-align: left; height: 24px; width: 82.9352%;\">Polycarbonat-Schleifvisier<\/td>\n<td style=\"text-align: center; height: 24px; width: 16.8942%;\"><span style=\"color: #444444;\"><span style=\"font-size: 14px;\">40.5000.038<\/span><\/span><\/td>\n<\/tr>\n<tr style=\"height: 24px;\">\n<td style=\"text-align: left; height: 24px; width: 82.9352%;\">Ersatzvisier (DIN 5) AerTEC\u2122 SeeMAX 2 St\u00fcck<\/td>\n<td style=\"text-align: center; height: 24px; width: 16.8942%;\"><span style=\"color: #444444;\"><span style=\"font-size: 14px;\">40.5000.048<\/span><\/span><\/td>\n<\/tr>\n<tr style=\"height: 24px;\">\n<td style=\"text-align: left; height: 24px; width: 82.9352%;\">Ersatzvisier (DIN 3) AerTEC\u2122 SeeMAX 2 St\u00fcck<\/td>\n<td style=\"text-align: center; height: 24px; width: 16.8942%;\"><span style=\"color: #444444;\"><span style=\"font-size: 14px;\">40.5000.049<\/span><\/span><\/td>\n<\/tr>\n<tr style=\"height: 24px;\">\n<td style=\"text-align: left; height: 24px; width: 82.9352%;\">Komfortkopfband \u2013 schwarz, AerTEC\u2122 RangeMAX\/OptoMAX\/SeeMAX<\/td>\n<td style=\"text-align: center; height: 24px; width: 16.8942%;\"><span style=\"color: #444444;\"><span style=\"font-size: 14px;\">40.5003.250<\/span><\/span><\/td>\n<\/tr>\n<tr style=\"height: 24px;\">\n<td style=\"text-align: left; height: 24px; width: 82.9352%;\">Schwei\u00dfband Vorderseite f\u00fcr AerTEC\u2122 RangeMAX\/SeeMAX\/OptoMAX (2 St\u00fcck)<\/td>\n<td style=\"text-align: center; height: 24px; width: 16.8942%;\"><span style=\"color: #444444;\"><span style=\"font-size: 14px;\">40.5004.073<\/span><\/span><\/td>\n<\/tr>\n<tr style=\"height: 24px;\">\n<td style=\"text-align: left; height: 24px; width: 82.9352%;\">Schwei\u00dfband R\u00fcckseite f\u00fcr AerTEC\u2122 RangeMAX\/SeeMAX\/OptoMAX (2 St\u00fcck)<\/td>\n<td style=\"text-align: center; height: 24px; width: 16.8942%;\"><span style=\"color: #444444;\"><span style=\"font-size: 14px;\">40.5004.020<\/span><\/span><\/td>\n<\/tr>\n<\/tbody>\n<\/table>\n<p>[\/vc_column_text][\/vc_tta_section][vc_tta_section i_icon_fontawesome=&#8221;fa fa-wrench&#8221; add_icon=&#8221;true&#8221; title=&#8221;Technische daten&#8221; tab_id=&#8221;1513153797992-792040b0-82c9&#8243;][vc_column_text]<\/p>\n<table>\n<tbody>\n<tr>\n<td style=\"text-align: left;\">Gewicht<\/td>\n<td style=\"text-align: center;\">495 g<\/td>\n<\/tr>\n<tr>\n<td style=\"text-align: left;\">Schlauchanschluss<\/td>\n<td style=\"text-align: center;\">QuickLOCK\u2122<\/td>\n<\/tr>\n<tr>\n<td style=\"text-align: left;\">Visier<\/td>\n<td style=\"text-align: center;\">klar, T\u00f6nung 3, T\u00f6nung 5<\/td>\n<\/tr>\n<tr>\n<td style=\"text-align: left;\">Zertifizierung<\/td>\n<td style=\"text-align: center;\">EN 166, EN 175 B,<br \/>\nEN 12941 TH3, EN 14594 3B<\/td>\n<\/tr>\n<tr>\n<td style=\"text-align: left;\">Nennschutzfaktor (NPF)<\/td>\n<td style=\"text-align: center;\">500<\/td>\n<\/tr>\n<\/tbody>\n<\/table>\n<p>[\/vc_column_text][\/vc_tta_section][vc_tta_section i_icon_fontawesome=&#8221;fa fa-download&#8221; add_icon=&#8221;true&#8221; title=&#8221;Downloads&#8221; tab_id=&#8221;1513154098935-95c74e4f-fa1e&#8221;][vc_column_text]<a href=\"https:\/\/www.clean-air.cz\/wp-content\/uploads\/2020\/01\/PS-704900020-1-R0-SeemMAX-air.pdf\" target=\"_blank\" rel=\"noopener noreferrer\">PS-704900020-1-R0 SeemMAX air<\/a><\/p>\n<p><a href=\"https:\/\/www.clean-air.cz\/wp-content\/uploads\/2020\/09\/DA-089_-_70-4900-020_-_SeeMAX_-_EN.pdf\">DA-089_-_70-4900-020_-_SeeMAX_-_EN<\/a><\/p>\n<p><a href=\"https:\/\/www.clean-air.cz\/wp-content\/uploads\/2020\/05\/CNA-092-R01-UM-AerTEC-OptoMAX_RangeMAX_SeeMAX-DIGI.pdf\" target=\"_blank\" rel=\"noopener\">User manual \u2013 AerTEC OptoMAX_RangeMAX_SeeMAX<\/a>[\/vc_column_text][\/vc_tta_section][vc_tta_section i_icon_fontawesome=&#8221;fa fa-picture-o&#8221; add_icon=&#8221;true&#8221; title=&#8221;Galerie&#8221; tab_id=&#8221;1515415801460-0c2258c9-4574&#8243;][vc_gallery type=&#8221;image_grid&#8221; images=&#8221;8126,8138,8143&#8243; img_size=&#8221;medium&#8221; css_animation=&#8221;fadeIn&#8221; css=&#8221;.vc_custom_1575621055714{padding-left: 280px !important;}&#8221; el_class=&#8221;ca-3_gallery&#8221;][\/vc_tta_section][\/vc_tta_tabs][\/vc_column][\/vc_row]<\/p>\n","protected":false},"excerpt":{"rendered":"<p>[vc_row][vc_column width=&#8221;1\/2&#8243;][vc_gallery interval=&#8221;3&#8243; images=&#8221;10668,10658,10663,10673&#8243; img_size=&#8221;large&#8221; el_class=&#8221;seemax_gallery&#8221;][\/vc_column][vc_column width=&#8221;1\/2&#8243;][vc_column_text]Stets gute Sicht und perfekte Luftbedingungen, wenn das Gesicht gesch\u00fctzt werden muss. Uneingeschr\u00e4nkte und klare Sicht am Arbeitsplatz, gefilterte reine Luft mit einstellbarer Luftverteilung machen SeeMAX zu einem einzigartiges Atemschutzsystem mit h\u00f6chstem Sicherheitsniveau. Die einfach austauschbaren DIN 5 Frontschutzgl\u00e4ser sind der perfekte Schutz beim effizienten Plasmaschneiden.[\/vc_column_text][\/vc_column][\/vc_row][vc_row][vc_column][vc_tta_tabs style=&#8221;modern&#8221; shape=&#8221;square&#8221; active_section=&#8221;1&#8243; no_fill_content_area=&#8221;true&#8221; title=&#8221;Details&#8221;][vc_tta_section i_icon_fontawesome=&#8221;fa fa-industry&#8221; add_icon=&#8221;true&#8221; title=&#8221;Anwendungsbereiche&#8221; tab_id=&#8221;1513150336358-68add988-e9ea&#8221;][vc_column_text]Anwendungsbereiche Schleifen, Automobilbranche, Schwermetallindustrie, Lackierung, Baugewerbe, chemische Industrie, Lebensmittelindustrie,<\/p>\n<p><a class=\"more-link\" href=\"https:\/\/www.clean-air.cz\/de\/hauben\/schleifschirme\/aertec-seemax\/\">Weiterlesen<\/a><\/p>\n","protected":false},"author":11,"featured_media":0,"parent":6561,"menu_order":0,"comment_status":"closed","ping_status":"closed","template":"","meta":{"footnotes":""},"_links":{"self":[{"href":"https:\/\/www.clean-air.cz\/de\/wp-json\/wp\/v2\/pages\/8148"}],"collection":[{"href":"https:\/\/www.clean-air.cz\/de\/wp-json\/wp\/v2\/pages"}],"about":[{"href":"https:\/\/www.clean-air.cz\/de\/wp-json\/wp\/v2\/types\/page"}],"author":[{"embeddable":true,"href":"https:\/\/www.clean-air.cz\/de\/wp-json\/wp\/v2\/users\/11"}],"replies":[{"embeddable":true,"href":"https:\/\/www.clean-air.cz\/de\/wp-json\/wp\/v2\/comments?post=8148"}],"version-history":[{"count":0,"href":"https:\/\/www.clean-air.cz\/de\/wp-json\/wp\/v2\/pages\/8148\/revisions"}],"up":[{"embeddable":true,"href":"https:\/\/www.clean-air.cz\/de\/wp-json\/wp\/v2\/pages\/6561"}],"wp:attachment":[{"href":"https:\/\/www.clean-air.cz\/de\/wp-json\/wp\/v2\/media?parent=8148"}],"curies":[{"name":"wp","href":"https:\/\/api.w.org\/{rel}","templated":true}]}}