{"id":7794,"date":"2019-11-19T13:24:57","date_gmt":"2019-11-19T12:24:57","guid":{"rendered":"https:\/\/www.clean-air.cz\/systeme-fur-den-personlichen-atemschutz\/cleanair-chemical-2f-ex\/"},"modified":"2026-03-12T15:08:33","modified_gmt":"2026-03-12T14:08:33","slug":"cleanair-chemical-2f-ex","status":"publish","type":"page","link":"https:\/\/www.clean-air.cz\/de\/systeme-fur-den-personlichen-atemschutz\/cleanair-chemical-2f-ex\/","title":{"rendered":"CleanAIR\u00ae Chemical 2F EX"},"content":{"rendered":"<p>[vc_row][vc_column width=&#8221;1\/2&#8243;][vc_gallery interval=&#8221;0&#8243; images=&#8221;11127,11117,11122,11132,11137&#8243; img_size=&#8221;large&#8221;][\/vc_column][vc_column width=&#8221;1\/2&#8243;][vc_column_text]<strong><span style=\"font-size: 14pt; color: #be0300;\"><sup>Der vielseitigste und robusteste Atemschutz der neuen ATEX-Ausf\u00fchrung kann in potenziell explosiven Atmosph\u00e4ren eingesetzt werden.<\/sup><\/span><\/strong><\/p>\n<p>Das kompakte und leichte Atemschutzger\u00e4t Chemical 2F ist au\u00dfergew\u00f6hnlich robust, chemikalienfest und erf\u00fcllt die Anforderungen einer hohen Schutzklasse. Das durchdachte Design mit glatter Oberfl\u00e4che kann einfach durch Duschen oder sogar vollst\u00e4ndiges Untertauchen dekontaminiert werden. Das einzigartige automatische Verschlusssystem verhindert unbeabsichtigte Kontamination, wenn die Filter ausgetauscht werden. Die intelligente Luftstromregelung sorgt f\u00fcr einen konstanten Luftstrom, auch wenn die Filter verstopft sind oder der Akkuladestand niedrig ist. Akustische und optische Alarme warnen, wenn der Akku bzw. ein Filter ersetzt werden m\u00fcssen. Der Luftstrom kann individuell zwischen 120 l\/min und 235 l\/min eingestellt werden.[\/vc_column_text][\/vc_column][\/vc_row][vc_row][vc_column][vc_tta_tabs style=&#8221;modern&#8221; shape=&#8221;square&#8221; active_section=&#8221;1&#8243; no_fill_content_area=&#8221;true&#8221; title=&#8221;Details&#8221;][vc_tta_section i_icon_fontawesome=&#8221;fa fa-industry&#8221; add_icon=&#8221;true&#8221; title=&#8221;Areas of application&#8221; tab_id=&#8221;1513150336358-68add988-e9ea&#8221;][vc_column_text]<span style=\"color: #be0300;\"><strong>ANWENDUNGSBEREICHE<\/strong><\/span><\/p>\n<ul>\n<li>Potenziell explosive Atmosph\u00e4ren, zugelassen f\u00fcr Zone 2<\/li>\n<li>Stark belastete Umgebungen wie in der chemischen und pharmazeutischen Industrie<\/li>\n<li>Sanierungsarbeiten, Labore<\/li>\n<li>Erste Hilfe und Notfallteams<\/li>\n<li>Schutz vor biologischen Gefahrstoffen<\/li>\n<\/ul>\n<p>[\/vc_column_text][\/vc_tta_section][vc_tta_section i_icon_fontawesome=&#8221;fa fa-thumbs-o-up&#8221; add_icon=&#8221;true&#8221; title=&#8221;Features and Benefits&#8221; tab_id=&#8221;1513150336359-b7b65468-8021&#8243;][vc_column_text]<span style=\"color: #be0300;\"><strong>FUNKTIONEN UND VORTEILE<\/strong><\/span><\/p>\n<p>\u2022 Kompaktes, leichtes Design<br \/>\n\u2022 Speziell f\u00fcr den Einsatz in potenziell explosiven Atmosph\u00e4ren, zugelassen f\u00fcr Zone 2<br \/>\n\u2022 F\u00fcr den Einsatz mit einer Haube, Maske oder einem bel\u00fcfteten Schutzanzug<br \/>\n\u2022 Hohe mechanische Festigkeit und Chemikalienbest\u00e4ndigkeit<br \/>\n\u2022 Hohe Schutzklasse erm\u00f6glicht Dekontaminierung durch Duschen oder vollst\u00e4ndiges Untertauchen (IP64\/IP65\/IP68)<br \/>\n\u2022 Das Vollfarbdisplay zeigt gut lesbar alle relevanten Informationen an wie Filterverstopfung, Akkuladestand und Luftstrom.<br \/>\n\u2022 Die Luftstromregelung erh\u00e4lt einen konstanten Luftstrom unabh\u00e4ngig vom Verstopfungsgrad oder Akkuladestand.<br \/>\n\u2022 Kurze Akkuladezeiten von weniger als drei Stunden<br \/>\n\u2022 Akustischer und optischer Alarm (audiovisuell)<br \/>\n\u2022 Mehrsprachige Benutzeroberfl\u00e4che<br \/>\n[\/vc_column_text][\/vc_tta_section][vc_tta_section i_icon_fontawesome=&#8221;fa fa-cog&#8221; add_icon=&#8221;true&#8221; title=&#8221;Komplettsets, Zubeh\u00f6r, Filter&#8221; tab_id=&#8221;1513153137048-5f8c31c5-30ea&#8221;][vc_column_text]<\/p>\n<table style=\"width: 100%; height: 576px;\">\n<tbody>\n<tr style=\"height: 24px;\">\n<td style=\"text-align: left; width: 99.84%; height: 24px;\" colspan=\"2\"><span style=\"color: #be0300;\"><strong>Complete sets<\/strong><\/span><\/td>\n<\/tr>\n<tr style=\"height: 24px;\">\n<td style=\"text-align: left; width: 82.88%; height: 24px;\">CleanAIR\u00ae Chemical 2F Ex &#8211; incl. flexi hose QuickLOCK\u2122, comfort belt Ex, UK charger<\/td>\n<td style=\"text-align: center; width: 16.96%; height: 24px;\">51 E0 00FCU<\/td>\n<\/tr>\n<tr style=\"height: 48px;\">\n<td style=\"text-align: left; width: 82.88%; height: 48px;\">CleanAIR\u00ae Chemical 2F Ex \u2013 incl. PVC belt, Li-Ion battery, charger, light flexi hose QuickLOCK\u2122, flow indicator<\/td>\n<td style=\"text-align: center; width: 16.96%; height: 48px;\">51 E0 00FD<\/td>\n<\/tr>\n<tr style=\"height: 24px;\">\n<td style=\"text-align: left; width: 82.88%; height: 24px;\">Short hood CA-1, orange<\/td>\n<td style=\"text-align: center; width: 16.96%; height: 24px;\">72 01 02<\/td>\n<\/tr>\n<tr style=\"height: 24px;\">\n<td style=\"text-align: left; width: 82.88%; height: 24px;\">Short hood CA-1, blue<\/td>\n<td style=\"text-align: center; width: 16.96%; height: 24px;\">72 01 02B<\/td>\n<\/tr>\n<tr style=\"height: 24px;\">\n<td style=\"text-align: left; width: 82.88%; height: 24px;\">Long hood CA-2, orange<\/td>\n<td style=\"text-align: center; width: 16.96%; height: 24px;\">72 02 02<\/td>\n<\/tr>\n<tr style=\"height: 24px;\">\n<td style=\"text-align: left; width: 82.88%; height: 24px;\">Long hood CA-2, blue<\/td>\n<td style=\"text-align: center; width: 16.96%; height: 24px;\">72 02 02B<\/td>\n<\/tr>\n<tr style=\"height: 24px;\">\n<td style=\"text-align: left; width: 82.88%; height: 24px;\">Long protective hood CA-10, chemically resistant<\/td>\n<td style=\"text-align: center; width: 16.96%; height: 24px;\">72 10 02<\/td>\n<\/tr>\n<tr style=\"height: 24px;\">\n<td style=\"text-align: left; width: 82.88%; height: 24px;\">Protective face shield UniMask, grey<\/td>\n<td style=\"text-align: center; width: 16.96%; height: 24px;\">72 03 00.01<\/td>\n<\/tr>\n<tr style=\"height: 24px;\">\n<td style=\"text-align: left; width: 99.84%; height: 24px;\" colspan=\"2\"><span style=\"color: #be0300;\"><strong>Spare parts, accessories<\/strong><\/span><\/td>\n<\/tr>\n<tr style=\"height: 24px;\">\n<td style=\"text-align: left; width: 82.88%; height: 24px;\">Standard battery, Li-Ion (14,4 V \/ 2,6 Ah)<\/td>\n<td style=\"text-align: center; width: 16.96%; height: 24px;\">51 00 10<\/td>\n<\/tr>\n<tr style=\"height: 24px;\">\n<td style=\"text-align: left; width: 82.88%; height: 24px;\">Power adaptor 230 V for the main socket<\/td>\n<td style=\"text-align: center; width: 16.96%; height: 24px;\">51 00 15.1<\/td>\n<\/tr>\n<tr style=\"height: 24px;\">\n<td style=\"text-align: left; width: 82.88%; height: 24px;\">Power adaptor 12 &#8211; 24 V &#8211; car power socket<\/td>\n<td style=\"text-align: center; width: 16.96%; height: 24px;\">51 00 15.2<\/td>\n<\/tr>\n<tr style=\"height: 24px;\">\n<td style=\"text-align: left; width: 82.88%; height: 24px;\">Charger Li-Ion 14,4 V &#8211; EURO plug<\/td>\n<td style=\"text-align: center; width: 16.96%; height: 24px;\">51 00 30EUR<\/td>\n<\/tr>\n<tr style=\"height: 24px;\">\n<td style=\"text-align: left; width: 82.88%; height: 24px;\">Charger Li-Ion 14,4 V &#8211; UK plug<\/td>\n<td style=\"text-align: center; width: 16.96%; height: 24px;\">51 00 30UK<\/td>\n<\/tr>\n<tr style=\"height: 24px;\">\n<td style=\"text-align: left; width: 82.88%; height: 24px;\">Battery charger AUS plug<\/td>\n<td style=\"text-align: center; width: 16.96%; height: 24px;\">51 00 30AUS<\/td>\n<\/tr>\n<tr style=\"height: 24px;\">\n<td style=\"text-align: left; width: 82.88%; height: 24px;\">Set of decontamination plugs &#8211; 2F<\/td>\n<td style=\"text-align: center; width: 16.96%; height: 24px;\">51 00 46<\/td>\n<\/tr>\n<tr style=\"height: 24px;\">\n<td style=\"text-align: left; width: 82.88%; height: 24px;\">Light flexi hose QuickLOCK\u2122 &#8211; CA40x1\/7\u201d<\/td>\n<td style=\"text-align: center; width: 16.96%; height: 24px;\">71 00 60<\/td>\n<\/tr>\n<tr style=\"height: 24px;\">\n<td style=\"text-align: left; width: 82.88%; height: 24px;\">Rubber hose QuickLOCK\u2122 &#8211; CA40x1\/7\u201d<\/td>\n<td style=\"text-align: center; width: 16.96%; height: 24px;\">71 00 86<\/td>\n<\/tr>\n<tr style=\"height: 24px;\">\n<td style=\"text-align: left; width: 99.84%; height: 24px;\" colspan=\"2\"><span style=\"color: #be0300;\"><strong>CleanAIR\u00ae Chemical 2F Ex &#8211; compatible filters<\/strong><\/span><\/td>\n<\/tr>\n<tr style=\"height: 24px;\">\n<td style=\"text-align: left; width: 99.84%; height: 24px;\" colspan=\"2\">Compatible with all the CleanAIR\u00ae particle and combined filters with RD40\u00d71\/7\u201c thread<\/td>\n<\/tr>\n<\/tbody>\n<\/table>\n<p>[\/vc_column_text][\/vc_tta_section][vc_tta_section i_icon_fontawesome=&#8221;fa fa-wrench&#8221; add_icon=&#8221;true&#8221; title=&#8221;Technische daten&#8221; tab_id=&#8221;1513153797992-792040b0-82c9&#8243;][vc_column_text]<\/p>\n<table>\n<tbody>\n<tr>\n<td style=\"text-align: left;\">Gewicht<\/td>\n<td style=\"text-align: center;\">960 g (mit Akku)<\/td>\n<\/tr>\n<tr>\n<td style=\"text-align: left;\">Abmessung<\/td>\n<td style=\"text-align: center;\">240 mm \/ 110 mm \/ 120 mm<\/td>\n<\/tr>\n<tr>\n<td style=\"text-align: left;\">Luftstrom<\/td>\n<td style=\"text-align: center;\">anpassbar 120 bis 235 l\/min<\/td>\n<\/tr>\n<tr>\n<td style=\"text-align: left;\">Alarm<\/td>\n<td style=\"text-align: center;\">akustisch und optisch<\/td>\n<\/tr>\n<tr>\n<td style=\"text-align: left;\">Betrieb*\/Ladezeit<\/td>\n<td style=\"text-align: center;\">&lt; 10 \/ &lt; 3 h<\/td>\n<\/tr>\n<tr>\n<td style=\"text-align: left;\">Akku<\/td>\n<td style=\"text-align: center;\">Lithium-Ionen-Akku 14,4 V\/2,6 Ah (Standard)<\/td>\n<\/tr>\n<tr>\n<td style=\"text-align: left;\">Schlauchanschluss<\/td>\n<td style=\"text-align: center;\">CA40x1\/7\u201c<\/td>\n<\/tr>\n<tr>\n<td style=\"text-align: left;\">Zertifizierung<\/td>\n<td style=\"text-align: center;\">EN 12941 TH3<br \/>\nEN 12942 TM3<\/td>\n<\/tr>\n<tr>\n<td style=\"text-align: left;\">Schutzklasse<\/td>\n<td style=\"text-align: center;\">IP64 \/ IP65 \/ IP68<\/td>\n<\/tr>\n<tr>\n<td style=\"text-align: left;\">ATEX-Einstufung<\/td>\n<td style=\"text-align: center;\">II 3 G IIB T4 Gc<br \/>\nII 3 D IIIC 135\u00b0C Dc<\/td>\n<\/tr>\n<tr>\n<td style=\"text-align: left;\" colspan=\"2\">* Bei 160 l\/min mit neuen P R SL Filtern und voll aufgeladenen Akkus.<\/td>\n<\/tr>\n<\/tbody>\n<\/table>\n<p>[\/vc_column_text][\/vc_tta_section][vc_tta_section i_icon_fontawesome=&#8221;fa fa-download&#8221; add_icon=&#8221;true&#8221; title=&#8221;Downloads&#8221; tab_id=&#8221;1513154098935-95c74e4f-fa1e&#8221;][vc_column_text]<a href=\"https:\/\/www.clean-air.cz\/wp-content\/uploads\/2025\/06\/GR-CNA051-R10-Navod-2F-DIGI.pdf\">Chemical 2F &#8211; user manual<\/a><\/p>\n<p><a href=\"https:\/\/www.clean-air.cz\/wp-content\/uploads\/2025\/07\/PS-51E000-1-R4-Chemical-2F-EX.pdf\">Declaration of confornity &#8211; Chemical 2F EX<\/a><\/p>\n<p><a href=\"https:\/\/www.clean-air.cz\/wp-content\/uploads\/2026\/03\/DA-079_-_51E000_-_Chemical_2F_Ex_-_EN.pdf\">DA-079_-_51E000_-_Chemical_2F_Ex_-_EN<\/a>[\/vc_column_text][\/vc_tta_section][vc_tta_section i_icon_fontawesome=&#8221;fa fa-picture-o&#8221; add_icon=&#8221;true&#8221; title=&#8221;Gallery&#8221; tab_id=&#8221;1515415801460-0c2258c9-4574&#8243;][vc_gallery type=&#8221;image_grid&#8221; images=&#8221;7478,7508,7493,7498,7503,7513&#8243; img_size=&#8221;medium&#8221; css_animation=&#8221;fadeIn&#8221; css=&#8221;.vc_custom_1574166270960{padding-left: 280px !important;}&#8221;][\/vc_tta_section][\/vc_tta_tabs][\/vc_column][\/vc_row]<\/p>\n","protected":false},"excerpt":{"rendered":"<p>[vc_row][vc_column width=&#8221;1\/2&#8243;][vc_gallery interval=&#8221;0&#8243; images=&#8221;11127,11117,11122,11132,11137&#8243; img_size=&#8221;large&#8221;][\/vc_column][vc_column width=&#8221;1\/2&#8243;][vc_column_text]Der vielseitigste und robusteste Atemschutz der neuen ATEX-Ausf\u00fchrung kann in potenziell explosiven Atmosph\u00e4ren eingesetzt werden. Das kompakte und leichte Atemschutzger\u00e4t Chemical 2F ist au\u00dfergew\u00f6hnlich robust, chemikalienfest und erf\u00fcllt die Anforderungen einer hohen Schutzklasse. Das durchdachte Design mit glatter Oberfl\u00e4che kann einfach durch Duschen oder sogar vollst\u00e4ndiges Untertauchen dekontaminiert werden. Das einzigartige automatische Verschlusssystem verhindert unbeabsichtigte Kontamination, wenn die Filter ausgetauscht werden. Die intelligente Luftstromregelung sorgt<\/p>\n<p><a class=\"more-link\" href=\"https:\/\/www.clean-air.cz\/de\/systeme-fur-den-personlichen-atemschutz\/cleanair-chemical-2f-ex\/\">Weiterlesen<\/a><\/p>\n","protected":false},"author":11,"featured_media":0,"parent":3849,"menu_order":0,"comment_status":"closed","ping_status":"closed","template":"","meta":{"footnotes":""},"_links":{"self":[{"href":"https:\/\/www.clean-air.cz\/de\/wp-json\/wp\/v2\/pages\/7794"}],"collection":[{"href":"https:\/\/www.clean-air.cz\/de\/wp-json\/wp\/v2\/pages"}],"about":[{"href":"https:\/\/www.clean-air.cz\/de\/wp-json\/wp\/v2\/types\/page"}],"author":[{"embeddable":true,"href":"https:\/\/www.clean-air.cz\/de\/wp-json\/wp\/v2\/users\/11"}],"replies":[{"embeddable":true,"href":"https:\/\/www.clean-air.cz\/de\/wp-json\/wp\/v2\/comments?post=7794"}],"version-history":[{"count":0,"href":"https:\/\/www.clean-air.cz\/de\/wp-json\/wp\/v2\/pages\/7794\/revisions"}],"up":[{"embeddable":true,"href":"https:\/\/www.clean-air.cz\/de\/wp-json\/wp\/v2\/pages\/3849"}],"wp:attachment":[{"href":"https:\/\/www.clean-air.cz\/de\/wp-json\/wp\/v2\/media?parent=7794"}],"curies":[{"name":"wp","href":"https:\/\/api.w.org\/{rel}","templated":true}]}}