{"id":7547,"date":"2019-11-25T08:16:57","date_gmt":"2019-11-25T07:16:57","guid":{"rendered":"https:\/\/www.clean-air.cz\/d-bug\/"},"modified":"2020-08-31T14:12:10","modified_gmt":"2020-08-31T12:12:10","slug":"d-bug","status":"publish","type":"page","link":"https:\/\/www.clean-air.cz\/de\/systeme-fur-den-personlichen-atemschutz\/d-bug\/","title":{"rendered":"D-Bug"},"content":{"rendered":"<p>[vc_row][vc_column width=&#8221;1\/2&#8243;][vc_gallery interval=&#8221;3&#8243; images=&#8221;7523&#8243; img_size=&#8221;large&#8221;][\/vc_column][vc_column width=&#8221;1\/2&#8243;][vc_column_text]<strong><span style=\"font-size: 14pt; color: #be0300;\">Au\u00dfergew\u00f6hnlich leichtes Atemschutzger\u00e4t f\u00fcr<br \/>\ndie verschiedensten Anwendungsbereiche.<\/span><\/strong><\/p>\n<p>Das leichte gebl\u00e4se-gest\u00fctzte Atemschutzger\u00e4t CleanAIR\u00ae D-BUG kann mit Partikelfilter oder kombiniertem Filter eingesetzt werden und wird direkt an der Vollmaske befestigt. Die L\u00f6sung sch\u00fctzt Atem und Gesicht vor sch\u00e4dlichen Partikeln, Gasen und D\u00e4mpfen. Es gibt zwei M\u00f6glichkeiten, das Ger\u00e4t zu tragen. Wenn maximale Bewegungsfreiheit gew\u00fcnscht ist, wird es direkt an der Vollmaske befestigt. Soll der Kopf nicht belastet werden, kann es dagegen am Hoseng\u00fcrtel befestigt werden und ein spezieller Adapter versorgt das Ger\u00e4t. Das komplette System mit Vollmaske Shigematsu und hocheffizientem Filter garantierte den h\u00f6chsten Nennschutzfaktor (NPF 2.000) und einen ausreichenden Luftstrom. Der Atemschutz hat einen neuen b\u00fcrstenlosen Motor mit konstanter Drehzahl und geringerem Akkuverbrauch. Besondere Vorz\u00fcge sind das leichte Gewicht, der einfache Betrieb und die lange Lebensdauer des Systems. Das Atemschutzger\u00e4t kann durch Duschen dekontaminiert werden.[\/vc_column_text][vc_btn title=&#8221;See our full range of PAPR&#8221; shape=&#8221;square&#8221; color=&#8221;juicy-pink&#8221; size=&#8221;lg&#8221; align=&#8221;left&#8221; i_icon_fontawesome=&#8221;fa fa-info-circle&#8221; css_animation=&#8221;none&#8221; add_icon=&#8221;true&#8221; link=&#8221;url:https%3A%2F%2Fwww.clean-air.cz%2Fde%2Fsysteme-fur-den-personlichen-atemschutz%2F|title:See%20our%20full%20range%20of%20PAPR%21|&#8221;][\/vc_column][\/vc_row][vc_row][vc_column][vc_tta_tabs style=&#8221;modern&#8221; shape=&#8221;square&#8221; active_section=&#8221;1&#8243; no_fill_content_area=&#8221;true&#8221; title=&#8221;Einzelheiten&#8221;][vc_tta_section i_icon_fontawesome=&#8221;fa fa-industry&#8221; add_icon=&#8221;true&#8221; title=&#8221;Anwendungsbereiche&#8221; tab_id=&#8221;1513150336358-68add988-e9ea&#8221;][vc_column_text]<span style=\"color: #be0300;\"><strong>ANWENDUNGSBEREICHE<\/strong><\/span><\/p>\n<p>Das System eignet sich f\u00fcr Umgebungen mit Partikelbelastung oder chemischer<br \/>\nKontamination z. B. in der Bauindustrie, der Landwirtschaft, \u00f6ffentlichen Wartungsdiensten,<br \/>\nSanierungsarbeiten und Seuchenkontrolle.[\/vc_column_text][\/vc_tta_section][vc_tta_section i_icon_fontawesome=&#8221;fa fa-thumbs-o-up&#8221; add_icon=&#8221;true&#8221; title=&#8221;Funktionen und vorteile&#8221; tab_id=&#8221;1513150336359-b7b65468-8021&#8243;][vc_column_text]<span style=\"color: #be0300;\"><strong>FUNKTIONEN UND VORTEILE<\/strong><\/span><\/p>\n<ul>\n<li>F\u00fcr Partikelfilter oder kombinierte Filter<\/li>\n<li>Kompaktes, leichtes Design<\/li>\n<li>Einfache Bedienung<\/li>\n<li>Geringer Akkuverbrauch<\/li>\n<li>Befestigung direkt an der Maske oder am G\u00fcrtel<\/li>\n<li>Duschdekontamination<\/li>\n<li>\u2022 Je nach Luftstrom und Filter kann die Betriebszeit mehr als 7 h betragen<\/li>\n<li>Kompatibel mit den Vollmasken Shigematsu GX02 und CF02<\/li>\n<li>Hoher Nennschutzfaktor (NPF) 2.000<\/li>\n<\/ul>\n<p>[\/vc_column_text][\/vc_tta_section][vc_tta_section i_icon_fontawesome=&#8221;fa fa-cog&#8221; add_icon=&#8221;true&#8221; title=&#8221; Komplettsets und Zubeh\u00f6r&#8221; tab_id=&#8221;1513153137048-5f8c31c5-30ea&#8221;][vc_column_text]<\/p>\n<table style=\"width: 113.12%; height: 96px;\">\n<tbody>\n<tr style=\"height: 24px;\">\n<td style=\"text-align: left; width: 112.696%; height: 24px;\" colspan=\"2\"><span style=\"color: #be0300;\"><strong>Komplette Sets<\/strong><\/span><\/td>\n<\/tr>\n<tr style=\"height: 48px;\">\n<td style=\"text-align: left; width: 86.9382%; height: 48px;\">CleanAIR\u00ae D-Bug, inkl. Zubeh\u00f6r (Akku, 2x ABEP Filter, 350 mm<br \/>\nSchlauch, Ladeger\u00e4t, G\u00fcrtel und Str\u00f6mungsanzeige \u2013 ohne Maske!)<\/td>\n<td style=\"text-align: center; width: 25.7582%; height: 48px;\">49 00 02<\/td>\n<\/tr>\n<\/tbody>\n<\/table>\n<table style=\"width: 110.194%; height: 288px;\">\n<tbody>\n<tr style=\"height: 24px;\">\n<td style=\"text-align: left; width: 126.136%; height: 24px;\" colspan=\"2\"><span style=\"color: #be0300;\"><strong>Ersatzteile\/Zubeh\u00f6r<\/strong><\/span><\/td>\n<\/tr>\n<tr style=\"height: 24px;\">\n<td style=\"text-align: left; width: 86.5151%; height: 24px;\">Partikelfilter P R SL (2 St\u00fcck Paket)<\/td>\n<td style=\"text-align: center; width: 39.6213%; height: 24px;\">30 00 10\/2<\/td>\n<\/tr>\n<tr style=\"height: 24px;\">\n<td style=\"text-align: left; width: 86.5151%; height: 24px;\">Vorfilter CleanAIR\u00ae (10 St\u00fcck Set)<\/td>\n<td style=\"text-align: center; width: 39.6213%; height: 24px;\">30 00 15<\/td>\n<\/tr>\n<tr style=\"height: 24px;\">\n<td style=\"text-align: left; width: 86.5151%; height: 24px;\">Kombinierter Filter A1P R SL (2 St\u00fcck Set)<\/td>\n<td style=\"text-align: center; width: 39.6213%; height: 24px;\">30 03 57<\/td>\n<\/tr>\n<tr style=\"height: 24px;\">\n<td style=\"text-align: left; width: 86.5151%; height: 24px;\">Kombinierter Filter A1B1E1P R SL (2 St\u00fcck Set)<\/td>\n<td style=\"text-align: center; width: 39.6213%; height: 24px;\">30 03 64<\/td>\n<\/tr>\n<tr style=\"height: 24px;\">\n<td style=\"text-align: left; width: 86.5151%; height: 24px;\">Schlauch mit Halter und Gummig\u00fcrtel f\u00fcr CleanAIR\u00ae D-Bug<\/td>\n<td style=\"text-align: center; width: 39.6213%; height: 24px;\">56 00 20<\/td>\n<\/tr>\n<tr style=\"height: 24px;\">\n<td style=\"text-align: left; width: 86.5151%; height: 24px;\">Austauschbare Lithium-Ionen-Akku CA Asbest\/D-Bug 7,2 V\/2,6 Ah<\/td>\n<td style=\"text-align: center; width: 39.6213%; height: 24px;\">59 00 13<\/td>\n<\/tr>\n<tr style=\"height: 24px;\">\n<td style=\"text-align: left; width: 86.5151%; height: 24px;\">Leichter flexibler Schlauch f\u00fcr CleanAIR\u00ae Asbest\/D-Bug<\/td>\n<td style=\"text-align: center; width: 39.6213%; height: 24px;\">70 00 87CA<\/td>\n<\/tr>\n<tr style=\"height: 24px;\">\n<td style=\"text-align: left; width: 86.5151%; height: 24px;\">Gummig\u00fcrtel f\u00fcr CA Asbest\/D-Bug<\/td>\n<td style=\"text-align: center; width: 39.6213%; height: 24px;\">70 00 97<\/td>\n<\/tr>\n<tr style=\"height: 24px;\">\n<td style=\"text-align: left; width: 86.5151%; height: 24px;\">Filterabdeckung, Funkenf\u00e4nger, Vorfilter (jeweils 2 St\u00fcck)<\/td>\n<td style=\"text-align: center; width: 39.6213%; height: 24px;\">30 00 30<\/td>\n<\/tr>\n<tr style=\"height: 24px;\">\n<td style=\"text-align: left; width: 126.136%; height: 24px;\" colspan=\"2\"><span style=\"color: #be0300;\"><strong>Kompatible Filter<\/strong><\/span><\/td>\n<\/tr>\n<tr style=\"height: 24px;\">\n<td style=\"text-align: left; width: 86.5151%; height: 24px;\">Partikelfilter P R SL TR-110 Gewinde (2 Paar Paket)<span style=\"color: #be0300;\"><strong><br \/>\n<\/strong><\/span><\/td>\n<td style=\"width: 39.6213%; height: 24px; text-align: center;\">30 00 10\/2<\/td>\n<\/tr>\n<tr>\n<td style=\"text-align: left; width: 86.5151%;\">Vorfilter TR-110 Gewindefilter (10 St\u00fcck Set)<\/td>\n<td style=\"width: 39.6213%; text-align: center;\">30 00 15<\/td>\n<\/tr>\n<tr>\n<td style=\"text-align: left; width: 86.5151%;\">Kombinierter Filter A1P R SL TR-110 Gewinde (2 St\u00fcck Set)<\/td>\n<td style=\"width: 39.6213%; text-align: center;\">30 03 57<\/td>\n<\/tr>\n<tr>\n<td style=\"text-align: left; width: 86.5151%;\">Kombinierter Filter A1B1E1P R SL TR-110 Gewinde (2 St\u00fcck Set)<\/td>\n<td style=\"width: 39.6213%; text-align: center;\">30 03 64<\/td>\n<\/tr>\n<\/tbody>\n<\/table>\n<p>[\/vc_column_text][\/vc_tta_section][vc_tta_section i_icon_fontawesome=&#8221;fa fa-wrench&#8221; add_icon=&#8221;true&#8221; title=&#8221; Technische Daten&#8221; tab_id=&#8221;1513153797992-792040b0-82c9&#8243;][vc_column_text]<\/p>\n<table>\n<tbody>\n<tr>\n<td style=\"text-align: left;\">Gewicht<\/td>\n<td style=\"text-align: center;\">210 g (ohne Filter und Akku)<\/td>\n<\/tr>\n<tr>\n<td style=\"text-align: left;\">Luftstrom<\/td>\n<td style=\"text-align: center;\">200 l\/min mit Partikelfilter P R SL<br \/>\n100 l\/min mit kombiniertem Filter A1B1E1P R SL<\/td>\n<\/tr>\n<tr>\n<td style=\"text-align: left;\">Filtertyp<\/td>\n<td style=\"text-align: center;\">Partikel P R SL<br \/>\nKombiniert A1B1E1P R SL<\/td>\n<\/tr>\n<tr>\n<td style=\"text-align: left;\">Akku<\/td>\n<td style=\"text-align: center;\">Lithium-Ionen-Akku 7,2 V\/2,6 Ah<\/td>\n<\/tr>\n<tr>\n<td style=\"text-align: left;\">Betriebszeit<\/td>\n<td style=\"text-align: center;\">460 Minuten mit P R SL Filter<br \/>\n510 Minuten mit kombiniertem A1B1E1P R SL Filter<\/td>\n<\/tr>\n<tr>\n<td style=\"text-align: left;\">Nennschutzfaktor (NPF)<\/td>\n<td style=\"text-align: center;\">2 000<\/td>\n<\/tr>\n<tr>\n<td style=\"text-align: left;\">Zertifizierung<\/td>\n<td style=\"text-align: center;\">EN 12942 TM3<\/td>\n<\/tr>\n<\/tbody>\n<\/table>\n<p>[\/vc_column_text][\/vc_tta_section][vc_tta_section i_icon_fontawesome=&#8221;fa fa-download&#8221; add_icon=&#8221;true&#8221; title=&#8221;Downloads&#8221; tab_id=&#8221;1513154098935-95c74e4f-fa1e&#8221;][vc_column_text][\/vc_column_text][\/vc_tta_section][vc_tta_section i_icon_fontawesome=&#8221;fa fa-picture-o&#8221; add_icon=&#8221;true&#8221; title=&#8221;Galerie&#8221; tab_id=&#8221;1515415801460-0c2258c9-4574&#8243;][vc_gallery type=&#8221;image_grid&#8221; images=&#8221;7523,7528,7533&#8243; img_size=&#8221;medium&#8221; css_animation=&#8221;fadeIn&#8221; css=&#8221;.vc_custom_1574666218266{padding-left: 280px !important;}&#8221;][\/vc_tta_section][\/vc_tta_tabs][\/vc_column][\/vc_row]<\/p>\n","protected":false},"excerpt":{"rendered":"<p>[vc_row][vc_column width=&#8221;1\/2&#8243;][vc_gallery interval=&#8221;3&#8243; images=&#8221;7523&#8243; img_size=&#8221;large&#8221;][\/vc_column][vc_column width=&#8221;1\/2&#8243;][vc_column_text]Au\u00dfergew\u00f6hnlich leichtes Atemschutzger\u00e4t f\u00fcr die verschiedensten Anwendungsbereiche. Das leichte gebl\u00e4se-gest\u00fctzte Atemschutzger\u00e4t CleanAIR\u00ae D-BUG kann mit Partikelfilter oder kombiniertem Filter eingesetzt werden und wird direkt an der Vollmaske befestigt. Die L\u00f6sung sch\u00fctzt Atem und Gesicht vor sch\u00e4dlichen Partikeln, Gasen und D\u00e4mpfen. Es gibt zwei M\u00f6glichkeiten, das Ger\u00e4t zu tragen. Wenn maximale Bewegungsfreiheit gew\u00fcnscht ist, wird es direkt an der Vollmaske befestigt. Soll der Kopf nicht belastet<\/p>\n<p><a class=\"more-link\" href=\"https:\/\/www.clean-air.cz\/de\/systeme-fur-den-personlichen-atemschutz\/d-bug\/\">Weiterlesen<\/a><\/p>\n","protected":false},"author":11,"featured_media":0,"parent":3849,"menu_order":0,"comment_status":"closed","ping_status":"closed","template":"","meta":{"footnotes":""},"_links":{"self":[{"href":"https:\/\/www.clean-air.cz\/de\/wp-json\/wp\/v2\/pages\/7547"}],"collection":[{"href":"https:\/\/www.clean-air.cz\/de\/wp-json\/wp\/v2\/pages"}],"about":[{"href":"https:\/\/www.clean-air.cz\/de\/wp-json\/wp\/v2\/types\/page"}],"author":[{"embeddable":true,"href":"https:\/\/www.clean-air.cz\/de\/wp-json\/wp\/v2\/users\/11"}],"replies":[{"embeddable":true,"href":"https:\/\/www.clean-air.cz\/de\/wp-json\/wp\/v2\/comments?post=7547"}],"version-history":[{"count":0,"href":"https:\/\/www.clean-air.cz\/de\/wp-json\/wp\/v2\/pages\/7547\/revisions"}],"up":[{"embeddable":true,"href":"https:\/\/www.clean-air.cz\/de\/wp-json\/wp\/v2\/pages\/3849"}],"wp:attachment":[{"href":"https:\/\/www.clean-air.cz\/de\/wp-json\/wp\/v2\/media?parent=7547"}],"curies":[{"name":"wp","href":"https:\/\/api.w.org\/{rel}","templated":true}]}}