{"id":6561,"date":"2019-08-09T09:40:28","date_gmt":"2019-08-09T07:40:28","guid":{"rendered":"https:\/\/www.clean-air.cz\/hauben\/schleifschirme\/"},"modified":"2023-11-14T08:23:44","modified_gmt":"2023-11-14T07:23:44","slug":"schleifschirme","status":"publish","type":"page","link":"https:\/\/www.clean-air.cz\/de\/hauben\/schleifschirme\/","title":{"rendered":"Schleifschirme"},"content":{"rendered":"<p>[vc_row css=&#8221;.vc_custom_1515063137650{background-color: #ffffff !important;}&#8221;][vc_column][vc_column_text]Schleifschilder CleanAIR\u00ae bieten in Kombination mit PAPR oder einem Airline-System einen hervorragenden Gesichts- und Atemschutz. Schleifschilder eignen sich f\u00fcr alle Arten von Schleif- und Oberfl\u00e4chenbearbeitungen.[\/vc_column_text][vc_tta_tour style=&#8221;modern&#8221; shape=&#8221;square&#8221; gap=&#8221;1&#8243; active_section=&#8221;1&#8243; no_fill_content_area=&#8221;true&#8221;][vc_tta_section title=&#8221;Omnira air&#8221; tab_id=&#8221;1515061200914-4dd3150e-98ab&#8221;][vc_column_text]<\/p>\n<h3><img loading=\"lazy\" decoding=\"async\" class=\"alignnone size-medium wp-image-14998\" src=\"https:\/\/www.clean-air.cz\/wp-content\/uploads\/2022\/02\/Omnira-iso-1-300x300.jpg\" alt=\"\" width=\"300\" height=\"300\" srcset=\"https:\/\/www.clean-air.cz\/wp-content\/uploads\/2022\/02\/Omnira-iso-1-300x300.jpg 300w, https:\/\/www.clean-air.cz\/wp-content\/uploads\/2022\/02\/Omnira-iso-1-1024x1024.jpg 1024w, https:\/\/www.clean-air.cz\/wp-content\/uploads\/2022\/02\/Omnira-iso-1-150x150.jpg 150w, https:\/\/www.clean-air.cz\/wp-content\/uploads\/2022\/02\/Omnira-iso-1-768x768.jpg 768w, https:\/\/www.clean-air.cz\/wp-content\/uploads\/2022\/02\/Omnira-iso-1-1536x1536.jpg 1536w, https:\/\/www.clean-air.cz\/wp-content\/uploads\/2022\/02\/Omnira-iso-1-800x800.jpg 800w, https:\/\/www.clean-air.cz\/wp-content\/uploads\/2022\/02\/Omnira-iso-1-250x250.jpg 250w, https:\/\/www.clean-air.cz\/wp-content\/uploads\/2022\/02\/Omnira-iso-1.jpg 1600w\" sizes=\"(max-width: 300px) 100vw, 300px\" \/><\/h3>\n<h3>Protective shield Omnira air<\/h3>\n<p>Grinding shield with integrated air distribution for the highest\u00a0 respiratory protection, protection of eyes and face. It also offers high protection against high speed particles. The shield can be extended with a welding shield, which gives you a full-fledged welding flip-up helmet.[\/vc_column_text][vc_btn title=&#8221;Siehe die Produktseite!&#8221; shape=&#8221;square&#8221; color=&#8221;juicy-pink&#8221; i_icon_fontawesome=&#8221;fas fa-arrow-right&#8221; add_icon=&#8221;true&#8221; link=&#8221;url:https%3A%2F%2Fwww.clean-air.cz%2Fde%2Fhauben%2Fschleifschirme%2Fomnira-air%2F|title:Protective%20shield%20Omnira%20air|&#8221;][\/vc_tta_section][vc_tta_section title=&#8221;UniMask&#8221; tab_id=&#8221;1646403166451-67a40399-bdae&#8221;][vc_column_text]<img loading=\"lazy\" decoding=\"async\" class=\"alignnone wp-image-7344 size-medium\" src=\"https:\/\/www.clean-air.cz\/wp-content\/uploads\/2019\/11\/UniMask-iso-copy-275x300.jpg\" alt=\"\" width=\"275\" height=\"300\" \/><\/p>\n<h3>Gesichtschirm UniMask\u00ae<\/h3>\n<p>Atemschutz auf h\u00f6chstem Niveau mit verbesserter Regulierung des Innenluftstroms. Die ausgezeichneten optischen und mechanischen Funktionen des Visiers machen diesen Universal-Gesichtsschutz zu einem erstklassigen Atemschutzger\u00e4t.[\/vc_column_text][vc_btn title=&#8221;Siehe die Produktseite!&#8221; shape=&#8221;square&#8221; color=&#8221;juicy-pink&#8221; i_icon_fontawesome=&#8221;fa fa-arrow-right&#8221; add_icon=&#8221;true&#8221; link=&#8221;url:https%3A%2F%2Fwww.clean-air.cz%2Fde%2Fhauben%2Fschutzschirme%2Funimask%2F|title:Schutzschirm%20CA-3|&#8221;][\/vc_tta_section][vc_tta_section title=&#8221;AerTEC\u2122 SeeMAX&#8221; tab_id=&#8221;1575621899668-5dcd9832-89da&#8221;][vc_column_text]<img loading=\"lazy\" decoding=\"async\" class=\"alignnone size-medium wp-image-8126\" src=\"https:\/\/www.clean-air.cz\/wp-content\/uploads\/2019\/12\/SeeMAX-iso-245x300.jpg\" alt=\"\" width=\"245\" height=\"300\" \/><\/p>\n<h3>Gesichtschirm AerTEC\u2122 SeeMAX<\/h3>\n<p>Uneingeschr\u00e4nkte und klare Sicht am Arbeitsplatz, gefilterte reine Luft mit einstellbarer Luftverteilung machen SeeMAX zu einem einzigartiges Atemschutzsystem mit h\u00f6chstem Sicherheitsniveau. Die einfach austauschbaren DIN 5 Frontschutzgl\u00e4ser sind der perfekte Schutz beim effizienten Plasmaschneiden.[\/vc_column_text][vc_btn title=&#8221;Siehe die Produktseite!&#8221; shape=&#8221;square&#8221; color=&#8221;juicy-pink&#8221; i_icon_fontawesome=&#8221;fa fa-arrow-right&#8221; add_icon=&#8221;true&#8221; link=&#8221;url:https%3A%2F%2Fwww.clean-air.cz%2Fde%2Fhauben%2Fschleifschirme%2Faertec-seemax%2F|title:Schutzschirm%20CA-3|&#8221;][\/vc_tta_section][vc_tta_section title=&#8221;CA-3 &#8211; Abgesetzt&#8221; tab_id=&#8221;1575621733925-d3126c4b-de0e&#8221;][vc_column_text]<img loading=\"lazy\" decoding=\"async\" class=\"size-medium wp-image-285 alignnone\" src=\"https:\/\/www.clean-air.cz\/wp-content\/uploads\/2023\/10\/CA3_Discont_web.png\" alt=\"\" width=\"271\" height=\"300\" \/><\/p>\n<h3>Schleifschild CA-3<\/h3>\n<h4><span style=\"color: #ff0000;\"><span style=\"color: #be0300;\">Ab dem 13. November 2023 eingestellt.<\/span><br \/>\n<span style=\"color: #000000;\">Alle Verbrauchsmaterialien und Ersatzteile bleiben bis Dezember 2026 oder bis auf Weiteres verf\u00fcgbar.<\/span><\/span><\/h4>\n<p>Dieser leichte Schutzschild mit leicht auswechselbarem Visier bietet Atem- und Gesichtsschutz in verschiedenen industriellen Anwendungen.<\/p>\n<p><strong>Schleifschild CA-3 mit Polycarbonat-Visier<\/strong><br \/>\nsorgt f\u00fcr eine hohe mechanische Best\u00e4ndigkeit, geeignet f\u00fcr Schleifarbeiten. Es entspricht der Norm EN 166, die den Tr\u00e4ger vor dem Aufprall von Partikeln mittlerer Energie sch\u00fctzt.<\/p>\n<p><strong>Anwendungsbereiche<\/strong><br \/>\nStaubige Umgebungen, in denen kein Nacken- und Schulterschutz erforderlich ist, Umgebungen mit geringen Anforderungen an die chemische Best\u00e4ndigkeit, Schleif- und andere Oberfl\u00e4chenbearbeitung, Bauindustrie.<\/p>\n<p><img loading=\"lazy\" decoding=\"async\" class=\"alignnone wp-image-53 \" src=\"https:\/\/www.clean-air.cz\/wp-content\/uploads\/2018\/06\/stit-120.png\" alt=\"\" width=\"58\" height=\"70\" \/>\u00a0<img loading=\"lazy\" decoding=\"async\" class=\"alignnone wp-image-51\" src=\"https:\/\/www.clean-air.cz\/wp-content\/uploads\/2018\/06\/plice-120.png\" alt=\"\" width=\"81\" height=\"70\" \/>[\/vc_column_text][vc_btn title=&#8221;Siehe die Produktseite!&#8221; shape=&#8221;square&#8221; color=&#8221;juicy-pink&#8221; i_icon_fontawesome=&#8221;fa fa-arrow-right&#8221; add_icon=&#8221;true&#8221; link=&#8221;url:https%3A%2F%2Fwww.clean-air.cz%2Fde%2Fhauben%2Fschleifschirme%2Fschleifschirm-ca-3%2F|title:Schutzschirm%20CA-3|&#8221;][\/vc_tta_section][vc_tta_section title=&#8221;CA-40G&#8221; tab_id=&#8221;1515061200914-86b36351-21a4&#8243;][vc_column_text]<\/p>\n<h3><img loading=\"lazy\" decoding=\"async\" class=\"alignnone size-medium wp-image-14424\" src=\"https:\/\/www.clean-air.cz\/wp-content\/uploads\/2021\/12\/704100_CA-40G-iso-300x300.jpg\" alt=\"\" width=\"300\" height=\"300\" srcset=\"https:\/\/www.clean-air.cz\/wp-content\/uploads\/2021\/12\/704100_CA-40G-iso-300x300.jpg 300w, https:\/\/www.clean-air.cz\/wp-content\/uploads\/2021\/12\/704100_CA-40G-iso-1024x1024.jpg 1024w, https:\/\/www.clean-air.cz\/wp-content\/uploads\/2021\/12\/704100_CA-40G-iso-150x150.jpg 150w, https:\/\/www.clean-air.cz\/wp-content\/uploads\/2021\/12\/704100_CA-40G-iso-768x768.jpg 768w, https:\/\/www.clean-air.cz\/wp-content\/uploads\/2021\/12\/704100_CA-40G-iso-1536x1536.jpg 1536w, https:\/\/www.clean-air.cz\/wp-content\/uploads\/2021\/12\/704100_CA-40G-iso-800x800.jpg 800w, https:\/\/www.clean-air.cz\/wp-content\/uploads\/2021\/12\/704100_CA-40G-iso-250x250.jpg 250w, https:\/\/www.clean-air.cz\/wp-content\/uploads\/2021\/12\/704100_CA-40G-iso.jpg 1600w\" sizes=\"(max-width: 300px) 100vw, 300px\" \/><\/h3>\n<h3>Schutzhelm CA-40G mit Schleifschild<\/h3>\n<p>Der Schutzhelm CA-40G mit Schleifschild sch\u00fctzt die Atemwege, Kopf, Augen und Gesicht vor schnell fliegenden Partikeln (angegeben: A) und bietet gleichzeitig einen Grundschutz vor sch\u00e4dlicher UV-Strahlung.<\/p>\n<p><strong>Anwendungsbereiche<\/strong><br \/>\nSehr anspruchsvolle Umgebungen, Schleifen und andere Arten der Oberfl\u00e4chenbearbeitung, Automobilindustrie, Schiffbau, Bau.<\/p>\n<p><img loading=\"lazy\" decoding=\"async\" class=\"alignnone wp-image-3703 \" src=\"https:\/\/www.clean-air.cz\/wp-content\/uploads\/2018\/06\/helma-120.png\" alt=\"\" width=\"54\" height=\"70\" \/>\u00a0<img loading=\"lazy\" decoding=\"async\" class=\"alignnone wp-image-3705 \" src=\"https:\/\/www.clean-air.cz\/wp-content\/uploads\/2018\/06\/sluchatka-120.png\" alt=\"\" width=\"72\" height=\"70\" \/><img loading=\"lazy\" decoding=\"async\" class=\"alignnone wp-image-3706\" src=\"https:\/\/www.clean-air.cz\/wp-content\/uploads\/2018\/06\/stit-120.png\" alt=\"\" width=\"58\" height=\"70\" \/>\u00a0<img loading=\"lazy\" decoding=\"async\" class=\"alignnone wp-image-3704\" src=\"https:\/\/www.clean-air.cz\/wp-content\/uploads\/2018\/06\/plice-120.png\" alt=\"\" width=\"81\" height=\"70\" \/>[\/vc_column_text][vc_btn title=&#8221;Siehe die Produktseite!&#8221; shape=&#8221;square&#8221; color=&#8221;juicy-pink&#8221; i_icon_fontawesome=&#8221;fa fa-arrow-right&#8221; add_icon=&#8221;true&#8221; link=&#8221;url:https%3A%2F%2Fwww.clean-air.cz%2Fde%2Fhauben%2Fschleifschirme%2Fschutzhelm-ca-40g-mit-schleifschirm%2F|title:Schutzhelm%20CA-40G%20mit%20Schleifschild|&#8221;][\/vc_tta_section][vc_tta_section title=&#8221;CA-40GW&#8221; tab_id=&#8221;1515061723345-c38eb4a5-fa2b&#8221;][vc_column_text]<\/p>\n<h3><img loading=\"lazy\" decoding=\"async\" class=\"alignnone size-medium wp-image-14410\" src=\"https:\/\/www.clean-air.cz\/wp-content\/uploads\/2021\/12\/704201_CA-40GW_hluchatka-iso-up-300x300.jpg\" alt=\"\" width=\"300\" height=\"300\" srcset=\"https:\/\/www.clean-air.cz\/wp-content\/uploads\/2021\/12\/704201_CA-40GW_hluchatka-iso-up-300x300.jpg 300w, https:\/\/www.clean-air.cz\/wp-content\/uploads\/2021\/12\/704201_CA-40GW_hluchatka-iso-up-1024x1024.jpg 1024w, https:\/\/www.clean-air.cz\/wp-content\/uploads\/2021\/12\/704201_CA-40GW_hluchatka-iso-up-150x150.jpg 150w, https:\/\/www.clean-air.cz\/wp-content\/uploads\/2021\/12\/704201_CA-40GW_hluchatka-iso-up-768x768.jpg 768w, https:\/\/www.clean-air.cz\/wp-content\/uploads\/2021\/12\/704201_CA-40GW_hluchatka-iso-up-1536x1536.jpg 1536w, https:\/\/www.clean-air.cz\/wp-content\/uploads\/2021\/12\/704201_CA-40GW_hluchatka-iso-up-800x800.jpg 800w, https:\/\/www.clean-air.cz\/wp-content\/uploads\/2021\/12\/704201_CA-40GW_hluchatka-iso-up-250x250.jpg 250w, https:\/\/www.clean-air.cz\/wp-content\/uploads\/2021\/12\/704201_CA-40GW_hluchatka-iso-up.jpg 1600w\" sizes=\"(max-width: 300px) 100vw, 300px\" \/><\/h3>\n<h3>Schutzhelm CA-40GW mit Schleif- und Schwei\u00dfschild<\/h3>\n<p>Neben dem wirksamen Schutz der Atemwege sch\u00fctzt dieser Helm auch Kopf, Augen und Gesicht vor schnell fliegenden Partikeln (angegeben: A) und bietet gleichzeitig einen Grundschutz vor sch\u00e4dlicher UV-Strahlung. Der Schwei\u00dfschild mit automatischem Abdunkelungsfilter V9-13 DS sch\u00fctzt au\u00dferdem vor sch\u00e4dlicher UV- \/ Infrarotstrahlung und Schwei\u00dfspritzern.<\/p>\n<p><strong>Anwendungsbereiche<\/strong><\/p>\n<ul>\n<li>Die anspruchsvollste Industrieumgebungen &#8211; \u00fcberall dort, wo vorbereitende Arbeiten (Spannen, Positionieren, Transportieren) oder unmittelbar nach dem Schwei\u00dfen weitere Oberfl\u00e4chenanpassungen (Schleifen, Reinigen usw.) erforderlich sind<\/li>\n<li>Automobilindustrie, Schiffbau, Bau<\/li>\n<\/ul>\n<p><img loading=\"lazy\" decoding=\"async\" class=\"alignnone wp-image-3703\" src=\"https:\/\/www.clean-air.cz\/wp-content\/uploads\/2018\/06\/helma-120.png\" alt=\"\" width=\"54\" height=\"70\" \/>\u00a0<img loading=\"lazy\" decoding=\"async\" class=\"alignnone wp-image-3705\" src=\"https:\/\/www.clean-air.cz\/wp-content\/uploads\/2018\/06\/sluchatka-120.png\" alt=\"\" width=\"72\" height=\"70\" \/>\u00a0<img loading=\"lazy\" decoding=\"async\" class=\"alignnone wp-image-3706 \" src=\"https:\/\/www.clean-air.cz\/wp-content\/uploads\/2018\/06\/stit-120.png\" alt=\"\" width=\"58\" height=\"70\" \/>\u00a0<img loading=\"lazy\" decoding=\"async\" class=\"alignnone wp-image-3707\" src=\"https:\/\/www.clean-air.cz\/wp-content\/uploads\/2018\/06\/svarovaci-stit-120.png\" alt=\"\" width=\"58\" height=\"70\" \/>\u00a0<img loading=\"lazy\" decoding=\"async\" class=\"alignnone wp-image-3704\" src=\"https:\/\/www.clean-air.cz\/wp-content\/uploads\/2018\/06\/plice-120.png\" alt=\"\" width=\"81\" height=\"70\" \/>[\/vc_column_text][vc_btn title=&#8221;Siehe die Produktseite!&#8221; shape=&#8221;square&#8221; color=&#8221;juicy-pink&#8221; i_icon_fontawesome=&#8221;fa fa-arrow-right&#8221; add_icon=&#8221;true&#8221; link=&#8221;url:https%3A%2F%2Fwww.clean-air.cz%2Fde%2Fhauben%2Fschweishauben%2Fschutzhelm-ca-40gw%2F|title:Schutzhelm%20CA-40GW%20mit%20Schleif-%20und%20Schwei%C3%9Fschirm|&#8221;][\/vc_tta_section][\/vc_tta_tour][\/vc_column][\/vc_row][vc_row content_placement=&#8221;middle&#8221;][vc_column][vc_tta_accordion shape=&#8221;square&#8221; active_section=&#8221;&#8221;][vc_tta_section i_icon_fontawesome=&#8221;fa fa-info-circle&#8221; add_icon=&#8221;true&#8221; title=&#8221;Legende der Schutzsymbole&#8221; tab_id=&#8221;1515066157336-19bc9408-6024&#8243;][vc_column_text]<\/p>\n<table class=\" aligncenter\">\n<tbody>\n<tr>\n<td style=\"text-align: center;\"><a href=\"https:\/\/www.clean-air.cz\/wp-content\/uploads\/2017\/12\/helma.png\"><img loading=\"lazy\" decoding=\"async\" class=\"alignnone wp-image-3149\" src=\"https:\/\/www.clean-air.cz\/wp-content\/uploads\/2017\/12\/helma-229x300.png\" alt=\"\" width=\"76\" height=\"100\" \/><\/a><\/td>\n<td style=\"text-align: center;\"><a href=\"https:\/\/www.clean-air.cz\/wp-content\/uploads\/2017\/12\/svarovaci-stit.png\"><img loading=\"lazy\" decoding=\"async\" class=\"alignnone wp-image-3153\" src=\"https:\/\/www.clean-air.cz\/wp-content\/uploads\/2017\/12\/svarovaci-stit-250x300.png\" alt=\"\" width=\"83\" height=\"100\" \/><\/a><\/td>\n<td style=\"text-align: center;\"><a href=\"https:\/\/www.clean-air.cz\/wp-content\/uploads\/2017\/12\/stit.png\"><img loading=\"lazy\" decoding=\"async\" class=\"alignnone wp-image-3152\" src=\"https:\/\/www.clean-air.cz\/wp-content\/uploads\/2017\/12\/stit-250x300.png\" alt=\"\" width=\"83\" height=\"100\" \/><\/a><\/td>\n<td style=\"text-align: center;\"><a href=\"https:\/\/www.clean-air.cz\/wp-content\/uploads\/2017\/12\/sluchatka.png\"><img loading=\"lazy\" decoding=\"async\" class=\"alignnone wp-image-3151\" src=\"https:\/\/www.clean-air.cz\/wp-content\/uploads\/2017\/12\/sluchatka-300x290.png\" alt=\"\" width=\"104\" height=\"100\" \/><\/a><\/td>\n<td style=\"text-align: center;\"><a href=\"https:\/\/www.clean-air.cz\/wp-content\/uploads\/2017\/12\/plice.png\"><img loading=\"lazy\" decoding=\"async\" class=\"alignnone wp-image-3150\" src=\"https:\/\/www.clean-air.cz\/wp-content\/uploads\/2017\/12\/plice-300x261.png\" alt=\"\" width=\"115\" height=\"100\" \/><\/a><\/td>\n<\/tr>\n<tr>\n<td style=\"text-align: center;\"><span style=\"color: #000000;\">KOPF<\/span><\/td>\n<td style=\"text-align: center;\"><span style=\"color: #000000;\">SCHWEISSEN<\/span><\/td>\n<td style=\"text-align: center;\"><span style=\"color: #000000;\">AUGEN UND GESICHT<\/span><\/td>\n<td style=\"text-align: center;\"><span style=\"color: #000000;\">GEH\u00d6R<\/span><\/td>\n<td style=\"text-align: center;\"><span style=\"color: #000000;\">ATEMWEG<\/span><\/td>\n<\/tr>\n<\/tbody>\n<\/table>\n<p>[\/vc_column_text][\/vc_tta_section][\/vc_tta_accordion][vc_separator color=&#8221;juicy_pink&#8221;][\/vc_column][\/vc_row][vc_row][vc_column][\/vc_column][\/vc_row]<\/p>\n","protected":false},"excerpt":{"rendered":"<p>[vc_row css=&#8221;.vc_custom_1515063137650{background-color: #ffffff !important;}&#8221;][vc_column][vc_column_text]Schleifschilder CleanAIR\u00ae bieten in Kombination mit PAPR oder einem Airline-System einen hervorragenden Gesichts- und Atemschutz. Schleifschilder eignen sich f\u00fcr alle Arten von Schleif- und Oberfl\u00e4chenbearbeitungen.[\/vc_column_text][vc_tta_tour style=&#8221;modern&#8221; shape=&#8221;square&#8221; gap=&#8221;1&#8243; active_section=&#8221;1&#8243; no_fill_content_area=&#8221;true&#8221;][vc_tta_section title=&#8221;Omnira air&#8221; tab_id=&#8221;1515061200914-4dd3150e-98ab&#8221;][vc_column_text] Protective shield Omnira air Grinding shield with integrated air distribution for the highest\u00a0 respiratory protection, protection of eyes and face. It also offers high protection against high speed particles. The shield can be extended<\/p>\n<p><a class=\"more-link\" href=\"https:\/\/www.clean-air.cz\/de\/hauben\/schleifschirme\/\">Weiterlesen<\/a><\/p>\n","protected":false},"author":11,"featured_media":0,"parent":3629,"menu_order":0,"comment_status":"closed","ping_status":"closed","template":"","meta":{"footnotes":""},"_links":{"self":[{"href":"https:\/\/www.clean-air.cz\/de\/wp-json\/wp\/v2\/pages\/6561"}],"collection":[{"href":"https:\/\/www.clean-air.cz\/de\/wp-json\/wp\/v2\/pages"}],"about":[{"href":"https:\/\/www.clean-air.cz\/de\/wp-json\/wp\/v2\/types\/page"}],"author":[{"embeddable":true,"href":"https:\/\/www.clean-air.cz\/de\/wp-json\/wp\/v2\/users\/11"}],"replies":[{"embeddable":true,"href":"https:\/\/www.clean-air.cz\/de\/wp-json\/wp\/v2\/comments?post=6561"}],"version-history":[{"count":0,"href":"https:\/\/www.clean-air.cz\/de\/wp-json\/wp\/v2\/pages\/6561\/revisions"}],"up":[{"embeddable":true,"href":"https:\/\/www.clean-air.cz\/de\/wp-json\/wp\/v2\/pages\/3629"}],"wp:attachment":[{"href":"https:\/\/www.clean-air.cz\/de\/wp-json\/wp\/v2\/media?parent=6561"}],"curies":[{"name":"wp","href":"https:\/\/api.w.org\/{rel}","templated":true}]}}