{"id":6557,"date":"2019-08-08T13:12:29","date_gmt":"2019-08-08T11:12:29","guid":{"rendered":"https:\/\/www.clean-air.cz\/filter\/"},"modified":"2022-01-05T12:04:48","modified_gmt":"2022-01-05T11:04:48","slug":"filter","status":"publish","type":"page","link":"https:\/\/www.clean-air.cz\/de\/filter\/","title":{"rendered":"Filter"},"content":{"rendered":"<p>[vc_row][vc_column][vc_column_text]Das vollst\u00e4ndige Sortiment von CleanAIR\u00ae-Filter bietet eine gro\u00dfe Auswahl an Filtern f\u00fcr die meisten industriellen Anwendungen, die Pharmaindustrie, Laboratorien und die Landwirtschaft. Die Filter werden mit einem Standardanschlussgewinde RD40 \u00d7 1\/7 \u201cgem\u00e4\u00df EN 148-1 geliefert.<\/p>\n<p>Wenn Sie Hilfe bei der Auswahl des richtigen Filters auf der Basis von Schadstoffen ben\u00f6tigen, verwenden Sie bitte die Filteranleitung (im Bereich Downloads).[\/vc_column_text][vc_column_text][\/vc_column_text][\/vc_column][\/vc_row][vc_row][vc_column][vc_column_text]<strong>Partikelfilter<\/strong><br \/>\nSie fangen eine Menge von festen Partikeln in Form von fl\u00fcssigen und festen Aerosolen wie Staub, Rauch, Fasern, Bakterien, Viren und radioaktiven Partikeln ab. Zertifizierung: EN 143, EN 12941, EN 12942<\/p>\n<p><strong>Gasfilter<\/strong><br \/>\nBietet Schutz gegen Gase und D\u00e4mpfe. EN 14387, EN 12941, EN 12942<\/p>\n<p><span style=\"color: #000000;\"><strong>Kombinationsfilter<\/strong><\/span><br \/>\n<span style=\"color: #000000;\">Bietet Schutz gegen Gase, D\u00e4mpfe und Partikeln. EN 14387, EN 12941, EN 12942<\/span><\/p>\n<p><strong>Gasfiltertypen &#8211; allgemeine Anwendungsbeispiele<\/strong><\/p>\n<p><strong>Typ: A \u2022 Farbcode: <img loading=\"lazy\" decoding=\"async\" class=\"alignnone size-full wp-image-483\" src=\"\/wp-content\/uploads\/2018\/07\/A.png\" alt=\"\" width=\"24\" height=\"18\" \/><br \/>\n<\/strong>Anwendungsgebiete: Organische Gase und D\u00e4mpfe mit einem Siedepunkt \u00fcber 65 \u00b0 C. Die Hauptgruppe dieser Substanzen sind Kohlenwasserstoffe (z. B. Toluol, Benzol, Xylol, Styrol, Cyclohexan, Trichlorethylen, Tetrachlormethan), organische L\u00f6sungsmittel<br \/>\nund Verd\u00fcnner (Benzin, Kerosin, Diesel, Mineral Terpentin, Ethylenglykol, Methylisobutylketon, Isobuthanol usw.).<\/p>\n<p><strong>Typ: AX \u2022 Farbcode: <img loading=\"lazy\" decoding=\"async\" class=\"alignnone size-full wp-image-2751\" src=\"\/wp-content\/uploads\/2018\/07\/A.png\" alt=\"\" width=\"24\" height=\"18\" \/><\/strong><br \/>\nAnwendungsgebiete: Organische Gase und D\u00e4mpfe mit einem Siedepunkt unter 65 \u00b0 C. Substanzen mit niedrigem Siedepunkt sind beispielsweise Aceton, Acetaldehyd, Acrylaldehyd, Butan, Butadien, Diethylether, Dichlorether, Dichlormethan, Ethylenoxid, Methanol, Trichlormethan, Vinylchlorid.<\/p>\n<p><strong>Typ: B \u2022 Farbcode: <img loading=\"lazy\" decoding=\"async\" class=\"alignnone size-full wp-image-2752\" src=\"\/wp-content\/uploads\/2018\/07\/B.png\" alt=\"\" width=\"24\" height=\"18\" \/><\/strong><br \/>\nAnwendungsgebiete: anorganische Gase und D\u00e4mpfe, z.B. Fluor, Chlor, Schwefelwasserstoff, Cyanwasserstoff, Bromwasserstoff, Chlorwasserstoff, Wasserstoffperoxid.<\/p>\n<p><strong>Typ: E \u2022 Farbcode: <img loading=\"lazy\" decoding=\"async\" class=\"alignnone size-full wp-image-2753\" src=\"\/wp-content\/uploads\/2018\/07\/E.png\" alt=\"\" width=\"24\" height=\"18\" \/><\/strong><br \/>\nAnwendungsgebiete: saure Gase und D\u00e4mpfe (z. B. Kohlendioxid, Schwefels\u00e4ure, Salzs\u00e4ure, Ameisens\u00e4ure, Fluorwasserstoff).<\/p>\n<p><strong>Typ: K \u2022 Farbcode: <img loading=\"lazy\" decoding=\"async\" class=\"alignnone size-full wp-image-2754\" src=\"http:\/\/www.cleanair-sizod.ru\/wp-content\/uploads\/2012\/02\/K.png\" alt=\"\" width=\"24\" height=\"18\" \/><\/strong><br \/>\nAnwendungsgebiete: Ammoniak und organische Amine<br \/>\n(z. B. Methylamin, Ethylamin, Dimethylamin).<\/p>\n<p><strong>Typ: Hg-PSL \u2022 Farbcode: <img loading=\"lazy\" decoding=\"async\" class=\"alignnone size-full wp-image-2755\" src=\"\/wp-content\/uploads\/2018\/07\/Hg-PSL.png\" alt=\"\" width=\"24\" height=\"18\" \/><\/strong><br \/>\nAnwendungsgebiete: Anwendungsgebiete: Quecksilberdampf und seine Verbindungen (immer in Kombination mit einem Filter gegen Partikel P3 geliefert).<\/p>\n<h2>Partikelfilter<\/h2>\n<p><strong>Typ: <\/strong>P3<strong> \u2022 Farbcode: <img loading=\"lazy\" decoding=\"async\" class=\"alignnone size-full wp-image-2756\" src=\"\/wp-content\/uploads\/2018\/07\/P.png\" alt=\"\" width=\"24\" height=\"18\" \/><span style=\"background-color: #ffffff;\">\u00a0 \u00a0 \u00a0\u00a0<\/span><\/strong><br \/>\n<strong>Abmessungen<\/strong>: Durchmesser \/ H\u00f6he: 110 mm \/ 50 mm; <strong>Gewicht<\/strong>: 90 g<br \/>\n<strong>Produktcode<\/strong>: 50 00 48\/6 , 50 00 48\/60<\/p>\n<p><strong>Typ: <\/strong>P3 lite<strong> \u2022 Farbcode:\u00a0<img loading=\"lazy\" decoding=\"async\" class=\"alignnone size-full wp-image-2756\" src=\"\/wp-content\/uploads\/2018\/07\/P.png\" alt=\"\" width=\"24\" height=\"18\" \/><span style=\"background-color: #ffffff;\">\u00a0 \u00a0 \u00a0<\/span><\/strong><br \/>\n<strong>Abmessungen<\/strong>: Durchmesser \/ H\u00f6he: 110 mm \/ 50 mm; <strong>Gewicht<\/strong>: 86g<br \/>\n<strong>Produktcode<\/strong>: 50 40 48\/6 , 50 40 48\/50<\/p>\n<p><strong>Typ: <\/strong>P3 ZERO lite with two threads RD40\u00d71\/7\u201c<strong> \u2022 Farbcode:\u00a0<img loading=\"lazy\" decoding=\"async\" class=\"alignnone size-full wp-image-2756\" src=\"\/wp-content\/uploads\/2018\/07\/P.png\" alt=\"\" width=\"24\" height=\"18\" \/><span style=\"background-color: #ffffff;\">\u00a0 \u00a0 \u00a0<\/span><\/strong><br \/>\n<strong>Abmessungen<\/strong>: Durchmesser \/ H\u00f6he: 110 mm \/ 65 mm; <strong>Gewicht<\/strong>: XX g<br \/>\n<strong>Connection<\/strong>: Inlet RD40\u00d71\/7\u201c, outlet RD40\u00d71\/7\u201c (internal thread)<br \/>\n<strong>Areas of application<\/strong>: Partikel in Form von festen und fl\u00fcssigen Aerosolen (St\u00e4ube, Fasern, giftige und ungiftige D\u00e4mpfe, Bakterien, Viren)<br \/>\n<strong>Produktcode<\/strong>: 50 42 49\/5<\/p>\n<p><strong>Typ: <\/strong>Filter P R SL, for CleanAIR Asbest<strong> \u2022 Farbcode:\u00a0<img loading=\"lazy\" decoding=\"async\" class=\"alignnone size-full wp-image-2756\" src=\"\/wp-content\/uploads\/2018\/07\/P.png\" alt=\"\" width=\"24\" height=\"18\" \/><span style=\"background-color: #ffffff;\">\u00a0 \u00a0 \u00a0<\/span><\/strong><br \/>\n<strong>Abmessungen<\/strong>: Durchmesser \/ H\u00f6he: 110 mm \/ 57 mm; <strong>Gewicht<\/strong>: 101 g<br \/>\n<strong>Produktcode<\/strong>: 56 00 10\/5 , 56 00 10\/50<\/p>\n<h2>Gasfilter<\/h2>\n<p><strong>Typ<\/strong>: A2 \u2022 <strong>Farbcode: <img loading=\"lazy\" decoding=\"async\" class=\"alignnone size-full wp-image-2751\" src=\"\/wp-content\/uploads\/2018\/07\/A.png\" alt=\"\" width=\"24\" height=\"18\" \/><\/strong><br \/>\n<strong>Abmessungen<\/strong>: Durchmesser \/ H\u00f6he: 110 mm \/ 78 mm; <strong>Gewicht<\/strong>: 265 g<br \/>\n<strong>Anwendungsgebiete<\/strong>: Organische Gase und D\u00e4mpfe mit einem Siedepunkt \u00fcber 65 \u00b0 C<br \/>\n<strong>Produktcode<\/strong>: 50 01 56\/3<\/p>\n<p><strong>Typ<\/strong>: B2 \u2022<strong> Farbcode: <img loading=\"lazy\" decoding=\"async\" class=\"alignnone size-full wp-image-2752\" src=\"\/wp-content\/uploads\/2018\/07\/B.png\" alt=\"\" width=\"24\" height=\"18\" \/><\/strong><br \/>\n<strong>Abmessungen<\/strong>: Durchmesser \/ H\u00f6he: 110 mm \/ 78 mm; <strong>Gewicht<\/strong>: 400 g<br \/>\n<strong>Anwendungsgebiete<\/strong>: anorganische Gase und D\u00e4mpfe<br \/>\n<strong>Product code<\/strong>: 50 01 61\/3<\/p>\n<p><strong>Typ<\/strong>: K2 \u2022 <strong>Farbcode: <img loading=\"lazy\" decoding=\"async\" class=\"alignnone size-full wp-image-2754\" src=\"\/wp-content\/uploads\/2018\/07\/K.png\" alt=\"\" width=\"24\" height=\"18\" \/><\/strong><br \/>\n<strong>Abmessungen<\/strong>: Durchmesser \/ H\u00f6he: 110 mm \/ 78 mm; <strong>Gewicht<\/strong>: 265 g<br \/>\n<strong>Anwendungsgebiete<\/strong>: Ammoniak und organische Amine<br \/>\n<strong>Product code<\/strong>: 50 01 59\/3<\/p>\n<p><strong>Typ<\/strong>: A2B2 \u2022<strong> Farbcode: <img loading=\"lazy\" decoding=\"async\" class=\"alignnone size-full wp-image-2757\" src=\"\/wp-content\/uploads\/2018\/07\/AB.png\" alt=\"\" width=\"51\" height=\"18\" \/><\/strong><br \/>\n<strong>Abmessungen<\/strong>: Durchmesser \/ H\u00f6he: 110 mm \/ 78 mm; <strong>Gewicht<\/strong>: 400 g<br \/>\n<strong>Anwendungsgebiete<\/strong>: organische Gase und D\u00e4mpfe mit a<br \/>\nSiedepunkt \u00fcber 65 \u00b0 C und anorganische Gase und D\u00e4mpfe<br \/>\n<strong>Product code<\/strong>: 50 01 58\/3<\/p>\n<p><strong>Typ<\/strong>: A2B2E2 \u2022 <strong>Farbcode: <img loading=\"lazy\" decoding=\"async\" class=\"alignnone size-full wp-image-2758\" src=\"\/wp-content\/uploads\/2018\/07\/ABE.png\" alt=\"\" width=\"78\" height=\"18\" \/><\/strong><br \/>\n<strong>Abmessungen<\/strong>: Durchmesser \/ H\u00f6he: 110 mm \/ 78 mm; <strong>Gewicht<\/strong>: 400 g<br \/>\n<strong>Anwendungsgebiete<\/strong>: organische Gase und D\u00e4mpfe mit einem Siedepunkt \u00fcber 65 \u00b0 C, anorganische und saure Gase und D\u00e4mpfe<br \/>\n<strong>Product code<\/strong>: 50 01 63\/3<\/p>\n<p><strong>Typ<\/strong>: A2B2E2K2 \u2022 <strong>Farbcode: <img loading=\"lazy\" decoding=\"async\" class=\"alignnone size-full wp-image-2759\" src=\"\/wp-content\/uploads\/2018\/07\/ABEK.png\" alt=\"\" width=\"105\" height=\"18\" \/><\/strong><br \/>\n<strong>Abmessungen<\/strong>: Durchmesser \/ H\u00f6he: 110 mm \/ 78 mm; <strong>Gewicht<\/strong>: 400 g<br \/>\n<strong>Anwendungsgebiete<\/strong>: organische Gase und D\u00e4mpfe mit einem Siedepunkt \u00fcber 65 \u00b0 C, anorganische Gase und D\u00e4mpfe, saure Gase und D\u00e4mpfe, Ammoniak und organische Amine<br \/>\n<strong>Product code<\/strong>: 50 01 69\/3<\/p>\n<h2>Kombinationsfilter<\/h2>\n<p><strong>Typ<\/strong>: A2P3 \u2022 Farbcode: <img loading=\"lazy\" decoding=\"async\" class=\"alignnone size-full wp-image-2765\" src=\"\/wp-content\/uploads\/2018\/07\/AP.png\" alt=\"\" width=\"51\" height=\"18\" \/><br \/>\n<strong>Abmessungen<\/strong>: Durchmesser \/ H\u00f6he: 110 mm \/ 95 mm, <strong>Gewicht<\/strong>: 325 g<br \/>\n<strong>Anwendungsgebiete<\/strong>: organische Gase und D\u00e4mpfe mit einem Siedepunkt \u00fcber 65 \u00b0 C, Partikel<br \/>\n<strong>Product code<\/strong>: 50 01 57\/3 , 50 01 57\/30<\/p>\n<p><strong>Typ<\/strong>: A1P3 \u2013 Filter mit niedriger Sorptionskapazit\u00e4t &#8211; Klasse 1<br \/>\nFilter ist nicht geeignet gegen sehr hohe Schadstoffkonzentrationen \u00a0\u2022<strong> Farbcode: <img loading=\"lazy\" decoding=\"async\" class=\"alignnone size-full wp-image-2765\" src=\"\/wp-content\/uploads\/2018\/07\/AP.png\" alt=\"\" width=\"51\" height=\"18\" \/><\/strong><br \/>\n<strong>Abmessungen<\/strong>: Durchmesser \/ H\u00f6he: 110 mm \/ 95 mm, Gewicht: 295 g<br \/>\n<strong>Anwendungsgebiete<\/strong>: organische Gase und D\u00e4mpfe mit einem Siedepunkt \u00fcber 65 \u00b0 C, Partikel<br \/>\n<strong>Product code<\/strong>: 50 03 57\/3<\/p>\n<p><strong>Typ<\/strong>: A3AXP33 \u2013 Filter mit hoher Sorptionskapazit\u00e4t \u2013 Klasse 3 \u2022<strong> Farbcode: <img loading=\"lazy\" decoding=\"async\" class=\"alignnone size-full wp-image-2765\" src=\"\/wp-content\/uploads\/2018\/07\/AP.png\" alt=\"\" width=\"51\" height=\"18\" \/><\/strong><br \/>\n<strong>Abmessungen<\/strong>: Durchmesser \/ H\u00f6he: 110 mm \/ 158 mm, Gewicht: 635 g<br \/>\n<strong>Anwendungsgebiete<\/strong>: organische Gase und D\u00e4mpfe mit einem Siedepunkt unter 65 \u00b0 C, Partikel<br \/>\n<strong>Product code<\/strong>: 50 01 70<\/p>\n<p><strong>Typ:<\/strong> B2P3 \u2022 <strong>Farbcode: <img loading=\"lazy\" decoding=\"async\" class=\"alignnone size-full wp-image-2766\" src=\"\/wp-content\/uploads\/2018\/07\/BP.png\" alt=\"\" width=\"51\" height=\"18\" \/><\/strong><br \/>\n<strong>Abmessungen<\/strong>: Durchmesser \/ H\u00f6he: 110 mm \/ 95 mm, Gewicht: 400 g<br \/>\n<strong>Anwendungsgebiete<\/strong>: anorganische Gase und D\u00e4mpfe, Partikel<br \/>\n<strong>Product code<\/strong>: 50 01 62\/3<\/p>\n<p><strong>Typ<\/strong>: K2P3 \u2022 <strong>Farbcode: <img loading=\"lazy\" decoding=\"async\" class=\"alignnone size-full wp-image-2767\" src=\"\/wp-content\/uploads\/2018\/07\/KP.png\" alt=\"\" width=\"51\" height=\"18\" \/><\/strong><br \/>\n<strong>Abmessungen<\/strong>: Durchmesser \/ H\u00f6he: 110 mm \/ 95 mm, Gewicht: 400 g<br \/>\n<strong>Anwendungsgebiete<\/strong>: Ammoniak und organische Amine, Partikel<br \/>\n<strong>Product code<\/strong>: 50 01 60\/3<\/p>\n<p><strong>Typ<\/strong>: A2B2P3 \u2022<strong> Farbcode: <img loading=\"lazy\" decoding=\"async\" class=\"alignnone size-full wp-image-2768\" src=\"\/wp-content\/uploads\/2018\/07\/ABP.png\" alt=\"\" width=\"78\" height=\"18\" \/><br \/>\n<\/strong><strong>Abmessungen<\/strong>: Durchmesser \/ H\u00f6he: 110 mm \/ 95 mm, Gewicht: 425 g<br \/>\n<strong>Anwendungsgebiete<\/strong>: organische Gase und D\u00e4mpfe mit Siedepunkt<br \/>\nPunkt \u00fcber 65 \u00b0 C, anorganische Gase und D\u00e4mpfe, Partikel<br \/>\n<strong>Product code<\/strong>: 50 01 67\/3<\/p>\n<p><strong>Typ<\/strong>: A2B2E2P3 \u2022 <strong>Farbcode: <img loading=\"lazy\" decoding=\"async\" class=\"alignnone size-full wp-image-2769\" src=\"\/wp-content\/uploads\/2018\/07\/ABEP.png\" alt=\"\" width=\"105\" height=\"18\" \/><\/strong><br \/>\n<strong>Abmessungen<\/strong>: Durchmesser \/ H\u00f6he: 110 mm \/ 95 mm, Gewicht: 400 g<br \/>\n<strong>Anwendungsgebiete<\/strong>: Organische Gase und D\u00e4mpfe<br \/>\nmit einem Siedepunkt \u00fcber 65 \u00b0 C, anorganische Gase und D\u00e4mpfe, saure Gase und D\u00e4mpfe, Partikel<br \/>\n<strong>Product code<\/strong>: 50 01 64\/3<\/p>\n<p><strong>Typ<\/strong>: A1B1E1P3 \u2013 Filter mit niedriger Sorptionskapazit\u00e4t &#8211; Klasse 1<br \/>\nFilter ist nicht geeignet gegen sehr hohe Schadstoffkonzentrationen\u00a0\u2022 <strong>Farbcode: <img loading=\"lazy\" decoding=\"async\" class=\"alignnone size-full wp-image-2769\" src=\"\/wp-content\/uploads\/2018\/07\/ABEP.png\" alt=\"\" width=\"105\" height=\"18\" \/><\/strong><br \/>\n<strong>Abmessungen<\/strong>: Durchmesser \/ H\u00f6he: 110 mm \/ 95 mm, Gewicht: 280 g<br \/>\n<strong>Anwendungsgebiete<\/strong>: organische Gase und D\u00e4mpfe mit einem Siedepunkt \u00fcber 65 \u00b0 C, anorganische Gase und D\u00e4mpfe, saure Gase und D\u00e4mpfe, Partikel<br \/>\n<strong>Product code<\/strong>: 50 03 64\/3<\/p>\n<p><strong>Typ<\/strong>: A2B2E2K2P3 \u2022 <strong>Farbcode: <img loading=\"lazy\" decoding=\"async\" class=\"alignnone size-full wp-image-2770\" src=\"\/wp-content\/uploads\/2018\/07\/ABEKP.png\" alt=\"\" width=\"132\" height=\"18\" \/><\/strong><br \/>\n<strong>Abmessungen<\/strong>: Durchmesser \/ H\u00f6he: 110 mm \/ 95 mm, Gewicht: 400 g<br \/>\n<strong>Anwendungsgebiete<\/strong>: organische Gase und D\u00e4mpfe mit einem Siedepunkt \u00fcber 65 \u00b0 C, anorganische Gase und D\u00e4mpfe, saure Gase und D\u00e4mpfe, Ammoniak und organische Amine, Partikel<br \/>\n<strong>Product code<\/strong>: 50 01 68\/3 , 50 01 68\/30<\/p>\n<p><strong>Typ<\/strong>: A2B2E2K2HgP3 \u2022 <strong>Farbcode: <img loading=\"lazy\" decoding=\"async\" class=\"alignnone size-full wp-image-2771\" src=\"\/wp-content\/uploads\/2018\/07\/ABEKHgP.png\" alt=\"\" width=\"159\" height=\"18\" \/><\/strong><br \/>\n<strong>Abmessungen<\/strong>: Durchmesser \/ H\u00f6he: 110 mm \/ 95 mm, Gewicht: 425 g<br \/>\n<strong>Anwendungsgebiete<\/strong>: organische Gase und D\u00e4mpfe mit einem Siedepunkt \u00fcber 65 \u00b0 C, anorganische Gase und D\u00e4mpfe, saure Gase und D\u00e4mpfe, Ammoniak und organische Amine, Quecksilberverbindungen und D\u00e4mpfe, Partikel<br \/>\n<strong>Product code<\/strong>: 50 01 66\/3<\/p>\n<p><strong>Typ<\/strong>: NBC &#8211; A2B2E2K2P3, with two threads RD40x1\/7&#8243; \u2022 <strong>Farbcode<\/strong><strong>:\u00a0<img loading=\"lazy\" decoding=\"async\" class=\"alignnone size-full wp-image-2771\" src=\"\/wp-content\/uploads\/2018\/07\/ABEKHgP.png\" alt=\"\" width=\"159\" height=\"18\" \/><\/strong><br \/>\n<strong>Abmessungen<\/strong>: Durchmesser \/ H\u00f6he: 110 mm \/ 95 mm, Gewicht: 385 g<br \/>\n<strong>Anwendungsgebiete<\/strong>: organische Gase und D\u00e4mpfe mit einem Siedepunkt \u00fcber 65 \u00b0 C, anorganische Gase und D\u00e4mpfe, saure Gase und D\u00e4mpfe, Ammoniak und organische Amine, Quecksilberverbindungen und D\u00e4mpfe, Partikel<br \/>\n<strong>Product code<\/strong>: 50 02 65X\/3<\/p>\n<p><strong>Typ<\/strong>: NBC &#8211; A2B2E2K2P3 \u2022 <strong>Farbcode<\/strong><strong>:\u00a0<img loading=\"lazy\" decoding=\"async\" class=\"alignnone size-full wp-image-2771\" src=\"\/wp-content\/uploads\/2018\/07\/ABEKHgP.png\" alt=\"\" width=\"159\" height=\"18\" \/><\/strong><br \/>\n<strong>Abmessungen<\/strong>: Durchmesser \/ H\u00f6he: 110 mm \/ 95 mm, Gewicht: XXX g<br \/>\n<strong>Anwendungsgebiete<\/strong>: organische Gase und D\u00e4mpfe mit einem Siedepunkt \u00fcber 65 \u00b0 C, anorganische Gase und D\u00e4mpfe, saure Gase und D\u00e4mpfe, Ammoniak und organische Amine, Quecksilberverbindungen und D\u00e4mpfe, Partikel<br \/>\n<strong>Product code<\/strong>: 50 01 65X\/3<\/p>\n<p><strong>Wichtiger Hinweis:<\/strong><\/p>\n<p>Filterkanister sind nicht mit PAPR-Einheiten <a href=\"https:\/\/www.clean-air.cz\/de\/systeme-fur-den-personlichen-atemschutz\/cleanair-aergo\/\">CleanAIR\u00ae AerGO\u00ae<\/a> und <a href=\"https:\/\/www.clean-air.cz\/de\/systeme-fur-den-personlichen-atemschutz\/cleanair-basic\/\">CleanAIR\u00ae Basic<\/a> kompatibel. Weitere Informationen finden Sie auf den Produktseiten.[\/vc_column_text][\/vc_column][\/vc_row]<\/p>\n","protected":false},"excerpt":{"rendered":"<p>[vc_row][vc_column][vc_column_text]Das vollst\u00e4ndige Sortiment von CleanAIR\u00ae-Filter bietet eine gro\u00dfe Auswahl an Filtern f\u00fcr die meisten industriellen Anwendungen, die Pharmaindustrie, Laboratorien und die Landwirtschaft. Die Filter werden mit einem Standardanschlussgewinde RD40 \u00d7 1\/7 \u201cgem\u00e4\u00df EN 148-1 geliefert. Wenn Sie Hilfe bei der Auswahl des richtigen Filters auf der Basis von Schadstoffen ben\u00f6tigen, verwenden Sie bitte die Filteranleitung (im Bereich Downloads).[\/vc_column_text][vc_column_text][\/vc_column_text][\/vc_column][\/vc_row][vc_row][vc_column][vc_column_text]Partikelfilter Sie fangen eine Menge von festen Partikeln in Form von fl\u00fcssigen und<\/p>\n<p><a class=\"more-link\" href=\"https:\/\/www.clean-air.cz\/de\/filter\/\">Weiterlesen<\/a><\/p>\n","protected":false},"author":11,"featured_media":0,"parent":0,"menu_order":0,"comment_status":"closed","ping_status":"closed","template":"","meta":{"footnotes":""},"_links":{"self":[{"href":"https:\/\/www.clean-air.cz\/de\/wp-json\/wp\/v2\/pages\/6557"}],"collection":[{"href":"https:\/\/www.clean-air.cz\/de\/wp-json\/wp\/v2\/pages"}],"about":[{"href":"https:\/\/www.clean-air.cz\/de\/wp-json\/wp\/v2\/types\/page"}],"author":[{"embeddable":true,"href":"https:\/\/www.clean-air.cz\/de\/wp-json\/wp\/v2\/users\/11"}],"replies":[{"embeddable":true,"href":"https:\/\/www.clean-air.cz\/de\/wp-json\/wp\/v2\/comments?post=6557"}],"version-history":[{"count":0,"href":"https:\/\/www.clean-air.cz\/de\/wp-json\/wp\/v2\/pages\/6557\/revisions"}],"wp:attachment":[{"href":"https:\/\/www.clean-air.cz\/de\/wp-json\/wp\/v2\/media?parent=6557"}],"curies":[{"name":"wp","href":"https:\/\/api.w.org\/{rel}","templated":true}]}}