{"id":6289,"date":"2019-04-23T15:43:05","date_gmt":"2019-04-23T13:43:05","guid":{"rendered":"https:\/\/www.clean-air.cz\/hauben\/schutzhelme\/"},"modified":"2026-01-27T08:44:51","modified_gmt":"2026-01-27T07:44:51","slug":"schutzhelme","status":"publish","type":"page","link":"https:\/\/www.clean-air.cz\/de\/hauben\/schutzhelme\/","title":{"rendered":"Schutzhelme"},"content":{"rendered":"<p>[vc_row css=&#8221;.vc_custom_1515063137650{background-color: #ffffff !important;}&#8221;][vc_column][vc_column_text]Schutzhelme CleanAIR\u00ae bieten Kopfschutz in verschiedenen industriellen Anwendungen. Alle unsere Schutzhelme sind mit einer Luftverteilung ausgestattet, die in Kombination mit . Atemschutz bietet <a href=\"https:\/\/www.clean-air.cz\/de\/systeme-fur-den-personlichen-atemschutz\/\">PAPR<\/a>.[\/vc_column_text][vc_tta_tour style=&#8221;modern&#8221; shape=&#8221;square&#8221; gap=&#8221;1&#8243; active_section=&#8221;1&#8243; no_fill_content_area=&#8221;true&#8221;][vc_tta_section title=&#8221;CA-40&#8243; tab_id=&#8221;1529910379656-a8bce081-0007&#8243;][vc_column_text]<br \/>\n<img loading=\"lazy\" decoding=\"async\" class=\"alignnone size-medium wp-image-14597\" src=\"https:\/\/www.clean-air.cz\/wp-content\/uploads\/2021\/12\/704100_CA-40-front-1-300x300.jpg\" alt=\"\" width=\"300\" height=\"300\" srcset=\"https:\/\/www.clean-air.cz\/wp-content\/uploads\/2021\/12\/704100_CA-40-front-1-300x300.jpg 300w, https:\/\/www.clean-air.cz\/wp-content\/uploads\/2021\/12\/704100_CA-40-front-1-1024x1024.jpg 1024w, https:\/\/www.clean-air.cz\/wp-content\/uploads\/2021\/12\/704100_CA-40-front-1-150x150.jpg 150w, https:\/\/www.clean-air.cz\/wp-content\/uploads\/2021\/12\/704100_CA-40-front-1-768x768.jpg 768w, https:\/\/www.clean-air.cz\/wp-content\/uploads\/2021\/12\/704100_CA-40-front-1-1536x1536.jpg 1536w, https:\/\/www.clean-air.cz\/wp-content\/uploads\/2021\/12\/704100_CA-40-front-1-800x800.jpg 800w, https:\/\/www.clean-air.cz\/wp-content\/uploads\/2021\/12\/704100_CA-40-front-1-250x250.jpg 250w, https:\/\/www.clean-air.cz\/wp-content\/uploads\/2021\/12\/704100_CA-40-front-1.jpg 1600w\" sizes=\"(max-width: 300px) 100vw, 300px\" \/><\/p>\n<h3>Schutzhelm CA-40 mit Schwei\u00dfschirm<\/h3>\n<p>Eine Kombination aus Schwei\u00dfschirm und Schutzhelm mit integriertem Luftverteilersystem. Sch\u00fctzt Kopf, Atemwege, Augen, Gesicht und Geh\u00f6r beim Schwei\u00dfen in hochgradig anspruchsvollen Umgebungen.<\/p>\n<p><strong>Anwendungsbereiche<\/strong><\/p>\n<ul>\n<li>F\u00fcr die meisten Schwei\u00dfmethoden in herausfordernden Industrieumgebungen geeignet<\/li>\n<li>Automobilindustrie, Schiff bau und Geb\u00e4udebau<\/li>\n<\/ul>\n<p><img loading=\"lazy\" decoding=\"async\" class=\"alignnone wp-image-3703 \" src=\"https:\/\/www.clean-air.cz\/wp-content\/uploads\/2018\/06\/helma-120.png\" alt=\"\" width=\"54\" height=\"70\" \/>\u00a0<img loading=\"lazy\" decoding=\"async\" class=\"alignnone wp-image-3705\" src=\"https:\/\/www.clean-air.cz\/wp-content\/uploads\/2018\/06\/sluchatka-120.png\" alt=\"\" width=\"72\" height=\"70\" \/>\u00a0<img loading=\"lazy\" decoding=\"async\" class=\"alignnone wp-image-3707\" src=\"https:\/\/www.clean-air.cz\/wp-content\/uploads\/2018\/06\/svarovaci-stit-120.png\" alt=\"\" width=\"58\" height=\"70\" \/>\u00a0<img loading=\"lazy\" decoding=\"async\" class=\"alignnone wp-image-3704\" src=\"https:\/\/www.clean-air.cz\/wp-content\/uploads\/2018\/06\/plice-120.png\" alt=\"\" width=\"81\" height=\"70\" \/>[\/vc_column_text][vc_btn title=&#8221;Siehe die Produktseite!&#8221; shape=&#8221;square&#8221; color=&#8221;juicy-pink&#8221; i_icon_fontawesome=&#8221;fa fa-arrow-right&#8221; add_icon=&#8221;true&#8221; link=&#8221;url:https%3A%2F%2Fwww.clean-air.cz%2Fde%2Fhauben%2Fschweishauben%2Fschutzhelm-ca-40-mit-schweisschirm%2F|title:Schutzhelm%20CA-40%20mit%20Schwei%C3%9Fschirm|&#8221;][\/vc_tta_section][vc_tta_section title=&#8221;CA-40G&#8221; tab_id=&#8221;1529908036190-23c5b3b8-518d&#8221;][vc_column_text]<\/p>\n<h3><img loading=\"lazy\" decoding=\"async\" class=\"size-medium wp-image-14424 alignnone\" src=\"https:\/\/www.clean-air.cz\/wp-content\/uploads\/2021\/12\/704100_CA-40G-iso-300x300.jpg\" alt=\"\" width=\"300\" height=\"300\" srcset=\"https:\/\/www.clean-air.cz\/wp-content\/uploads\/2021\/12\/704100_CA-40G-iso-300x300.jpg 300w, https:\/\/www.clean-air.cz\/wp-content\/uploads\/2021\/12\/704100_CA-40G-iso-1024x1024.jpg 1024w, https:\/\/www.clean-air.cz\/wp-content\/uploads\/2021\/12\/704100_CA-40G-iso-150x150.jpg 150w, https:\/\/www.clean-air.cz\/wp-content\/uploads\/2021\/12\/704100_CA-40G-iso-768x768.jpg 768w, https:\/\/www.clean-air.cz\/wp-content\/uploads\/2021\/12\/704100_CA-40G-iso-1536x1536.jpg 1536w, https:\/\/www.clean-air.cz\/wp-content\/uploads\/2021\/12\/704100_CA-40G-iso-800x800.jpg 800w, https:\/\/www.clean-air.cz\/wp-content\/uploads\/2021\/12\/704100_CA-40G-iso-250x250.jpg 250w, https:\/\/www.clean-air.cz\/wp-content\/uploads\/2021\/12\/704100_CA-40G-iso.jpg 1600w\" sizes=\"(max-width: 300px) 100vw, 300px\" \/><\/h3>\n<h3>Safety helmet CA-40G with the grinding shield<\/h3>\n<p>This helmet ensures the efficient protection of the respiratory tract, it protects also the head, sight and face against fast flying particles (indicated: A) and at the same time provides basic protection against harmful ultraviolet radiation.<\/p>\n<p><strong>Areas of application\u00a0<\/strong><br \/>\nHighly demanding environments, grinding and other kinds of surface finnishing\u00a0operations. Automotive industry, shipbuilding, building construction.<\/p>\n<p><img loading=\"lazy\" decoding=\"async\" class=\"alignnone wp-image-3703 \" src=\"https:\/\/www.clean-air.cz\/wp-content\/uploads\/2018\/06\/helma-120.png\" alt=\"\" width=\"54\" height=\"70\" \/>\u00a0<img loading=\"lazy\" decoding=\"async\" class=\"alignnone wp-image-3705\" src=\"https:\/\/www.clean-air.cz\/wp-content\/uploads\/2018\/06\/sluchatka-120.png\" alt=\"\" width=\"72\" height=\"70\" \/>\u00a0<img loading=\"lazy\" decoding=\"async\" class=\"alignnone wp-image-3706 \" src=\"https:\/\/www.clean-air.cz\/wp-content\/uploads\/2018\/06\/stit-120.png\" alt=\"\" width=\"58\" height=\"70\" \/>\u00a0<img loading=\"lazy\" decoding=\"async\" class=\"alignnone wp-image-3704\" src=\"https:\/\/www.clean-air.cz\/wp-content\/uploads\/2018\/06\/plice-120.png\" alt=\"\" width=\"81\" height=\"70\" \/>[\/vc_column_text][vc_btn title=&#8221;Siehe die Produktseite!&#8221; shape=&#8221;square&#8221; color=&#8221;juicy-pink&#8221; i_icon_fontawesome=&#8221;fa fa-arrow-right&#8221; add_icon=&#8221;true&#8221; link=&#8221;url:https%3A%2F%2Fwww.clean-air.cz%2Fde%2Fhauben%2Fschleifschirme%2Fschutzhelm-ca-40g-mit-schleifschirm%2F|title:Safety%20helmet%20CA-40G%20with%20grinding%20shield|&#8221;][\/vc_tta_section][vc_tta_section title=&#8221;CA-40GW&#8221; tab_id=&#8221;1529909274439-3f41cf2d-1696&#8243;][vc_column_text]<\/p>\n<h3><img loading=\"lazy\" decoding=\"async\" class=\"alignnone size-medium wp-image-14410\" src=\"https:\/\/www.clean-air.cz\/wp-content\/uploads\/2021\/12\/704201_CA-40GW_hluchatka-iso-up-300x300.jpg\" alt=\"\" width=\"300\" height=\"300\" srcset=\"https:\/\/www.clean-air.cz\/wp-content\/uploads\/2021\/12\/704201_CA-40GW_hluchatka-iso-up-300x300.jpg 300w, https:\/\/www.clean-air.cz\/wp-content\/uploads\/2021\/12\/704201_CA-40GW_hluchatka-iso-up-1024x1024.jpg 1024w, https:\/\/www.clean-air.cz\/wp-content\/uploads\/2021\/12\/704201_CA-40GW_hluchatka-iso-up-150x150.jpg 150w, https:\/\/www.clean-air.cz\/wp-content\/uploads\/2021\/12\/704201_CA-40GW_hluchatka-iso-up-768x768.jpg 768w, https:\/\/www.clean-air.cz\/wp-content\/uploads\/2021\/12\/704201_CA-40GW_hluchatka-iso-up-1536x1536.jpg 1536w, https:\/\/www.clean-air.cz\/wp-content\/uploads\/2021\/12\/704201_CA-40GW_hluchatka-iso-up-800x800.jpg 800w, https:\/\/www.clean-air.cz\/wp-content\/uploads\/2021\/12\/704201_CA-40GW_hluchatka-iso-up-250x250.jpg 250w, https:\/\/www.clean-air.cz\/wp-content\/uploads\/2021\/12\/704201_CA-40GW_hluchatka-iso-up.jpg 1600w\" sizes=\"(max-width: 300px) 100vw, 300px\" \/><\/h3>\n<h3>Schutzhelm CA-40GW mit Schleif- und Schwei\u00dfschirm<\/h3>\n<p>Eine Kombination aus Schleifschirm, Schwei\u00dfschirm und Schutzhelm mit integriertem Luftverteilersystem. Sch\u00fctzt den Kopf, Atemwege, Augen, Gesicht und Geh\u00f6r in hochgradig anspruchsvollen Umgebungen.<\/p>\n<p><strong>Anwendungsbereiche<\/strong><\/p>\n<ul>\n<li>Anspruchsvollste Industrieumgebungen, wo Vorbereitungsarbeiten (Klemmen, Positionieren, Transportieren) notwendig sind oder wo direkt nach dem Schwei\u00dfen weitere Oberfl \u00e4chenbearbeitungen (Schleifen, Reinigen) erfolgen<\/li>\n<li>Automobilindustrie, Schiff bau und Geb\u00e4udebau<\/li>\n<\/ul>\n<p><img loading=\"lazy\" decoding=\"async\" class=\"alignnone wp-image-3703 \" src=\"https:\/\/www.clean-air.cz\/wp-content\/uploads\/2018\/06\/helma-120.png\" alt=\"\" width=\"55\" height=\"70\" \/>\u00a0<img loading=\"lazy\" decoding=\"async\" class=\"alignnone wp-image-3705\" src=\"https:\/\/www.clean-air.cz\/wp-content\/uploads\/2018\/06\/sluchatka-120.png\" alt=\"\" width=\"72\" height=\"70\" \/>\u00a0<img loading=\"lazy\" decoding=\"async\" class=\"alignnone wp-image-3706\" src=\"https:\/\/www.clean-air.cz\/wp-content\/uploads\/2018\/06\/stit-120.png\" alt=\"\" width=\"58\" height=\"70\" \/>\u00a0<img loading=\"lazy\" decoding=\"async\" class=\"alignnone wp-image-3707\" src=\"https:\/\/www.clean-air.cz\/wp-content\/uploads\/2018\/06\/svarovaci-stit-120.png\" alt=\"\" width=\"58\" height=\"70\" \/>\u00a0<img loading=\"lazy\" decoding=\"async\" class=\"alignnone wp-image-3704\" src=\"https:\/\/www.clean-air.cz\/wp-content\/uploads\/2018\/06\/plice-120.png\" alt=\"\" width=\"81\" height=\"70\" \/>[\/vc_column_text][vc_btn title=&#8221;Siehe die Produktseite!&#8221; shape=&#8221;square&#8221; color=&#8221;juicy-pink&#8221; i_icon_fontawesome=&#8221;fa fa-arrow-right&#8221; add_icon=&#8221;true&#8221; link=&#8221;url:https%3A%2F%2Fwww.clean-air.cz%2Fde%2Fhauben%2Fschweishauben%2Fschutzhelm-ca-40gw%2F|title:Schutzhelm%20CA-40GW%20mit%20Schleif-%20und%20Schwei%C3%9Fschirm|&#8221;][\/vc_tta_section][vc_tta_section title=&#8221;CA-4&#8243; tab_id=&#8221;1528868639021-8778a5fb-a171&#8243;][vc_column_text]<br \/>\n<img loading=\"lazy\" decoding=\"async\" class=\"alignnone size-medium wp-image-18180\" src=\"https:\/\/www.clean-air.cz\/wp-content\/uploads\/2023\/01\/CA-4-iso_yellow-219x300.png\" alt=\"\" width=\"219\" height=\"300\" srcset=\"https:\/\/www.clean-air.cz\/wp-content\/uploads\/2023\/01\/CA-4-iso_yellow-219x300.png 219w, https:\/\/www.clean-air.cz\/wp-content\/uploads\/2023\/01\/CA-4-iso_yellow-748x1024.png 748w, https:\/\/www.clean-air.cz\/wp-content\/uploads\/2023\/01\/CA-4-iso_yellow-768x1051.png 768w, https:\/\/www.clean-air.cz\/wp-content\/uploads\/2023\/01\/CA-4-iso_yellow-1122x1536.png 1122w, https:\/\/www.clean-air.cz\/wp-content\/uploads\/2023\/01\/CA-4-iso_yellow-1497x2048.png 1497w, https:\/\/www.clean-air.cz\/wp-content\/uploads\/2023\/01\/CA-4-iso_yellow-800x1095.png 800w\" sizes=\"(max-width: 219px) 100vw, 219px\" \/><\/p>\n<h3>Safety helmet CA-4<\/h3>\n<p>Der Schutzhelm CA-4 kombiniert Atemwegsschutz mit Schutz von Kopf, Gesicht und Ohren. Das breite Panoramavisier mit Anti-Beschlag-Beschichtung erm\u00f6glicht eine gute Orientierung. Der Helm kann mit einem zus\u00e4tzlichen, hochklappbaren Visier aus Acetat ausgestattet werden.<\/p>\n<p><strong>Anwendungsbereiche<\/strong><\/p>\n<ul>\n<li>Staubige Umgebungen, wo Schutz von Hals und Schultern nicht notwendig ist und f\u00fcr Umgebungen mit hohen Anforderungen an den chemischen Schutz geeignet.<\/li>\n<\/ul>\n<p><img loading=\"lazy\" decoding=\"async\" class=\"alignnone wp-image-3703 \" src=\"https:\/\/www.clean-air.cz\/wp-content\/uploads\/2018\/06\/helma-120.png\" alt=\"\" width=\"54\" height=\"70\" \/>\u00a0<img loading=\"lazy\" decoding=\"async\" class=\"alignnone wp-image-3705 \" src=\"https:\/\/www.clean-air.cz\/wp-content\/uploads\/2018\/06\/sluchatka-120.png\" alt=\"\" width=\"72\" height=\"70\" \/>\u00a0<img loading=\"lazy\" decoding=\"async\" class=\"alignnone wp-image-3706 \" src=\"https:\/\/www.clean-air.cz\/wp-content\/uploads\/2018\/06\/stit-120.png\" alt=\"\" width=\"58\" height=\"70\" \/>\u00a0<img loading=\"lazy\" decoding=\"async\" class=\"alignnone wp-image-3704\" src=\"https:\/\/www.clean-air.cz\/wp-content\/uploads\/2018\/06\/plice-120.png\" alt=\"\" width=\"81\" height=\"70\" \/>[\/vc_column_text][vc_btn title=&#8221;Siehe die Produktseite!&#8221; shape=&#8221;square&#8221; color=&#8221;juicy-pink&#8221; i_icon_fontawesome=&#8221;fa fa-arrow-right&#8221; add_icon=&#8221;true&#8221; link=&#8221;url:https%3A%2F%2Fwww.clean-air.cz%2Fde%2Fhauben%2Fschutzschirme%2Fschutzhelm-ca-4%2F|title:Schutzhelm%20CA-4|&#8221;][\/vc_tta_section][\/vc_tta_tour][\/vc_column][\/vc_row][vc_row content_placement=&#8221;middle&#8221;][vc_column][vc_tta_accordion shape=&#8221;square&#8221; active_section=&#8221;&#8221;][vc_tta_section i_icon_fontawesome=&#8221;fa fa-info-circle&#8221; add_icon=&#8221;true&#8221; title=&#8221;Legende der Schutzsymbole&#8221; tab_id=&#8221;1515066157336-19bc9408-6024&#8243;][vc_column_text]<\/p>\n<p>&nbsp;<\/p>\n<table class=\" aligncenter\">\n<tbody>\n<tr>\n<td style=\"text-align: center;\"><a href=\"https:\/\/www.clean-air.cz\/wp-content\/uploads\/2017\/12\/helma.png\"><img loading=\"lazy\" decoding=\"async\" class=\"alignnone wp-image-3149\" src=\"https:\/\/www.clean-air.cz\/wp-content\/uploads\/2017\/12\/helma-229x300.png\" alt=\"\" width=\"76\" height=\"100\" \/><\/a><\/td>\n<td style=\"text-align: center;\"><a href=\"https:\/\/www.clean-air.cz\/wp-content\/uploads\/2017\/12\/svarovaci-stit.png\"><img loading=\"lazy\" decoding=\"async\" class=\"alignnone wp-image-3153\" src=\"https:\/\/www.clean-air.cz\/wp-content\/uploads\/2017\/12\/svarovaci-stit-250x300.png\" alt=\"\" width=\"83\" height=\"100\" \/><\/a><\/td>\n<td style=\"text-align: center;\"><a href=\"https:\/\/www.clean-air.cz\/wp-content\/uploads\/2017\/12\/stit.png\"><img loading=\"lazy\" decoding=\"async\" class=\"alignnone wp-image-3152\" src=\"https:\/\/www.clean-air.cz\/wp-content\/uploads\/2017\/12\/stit-250x300.png\" alt=\"\" width=\"83\" height=\"100\" \/><\/a><\/td>\n<td style=\"text-align: center;\"><a href=\"https:\/\/www.clean-air.cz\/wp-content\/uploads\/2017\/12\/sluchatka.png\"><img loading=\"lazy\" decoding=\"async\" class=\"alignnone wp-image-3151\" src=\"https:\/\/www.clean-air.cz\/wp-content\/uploads\/2017\/12\/sluchatka-300x290.png\" alt=\"\" width=\"104\" height=\"100\" \/><\/a><\/td>\n<td style=\"text-align: center;\"><a href=\"https:\/\/www.clean-air.cz\/wp-content\/uploads\/2017\/12\/plice.png\"><img loading=\"lazy\" decoding=\"async\" class=\"alignnone wp-image-3150\" src=\"https:\/\/www.clean-air.cz\/wp-content\/uploads\/2017\/12\/plice-300x261.png\" alt=\"\" width=\"115\" height=\"100\" \/><\/a><\/td>\n<\/tr>\n<tr>\n<td style=\"text-align: center;\"><span style=\"color: #000000;\">HEAD<\/span><\/td>\n<td style=\"text-align: center;\"><span style=\"color: #000000;\">WELDING<\/span><\/td>\n<td style=\"text-align: center;\"><span style=\"color: #000000;\">EYE AND FACE<\/span><\/td>\n<td style=\"text-align: center;\"><span style=\"color: #000000;\">HEARING<\/span><\/td>\n<td style=\"text-align: center;\"><span style=\"color: #000000;\">RESPIRATORY<\/span><\/td>\n<\/tr>\n<\/tbody>\n<\/table>\n<p>[\/vc_column_text][\/vc_tta_section][\/vc_tta_accordion][vc_separator color=&#8221;juicy_pink&#8221;][\/vc_column][\/vc_row][vc_row][vc_column][\/vc_column][\/vc_row]<\/p>\n","protected":false},"excerpt":{"rendered":"<p>[vc_row css=&#8221;.vc_custom_1515063137650{background-color: #ffffff !important;}&#8221;][vc_column][vc_column_text]Schutzhelme CleanAIR\u00ae bieten Kopfschutz in verschiedenen industriellen Anwendungen. Alle unsere Schutzhelme sind mit einer Luftverteilung ausgestattet, die in Kombination mit . Atemschutz bietet PAPR.[\/vc_column_text][vc_tta_tour style=&#8221;modern&#8221; shape=&#8221;square&#8221; gap=&#8221;1&#8243; active_section=&#8221;1&#8243; no_fill_content_area=&#8221;true&#8221;][vc_tta_section title=&#8221;CA-40&#8243; tab_id=&#8221;1529910379656-a8bce081-0007&#8243;][vc_column_text] Schutzhelm CA-40 mit Schwei\u00dfschirm Eine Kombination aus Schwei\u00dfschirm und Schutzhelm mit integriertem Luftverteilersystem. Sch\u00fctzt Kopf, Atemwege, Augen, Gesicht und Geh\u00f6r beim Schwei\u00dfen in hochgradig anspruchsvollen Umgebungen. Anwendungsbereiche F\u00fcr die meisten Schwei\u00dfmethoden in herausfordernden Industrieumgebungen geeignet Automobilindustrie,<\/p>\n<p><a class=\"more-link\" href=\"https:\/\/www.clean-air.cz\/de\/hauben\/schutzhelme\/\">Weiterlesen<\/a><\/p>\n","protected":false},"author":11,"featured_media":0,"parent":3629,"menu_order":0,"comment_status":"closed","ping_status":"closed","template":"","meta":{"footnotes":""},"_links":{"self":[{"href":"https:\/\/www.clean-air.cz\/de\/wp-json\/wp\/v2\/pages\/6289"}],"collection":[{"href":"https:\/\/www.clean-air.cz\/de\/wp-json\/wp\/v2\/pages"}],"about":[{"href":"https:\/\/www.clean-air.cz\/de\/wp-json\/wp\/v2\/types\/page"}],"author":[{"embeddable":true,"href":"https:\/\/www.clean-air.cz\/de\/wp-json\/wp\/v2\/users\/11"}],"replies":[{"embeddable":true,"href":"https:\/\/www.clean-air.cz\/de\/wp-json\/wp\/v2\/comments?post=6289"}],"version-history":[{"count":0,"href":"https:\/\/www.clean-air.cz\/de\/wp-json\/wp\/v2\/pages\/6289\/revisions"}],"up":[{"embeddable":true,"href":"https:\/\/www.clean-air.cz\/de\/wp-json\/wp\/v2\/pages\/3629"}],"wp:attachment":[{"href":"https:\/\/www.clean-air.cz\/de\/wp-json\/wp\/v2\/media?parent=6289"}],"curies":[{"name":"wp","href":"https:\/\/api.w.org\/{rel}","templated":true}]}}