{"id":4418,"date":"2019-02-19T08:16:49","date_gmt":"2019-02-19T07:16:49","guid":{"rendered":"https:\/\/www.clean-air.cz\/cleanair-geblasesysteme-fur-den-personlichen-atemschutz\/"},"modified":"2026-04-21T08:03:50","modified_gmt":"2026-04-21T06:03:50","slug":"cleanair-geblasesysteme-fur-den-personlichen-atemschutz","status":"publish","type":"page","link":"https:\/\/www.clean-air.cz\/de\/","title":{"rendered":"CleanAIR &#8211; Gebl\u00e4sesysteme f\u00fcr den pers\u00f6nlichen Atemschutz"},"content":{"rendered":"<p>[vc_row full_width=&#8221;stretch_row&#8221; css=&#8221;.vc_custom_1541165119459{padding-bottom: 0px !important;background-color: #ffffff !important;background-position: center !important;background-repeat: no-repeat !important;background-size: cover !important;}&#8221;][vc_column width=&#8221;1\/3&#8243; css=&#8221;.vc_custom_1515676975015{background-color: #ffffff !important;background-position: center !important;background-repeat: no-repeat !important;background-size: cover !important;}&#8221;][vc_hoverbox image=&#8221;4421&#8243; primary_title=&#8221;Schwei\u00dfen &amp; Herstellung&#8221; primary_title_font_container=&#8221;color:%23ffffff&#8221; hover_title=&#8221;Schwei\u00dfen &amp; Herstellung&#8221; hover_title_font_container=&#8221;color:%23ffffff&#8221; shape=&#8221;square&#8221; hover_background_color=&#8221;custom&#8221; hover_btn_title=&#8221;Mehr dar\u00fcber&#8221; hover_btn_style=&#8221;custom&#8221; hover_btn_custom_background=&#8221;#c00d0d&#8221; hover_btn_custom_text=&#8221;#ffffff&#8221; hover_btn_shape=&#8221;square&#8221; use_custom_fonts_primary_title=&#8221;true&#8221; use_custom_fonts_hover_title=&#8221;true&#8221; hover_add_button=&#8221;true&#8221; primary_title_link=&#8221;url:https%3A%2F%2Fwww.clean-air.cz%2Fde%2Fschweisen-herstellung%2F|&#8221; hover_btn_link=&#8221;url:https%3A%2F%2Fwww.clean-air.cz%2Fde%2Fschweisen-herstellung%2F|&#8221; hover_custom_background=&#8221;rgba(41,63,134,0.95)&#8221; hover_title_link=&#8221;url:https%3A%2F%2Fwww.clean-air.cz%2Fde%2Fschweisen-herstellung%2F|&#8221;]<\/p>\n<div class=\"frontboxeshover\">Discover the benefits of CleanAIR\u00ae <strong>respiratory protection systems<\/strong> for professionals working in the most challenging conditions. Should you work in shipbuilding <strong>industry<\/strong>, at <strong>construction site<\/strong>, manufacturing factory, or as the offshore <strong>welder<\/strong>, for sure you&#8217;ll apreciate a wide range and high quality of products with the CleanAIR\u00ae brand on it.<\/div>\n<p>[\/vc_hoverbox][\/vc_column][vc_column width=&#8221;1\/3&#8243;][vc_hoverbox image=&#8221;4420&#8243; primary_title=&#8221;Chemie, Labore &amp; Pharmaindustrie&#8221; primary_title_font_container=&#8221;color:%23ffffff&#8221; hover_title=&#8221;Chemie, Labore &amp; Pharmaindustrie&#8221; hover_title_font_container=&#8221;color:%23ffffff&#8221; shape=&#8221;square&#8221; hover_background_color=&#8221;custom&#8221; hover_btn_title=&#8221;Mehr dar\u00fcber&#8221; hover_btn_style=&#8221;custom&#8221; hover_btn_custom_background=&#8221;#c00d0d&#8221; hover_btn_custom_text=&#8221;#ffffff&#8221; hover_btn_shape=&#8221;square&#8221; use_custom_fonts_primary_title=&#8221;true&#8221; use_custom_fonts_hover_title=&#8221;true&#8221; hover_add_button=&#8221;true&#8221; primary_title_link=&#8221;url:https%3A%2F%2Fwww.clean-air.cz%2Fde%2Fchemie-labore-pharmaindustrie%2F|title:Chemie%2C%20Labore%20%26amp%3B%20Pharmaindustrie|&#8221; hover_btn_link=&#8221;url:https%3A%2F%2Fwww.clean-air.cz%2Fde%2Fchemie-labore-pharmaindustrie%2F|title:Chemie%2C%20Labore%20%26amp%3B%20Pharmaindustrie|&#8221; hover_custom_background=&#8221;rgba(220,145,27,0.95)&#8221; hover_title_link=&#8221;url:https%3A%2F%2Fwww.clean-air.cz%2Fde%2Fchemie-labore-pharmaindustrie%2F|title:Chemie%2C%20Labore%20%26amp%3B%20Pharmaindustrie|&#8221;]<\/p>\n<div class=\"frontboxeshover\">Discover the benefits of CleanAIR\u00ae <strong>respiratory protection systems<\/strong> for professionals working in the most challenging conditions. Should you work in shipbuilding <strong>industry<\/strong>, at <strong>construction site<\/strong>, manufacturing factory, or as the offshore <strong>welder<\/strong>, for sure you&#8217;ll apreciate a wide range and high quality of products with the CleanAIR\u00ae brand on it.<\/div>\n<p>[\/vc_hoverbox][\/vc_column][vc_column width=&#8221;1\/3&#8243;][vc_hoverbox image=&#8221;4422&#8243; primary_title=&#8221;Asbestsanierung&#8221; primary_title_font_container=&#8221;color:%23ffffff&#8221; hover_title=&#8221;Asbestsanierung&#8221; hover_title_font_container=&#8221;color:%23ffffff&#8221; shape=&#8221;square&#8221; hover_background_color=&#8221;custom&#8221; hover_btn_title=&#8221;Mehr dar\u00fcber&#8221; hover_btn_style=&#8221;custom&#8221; hover_btn_custom_background=&#8221;#a41515&#8243; hover_btn_custom_text=&#8221;#ffffff&#8221; hover_btn_shape=&#8221;square&#8221; use_custom_fonts_primary_title=&#8221;true&#8221; use_custom_fonts_hover_title=&#8221;true&#8221; hover_add_button=&#8221;true&#8221; primary_title_link=&#8221;url:https%3A%2F%2Fwww.clean-air.cz%2Fde%2Fasbestsanierung%2F|&#8221; hover_btn_link=&#8221;url:https%3A%2F%2Fwww.clean-air.cz%2Fde%2Fasbestsanierung%2F|&#8221; hover_custom_background=&#8221;#494949&#8243; hover_title_link=&#8221;url:https%3A%2F%2Fwww.clean-air.cz%2Fde%2Fasbestsanierung%2F|&#8221;]<\/p>\n<div class=\"frontboxeshover\">CleanAIR\u00ae ist ein pers\u00f6nliches Atemschutzsystem, das\u00a0auf gefilterter \u00dcberdruckluft in der Atemzone basiert.\u00a0Das Atemschutzger\u00e4t wird am G\u00fcrtel des Tr\u00e4gers\u00a0angebracht, filtert die Luft aus der Umgebung und leitet sie durch einen Atemschlauch in eine Schutzmaske oder\u00a0haube. Der \u00dcberdruck verhindert das Eindringen von\u00a0Verunreinigungen in die Atemzone. Dieser schwache\u00a0\u00dcberdruck sorgt f\u00fcr ein bequemes Tragen (selbst bei langer\u00a0Anwendung), da der Tr\u00e4ger keine Atemschwierigkeiten hat, um den Widerstand des Filters zu \u00fcberwinden.<\/div>\n<p>[\/vc_hoverbox][\/vc_column][\/vc_row][vc_row full_width=&#8221;stretch_row&#8221;][vc_column width=&#8221;1\/4&#8243;][vc_column_text]<img loading=\"lazy\" decoding=\"async\" class=\"alignnone size-medium wp-image-19723\" src=\"https:\/\/www.clean-air.cz\/wp-content\/uploads\/2023\/03\/Catalogue_Clean-AIR_2022-3_DE-300x210.png\" alt=\"\" width=\"300\" height=\"210\" srcset=\"https:\/\/www.clean-air.cz\/wp-content\/uploads\/2023\/03\/Catalogue_Clean-AIR_2022-3_DE-300x210.png 300w, https:\/\/www.clean-air.cz\/wp-content\/uploads\/2023\/03\/Catalogue_Clean-AIR_2022-3_DE-1024x717.png 1024w, https:\/\/www.clean-air.cz\/wp-content\/uploads\/2023\/03\/Catalogue_Clean-AIR_2022-3_DE-768x538.png 768w, https:\/\/www.clean-air.cz\/wp-content\/uploads\/2023\/03\/Catalogue_Clean-AIR_2022-3_DE-1536x1075.png 1536w, https:\/\/www.clean-air.cz\/wp-content\/uploads\/2023\/03\/Catalogue_Clean-AIR_2022-3_DE-800x560.png 800w, https:\/\/www.clean-air.cz\/wp-content\/uploads\/2023\/03\/Catalogue_Clean-AIR_2022-3_DE.png 2000w\" sizes=\"(max-width: 300px) 100vw, 300px\" \/>[\/vc_column_text][\/vc_column][vc_column width=&#8221;3\/4&#8243;][vc_column_text]<\/p>\n<p><span style=\"font-size: 18pt;\">Neuer Katalog verf\u00fcgbar<\/span><br \/>\n<a class=\"button button-border button-light button-rounded uppercase nomargin\" href=\"https:\/\/www.clean-air.cz\/wp-content\/uploads\/2026\/04\/CleanAIR-catalogue_2026-DE.pdf\" rel=\"noopener\">Download here<\/a>[\/vc_column_text][\/vc_column][\/vc_row][vc_row full_width=&#8221;stretch_row&#8221;][vc_column]<div class=\"tv_color_box col-padding dark ohidden\" style=\"background-color:#a41515; margin-left:-15px; margin-right:-15px;\"><div><h3 class=\"uppercase\" style=\"font-size: 24px; font-weight:600; margin-top:0;\">Quality Assurance<\/h3><p style=\"line-height: 1.8;\">Company MALINA \u2013 Safety s.r.o. has certified quality management system according ISO 9001:2008 and AQAP 2110.<\/p><a href=\"https:\/\/www.clean-air.cz\/about-cleanair\/quality-certificates\/\" class=\"button button-border button-light button-rounded uppercase nomargin\">Mehr dar\u00fcber<\/a><i class=\"fa fa-users bgicon\"><\/i><\/div><\/div>[\/vc_column][\/vc_row]<\/p>\n","protected":false},"excerpt":{"rendered":"<p>[vc_row full_width=&#8221;stretch_row&#8221; css=&#8221;.vc_custom_1541165119459{padding-bottom: 0px !important;background-color: #ffffff !important;background-position: center !important;background-repeat: no-repeat !important;background-size: cover !important;}&#8221;][vc_column width=&#8221;1\/3&#8243; css=&#8221;.vc_custom_1515676975015{background-color: #ffffff !important;background-position: center !important;background-repeat: no-repeat !important;background-size: cover !important;}&#8221;][vc_hoverbox image=&#8221;4421&#8243; primary_title=&#8221;Schwei\u00dfen &amp; Herstellung&#8221; primary_title_font_container=&#8221;color:%23ffffff&#8221; hover_title=&#8221;Schwei\u00dfen &amp; Herstellung&#8221; hover_title_font_container=&#8221;color:%23ffffff&#8221; shape=&#8221;square&#8221; hover_background_color=&#8221;custom&#8221; hover_btn_title=&#8221;Mehr dar\u00fcber&#8221; hover_btn_style=&#8221;custom&#8221; hover_btn_custom_background=&#8221;#c00d0d&#8221; hover_btn_custom_text=&#8221;#ffffff&#8221; hover_btn_shape=&#8221;square&#8221; use_custom_fonts_primary_title=&#8221;true&#8221; use_custom_fonts_hover_title=&#8221;true&#8221; hover_add_button=&#8221;true&#8221; primary_title_link=&#8221;url:https%3A%2F%2Fwww.clean-air.cz%2Fde%2Fschweisen-herstellung%2F|&#8221; hover_btn_link=&#8221;url:https%3A%2F%2Fwww.clean-air.cz%2Fde%2Fschweisen-herstellung%2F|&#8221; hover_custom_background=&#8221;rgba(41,63,134,0.95)&#8221; hover_title_link=&#8221;url:https%3A%2F%2Fwww.clean-air.cz%2Fde%2Fschweisen-herstellung%2F|&#8221;] Discover the benefits of CleanAIR\u00ae respiratory protection systems for professionals working in the most challenging conditions. Should you work in shipbuilding industry, at<\/p>\n<p><a class=\"more-link\" href=\"https:\/\/www.clean-air.cz\/de\/\">Weiterlesen<\/a><\/p>\n","protected":false},"author":11,"featured_media":0,"parent":0,"menu_order":0,"comment_status":"closed","ping_status":"open","template":"","meta":{"footnotes":""},"_links":{"self":[{"href":"https:\/\/www.clean-air.cz\/de\/wp-json\/wp\/v2\/pages\/4418"}],"collection":[{"href":"https:\/\/www.clean-air.cz\/de\/wp-json\/wp\/v2\/pages"}],"about":[{"href":"https:\/\/www.clean-air.cz\/de\/wp-json\/wp\/v2\/types\/page"}],"author":[{"embeddable":true,"href":"https:\/\/www.clean-air.cz\/de\/wp-json\/wp\/v2\/users\/11"}],"replies":[{"embeddable":true,"href":"https:\/\/www.clean-air.cz\/de\/wp-json\/wp\/v2\/comments?post=4418"}],"version-history":[{"count":0,"href":"https:\/\/www.clean-air.cz\/de\/wp-json\/wp\/v2\/pages\/4418\/revisions"}],"wp:attachment":[{"href":"https:\/\/www.clean-air.cz\/de\/wp-json\/wp\/v2\/media?parent=4418"}],"curies":[{"name":"wp","href":"https:\/\/api.w.org\/{rel}","templated":true}]}}