{"id":3992,"date":"2018-12-21T10:28:46","date_gmt":"2018-12-21T09:28:46","guid":{"rendered":"https:\/\/www.clean-air.cz\/schleifschirm-ca-3\/"},"modified":"2026-01-27T08:39:38","modified_gmt":"2026-01-27T07:39:38","slug":"schleifschirm-ca-3","status":"publish","type":"page","link":"https:\/\/www.clean-air.cz\/de\/hauben\/schleifschirme\/schleifschirm-ca-3\/","title":{"rendered":"Schleifschirm CA-3"},"content":{"rendered":"<p>[vc_row][vc_column width=&#8221;1\/2&#8243;][vc_gallery interval=&#8221;3&#8243; images=&#8221;22372&#8243; img_size=&#8221;large&#8221;][\/vc_column][vc_column width=&#8221;1\/2&#8243;][vc_column_text]<\/p>\n<h4><span style=\"color: #ba0300;\">Discontinued starting November 13.<\/span><br \/>\n<strong>All the consumables and spare parts remains available until December 2026 or untill further notice.<\/strong><\/h4>\n<p>[\/vc_column_text][vc_column_text]<strong><span style=\"font-size: 14pt; color: #be0300;\">Gro\u00dfz\u00fcgiger Schirm mit unbegrenzter Sicht.<\/span><\/strong><\/p>\n<p>Dieser beliebte leichte Schutzschirm mit gro\u00dfem Polycarbonatvisier sch\u00fctzt Gesicht und Atemwege bei Schleifvorg\u00e4ngen. Das breite Polycarbonatvisier sorgt f\u00fcr ein klares und weites Gesichtsfeld. Mechanische Best\u00e4ndigkeit sch\u00fctzt vor Hochgeschwindigkeitspartikeln mit mittlerer Energie. Das Visier kann einfach und ohne Fachkenntnisse ausgetauscht werden. Die Tr\u00e4ger wissen das gro\u00dfz\u00fcgige Design, das weiche Kopfband und die anpassbare Kopfbedeckung zu sch\u00e4tzen.[\/vc_column_text][\/vc_column][\/vc_row][vc_row][vc_column][vc_tta_tabs style=&#8221;modern&#8221; shape=&#8221;square&#8221; active_section=&#8221;1&#8243; no_fill_content_area=&#8221;true&#8221; title=&#8221;Details&#8221;][vc_tta_section i_icon_fontawesome=&#8221;fa fa-industry&#8221; add_icon=&#8221;true&#8221; title=&#8221;Anwendungsbereiche&#8221; tab_id=&#8221;1513150336358-68add988-e9ea&#8221;][vc_column_text]<span style=\"color: #be0300;\"><strong>Areas of application<\/strong><\/span><\/p>\n<p><strong>CA3 with acetate shield<\/strong>\u00a0finds application in many sectors like environments with high chemical resistance requirements, chemical industry, laboratories and spray painting.<\/p>\n<p><strong>CA3 with polycarbonate shield<\/strong> can be used in any dusty environments without the necessity to protect neck and shoulders. It is suitable for grinding, surface finishing operations, for building industry, even in heavy industrial conditions.[\/vc_column_text][\/vc_tta_section][vc_tta_section i_icon_fontawesome=&#8221;fa fa-thumbs-o-up&#8221; add_icon=&#8221;true&#8221; title=&#8221;Merkmale und Vorteile&#8221; tab_id=&#8221;1513150336359-b7b65468-8021&#8243;][vc_column_text]<\/p>\n<p><span style=\"color: #be0300;\"><strong>Funktionen und vorteile<br \/>\n<\/strong><\/span><\/p>\n<p>\u2022 Breites Sichtfeld<br \/>\n\u2022 Leichter und ger\u00e4umiger Schirm<br \/>\n\u2022 Sehr gute Chemikalienbest\u00e4ndigkeit<br \/>\n\u2022 Einfach austauschbares Visier<br \/>\n\u2022 Bequeme anpassbare Kopfbedeckung<br \/>\n\u2022 Weiches Kopfband<br \/>\n[\/vc_column_text][\/vc_tta_section][vc_tta_section i_icon_fontawesome=&#8221;fa fa-cog&#8221; add_icon=&#8221;true&#8221; title=&#8221;Kompletthauben, Zubeh\u00f6r, Filter&#8221; tab_id=&#8221;1513153137048-5f8c31c5-30ea&#8221;][vc_column_text]<\/p>\n<table style=\"width: 100%; height: 216px;\">\n<tbody>\n<tr style=\"height: 24px;\">\n<td style=\"text-align: left; height: 24px;\" colspan=\"2\"><span style=\"color: #be0300;\"><strong>Kompletthaube<\/strong><\/span><\/td>\n<\/tr>\n<tr style=\"height: 24px;\">\n<td style=\"text-align: left; height: 24px;\">Protective shield CA-3 (acetate)<\/td>\n<td style=\"text-align: center; height: 24px;\">71 03 01<\/td>\n<\/tr>\n<tr style=\"height: 24px;\">\n<td style=\"text-align: left; height: 24px;\">Schleifschirm CA-3 (Polycarbonat)<\/td>\n<td style=\"text-align: center; height: 24px;\">71 03 00<\/td>\n<\/tr>\n<tr style=\"height: 24px;\">\n<td style=\"text-align: left; height: 24px;\" colspan=\"2\"><span style=\"color: #be0300;\"><strong>Ersatzteile, Zubeh\u00f6r<\/strong><\/span><\/td>\n<\/tr>\n<tr style=\"height: 24px;\">\n<td style=\"text-align: left; height: 24px;\">Schleifschirm CA-3 (Polycarbonat)<\/td>\n<td style=\"text-align: center; height: 24px;\">71 03 00<\/td>\n<\/tr>\n<tr style=\"height: 24px;\">\n<td style=\"text-align: left; height: 24px;\">Schwei\u00dfband CleanAIR\u00ae (10 St\u00fcck Paket)<\/td>\n<td style=\"text-align: center; height: 24px;\">16 70 01\/10<\/td>\n<\/tr>\n<tr style=\"height: 24px;\">\n<td style=\"text-align: left; height: 24px;\">Gesichtsabdichtung f\u00fcr Schwei\u00dfhauben \u2013 universell<\/td>\n<td style=\"text-align: center; height: 24px;\">70 21 53<\/td>\n<\/tr>\n<tr style=\"height: 24px;\">\n<td style=\"text-align: left; height: 24px;\">CA-3 Polycarbonat-Ersatzvisier<\/td>\n<td style=\"text-align: center; height: 24px;\">71 03 30<\/td>\n<\/tr>\n<tr style=\"height: 24px;\">\n<td style=\"text-align: left; height: 24px;\">CA-3 Kopfband<\/td>\n<td style=\"text-align: center; height: 24px;\">71 03 41<\/td>\n<\/tr>\n<\/tbody>\n<\/table>\n<p>[\/vc_column_text][\/vc_tta_section][vc_tta_section i_icon_fontawesome=&#8221;fa fa-wrench&#8221; add_icon=&#8221;true&#8221; title=&#8221;Technische Daten&#8221; tab_id=&#8221;1513153797992-792040b0-82c9&#8243;][vc_column_text]<\/p>\n<table>\n<tbody>\n<tr>\n<td style=\"text-align: left;\">Gewicht<\/td>\n<td style=\"text-align: center;\">520 g<\/td>\n<\/tr>\n<tr>\n<td style=\"text-align: left;\">Material<\/td>\n<td style=\"text-align: center;\">Schildgeh\u00e4use \u2013 Polyamid<br \/>\nKopfbedeckung \u2013Polyamid<br \/>\nVisier \u2013 Polycarbonat\/Azetat<\/td>\n<\/tr>\n<tr>\n<td style=\"text-align: left;\">Nennschutzfaktor (NPF)<\/td>\n<td style=\"text-align: center;\">50<\/td>\n<\/tr>\n<tr>\n<td style=\"text-align: left;\">Schlauchanschluss<\/td>\n<td style=\"text-align: center;\">QuickLOCK\u2122<\/td>\n<\/tr>\n<tr>\n<td style=\"text-align: left;\">Zertifizierung<\/td>\n<td style=\"text-align: center;\">EN 12941 TH2<br \/>\nEN 14594 2A<br \/>\nEN 166 F T<\/td>\n<\/tr>\n<\/tbody>\n<\/table>\n<p>[\/vc_column_text][\/vc_tta_section][vc_tta_section i_icon_fontawesome=&#8221;fa fa-download&#8221; add_icon=&#8221;true&#8221; title=&#8221;Downloads&#8221; tab_id=&#8221;1513154098935-95c74e4f-fa1e&#8221;][vc_column_text]<a href=\"https:\/\/www.clean-air.cz\/wp-content\/uploads\/2022\/07\/User-manual-CNA-012-R06-CA-3_CA-4_CA-5-DIGI.pdf\">User manual &#8211; CNA-012-R06 &#8211; CA-3_CA-4_CA-5-DIGI<\/a><\/p>\n<p><a href=\"https:\/\/www.clean-air.cz\/wp-content\/uploads\/2022\/09\/DA-060_-_710300_-_Grinding_shield_CA-3_polycarbonate_-_EN.pdf\">DA-060_-_710300_-_Grinding_shield_CA-3_polycarbonate_-_EN<\/a><\/p>\n<p><a href=\"https:\/\/www.clean-air.cz\/wp-content\/uploads\/2020\/10\/DA-060_-_710300_-_Grinding_shield_CA-3_polycarbonate_-_FRA-1.pdf\">DA-060 &#8211; 710300 &#8211; Grinding shield CA-3 polycarbonate &#8211; FRA<\/a><\/p>\n<p><a href=\"https:\/\/www.clean-air.cz\/wp-content\/uploads\/2022\/09\/DA-061_-_710301_-_Grinding_shield_CA-3_acetate_-_EN.pdf\">DA-061_-_710301_-_Grinding_shield_CA-3_acetate_-_EN<\/a><\/p>\n<p><a href=\"https:\/\/www.clean-air.cz\/wp-content\/uploads\/2020\/10\/DA-061_-_710301_-_Grinding_shield_CA-3_acetate_-_FRA-1.pdf\" target=\"_blank\" rel=\"noopener noreferrer\">DA-061 &#8211; 710301 &#8211; Grinding shield CA-3 acetate &#8211; FRA<\/a><\/p>\n<p><a href=\"https:\/\/www.clean-air.cz\/wp-content\/uploads\/2025\/08\/PS-710300-1-R1-CA-3-CZ.doc\">Declaration of Confornity &#8211; PS-710300-1-R1 CA-3 CZ<\/a><\/p>\n<p><a href=\"https:\/\/www.clean-air.cz\/wp-content\/uploads\/2025\/08\/PS-710300-1-R1-CA-3.doc\">Declaration of Confornity &#8211; PS-710300-1-R1 CA-3 EN<\/a>[\/vc_column_text][\/vc_tta_section][vc_tta_section i_icon_fontawesome=&#8221;fa fa-picture-o&#8221; add_icon=&#8221;true&#8221; title=&#8221;Galerie&#8221; tab_id=&#8221;1515415801460-0c2258c9-4574&#8243;][vc_gallery type=&#8221;image_grid&#8221; images=&#8221;7743,7752,7757&#8243; img_size=&#8221;medium&#8221; css_animation=&#8221;fadeIn&#8221; css=&#8221;.vc_custom_1574684969307{padding-left: 280px !important;}&#8221; el_class=&#8221;ca-3_gallery&#8221;][\/vc_tta_section][\/vc_tta_tabs][\/vc_column][\/vc_row]<\/p>\n","protected":false},"excerpt":{"rendered":"<p>[vc_row][vc_column width=&#8221;1\/2&#8243;][vc_gallery interval=&#8221;3&#8243; images=&#8221;22372&#8243; img_size=&#8221;large&#8221;][\/vc_column][vc_column width=&#8221;1\/2&#8243;][vc_column_text] Discontinued starting November 13. All the consumables and spare parts remains available until December 2026 or untill further notice. [\/vc_column_text][vc_column_text]Gro\u00dfz\u00fcgiger Schirm mit unbegrenzter Sicht. Dieser beliebte leichte Schutzschirm mit gro\u00dfem Polycarbonatvisier sch\u00fctzt Gesicht und Atemwege bei Schleifvorg\u00e4ngen. Das breite Polycarbonatvisier sorgt f\u00fcr ein klares und weites Gesichtsfeld. Mechanische Best\u00e4ndigkeit sch\u00fctzt vor Hochgeschwindigkeitspartikeln mit mittlerer Energie. Das Visier kann einfach und ohne Fachkenntnisse ausgetauscht werden.<\/p>\n<p><a class=\"more-link\" href=\"https:\/\/www.clean-air.cz\/de\/hauben\/schleifschirme\/schleifschirm-ca-3\/\">Weiterlesen<\/a><\/p>\n","protected":false},"author":11,"featured_media":0,"parent":6561,"menu_order":0,"comment_status":"closed","ping_status":"closed","template":"","meta":{"footnotes":""},"_links":{"self":[{"href":"https:\/\/www.clean-air.cz\/de\/wp-json\/wp\/v2\/pages\/3992"}],"collection":[{"href":"https:\/\/www.clean-air.cz\/de\/wp-json\/wp\/v2\/pages"}],"about":[{"href":"https:\/\/www.clean-air.cz\/de\/wp-json\/wp\/v2\/types\/page"}],"author":[{"embeddable":true,"href":"https:\/\/www.clean-air.cz\/de\/wp-json\/wp\/v2\/users\/11"}],"replies":[{"embeddable":true,"href":"https:\/\/www.clean-air.cz\/de\/wp-json\/wp\/v2\/comments?post=3992"}],"version-history":[{"count":0,"href":"https:\/\/www.clean-air.cz\/de\/wp-json\/wp\/v2\/pages\/3992\/revisions"}],"up":[{"embeddable":true,"href":"https:\/\/www.clean-air.cz\/de\/wp-json\/wp\/v2\/pages\/6561"}],"wp:attachment":[{"href":"https:\/\/www.clean-air.cz\/de\/wp-json\/wp\/v2\/media?parent=3992"}],"curies":[{"name":"wp","href":"https:\/\/api.w.org\/{rel}","templated":true}]}}