{"id":3977,"date":"2018-12-21T10:18:39","date_gmt":"2018-12-21T09:18:39","guid":{"rendered":"https:\/\/www.clean-air.cz\/druckluftsysteme\/"},"modified":"2026-01-27T09:24:42","modified_gmt":"2026-01-27T08:24:42","slug":"druckluftsysteme","status":"publish","type":"page","link":"https:\/\/www.clean-air.cz\/de\/druckluftsysteme\/","title":{"rendered":"Druckluftsysteme"},"content":{"rendered":"<p>[vc_row css=&#8221;.vc_custom_1515063137650{background-color: #ffffff !important;}&#8221;][vc_column][vc_column_text]Airline-System, das die Menge der zugef\u00fchrten Luft regulieren und unabh\u00e4ngig von \u00c4nderungen des Eingangsdrucks auf einem konstanten Niveau halten kann. Anwendungsgebiete sind Schwei\u00dfen, Schleifen in staubiger Umgebung, Bauwesen und Lebensmittelverarbeitung.[\/vc_column_text][vc_tta_tour style=&#8221;modern&#8221; shape=&#8221;square&#8221; gap=&#8221;1&#8243; active_section=&#8221;1&#8243; no_fill_content_area=&#8221;true&#8221;][vc_tta_section title=&#8221;CA Pressure Flow Master&#8221; tab_id=&#8221;1515061200914-4dd3150e-98ab&#8221;][vc_column_text]<img loading=\"lazy\" decoding=\"async\" class=\"alignnone size-medium wp-image-604\" src=\"https:\/\/www.clean-air.cz\/wp-content\/uploads\/2018\/07\/Pressure_FM-front-copy-300x251.jpg\" alt=\"\" width=\"300\" height=\"251\" srcset=\"https:\/\/www.clean-air.cz\/wp-content\/uploads\/2018\/07\/Pressure_FM-front-copy-300x251.jpg 300w, https:\/\/www.clean-air.cz\/wp-content\/uploads\/2018\/07\/Pressure_FM-front-copy-768x641.jpg 768w, https:\/\/www.clean-air.cz\/wp-content\/uploads\/2018\/07\/Pressure_FM-front-copy-800x668.jpg 800w, https:\/\/www.clean-air.cz\/wp-content\/uploads\/2018\/07\/Pressure_FM-front-copy.jpg 958w\" sizes=\"(max-width: 300px) 100vw, 300px\" \/><\/p>\n<h3>CleanAIR\u00ae Pressure ARES II<\/h3>\n<p>kann die Luftmenge aus dem\u00a0zentralen Druckluftverteilersystem\u00a0oder einem Kompressor regeln und\u00a0sie ungeachtet von \u00c4nderungen\u00a0am Eingangsdruck auf einem\u00a0konstanten Niveau halten.<br \/>\n<strong>Kompatibel nur mit der Lederschwei\u00dfhaube CleanAIR<\/strong>\u00ae<strong> ARES II.<\/strong><\/p>\n<p><strong>Anwendungsbereiche<br \/>\n<\/strong>Schwei\u00dfen, Schleifen, Oberfl\u00e4chenbearbeitungen, staubige Industrieumgebungen,\u00a0Automobilindustrie und Schiffbau,\u00a0Baubranche, Lebensmittelindustrie.[\/vc_column_text][vc_btn title=&#8221;Siehe die Produktseite!&#8221; shape=&#8221;square&#8221; color=&#8221;juicy-pink&#8221; link=&#8221;url:https%3A%2F%2Fwww.clean-air.cz%2Fde%2Fdruckluftsysteme%2Fcleanair-pressure-flow-master%2F|title:CleanAIR%C2%AE%20Pressure%20Flow%20Master|&#8221;][\/vc_tta_section][vc_tta_section title=&#8221;Pressure&#8221; tab_id=&#8221;1530600637920-6289487d-4fd8&#8243;][vc_column_text]<img loading=\"lazy\" decoding=\"async\" class=\"wp-image-3577 size-medium alignnone\" src=\"https:\/\/www.clean-air.cz\/wp-content\/uploads\/2018\/07\/Pressure-front-copy-300x253.jpg\" alt=\"CA Pressure\" width=\"300\" height=\"253\" \/><\/p>\n<h3>CleanAIR\u00ae Pressure<\/h3>\n<p><strong>CleanAIR\u00ae Pressure<\/strong>\u00a0ist eine\u00a0Grundversion vom Druckluftsystem, die bereitgestellte Luftmenge regeln\u00a0kann\u00a0und diese\u00a0ungeachtet von \u00c4nderungen am Eingangsdruck\u00a0auf einem konstanten Niveau halten (der Eingangsdruck soll 0,4-1Mpa sein).<\/p>\n<p><strong>Anwendungsbereiche<\/strong><br \/>\nAutomobilindustrie, Schwei\u00dfen,\u00a0Schleifen, Oberfl\u00e4chenbearbeitungen belastende Industrieumgebungen, Chemieindustrie, Labore.[\/vc_column_text][vc_btn title=&#8221;Siehe die Produktseite!&#8221; shape=&#8221;square&#8221; color=&#8221;juicy-pink&#8221; link=&#8221;url:https%3A%2F%2Fwww.clean-air.cz%2Fde%2Fdruckluftsysteme%2Fcleanair-pressure%2F|title:CleanAIR%C2%AE%20Pressure|&#8221;][\/vc_tta_section][vc_tta_section title=&#8221;CA Pressure for Mask&#8221; tab_id=&#8221;1530600800685-8b94347f-e66f&#8221;][vc_column_text]<img loading=\"lazy\" decoding=\"async\" class=\"wp-image-419 size-medium alignnone\" src=\"https:\/\/www.clean-air.cz\/wp-content\/uploads\/2018\/07\/Pressure_for_Mask_GX02-iso-copy-300x215.jpg\" alt=\"\" width=\"300\" height=\"215\" srcset=\"https:\/\/www.clean-air.cz\/wp-content\/uploads\/2018\/07\/Pressure_for_Mask_GX02-iso-copy-300x215.jpg 300w, https:\/\/www.clean-air.cz\/wp-content\/uploads\/2018\/07\/Pressure_for_Mask_GX02-iso-copy-768x550.jpg 768w, https:\/\/www.clean-air.cz\/wp-content\/uploads\/2018\/07\/Pressure_for_Mask_GX02-iso-copy-1024x733.jpg 1024w, https:\/\/www.clean-air.cz\/wp-content\/uploads\/2018\/07\/Pressure_for_Mask_GX02-iso-copy-800x572.jpg 800w, https:\/\/www.clean-air.cz\/wp-content\/uploads\/2018\/07\/Pressure_for_Mask_GX02-iso-copy.jpg 1118w\" sizes=\"(max-width: 300px) 100vw, 300px\" \/><\/p>\n<h3>CleanAIR\u00ae Pressure For Mask<\/h3>\n<p>In der Kombination von der Vollmaske Shigematsu und des P R SL Filters mit zwei Gewinden stellt <strong>CleanAIR\u00ae Pressure For Mask<\/strong>\u00a0das h\u00f6chste Niveau vom Schutz bei langen Arbeiten in den toxischen Umgebungen dar.<\/p>\n<p><strong>Anwendungsbereiche<\/strong><br \/>\nStaubige Industrieumgebungen, Automobilindustrie und Schiffbau,\u00a0Baubranche, Lebensmittelindustrie.[\/vc_column_text][vc_btn title=&#8221;Siehe die Produktseite!&#8221; shape=&#8221;square&#8221; color=&#8221;juicy-pink&#8221; link=&#8221;url:https%3A%2F%2Fwww.clean-air.cz%2Fde%2Fdruckluftsysteme%2Fcleanair-pressure-for-mask%2F|title:CleanAIR%C2%AE%20Pressure%20For%20Mask|&#8221;][\/vc_tta_section][vc_tta_section title=&#8221;CA Conditioner&#8221; tab_id=&#8221;1530600919572-2cf0918f-0f74&#8243;][vc_column_text]<img loading=\"lazy\" decoding=\"async\" class=\"wp-image-423 size-medium alignnone\" src=\"https:\/\/www.clean-air.cz\/wp-content\/uploads\/2018\/07\/Pressure_Conditioner-iso-copy-222x300.jpg\" alt=\"\" width=\"222\" height=\"300\" srcset=\"https:\/\/www.clean-air.cz\/wp-content\/uploads\/2018\/07\/Pressure_Conditioner-iso-copy-222x300.jpg 222w, https:\/\/www.clean-air.cz\/wp-content\/uploads\/2018\/07\/Pressure_Conditioner-iso-copy.jpg 593w\" sizes=\"(max-width: 222px) 100vw, 222px\" \/><\/p>\n<h3>CleanAIR\u00ae Conditioner<\/h3>\n<p>Die Filterstation erm\u00f6glicht eine zus\u00e4tzliche Filtration der Druckluft, wenn die\u00a0Qualit\u00e4t der bereitgestellten Luft nicht die Anforderungen der Norm EN 12021\u00a0erf\u00fcllt. Der kombinierte Filter mit hoher Kapazit\u00e4t entfernt Feststoff partikel, \u00d6lnebel\u00a0und unangenehme Ger\u00fcche, die im Druckluftverteilersystem vorhanden sind.<br \/>\nDer Conditioner kann ausreichend gefilterte Luft f\u00fcr zwei Arbeiter bereitstellen.<\/p>\n<p><strong>Anwendungsbereiche<br \/>\n<\/strong>Schwei\u00dfen, Schleifen, Oberfl\u00e4chenbearbeitungen, staubige Industrieumgebungen,\u00a0Automobilindustrie und Schiffbau,\u00a0Baubranche, Lebensmittelindustrie.[\/vc_column_text][vc_btn title=&#8221;Siehe die Produktseite!&#8221; shape=&#8221;square&#8221; color=&#8221;juicy-pink&#8221; link=&#8221;url:https%3A%2F%2Fwww.clean-air.cz%2Fde%2Fdruckluftsysteme%2Fcleanair-conditioner%2F|title:CleanAIR%C2%AE%20Conditioner|&#8221;][\/vc_tta_section][\/vc_tta_tour][\/vc_column][\/vc_row][vc_row content_placement=&#8221;middle&#8221;][vc_column][vc_separator color=&#8221;juicy_pink&#8221;][\/vc_column][\/vc_row][vc_row][vc_column][\/vc_column][\/vc_row]<\/p>\n","protected":false},"excerpt":{"rendered":"<p>[vc_row css=&#8221;.vc_custom_1515063137650{background-color: #ffffff !important;}&#8221;][vc_column][vc_column_text]Airline-System, das die Menge der zugef\u00fchrten Luft regulieren und unabh\u00e4ngig von \u00c4nderungen des Eingangsdrucks auf einem konstanten Niveau halten kann. Anwendungsgebiete sind Schwei\u00dfen, Schleifen in staubiger Umgebung, Bauwesen und Lebensmittelverarbeitung.[\/vc_column_text][vc_tta_tour style=&#8221;modern&#8221; shape=&#8221;square&#8221; gap=&#8221;1&#8243; active_section=&#8221;1&#8243; no_fill_content_area=&#8221;true&#8221;][vc_tta_section title=&#8221;CA Pressure Flow Master&#8221; tab_id=&#8221;1515061200914-4dd3150e-98ab&#8221;][vc_column_text] CleanAIR\u00ae Pressure ARES II kann die Luftmenge aus dem\u00a0zentralen Druckluftverteilersystem\u00a0oder einem Kompressor regeln und\u00a0sie ungeachtet von \u00c4nderungen\u00a0am Eingangsdruck auf einem\u00a0konstanten Niveau halten. Kompatibel nur mit der Lederschwei\u00dfhaube<\/p>\n<p><a class=\"more-link\" href=\"https:\/\/www.clean-air.cz\/de\/druckluftsysteme\/\">Weiterlesen<\/a><\/p>\n","protected":false},"author":11,"featured_media":0,"parent":0,"menu_order":0,"comment_status":"closed","ping_status":"closed","template":"","meta":{"footnotes":""},"_links":{"self":[{"href":"https:\/\/www.clean-air.cz\/de\/wp-json\/wp\/v2\/pages\/3977"}],"collection":[{"href":"https:\/\/www.clean-air.cz\/de\/wp-json\/wp\/v2\/pages"}],"about":[{"href":"https:\/\/www.clean-air.cz\/de\/wp-json\/wp\/v2\/types\/page"}],"author":[{"embeddable":true,"href":"https:\/\/www.clean-air.cz\/de\/wp-json\/wp\/v2\/users\/11"}],"replies":[{"embeddable":true,"href":"https:\/\/www.clean-air.cz\/de\/wp-json\/wp\/v2\/comments?post=3977"}],"version-history":[{"count":0,"href":"https:\/\/www.clean-air.cz\/de\/wp-json\/wp\/v2\/pages\/3977\/revisions"}],"wp:attachment":[{"href":"https:\/\/www.clean-air.cz\/de\/wp-json\/wp\/v2\/media?parent=3977"}],"curies":[{"name":"wp","href":"https:\/\/api.w.org\/{rel}","templated":true}]}}