{"id":3915,"date":"2018-12-20T13:39:16","date_gmt":"2018-12-20T12:39:16","guid":{"rendered":"https:\/\/www.clean-air.cz\/systeme-fur-den-personlichen-atemschutz\/cleanair-chemical-3f\/"},"modified":"2026-02-12T10:09:34","modified_gmt":"2026-02-12T09:09:34","slug":"cleanair-chemical-3f","status":"publish","type":"page","link":"https:\/\/www.clean-air.cz\/de\/systeme-fur-den-personlichen-atemschutz\/cleanair-chemical-3f\/","title":{"rendered":"CleanAIR\u00ae Chemical 3F"},"content":{"rendered":"<p>[vc_row][vc_column width=&#8221;1\/2&#8243;][vc_gallery interval=&#8221;0&#8243; images=&#8221;10788,10793,10798&#8243; img_size=&#8221;large&#8221;][\/vc_column][vc_column width=&#8221;1\/2&#8243;][vc_column_text]<\/p>\n<p><strong><span style=\"font-size: 14pt; color: #be0300;\"><sup>Leistungsf\u00e4higer und robuster Atemschutz f\u00fcr die anspruchsvollsten industriellen<br \/>\nAnwendungsbereiche<\/sup><\/span><\/strong><\/p>\n<p>HHochleistung, mechanische und chemische Best\u00e4ndigkeit, UV-Best\u00e4ndigkeit und Schutzklasse IP64 garantieren ausreichenden Schutz in industriellen Umgebungen mit hoher Belastung, in der chemischen und pharmazeutischen Industrie und Laboren. Der Luftstrom kann je nach Anforderungen individuell eingestellt werden. Dank au\u00dfergew\u00f6hnlicher Leistung ist das System insbesondere f\u00fcr Arbeitspl\u00e4tze mit hoher Kontamination geeignet.<\/p>\n<p>[\/vc_column_text][vc_btn title=&#8221;Sehen Sie sich das komplette Sortiment von Atemschutz-Gebl\u00e4sesystemen an!&#8221; shape=&#8221;square&#8221; color=&#8221;danger&#8221; size=&#8221;lg&#8221; align=&#8221;left&#8221; i_icon_fontawesome=&#8221;fa fa-info-circle&#8221; css_animation=&#8221;none&#8221; add_icon=&#8221;true&#8221; link=&#8221;url:https%3A%2F%2Fwww.clean-air.cz%2Fde%2Fsysteme-fur-den-personlichen-atemschutz%2F|title:Sehen%20Sie%20sich%20das%20komplette%20Sortiment%20von%20Leichthauben%20an%21|&#8221;][\/vc_column][\/vc_row][vc_row][vc_column][vc_tta_tabs style=&#8221;modern&#8221; shape=&#8221;square&#8221; active_section=&#8221;1&#8243; no_fill_content_area=&#8221;true&#8221; title=&#8221;Details&#8221;][vc_tta_section i_icon_fontawesome=&#8221;fa fa-industry&#8221; add_icon=&#8221;true&#8221; title=&#8221;Anwendungsbereiche&#8221; tab_id=&#8221;1513150336358-68add988-e9ea&#8221;][vc_column_text]<\/p>\n<p><span style=\"color: #be0300;\"><strong>ANWENDUNGSBEREICHE<\/strong><\/span><\/p>\n<ul>\n<li>Stark belastete Umgebungen wie in der chemischen und pharmazeutischen Industrie<\/li>\n<li>Sanierungsarbeiten, Labore<\/li>\n<li>Erste Hilfe und Notfallteams<\/li>\n<\/ul>\n<p>[\/vc_column_text][\/vc_tta_section][vc_tta_section i_icon_fontawesome=&#8221;fa fa-thumbs-o-up&#8221; add_icon=&#8221;true&#8221; title=&#8221;Merkmale und Vorteile&#8221; tab_id=&#8221;1513150336359-b7b65468-8021&#8243;][vc_column_text]<\/p>\n<p><span style=\"color: #be0300;\"><strong>FUNKTIONEN UND VORTEILE<\/strong><\/span><\/p>\n<ul>\n<li>Hohe mechanische Festigkeit und Chemikalienbest\u00e4ndigkeit<\/li>\n<li>Der Luftstrom kann zwischen 120 l\/min und 235 l\/min eingestellt werden<\/li>\n<li>\u00a0Durch Duschen dekontaminierbar \u2013 IP64<\/li>\n<li>Das Vollfarbdisplay zeigt gut lesbar alle relevanten Informationen an wie Filterverstopfung, Akkuladestand und Luftstrom.<\/li>\n<li>Die Luftstromregelung erh\u00e4lt einen konstanten Luftstrom unabh\u00e4ngig vom Verstopfungsgrad oder Akkuladestand.<\/li>\n<li>Lithium-Ionen-Akku und Schnellladeger\u00e4t (Ladezeit &lt; 3 h)<\/li>\n<li>Akustischer und optischer Alarm (audiovisuell)<\/li>\n<li>Mehrsprachige Benutzeroberfl\u00e4che<\/li>\n<li>R\u00fcckengurt mit h\u00f6herem Komfort<\/li>\n<\/ul>\n<p>[\/vc_column_text][\/vc_tta_section][vc_tta_section i_icon_fontawesome=&#8221;fa fa-cog&#8221; add_icon=&#8221;true&#8221; title=&#8221;Kompletts\u00e4tze, Zubeh\u00f6r, Filter&#8221; tab_id=&#8221;1513153137048-5f8c31c5-30ea&#8221;][vc_column_text]<\/p>\n<table style=\"width: 100%;\">\n<tbody>\n<tr>\n<td style=\"text-align: left; width: 99.84%;\" colspan=\"2\"><span style=\"color: #be0300;\"><strong>Complete sets<\/strong><\/span><\/td>\n<\/tr>\n<tr>\n<td style=\"text-align: left; width: 83.2%;\">CleanAIR\u00ae Chemical 3F incl. comfort belt, Li-Ion battery, charger, flow indicator (w\/o hose)<\/td>\n<td style=\"text-align: center; width: 16.64%;\">52 00 00FCA*<\/td>\n<\/tr>\n<tr>\n<td style=\"text-align: left; width: 83.2%;\">CleanAIR\u00ae Chemical 3F incl. decontaminable belt, Li-Ion battery, charger, flow indicator (w\/o hose)<\/td>\n<td style=\"text-align: center; width: 16.64%;\">52 00 00FDA*<\/td>\n<\/tr>\n<tr>\n<td style=\"text-align: left; width: 99.84%;\" colspan=\"2\"><em><span style=\"font-size: 8pt;\">For ordering set with UK charger, please, add \u201cU\u201d to the end of the product <\/span><\/em>code<\/td>\n<\/tr>\n<tr>\n<td style=\"text-align: left; width: 99.84%;\" colspan=\"2\"><span style=\"color: #be0300;\"><strong>Spare parts, accessories<\/strong><\/span><\/td>\n<\/tr>\n<tr>\n<td style=\"text-align: left; width: 83.2%;\">Decontaminable belt<\/td>\n<td style=\"text-align: center; width: 16.64%;\">51 00 41<\/td>\n<\/tr>\n<tr>\n<td style=\"text-align: left; width: 83.2%;\">Decontaminable harness<\/td>\n<td style=\"text-align: center; width: 16.64%;\">51 00 42<\/td>\n<\/tr>\n<tr>\n<td style=\"text-align: left; width: 83.2%;\">Battery charger<\/td>\n<td style=\"text-align: center; width: 16.64%;\">51 00 30EUR<\/td>\n<\/tr>\n<tr>\n<td style=\"text-align: left; width: 83.2%;\">Battery charger UK plug<\/td>\n<td style=\"text-align: center; width: 16.64%;\">51 00 30UK<\/td>\n<\/tr>\n<tr>\n<td style=\"text-align: left; width: 83.2%;\">Battery charger AUS plug<\/td>\n<td style=\"text-align: center; width: 16.64%;\">51 00 30AUS<\/td>\n<\/tr>\n<tr>\n<td style=\"text-align: left; width: 83.2%;\">Battery Li-Ion 14,4 V \/ 2,6 Ah<\/td>\n<td style=\"text-align: center; width: 16.64%;\">52 00 10<\/td>\n<\/tr>\n<tr>\n<td style=\"text-align: left; width: 83.2%;\">Comfort padded belt 3F<\/td>\n<td style=\"text-align: center; width: 16.64%;\">52 00 43.1<\/td>\n<\/tr>\n<tr>\n<td style=\"text-align: left; width: 83.2%;\">Comfort padded harness<\/td>\n<td style=\"text-align: center; width: 16.64%;\">52 00 44.1<\/td>\n<\/tr>\n<tr>\n<td style=\"text-align: left; width: 83.2%;\">Set of decontamination plugs &#8211; 3F<\/td>\n<td style=\"text-align: center; width: 16.64%;\">52 00 46<\/td>\n<\/tr>\n<tr>\n<td style=\"text-align: left; width: 83.2%;\">Light flexi hose QuickLOCK\u2122 &#8211; CA40x1\/7\u201c<\/td>\n<td style=\"text-align: center; width: 16.64%;\">71 00 60<\/td>\n<\/tr>\n<tr>\n<td style=\"text-align: left; width: 83.2%;\">Rubber hose QuickLOCK\u2122 \u2013 CA40\u00d71\/7\u201c<\/td>\n<td style=\"text-align: center; width: 16.64%;\">71 00 86<\/td>\n<\/tr>\n<tr>\n<td style=\"text-align: left; width: 83.2%;\">Light flexi hose CA40x1\/7\u201c- CA40x1\/7\u201c<\/td>\n<td style=\"text-align: center; width: 16.64%;\">70 00 60<\/td>\n<\/tr>\n<tr>\n<td style=\"text-align: left; width: 83.2%;\">Rubber hose CA40x1\/7\u201c- CA40x1\/7\u201c<\/td>\n<td style=\"text-align: center; width: 16.64%;\">70 00 86CA<\/td>\n<\/tr>\n<tr>\n<td style=\"text-align: left; width: 99.84%;\" colspan=\"2\"><span style=\"color: #be0300;\"><strong>Filters<\/strong><\/span><\/td>\n<\/tr>\n<tr>\n<td style=\"text-align: left; width: 83.2%;\">Particle filter P3<\/td>\n<td style=\"text-align: center; width: 16.64%;\">50 00 48<\/td>\n<\/tr>\n<tr>\n<td style=\"text-align: left; width: 83.2%;\">Combined filter A2P3<\/td>\n<td style=\"text-align: center; width: 16.64%;\">50 01 57<\/td>\n<\/tr>\n<tr>\n<td style=\"text-align: left; width: 83.2%;\">Combined filter A2B2P3<\/td>\n<td style=\"text-align: center; width: 16.64%;\">50 01 67<\/td>\n<\/tr>\n<tr>\n<td style=\"text-align: left; width: 83.2%;\">Combined filter A2B2E2K2P3<\/td>\n<td style=\"text-align: center; width: 16.64%;\">50 01 68<\/td>\n<\/tr>\n<tr>\n<td style=\"text-align: left; width: 83.2%;\">Combined filter A2B2E2K2HgP3<\/td>\n<td style=\"text-align: center; width: 16.64%;\">50 01 66<\/td>\n<\/tr>\n<tr>\n<td style=\"text-align: left; width: 83.2%;\" colspan=\"2\"><em>Compatible with all the CleanAIR\u00ae particle and combined filters with RD40\u00d71\/7\u201c thread &#8211; <a href=\"https:\/\/www.clean-air.cz\/de\/filter\/\">clean-air.cz\/filters<\/a><\/em><\/td>\n<\/tr>\n<\/tbody>\n<\/table>\n<p>[\/vc_column_text][\/vc_tta_section][vc_tta_section i_icon_fontawesome=&#8221;fa fa-wrench&#8221; add_icon=&#8221;true&#8221; title=&#8221;Technische Daten&#8221; tab_id=&#8221;1513153797992-792040b0-82c9&#8243;][vc_column_text]<\/p>\n<table>\n<tbody>\n<tr>\n<td style=\"text-align: left;\">Gewicht<\/td>\n<td style=\"text-align: center;\">1.100 g (inkl. Standardakku)<\/td>\n<\/tr>\n<tr>\n<td style=\"text-align: left;\">Abmessung<\/td>\n<td style=\"text-align: center;\">320 mm \/ 200 mm \/ 150 mm<\/td>\n<\/tr>\n<tr>\n<td style=\"text-align: left;\">Luftstrom<\/td>\n<td style=\"text-align: center;\">anpassbar 120 bis 235 l\/min<\/td>\n<\/tr>\n<tr>\n<td style=\"text-align: left;\">Alarm<\/td>\n<td style=\"text-align: center;\">akustisch und optisch<\/td>\n<\/tr>\n<tr>\n<td style=\"text-align: left;\">Betrieb*\/Ladezeit<\/td>\n<td style=\"text-align: center;\">&lt; 10 \/ &lt; 3 h<\/td>\n<\/tr>\n<tr>\n<td style=\"text-align: left;\">Akku<\/td>\n<td style=\"text-align: center;\">Li-Ion 14,4 V \/ 2,6 Ah<\/td>\n<\/tr>\n<tr>\n<td style=\"text-align: left;\">Schlauchanschluss<\/td>\n<td style=\"text-align: center;\">CA40x1\/7\u201c<\/td>\n<\/tr>\n<tr>\n<td style=\"text-align: left;\">Zertifizierung<\/td>\n<td style=\"text-align: center;\">EN 12941 TH3<br \/>\nEN 12942 TM3<br \/>\nIngress protection IP64<\/td>\n<\/tr>\n<tr>\n<td style=\"text-align: left;\" colspan=\"2\">* Bei 160 l\/min mit neuen P R SL Filtern und voll aufgeladenen Akkus.<\/td>\n<\/tr>\n<\/tbody>\n<\/table>\n<p>[\/vc_column_text][\/vc_tta_section][vc_tta_section i_icon_fontawesome=&#8221;fa fa-download&#8221; add_icon=&#8221;true&#8221; title=&#8221;Downloads&#8221; tab_id=&#8221;1513154098935-95c74e4f-fa1e&#8221;][vc_column_text]<strong><a href=\"https:\/\/www.clean-air.cz\/wp-content\/uploads\/2026\/02\/GR-CNA011-R09-User-Manual-3F-DIGI.pdf\">User Manual &#8211; 3F DIGI<\/a><\/strong><\/p>\n<p><strong><a href=\"https:\/\/www.clean-air.cz\/wp-content\/uploads\/2025\/08\/DA-003_-_520000FCA_-_Chemical_3F_Plus_-_EN.pdf\">Datasheet DA-003_-_520000FCA_-_Chemical_3F_Plus_-_EN<\/a><\/strong><\/p>\n<p><strong><a href=\"https:\/\/www.clean-air.cz\/wp-content\/uploads\/2025\/07\/PS-520000-1-R3-Chemical-3F-Plus.pdf\">Declaration of Confornity Chemical 3F Plus<\/a><\/strong>[\/vc_column_text][\/vc_tta_section][vc_tta_section i_icon_fontawesome=&#8221;fa fa-picture-o&#8221; add_icon=&#8221;true&#8221; title=&#8221;Galerie&#8221; tab_id=&#8221;1515415801460-0c2258c9-4574&#8243;][vc_gallery type=&#8221;image_grid&#8221; images=&#8221;384,385,3917&#8243; img_size=&#8221;medium&#8221; css_animation=&#8221;fadeIn&#8221; css=&#8221;.vc_custom_1530273583266{padding-left: 280px !important;}&#8221;][\/vc_tta_section][\/vc_tta_tabs][\/vc_column][\/vc_row]<\/p>\n","protected":false},"excerpt":{"rendered":"<p>[vc_row][vc_column width=&#8221;1\/2&#8243;][vc_gallery interval=&#8221;0&#8243; images=&#8221;10788,10793,10798&#8243; img_size=&#8221;large&#8221;][\/vc_column][vc_column width=&#8221;1\/2&#8243;][vc_column_text] Leistungsf\u00e4higer und robuster Atemschutz f\u00fcr die anspruchsvollsten industriellen Anwendungsbereiche HHochleistung, mechanische und chemische Best\u00e4ndigkeit, UV-Best\u00e4ndigkeit und Schutzklasse IP64 garantieren ausreichenden Schutz in industriellen Umgebungen mit hoher Belastung, in der chemischen und pharmazeutischen Industrie und Laboren. Der Luftstrom kann je nach Anforderungen individuell eingestellt werden. Dank au\u00dfergew\u00f6hnlicher Leistung ist das System insbesondere f\u00fcr Arbeitspl\u00e4tze mit hoher Kontamination geeignet. [\/vc_column_text][vc_btn title=&#8221;Sehen Sie sich das komplette Sortiment<\/p>\n<p><a class=\"more-link\" href=\"https:\/\/www.clean-air.cz\/de\/systeme-fur-den-personlichen-atemschutz\/cleanair-chemical-3f\/\">Weiterlesen<\/a><\/p>\n","protected":false},"author":11,"featured_media":0,"parent":3849,"menu_order":0,"comment_status":"closed","ping_status":"closed","template":"","meta":{"footnotes":""},"_links":{"self":[{"href":"https:\/\/www.clean-air.cz\/de\/wp-json\/wp\/v2\/pages\/3915"}],"collection":[{"href":"https:\/\/www.clean-air.cz\/de\/wp-json\/wp\/v2\/pages"}],"about":[{"href":"https:\/\/www.clean-air.cz\/de\/wp-json\/wp\/v2\/types\/page"}],"author":[{"embeddable":true,"href":"https:\/\/www.clean-air.cz\/de\/wp-json\/wp\/v2\/users\/11"}],"replies":[{"embeddable":true,"href":"https:\/\/www.clean-air.cz\/de\/wp-json\/wp\/v2\/comments?post=3915"}],"version-history":[{"count":0,"href":"https:\/\/www.clean-air.cz\/de\/wp-json\/wp\/v2\/pages\/3915\/revisions"}],"up":[{"embeddable":true,"href":"https:\/\/www.clean-air.cz\/de\/wp-json\/wp\/v2\/pages\/3849"}],"wp:attachment":[{"href":"https:\/\/www.clean-air.cz\/de\/wp-json\/wp\/v2\/media?parent=3915"}],"curies":[{"name":"wp","href":"https:\/\/api.w.org\/{rel}","templated":true}]}}