{"id":3912,"date":"2018-12-20T13:14:19","date_gmt":"2018-12-20T12:14:19","guid":{"rendered":"https:\/\/www.clean-air.cz\/systeme-fur-den-personlichen-atemschutz\/cleanair-chemical-2f-asbest\/"},"modified":"2018-12-20T13:14:20","modified_gmt":"2018-12-20T12:14:20","slug":"cleanair-chemical-2f-asbest","status":"publish","type":"page","link":"https:\/\/www.clean-air.cz\/de\/systeme-fur-den-personlichen-atemschutz\/cleanair-chemical-2f-asbest\/","title":{"rendered":"CleanAIR\u00ae Chemical 2F Asbest"},"content":{"rendered":"<p>[vc_row][vc_column width=&#8221;1\/2&#8243;][vc_gallery interval=&#8221;3&#8243; images=&#8221;369&#8243; img_size=&#8221;large&#8221;][\/vc_column][vc_column width=&#8221;1\/2&#8243;][vc_column_text]<strong><span style=\"font-size: 14pt; color: #be0300;\"><sup>Das Atemschutz-Gebl\u00e4sesystem Chemical 2F Asbest ist\u00a0eine zuverl\u00e4ssige L\u00f6sung f\u00fcr den Schutz der Atemwege in durch Asbestfasern kontaminierten Umgebungen.<\/sup><\/span><\/strong><\/p>\n<p>Der Aufbau des Systems erm\u00f6glicht eine einfache\u00a0Dekontamination dank der Schutzklasse IP64. Das\u00a0Vollfarb-TFT-Display zeigt eindeutig alle relevanten\u00a0Informationen an. Das erweiterte elektronische\u00a0System warnt den Tr\u00e4ger bei geringem Luftstrom\u00a0oder niedrigem Batteriestand. Trotz des kompakten\u00a0Designs und des geringen Gewichtes sorgt das\u00a0Chemical 2F f\u00fcr einen konstanten Luftstrom im\u00a0Bereich von 160 bis 235 l\/min mit kombinierten Filtern\u00a0oder Partikelfiltern. Das einzigartige automatische<br \/>\nSchlie\u00dfsystem verhindert das Eindringen von\u00a0Schadstoffen w\u00e4hrend des Filterwechsels.[\/vc_column_text][vc_btn title=&#8221;Sehen Sie sich das komplette Sortiment von Atemschutz-Gebl\u00e4sesystemen an!&#8221; shape=&#8221;square&#8221; color=&#8221;danger&#8221; size=&#8221;lg&#8221; align=&#8221;left&#8221; i_icon_fontawesome=&#8221;fa fa-info-circle&#8221; css_animation=&#8221;none&#8221; add_icon=&#8221;true&#8221; link=&#8221;url:https%3A%2F%2Fwww.clean-air.cz%2Fde%2Fsysteme-fur-den-personlichen-atemschutz%2F|title:Sehen%20Sie%20sich%20das%20komplette%20Sortiment%20von%20Leichthauben%20an%21|&#8221;][\/vc_column][\/vc_row][vc_row][vc_column][vc_tta_tabs style=&#8221;modern&#8221; shape=&#8221;square&#8221; active_section=&#8221;1&#8243; no_fill_content_area=&#8221;true&#8221; title=&#8221;Details&#8221;][vc_tta_section i_icon_fontawesome=&#8221;fa fa-industry&#8221; add_icon=&#8221;true&#8221; title=&#8221;Anwendungsbereiche&#8221; tab_id=&#8221;1513150336358-68add988-e9ea&#8221;][vc_column_text]<span style=\"color: #be0300;\"><strong>Anwendungsbereiche<\/strong><\/span><\/p>\n<ul>\n<li>Asbestsanierung<\/li>\n<\/ul>\n<p>[\/vc_column_text][\/vc_tta_section][vc_tta_section i_icon_fontawesome=&#8221;fa fa-thumbs-o-up&#8221; add_icon=&#8221;true&#8221; title=&#8221;Merkmale und Vorteile&#8221; tab_id=&#8221;1513150336359-b7b65468-8021&#8243;][vc_column_text]<span style=\"color: #be0300;\"><strong>Merkmale und Vorteile<\/strong><\/span><\/p>\n<ul>\n<li>Kompaktes Design und geringes Gewicht<\/li>\n<li>Hohe mechanische und chemische Best\u00e4ndigkeit<\/li>\n<li>Erweitertes elektronisches Warnsystem<\/li>\n<li>Vollfarb-TFT-Display<\/li>\n<li>Dekontamination unter der Dusche\u00a0m\u00f6glich \u2013 Schutzklasse IP64<\/li>\n<li>Batterielaufzeit von bis zu 10 Stunden (Standardbatterie)<\/li>\n<li>Hoher Nennschutzfaktor (NPF 2000)<\/li>\n<\/ul>\n<p>[\/vc_column_text][\/vc_tta_section][vc_tta_section i_icon_fontawesome=&#8221;fa fa-cog&#8221; add_icon=&#8221;true&#8221; title=&#8221;Kompletts\u00e4tze, Zubeh\u00f6r, Filter&#8221; tab_id=&#8221;1513153137048-5f8c31c5-30ea&#8221;][vc_column_text]<\/p>\n<table>\n<tbody>\n<tr>\n<td style=\"text-align: left;\" colspan=\"2\"><span style=\"color: #be0300;\"><strong>Kompletts\u00e4tze<\/strong><\/span><\/td>\n<\/tr>\n<tr>\n<td style=\"text-align: left;\">CleanAIR\u00ae Chemical 2F mit aktiviertem \u201eAsbest\u201d-\u00a0Profil, einschlie\u00dflich Zubeh\u00f6r (Batterie, Ladeger\u00e4t,\u00a0dekontaminierbarer Hypalon-G\u00fcrtel und\u00a0Luftstromanzeige)<\/td>\n<td style=\"text-align: center;\">51\u00a000\u00a000FCA<\/td>\n<\/tr>\n<tr>\n<td style=\"text-align: left;\">CleanAIR\u00ae Chemical 2F mit aktiviertem \u201eAsbest\u201d-\u00a0Profil, einschlie\u00dflich Zubeh\u00f6r (Batterie,\u00a0Ladeger\u00e4t, dekontaminierbarer Gummig\u00fcrtel und\u00a0Luftstromanzeige)<\/td>\n<td style=\"text-align: center;\">51 00 00ASR<\/td>\n<\/tr>\n<tr>\n<td style=\"text-align: left;\" colspan=\"2\"><span style=\"color: #be0300;\"><strong>Ersatzteile, Zubeh\u00f6r<\/strong><\/span><\/td>\n<\/tr>\n<tr>\n<td style=\"text-align: left;\">Leichter flexibler Schlauch QuickLOCK\u2122 \u2013 CA40x1\/7\u201d<\/td>\n<td style=\"text-align: center;\">71 00 60<\/td>\n<\/tr>\n<tr>\n<td style=\"text-align: left;\">Gummischlauch QuickLOCK\u2122 \u2013 CA40\u00d71\/7\u201d<\/td>\n<td style=\"text-align: center;\">71 00 86<\/td>\n<\/tr>\n<tr>\n<td style=\"text-align: left;\">Gepolsterter Komfortg\u00fcrtel 2F<\/td>\n<td style=\"text-align: center;\">71 00 92<\/td>\n<\/tr>\n<tr>\n<td style=\"text-align: left;\">Dekontaminierbarer G\u00fcrtel<\/td>\n<td style=\"text-align: center;\">51 00 41<\/td>\n<\/tr>\n<tr>\n<td style=\"text-align: left;\">Dekontaminierbarer Gurtzeug<\/td>\n<td style=\"text-align: center;\">51 00 42<\/td>\n<\/tr>\n<tr>\n<td style=\"text-align: left;\">Gepolsterter Komfortgurtzeug<\/td>\n<td style=\"text-align: center;\">52 00 44.1<\/td>\n<\/tr>\n<tr>\n<td style=\"text-align: left;\">Lithium-Ionen-Standardbatterie 14,4 V\/2,6 Ah<\/td>\n<td style=\"text-align: center;\">51 00 10<\/td>\n<\/tr>\n<tr>\n<td style=\"text-align: left;\">Lithium-Ionen-Hochleistungsbatterie\u00a014,4 V\/5,2 Ah<\/td>\n<td style=\"text-align: center;\">51 00 20<\/td>\n<\/tr>\n<tr>\n<td style=\"text-align: left;\">Batterieladeger\u00e4t<\/td>\n<td style=\"text-align: center;\">51 00 30EUR<\/td>\n<\/tr>\n<tr>\n<td style=\"text-align: left;\" colspan=\"2\"><span style=\"color: #be0300;\"><strong>Filter<\/strong><\/span><\/td>\n<\/tr>\n<tr>\n<td style=\"text-align: left;\">Partikel Filter P3<\/td>\n<td style=\"text-align: center;\">50 00 48<\/td>\n<\/tr>\n<\/tbody>\n<\/table>\n<p>[\/vc_column_text][\/vc_tta_section][vc_tta_section i_icon_fontawesome=&#8221;fa fa-wrench&#8221; add_icon=&#8221;true&#8221; title=&#8221;Technische Daten&#8221; tab_id=&#8221;1513153797992-792040b0-82c9&#8243;][vc_column_text]<\/p>\n<table>\n<tbody>\n<tr>\n<td style=\"text-align: left;\">Luftstrom<\/td>\n<td style=\"text-align: center;\">120\u2013235 lpm<\/td>\n<\/tr>\n<tr>\n<td style=\"text-align: left;\">Laufzeit<\/td>\n<td style=\"text-align: center;\">bis zu 10 Stunden mit Standardbatterie<br \/>\nbis zu16 Stunden mit\u00a0Hochleistungsbatterie<\/td>\n<\/tr>\n<tr>\n<td style=\"text-align: left;\">Gewicht<\/td>\n<td style=\"text-align: center;\">960 g (mit Standardbatterie)<\/td>\n<\/tr>\n<tr>\n<td style=\"text-align: left;\">Ger\u00e4uschpegel<\/td>\n<td style=\"text-align: center;\">max. 62 dB<\/td>\n<\/tr>\n<tr>\n<td style=\"text-align: left;\">Abmessungen<\/td>\n<td style=\"text-align: center;\">240 mm \/ 110 mm \/ 120 mm<\/td>\n<\/tr>\n<tr>\n<td style=\"text-align: left;\">Standardbatterie<\/td>\n<td style=\"text-align: center;\">Li-Ion 14,4 V \/ 2,6 Ah<\/td>\n<\/tr>\n<tr>\n<td style=\"text-align: left;\">Hochleistungsbatterie<\/td>\n<td style=\"text-align: center;\">Li-Ion 14,4 V \/ 5,2 Ah<\/td>\n<\/tr>\n<tr>\n<td style=\"text-align: left;\">Zertifizierung<\/td>\n<td style=\"text-align: center;\">EN 12941 TH3, EN 12942 TM3<\/td>\n<\/tr>\n<\/tbody>\n<\/table>\n<p>[\/vc_column_text][\/vc_tta_section][vc_tta_section i_icon_fontawesome=&#8221;fa fa-download&#8221; add_icon=&#8221;true&#8221; title=&#8221;Downloads&#8221; tab_id=&#8221;1513154098935-95c74e4f-fa1e&#8221;][vc_column_text]<strong><a href=\"https:\/\/www.clean-air.cz\/wp-content\/uploads\/2018\/09\/User-manual-NA-064-R02-CleanAIR-Chemical-2F.pdf\" target=\"_blank\" rel=\"noopener\">User manual &#8211; NA-064-R02 &#8211; CleanAIR Chemical 2F<\/a><\/strong><\/p>\n<p><strong><a href=\"https:\/\/www.clean-air.cz\/wp-content\/uploads\/2018\/09\/Datasheet-DA-002-R03-51-00-00FCA-CA-Chemical-2F-plus-EN.pdf\" target=\"_blank\" rel=\"noopener\">Datasheet &#8211; DA-002-R03 &#8211; 51 00 00FCA &#8211; CA Chemical 2F plus &#8211; EN<\/a><\/strong><\/p>\n<p><strong><a href=\"https:\/\/www.clean-air.cz\/wp-content\/uploads\/2018\/06\/Datasheet-DA-010-R02-51-00-00ASD-CA-Chemical-2F-Asbest-EN.pdf\" target=\"_blank\" rel=\"noopener\">Datasheet &#8211; DA-010-R02 &#8211; 51 00 00ASD &#8211; CA Chemical 2F Asbest &#8211; EN<\/a><\/strong><\/p>\n<p><strong><a href=\"https:\/\/www.clean-air.cz\/wp-content\/uploads\/2018\/06\/Datasheet-DA-047-R00-MIC51-00-00FC-CA-Chemical-2F-with-activated-Garment-EN.pdf\" target=\"_blank\" rel=\"noopener\">Datasheet &#8211; DA-047-R00 &#8211; MIC51 00 00FC &#8211; CA Chemical 2F with activated Garment &#8211; EN<\/a><\/strong><\/p>\n<p><strong><a href=\"https:\/\/www.clean-air.cz\/wp-content\/uploads\/2018\/09\/PS-510000-1-R0-Chemical-2F-Plus.pdf\" target=\"_blank\" rel=\"noopener\">PS-510000-1-R0 Chemical 2F Plus<\/a><\/strong>[\/vc_column_text][\/vc_tta_section][vc_tta_section i_icon_fontawesome=&#8221;fa fa-picture-o&#8221; add_icon=&#8221;true&#8221; title=&#8221;Galerie&#8221; tab_id=&#8221;1515415801460-0c2258c9-4574&#8243;][vc_gallery type=&#8221;image_grid&#8221; images=&#8221;369,3296&#8243; img_size=&#8221;medium&#8221; css_animation=&#8221;fadeIn&#8221; css=&#8221;.vc_custom_1542352403317{padding-left: 280px !important;}&#8221;][\/vc_tta_section][\/vc_tta_tabs][\/vc_column][\/vc_row][vc_row][vc_column][vc_separator][vc_images_carousel images=&#8221;322,327&#8243; img_size=&#8221;large&#8221; onclick=&#8221;custom_link&#8221; slides_per_view=&#8221;4&#8243; autoplay=&#8221;yes&#8221; wrap=&#8221;yes&#8221; title=&#8221;Kompatible Masken&#8221; custom_links=&#8221;#E-8_JUI2JThBbCVGRWYlQUMlOTIlQ0YlREYlQkFZX2klQzclQTZqJUM5JTIwJUM3TSVCRiVGRSUxNyU5QXYlREElMjklQjMlRjklOUElQjJLJTNGfiVFOWUlN0QlQTclMUUlOTklQUIlMjRxJUZENg==&#8221; css=&#8221;.vc_custom_1542352708768{padding-left: 0px !important;}&#8221;][\/vc_column][\/vc_row][vc_row][vc_column][vc_separator color=&#8221;juicy_pink&#8221;][\/vc_column][\/vc_row]<\/p>\n","protected":false},"excerpt":{"rendered":"<p>[vc_row][vc_column width=&#8221;1\/2&#8243;][vc_gallery interval=&#8221;3&#8243; images=&#8221;369&#8243; img_size=&#8221;large&#8221;][\/vc_column][vc_column width=&#8221;1\/2&#8243;][vc_column_text]Das Atemschutz-Gebl\u00e4sesystem Chemical 2F Asbest ist\u00a0eine zuverl\u00e4ssige L\u00f6sung f\u00fcr den Schutz der Atemwege in durch Asbestfasern kontaminierten Umgebungen. Der Aufbau des Systems erm\u00f6glicht eine einfache\u00a0Dekontamination dank der Schutzklasse IP64. Das\u00a0Vollfarb-TFT-Display zeigt eindeutig alle relevanten\u00a0Informationen an. Das erweiterte elektronische\u00a0System warnt den Tr\u00e4ger bei geringem Luftstrom\u00a0oder niedrigem Batteriestand. Trotz des kompakten\u00a0Designs und des geringen Gewichtes sorgt das\u00a0Chemical 2F f\u00fcr einen konstanten Luftstrom im\u00a0Bereich von 160 bis 235<\/p>\n<p><a class=\"more-link\" href=\"https:\/\/www.clean-air.cz\/de\/systeme-fur-den-personlichen-atemschutz\/cleanair-chemical-2f-asbest\/\">Weiterlesen<\/a><\/p>\n","protected":false},"author":11,"featured_media":0,"parent":3849,"menu_order":0,"comment_status":"closed","ping_status":"closed","template":"","meta":{"footnotes":""},"_links":{"self":[{"href":"https:\/\/www.clean-air.cz\/de\/wp-json\/wp\/v2\/pages\/3912"}],"collection":[{"href":"https:\/\/www.clean-air.cz\/de\/wp-json\/wp\/v2\/pages"}],"about":[{"href":"https:\/\/www.clean-air.cz\/de\/wp-json\/wp\/v2\/types\/page"}],"author":[{"embeddable":true,"href":"https:\/\/www.clean-air.cz\/de\/wp-json\/wp\/v2\/users\/11"}],"replies":[{"embeddable":true,"href":"https:\/\/www.clean-air.cz\/de\/wp-json\/wp\/v2\/comments?post=3912"}],"version-history":[{"count":0,"href":"https:\/\/www.clean-air.cz\/de\/wp-json\/wp\/v2\/pages\/3912\/revisions"}],"up":[{"embeddable":true,"href":"https:\/\/www.clean-air.cz\/de\/wp-json\/wp\/v2\/pages\/3849"}],"wp:attachment":[{"href":"https:\/\/www.clean-air.cz\/de\/wp-json\/wp\/v2\/media?parent=3912"}],"curies":[{"name":"wp","href":"https:\/\/api.w.org\/{rel}","templated":true}]}}