{"id":3872,"date":"2018-12-20T09:34:54","date_gmt":"2018-12-20T08:34:54","guid":{"rendered":"https:\/\/www.clean-air.cz\/systeme-fur-den-personlichen-atemschutz\/cleanair-chemical-2f\/"},"modified":"2026-01-23T15:23:36","modified_gmt":"2026-01-23T14:23:36","slug":"cleanair-chemical-2f","status":"publish","type":"page","link":"https:\/\/www.clean-air.cz\/de\/systeme-fur-den-personlichen-atemschutz\/cleanair-chemical-2f\/","title":{"rendered":"CleanAIR\u00ae Chemical 2F"},"content":{"rendered":"<p>[vc_row][vc_column width=&#8221;1\/2&#8243;][vc_gallery interval=&#8221;0&#8243; images=&#8221;11094,11054,11059,11074,11079,11084,11089,11104,11109&#8243; img_size=&#8221;large&#8221;][\/vc_column][vc_column width=&#8221;1\/2&#8243;][vc_column_text]<strong><span style=\"font-size: 14pt; color: #be0300;\"><sup>Kompakt, leicht und zugleich leistungsf\u00e4hig &#8230;<br \/>\nDer vielseitigste und langlebigste Atemschutz aufdem Markt.<\/sup><\/span><\/strong><\/p>\n<p>Das kompakte und leichte Atemschutzger\u00e4t Chemical 2F ist au\u00dfergew\u00f6hnlich robust, chemikalienfest und erf\u00fcllt die Anforderungen einer hohen Schutzklasse. Das durchdachte<br \/>\nDesign mit glatter Oberfl\u00e4che kann es einfach durch Duschenoder Untertauchen dekontaminiert werden. Das einzigartige Verschlusssystem verhindert unbeabsichtigte Kontamination, wenn die Filter ausgetauscht werden. Die intelligente Luftstromregelung sorgt f\u00fcr einen konstanten Luftstrom, auch wenn die Filter verstopft sind oder der Akkuladestand niedrig ist. Akustische und optische Alarme warnen, wenn der Akku aufgeladen bzw. ein Filter ersetzt werden muss. Dank optionalem Hochleistungsakku ist es m\u00f6glich, den Luftstrom w\u00e4hrend der gesamten Schicht zwischen 120 l\/min und 235 l\/ min anzupassen.[\/vc_column_text][\/vc_column][\/vc_row][vc_row][vc_column width=&#8221;1\/3&#8243;][vc_column_text]<strong><span style=\"font-size: 14pt; color: #be0300;\">VOLLFARBDISPLAY<\/span><\/strong><\/p>\n<p>Das Vollfarbdisplay zeigt gut lesbar alle relevanten Informationen an wie Luftstrom, Akkuladestand und Filterverstopfung.<\/p>\n<p><img loading=\"lazy\" decoding=\"async\" class=\"size-medium wp-image-9678 aligncenter\" src=\"https:\/\/www.clean-air.cz\/wp-content\/uploads\/2020\/06\/2F-iso-300x176.jpg\" alt=\"\" width=\"300\" height=\"176\" srcset=\"https:\/\/www.clean-air.cz\/wp-content\/uploads\/2020\/06\/2F-iso-300x176.jpg 300w, https:\/\/www.clean-air.cz\/wp-content\/uploads\/2020\/06\/2F-iso.jpg 526w\" sizes=\"(max-width: 300px) 100vw, 300px\" \/>[\/vc_column_text][\/vc_column][vc_column width=&#8221;1\/3&#8243;][vc_column_text]<strong><span style=\"font-size: 14pt; color: #be0300;\">AUTOMATISCHES VERSCHLUSSSYSTEM\u00a0<\/span><\/strong><\/p>\n<p>Das einzigartige Verschlusssystem verhindert unbeabsichtigte Kontamination, wenn die Filter ausgetauscht werden.<\/p>\n<p><img loading=\"lazy\" decoding=\"async\" class=\"size-medium wp-image-9593 aligncenter\" src=\"https:\/\/www.clean-air.cz\/wp-content\/uploads\/2020\/06\/CleanAIR_2F_unit_without_filter-300x192.jpg\" alt=\"\" width=\"300\" height=\"192\" srcset=\"https:\/\/www.clean-air.cz\/wp-content\/uploads\/2020\/06\/CleanAIR_2F_unit_without_filter-300x192.jpg 300w, https:\/\/www.clean-air.cz\/wp-content\/uploads\/2020\/06\/CleanAIR_2F_unit_without_filter.jpg 526w\" sizes=\"(max-width: 300px) 100vw, 300px\" \/>[\/vc_column_text][\/vc_column][vc_column width=&#8221;1\/3&#8243;][vc_column_text]<strong><span style=\"font-size: 14pt; color: #be0300;\">Heavy Duty battery <\/span><\/strong><\/p>\n<p>The high capacity battery will increase the operation time. No more necessary changing or charging the battery during a long shift even when using gas and combined filters.<\/p>\n<p><img loading=\"lazy\" decoding=\"async\" class=\"alignnone size-medium wp-image-25809\" src=\"https:\/\/www.clean-air.cz\/wp-content\/uploads\/2025\/07\/510020.1_Rechargeable_battery_CA_Chem_2F-Heavy_Duty-Li-Ion_new-front-300x300.jpg\" alt=\"\" width=\"300\" height=\"300\" srcset=\"https:\/\/www.clean-air.cz\/wp-content\/uploads\/2025\/07\/510020.1_Rechargeable_battery_CA_Chem_2F-Heavy_Duty-Li-Ion_new-front-300x300.jpg 300w, https:\/\/www.clean-air.cz\/wp-content\/uploads\/2025\/07\/510020.1_Rechargeable_battery_CA_Chem_2F-Heavy_Duty-Li-Ion_new-front-1024x1024.jpg 1024w, https:\/\/www.clean-air.cz\/wp-content\/uploads\/2025\/07\/510020.1_Rechargeable_battery_CA_Chem_2F-Heavy_Duty-Li-Ion_new-front-150x150.jpg 150w, https:\/\/www.clean-air.cz\/wp-content\/uploads\/2025\/07\/510020.1_Rechargeable_battery_CA_Chem_2F-Heavy_Duty-Li-Ion_new-front-768x768.jpg 768w, https:\/\/www.clean-air.cz\/wp-content\/uploads\/2025\/07\/510020.1_Rechargeable_battery_CA_Chem_2F-Heavy_Duty-Li-Ion_new-front-1536x1536.jpg 1536w, https:\/\/www.clean-air.cz\/wp-content\/uploads\/2025\/07\/510020.1_Rechargeable_battery_CA_Chem_2F-Heavy_Duty-Li-Ion_new-front-800x800.jpg 800w, https:\/\/www.clean-air.cz\/wp-content\/uploads\/2025\/07\/510020.1_Rechargeable_battery_CA_Chem_2F-Heavy_Duty-Li-Ion_new-front-250x250.jpg 250w, https:\/\/www.clean-air.cz\/wp-content\/uploads\/2025\/07\/510020.1_Rechargeable_battery_CA_Chem_2F-Heavy_Duty-Li-Ion_new-front.jpg 1600w\" sizes=\"(max-width: 300px) 100vw, 300px\" \/>[\/vc_column_text][\/vc_column][\/vc_row][vc_row][vc_column width=&#8221;1\/3&#8243;][vc_column_text]<strong><span style=\"font-size: 14pt; color: #be0300;\">KOMPATIBEL MIT PANORAMATE LITE\u00a0SCHUTZANZ\u00dcGEN<\/span><\/strong><\/p>\n<p>Au\u00dfergew\u00f6hnlicher Ganzk\u00f6rper- und Atemschutz f\u00fcr stark kontaminierte Umgebungen. Konzipiert f\u00fcr die Verwendung mit dem elektrisch betriebenen Atemschutzger\u00e4t CleanAIR\u00ae Chemical 2F. Maximale Haltbarkeit, geringes Gewicht, hervorragendes Sichtfeld und Atemfreiheit garantieren au\u00dfergew\u00f6hnlichen Komfort f\u00fcr den Benutzer.<\/p>\n<p><img loading=\"lazy\" decoding=\"async\" class=\"size-medium wp-image-9693 alignleft\" src=\"https:\/\/www.clean-air.cz\/wp-content\/uploads\/2023\/01\/923550_Panoramate-3550-Lite-front-half-207x300.jpg\" alt=\"\" width=\"200\" height=\"148\" \/>[\/vc_column_text][\/vc_column][vc_column width=&#8221;1\/3&#8243;][vc_column_text]<strong><span style=\"font-size: 14pt; color: #be0300;\">MEHRERE STROMVERSORGUNGSOPTIONEN<\/span><\/strong><\/p>\n<p>Sie k\u00f6nnen zwischen Standardakku, Hochleistungsakku oder nicht wiederaufladbaren Prim\u00e4rakku ausw\u00e4hlen. Neben dem Standard-Ladeger\u00e4t k\u00f6nnen Sie Netzteile f\u00fcr die Autosteckdose oder eine Netzsteckdose als alternative Stromquelle erwerben.<\/p>\n<p><strong>Netzteile<\/strong><\/p>\n<table style=\"border-collapse: collapse; width: 100%;\">\n<tbody>\n<tr>\n<td style=\"width: 50%;\">Netzteil 230 V\/24 V f\u00fcr eine Netzsteckdose<\/td>\n<td style=\"width: 50%; text-align: center;\">51 00 15.1<\/td>\n<\/tr>\n<tr>\n<td style=\"width: 50%;\">Netzteil 12 V bis 24 V f\u00fcr eine Autosteckdose<\/td>\n<td style=\"width: 50%; text-align: center;\">51 00 15.2<\/td>\n<\/tr>\n<\/tbody>\n<\/table>\n<p><img loading=\"lazy\" decoding=\"async\" class=\"size-medium wp-image-9698 aligncenter\" src=\"https:\/\/www.clean-air.cz\/wp-content\/uploads\/2020\/06\/power_adaptors-300x142.jpg\" alt=\"\" width=\"300\" height=\"142\" srcset=\"https:\/\/www.clean-air.cz\/wp-content\/uploads\/2020\/06\/power_adaptors-300x142.jpg 300w, https:\/\/www.clean-air.cz\/wp-content\/uploads\/2020\/06\/power_adaptors.jpg 526w\" sizes=\"(max-width: 300px) 100vw, 300px\" \/>[\/vc_column_text][\/vc_column][vc_column width=&#8221;1\/3&#8243;][vc_column_text]<strong><span style=\"font-size: 14pt; color: #be0300;\">PRIM\u00c4RAKKU<\/span><\/strong><\/p>\n<p>Nicht wiederaufladbarer Akku f\u00fcr den einmaligen Gebrauch mit garantierter Lagerzeit von zehn Jahren. Dieser Akku kann jederzeit ohne Wiederaufladen eingesetzt werden. Die perfekte Wahl f\u00fcr Notfall- und Erste Hilfe-Teams oder wenn das Atemschutzsystem nur im Notfall eingesetzt wird.<\/p>\n<table style=\"border-collapse: collapse; width: 100%;\">\n<tbody>\n<tr>\n<td style=\"width: 50%;\">Prim\u00e4rer Lithium-Akku<\/td>\n<td style=\"width: 50%; text-align: center;\">51 00 11<\/td>\n<\/tr>\n<\/tbody>\n<\/table>\n<p>&nbsp;<\/p>\n<p><img loading=\"lazy\" decoding=\"async\" class=\"size-medium wp-image-9703 aligncenter\" src=\"https:\/\/www.clean-air.cz\/wp-content\/uploads\/2020\/06\/Primary_battery-214x300.jpg\" alt=\"\" width=\"214\" height=\"300\" srcset=\"https:\/\/www.clean-air.cz\/wp-content\/uploads\/2020\/06\/Primary_battery-214x300.jpg 214w, https:\/\/www.clean-air.cz\/wp-content\/uploads\/2020\/06\/Primary_battery.jpg 347w\" sizes=\"(max-width: 214px) 100vw, 214px\" \/>[\/vc_column_text][\/vc_column][\/vc_row][vc_row][vc_column width=&#8221;1\/3&#8243;][vc_column_text]<strong><span style=\"font-size: 14pt; color: #be0300;\">R\u00dcCKENGURTZEUG F\u00dcR BESSEREN HALT AM R\u00dcCKEN UND<br \/>\nMEHR KOMFORT<\/span><\/strong><\/p>\n<table style=\"border-collapse: collapse; width: 100%;\">\n<tbody>\n<tr>\n<td style=\"width: 50%;\">Gepolstertes Komfortgurtzeug<\/td>\n<td style=\"width: 50%; text-align: center;\">52 00 44.1<\/td>\n<\/tr>\n<tr>\n<td style=\"width: 50%;\">Dekontaminierbares Gurtzeug<\/td>\n<td style=\"width: 50%; text-align: center;\">51 00 42<\/td>\n<\/tr>\n<\/tbody>\n<\/table>\n<p><img loading=\"lazy\" decoding=\"async\" class=\"size-medium wp-image-9708 aligncenter\" src=\"https:\/\/www.clean-air.cz\/wp-content\/uploads\/2020\/06\/CleanAIR_2F_back_harness-224x300.jpg\" alt=\"\" width=\"224\" height=\"300\" srcset=\"https:\/\/www.clean-air.cz\/wp-content\/uploads\/2020\/06\/CleanAIR_2F_back_harness-224x300.jpg 224w, https:\/\/www.clean-air.cz\/wp-content\/uploads\/2020\/06\/CleanAIR_2F_back_harness.jpg 526w\" sizes=\"(max-width: 224px) 100vw, 224px\" \/>[\/vc_column_text][\/vc_column][vc_column width=&#8221;1\/3&#8243;][vc_column_text]<strong><span style=\"font-size: 14pt; color: #be0300;\">H\u00d6CHSTE WASSERSCHUTZKLASSE IP68<\/span><\/strong><\/p>\n<p>Das durchdachte Design mit glatter Oberfl\u00e4che kann einfach durch Absp\u00fclen oder sogar<br \/>\nEintauchen dekontaminiert werden.<br \/>\n<strong>IP64<\/strong> Dekontaminationsdusche<sup>1<\/sup> \u2013 umfassender Schutz vor Fl\u00fcssigkeitsspritzern aus jedem Winkel<br \/>\n<strong>IP65<\/strong> Dekontaminationsdusche<sup>2<\/sup> \u2013 umfassender Schutz vor Wasserd\u00fcsen aus jedem Winkel.<br \/>\n<strong>IP68<\/strong> Eintauchdesinfektion<sup>3<\/sup> \u2013 umfassender Schutz durch kontinuierliches Eintauchen in Wasser\/Desinfektionsl\u00f6sung. Zur Desinfektion des CleanAIR\u00ae Chemical 2F k\u00f6nnen z. B. Natriumhypochlorit und Wasserstoffperoxid (Persteril) verwendet werden.<\/p>\n<hr \/>\n<p><sup>1<\/sup>When the system is ON, fitted with CleanAIR<sup>\u00ae<\/sup> filters<br \/>\n<sup>2<\/sup>When the system is ON, fitted with CleanAIR<sup>\u00ae<\/sup> filters incorporating pre-filter holder<br \/>\nand spark arresters<br \/>\n<sup>3<\/sup>When the system is OFF, fitted with decontamination plugs<\/p>\n<p><img loading=\"lazy\" decoding=\"async\" class=\"size-medium wp-image-9713 aligncenter\" src=\"https:\/\/www.clean-air.cz\/wp-content\/uploads\/2020\/06\/CleanAIR_2F_water_resistance-300x229.jpg\" alt=\"\" width=\"300\" height=\"229\" srcset=\"https:\/\/www.clean-air.cz\/wp-content\/uploads\/2020\/06\/CleanAIR_2F_water_resistance-300x229.jpg 300w, https:\/\/www.clean-air.cz\/wp-content\/uploads\/2020\/06\/CleanAIR_2F_water_resistance-180x138.jpg 180w, https:\/\/www.clean-air.cz\/wp-content\/uploads\/2020\/06\/CleanAIR_2F_water_resistance.jpg 526w\" sizes=\"(max-width: 300px) 100vw, 300px\" \/>[\/vc_column_text][\/vc_column][vc_column width=&#8221;1\/3&#8243;][vc_column_text]<strong><span style=\"font-size: 14pt; color: #be0300;\">Sunfibre<sup>\u00ae<\/sup> active Beleuchtung<\/span><\/strong><\/p>\n<p>Gehen Sie bei der Sicherheit keine Kompromisse ein \u2013 statten Sie Ihre Mitarbeiter mit SUNFIBRE<sup>\u00ae<\/sup> aus, das sich nahtlos am R\u00fcckengurt befestigen l\u00e4sst und das PAPR-System tr\u00e4gt, w\u00e4hrend die Stromversorgung \u00fcber eine praktische Powerbank erfolgt. Die SUNFIBRE<sup>\u00ae<\/sup> Active Lighting-Technologie verbessert die Sicht der Arbeiter erheblich. Von n\u00e4chtlichen Bauprojekten bis hin zu kritischen Infrastrukturdiensten rund um die Uhr setzt SUNFIBRE<sup>\u00ae<\/sup> einen neuen Standard f\u00fcr Sicherheit und Arbeitsablaufeffizienz. Die SUNFIBRE\u00ae-Technologie ist industriell waschbar, sehr langlebig, flexibel und hat eine Betriebszeit von 30 Stunden oder mehr.<\/p>\n<p><img loading=\"lazy\" decoding=\"async\" src=\"https:\/\/www.clean-air.cz\/wp-content\/uploads\/2023\/10\/710050_Sunfibre_cut.jpg\" alt=\"\" width=\"400\" height=\"300\" \/>[\/vc_column_text][\/vc_column][\/vc_row][vc_row][vc_column][vc_tta_tabs style=&#8221;modern&#8221; shape=&#8221;square&#8221; active_section=&#8221;1&#8243; no_fill_content_area=&#8221;true&#8221; title=&#8221;Details&#8221;][vc_tta_section i_icon_fontawesome=&#8221;fa fa-industry&#8221; add_icon=&#8221;true&#8221; title=&#8221;Anwendungsbereiche&#8221; tab_id=&#8221;1513150336358-68add988-e9ea&#8221;][vc_column_text]<span style=\"color: #be0300;\"><strong>ANWENDUNGSBEREICHE<\/strong><\/span><\/p>\n<ul>\n<li>Stark belastete Umgebungen wie in der chemischen und pharmazeutischen Industrie<\/li>\n<li>Sanierungsarbeiten, Labore<\/li>\n<li>Erste Hilfe und Notfallteams<\/li>\n<li>Schutz vor biologischen Gefahrstoffen<\/li>\n<\/ul>\n<p>[\/vc_column_text][\/vc_tta_section][vc_tta_section i_icon_fontawesome=&#8221;fa fa-thumbs-o-up&#8221; add_icon=&#8221;true&#8221; title=&#8221;Merkmale und Vorteile&#8221; tab_id=&#8221;1513150336359-b7b65468-8021&#8243;][vc_column_text]<span style=\"color: #be0300;\"><strong>FUNKTIONEN UND VORTEILE<\/strong><\/span><\/p>\n<ul>\n<li>Kompaktes, leichtes Design<\/li>\n<li>\u00a0F\u00fcr den Einsatz mit einer Haube, Maske oder einem bel\u00fcfteten Schutzanzug<\/li>\n<li>Hohe mechanische Festigkeit und Chemikalienbest\u00e4ndigkeit<\/li>\n<li>Hohe Schutzklasse erm\u00f6glicht Dekontaminierung durch Duschen oder vollst\u00e4ndiges Untertauchen (<strong>IP64<\/strong>\/<strong>IP65<\/strong>\/<strong>IP68<\/strong>)<\/li>\n<li>Das Vollfarbdisplay zeigt gut lesbar alle relevanten Informationen an wie Filterverstopfung,<br \/>\nAkkuladestand und Luftstrom<\/li>\n<li>Die Luftstromregelung erh\u00e4lt einen konstanten Luftstrom aufrecht unabh\u00e4ngig vom<br \/>\nVerstopfungsgrad oder Akkuladestand.<\/li>\n<li>Betriebszeit mit Hochleistungsakku 16 Stunden oder mit Standardakku 10 Stunden<\/li>\n<li>Kurze Akkuladezeiten von weniger als drei Stunden (Standardakku)<\/li>\n<li>Akustischer und optischer Alarm (audiovisuell)<\/li>\n<li>Mehrsprachige Benutzeroberfl\u00e4che<\/li>\n<li>R\u00fcckengurt mit h\u00f6herem Komfort<\/li>\n<\/ul>\n<p>[\/vc_column_text][\/vc_tta_section][vc_tta_section i_icon_fontawesome=&#8221;fa fa-cog&#8221; add_icon=&#8221;true&#8221; title=&#8221;Kompletts\u00e4tze, Zubeh\u00f6r, Filter&#8221; tab_id=&#8221;1513153137048-5f8c31c5-30ea&#8221;][vc_column_text]<\/p>\n<table style=\"width: 100%; height: 864px;\">\n<tbody>\n<tr style=\"height: 24px;\">\n<td style=\"text-align: left; width: 99.8293%; height: 24px;\" colspan=\"2\"><span style=\"color: #be0300;\"><strong>Komplette Sets<\/strong><\/span><\/td>\n<\/tr>\n<tr style=\"height: 48px;\">\n<td style=\"width: 82.4232%; height: 48px;\">CleanAIR\u00ae Chemical 2F, inkl. Komfortg\u00fcrtel, Lithium-Ionen-Akku,<br \/>\nLadeger\u00e4t, Str\u00f6mungsanzeige (ohne Schlauch)<\/td>\n<td style=\"width: 17.4061%; height: 48px;\">51 00 00FCA<\/td>\n<\/tr>\n<tr style=\"height: 48px;\">\n<td style=\"width: 82.4232%; height: 48px;\">CleanAIR\u00ae Chemical 2F, inkl. dekontaminierbarer Gurt, Lithium-IonenAkku, Ladeger\u00e4t, Str\u00f6mungsanzeige (ohne Schlauch)<\/td>\n<td style=\"width: 17.4061%; height: 48px;\">51 00 00FDA<\/td>\n<\/tr>\n<tr style=\"height: 72px;\">\n<td style=\"width: 82.4232%; height: 72px;\">CleanAIR\u00ae Chemical 2F mit aktiviertem Modus \u201eGarmet\u201c, inkl.<br \/>\nKomfortg\u00fcrtel, Lithium-Ionen-Akku, Ladeger\u00e4t, Luftschlauch,<br \/>\nSicherungsmutter, Str\u00f6mungsanzeige<\/td>\n<td style=\"width: 17.4061%; height: 72px;\">MIC51 00 00FC<\/td>\n<\/tr>\n<tr style=\"height: 72px;\">\n<td style=\"width: 82.4232%; height: 72px;\">CleanAIR\u00ae Chemical 2F mit aktiviertem Modus \u201eGarmet\u201c, inkl.<br \/>\nKomfortg\u00fcrtel, Lithium-Ionen-Akku, Ladeger\u00e4t, Luftschlauch,<br \/>\nSicherungsmutter, Str\u00f6mungsanzeige<\/td>\n<td style=\"width: 17.4061%; height: 72px;\">MIC51 00 00FD<\/td>\n<\/tr>\n<tr style=\"height: 24px;\">\n<td style=\"text-align: left; width: 99.8293%; height: 24px;\" colspan=\"2\"><em>*F\u00fcr die Bestellung eines Sets mit UK-Ladeger\u00e4t f\u00fcgen Sie bitte am Ende des Produktcodes ein \u201eU\u201c hinzu<\/em><\/td>\n<\/tr>\n<tr style=\"height: 24px;\">\n<td style=\"text-align: left; width: 99.8293%; height: 24px;\" colspan=\"2\"><span style=\"color: #be0300;\"><strong>\u00a0Ersatzteile\/Zubeh\u00f6r<\/strong><\/span><\/td>\n<\/tr>\n<tr>\n<td style=\"width: 82.4232%;\">Dekontaminierbarer G\u00fcrtel<\/td>\n<td style=\"width: 17.4061%;\">51 00 51<\/td>\n<\/tr>\n<tr>\n<td style=\"width: 82.4232%;\">Dekontaminierbares Gurtzeug<\/td>\n<td style=\"width: 17.4061%;\">51 00 52<\/td>\n<\/tr>\n<tr>\n<td style=\"width: 82.4232%;\">Prim\u00e4rer Lithium-Ionen-Akku, nicht wiederaufladbar<\/td>\n<td style=\"width: 17.4061%;\">51 00 11<\/td>\n<\/tr>\n<tr>\n<td style=\"width: 82.4232%;\">Netzteil 230 V f\u00fcr eine Netzsteckdose<\/td>\n<td style=\"width: 17.4061%;\">51 00 15.1<\/td>\n<\/tr>\n<tr>\n<td style=\"width: 82.4232%;\">Netzteil 12 V bis 24 V f\u00fcr eine Autosteckdose<\/td>\n<td style=\"width: 17.4061%;\">51 00 15.2<\/td>\n<\/tr>\n<tr>\n<td style=\"width: 82.4232%;\">Standard Lithium-Ionen-Akku 14,4 V\/2,6 Ah<\/td>\n<td style=\"width: 17.4061%;\">51 00 10<\/td>\n<\/tr>\n<tr>\n<td style=\"width: 82.4232%;\">Lithium-Ionen-Hochleistungsakku 14,4 V\/5,2 Ah<\/td>\n<td style=\"width: 17.4061%;\">51 00 20<\/td>\n<\/tr>\n<tr>\n<td style=\"width: 82.4232%;\">Akkuladeger\u00e4t<\/td>\n<td style=\"width: 17.4061%;\">51 00 30EUR<\/td>\n<\/tr>\n<tr>\n<td style=\"width: 82.4232%;\">Akkuladeger\u00e4t GB Stecker<\/td>\n<td style=\"width: 17.4061%;\">51 00 30UK<\/td>\n<\/tr>\n<tr>\n<td style=\"width: 82.4232%;\">Akkuladeger\u00e4t AUS Stecker<\/td>\n<td style=\"width: 17.4061%;\">51 00 30AUS<\/td>\n<\/tr>\n<tr>\n<td style=\"width: 82.4232%;\">Set Dekontaminierungsstopfen \u2013 2F<\/td>\n<td style=\"width: 17.4061%;\">51 00 46<\/td>\n<\/tr>\n<tr>\n<td style=\"width: 82.4232%;\">Gepolstertes Komfortgurtzeug<\/td>\n<td style=\"width: 17.4061%;\">52 00 44.1<\/td>\n<\/tr>\n<tr>\n<td style=\"width: 82.4232%;\">Gummischlauch QuickLOCK\u2122 \u2013 CA40x1\/7\u2033<\/td>\n<td style=\"width: 17.4061%;\">71 00 86<\/td>\n<\/tr>\n<tr>\n<td style=\"width: 82.4232%;\">Leichter flexibler QuickLOCK\u2122 Schlauch \u2013 CA40x1\/7\u2033<\/td>\n<td style=\"width: 17.4061%;\">71 00 60<\/td>\n<\/tr>\n<tr>\n<td style=\"width: 82.4232%;\">Leichter flexibler Schlauch CA40x1\/7\u2033 \u2013 CA40x1\/7\u2033<\/td>\n<td style=\"width: 17.4061%;\">70 00 60<\/td>\n<\/tr>\n<tr>\n<td style=\"width: 82.4232%;\">Gummischlauch CA40x1\/7\u2033 \u2013 CA40x1\/7\u2033<\/td>\n<td style=\"width: 17.4061%;\">70 00 86CA<\/td>\n<\/tr>\n<tr>\n<td style=\"width: 82.4232%;\">Gepolsterter Komfortg\u00fcrtel 2F<\/td>\n<td style=\"width: 17.4061%;\">71 00 92<\/td>\n<\/tr>\n<tr>\n<td style=\"width: 82.4232%;\">SunFibre Hi-Vis-Set (aktive Beleuchtung, Powerbank, Tasche)<\/td>\n<td style=\"width: 17.4061%;\">710050<\/td>\n<\/tr>\n<tr>\n<td style=\"width: 82.4232%;\">Aktive SunFibre Hi-Vis-Beleuchtung<\/td>\n<td style=\"width: 17.4061%;\">710051<\/td>\n<\/tr>\n<tr>\n<td style=\"width: 82.4232%;\">Gurttasche f\u00fcr SunFibre<\/td>\n<td style=\"width: 17.4061%;\">710052<\/td>\n<\/tr>\n<tr>\n<td style=\"width: 82.4232%;\">Powerbank ONPOWER 4000 mA<\/td>\n<td style=\"width: 17.4061%;\">710053<\/td>\n<\/tr>\n<tr>\n<td style=\"width: 82.4232%;\">Kabelbaum-Schlauchhalter<\/td>\n<td style=\"width: 17.4061%;\">710071<\/td>\n<\/tr>\n<tr>\n<td style=\"width: 99.8293%;\" colspan=\"2\"><strong><span style=\"color: #be0300;\">Kompatible Filter<\/span><\/strong><\/td>\n<\/tr>\n<tr style=\"height: 24px;\">\n<td style=\"text-align: left; width: 99.8293%; height: 24px;\" colspan=\"2\"><em>Kompatibel mit allen CleanAIR\u00ae Partikelfiltern und kombinierten Filtern mit RD40x1\/7\u2033 Gewinde &#8211; <a href=\"https:\/\/www.clean-air.cz\/de\/filter\/\">clean-air.cz\/filters<\/a><\/em><\/td>\n<\/tr>\n<\/tbody>\n<\/table>\n<p>[\/vc_column_text][\/vc_tta_section][vc_tta_section i_icon_fontawesome=&#8221;fa fa-wrench&#8221; add_icon=&#8221;true&#8221; title=&#8221;Technische Daten&#8221; tab_id=&#8221;1513153797992-792040b0-82c9&#8243;][vc_column_text]<\/p>\n<table>\n<tbody>\n<tr>\n<td style=\"text-align: left;\">Gewicht<\/td>\n<td style=\"text-align: center;\">960 g (inkl. Standardakku)<\/td>\n<\/tr>\n<tr>\n<td style=\"text-align: left;\">Abmessung<\/td>\n<td style=\"text-align: center;\">240 mm \/ 110 mm \/ 120 mm<\/td>\n<\/tr>\n<tr>\n<td style=\"text-align: left;\">Luftstrom<\/td>\n<td style=\"text-align: center;\">anpassbar 120 bis 235 l\/min<\/td>\n<\/tr>\n<tr>\n<td style=\"text-align: left;\">Alarm<\/td>\n<td style=\"text-align: center;\">akustisch und optisch<\/td>\n<\/tr>\n<tr>\n<td style=\"text-align: left;\">Betrieb*\/Ladezeit<\/td>\n<td style=\"text-align: center;\">&lt; 10\/&lt; 3 h Standardakku<\/p>\n<p>&lt; 20\/&lt; 5,5 h Hochleistungsakku<\/td>\n<\/tr>\n<tr>\n<td style=\"text-align: left;\">Akku<\/td>\n<td style=\"text-align: center;\">Lithium-Ionen-Akku 14,4 V\/2,6 Ah (Standardakku)<\/p>\n<p>Lithium-Ionen-Akku 14,4 V\/5,2 Ah (Hochleistungsakku)<\/td>\n<\/tr>\n<tr>\n<td style=\"text-align: left;\">Schlauchanschluss<\/td>\n<td style=\"text-align: center;\">CA40x1\/7\u201c<\/td>\n<\/tr>\n<tr>\n<td style=\"text-align: left;\">Zertifizierung<\/td>\n<td style=\"text-align: center;\">EN 12941 TH3<br \/>\nEN 12942 TM3<br \/>\nIngress protection IP64\/IP65\/IP68<\/td>\n<\/tr>\n<tr>\n<td style=\"text-align: left;\" colspan=\"2\">* Bei 160 l\/min mit neuen P R SL Filtern und voll aufgeladenen Akkus.<\/td>\n<\/tr>\n<\/tbody>\n<\/table>\n<p>[\/vc_column_text][\/vc_tta_section][vc_tta_section i_icon_fontawesome=&#8221;fa fa-download&#8221; add_icon=&#8221;true&#8221; title=&#8221;Downloads&#8221; tab_id=&#8221;1513154098935-95c74e4f-fa1e&#8221;][vc_column_text]<strong><a href=\"https:\/\/www.clean-air.cz\/wp-content\/uploads\/2025\/06\/GR-CNA051-R10-Navod-2F-DIGI.pdf\">Chemical 2F &#8211; User manual<\/a><\/strong><\/p>\n<p><strong><a href=\"https:\/\/www.clean-air.cz\/wp-content\/uploads\/2025\/12\/DA-010_-_510000ASD_-_Chemical_2F_Asbest_-_EN.pdf\">Datasheet DA-010_-_510000ASD_-_Chemical_2F_Asbest_-_EN<\/a><\/strong><\/p>\n<p><strong><a href=\"https:\/\/www.clean-air.cz\/wp-content\/uploads\/2026\/01\/DA-020_-_510000FCA_-_Chemical_2F_Plus_-_EN.pdf\">DA-020_-_510000FCA_-_Chemical_2F_Plus_-_EN<\/a><\/strong><\/p>\n<p><strong><a href=\"https:\/\/www.clean-air.cz\/wp-content\/uploads\/2026\/01\/DA-020.1_-_510000FDA_-_Chemical_2F_Plus_-_EN.pdf\">DA-020.1_-_510000FDA_-_Chemical_2F_Plus_-_EN<\/a><\/strong><\/p>\n<p><strong><a href=\"https:\/\/www.clean-air.cz\/wp-content\/uploads\/2025\/12\/DA-079_-_51E000_-_Chemical_2F_Ex_-_EN.pdf\">Datasheet DA-079_-_51E000_-_Chemical_2F_Ex_-_EN<\/a><\/strong><\/p>\n<p><strong><a href=\"https:\/\/www.clean-air.cz\/wp-content\/uploads\/2026\/01\/DA-076_-_51T000FC_-_Chemical_2F_Tactical_-_EN.pdf\">DA-076_-_51T000FC_-_Chemical_2F_Tactical_-_EN<\/a><\/strong><\/p>\n<p><strong><a href=\"https:\/\/www.clean-air.cz\/wp-content\/uploads\/2025\/12\/DA-047_-_MIC510000FC_-_Chemical_2F_Garment_-_EN.pdf\">Datasheet DA-047_-_MIC510000FC_-_Chemical_2F_Garment_-_EN<\/a><\/strong><\/p>\n<p><strong><a href=\"https:\/\/www.clean-air.cz\/wp-content\/uploads\/2025\/12\/GR-CNA144-R00-User-Manual-CleanAIR-Link-App.pdf\">User Manual &#8211; CleanAIR Link App<\/a><\/strong><\/p>\n<p><strong><a href=\"https:\/\/www.clean-air.cz\/wp-content\/uploads\/2025\/07\/PS-510000-1-R4-Chemical-2F-Plus.pdf\">Declaration of conformity PS-510000-1-R4 Chemical 2F Plus<\/a><\/strong><\/p>\n<p><strong><a href=\"https:\/\/www.clean-air.cz\/wp-content\/uploads\/2025\/07\/PS-51E000-1-R4-Chemical-2F-EX.pdf\">Declaration of conformity PS-51E000-1-R4 Chemical 2F EX<\/a><\/strong>[\/vc_column_text][\/vc_tta_section][vc_tta_section i_icon_fontawesome=&#8221;fa fa-picture-o&#8221; add_icon=&#8221;true&#8221; title=&#8221;Galerie&#8221; tab_id=&#8221;1515415801460-0c2258c9-4574&#8243;][vc_gallery type=&#8221;image_grid&#8221; images=&#8221;3873,376,377&#8243; img_size=&#8221;medium&#8221; css_animation=&#8221;fadeIn&#8221; css=&#8221;.vc_custom_1530271249599{padding-left: 280px !important;}&#8221;][\/vc_tta_section][\/vc_tta_tabs][\/vc_column][\/vc_row][vc_row][vc_column][vc_separator color=&#8221;juicy_pink&#8221;][\/vc_column][\/vc_row]<\/p>\n","protected":false},"excerpt":{"rendered":"<p>[vc_row][vc_column width=&#8221;1\/2&#8243;][vc_gallery interval=&#8221;0&#8243; images=&#8221;11094,11054,11059,11074,11079,11084,11089,11104,11109&#8243; img_size=&#8221;large&#8221;][\/vc_column][vc_column width=&#8221;1\/2&#8243;][vc_column_text]Kompakt, leicht und zugleich leistungsf\u00e4hig &#8230; Der vielseitigste und langlebigste Atemschutz aufdem Markt. Das kompakte und leichte Atemschutzger\u00e4t Chemical 2F ist au\u00dfergew\u00f6hnlich robust, chemikalienfest und erf\u00fcllt die Anforderungen einer hohen Schutzklasse. Das durchdachte Design mit glatter Oberfl\u00e4che kann es einfach durch Duschenoder Untertauchen dekontaminiert werden. Das einzigartige Verschlusssystem verhindert unbeabsichtigte Kontamination, wenn die Filter ausgetauscht werden. Die intelligente Luftstromregelung sorgt f\u00fcr einen konstanten Luftstrom, auch<\/p>\n<p><a class=\"more-link\" href=\"https:\/\/www.clean-air.cz\/de\/systeme-fur-den-personlichen-atemschutz\/cleanair-chemical-2f\/\">Weiterlesen<\/a><\/p>\n","protected":false},"author":11,"featured_media":0,"parent":3849,"menu_order":0,"comment_status":"closed","ping_status":"closed","template":"","meta":{"footnotes":""},"_links":{"self":[{"href":"https:\/\/www.clean-air.cz\/de\/wp-json\/wp\/v2\/pages\/3872"}],"collection":[{"href":"https:\/\/www.clean-air.cz\/de\/wp-json\/wp\/v2\/pages"}],"about":[{"href":"https:\/\/www.clean-air.cz\/de\/wp-json\/wp\/v2\/types\/page"}],"author":[{"embeddable":true,"href":"https:\/\/www.clean-air.cz\/de\/wp-json\/wp\/v2\/users\/11"}],"replies":[{"embeddable":true,"href":"https:\/\/www.clean-air.cz\/de\/wp-json\/wp\/v2\/comments?post=3872"}],"version-history":[{"count":0,"href":"https:\/\/www.clean-air.cz\/de\/wp-json\/wp\/v2\/pages\/3872\/revisions"}],"up":[{"embeddable":true,"href":"https:\/\/www.clean-air.cz\/de\/wp-json\/wp\/v2\/pages\/3849"}],"wp:attachment":[{"href":"https:\/\/www.clean-air.cz\/de\/wp-json\/wp\/v2\/media?parent=3872"}],"curies":[{"name":"wp","href":"https:\/\/api.w.org\/{rel}","templated":true}]}}