{"id":3866,"date":"2018-12-20T09:16:20","date_gmt":"2018-12-20T08:16:20","guid":{"rendered":"https:\/\/www.clean-air.cz\/systeme-fur-den-personlichen-atemschutz\/cleanair-basic-evo\/"},"modified":"2026-03-25T15:02:24","modified_gmt":"2026-03-25T14:02:24","slug":"cleanair-basic","status":"publish","type":"page","link":"https:\/\/www.clean-air.cz\/de\/systeme-fur-den-personlichen-atemschutz\/cleanair-basic\/","title":{"rendered":"CleanAIR\u00ae Basic"},"content":{"rendered":"<p>[vc_row][vc_column width=&#8221;1\/2&#8243;][vc_gallery interval=&#8221;3&#8243; images=&#8221;10777,10772,10782&#8243; img_size=&#8221;large&#8221;][\/vc_column][vc_column width=&#8221;1\/2&#8243;][vc_column_text]<\/p>\n<p><strong><span style=\"font-size: 14pt; color: #be0300;\"><sup>&#8230; hat sich entwickelt.<\/sup><\/span><\/strong><\/p>\n<p>Das Basic bietet effizienten Schutz in Umgebungen mit gef\u00e4hrlichen Partikeln in Form von festen und fl\u00fcssigen Aerosolen wie Staub, Rauch, D\u00e4mpfen und Fasern. Es ist mit einer Lithium-Ionen-Batterie, einer elektronischen Steuerung f\u00fcr\u00a0einen konstanten Luftstrom und einem erweiterten System f\u00fcr die Warnung des\u00a0Tr\u00e4gers bei geringem Luftstrom ausgestattet. Der individuell von 170 bis 240 l\/min\u00a0einstellbare Luftstrom kann einfach \u00fcber eine Taste geregelt werden. Alle relevanten\u00a0Informationen sind dank des neu entworfenen LED-Bedienfeldes eindeutig sichtbar.<\/p>\n<p>[\/vc_column_text][\/vc_column][\/vc_row][vc_row][vc_column][vc_tta_tabs style=&#8221;modern&#8221; shape=&#8221;square&#8221; active_section=&#8221;1&#8243; no_fill_content_area=&#8221;true&#8221; title=&#8221;Details&#8221;][vc_tta_section i_icon_fontawesome=&#8221;fa fa-industry&#8221; add_icon=&#8221;true&#8221; title=&#8221;Anwendungsbereiche&#8221; tab_id=&#8221;1513150336358-68add988-e9ea&#8221;][vc_column_text]<\/p>\n<p><span style=\"color: #be0300;\"><strong>Anwendungsbereiche<\/strong><\/span><\/p>\n<ul>\n<li>Schwei\u00dfen, Schleifen und Oberfl\u00e4chenbearbeitung<\/li>\n<li>Automobilindustrie und Schiffbau<\/li>\n<li>Landwirtschaft, Lebensmittelindustrie<\/li>\n<li>Bauwesen und Holzbearbeitung<\/li>\n<\/ul>\n<p>[\/vc_column_text][\/vc_tta_section][vc_tta_section i_icon_fontawesome=&#8221;fa fa-thumbs-o-up&#8221; add_icon=&#8221;true&#8221; title=&#8221;Merkmale und Vorteile&#8221; tab_id=&#8221;1513150336359-b7b65468-8021&#8243;][vc_column_text]<\/p>\n<p><span style=\"color: #be0300;\"><strong>Merkmale und Vorteile<\/strong><\/span><\/p>\n<ul>\n<li><span style=\"font-size: 1rem;\">Leicht und kompakt<br \/>\n<\/span><\/li>\n<li><span style=\"font-size: 1rem;\">Austauschbarer Lithium-Ionen-Akku<br \/>\n<\/span><\/li>\n<li><span style=\"font-size: 1rem;\">In f\u00fcnf Stufen einstellbarer Luftstrom (170 bis 240 l\/min)<br \/>\n<\/span><\/li>\n<li><span style=\"font-size: 1rem;\">Die Luftstromregelung sorgt f\u00fcr einen konstanten Luftstrom unabh\u00e4ngig vom Verstopfungsgradoder Akkuladestand.<\/span><\/li>\n<li><span style=\"font-size: 1rem;\">Akustischer und optischer Alarm (audiovisuell)<br \/>\n<\/span><\/li>\n<li><span style=\"font-size: 1rem;\">Anzeige verstopfter Filter oder Akkuladestand<br \/>\n<\/span><\/li>\n<li><span style=\"font-size: 1rem;\">LED-Bedienpult im neuen Design<br \/>\n<\/span><\/li>\n<li><span style=\"font-size: 1rem;\">Einfache Bedienung mit einer Taste<br \/>\n<\/span><\/li>\n<li><span style=\"font-size: 1rem;\">Neues Klicksystem f\u00fcr die einfache Befestigung der Filterabdeckungng<\/span><\/li>\n<\/ul>\n<p>[\/vc_column_text][\/vc_tta_section][vc_tta_section i_icon_fontawesome=&#8221;fa fa-cog&#8221; add_icon=&#8221;true&#8221; title=&#8221;Kompletts\u00e4tze, Zubeh\u00f6r, Filter&#8221; tab_id=&#8221;1513153137048-5f8c31c5-30ea&#8221;][vc_column_text]<\/p>\n<table style=\"width: 100%; height: 472px;\">\n<tbody>\n<tr style=\"height: 22px;\">\n<td style=\"text-align: left; height: 22px;\" colspan=\"2\"><span style=\"color: #be0300;\"><strong>Kompletts\u00e4tze<\/strong><\/span><\/td>\n<\/tr>\n<tr style=\"height: 46px;\">\n<td style=\"text-align: left; height: 46px;\">CleanAIR\u00aeBasic Komfortg\u00fcrtel, Lithium-Ionen-Akku, Ladeger\u00e4t,<br \/>\nQuickLOCK\u2122 Luftschlauch und P R SL Filter<\/td>\n<td style=\"text-align: center; height: 46px;\">81 00 00P<\/td>\n<\/tr>\n<tr style=\"height: 46px;\">\n<td style=\"text-align: left; height: 46px;\">sic Lederg\u00fcrtel, Lithium-Ionen-Akku, Ladeger\u00e4t,<br \/>\nQuickLOCK\u2122 Luftschlauch und P R SL Filter<\/td>\n<td style=\"text-align: center; height: 46px;\">81 00 00L<\/td>\n<\/tr>\n<tr style=\"height: 22px;\">\n<td style=\"text-align: left; height: 22px;\" colspan=\"2\"><span style=\"color: #be0300;\"><strong>Spare parts, accessories<\/strong><\/span><\/td>\n<\/tr>\n<tr style=\"height: 22px;\">\n<td style=\"text-align: left; height: 22px;\">CleanAIR\u00ae Basic Akkuladeger\u00e4t<\/td>\n<td style=\"text-align: center; height: 22px;\">71 00 30<\/td>\n<\/tr>\n<tr style=\"height: 22px;\">\n<td style=\"text-align: left; height: 22px;\">Leichter flexibler QuickLOCK\u2122 Schlauch \u2013 CA40x1\/7&#8243;<\/td>\n<td style=\"text-align: center; height: 22px;\">71 00 60<\/td>\n<\/tr>\n<tr style=\"height: 22px;\">\n<td style=\"text-align: left; height: 22px;\">Gepolsterter Komfortg\u00fcrtel Standard<\/td>\n<td style=\"text-align: center; height: 22px;\">71 00 93<\/td>\n<\/tr>\n<tr style=\"height: 22px;\">\n<td style=\"text-align: left; height: 22px;\">Gepolsterter Komfortg\u00fcrtel Standard \u2013 verl\u00e4ngert<\/td>\n<td style=\"text-align: center; height: 22px;\">71 00 93L<\/td>\n<\/tr>\n<tr style=\"height: 22px;\">\n<td style=\"text-align: left; height: 22px;\">Hochleistungslederg\u00fcrtel<\/td>\n<td style=\"text-align: center; height: 22px;\">72 00 93<\/td>\n<\/tr>\n<tr style=\"height: 22px;\">\n<td style=\"text-align: left; height: 22px;\">Vorfilter (10 St\u00fcck Paket)<\/td>\n<td style=\"text-align: center; height: 22px;\">80 00 15<\/td>\n<\/tr>\n<tr style=\"height: 22px;\">\n<td style=\"text-align: left; height: 22px;\">Geruchsfilter (10 St\u00fcck Paket)<\/td>\n<td style=\"text-align: center; height: 22px;\">80 00 20<\/td>\n<\/tr>\n<tr style=\"height: 22px;\">\n<td style=\"text-align: left; height: 22px;\">CleanAIR\u00ae Basic Filterabdeckung<\/td>\n<td style=\"text-align: center; height: 22px;\">81 00 30<\/td>\n<\/tr>\n<tr style=\"height: 22px;\">\n<td style=\"text-align: left; height: 22px;\">CleanAIR\u00ae Basic Lithium-Ionen-Akku 7,2 V\/5,2 Ah<\/td>\n<td style=\"text-align: center; height: 22px;\">81 00 17<\/td>\n<\/tr>\n<tr style=\"height: 46px;\">\n<td style=\"text-align: left; height: 46px;\">Filter P R SL f\u00fcr CleanAIR\u00ae Basic (2 St\u00fcck Paket)<\/td>\n<td style=\"text-align: center; height: 46px;\">80 00 10\/2<\/td>\n<\/tr>\n<tr style=\"height: 46px;\">\n<td style=\"text-align: left; height: 46px;\">Filter P R SL f\u00fcr CleanAIR\u00ae Basic (20 St\u00fcck Paket)<\/td>\n<td style=\"text-align: center; height: 46px;\">80 00 10\/20<\/td>\n<\/tr>\n<\/tbody>\n<\/table>\n<p>[\/vc_column_text][\/vc_tta_section][vc_tta_section i_icon_fontawesome=&#8221;fa fa-wrench&#8221; add_icon=&#8221;true&#8221; title=&#8221;Technische Daten&#8221; tab_id=&#8221;1513153797992-792040b0-82c9&#8243;][vc_column_text]<\/p>\n<table style=\"width: 100%; height: 192px;\">\n<tbody>\n<tr style=\"height: 24px;\">\n<td style=\"text-align: left; height: 24px;\">Weight<\/td>\n<td style=\"text-align: center; height: 24px;\">880 g (including battery)<\/td>\n<\/tr>\n<tr style=\"height: 24px;\">\n<td style=\"text-align: left; height: 24px;\">Dimensions<\/td>\n<td style=\"text-align: center; height: 24px;\">191x173x104 mm<\/td>\n<\/tr>\n<tr style=\"height: 24px;\">\n<td style=\"text-align: left; height: 24px;\">Airflow<\/td>\n<td style=\"text-align: center; height: 24px;\">170 &#8211; 240 lpm<\/td>\n<\/tr>\n<tr style=\"height: 24px;\">\n<td style=\"text-align: left; height: 24px;\">Alarm<\/td>\n<td style=\"text-align: center; height: 24px;\">audio and visual<\/td>\n<\/tr>\n<tr style=\"height: 24px;\">\n<td style=\"text-align: left; height: 24px;\">Operation* \/ charging time<\/td>\n<td style=\"text-align: center; height: 24px;\">&lt; 10 \/ &lt; 5 h<\/td>\n<\/tr>\n<tr style=\"height: 24px;\">\n<td style=\"text-align: left; height: 24px;\">Battery<\/td>\n<td style=\"text-align: center; height: 24px;\">Li-Ion 7,2 V \/ 3,2 Ah<\/td>\n<\/tr>\n<tr style=\"height: 24px;\">\n<td style=\"text-align: left; height: 24px;\">Hose connection<\/td>\n<td style=\"text-align: center; height: 24px;\">CA40x1\/7\u201c<\/td>\n<\/tr>\n<tr style=\"height: 24px;\">\n<td style=\"text-align: left; height: 24px;\">Certification<\/td>\n<td style=\"text-align: center; height: 24px;\">EN 12941 TH3<\/td>\n<\/tr>\n<tr>\n<td style=\"text-align: left;\" colspan=\"2\">* at 170 lpm with brand new P R SL filters and fully charged battery<\/td>\n<\/tr>\n<\/tbody>\n<\/table>\n<p>[\/vc_column_text][\/vc_tta_section][vc_tta_section i_icon_fontawesome=&#8221;fa fa-download&#8221; add_icon=&#8221;true&#8221; title=&#8221;Downloads&#8221; tab_id=&#8221;1513154098935-95c74e4f-fa1e&#8221;][vc_column_text]<a href=\"https:\/\/www.clean-air.cz\/wp-content\/uploads\/2021\/08\/User-manual-CNA-067-R05-Basic-DIGI.pdf\" target=\"_blank\" rel=\"noopener\">User manual &#8211; CNA-067-R05 &#8211; Basic<\/a><\/p>\n<p><a href=\"https:\/\/www.clean-air.cz\/wp-content\/uploads\/2021\/07\/CNA-121-R00_User_Manual_-_Basic-filters-DIGI.pdf\" target=\"_blank\" rel=\"noopener\">User manual &#8211; Basic filters<\/a><\/p>\n<p><a href=\"https:\/\/www.clean-air.cz\/wp-content\/uploads\/2026\/03\/DA-054-810000PA-Basic-EN.pdf\">DA-054 &#8211; 810000PA &#8211; Basic\u00a0<\/a><\/p>\n<p><a href=\"https:\/\/www.clean-air.cz\/wp-content\/uploads\/2022\/02\/PS-810000-1-R3-Basic.pdf\" target=\"_blank\" rel=\"noopener\">Declaration of Conformity &#8211; 810000-1-R3 Basic<\/a><\/p>\n<p><a href=\"https:\/\/www.clean-air.cz\/wp-content\/uploads\/2022\/02\/PS-810000-1-R3-Basic-CZ.pdf\" target=\"_blank\" rel=\"noopener\">Declaration of Conformity &#8211; 810000-1-R3 Basic CZ<\/a><\/p>\n<p><a href=\"https:\/\/www.clean-air.cz\/wp-content\/uploads\/2022\/02\/PS-810000-1-R3-Basic-ES.pdf\" target=\"_blank\" rel=\"noopener\">Declaration of Conformity &#8211; 810000-1-R3 Basic ES<\/a><\/p>\n<p><a href=\"https:\/\/www.clean-air.cz\/wp-content\/uploads\/2024\/03\/PS-810000-1-R3-Basic-FR.pdf\">Declaration of Conformity &#8211; 810000-1-R3 Basic FR<\/a>[\/vc_column_text][\/vc_tta_section][vc_tta_section i_icon_fontawesome=&#8221;fa fa-picture-o&#8221; add_icon=&#8221;true&#8221; title=&#8221;Galerie&#8221; tab_id=&#8221;1515415801460-0c2258c9-4574&#8243;][vc_gallery type=&#8221;image_grid&#8221; images=&#8221;3867,363,364,365,366&#8243; img_size=&#8221;medium&#8221; css_animation=&#8221;fadeIn&#8221; css=&#8221;.vc_custom_1530268354578{padding-left: 280px !important;}&#8221;][\/vc_tta_section][\/vc_tta_tabs][\/vc_column][\/vc_row]<\/p>\n","protected":false},"excerpt":{"rendered":"<p>[vc_row][vc_column width=&#8221;1\/2&#8243;][vc_gallery interval=&#8221;3&#8243; images=&#8221;10777,10772,10782&#8243; img_size=&#8221;large&#8221;][\/vc_column][vc_column width=&#8221;1\/2&#8243;][vc_column_text] &#8230; hat sich entwickelt. Das Basic bietet effizienten Schutz in Umgebungen mit gef\u00e4hrlichen Partikeln in Form von festen und fl\u00fcssigen Aerosolen wie Staub, Rauch, D\u00e4mpfen und Fasern. Es ist mit einer Lithium-Ionen-Batterie, einer elektronischen Steuerung f\u00fcr\u00a0einen konstanten Luftstrom und einem erweiterten System f\u00fcr die Warnung des\u00a0Tr\u00e4gers bei geringem Luftstrom ausgestattet. Der individuell von 170 bis 240 l\/min\u00a0einstellbare Luftstrom kann einfach \u00fcber eine Taste geregelt<\/p>\n<p><a class=\"more-link\" href=\"https:\/\/www.clean-air.cz\/de\/systeme-fur-den-personlichen-atemschutz\/cleanair-basic\/\">Weiterlesen<\/a><\/p>\n","protected":false},"author":11,"featured_media":0,"parent":3849,"menu_order":0,"comment_status":"closed","ping_status":"closed","template":"","meta":{"footnotes":""},"_links":{"self":[{"href":"https:\/\/www.clean-air.cz\/de\/wp-json\/wp\/v2\/pages\/3866"}],"collection":[{"href":"https:\/\/www.clean-air.cz\/de\/wp-json\/wp\/v2\/pages"}],"about":[{"href":"https:\/\/www.clean-air.cz\/de\/wp-json\/wp\/v2\/types\/page"}],"author":[{"embeddable":true,"href":"https:\/\/www.clean-air.cz\/de\/wp-json\/wp\/v2\/users\/11"}],"replies":[{"embeddable":true,"href":"https:\/\/www.clean-air.cz\/de\/wp-json\/wp\/v2\/comments?post=3866"}],"version-history":[{"count":0,"href":"https:\/\/www.clean-air.cz\/de\/wp-json\/wp\/v2\/pages\/3866\/revisions"}],"up":[{"embeddable":true,"href":"https:\/\/www.clean-air.cz\/de\/wp-json\/wp\/v2\/pages\/3849"}],"wp:attachment":[{"href":"https:\/\/www.clean-air.cz\/de\/wp-json\/wp\/v2\/media?parent=3866"}],"curies":[{"name":"wp","href":"https:\/\/api.w.org\/{rel}","templated":true}]}}