{"id":3861,"date":"2018-12-20T09:05:02","date_gmt":"2018-12-20T08:05:02","guid":{"rendered":"https:\/\/www.clean-air.cz\/systeme-fur-den-personlichen-atemschutz\/cleanair-asbest\/"},"modified":"2025-08-19T12:01:24","modified_gmt":"2025-08-19T10:01:24","slug":"cleanair-asbest","status":"publish","type":"page","link":"https:\/\/www.clean-air.cz\/de\/systeme-fur-den-personlichen-atemschutz\/cleanair-asbest\/","title":{"rendered":"CleanAIR\u00ae Asbest"},"content":{"rendered":"<p>[vc_row][vc_column width=&#8221;1\/2&#8243;][vc_gallery interval=&#8221;0&#8243; images=&#8221;25954,25950,25958,10824,10804&#8243; img_size=&#8221;large&#8221;][\/vc_column][vc_column width=&#8221;1\/2&#8243;][vc_column_text]<strong><span style=\"font-size: 14pt; color: #be0300;\"><sup>Einfache Bedienung, maximale Vielseitigkeit &#8230;<\/sup><\/span><\/strong><\/p>\n<p><span style=\"font-size: 1rem;\">Das Atemschutzger\u00e4t CleanAIR\u00ae Asbest und die hochwertigen Vollmasken GX02<br \/>\nund CF02 zeichnen durch exzellente Robustheit und h\u00f6chsten Atemschutz aus. Die komplette Kombination mit Vollmaske Shigematsu und hocheffizientem Filter garantiert den h\u00f6chsten Nennschutzfaktor (NPF 2.000) und einen ausreichenden Luftstrom. Das System bietet aktiven Atemschutz w\u00e4hrend Asbestsanierungsarbeiten. Es kann direkt an der Maske befestigt werden. Oder es mit einem Schlauch an die Maske angeschlossen und am G\u00fcrtel getragen. Bei der Entwicklung lag der Schwerpunkt auf dem geringen Gewicht und einer einfachen Bedienung.<\/span>[\/vc_column_text][vc_btn title=&#8221;Sehen Sie sich das komplette Sortiment von Atemschutz-Gebl\u00e4sesystemen an!&#8221; shape=&#8221;square&#8221; color=&#8221;danger&#8221; size=&#8221;lg&#8221; align=&#8221;left&#8221; i_icon_fontawesome=&#8221;fa fa-info-circle&#8221; css_animation=&#8221;none&#8221; add_icon=&#8221;true&#8221; link=&#8221;url:https%3A%2F%2Fwww.clean-air.cz%2Fde%2Fsysteme-fur-den-personlichen-atemschutz%2F|title:Sehen%20Sie%20sich%20das%20komplette%20Sortiment%20von%20Leichthauben%20an%21|&#8221;][\/vc_column][\/vc_row][vc_row][vc_column][vc_column_text]<strong><span style=\"font-size: 14pt; color: #be0300;\">ZWEI OPTIONEN F\u00dcR DAS TRAGEN<\/span><\/strong><\/p>\n<p>Die Gebl\u00e4seeinheit kann direkt an der Vollmaske befestigt oder mit einem Schlauch an die Maske angeschlossen und am G\u00fcrtel getragen werden.[\/vc_column_text][\/vc_column][\/vc_row][vc_row][vc_column width=&#8221;1\/2&#8243;][vc_column_text]<img loading=\"lazy\" decoding=\"async\" class=\"size-medium wp-image-9739 alignleft\" src=\"https:\/\/www.clean-air.cz\/wp-content\/uploads\/2020\/06\/Shigamatsu_GX02_CleanAir_Asbest-300x218.jpg\" alt=\"Shigematsu GX02 CleanAIR Asbest\" width=\"300\" height=\"218\" \/><\/p>\n<p>&nbsp;<\/p>\n<p>&nbsp;<\/p>\n<p>&nbsp;<\/p>\n<p>&nbsp;<\/p>\n<p>&nbsp;<\/p>\n<p>&nbsp;<\/p>\n<p>&nbsp;<\/p>\n<p style=\"text-align: left;\">Wird das Gebl\u00e4se am G\u00fcrtel getragen, wird der Kopf nicht durch das Gewicht belastet.<\/p>\n<p>[\/vc_column_text][\/vc_column][vc_column width=&#8221;1\/2&#8243;][vc_column_text]<img loading=\"lazy\" decoding=\"async\" class=\"size-medium wp-image-589 aligncenter\" src=\"https:\/\/www.clean-air.cz\/wp-content\/uploads\/2018\/06\/ca-asbest-264x300.jpg\" alt=\"\" width=\"264\" height=\"300\" srcset=\"https:\/\/www.clean-air.cz\/wp-content\/uploads\/2018\/06\/ca-asbest-264x300.jpg 264w, https:\/\/www.clean-air.cz\/wp-content\/uploads\/2018\/06\/ca-asbest.jpg 600w\" sizes=\"(max-width: 264px) 100vw, 264px\" \/>[\/vc_column_text][\/vc_column][\/vc_row][vc_row][vc_column width=&#8221;1\/3&#8243;][vc_column_text]<strong><span style=\"font-size: 14pt; color: #be0300;\">Exceptionally light and compact respirator<\/span><\/strong><\/p>\n<p>Special emphasis was placed on the low weight and simple operation. The exchangeable Li-Ion battery is seamlessly integrated into the unit body. When placed directly on the mask, there are no cables or hoses that would limit your movement.<\/p>\n<p><img loading=\"lazy\" decoding=\"async\" class=\"alignnone size-medium wp-image-25951\" src=\"https:\/\/www.clean-air.cz\/wp-content\/uploads\/2025\/07\/590000_Asbest_2-iso-300x300.jpg\" alt=\"\" width=\"300\" height=\"300\" srcset=\"https:\/\/www.clean-air.cz\/wp-content\/uploads\/2025\/07\/590000_Asbest_2-iso-300x300.jpg 300w, https:\/\/www.clean-air.cz\/wp-content\/uploads\/2025\/07\/590000_Asbest_2-iso-1024x1024.jpg 1024w, https:\/\/www.clean-air.cz\/wp-content\/uploads\/2025\/07\/590000_Asbest_2-iso-150x150.jpg 150w, https:\/\/www.clean-air.cz\/wp-content\/uploads\/2025\/07\/590000_Asbest_2-iso-768x768.jpg 768w, https:\/\/www.clean-air.cz\/wp-content\/uploads\/2025\/07\/590000_Asbest_2-iso-1536x1536.jpg 1536w, https:\/\/www.clean-air.cz\/wp-content\/uploads\/2025\/07\/590000_Asbest_2-iso-800x800.jpg 800w, https:\/\/www.clean-air.cz\/wp-content\/uploads\/2025\/07\/590000_Asbest_2-iso-250x250.jpg 250w, https:\/\/www.clean-air.cz\/wp-content\/uploads\/2025\/07\/590000_Asbest_2-iso.jpg 1600w\" sizes=\"(max-width: 300px) 100vw, 300px\" \/>[\/vc_column_text][\/vc_column][vc_column width=&#8221;1\/3&#8243;][vc_column_text]<strong><span style=\"font-size: 14pt; color: #be0300;\">Shigematsu GX02<\/span><\/strong><\/p>\n<p>Hochwertige Vollmaske mit fortschrittlichem ergonomischen Design<\/p>\n<p><strong>FUNKTIONEN UND VORTEILE<\/strong><\/p>\n<ul>\n<li>Doppelflanschdichtung f\u00fcr h\u00f6chstes Schutzniveau und Komfort<\/li>\n<li>Sehr gute Chemikalienbest\u00e4ndigkeit<\/li>\n<li>Austauschbares Panoramovisier<\/li>\n<li>Kratzfeste Beschichtung<\/li>\n<li>Sechs-Punkt-Kopfgurtzeug<\/li>\n<li>Zwei Abstr\u00f6mventile reduzieren Atemwiderstand<\/li>\n<li>Sprachmembran<\/li>\n<li>Schutzfolie f\u00fcr Visier verf\u00fcgbar<\/li>\n<\/ul>\n<p><img loading=\"lazy\" decoding=\"async\" class=\"size-medium wp-image-9734 aligncenter\" src=\"https:\/\/www.clean-air.cz\/wp-content\/uploads\/2020\/06\/Shigamatsu_GX02-300x292.jpg\" alt=\"Shigematsu GX02\" width=\"300\" height=\"292\" srcset=\"https:\/\/www.clean-air.cz\/wp-content\/uploads\/2020\/06\/Shigamatsu_GX02-300x292.jpg 300w, https:\/\/www.clean-air.cz\/wp-content\/uploads\/2020\/06\/Shigamatsu_GX02.jpg 526w\" sizes=\"(max-width: 300px) 100vw, 300px\" \/>[\/vc_column_text][\/vc_column][vc_column width=&#8221;1\/3&#8243;][vc_column_text]<strong><span style=\"font-size: 14pt; color: #be0300;\">Shigematsu CF02\u00a0<\/span><\/strong><\/p>\n<p>Leichte Vollmaske mit \u00fcberragendem Visier<\/p>\n<p><strong>FUNKTIONEN UND VORTEILE<br \/>\n<\/strong><\/p>\n<ul>\n<li>Leicht \u2013 435 g<\/li>\n<li>Sehr gute Chemikalienbest\u00e4ndigkeit<\/li>\n<li>Herausragendes sph\u00e4risches Visie<\/li>\n<li>Kratzfeste Beschichtung<\/li>\n<li>Sechs-Punkt-Kopfgurtzeug<\/li>\n<li>F\u00fcr ein gro\u00dfes Spektrum an Topffiltern geeignet<\/li>\n<li>Zwei Abstr\u00f6mventile reduzieren Atemwiderstand<\/li>\n<li>Schutzfolie Visier verf\u00fcgbar<\/li>\n<\/ul>\n<p><img loading=\"lazy\" decoding=\"async\" class=\"size-medium wp-image-9744 aligncenter\" src=\"https:\/\/www.clean-air.cz\/wp-content\/uploads\/2020\/06\/Shigematsu_CF02_mask-256x300.jpg\" alt=\"Shigematsu CF02\" width=\"256\" height=\"300\" srcset=\"https:\/\/www.clean-air.cz\/wp-content\/uploads\/2020\/06\/Shigematsu_CF02_mask-256x300.jpg 256w, https:\/\/www.clean-air.cz\/wp-content\/uploads\/2020\/06\/Shigematsu_CF02_mask.jpg 526w\" sizes=\"(max-width: 256px) 100vw, 256px\" \/>[\/vc_column_text][\/vc_column][\/vc_row][vc_row][vc_column][vc_tta_tabs style=&#8221;modern&#8221; shape=&#8221;square&#8221; active_section=&#8221;1&#8243; no_fill_content_area=&#8221;true&#8221; title=&#8221;Details&#8221;][vc_tta_section i_icon_fontawesome=&#8221;fa fa-industry&#8221; add_icon=&#8221;true&#8221; title=&#8221;Anwendungsbereiche&#8221; tab_id=&#8221;1513150336358-68add988-e9ea&#8221;][vc_column_text]<span style=\"color: #be0300;\"><strong>ANWENDUNGSBEREICHE<\/strong><\/span><\/p>\n<p>Das System eignet sich f\u00fcr Umgebungen mit Partikelkontamination, insbesondere f\u00fcr<br \/>\nAsbestsanierungen oder in der Bauindustrie.[\/vc_column_text][\/vc_tta_section][vc_tta_section i_icon_fontawesome=&#8221;fa fa-thumbs-o-up&#8221; add_icon=&#8221;true&#8221; title=&#8221;Merkmale und Vorteile&#8221; tab_id=&#8221;1513150336359-b7b65468-8021&#8243;][vc_column_text]<span style=\"color: #be0300;\"><strong>FUNKTIONEN UND VORTEILE<\/strong><\/span><\/p>\n<ul>\n<li>Kompaktes, leichtes Design \u2013 385 g<\/li>\n<li>Einfache Bedienung<\/li>\n<li>Befestigung direkt an der Maske oder am G\u00fcrtel<\/li>\n<li>Duschdekontamination<\/li>\n<li>Betriebszeit bis 5 h<\/li>\n<li>Hoher Nennschutzfaktor (NPF) 2.000<\/li>\n<li>Geringer Akkuverbrauch<\/li>\n<\/ul>\n<p>[\/vc_column_text][\/vc_tta_section][vc_tta_section i_icon_fontawesome=&#8221;fa fa-cog&#8221; add_icon=&#8221;true&#8221; title=&#8221;Kompletts\u00e4tze, Zubeh\u00f6r, Filter&#8221; tab_id=&#8221;1513153137048-5f8c31c5-30ea&#8221;][vc_column_text]<\/p>\n<table style=\"width: 100%;\">\n<tbody>\n<tr>\n<td style=\"text-align: left; width: 99.8397%;\" colspan=\"2\"><span style=\"color: #be0300;\"><strong>Komplete Sets<\/strong><\/span><\/td>\n<\/tr>\n<tr>\n<td style=\"text-align: left; width: 84.7756%;\">CleanAIR\u00ae Asbest mit Zubeh\u00f6r (Akku, Filter, Schlauch mit Halter,<br \/>\nLadeger\u00e4t, G\u00fcrtel und Str\u00f6mungsanzeige \u2013 ohne Maske!)<\/td>\n<td style=\"text-align: center; width: 15.0641%;\">59 00 02<\/td>\n<\/tr>\n<tr>\n<td style=\"text-align: left; width: 84.7756%;\">CleanAIR\u00ae Asbest mit Zubeh\u00f6r (zwei Akkus, Filter, Schlauch mit<br \/>\nHalter, Ladeger\u00e4t, G\u00fcrtel und Str\u00f6mungsanzeige \u2013 ohne Maske!)<\/td>\n<td style=\"text-align: center; width: 15.0641%;\">59 00 02T<\/td>\n<\/tr>\n<tr>\n<td style=\"text-align: left; width: 84.7756%;\">Vollmaske Shigematsu GX02, Gr\u00f6\u00dfe S<\/td>\n<td style=\"text-align: center; width: 15.0641%;\">71 06 00S<\/td>\n<\/tr>\n<tr>\n<td style=\"text-align: left; width: 84.7756%;\">Vollmaske Shigematsu GX02, Gr\u00f6\u00dfe M<\/td>\n<td style=\"text-align: center; width: 15.0641%;\">71 06 00M<\/td>\n<\/tr>\n<tr>\n<td style=\"text-align: left; width: 84.7756%;\">Vollmaske Shigematsu GX02, Gr\u00f6\u00dfe L<\/td>\n<td style=\"text-align: center; width: 15.0641%;\">71 06 00L<\/td>\n<\/tr>\n<tr>\n<td style=\"text-align: left; width: 84.7756%;\">Vollmaske Shigematsu CF02, Gr\u00f6\u00dfe M<\/td>\n<td style=\"text-align: center; width: 15.0641%;\">72 06 00M<\/td>\n<\/tr>\n<tr>\n<td style=\"text-align: left; width: 84.7756%;\">Vollmaske Shigematsu CF02, Gr\u00f6\u00dfe L<\/td>\n<td style=\"text-align: center; width: 15.0641%;\">72 06 00L<\/td>\n<\/tr>\n<tr>\n<td style=\"text-align: left; width: 99.8397%;\" colspan=\"2\"><em><span style=\"font-size: 8pt;\">For ordering set with UK charger, please, add \u201cU\u201d to the end of the product <\/span>code<\/em><\/td>\n<\/tr>\n<tr>\n<td style=\"text-align: left; width: 99.8397%;\" colspan=\"2\"><span style=\"color: #be0300;\"><strong>Ersatzteile, Zubeh\u00f6r<\/strong><\/span><\/td>\n<\/tr>\n<tr>\n<td style=\"text-align: left; width: 84.7756%;\">Gummig\u00fcrtel mit Schlauch und Schlauchhalter<\/td>\n<td style=\"text-align: center; width: 15.0641%;\">56 00 20<\/td>\n<\/tr>\n<tr>\n<td style=\"text-align: left; width: 84.7756%;\">Austauschbare Lithium-Ionen-Akku CA Asbest\/D-Bug 7,2 V\/2,6 Ah<\/td>\n<td style=\"text-align: center; width: 15.0641%;\">59 00 13<\/td>\n<\/tr>\n<tr>\n<td style=\"text-align: left; width: 84.7756%;\">CleanAIR Asbest\/D-Bug Lithium-Ionen-Ladeger\u00e4t, mehrere Anschl\u00fcsse<\/td>\n<td style=\"text-align: center; width: 15.0641%;\">59 00 30<\/td>\n<\/tr>\n<tr>\n<td style=\"text-align: left; width: 84.7756%;\">CleanAIR\u00ae Asbest ohne Akku und Filter<\/td>\n<td style=\"text-align: center; width: 15.0641%;\">59 00 00<\/td>\n<\/tr>\n<tr>\n<td style=\"text-align: left; width: 84.7756%;\">Leichter flexibler Schlauch f\u00fcr CleanAIR\u00ae Asbest\/D-Bug<\/td>\n<td style=\"text-align: center; width: 15.0641%;\">70 00 87CA<\/td>\n<\/tr>\n<tr>\n<td style=\"text-align: left; width: 84.7756%;\">Gummig\u00fcrtel f\u00fcr CA Asbest\/D-Bug<\/td>\n<td style=\"text-align: center; width: 15.0641%;\">70 00 97<\/td>\n<\/tr>\n<tr>\n<td style=\"text-align: left; width: 99.8397%;\" colspan=\"2\"><span style=\"color: #be0300;\"><strong>Kompatible filter<\/strong><\/span><\/td>\n<\/tr>\n<tr>\n<td style=\"text-align: left; width: 84.7756%;\">Filter P R SL f\u00fcr CleanAIR\u00ae Asbest<\/td>\n<td style=\"text-align: center; width: 15.0641%;\">56 00 10<\/td>\n<\/tr>\n<\/tbody>\n<\/table>\n<p>[\/vc_column_text][\/vc_tta_section][vc_tta_section i_icon_fontawesome=&#8221;fa fa-wrench&#8221; add_icon=&#8221;true&#8221; title=&#8221;Technische Daten&#8221; tab_id=&#8221;1513153797992-792040b0-82c9&#8243;][vc_column_text]<\/p>\n<table>\n<tbody>\n<tr>\n<td style=\"text-align: left;\">Gewicht<\/td>\n<td style=\"text-align: center;\">385 g (mit Batterie und Filter)<\/td>\n<\/tr>\n<tr>\n<td style=\"text-align: left;\">Filtertyp<\/td>\n<td style=\"text-align: center;\">Partikelfilter P R SL<\/td>\n<\/tr>\n<tr>\n<td style=\"text-align: left;\">Anschluss<\/td>\n<td style=\"text-align: center;\">RD40\u00d71\/7\u201c<\/td>\n<\/tr>\n<tr>\n<td style=\"text-align: left;\">Batterie<\/td>\n<td style=\"text-align: center;\">Lithium-Ionen-Batterie 7,2 V\/2,6 Ah<\/td>\n<\/tr>\n<tr>\n<td style=\"text-align: left;\">Laufzeit<\/td>\n<td style=\"text-align: center;\">5 h<\/td>\n<\/tr>\n<tr>\n<td style=\"text-align: left;\">Schutzfaktor (NPF)<\/td>\n<td style=\"text-align: center;\">2 000<\/td>\n<\/tr>\n<tr>\n<td style=\"text-align: left;\">Zertifizierung<\/td>\n<td style=\"text-align: center;\">EN 12942 TM3<\/td>\n<\/tr>\n<\/tbody>\n<\/table>\n<p>[\/vc_column_text][\/vc_tta_section][vc_tta_section i_icon_fontawesome=&#8221;fa fa-download&#8221; add_icon=&#8221;true&#8221; title=&#8221;Downloads&#8221; tab_id=&#8221;1513154098935-95c74e4f-fa1e&#8221;][vc_column_text]<strong><a href=\"https:\/\/www.clean-air.cz\/wp-content\/uploads\/2025\/07\/GR-CNA134-R03-User-Manual-Asbest-2.0-DIGI.pdf\">User Manual &#8211; Asbest 2.0 DIGI<\/a><\/strong><\/p>\n<p><strong><a href=\"https:\/\/www.clean-air.cz\/wp-content\/uploads\/2025\/08\/DA-020_-_510000FCA_-_Chemical_2F_Plus_-_EN.pdf\">Datasheet<\/a><a href=\"https:\/\/www.clean-air.cz\/wp-content\/uploads\/2025\/08\/DA-009_-_590002_-_Asbest-2.0_-_EN.pdf\">DA-009_-_590002_-_Asbest 2.0_-_EN<\/a><\/strong><\/p>\n<p><strong><a href=\"https:\/\/www.clean-air.cz\/wp-content\/uploads\/2023\/07\/PS-590000-1-R2-Asbest-1.pdf\" target=\"_blank\" rel=\"noopener noreferrer\">Declaration of Conformity &#8211; Asbest &#8211; 59 00 00-1-R2 (EN)<\/a><\/strong><\/p>\n<p><strong><a href=\"https:\/\/www.clean-air.cz\/wp-content\/uploads\/2024\/10\/PS-590000-1-R2-Asbest-FR.pdf\">PS-590000-1-R2 Asbest FR<\/a><\/strong>[\/vc_column_text][\/vc_tta_section][vc_tta_section i_icon_fontawesome=&#8221;fa fa-picture-o&#8221; add_icon=&#8221;true&#8221; title=&#8221;Galerie&#8221; tab_id=&#8221;1515415801460-0c2258c9-4574&#8243;][vc_gallery type=&#8221;image_grid&#8221; images=&#8221;390&#8243; img_size=&#8221;medium&#8221; css_animation=&#8221;fadeIn&#8221; css=&#8221;.vc_custom_1530275702556{padding-left: 280px !important;}&#8221;][\/vc_tta_section][\/vc_tta_tabs][\/vc_column][\/vc_row][vc_row][vc_column][vc_separator][\/vc_column][\/vc_row][vc_row][vc_column][vc_separator color=&#8221;juicy_pink&#8221;][\/vc_column][\/vc_row]<\/p>\n","protected":false},"excerpt":{"rendered":"<p>[vc_row][vc_column width=&#8221;1\/2&#8243;][vc_gallery interval=&#8221;0&#8243; images=&#8221;25954,25950,25958,10824,10804&#8243; img_size=&#8221;large&#8221;][\/vc_column][vc_column width=&#8221;1\/2&#8243;][vc_column_text]Einfache Bedienung, maximale Vielseitigkeit &#8230; Das Atemschutzger\u00e4t CleanAIR\u00ae Asbest und die hochwertigen Vollmasken GX02 und CF02 zeichnen durch exzellente Robustheit und h\u00f6chsten Atemschutz aus. Die komplette Kombination mit Vollmaske Shigematsu und hocheffizientem Filter garantiert den h\u00f6chsten Nennschutzfaktor (NPF 2.000) und einen ausreichenden Luftstrom. Das System bietet aktiven Atemschutz w\u00e4hrend Asbestsanierungsarbeiten. Es kann direkt an der Maske befestigt werden. Oder es mit einem Schlauch an die<\/p>\n<p><a class=\"more-link\" href=\"https:\/\/www.clean-air.cz\/de\/systeme-fur-den-personlichen-atemschutz\/cleanair-asbest\/\">Weiterlesen<\/a><\/p>\n","protected":false},"author":11,"featured_media":0,"parent":3849,"menu_order":0,"comment_status":"closed","ping_status":"closed","template":"","meta":{"footnotes":""},"_links":{"self":[{"href":"https:\/\/www.clean-air.cz\/de\/wp-json\/wp\/v2\/pages\/3861"}],"collection":[{"href":"https:\/\/www.clean-air.cz\/de\/wp-json\/wp\/v2\/pages"}],"about":[{"href":"https:\/\/www.clean-air.cz\/de\/wp-json\/wp\/v2\/types\/page"}],"author":[{"embeddable":true,"href":"https:\/\/www.clean-air.cz\/de\/wp-json\/wp\/v2\/users\/11"}],"replies":[{"embeddable":true,"href":"https:\/\/www.clean-air.cz\/de\/wp-json\/wp\/v2\/comments?post=3861"}],"version-history":[{"count":0,"href":"https:\/\/www.clean-air.cz\/de\/wp-json\/wp\/v2\/pages\/3861\/revisions"}],"up":[{"embeddable":true,"href":"https:\/\/www.clean-air.cz\/de\/wp-json\/wp\/v2\/pages\/3849"}],"wp:attachment":[{"href":"https:\/\/www.clean-air.cz\/de\/wp-json\/wp\/v2\/media?parent=3861"}],"curies":[{"name":"wp","href":"https:\/\/api.w.org\/{rel}","templated":true}]}}