{"id":3854,"date":"2018-12-19T15:04:38","date_gmt":"2018-12-19T14:04:38","guid":{"rendered":"https:\/\/www.clean-air.cz\/systeme-fur-den-personlichen-atemschutz\/cleanair-aergo\/"},"modified":"2026-03-25T15:07:20","modified_gmt":"2026-03-25T14:07:20","slug":"cleanair-aergo","status":"publish","type":"page","link":"https:\/\/www.clean-air.cz\/de\/systeme-fur-den-personlichen-atemschutz\/cleanair-aergo\/","title":{"rendered":"CleanAIR\u00ae AerGO\u00ae"},"content":{"rendered":"<p>[vc_row][vc_column width=&#8221;1\/2&#8243;][vc_gallery interval=&#8221;3&#8243; images=&#8221;13847,13799,13811,13823,13829,13835,13853,13859,22095,22089,22083&#8243; img_size=&#8221;large&#8221;][\/vc_column][vc_column width=&#8221;1\/2&#8243;][vc_column_text]<strong><span style=\"font-size: 14pt; color: #be0300;\"><sup>Leichtes und ergonomisches Atemschutzger\u00e4t &#8211; Innovatives CleanAIR\u00ae AerGO\u00ae<\/sup><\/span><\/strong><\/p>\n<p>Unser ergonomischstes und vielseitigstes Atemschutzger\u00e4t, nicht nur f\u00fcr die Schwei\u00dfindustrie. Kompatibel mit Partikelfiltern und kombinierten Filtern und somit f\u00fcr eine Vielzahl industrieller Anwendungen geeignet. Das schlanke Profil des Ger\u00e4ts erm\u00f6glicht es Ihnen, sich in R\u00e4ume mit eingeschr\u00e4nktem Zugang zu zw\u00e4ngen.<br \/>\nDer innovative AerGO\u00ae verf\u00fcgt nun \u00fcber einen eingebauten Luftdrucksensor, dank dessen der erforderliche Luftstrom automatisch in Bezug auf die H\u00f6he eingestellt wird.<br \/>\nDas Flow Control-System h\u00e4lt den Luftstrom konstant, unabh\u00e4ngig von Filterverstopfung oder niedriger Batterieladung. Akustischer, visueller und Vibrationsalarm zeigen an, wenn die Batterie aufgeladen oder der Filter ausgetauscht werden muss.<br \/>\nDer erforderliche Luftstrom kann jetzt in vier Stufen 160\/175\/190 oder 210 l \/ min eingestellt werden und ist dank der optionalen Hochleistungsbatterie w\u00e4hrend der gesamten Schicht mit jedem Filter verf\u00fcgbar.[\/vc_column_text][vc_btn title=&#8221;Sehen Sie sich das komplette Sortiment von Atemschutz-Gebl\u00e4sesystemen an!&#8221; shape=&#8221;square&#8221; color=&#8221;danger&#8221; size=&#8221;lg&#8221; align=&#8221;left&#8221; i_icon_fontawesome=&#8221;fa fa-info-circle&#8221; css_animation=&#8221;none&#8221; add_icon=&#8221;true&#8221; link=&#8221;url:https%3A%2F%2Fwww.clean-air.cz%2Fde%2Fsysteme-fur-den-personlichen-atemschutz%2F|title:Sehen%20Sie%20sich%20das%20komplette%20Sortiment%20von%20Leichthauben%20an|&#8221;][\/vc_column][\/vc_row][vc_row][vc_column width=&#8221;1\/3&#8243;][vc_column_text]<strong><span style=\"font-size: 14pt; color: #be0300;\">UNIVERSELL IM GEBRAUCH<\/span><\/strong><\/p>\n<p>Der CleanAIR\u00ae AerGO\u00ae bietet eine vielseitige L\u00f6sung f\u00fcr jeden industriellen Betrieb. Das System kann flexibel an die jeweiligen Bedingungen angepasst werden, indem Lichtpartikelfilter gegen kombinierte Filter ausgetauscht werden, die auch sch\u00e4dliche Gase und D\u00e4mpfe verhindern.<\/p>\n<p>Der innovative AerGO\u00ae verf\u00fcgt nun \u00fcber einen eingebauten Luftdrucksensor, dank dessen der erforderliche Luftstrom automatisch in Bezug auf die H\u00f6he eingestellt wird.<\/p>\n<p><img loading=\"lazy\" decoding=\"async\" class=\"wp-image-9567 aligncenter\" src=\"https:\/\/www.clean-air.cz\/wp-content\/uploads\/2020\/06\/powered-air-purifying-respirator-CleanAIR-AerGo-variety-1-300x118.jpg\" alt=\"\" width=\"369\" height=\"145\" srcset=\"https:\/\/www.clean-air.cz\/wp-content\/uploads\/2020\/06\/powered-air-purifying-respirator-CleanAIR-AerGo-variety-1-300x118.jpg 300w, https:\/\/www.clean-air.cz\/wp-content\/uploads\/2020\/06\/powered-air-purifying-respirator-CleanAIR-AerGo-variety-1-1024x401.jpg 1024w, https:\/\/www.clean-air.cz\/wp-content\/uploads\/2020\/06\/powered-air-purifying-respirator-CleanAIR-AerGo-variety-1-768x301.jpg 768w, https:\/\/www.clean-air.cz\/wp-content\/uploads\/2020\/06\/powered-air-purifying-respirator-CleanAIR-AerGo-variety-1-1536x602.jpg 1536w, https:\/\/www.clean-air.cz\/wp-content\/uploads\/2020\/06\/powered-air-purifying-respirator-CleanAIR-AerGo-variety-1-800x314.jpg 800w, https:\/\/www.clean-air.cz\/wp-content\/uploads\/2020\/06\/powered-air-purifying-respirator-CleanAIR-AerGo-variety-1.jpg 2000w\" sizes=\"(max-width: 369px) 100vw, 369px\" \/>[\/vc_column_text][\/vc_column][vc_column width=&#8221;1\/3&#8243;][vc_column_text]<strong><span style=\"font-size: 14pt; color: #be0300;\">Mehr als 16 Betriebsstunden<\/span><\/strong><\/p>\n<p>Die garantierte Betriebszeit bei Verwendung einer Hochleistungsbatterie mit den neuen P R SL CleanAIR\u00ae-Filtern betr\u00e4gt mehr als 16 Stunden. Mehr als doppelte Betriebszeit im Vergleich zu einer Standardbatterie. Das Aufladen w\u00e4hrend einer langen Schicht ist nicht mehr notwendig..<\/p>\n<table style=\"border-collapse: collapse; width: 104.448%; height: 44px;\">\n<tbody>\n<tr style=\"height: 22px;\">\n<td style=\"width: 62.8205%; height: 22px;\">Standardbatterie, Li-Ion 14,4 V \/ 2,6 Ah<\/td>\n<td style=\"width: 41.6667%; text-align: center; height: 22px;\">31 00 13<\/td>\n<\/tr>\n<tr style=\"height: 22px;\">\n<td style=\"width: 62.8205%; height: 22px;\">Heavy Duty batterie, Li-Ion 14,4 V \/ 5,2 Ah<\/td>\n<td style=\"width: 41.6667%; text-align: center; height: 22px;\">31 00 23<\/td>\n<\/tr>\n<\/tbody>\n<\/table>\n<p><img loading=\"lazy\" decoding=\"async\" class=\"size-medium wp-image-9557 aligncenter\" src=\"https:\/\/www.clean-air.cz\/wp-content\/uploads\/2020\/06\/powered-air-purifying-respirator-CleanAIR-AerGo-heavy-duty-battery-300x200.jpg\" alt=\"CleanAIR AerGO heavy duty battery\" width=\"300\" height=\"200\" \/>[\/vc_column_text][\/vc_column][vc_column width=&#8221;1\/3&#8243;][vc_column_text]<strong><span style=\"font-size: 14pt; color: #be0300;\">SCHLANKES PROFIL<\/span><\/strong><\/p>\n<p>Dank schlankem Profil (nur 65 mm) passt das Atemger\u00e4t in R\u00e4umen mit beschr\u00e4nktem Zugang.<\/p>\n<p><img loading=\"lazy\" decoding=\"async\" class=\"size-medium wp-image-9542 aligncenter\" src=\"https:\/\/www.clean-air.cz\/wp-content\/uploads\/2020\/06\/powered-air-purifying-respirator-CleanAIR-AerGo-side-300x194.jpg\" alt=\"CleanAIR AerGo side view\" width=\"300\" height=\"194\" \/>[\/vc_column_text][\/vc_column][\/vc_row][vc_row][vc_column width=&#8221;1\/3&#8243;][vc_column_text]<strong><span style=\"font-size: 14pt; color: #be0300;\">Verbessern Sie Ihr AerGO-Erlebnis:\u00a0 <\/span><\/strong><br \/>\n<span style=\"font-size: 14pt; color: #be0300;\">Erh\u00f6hen Sie den Komfort mit dem Comfort Back Harness!<\/span><strong><span style=\"font-size: 14pt; color: #be0300;\"><img loading=\"lazy\" decoding=\"async\" class=\"alignnone wp-image-18462\" src=\"https:\/\/www.clean-air.cz\/wp-content\/uploads\/2023\/01\/New-png-Label-Design@zeevector-300x186.png\" alt=\"\" width=\"58\" height=\"36\" srcset=\"https:\/\/www.clean-air.cz\/wp-content\/uploads\/2023\/01\/New-png-Label-Design@zeevector-300x186.png 300w, https:\/\/www.clean-air.cz\/wp-content\/uploads\/2023\/01\/New-png-Label-Design@zeevector-1024x634.png 1024w, https:\/\/www.clean-air.cz\/wp-content\/uploads\/2023\/01\/New-png-Label-Design@zeevector-768x476.png 768w, https:\/\/www.clean-air.cz\/wp-content\/uploads\/2023\/01\/New-png-Label-Design@zeevector-1536x952.png 1536w, https:\/\/www.clean-air.cz\/wp-content\/uploads\/2023\/01\/New-png-Label-Design@zeevector-2048x1269.png 2048w, https:\/\/www.clean-air.cz\/wp-content\/uploads\/2023\/01\/New-png-Label-Design@zeevector-800x496.png 800w, https:\/\/www.clean-air.cz\/wp-content\/uploads\/2023\/01\/New-png-Label-Design@zeevector-320x202.png 320w, https:\/\/www.clean-air.cz\/wp-content\/uploads\/2023\/01\/New-png-Label-Design@zeevector-776x470.png 776w, https:\/\/www.clean-air.cz\/wp-content\/uploads\/2023\/01\/New-png-Label-Design@zeevector-700x441.png 700w\" sizes=\"(max-width: 58px) 100vw, 58px\" \/><\/span><\/strong><\/p>\n<p>Verbessern Sie Ihr AerGO-Erlebnis durch die Verwendung des Komfort-R\u00fcckengurts, insbesondere wenn er bei l\u00e4ngeren Arbeitsaufgaben mit kombinierten Filtern getragen wird.<\/p>\n<p><img loading=\"lazy\" decoding=\"async\" class=\"alignnone size-medium wp-image-21216\" src=\"https:\/\/www.clean-air.cz\/wp-content\/uploads\/2023\/09\/300093_AerGO_harness_comfort-back1-300x300.jpg\" alt=\"\" width=\"300\" height=\"300\" srcset=\"https:\/\/www.clean-air.cz\/wp-content\/uploads\/2023\/09\/300093_AerGO_harness_comfort-back1-300x300.jpg 300w, https:\/\/www.clean-air.cz\/wp-content\/uploads\/2023\/09\/300093_AerGO_harness_comfort-back1-1024x1024.jpg 1024w, https:\/\/www.clean-air.cz\/wp-content\/uploads\/2023\/09\/300093_AerGO_harness_comfort-back1-150x150.jpg 150w, https:\/\/www.clean-air.cz\/wp-content\/uploads\/2023\/09\/300093_AerGO_harness_comfort-back1-768x768.jpg 768w, https:\/\/www.clean-air.cz\/wp-content\/uploads\/2023\/09\/300093_AerGO_harness_comfort-back1-1536x1536.jpg 1536w, https:\/\/www.clean-air.cz\/wp-content\/uploads\/2023\/09\/300093_AerGO_harness_comfort-back1-800x800.jpg 800w, https:\/\/www.clean-air.cz\/wp-content\/uploads\/2023\/09\/300093_AerGO_harness_comfort-back1-250x250.jpg 250w, https:\/\/www.clean-air.cz\/wp-content\/uploads\/2023\/09\/300093_AerGO_harness_comfort-back1.jpg 1600w\" sizes=\"(max-width: 300px) 100vw, 300px\" \/><img loading=\"lazy\" decoding=\"async\" class=\"alignnone size-medium wp-image-21222\" src=\"https:\/\/www.clean-air.cz\/wp-content\/uploads\/2023\/09\/300093_AerGO_harness_comfort-front_1-300x300.jpg\" alt=\"\" width=\"300\" height=\"300\" srcset=\"https:\/\/www.clean-air.cz\/wp-content\/uploads\/2023\/09\/300093_AerGO_harness_comfort-front_1-300x300.jpg 300w, https:\/\/www.clean-air.cz\/wp-content\/uploads\/2023\/09\/300093_AerGO_harness_comfort-front_1-1024x1024.jpg 1024w, https:\/\/www.clean-air.cz\/wp-content\/uploads\/2023\/09\/300093_AerGO_harness_comfort-front_1-150x150.jpg 150w, https:\/\/www.clean-air.cz\/wp-content\/uploads\/2023\/09\/300093_AerGO_harness_comfort-front_1-768x768.jpg 768w, https:\/\/www.clean-air.cz\/wp-content\/uploads\/2023\/09\/300093_AerGO_harness_comfort-front_1-1536x1536.jpg 1536w, https:\/\/www.clean-air.cz\/wp-content\/uploads\/2023\/09\/300093_AerGO_harness_comfort-front_1-800x800.jpg 800w, https:\/\/www.clean-air.cz\/wp-content\/uploads\/2023\/09\/300093_AerGO_harness_comfort-front_1-250x250.jpg 250w, https:\/\/www.clean-air.cz\/wp-content\/uploads\/2023\/09\/300093_AerGO_harness_comfort-front_1.jpg 1600w\" sizes=\"(max-width: 300px) 100vw, 300px\" \/>[\/vc_column_text][vc_column_text]<strong><span style=\"font-size: 14pt; color: #be0300;\">ROBUSTER LEDERG\u00dcRTEL ERH\u00c4LTLICH<\/span><\/strong><\/p>\n<p>Der Lederg\u00fcrtel ist bequem und ist gleichzeitig dank R\u00fcckenpolsterung sehr langlebig. Es lohnt sich insbesondere in Umgebungen mit starker Belastung in die Option mit Lederg\u00fcrtel zu investieren.<\/p>\n<table style=\"border-collapse: collapse; width: 92.1708%; height: 43px;\">\n<tbody>\n<tr style=\"height: 21px;\">\n<td style=\"width: 58.32%; height: 21px;\">Bequemer gepolsterter CleanAIR<sup>\u00ae<\/sup> AerGO<sup>\u00ae<\/sup> G\u00fcrtel<\/td>\n<td style=\"width: 33.8274%; text-align: center; height: 21px;\">30 00 92<\/td>\n<\/tr>\n<tr style=\"height: 22px;\">\n<td style=\"width: 58.32%; height: 22px;\">Hochleistungslederg\u00fcrtel CleanAIR<sup>\u00ae<\/sup> AerGO<sup>\u00ae<\/sup><\/td>\n<td style=\"width: 33.8274%; text-align: center; height: 22px;\">32 00 92<\/td>\n<\/tr>\n<\/tbody>\n<\/table>\n<p><img loading=\"lazy\" decoding=\"async\" class=\"size-medium wp-image-9577 aligncenter\" src=\"https:\/\/www.clean-air.cz\/wp-content\/uploads\/2020\/06\/CleanAIR-AerGo-padded-leather-belt-300x185.jpg\" alt=\"\" width=\"300\" height=\"185\" srcset=\"https:\/\/www.clean-air.cz\/wp-content\/uploads\/2020\/06\/CleanAIR-AerGo-padded-leather-belt-300x185.jpg 300w, https:\/\/www.clean-air.cz\/wp-content\/uploads\/2020\/06\/CleanAIR-AerGo-padded-leather-belt.jpg 526w\" sizes=\"(max-width: 300px) 100vw, 300px\" \/>[\/vc_column_text][\/vc_column][vc_column width=&#8221;1\/3&#8243;][vc_column_text]<strong><span style=\"font-size: 14pt; color: #be0300;\">LADEGER\u00c4T MIT MEHREREN ANSCHL\u00dcSSEN<\/span><\/strong><\/p>\n<p><img loading=\"lazy\" decoding=\"async\" class=\"size-medium wp-image-9582 aligncenter\" src=\"https:\/\/www.clean-air.cz\/wp-content\/uploads\/2020\/06\/multiplug-charger-300x221.jpg\" alt=\"\" width=\"300\" height=\"221\" srcset=\"https:\/\/www.clean-air.cz\/wp-content\/uploads\/2020\/06\/multiplug-charger-300x221.jpg 300w, https:\/\/www.clean-air.cz\/wp-content\/uploads\/2020\/06\/multiplug-charger.jpg 526w\" sizes=\"(max-width: 300px) 100vw, 300px\" \/>[\/vc_column_text][vc_column_text]<strong><span style=\"font-size: 14pt; color: #be0300;\">Sunfibre<sup>\u00ae<\/sup> active beleuchtung<\/span><\/strong><\/p>\n<p>Gehen Sie bei der Sicherheit keine Kompromisse ein \u2013 statten Sie Ihre Mitarbeiter mit SUNFIBRE\u00ae aus, das sich nahtlos am R\u00fcckengurt befestigen l\u00e4sst und das PAPR-System tr\u00e4gt, w\u00e4hrend die Stromversorgung \u00fcber eine praktische Powerbank erfolgt. Die SUNFIBRE\u00ae Active Lighting-Technologie verbessert die Sicht der Arbeiter erheblich. Von n\u00e4chtlichen Bauprojekten bis hin zu kritischen Infrastrukturdiensten rund um die Uhr setzt SUNFIBRE\u00ae einen neuen Standard f\u00fcr Sicherheit und Arbeitsablaufeffizienz. Die SUNFIBRE\u00ae-Technologie ist industriell waschbar, sehr langlebig, flexibel und hat eine Betriebszeit von 30 Stunden oder mehr.<\/p>\n<p><img loading=\"lazy\" decoding=\"async\" class=\"alignleft\" src=\"https:\/\/www.clean-air.cz\/wp-content\/uploads\/2023\/10\/710050_Sunfibre_cut.jpg\" alt=\"\" width=\"400\" height=\"300\" \/>[\/vc_column_text][\/vc_column][vc_column width=&#8221;1\/3&#8243;][vc_column_text]<strong><span style=\"font-size: 14pt; color: #be0300;\">FUNKENF\u00c4NGER UND VORFILTER ERH\u00c4LTLICH<\/span><\/strong><\/p>\n<p>Der Funkenf\u00e4nger verhindert, dass der Filter durch hei\u00dfe Funken und Spritzer besch\u00e4digt wird. Der Vorfilter filtert die groben Partikel und verl\u00e4ngert die Lebensdauer des Hauptfilters. Die Verwendung des Funkenf\u00e4ngers reduziert die Wartungskosten.<\/p>\n<p><img loading=\"lazy\" decoding=\"async\" class=\"size-medium wp-image-9587 aligncenter\" src=\"https:\/\/www.clean-air.cz\/wp-content\/uploads\/2020\/06\/CleanAIR-AerGo-spark-arrestor-pre-filter-300x205.jpg\" alt=\"CleanAIR AerGo spark arrestor and pre filter\" width=\"300\" height=\"205\" srcset=\"https:\/\/www.clean-air.cz\/wp-content\/uploads\/2020\/06\/CleanAIR-AerGo-spark-arrestor-pre-filter-300x205.jpg 300w, https:\/\/www.clean-air.cz\/wp-content\/uploads\/2020\/06\/CleanAIR-AerGo-spark-arrestor-pre-filter.jpg 526w\" sizes=\"(max-width: 300px) 100vw, 300px\" \/>[\/vc_column_text][\/vc_column][\/vc_row][vc_row][vc_column][vc_tta_tabs style=&#8221;modern&#8221; shape=&#8221;square&#8221; active_section=&#8221;1&#8243; no_fill_content_area=&#8221;true&#8221; title=&#8221;Details&#8221;][vc_tta_section i_icon_fontawesome=&#8221;fa fa-industry&#8221; add_icon=&#8221;true&#8221; title=&#8221;Anwendungsbereiche&#8221; tab_id=&#8221;1513150336358-68add988-e9ea&#8221;][vc_column_text]<span style=\"color: #be0300;\"><strong>Anwendungsbereiche<\/strong><\/span><\/p>\n<ul>\n<li>Schwei\u00dfen, Schleifen und Oberfl\u00e4chenbearbeitung<\/li>\n<li>Automobilindustrie und Schiffbau<\/li>\n<li>Landwirtschaft, Lebensmittelindustrie<\/li>\n<li>Bauwesen und Holzbearbeitung<\/li>\n<\/ul>\n<p>[\/vc_column_text][\/vc_tta_section][vc_tta_section i_icon_fontawesome=&#8221;fa fa-thumbs-o-up&#8221; add_icon=&#8221;true&#8221; title=&#8221;Merkmale und Vorteile&#8221; tab_id=&#8221;1513150336359-b7b65468-8021&#8243;][vc_column_text]<span style=\"color: #be0300;\"><strong>Funktionen und vorteile<\/strong><\/span><\/p>\n<ul>\n<li>Leicht und ergonomisch<\/li>\n<li>\u00a0Schlankes Profil mit nur 65 mm<\/li>\n<li>Vielseitig im Gebrauch. Es filtert sowohl Partikel als auch Gase und D\u00e4mpfe.<\/li>\n<li>Einfache Ein-Knopf-Bedienung mit neuem \u00fcbersichtlichen Display<\/li>\n<li>Eingebauter barometrischer Sensor mit automatischer Anpassung des Luftstroms in Abh\u00e4ngigkeit von der H\u00f6he<\/li>\n<li>Einstellbarer Luftstrom mit zwei Stufen: 160\/175\/190 und 210 l\/min<\/li>\n<li>Die Luftstromregelung sorgt f\u00fcr einen konstanten Luftstrom unabh\u00e4ngig vom Verstopfungsgrad oder Akkuladestand.<\/li>\n<li>Betriebszeit mit Hochleistungsakku 20 Stunden oder mit Standardakku 10 Stunden<\/li>\n<li>Kurze Akkuladezeiten von weniger als drei Stunden (Standardakku)<\/li>\n<li>Akustische und optische Alarme oder Vibrationen warnen, wenn der Luftstrom gering ist oder der Akku aufgeladen werden muss.<\/li>\n<li>Das einzigartige Filterdesign sorgt f\u00fcr eine perfekte Abdichtung bei jedem Filterwechsel.<\/li>\n<\/ul>\n<p>[\/vc_column_text][\/vc_tta_section][vc_tta_section i_icon_fontawesome=&#8221;fa fa-cog&#8221; add_icon=&#8221;true&#8221; title=&#8221;Kompletts\u00e4tze, Zubeh\u00f6r, Filter&#8221; tab_id=&#8221;1513153137048-5f8c31c5-30ea&#8221;][vc_column_text]<\/p>\n<table style=\"width: 100%;\">\n<tbody>\n<tr>\n<td style=\"text-align: left; width: 99.84%;\" colspan=\"2\"><span style=\"color: #be0300;\"><strong>Kompletts\u00e4tze<\/strong><\/span><\/td>\n<\/tr>\n<tr>\n<td style=\"text-align: left; width: 86.08%;\">CleanAIR\u00ae AerGO\u00ae mit Komfortg\u00fcrtel, Lithium-Ionen-Akku, Ladeger\u00e4t, QuickLOCK\u2122 Luftschlauch und P R SL Filter<\/td>\n<td style=\"text-align: center; width: 13.76%;\">30 00 00P<\/td>\n<\/tr>\n<tr>\n<td style=\"text-align: left; width: 86.08%;\">CleanAIR\u00ae AerGO\u00ae mit Lederg\u00fcrtel, Lithium-Ionen-Akku, Ladeger\u00e4t, QuickLOCK\u2122 Luftschlauch und P R SL Filter<\/td>\n<td style=\"text-align: center; width: 13.76%;\">30 00 00L<\/td>\n<\/tr>\n<tr>\n<td style=\"text-align: left; width: 86.08%;\">CleanAIR\u00ae AerGO\u00ae mit Lederg\u00fcrtel, Lithium-Ionen-Hochleistungsakku, Ladeger\u00e4t, QuickLOCK\u2122 Luftschlauch und A1B1E1P R SL Filtern<\/td>\n<td style=\"text-align: center; width: 13.76%;\">30 00 00LH<\/td>\n<\/tr>\n<tr>\n<td style=\"text-align: left; width: 99.84%;\" colspan=\"2\"><span style=\"color: #be0300;\"><strong>Ersatzteile, Zubeh\u00f6r<\/strong><\/span><\/td>\n<\/tr>\n<tr>\n<td style=\"text-align: left; width: 86.08%;\">Vorfilterhalter, Funkenf\u00e4nger, Vorfilter \u2013 Set mit jeweils 2 St\u00fcck<\/td>\n<td style=\"text-align: center; width: 13.76%;\">30 00 30<\/td>\n<\/tr>\n<tr>\n<td style=\"text-align: left; width: 86.08%;\">Vorfilter CleanAIR\u00ae AerGO\u00ae (10 St\u00fccke)<\/td>\n<td style=\"text-align: center; width: 13.76%;\">30 00 15<\/td>\n<\/tr>\n<tr>\n<td style=\"text-align: left; width: 86.08%;\">Vorfilter CleanAIR\u00ae AerGO\u00ae (50 St\u00fccke)<\/td>\n<td style=\"text-align: center; width: 13.76%;\">30 00 15\/50<\/td>\n<\/tr>\n<tr>\n<td style=\"text-align: left; width: 86.08%;\">Funkenf\u00e4nger (10 St\u00fcck)<\/td>\n<td style=\"text-align: center; width: 13.76%;\">30 00 20<\/td>\n<\/tr>\n<tr>\n<td style=\"text-align: left; width: 86.08%;\">Hochleistungslederg\u00fcrtel<\/td>\n<td style=\"text-align: center; width: 13.76%;\">32 00 92<\/td>\n<\/tr>\n<tr>\n<td style=\"text-align: left; width: 86.08%;\">CleanAIR\u00ae AerGO\u00ae Komfortg\u00fcrtel<\/td>\n<td style=\"text-align: center; width: 13.76%;\">30 00 92<\/td>\n<\/tr>\n<tr>\n<td style=\"text-align: left; width: 86.08%;\">Standard Lithium-Ionen-Akku 14,4 V\/2,6 Ah<\/td>\n<td style=\"text-align: center; width: 13.76%;\">31 00 13<\/td>\n<\/tr>\n<tr>\n<td style=\"text-align: left; width: 86.08%;\">Lithium-Ionen-Hochleistungsakku 14,4 V\/5,2 Ah<\/td>\n<td style=\"text-align: center; width: 13.76%;\">31 00 23<\/td>\n<\/tr>\n<tr>\n<td style=\"text-align: left; width: 86.08%;\">Akkuladeger\u00e4t, neu mit mehreren Anschl\u00fcssen (kompatibel mit 31 00 13\/23 Akkus)<\/td>\n<td style=\"text-align: center; width: 13.76%;\">31 00 30<\/td>\n<\/tr>\n<tr>\n<td style=\"text-align: left; width: 86.08%;\">Partikelfilter P R SL TR-110 Gewinde (2 Paar Paket<\/td>\n<td style=\"text-align: center; width: 13.76%;\">30 00 10\/2<\/td>\n<\/tr>\n<tr>\n<td style=\"text-align: left; width: 86.08%;\">Kombinierter Filter A1P R SL TR-110 Gewinde (2 St\u00fcck Set)<\/td>\n<td style=\"text-align: center; width: 13.76%;\">30 03 57<\/td>\n<\/tr>\n<tr>\n<td style=\"text-align: left; width: 86.08%;\">Kombinierter Filter A1B1E1P R SL TR-110 Gewinde (2 St\u00fcck Set)<\/td>\n<td style=\"text-align: center; width: 13.76%;\">30 03 64<\/td>\n<\/tr>\n<tr>\n<td style=\"text-align: left; width: 86.08%;\">SunFibre Hi-Vis-Set (aktive Beleuchtung, Powerbank, Tasche)<\/td>\n<td style=\"text-align: center; width: 13.76%;\">710050<\/td>\n<\/tr>\n<tr>\n<td style=\"text-align: left; width: 86.08%;\">Aktive SunFibre Hi-Vis-Beleuchtung<\/td>\n<td style=\"text-align: center; width: 13.76%;\">710051<\/td>\n<\/tr>\n<tr>\n<td style=\"text-align: left; width: 86.08%;\">Gurttasche f\u00fcr SunFibre<\/td>\n<td style=\"text-align: center; width: 13.76%;\">710052<\/td>\n<\/tr>\n<tr>\n<td style=\"text-align: left; width: 86.08%;\">Powerbank ONPOWER 4000 mA<\/td>\n<td style=\"text-align: center; width: 13.76%;\">710053<\/td>\n<\/tr>\n<tr>\n<td style=\"text-align: left; width: 86.08%;\">Kabelbaum-Schlauchhalter<\/td>\n<td style=\"text-align: center; width: 13.76%;\">710071<\/td>\n<\/tr>\n<\/tbody>\n<\/table>\n<p>[\/vc_column_text][\/vc_tta_section][vc_tta_section i_icon_fontawesome=&#8221;fa fa-wrench&#8221; add_icon=&#8221;true&#8221; title=&#8221;Technische Daten&#8221; tab_id=&#8221;1513153797992-792040b0-82c9&#8243;][vc_column_text]<\/p>\n<table style=\"width: 100%; height: 246px;\">\n<tbody>\n<tr style=\"height: 22px;\">\n<td style=\"text-align: left; height: 22px;\">Gewicht<\/td>\n<td style=\"text-align: center; height: 22px;\">980 g (inkl. Standardakku)<\/td>\n<\/tr>\n<tr style=\"height: 22px;\">\n<td style=\"text-align: left; height: 22px;\">Abmessung<\/td>\n<td style=\"text-align: center; height: 22px;\">235x126x65 mm<\/td>\n<\/tr>\n<tr style=\"height: 22px;\">\n<td style=\"text-align: left; height: 22px;\">Luftstrom<\/td>\n<td style=\"text-align: center; height: 22px;\">160\/175\/190 and 210 lpm<\/td>\n<\/tr>\n<tr style=\"height: 22px;\">\n<td style=\"text-align: left; height: 22px;\">Alarm<\/td>\n<td style=\"text-align: center; height: 22px;\">Akustisch, optisch und Vibration<\/td>\n<\/tr>\n<tr style=\"height: 46px;\">\n<td style=\"text-align: left; height: 46px;\">Operation* \/ charging time<\/td>\n<td style=\"text-align: center; height: 46px;\">&lt; 10 \/ &lt; 3 h Standardakku<br \/>\n&lt; 20 \/ &lt; 5,5 h Hochleistungsakku<\/td>\n<\/tr>\n<tr style=\"height: 46px;\">\n<td style=\"text-align: left; height: 46px;\">Battery<\/td>\n<td style=\"text-align: center; height: 46px;\">Lithium-Ionen-Akku 14,4 V \/ 2,6 Ah (standard)<br \/>\nLithium-Ionen-Akku14,4 V \/ 5,2 Ah ((Hochleistung)<\/td>\n<\/tr>\n<tr style=\"height: 22px;\">\n<td style=\"text-align: left; height: 22px;\">Schlauchanschluss<\/td>\n<td style=\"text-align: center; height: 22px;\">CA40x1\/7\u201c<\/td>\n<\/tr>\n<tr style=\"height: 22px;\">\n<td style=\"text-align: left; height: 22px;\">Zertifizierung<\/td>\n<td style=\"text-align: center; height: 22px;\">EN 12941 TH3<\/td>\n<\/tr>\n<tr style=\"height: 22px;\">\n<td style=\"text-align: left; height: 22px;\" colspan=\"2\"><em><span style=\"font-size: 8pt;\">* Bei 160 l\/min mit neuen P R SL Filtern und voll aufgeladenen Akkus.<\/span><\/em><span style=\"color: #be0300;\"><strong><br \/>\n<\/strong><\/span><\/td>\n<\/tr>\n<\/tbody>\n<\/table>\n<p>[\/vc_column_text][\/vc_tta_section][vc_tta_section i_icon_fontawesome=&#8221;fa fa-download&#8221; add_icon=&#8221;true&#8221; title=&#8221;Downloads&#8221; tab_id=&#8221;1513154098935-95c74e4f-fa1e&#8221;][vc_column_text]<strong><a href=\"https:\/\/www.clean-air.cz\/wp-content\/uploads\/2023\/10\/User-manual-CNA-026-R06-AerGO_DIGI.pdf\" target=\"_blank\" rel=\"noopener\">User manual \u2013 AerGO<\/a><\/strong><\/p>\n<p><strong><a href=\"https:\/\/www.clean-air.cz\/wp-content\/uploads\/2020\/03\/CNA-042-R04-UM-Filtry-AerGO-DIGI.pdf\" target=\"_blank\" rel=\"noopener noreferrer\">User manual &#8211; Filters for AerGO<\/a><\/strong><\/p>\n<p><strong><a href=\"https:\/\/www.clean-air.cz\/wp-content\/uploads\/2026\/03\/DA-072-300000PA-AerGO-EN.pdf\">DA-072 &#8211; 300000PA &#8211; AerGO (EN)<\/a><\/strong><\/p>\n<p><strong><a href=\"https:\/\/www.clean-air.cz\/wp-content\/uploads\/2023\/09\/PS-300000-1-R2-AerGO.pdf\">Declaration of confornity &#8211; PS-300000-1-R2 AerGO<\/a><\/strong>[\/vc_column_text][\/vc_tta_section][vc_tta_section i_icon_fontawesome=&#8221;fa fa-picture-o&#8221; add_icon=&#8221;true&#8221; title=&#8221;Galerie&#8221; tab_id=&#8221;1515415801460-0c2258c9-4574&#8243;][vc_gallery type=&#8221;image_grid&#8221; images=&#8221;353,354,355,3855&#8243; img_size=&#8221;medium&#8221; css_animation=&#8221;fadeIn&#8221; css=&#8221;.vc_custom_1530265819382{padding-left: 280px !important;}&#8221;][\/vc_tta_section][\/vc_tta_tabs][\/vc_column][\/vc_row]<\/p>\n","protected":false},"excerpt":{"rendered":"<p>[vc_row][vc_column width=&#8221;1\/2&#8243;][vc_gallery interval=&#8221;3&#8243; images=&#8221;13847,13799,13811,13823,13829,13835,13853,13859,22095,22089,22083&#8243; img_size=&#8221;large&#8221;][\/vc_column][vc_column width=&#8221;1\/2&#8243;][vc_column_text]Leichtes und ergonomisches Atemschutzger\u00e4t &#8211; Innovatives CleanAIR\u00ae AerGO\u00ae Unser ergonomischstes und vielseitigstes Atemschutzger\u00e4t, nicht nur f\u00fcr die Schwei\u00dfindustrie. Kompatibel mit Partikelfiltern und kombinierten Filtern und somit f\u00fcr eine Vielzahl industrieller Anwendungen geeignet. Das schlanke Profil des Ger\u00e4ts erm\u00f6glicht es Ihnen, sich in R\u00e4ume mit eingeschr\u00e4nktem Zugang zu zw\u00e4ngen. Der innovative AerGO\u00ae verf\u00fcgt nun \u00fcber einen eingebauten Luftdrucksensor, dank dessen der erforderliche Luftstrom automatisch in Bezug<\/p>\n<p><a class=\"more-link\" href=\"https:\/\/www.clean-air.cz\/de\/systeme-fur-den-personlichen-atemschutz\/cleanair-aergo\/\">Weiterlesen<\/a><\/p>\n","protected":false},"author":11,"featured_media":0,"parent":3849,"menu_order":0,"comment_status":"closed","ping_status":"closed","template":"","meta":{"footnotes":""},"_links":{"self":[{"href":"https:\/\/www.clean-air.cz\/de\/wp-json\/wp\/v2\/pages\/3854"}],"collection":[{"href":"https:\/\/www.clean-air.cz\/de\/wp-json\/wp\/v2\/pages"}],"about":[{"href":"https:\/\/www.clean-air.cz\/de\/wp-json\/wp\/v2\/types\/page"}],"author":[{"embeddable":true,"href":"https:\/\/www.clean-air.cz\/de\/wp-json\/wp\/v2\/users\/11"}],"replies":[{"embeddable":true,"href":"https:\/\/www.clean-air.cz\/de\/wp-json\/wp\/v2\/comments?post=3854"}],"version-history":[{"count":0,"href":"https:\/\/www.clean-air.cz\/de\/wp-json\/wp\/v2\/pages\/3854\/revisions"}],"up":[{"embeddable":true,"href":"https:\/\/www.clean-air.cz\/de\/wp-json\/wp\/v2\/pages\/3849"}],"wp:attachment":[{"href":"https:\/\/www.clean-air.cz\/de\/wp-json\/wp\/v2\/media?parent=3854"}],"curies":[{"name":"wp","href":"https:\/\/api.w.org\/{rel}","templated":true}]}}