{"id":3849,"date":"2018-12-19T14:31:56","date_gmt":"2018-12-19T13:31:56","guid":{"rendered":"https:\/\/www.clean-air.cz\/systeme-fur-den-personlichen-atemschutz\/"},"modified":"2026-01-23T15:04:28","modified_gmt":"2026-01-23T14:04:28","slug":"systeme-fur-den-personlichen-atemschutz","status":"publish","type":"page","link":"https:\/\/www.clean-air.cz\/de\/systeme-fur-den-personlichen-atemschutz\/","title":{"rendered":"Systeme f\u00fcr den pers\u00f6nlichen Atemschutz"},"content":{"rendered":"<p>[vc_row css=&#8221;.vc_custom_1515063137650{background-color: #ffffff !important;}&#8221;][vc_column][vc_column_text]<strong>CleanAIR\u00ae ist ein pers\u00f6nliches Atemschutzsystem<\/strong>, das\u00a0auf gefilterter \u00dcberdruckluft in der Atemzone basiert.\u00a0Das Atemschutzger\u00e4t wird am G\u00fcrtel des Tr\u00e4gers\u00a0angebracht, filtert die Luft aus der Umgebung und leitet\u00a0sie durch einen Atemschlauch in eine Schutzmaske oder\u00a0-haube. Der \u00dcberdruck verhindert das Eindringen von\u00a0Verunreinigungen in die Atemzone. Dieser schwache\u00a0\u00dcberdruck sorgt f\u00fcr ein bequemes Tragen (selbst bei langer\u00a0Anwendung), da der Tr\u00e4ger keine Atemschwierigkeiten hat, um den Widerstand des Filters zu \u00fcberwinden.[\/vc_column_text][vc_tta_tour style=&#8221;modern&#8221; shape=&#8221;square&#8221; gap=&#8221;1&#8243; active_section=&#8221;1&#8243; no_fill_content_area=&#8221;true&#8221;][vc_tta_section title=&#8221;AerGO\u00ae&#8221; tab_id=&#8221;1515061200914-4dd3150e-98ab&#8221;][vc_column_text]<img loading=\"lazy\" decoding=\"async\" class=\"size-medium wp-image-355 alignnone\" src=\"https:\/\/www.clean-air.cz\/wp-content\/uploads\/2018\/06\/AerGO_particle_standard-iso-copy-300x160.jpg\" alt=\"\" width=\"300\" height=\"160\" \/><\/p>\n<h3>CleanAIR<sup>\u00ae<\/sup>\u00a0AerGO<sup>\u00ae<\/sup><\/h3>\n<p>CleanAIR\u00ae AerGO\u00ae ist ein universelles, luftreinigendes Atemschutz- Gebl\u00e4sesystem, das f\u00fcr\u00a0den pers\u00f6nlichen Atemschutz in\u00a0staubigen Industrieumgebungen, einschlie\u00dflich Bereichen\u00a0mit Verschmutzungen in Form von Gasen und D\u00e4mpfen entwickelt wurde.<\/p>\n<p>Die Einheit ist mit einem Steuersystem f\u00fcr durchg\u00e4ngigen Luftstrom und einem\u00a0erweiterten Elektroniksystem f\u00fcr die Warnung des Tr\u00e4gers bei pl\u00f6tzlicher\u00a0Verringerung des Luftstroms und niedriger Batterieladung ausgestattet. Das\u00a0ergonomische Design, das geringe Gewicht und das schmale Profil der Einheit\u00a0garantieren einen hohen Tragekomfort, selbst in Umgebungen mit eingeschr\u00e4nkten\u00a0Bewegungsm\u00f6glichkeiten. Die Einheit ist mit einer Vielzahl von CleanAIR\u00ae\u00a0Hauben f\u00fcr verschiedene industrielle Anwendungsbereiche kompatibel.<\/p>\n<p><strong>Anwendungsbereiche<\/strong><br \/>\nStaubige Industrieumgebungen, einschlie\u00dflich Bereichen\u00a0 mit\u00a0Verschmutzungen in Form von Gasen und D\u00e4mpfen. Schwei\u00dfen, Schleifen und Oberfl\u00e4chenbearbeitungen.<br \/>\n[\/vc_column_text][vc_btn title=&#8221;Siehe die Produktseite!&#8221; shape=&#8221;square&#8221; color=&#8221;juicy-pink&#8221; i_icon_fontawesome=&#8221;fa fa-arrow-right&#8221; add_icon=&#8221;true&#8221; link=&#8221;url:https%3A%2F%2Fwww.clean-air.cz%2Fde%2Fsysteme-fur-den-personlichen-atemschutz%2Fcleanair-aergo%2F|title:CleanAIR%C2%AE%20AerGO%C2%AE|&#8221;][\/vc_tta_section][vc_tta_section title=&#8221;Basic&#8221; tab_id=&#8221;1530276190645-38128f59-6835&#8243;][vc_column_text]<img loading=\"lazy\" decoding=\"async\" class=\"wp-image-358 size-medium alignnone\" src=\"https:\/\/www.clean-air.cz\/wp-content\/uploads\/2018\/06\/EVO_shadow-iso-copy-300x300.jpg\" alt=\"\" width=\"300\" height=\"300\" srcset=\"https:\/\/www.clean-air.cz\/wp-content\/uploads\/2018\/06\/EVO_shadow-iso-copy-300x300.jpg 300w, https:\/\/www.clean-air.cz\/wp-content\/uploads\/2018\/06\/EVO_shadow-iso-copy-150x150.jpg 150w, https:\/\/www.clean-air.cz\/wp-content\/uploads\/2018\/06\/EVO_shadow-iso-copy-768x768.jpg 768w, https:\/\/www.clean-air.cz\/wp-content\/uploads\/2018\/06\/EVO_shadow-iso-copy.jpg 800w, https:\/\/www.clean-air.cz\/wp-content\/uploads\/2018\/06\/EVO_shadow-iso-copy-250x250.jpg 250w\" sizes=\"(max-width: 300px) 100vw, 300px\" \/><\/p>\n<h3>CleanAIR<sup>\u00ae<\/sup> Basic<\/h3>\n<div class=\"fl70\">\n<p>CleanAIR<strong><sup>\u00ae<\/sup><\/strong> Basic bringt die bew\u00e4hrte Konstruktion mit neuem Look und der neuesten Technologie.<br \/>\nDas Basic EVO bietet effizienten Schutz in Umgebungen mit gef\u00e4hrlichen Partikeln\u00a0in Form von festen und fl\u00fcssigen Aerosolen wie Staub, Rauch, D\u00e4mpfen und\u00a0Fasern. Es ist mit einer Lithium-Ionen-Batterie, einer elektronischen Steuerung f\u00fcr\u00a0einen konstanten Luftstrom und einem erweiterten System f\u00fcr die Warnung des\u00a0Tr\u00e4gers bei geringem Luftstrom ausgestattet. Der individuell von 170 bis 240 l\/min\u00a0einstellbare Luftstrom kann einfach \u00fcber eine Taste geregelt werden. Alle relevanten\u00a0Informationen sind dank des neu entworfenen LED-Bedienfeldes eindeutig sichtbar.<\/p>\n<p><strong>Anwendungsbereiche<\/strong><br \/>\nSchwei\u00dfen, Schleifen, Oberfl\u00e4chenbearbeitungen.\u00a0Staubige Industrieumgebungen,\u00a0Automobilindustrie und Schiffbau, Baubranche, Lebensmittelindustrie.<\/div>\n<p>[\/vc_column_text][vc_btn title=&#8221;Siehe die Produktseite!&#8221; shape=&#8221;square&#8221; color=&#8221;juicy-pink&#8221; i_icon_fontawesome=&#8221;fa fa-arrow-right&#8221; add_icon=&#8221;true&#8221; link=&#8221;url:https%3A%2F%2Fwww.clean-air.cz%2Fde%2Fsysteme-fur-den-personlichen-atemschutz%2Fcleanair-basic%2F|title:CleanAIR%C2%AE%20Basic|&#8221;][\/vc_tta_section][vc_tta_section title=&#8221;Chemical 2F&#8221; tab_id=&#8221;1530276639151-8a5aee0e-3ef5&#8243;][vc_column_text]<img loading=\"lazy\" decoding=\"async\" class=\"wp-image-369 size-medium alignnone\" src=\"https:\/\/www.clean-air.cz\/wp-content\/uploads\/2018\/06\/2F-iso-copy-300x208.jpg\" alt=\"\" width=\"300\" height=\"208\" srcset=\"https:\/\/www.clean-air.cz\/wp-content\/uploads\/2018\/06\/2F-iso-copy-300x208.jpg 300w, https:\/\/www.clean-air.cz\/wp-content\/uploads\/2018\/06\/2F-iso-copy-768x531.jpg 768w, https:\/\/www.clean-air.cz\/wp-content\/uploads\/2018\/06\/2F-iso-copy-1024x709.jpg 1024w, https:\/\/www.clean-air.cz\/wp-content\/uploads\/2018\/06\/2F-iso-copy-800x554.jpg 800w, https:\/\/www.clean-air.cz\/wp-content\/uploads\/2018\/06\/2F-iso-copy.jpg 1156w\" sizes=\"(max-width: 300px) 100vw, 300px\" \/><\/p>\n<h3>Chemical 2F<\/h3>\n<p>Neue Generation von Atemschutz-Gebl\u00e4sesystemen\u00a0filtert Verschmutzungen in\u00a0der Form von Gasen, D\u00e4mpfen, Partikeln und deren Kombinationen.\u00a0Trotz der kompakten Gr\u00f6\u00dfe und des geringen Gewichtes\u00a0bietet das Chemical 2F eine hohe mechanische und\u00a0chemische Best\u00e4ndigkeit sowie UV-Best\u00e4ndigkeit.\u00a0Der Aufbau und die Schutzklasse IP64 vereinfachen\u00a0eine Dekontamination in der Dusche. Das einzigartige\u00a0automatische Schlie\u00dfsystem verhindert das Eindringen von\u00a0Schadstoffen w\u00e4hrend des Filterwechsels. Das Vollfarb-Display zeigt alle relevanten Informationen.<\/p>\n<p><strong>Anwendungsbereiche<\/strong><br \/>\nChemieindustrie,\u00a0Labore,\u00a0Pharmazeutische Industrie.[\/vc_column_text][vc_btn title=&#8221;Siehe die Produktseite!&#8221; shape=&#8221;square&#8221; color=&#8221;juicy-pink&#8221; i_icon_fontawesome=&#8221;fa fa-arrow-right&#8221; add_icon=&#8221;true&#8221; link=&#8221;url:https%3A%2F%2Fwww.clean-air.cz%2Fde%2Fsysteme-fur-den-personlichen-atemschutz%2Fcleanair-chemical-2f%2F|title:CleanAIR%C2%AE%20Chemical%202F|&#8221;][\/vc_tta_section][vc_tta_section title=&#8221;Chemical 2F Ex&#8221; tab_id=&#8221;1574166504512-b25b76a4-3453&#8243;][vc_column_text]<img loading=\"lazy\" decoding=\"async\" class=\"alignnone wp-image-7474 size-medium\" src=\"https:\/\/www.clean-air.cz\/wp-content\/uploads\/2019\/11\/2F_Ex-iso-copy-300x197.jpg\" alt=\"\" width=\"300\" height=\"197\" srcset=\"https:\/\/www.clean-air.cz\/wp-content\/uploads\/2019\/11\/2F_Ex-iso-copy-300x197.jpg 300w, https:\/\/www.clean-air.cz\/wp-content\/uploads\/2019\/11\/2F_Ex-iso-copy-1024x672.jpg 1024w, https:\/\/www.clean-air.cz\/wp-content\/uploads\/2019\/11\/2F_Ex-iso-copy-768x504.jpg 768w, https:\/\/www.clean-air.cz\/wp-content\/uploads\/2019\/11\/2F_Ex-iso-copy-1536x1008.jpg 1536w, https:\/\/www.clean-air.cz\/wp-content\/uploads\/2019\/11\/2F_Ex-iso-copy-800x525.jpg 800w, https:\/\/www.clean-air.cz\/wp-content\/uploads\/2019\/11\/2F_Ex-iso-copy.jpg 1628w\" sizes=\"(max-width: 300px) 100vw, 300px\" \/><\/p>\n<h3>Chemical 2F Ex<\/h3>\n<p>Das vielseitigste und langlebigste Atemschutzger\u00e4t ist jetzt in der ATEX-Version erh\u00e4ltlich, die in potenziell explosiven Atmosph\u00e4ren eingesetzt werden kann.<\/p>\n<p><strong>Anwendungsbereiche<\/strong><\/p>\n<ul>\n<li>Potenziell explosive Atmosph\u00e4ren, zugelassen f\u00fcr Zone 2<\/li>\n<li>Stark belastete Umgebungen wie in der chemischen und pharmazeutischen Industrie<\/li>\n<li>Sanierungsarbeiten, Labore<\/li>\n<li>Erste Hilfe und Notfallteams<\/li>\n<li>Schutz vor biologischen Gefahrstoffen<\/li>\n<\/ul>\n<p>[\/vc_column_text][vc_btn title=&#8221;Siehe die Produktseite!&#8221; shape=&#8221;square&#8221; color=&#8221;juicy-pink&#8221; i_icon_fontawesome=&#8221;fa fa-arrow-right&#8221; add_icon=&#8221;true&#8221; link=&#8221;url:https%3A%2F%2Fwww.clean-air.cz%2Fde%2Fsysteme-fur-den-personlichen-atemschutz%2Fcleanair-chemical-2f-ex%2F|title:CleanAIR%C2%AE%20Chemical%202F|&#8221;][\/vc_tta_section][vc_tta_section title=&#8221;Chemical 3F&#8221; tab_id=&#8221;1530276736801-eac49e6a-fd68&#8243;][vc_column_text]<img loading=\"lazy\" decoding=\"async\" class=\"wp-image-386 size-medium alignnone\" src=\"https:\/\/www.clean-air.cz\/wp-content\/uploads\/2018\/06\/3F_filters-iso-copy-300x227.jpg\" alt=\"\" width=\"300\" height=\"227\" srcset=\"https:\/\/www.clean-air.cz\/wp-content\/uploads\/2018\/06\/3F_filters-iso-copy-300x227.jpg 300w, https:\/\/www.clean-air.cz\/wp-content\/uploads\/2018\/06\/3F_filters-iso-copy-768x582.jpg 768w, https:\/\/www.clean-air.cz\/wp-content\/uploads\/2018\/06\/3F_filters-iso-copy-1024x776.jpg 1024w, https:\/\/www.clean-air.cz\/wp-content\/uploads\/2018\/06\/3F_filters-iso-copy-800x606.jpg 800w, https:\/\/www.clean-air.cz\/wp-content\/uploads\/2018\/06\/3F_filters-iso-copy.jpg 1056w\" sizes=\"(max-width: 300px) 100vw, 300px\" \/><\/p>\n<h3>Chemical 3F<\/h3>\n<p>Hohe Leistung, mechanische und chemische Best\u00e4ndigkeit, UVBest\u00e4ndigkeit\u00a0und die Schutzklasse IP64 garantieren einen ausreichenden\u00a0Schutz des Tr\u00e4gers, selbst in belastenden Industrieumgebungen, in der\u00a0Chemieindustrie, in Laboren und in der pharmazeutischen Industrie. Das Vollfarb-Display zeigt alle relevanten Informationen.<\/p>\n<p><strong>Anwendungsbereiche<\/strong><br \/>\nChemieindustrie,\u00a0Labore,\u00a0Pharmazeutische Industrie.[\/vc_column_text][vc_btn title=&#8221;Siehe die Produktseite!&#8221; shape=&#8221;square&#8221; color=&#8221;juicy-pink&#8221; i_icon_fontawesome=&#8221;fa fa-arrow-right&#8221; add_icon=&#8221;true&#8221; link=&#8221;url:https%3A%2F%2Fwww.clean-air.cz%2Fde%2Fsysteme-fur-den-personlichen-atemschutz%2Fcleanair-chemical-3f%2F|title:CleanAIR%C2%AE%20Chemical%203F|&#8221;][\/vc_tta_section][vc_tta_section title=&#8221;Asbest&#8221; tab_id=&#8221;1530276814908-b565dc22-47f8&#8243;][vc_column_text]<img loading=\"lazy\" decoding=\"async\" class=\"wp-image-390 size-medium alignleft\" src=\"https:\/\/www.clean-air.cz\/wp-content\/uploads\/2018\/06\/ca-asbest-264x300.jpg\" alt=\"\" width=\"264\" height=\"300\" \/><\/p>\n<h3>CleanAIR<sup>\u00ae<\/sup>\u00a0Asbest<\/h3>\n<p>CleanAIR<strong><sup>\u00ae<\/sup><\/strong>\u00a0Asbest ist ein au\u00dfergew\u00f6hnlich\u00a0leichtes und kompaktes luftreinigendes Atemschutzsystem,\u00a0das einen aktiven Atemwegs- und<br \/>\nGesichtsschutz bietet und vor\u00a0asbesthaltigen Materialien sch\u00fctzt.<\/p>\n<p>Das System ist mit zwei verschiedenen Masken verf\u00fcgbar \u2013\u00a0 Shigematsu GX02 und CF02.<\/p>\n<p><strong>Anwendungsbereiche<\/strong><br \/>\nBaubranche, Sanierungsarbeiten.[\/vc_column_text][vc_btn title=&#8221;Siehe die Produktseite!&#8221; shape=&#8221;square&#8221; color=&#8221;juicy-pink&#8221; i_icon_fontawesome=&#8221;fa fa-arrow-right&#8221; add_icon=&#8221;true&#8221; link=&#8221;url:https%3A%2F%2Fwww.clean-air.cz%2Fde%2Fsysteme-fur-den-personlichen-atemschutz%2Fcleanair-asbest%2F|title:CleanAIR%C2%AE%20Asbest|&#8221;][\/vc_tta_section][vc_tta_section title=&#8221;MedicAER&#8221; tab_id=&#8221;1689328489620-7e37d529-c7de&#8221;][vc_column_text]<img loading=\"lazy\" decoding=\"async\" class=\"alignnone size-medium wp-image-16040\" src=\"https:\/\/www.clean-air.cz\/wp-content\/uploads\/2022\/04\/MedicAER-iso-1-300x202.jpg\" alt=\"\" width=\"300\" height=\"202\" srcset=\"https:\/\/www.clean-air.cz\/wp-content\/uploads\/2022\/04\/MedicAER-iso-1-300x202.jpg 300w, https:\/\/www.clean-air.cz\/wp-content\/uploads\/2022\/04\/MedicAER-iso-1-1024x690.jpg 1024w, https:\/\/www.clean-air.cz\/wp-content\/uploads\/2022\/04\/MedicAER-iso-1-768x517.jpg 768w, https:\/\/www.clean-air.cz\/wp-content\/uploads\/2022\/04\/MedicAER-iso-1-1536x1035.jpg 1536w, https:\/\/www.clean-air.cz\/wp-content\/uploads\/2022\/04\/MedicAER-iso-1-800x539.jpg 800w, https:\/\/www.clean-air.cz\/wp-content\/uploads\/2022\/04\/MedicAER-iso-1.jpg 1686w\" sizes=\"(max-width: 300px) 100vw, 300px\" \/><\/p>\n<p><span style=\"color: #000000; font-size: 12pt;\"><strong>CleanAIR MedicAER<\/strong><\/span><\/p>\n<p>Angetriebenes, luftreinigendes Atemschutzger\u00e4t, das speziell f\u00fcr den Schutz von medizinischem Personal, Notfallteams oder anderen Fachkr\u00e4ften entwickelt wurde, die einer biologischen und viralen Kontamination ausgesetzt sind.<\/p>\n<p><strong>Anwendungsbereiche<\/strong><\/p>\n<p>Gesundheitswesen und Notfallhilfe, Labore und Pharmaindustrie[\/vc_column_text][vc_btn title=&#8221;Siehe die Produktseite!&#8221; color=&#8221;juicy-pink&#8221; link=&#8221;url:https%3A%2F%2Fwww.clean-air.cz%2Fde%2Fsysteme-fur-den-personlichen-atemschutz%2Fcleanair-medicaer%2F|&#8221;][\/vc_tta_section][\/vc_tta_tour][\/vc_column][\/vc_row][vc_row][vc_column][\/vc_column][\/vc_row]<\/p>\n","protected":false},"excerpt":{"rendered":"<p>[vc_row css=&#8221;.vc_custom_1515063137650{background-color: #ffffff !important;}&#8221;][vc_column][vc_column_text]CleanAIR\u00ae ist ein pers\u00f6nliches Atemschutzsystem, das\u00a0auf gefilterter \u00dcberdruckluft in der Atemzone basiert.\u00a0Das Atemschutzger\u00e4t wird am G\u00fcrtel des Tr\u00e4gers\u00a0angebracht, filtert die Luft aus der Umgebung und leitet\u00a0sie durch einen Atemschlauch in eine Schutzmaske oder\u00a0-haube. Der \u00dcberdruck verhindert das Eindringen von\u00a0Verunreinigungen in die Atemzone. Dieser schwache\u00a0\u00dcberdruck sorgt f\u00fcr ein bequemes Tragen (selbst bei langer\u00a0Anwendung), da der Tr\u00e4ger keine Atemschwierigkeiten hat, um den Widerstand des Filters zu \u00fcberwinden.[\/vc_column_text][vc_tta_tour style=&#8221;modern&#8221; shape=&#8221;square&#8221;<\/p>\n<p><a class=\"more-link\" href=\"https:\/\/www.clean-air.cz\/de\/systeme-fur-den-personlichen-atemschutz\/\">Weiterlesen<\/a><\/p>\n","protected":false},"author":11,"featured_media":0,"parent":0,"menu_order":0,"comment_status":"closed","ping_status":"closed","template":"","meta":{"footnotes":""},"_links":{"self":[{"href":"https:\/\/www.clean-air.cz\/de\/wp-json\/wp\/v2\/pages\/3849"}],"collection":[{"href":"https:\/\/www.clean-air.cz\/de\/wp-json\/wp\/v2\/pages"}],"about":[{"href":"https:\/\/www.clean-air.cz\/de\/wp-json\/wp\/v2\/types\/page"}],"author":[{"embeddable":true,"href":"https:\/\/www.clean-air.cz\/de\/wp-json\/wp\/v2\/users\/11"}],"replies":[{"embeddable":true,"href":"https:\/\/www.clean-air.cz\/de\/wp-json\/wp\/v2\/comments?post=3849"}],"version-history":[{"count":0,"href":"https:\/\/www.clean-air.cz\/de\/wp-json\/wp\/v2\/pages\/3849\/revisions"}],"wp:attachment":[{"href":"https:\/\/www.clean-air.cz\/de\/wp-json\/wp\/v2\/media?parent=3849"}],"curies":[{"name":"wp","href":"https:\/\/api.w.org\/{rel}","templated":true}]}}