{"id":3843,"date":"2018-12-19T13:51:24","date_gmt":"2018-12-19T12:51:24","guid":{"rendered":"https:\/\/www.clean-air.cz\/schweishaube-cleanair-ares-ii\/"},"modified":"2025-08-14T11:31:59","modified_gmt":"2025-08-14T09:31:59","slug":"schweishaube-cleanair-ares-ii","status":"publish","type":"page","link":"https:\/\/www.clean-air.cz\/de\/hauben\/schweishauben\/schweishaube-cleanair-ares-ii\/","title":{"rendered":"Schwei\u00dfhaube CleanAIR\u00ae ARES II"},"content":{"rendered":"<p>[vc_row][vc_column width=&#8221;1\/2&#8243;][vc_gallery interval=&#8221;0&#8243; images=&#8221;10588,10578,10583&#8243; img_size=&#8221;large&#8221;][\/vc_column][vc_column width=&#8221;1\/2&#8243;][vc_column_text]<strong><span style=\"font-size: 14pt; color: #be0300;\">Hochleistungsschwei\u00dfhaube<\/span><\/strong><\/p>\n<p>Die hochleistungsf\u00e4hige Schwei\u00dfhaube aus Leder mit einfach absetzbarem Helm sorgt f\u00fcr eine uneingeschr\u00e4nkte Atmung und Oberk\u00f6rperschutz, der f\u00fcr die Sicherheit des Schwei\u00dfers h\u00f6chste Priorit\u00e4t hat. Sie eignet sich perfekt f\u00fcr Arbeiten in engen R\u00e4umen. Mit kompaktem Designs und absetzbarem Schutzhelm kann der Schwei\u00dfer in R\u00e4ume arbeiten, die f\u00fcr einem herk\u00f6mmlichen Helm zu eng sind. Die Schwei\u00dfhaube ist f\u00fcr den Einsatz mit dem Druckluftsystem CleanAIR\u00ae Pressure ARES bestimmt.[\/vc_column_text][vc_btn title=&#8221;Sehen Sie sich das komplette Sortiment von Schwei\u00dfhauben an&#8221; shape=&#8221;square&#8221; color=&#8221;danger&#8221; size=&#8221;lg&#8221; align=&#8221;left&#8221; i_icon_fontawesome=&#8221;fa fa-info-circle&#8221; css_animation=&#8221;none&#8221; add_icon=&#8221;true&#8221; link=&#8221;url:https%3A%2F%2Fwww.clean-air.cz%2Fde%2Fhauben%2Fschweishauben%2F|title:Sehen%20Sie%20sich%20das%20komplette%20Sortiment%20von%20Leichthauben%20an|&#8221;][\/vc_column][\/vc_row][vc_row][vc_column][vc_tta_tabs style=&#8221;modern&#8221; shape=&#8221;square&#8221; active_section=&#8221;1&#8243; no_fill_content_area=&#8221;true&#8221; title=&#8221;Details&#8221;][vc_tta_section i_icon_fontawesome=&#8221;fa fa-industry&#8221; add_icon=&#8221;true&#8221; title=&#8221;Anwendungsbereiche&#8221; tab_id=&#8221;1513150336358-68add988-e9ea&#8221;][vc_column_text]<span style=\"color: #be0300;\"><strong>Anwendungsbereiche<\/strong><\/span><\/p>\n<p>Die professionelle Schwei\u00dfhaube sch\u00fctzt bei allen Schwei\u00dfverfahren wie WIG-Schwei\u00dfen, sogar bei sehr niedrigen Schwei\u00dfstr\u00f6men. Insbesondere f\u00fcr enge R\u00e4ume geeignet.[\/vc_column_text][\/vc_tta_section][vc_tta_section i_icon_fontawesome=&#8221;fa fa-thumbs-o-up&#8221; add_icon=&#8221;true&#8221; title=&#8221;Merkmale und Vorteile&#8221; tab_id=&#8221;1513150336359-b7b65468-8021&#8243;][vc_column_text]<span style=\"color: #be0300;\"><strong>Merkmale und Vorteile<\/strong><\/span><span style=\"color: #be0300;\"><strong><br \/>\n<\/strong><\/span><\/p>\n<ul>\n<li>Mehrfachschutz f\u00fcr Kopf, Augen, Gesicht, Atmung und Geh\u00f6r<\/li>\n<li>Innovative Luftverteilung f\u00fcr bequemes Atmen<\/li>\n<li>In zwei unterschiedlichen Gr\u00f6\u00dfen der Schwei\u00dffilter\u00f6ffnung erh\u00e4ltlich \u2013 110 x 90 mm und 110 x 60 mm<\/li>\n<li>Kompatibel mit ADF oder passiven Filtern<\/li>\n<li>Stabiler, aufklappbarer Schwei\u00dfrahmen<\/li>\n<li>Best\u00e4ndigkeit bei Strahlungsw\u00e4rme und Schwei\u00dfspritzern \u2013 Klasse 2 gem\u00e4\u00df EN ISO 11611<\/li>\n<li>Individuell, in einem gro\u00dfen Bereich von 160 bis 250 l\/min einstellbarer Luftstrom<\/li>\n<li>Warnsignal bei Niedrigdruck<\/li>\n<\/ul>\n<p>[\/vc_column_text][\/vc_tta_section][vc_tta_section i_icon_fontawesome=&#8221;fa fa-cog&#8221; add_icon=&#8221;true&#8221; title=&#8221;Kompletts\u00e4tze, Zubeh\u00f6r, Filter&#8221; tab_id=&#8221;1513153137048-5f8c31c5-30ea&#8221;][vc_column_text]<\/p>\n<table style=\"width: 97.099%; height: 504px;\">\n<tbody>\n<tr style=\"height: 24px;\">\n<td style=\"height: 24px;\" colspan=\"2\"><span style=\"color: #be0300;\"><strong>Kompletthaube<\/strong><\/span><\/td>\n<\/tr>\n<tr style=\"height: 24px;\">\n<td style=\"height: 24px;\">CleanAIR\u00ae Pressure ARES \u2013 Ger\u00e4t mit G\u00fcrtel und Str\u00f6mungsanzeige<\/td>\n<td style=\"text-align: center; height: 24px;\">66 00 00<\/td>\n<\/tr>\n<tr style=\"height: 24px;\">\n<td style=\"height: 24px;\">CleanAIR\u00ae Pressure ARES \u2013 nur Ger\u00e4t<\/td>\n<td style=\"text-align: center; height: 24px;\">66 00 00W<\/td>\n<\/tr>\n<tr style=\"height: 24px;\">\n<td style=\"height: 24px;\">CleanAIR\u00ae ARES II Lederhaube, Visier 110 x 60, absetzbarer fester Helm<\/td>\n<td style=\"text-align: center; height: 24px;\">71 83 60<\/td>\n<\/tr>\n<tr style=\"height: 24px;\">\n<td style=\"height: 24px;\">CleanAIR\u00ae ARES II Lederhaube, Visier 110 x 90, absetzbarer fester Helm<\/td>\n<td style=\"text-align: center; height: 24px;\">71 83 90<\/td>\n<\/tr>\n<tr style=\"height: 24px;\">\n<td style=\"height: 24px;\">Zubeh\u00f6rpaket Ready to Weld \u2013 ARES II, 60 mm Visier und ARES Druckregler<\/td>\n<td style=\"text-align: center; height: 24px;\">66 83 60<\/td>\n<\/tr>\n<tr style=\"height: 24px;\">\n<td style=\"height: 24px;\">Zubeh\u00f6rpaket Ready to Weld \u2013 ARES II, 90 mm Visier und ARES Druckregler<\/td>\n<td style=\"text-align: center; height: 24px;\">66 83 90<\/td>\n<\/tr>\n<tr style=\"height: 24px;\">\n<td style=\"height: 24px;\" colspan=\"2\"><span style=\"color: #be0300;\"><strong>Ersatzteile, Zubeh\u00f6r<\/strong><\/span><\/td>\n<\/tr>\n<tr style=\"height: 24px;\">\n<td style=\"height: 24px;\">CleanAIR\u00ae Pressure ARES \u2013 Ger\u00e4t mit G\u00fcrtel<\/td>\n<td style=\"text-align: center; height: 24px;\">66 00 00<\/td>\n<\/tr>\n<tr style=\"height: 24px;\">\n<td style=\"height: 24px;\">CleanAIR\u00ae ARES II Lederhaube, Visier 110 x 60, absetzbarer fester Helm<\/td>\n<td style=\"text-align: center; height: 24px;\">71 83 60<\/td>\n<\/tr>\n<tr style=\"height: 24px;\">\n<td style=\"height: 24px;\">CleanAIR\u00ae ARES II Lederhaube, Visier 110 x 90, absetzbarer fester Helm<\/td>\n<td style=\"text-align: center; height: 24px;\">71 83 90<\/td>\n<\/tr>\n<tr style=\"height: 24px;\">\n<td style=\"height: 24px;\">\u00c4u\u00dfere Schutzfolie \u2013 110 x 60 mm\/1,0 mm<\/td>\n<td style=\"text-align: center; height: 24px;\">*110\/60\/1,0<\/td>\n<\/tr>\n<tr style=\"height: 24px;\">\n<td style=\"height: 24px;\">\u00c4u\u00dfere Schutzfolie \u2013 110 x 90 mm\/1,0 mm<\/td>\n<td style=\"text-align: center; height: 24px;\">*110\/90\/1,0<\/td>\n<\/tr>\n<tr style=\"height: 24px;\">\n<td style=\"height: 24px;\">Gepolsterter Komfortg\u00fcrtel Standard<\/td>\n<td style=\"text-align: center; height: 24px;\">71 83 10<\/td>\n<\/tr>\n<tr style=\"height: 24px;\">\n<td style=\"height: 24px;\">Fester Helm f\u00fcr CleanAIR\u00ae ARES II<\/td>\n<td style=\"text-align: center; height: 24px;\">71 83 11<\/td>\n<\/tr>\n<tr style=\"height: 24px;\">\n<td style=\"height: 24px;\">Schwei\u00dfband CleanAIR\u00ae \u2013 10 St\u00fcck Paket<\/td>\n<td style=\"text-align: center; height: 24px;\">71 83 16\/10<\/td>\n<\/tr>\n<tr style=\"height: 24px;\">\n<td style=\"height: 24px;\">Kopfband f\u00fcr CleanAIR\u00ae ARES II<\/td>\n<td style=\"text-align: center; height: 24px;\">71 83 41<\/td>\n<\/tr>\n<tr style=\"height: 24px;\">\n<td style=\"height: 24px;\">Befestigungsset f\u00fcr festen Helm<\/td>\n<td style=\"text-align: center; height: 24px;\">71 83 11<\/td>\n<\/tr>\n<tr style=\"height: 24px;\">\n<td style=\"height: 24px;\">Anpassbarer Ersatzriemen<\/td>\n<td style=\"text-align: center; height: 24px;\">71 83 44<\/td>\n<\/tr>\n<tr style=\"height: 24px;\">\n<td style=\"height: 24px;\">Ersatzschwei\u00dfvisier 110 x 60 (90) mit Schleifrahmen<\/td>\n<td style=\"text-align: center; height: 24px;\">71 83 67 (97)<\/td>\n<\/tr>\n<tr style=\"height: 24px;\">\n<td style=\"height: 24px;\">Geh\u00f6rschutz \u2013 Peltor Optime lll<\/td>\n<td style=\"text-align: center; height: 24px;\">XH001650841<\/td>\n<\/tr>\n<\/tbody>\n<\/table>\n<p>[\/vc_column_text][\/vc_tta_section][vc_tta_section i_icon_fontawesome=&#8221;fa fa-wrench&#8221; add_icon=&#8221;true&#8221; title=&#8221;Technische Daten&#8221; tab_id=&#8221;1513153797992-792040b0-82c9&#8243;][vc_column_text]<\/p>\n<table>\n<tbody>\n<tr>\n<td style=\"text-align: left;\">Gewicht<\/td>\n<td style=\"text-align: center;\" colspan=\"2\">1.440 g<\/td>\n<\/tr>\n<tr>\n<td style=\"text-align: left;\">Material<\/td>\n<td style=\"text-align: center;\" colspan=\"2\">Haube aus hochwertigem Leder<br \/>\nSchwei\u00dfrahmen aus Polyamidd<\/td>\n<\/tr>\n<tr>\n<td style=\"text-align: left;\">Schwei\u00dffilter\u00f6ffnung<\/td>\n<td style=\"text-align: center;\" colspan=\"2\">110\u00d760 \/ 110\u00d790 mm<\/td>\n<\/tr>\n<tr>\n<td style=\"text-align: left;\">Schlauchanschluss<\/td>\n<td style=\"text-align: center;\" colspan=\"2\">kompatibel mit MINI DN 5 (CEJN 223)<\/td>\n<\/tr>\n<tr>\n<td style=\"text-align: left;\">Zertifizierung<\/td>\n<td style=\"text-align: center;\" colspan=\"2\">EN 14594 \u2013 Klasse 3B, EN 166 1B, EN 175, EN 170, EN ISO 11611 \u2013 Klasse 2<\/td>\n<\/tr>\n<\/tbody>\n<\/table>\n<p>[\/vc_column_text][\/vc_tta_section][vc_tta_section i_icon_fontawesome=&#8221;fa fa-download&#8221; add_icon=&#8221;true&#8221; title=&#8221;Downloads&#8221; tab_id=&#8221;1513154098935-95c74e4f-fa1e&#8221;][vc_column_text]<strong><a href=\"https:\/\/www.clean-air.cz\/wp-content\/uploads\/2018\/06\/User-manual-NA-065-R00-CA-83-ARES-II-blok.pdf\" target=\"_blank\" rel=\"noopener noreferrer\">User manual &#8211; NA-065-R00 &#8211; CA-83 ARES II blok<\/a><\/strong><\/p>\n<p><strong><a href=\"https:\/\/www.clean-air.cz\/wp-content\/uploads\/2021\/04\/DA-042_-_718360_718390_-_ARESII_-_EN.pdf\">Datasheet_-_718360_718390_-_ARESII_-_EN<\/a><\/strong><\/p>\n<p><strong><a href=\"https:\/\/www.clean-air.cz\/wp-content\/uploads\/2020\/11\/PS-720201-1-R0-CA-2-Lite.pdf\">Declaration of confornity<\/a><a href=\"https:\/\/www.clean-air.cz\/wp-content\/uploads\/2024\/09\/PS-718300-1-R2-Ares-II.pdf\"> -718300-1-R2 Ares II<\/a><\/strong>[\/vc_column_text][\/vc_tta_section][vc_tta_section i_icon_fontawesome=&#8221;fa fa-picture-o&#8221; add_icon=&#8221;true&#8221; title=&#8221;Galerie&#8221; tab_id=&#8221;1515415801460-0c2258c9-4574&#8243;][vc_gallery type=&#8221;image_grid&#8221; images=&#8221;3844,205,204&#8243; img_size=&#8221;medium&#8221; css_animation=&#8221;fadeIn&#8221; css=&#8221;.vc_custom_1528878141408{padding-left: 280px !important;}&#8221;][\/vc_tta_section][\/vc_tta_tabs][\/vc_column][\/vc_row]<\/p>\n","protected":false},"excerpt":{"rendered":"<p>[vc_row][vc_column width=&#8221;1\/2&#8243;][vc_gallery interval=&#8221;0&#8243; images=&#8221;10588,10578,10583&#8243; img_size=&#8221;large&#8221;][\/vc_column][vc_column width=&#8221;1\/2&#8243;][vc_column_text]Hochleistungsschwei\u00dfhaube Die hochleistungsf\u00e4hige Schwei\u00dfhaube aus Leder mit einfach absetzbarem Helm sorgt f\u00fcr eine uneingeschr\u00e4nkte Atmung und Oberk\u00f6rperschutz, der f\u00fcr die Sicherheit des Schwei\u00dfers h\u00f6chste Priorit\u00e4t hat. Sie eignet sich perfekt f\u00fcr Arbeiten in engen R\u00e4umen. Mit kompaktem Designs und absetzbarem Schutzhelm kann der Schwei\u00dfer in R\u00e4ume arbeiten, die f\u00fcr einem herk\u00f6mmlichen Helm zu eng sind. Die Schwei\u00dfhaube ist f\u00fcr den Einsatz mit dem Druckluftsystem CleanAIR\u00ae<\/p>\n<p><a class=\"more-link\" href=\"https:\/\/www.clean-air.cz\/de\/hauben\/schweishauben\/schweishaube-cleanair-ares-ii\/\">Weiterlesen<\/a><\/p>\n","protected":false},"author":11,"featured_media":0,"parent":4250,"menu_order":0,"comment_status":"closed","ping_status":"closed","template":"","meta":{"footnotes":""},"_links":{"self":[{"href":"https:\/\/www.clean-air.cz\/de\/wp-json\/wp\/v2\/pages\/3843"}],"collection":[{"href":"https:\/\/www.clean-air.cz\/de\/wp-json\/wp\/v2\/pages"}],"about":[{"href":"https:\/\/www.clean-air.cz\/de\/wp-json\/wp\/v2\/types\/page"}],"author":[{"embeddable":true,"href":"https:\/\/www.clean-air.cz\/de\/wp-json\/wp\/v2\/users\/11"}],"replies":[{"embeddable":true,"href":"https:\/\/www.clean-air.cz\/de\/wp-json\/wp\/v2\/comments?post=3843"}],"version-history":[{"count":0,"href":"https:\/\/www.clean-air.cz\/de\/wp-json\/wp\/v2\/pages\/3843\/revisions"}],"up":[{"embeddable":true,"href":"https:\/\/www.clean-air.cz\/de\/wp-json\/wp\/v2\/pages\/4250"}],"wp:attachment":[{"href":"https:\/\/www.clean-air.cz\/de\/wp-json\/wp\/v2\/media?parent=3843"}],"curies":[{"name":"wp","href":"https:\/\/api.w.org\/{rel}","templated":true}]}}