{"id":3833,"date":"2018-12-18T13:25:50","date_gmt":"2018-12-18T12:25:50","guid":{"rendered":"https:\/\/www.clean-air.cz\/schweishaube-ca-29-evolve\/"},"modified":"2026-03-27T14:36:08","modified_gmt":"2026-03-27T13:36:08","slug":"schweishaube-ca-29-evolve","status":"publish","type":"page","link":"https:\/\/www.clean-air.cz\/de\/hauben\/schweishauben\/schweishaube-ca-29-evolve\/","title":{"rendered":"Schwei\u00dfhaube CA-29 Evolve"},"content":{"rendered":"<p>[vc_row][vc_column width=&#8221;1\/2&#8243;][vc_gallery interval=&#8221;0&#8243; images=&#8221;22366&#8243; img_size=&#8221;large&#8221;][\/vc_column][vc_column width=&#8221;1\/2&#8243;][vc_column_text]<\/p>\n<h4><span style=\"color: #be0300;\">Discontinued starting April 2026.<\/span><br \/>\nAll the consumables and spare parts remains available untill further notice.<\/h4>\n<p>[\/vc_column_text][vc_column_text]<\/p>\n<p><strong><span style=\"font-size: 14pt; color: #be0300;\">Eine ergonomische und leichte, hochklappbare L\u00f6sung mit automatisch verdunkelndem Schwei\u00dffilter und Schutzvisier. Dank stabiler aufklappbarer Schwei\u00dfblende bietet sie hervorragenden Schutz beim Schleifen, Schwei\u00dfen und der anschlie\u00dfenden Oberfl\u00e4chenbearbeitung. Das hochklappbare Vorderteil kann f\u00fcr eine ungest\u00f6rte und weite Sicht \u00fcber den Helm geschoben werden. Der einzigartige Klappmechanismus optimiert den Schwerpunkt und macht die Haube kompakter.<\/span><\/strong><\/p>\n<p>Der hochklappbare Schwei\u00dfschirm hat einen automatisch verdunkelnden Filter oder passiven Schwei\u00dffilters mit einer Standardabmessung von 110 x 90 mm. Das breite gew\u00f6lbte Visier erm\u00f6glicht ungest\u00f6rte Sicht in alle Richtungen und erf\u00fcllt die mittleren Anforderungen an die Schlagfestigkeit \u201eB\u201c gem\u00e4\u00df EN 166. CA-29 Evolve ist f\u00fcr den Einsatz mit CleanAIR\u00ae PAPR-Ger\u00e4ten oder CleanAIR\u00ae-Druckluftsystemen bestimmt, die den Atemweg vor sch\u00e4dlichen Luftverunreinigungen sch\u00fctzen.<\/p>\n<p>[\/vc_column_text][\/vc_column][\/vc_row][vc_row][vc_column][vc_tta_tabs style=&#8221;modern&#8221; shape=&#8221;square&#8221; active_section=&#8221;1&#8243; no_fill_content_area=&#8221;true&#8221; title=&#8221;Details&#8221;][vc_tta_section i_icon_fontawesome=&#8221;fa fa-industry&#8221; add_icon=&#8221;true&#8221; title=&#8221;Anwendungsbereiche&#8221; tab_id=&#8221;1513150336358-68add988-e9ea&#8221;][vc_column_text]<\/p>\n<p><span style=\"color: #be0300;\"><strong>Anwendungsbereiche<\/strong><\/span><\/p>\n<p>Die Schwei\u00dfhaube CA-29 kommt in vielen Branchen wie der Bauindustrie, Automobilindustrie, im Schiffbau, in schwerindustrielle Umgebungen zum Einsatz. Sie eignet sich f\u00fcr die meisten Schwei\u00dfverfahren und anschlie\u00dfenden Reinigungs- und Schleifvorg\u00e4nge.<\/p>\n<p>[\/vc_column_text][\/vc_tta_section][vc_tta_section i_icon_fontawesome=&#8221;fa fa-thumbs-o-up&#8221; add_icon=&#8221;true&#8221; title=&#8221;Merkmale und Vorteile&#8221; tab_id=&#8221;1513150336359-b7b65468-8021&#8243;][vc_column_text]<\/p>\n<p><span style=\"color: #be0300;\"><strong>Funktionen und Vorteile<\/strong><\/span><\/p>\n<ul>\n<li>Schwei\u00df- und gleichzeitig Schleifschutz<\/li>\n<li>Kompaktes und robustes Design<\/li>\n<li>Leicht, gut ausbalanciert und bequem<\/li>\n<li>Gro\u00dfes gew\u00f6lbtes Visier 170 x 95 mm<\/li>\n<li>Kompatibel mit ADF oder passiven Filtern 110 x 90 mm<\/li>\n<li>Bequemes, einfach anpassbares Kopfband<\/li>\n<li>Einfach auszutauschende Ersatzteile<\/li>\n<li>Mit CleanAIR\u00ae PAPR-Ger\u00e4ten und Druckluftsystemen kompatibel<\/li>\n<\/ul>\n<p>[\/vc_column_text][\/vc_tta_section][vc_tta_section i_icon_fontawesome=&#8221;fa fa-cog&#8221; add_icon=&#8221;true&#8221; title=&#8221;Kompletts\u00e4tze, Zubeh\u00f6r, Filter&#8221; tab_id=&#8221;1513153137048-5f8c31c5-30ea&#8221;][vc_column_text]<\/p>\n<table style=\"width: 97.099%; height: 408px;\">\n<tbody>\n<tr style=\"height: 24px;\">\n<td style=\"text-align: left; height: 24px; width: 99.8294%;\" colspan=\"2\"><span style=\"color: #be0300;\"><strong>Kompletthauben<\/strong><\/span><\/td>\n<\/tr>\n<tr style=\"height: 24px;\">\n<td style=\"text-align: left; height: 24px; width: 85.3242%;\">Schwei\u00dfhaube CA-29 Evolve mit Luftverteilung und ADF V9-13 DS ADC<\/td>\n<td style=\"text-align: center; height: 24px; width: 14.5051%;\">70 29 01<\/td>\n<\/tr>\n<tr style=\"height: 24px;\">\n<td style=\"text-align: left; height: 24px; width: 85.3242%;\">Schwei\u00dfhaube CA-29, ADF AerTEC\u2122 X100 V9-13 mit Luftverteilung<\/td>\n<td style=\"text-align: center; height: 24px; width: 14.5051%;\">70 29 02<\/td>\n<\/tr>\n<tr style=\"height: 24px;\">\n<td style=\"text-align: left; height: 24px; width: 85.3242%;\">Schwei\u00dfhaube CA-29 Farbe, ADF AerTEC\u2122 X110 V9-13 mit Luftverteilung<\/td>\n<td style=\"text-align: center; height: 24px; width: 14.5051%;\">70 29 02TC<\/td>\n<\/tr>\n<tr style=\"height: 24px;\">\n<td style=\"text-align: left; height: 24px; width: 85.3242%;\">Schwei\u00dfhaube CA-29 Evolve mit Luftverteilung und passivem Filter Nr. 10<\/td>\n<td style=\"text-align: center; height: 24px; width: 14.5051%;\">70 29 00<\/td>\n<\/tr>\n<tr style=\"height: 24px;\">\n<td style=\"text-align: left; height: 24px; width: 99.8294%;\" colspan=\"2\"><span style=\"color: #be0300;\"><strong>Ersatzteile, Zubeh\u00f6r<\/strong><\/span><\/td>\n<\/tr>\n<tr style=\"height: 24px;\">\n<td style=\"text-align: left; height: 24px; width: 85.3242%;\">Schwei\u00dfhaube Evermatic Evolve mit passivem Filter Nr. 10 ohne Luftverteilung<\/td>\n<td style=\"text-align: center; height: 24px; width: 14.5051%;\">40 29 00<\/td>\n<\/tr>\n<tr style=\"height: 24px;\">\n<td style=\"text-align: left; height: 24px; width: 85.3242%;\">Schwei\u00dfhaube Evermatic Evolve mit ADF V9-13 DS ADC ohne Luftverteilung<\/td>\n<td style=\"text-align: center; height: 24px; width: 14.5051%;\">40 29 01<\/td>\n<\/tr>\n<tr style=\"height: 24px;\">\n<td style=\"text-align: left; height: 24px; width: 85.3242%;\">Schwei\u00dfhaube CA-29 Evolve mit Luftverteilung und passivem Filter Nr. 10<\/td>\n<td style=\"text-align: center; height: 24px; width: 14.5051%;\">70 29 00<\/td>\n<\/tr>\n<tr style=\"height: 24px;\">\n<td style=\"text-align: left; height: 24px; width: 85.3242%;\">Schwei\u00dfhaube CA-29 Evolve mit Luftverteilung und ADF V9-13 DS ADC<\/td>\n<td style=\"text-align: center; height: 24px; width: 14.5051%;\">70 29 01<\/td>\n<\/tr>\n<tr style=\"height: 24px;\">\n<td style=\"text-align: left; height: 24px; width: 85.3242%;\">Sicherheitsplatte Vorderseite \u2013 110 x 90 mm\/1 mm<\/td>\n<td style=\"text-align: center; height: 24px; width: 14.5051%;\">*110\/90\/1<\/td>\n<\/tr>\n<tr style=\"height: 24px;\">\n<td style=\"text-align: left; height: 24px; width: 85.3242%;\">Schwei\u00dffilter mit automatischer Verdunkelung AerTEC\u2122 X100 4\/9-13<\/td>\n<td style=\"text-align: center; height: 24px; width: 14.5051%;\">40 51 00<\/td>\n<\/tr>\n<tr style=\"height: 24px;\">\n<td style=\"text-align: left; height: 24px; width: 85.3242%;\">Schwei\u00dffilter mit automatischer Verdunkelung AerTEC\u2122 X110 True Colour<\/td>\n<td style=\"text-align: center; height: 24px; width: 14.5051%;\">40 51 10<\/td>\n<\/tr>\n<tr style=\"height: 24px;\">\n<td style=\"text-align: left; height: 24px; width: 85.3242%;\">Schwei\u00dfband CleanAIR\u00ae \u2013 10 St\u00fcck Paket<\/td>\n<td style=\"text-align: center; height: 24px; width: 14.5051%;\">16 70 01\/10<\/td>\n<\/tr>\n<tr style=\"height: 24px;\">\n<td style=\"text-align: left; height: 24px; width: 85.3242%;\">Filter mit automatischer Verdunkelung Balder V9-13 ADC<\/td>\n<td style=\"text-align: center; height: 24px; width: 14.5051%;\">40 50 25<\/td>\n<\/tr>\n<tr style=\"height: 24px;\">\n<td style=\"text-align: left; height: 24px; width: 85.3242%;\">Schleifvisier, Polycarbonat<\/td>\n<td style=\"text-align: center; height: 24px; width: 14.5051%;\">70 29 20<\/td>\n<\/tr>\n<tr style=\"height: 24px;\">\n<td style=\"text-align: left; height: 24px; width: 85.3242%;\">Gesichtsabdichtung f\u00fcr Schwei\u00dfhauben \u2013 universell<\/td>\n<td style=\"text-align: center; height: 24px; width: 14.5051%;\">70 21 53<\/td>\n<\/tr>\n<tr>\n<td style=\"text-align: left; width: 85.3242%;\">Kopfband CA-29 Evolve mit Schwei\u00dfbandset<\/td>\n<td style=\"text-align: center; width: 14.5051%;\">70 29 41<\/td>\n<\/tr>\n<tr>\n<td style=\"text-align: left; width: 85.3242%;\">Montagesatz f\u00fcr Kopfband Evolve<\/td>\n<td style=\"text-align: center; width: 14.5051%;\">70 29 42<\/td>\n<\/tr>\n<tr>\n<td style=\"text-align: left; width: 85.3242%;\">Aufklappbares Visier<\/td>\n<td style=\"text-align: center; width: 14.5051%;\">70 29 45<\/td>\n<\/tr>\n<tr>\n<td style=\"text-align: left; width: 85.3242%;\">Luftkanal QuickLOCK\u2122<\/td>\n<td style=\"text-align: center; width: 14.5051%;\">71 04 50QL<\/td>\n<\/tr>\n<\/tbody>\n<\/table>\n<p>&nbsp;<br \/>\n[\/vc_column_text][\/vc_tta_section][vc_tta_section i_icon_fontawesome=&#8221;fa fa-wrench&#8221; add_icon=&#8221;true&#8221; title=&#8221;Technische Daten&#8221; tab_id=&#8221;1513153797992-792040b0-82c9&#8243;][vc_column_text]<\/p>\n<table>\n<tbody>\n<tr>\n<td style=\"text-align: left;\" colspan=\"2\"><span style=\"color: #be0300;\"><strong>Technical data<\/strong><\/span><\/td>\n<\/tr>\n<tr>\n<td style=\"text-align: left;\">Gewicht<\/td>\n<td style=\"text-align: center;\">560 g<\/td>\n<\/tr>\n<tr>\n<td style=\"text-align: left;\">ADF Abmessung<\/td>\n<td style=\"text-align: center;\">110\u00d790 mm<\/td>\n<\/tr>\n<tr>\n<td style=\"text-align: left;\">Sichtfeld<\/td>\n<td style=\"text-align: center;\">95&#215;46,5 mm Balder V9-13DS<br \/>\n100\u00d753 mm AerTEC\u2122 X100\/X110 V9-13<\/td>\n<\/tr>\n<tr>\n<td style=\"text-align: left;\">Schleifschirmabmessungen<\/td>\n<td style=\"text-align: center;\">165&#215;95 mm<\/td>\n<\/tr>\n<tr>\n<td style=\"text-align: left;\">Schlauchanschluss<\/td>\n<td style=\"text-align: center;\">QuickLOCK\u2122<\/td>\n<\/tr>\n<tr>\n<td style=\"text-align: left;\">Schutzfaktor<\/td>\n<td style=\"text-align: center;\">50<\/td>\n<\/tr>\n<tr>\n<td style=\"text-align: left;\">Zertifizierung<\/td>\n<td style=\"text-align: center;\">EN 12941 TH2, EN 14594 2A\/2B,<br \/>\nEN 175 B, EN 166 B, EN 379 1\/1\/1\/2<\/td>\n<\/tr>\n<\/tbody>\n<\/table>\n<p>&nbsp;<br \/>\n[\/vc_column_text][\/vc_tta_section][vc_tta_section i_icon_fontawesome=&#8221;fa fa-download&#8221; add_icon=&#8221;true&#8221; title=&#8221;Downloads&#8221; tab_id=&#8221;1513154098935-95c74e4f-fa1e&#8221;][vc_column_text]<strong><a href=\"https:\/\/www.clean-air.cz\/wp-content\/uploads\/2020\/01\/DA-036_-_702901_-_CA-29_Evolve_-_EN.pdf\">DA-036_-_702901_-_CA-29_Evolve_-_EN<\/a><\/strong><\/p>\n<p><strong><a href=\"https:\/\/www.clean-air.cz\/wp-content\/uploads\/2019\/11\/User-manual-CNA-044-R03-CA-29-Evolve-Evermatic-Evolve-70-29-00-ver-1.1.1-pro-tisk-ob\u00e1lka.pdf\" target=\"_blank\" rel=\"noopener noreferrer\">User manual &#8211; CNA-044-R03 &#8211; CA-29 Evolve + Evermatic Evolve &#8211; 70 29 00\u00a0<\/a><\/strong><\/p>\n<p><strong><a href=\"https:\/\/www.clean-air.cz\/wp-content\/uploads\/2018\/10\/PS-702900-1-R0-CA-29.pdf\" target=\"_blank\" rel=\"noopener noreferrer\">Declaration of confornity &#8211; 702900-1-R0 CA-29<\/a><\/strong>[\/vc_column_text][\/vc_tta_section][vc_tta_section i_icon_fontawesome=&#8221;fa fa-picture-o&#8221; add_icon=&#8221;true&#8221; title=&#8221;Galerie&#8221; tab_id=&#8221;1515415801460-0c2258c9-4574&#8243;][vc_gallery type=&#8221;image_grid&#8221; images=&#8221;7655,7670,7656,7665,7680,7675&#8243; img_size=&#8221;medium&#8221; css_animation=&#8221;fadeIn&#8221; css=&#8221;.vc_custom_1574677359751{padding-left: 280px !important;}&#8221; el_class=&#8221;ca-29_gallery&#8221;][\/vc_tta_section][\/vc_tta_tabs][\/vc_column][\/vc_row]<\/p>\n","protected":false},"excerpt":{"rendered":"<p>[vc_row][vc_column width=&#8221;1\/2&#8243;][vc_gallery interval=&#8221;0&#8243; images=&#8221;22366&#8243; img_size=&#8221;large&#8221;][\/vc_column][vc_column width=&#8221;1\/2&#8243;][vc_column_text] Discontinued starting April 2026. All the consumables and spare parts remains available untill further notice. [\/vc_column_text][vc_column_text] Eine ergonomische und leichte, hochklappbare L\u00f6sung mit automatisch verdunkelndem Schwei\u00dffilter und Schutzvisier. Dank stabiler aufklappbarer Schwei\u00dfblende bietet sie hervorragenden Schutz beim Schleifen, Schwei\u00dfen und der anschlie\u00dfenden Oberfl\u00e4chenbearbeitung. Das hochklappbare Vorderteil kann f\u00fcr eine ungest\u00f6rte und weite Sicht \u00fcber den Helm geschoben werden. Der einzigartige Klappmechanismus optimiert den Schwerpunkt<\/p>\n<p><a class=\"more-link\" href=\"https:\/\/www.clean-air.cz\/de\/hauben\/schweishauben\/schweishaube-ca-29-evolve\/\">Weiterlesen<\/a><\/p>\n","protected":false},"author":11,"featured_media":0,"parent":4250,"menu_order":0,"comment_status":"closed","ping_status":"closed","template":"","meta":{"footnotes":""},"_links":{"self":[{"href":"https:\/\/www.clean-air.cz\/de\/wp-json\/wp\/v2\/pages\/3833"}],"collection":[{"href":"https:\/\/www.clean-air.cz\/de\/wp-json\/wp\/v2\/pages"}],"about":[{"href":"https:\/\/www.clean-air.cz\/de\/wp-json\/wp\/v2\/types\/page"}],"author":[{"embeddable":true,"href":"https:\/\/www.clean-air.cz\/de\/wp-json\/wp\/v2\/users\/11"}],"replies":[{"embeddable":true,"href":"https:\/\/www.clean-air.cz\/de\/wp-json\/wp\/v2\/comments?post=3833"}],"version-history":[{"count":0,"href":"https:\/\/www.clean-air.cz\/de\/wp-json\/wp\/v2\/pages\/3833\/revisions"}],"up":[{"embeddable":true,"href":"https:\/\/www.clean-air.cz\/de\/wp-json\/wp\/v2\/pages\/4250"}],"wp:attachment":[{"href":"https:\/\/www.clean-air.cz\/de\/wp-json\/wp\/v2\/media?parent=3833"}],"curies":[{"name":"wp","href":"https:\/\/api.w.org\/{rel}","templated":true}]}}