{"id":3821,"date":"2018-12-17T13:37:44","date_gmt":"2018-12-17T12:37:44","guid":{"rendered":"https:\/\/www.clean-air.cz\/schweishaube-ca-27-yoga\/"},"modified":"2025-08-14T11:29:04","modified_gmt":"2025-08-14T09:29:04","slug":"schweishaube-ca-27-yoga","status":"publish","type":"page","link":"https:\/\/www.clean-air.cz\/de\/hauben\/schweishauben\/schweishaube-ca-27-yoga\/","title":{"rendered":"Schwei\u00dfhaube CA-27 YOGA"},"content":{"rendered":"<p>[vc_row][vc_column width=&#8221;1\/2&#8243;][vc_gallery interval=&#8221;0&#8243; images=&#8221;10535,10540,10545,10550&#8243; img_size=&#8221;full&#8221;][\/vc_column][vc_column width=&#8221;1\/2&#8243;][vc_column_text]<strong><span style=\"font-size: 14pt; color: #be0300;\">AerTEC\u2122 YOGA ist ein Schwei\u00dfhelm in hoher Qualit\u00e4t zu einem erschwinglichen Preis. Das neue Konzept umfasst einen leichten, aber robusten Schwei\u00dfschirm in Kombination mit dem hochwertigen Filter AerTEC\u2122 X100 mit automatischer Verdunklung oder AerTEC\u2122 X110 True Colour mit automatischer Verdunklung.<\/span><\/strong><\/p>\n<p>Dieser Helm eignet sich f\u00fcr die meisten Schwei\u00dfmethoden, darunter WIG-Schwei\u00dfen, auch bei niedrigen Schwei\u00dfstr\u00f6men. In Kombination mit dem CleanAIR\u00ae Atemschutzger\u00e4t oder Luftschlauchsystem bietet es verbesserten Schutz vor Gefahrstoff-Kontamination in stark belasteten Schwei\u00dfumgebungen.[\/vc_column_text][\/vc_column][\/vc_row][vc_row][vc_column][vc_tta_tabs style=&#8221;modern&#8221; shape=&#8221;square&#8221; active_section=&#8221;1&#8243; no_fill_content_area=&#8221;true&#8221; title=&#8221;Details&#8221;][vc_tta_section i_icon_fontawesome=&#8221;fa fa-industry&#8221; add_icon=&#8221;true&#8221; title=&#8221;Anwendungsbereiche&#8221; tab_id=&#8221;1513150336358-68add988-e9ea&#8221;][vc_column_text]<span style=\"color: #be0300;\"><strong>Anwendungsbereiche<\/strong><\/span><\/p>\n<ul>\n<li>Geeignet f\u00fcr alle Schwei\u00dfverfahren, darunter WIG sogar bei sehr niedrigen Schwei\u00dfstr\u00f6men.<\/li>\n<\/ul>\n<p>[\/vc_column_text][\/vc_tta_section][vc_tta_section i_icon_fontawesome=&#8221;fa fa-thumbs-o-up&#8221; add_icon=&#8221;true&#8221; title=&#8221;Merkmale und Vorteile&#8221; tab_id=&#8221;1513150336359-b7b65468-8021&#8243;][vc_column_text]<span style=\"color: #be0300;\"><strong>Merkmale und Vorteile<\/strong><\/span><\/p>\n<ul>\n<li>Vorteilhaftes Preis-Leistungsverh\u00e4ltnis<\/li>\n<li>Hochwertiger Filter mit automatischer Verdunklung, optische Qualit\u00e4t 1\/1\/1\/2<\/li>\n<li>Optional mit True Colour Technology ADF<\/li>\n<li>Leicht und komfortabel<\/li>\n<li>Vergr\u00f6\u00dfertes Sichtfeld 100 x 53 mm<\/li>\n<li>Kontinuierliche Farbeinstellung 9 bis 13<\/li>\n<li>Gro\u00dfer Bereich der einstellbaren Sensorempfindlichkeit<\/li>\n<li>Individuellen Verz\u00f6gerungseinstellungen<\/li>\n<li>Schleifmodus<\/li>\n<\/ul>\n<p>[\/vc_column_text][\/vc_tta_section][vc_tta_section i_icon_fontawesome=&#8221;fa fa-cog&#8221; add_icon=&#8221;true&#8221; title=&#8221;Kompletts\u00e4tze, Zubeh\u00f6r, Filter&#8221; tab_id=&#8221;1513153137048-5f8c31c5-30ea&#8221;][vc_column_text]<\/p>\n<table style=\"width: 103.68%;\">\n<tbody>\n<tr>\n<td style=\"text-align: left; width: 103.495%;\" colspan=\"2\"><span style=\"color: #be0300;\"><strong>Kompletts\u00e4tze<\/strong><\/span><\/td>\n<\/tr>\n<tr>\n<td style=\"text-align: left; width: 86.7768%;\">Schwei\u00dfhaube CA-27 YOGA mit Luftverteilung und ADF AerTEC\u2122 X100 4\/9-13<\/td>\n<td style=\"text-align: center; width: 16.7178%;\">70 27 01<\/td>\n<\/tr>\n<tr>\n<td style=\"text-align: left; width: 86.7768%;\">Schwei\u00dfhelm CA-27 YOGA mit Luftverteilung und ADF AerTEC\u2122 X110 True Colour 4\/9-13<\/td>\n<td style=\"text-align: center; width: 16.7178%;\">70 27 01TC<\/td>\n<\/tr>\n<tr>\n<td style=\"text-align: left; width: 86.7768%;\">Schwei\u00dfhelm CA-27 YOGA mit Luftverteilung, ohne ADF<\/td>\n<td style=\"text-align: center; width: 16.7178%;\">70 27 97<\/td>\n<\/tr>\n<tr>\n<td style=\"text-align: left; width: 86.7768%;\">Zubeh\u00f6rpaket Ready to Weld f\u00fcr CA-27 YOGA ADF 9-13TC<br \/>\n+ CleanAIR\u00ae Basic mit Komfortg\u00fcrtel, Ladeger\u00e4t, Akku, Str\u00f6mungsanzeige, leichtem flexiblem QuickLOCK\u2122 Schlauch, Tasche.<\/td>\n<td style=\"text-align: center; width: 16.7178%;\">81 27 01TC<\/td>\n<\/tr>\n<tr>\n<td style=\"text-align: left; width: 86.7768%;\">Schwei\u00dfzubeh\u00f6rpaket Ready to Weld der CA-27 YOGA ADF 9-13 +<br \/>\nCleanAIR\u00ae Basic mit Komfortg\u00fcrtel, Ladeger\u00e4t, Akku, Str\u00f6mungsanzeige, leichtem flexiblem QuickLOCK\u2122 Schlauch und Tasche.<\/td>\n<td style=\"text-align: center; width: 16.7178%;\">81 27 01<\/td>\n<\/tr>\n<tr>\n<td style=\"text-align: left; width: 103.495%;\" colspan=\"2\"><span style=\"color: #be0300;\"><strong>Ersatzteile, Zubeh\u00f6r<\/strong><\/span><\/td>\n<\/tr>\n<tr>\n<td style=\"text-align: left; width: 86.7768%;\">Schwei\u00dfhaube AerTEC\u00ae YOGA mit ADF AerTEC\u00ae X100 4\/9-13<\/td>\n<td style=\"text-align: center; width: 16.7178%;\">40 27 01<\/td>\n<\/tr>\n<tr>\n<td style=\"text-align: left; width: 86.7768%;\">Schwei\u00dfhaube CA-27 mit Luftverteilung und ADF AerTEC\u00ae X100 4\/9-13<\/td>\n<td style=\"text-align: center; width: 16.7178%;\">70 27 01<\/td>\n<\/tr>\n<tr>\n<td style=\"text-align: left; width: 86.7768%;\">Schutzplatte au\u00dfen f\u00fcr CA-27 YOGA (114 x 104 mm)<\/td>\n<td style=\"text-align: center; width: 16.7178%;\">*114\/104<\/td>\n<\/tr>\n<tr>\n<td style=\"text-align: left; width: 86.7768%;\">Schutzplatte innen f\u00fcr CA-27 YOGA (106 x 58 mm)<\/td>\n<td style=\"text-align: center; width: 16.7178%;\">*106\/58<\/td>\n<\/tr>\n<tr>\n<td style=\"text-align: left; width: 86.7768%;\">Schwei\u00dfhaube AerTEC\u00ae YOGA ohne Luftverteilung, ohne ADF<\/td>\n<td style=\"text-align: center; width: 16.7178%;\">40 27 97<\/td>\n<\/tr>\n<tr>\n<td style=\"text-align: left; width: 86.7768%;\">Schwei\u00dffilter mit automatischer Verdunkelung AerTEC\u2122 X100 4\/9-13<\/td>\n<td style=\"text-align: center; width: 16.7178%;\">40 51 00<\/td>\n<\/tr>\n<tr>\n<td style=\"text-align: left; width: 86.7768%;\">Schwei\u00dffilter mit automatischer Verdunkelung AerTEC\u2122 X110 True Colour, 9-13<\/td>\n<td style=\"text-align: center; width: 16.7178%;\">40 51 10<\/td>\n<\/tr>\n<tr>\n<td style=\"text-align: left; width: 86.7768%;\">Bausatz f\u00fcr eine Schwei\u00dfhaube mit Gesichtsabdichtung und Luftkanal<\/td>\n<td style=\"text-align: center; width: 16.7178%;\">44 00 85QL<\/td>\n<\/tr>\n<tr>\n<td style=\"text-align: left; width: 86.7768%;\">Gesichtsabdichtung f\u00fcr Schwei\u00dfhelm \u2013 universell<\/td>\n<td style=\"text-align: center; width: 16.7178%;\">70 21 53<\/td>\n<\/tr>\n<tr>\n<td style=\"text-align: left; width: 86.7768%;\">Kopfband AerTEC\u2122 YOGA<\/td>\n<td style=\"text-align: center; width: 16.7178%;\">70 27 41<\/td>\n<\/tr>\n<tr>\n<td style=\"text-align: left; width: 86.7768%;\">Schwei\u00dfhaube CA-27 YOGA mit Luftverteilung, ohne ADF<\/td>\n<td style=\"text-align: center; width: 16.7178%;\">70 27 97<\/td>\n<\/tr>\n<\/tbody>\n<\/table>\n<p>[\/vc_column_text][\/vc_tta_section][vc_tta_section i_icon_fontawesome=&#8221;fa fa-wrench&#8221; add_icon=&#8221;true&#8221; title=&#8221;Technische Daten&#8221; tab_id=&#8221;1513153797992-792040b0-82c9&#8243;][vc_column_text]<\/p>\n<table>\n<tbody>\n<tr>\n<td style=\"text-align: left;\" colspan=\"2\"><span style=\"color: #be0300;\"><strong>Technische Daten<\/strong><\/span><\/td>\n<\/tr>\n<tr>\n<td style=\"text-align: left;\">Gewicht<\/td>\n<td style=\"text-align: center;\">650 g<\/td>\n<\/tr>\n<tr>\n<td style=\"text-align: left;\">ADF Abmessung<\/td>\n<td style=\"text-align: center;\">110\u00d790 mm<\/td>\n<\/tr>\n<tr>\n<td style=\"text-align: left;\">Sichtfeld<\/td>\n<td style=\"text-align: center;\">100\u00d753 mm<\/td>\n<\/tr>\n<tr>\n<td style=\"text-align: left;\">Schlauchanschluss<\/td>\n<td style=\"text-align: center;\">QuickLOCK\u2122<\/td>\n<\/tr>\n<tr>\n<td style=\"text-align: left;\">Nennschutzfaktor (NPF)<\/td>\n<td style=\"text-align: center;\">50<\/td>\n<\/tr>\n<tr>\n<td style=\"text-align: left;\">Zertifizierung<\/td>\n<td style=\"text-align: center;\">EN 12941 TH2, EN 14594 2A\/2B, EN 175 B, EN 379 1\/1\/1\/2<\/td>\n<\/tr>\n<\/tbody>\n<\/table>\n<p>[\/vc_column_text][\/vc_tta_section][vc_tta_section i_icon_fontawesome=&#8221;fa fa-download&#8221; add_icon=&#8221;true&#8221; title=&#8221;Downloads&#8221; tab_id=&#8221;1513154098935-95c74e4f-fa1e&#8221;][vc_column_text]<strong><a href=\"https:\/\/www.clean-air.cz\/wp-content\/uploads\/2024\/04\/User-manual_CNA-070-R06_CA-27-YOGA_DIGI.pdf\">User manual_CA-27 YOGA<\/a><\/strong><\/p>\n<p><strong><a href=\"https:\/\/www.clean-air.cz\/wp-content\/uploads\/2019\/11\/DA-073-40-27-01-AerTEC-YOGA-EN-2.pdf\" target=\"_blank\" rel=\"noopener noreferrer\">Datasheet &#8211; AerTEC YOGA &#8211; 40 27 01 &#8211; EN<\/a><\/strong><\/p>\n<p><strong><a href=\"https:\/\/www.clean-air.cz\/wp-content\/uploads\/2019\/11\/DA-066-70-27-01-CA-27-YOGA-EN-2.pdf\" target=\"_blank\" rel=\"noopener noreferrer\">Datasheet &#8211; AerTEC YOGA &#8211; 70 27 01 &#8211; EN<\/a><\/strong><\/p>\n<p><strong><a href=\"https:\/\/www.clean-air.cz\/wp-content\/uploads\/2024\/05\/PS-702700-1-R1-CA-27.pdf\">Declaration of conformity_PS-702700-1-R1 CA-27<\/a><\/strong>[\/vc_column_text][\/vc_tta_section][vc_tta_section i_icon_fontawesome=&#8221;fa fa-picture-o&#8221; add_icon=&#8221;true&#8221; title=&#8221;Galerie&#8221; tab_id=&#8221;1515415801460-0c2258c9-4574&#8243;][vc_gallery type=&#8221;image_grid&#8221; images=&#8221;7615,7625&#8243; img_size=&#8221;medium&#8221; css_animation=&#8221;fadeIn&#8221; css=&#8221;.vc_custom_1574767866511{padding-left: 280px !important;}&#8221; el_class=&#8221;ca-27_gallery&#8221;][\/vc_tta_section][\/vc_tta_tabs][\/vc_column][\/vc_row]<\/p>\n","protected":false},"excerpt":{"rendered":"<p>[vc_row][vc_column width=&#8221;1\/2&#8243;][vc_gallery interval=&#8221;0&#8243; images=&#8221;10535,10540,10545,10550&#8243; img_size=&#8221;full&#8221;][\/vc_column][vc_column width=&#8221;1\/2&#8243;][vc_column_text]AerTEC\u2122 YOGA ist ein Schwei\u00dfhelm in hoher Qualit\u00e4t zu einem erschwinglichen Preis. Das neue Konzept umfasst einen leichten, aber robusten Schwei\u00dfschirm in Kombination mit dem hochwertigen Filter AerTEC\u2122 X100 mit automatischer Verdunklung oder AerTEC\u2122 X110 True Colour mit automatischer Verdunklung. Dieser Helm eignet sich f\u00fcr die meisten Schwei\u00dfmethoden, darunter WIG-Schwei\u00dfen, auch bei niedrigen Schwei\u00dfstr\u00f6men. In Kombination mit dem CleanAIR\u00ae Atemschutzger\u00e4t oder Luftschlauchsystem bietet es verbesserten<\/p>\n<p><a class=\"more-link\" href=\"https:\/\/www.clean-air.cz\/de\/hauben\/schweishauben\/schweishaube-ca-27-yoga\/\">Weiterlesen<\/a><\/p>\n","protected":false},"author":11,"featured_media":0,"parent":4250,"menu_order":0,"comment_status":"closed","ping_status":"closed","template":"","meta":{"footnotes":""},"_links":{"self":[{"href":"https:\/\/www.clean-air.cz\/de\/wp-json\/wp\/v2\/pages\/3821"}],"collection":[{"href":"https:\/\/www.clean-air.cz\/de\/wp-json\/wp\/v2\/pages"}],"about":[{"href":"https:\/\/www.clean-air.cz\/de\/wp-json\/wp\/v2\/types\/page"}],"author":[{"embeddable":true,"href":"https:\/\/www.clean-air.cz\/de\/wp-json\/wp\/v2\/users\/11"}],"replies":[{"embeddable":true,"href":"https:\/\/www.clean-air.cz\/de\/wp-json\/wp\/v2\/comments?post=3821"}],"version-history":[{"count":0,"href":"https:\/\/www.clean-air.cz\/de\/wp-json\/wp\/v2\/pages\/3821\/revisions"}],"up":[{"embeddable":true,"href":"https:\/\/www.clean-air.cz\/de\/wp-json\/wp\/v2\/pages\/4250"}],"wp:attachment":[{"href":"https:\/\/www.clean-air.cz\/de\/wp-json\/wp\/v2\/media?parent=3821"}],"curies":[{"name":"wp","href":"https:\/\/api.w.org\/{rel}","templated":true}]}}