{"id":3817,"date":"2018-12-17T13:14:36","date_gmt":"2018-12-17T12:14:36","guid":{"rendered":"https:\/\/www.clean-air.cz\/schutzhelm-ca-40gw\/"},"modified":"2025-08-14T11:26:09","modified_gmt":"2025-08-14T09:26:09","slug":"schutzhelm-ca-40gw","status":"publish","type":"page","link":"https:\/\/www.clean-air.cz\/de\/hauben\/schweishauben\/schutzhelm-ca-40gw\/","title":{"rendered":"Schutzhelm CA-40GW"},"content":{"rendered":"<p>[vc_row][vc_column width=&#8221;1\/2&#8243;][vc_gallery interval=&#8221;3&#8243; images=&#8221;14414,14456,14462,14468,14474,14480,14486,14492,14498,14504,14510&#8243; img_size=&#8221;large&#8221;][\/vc_column][vc_column width=&#8221;1\/2&#8243;][vc_column_text]<strong><span style=\"font-size: 14pt; color: #be0300;\">Safety helmet CA-40GW with grinding and welding shield<\/span><\/strong><\/p>\n<p>Eine konzeptionelle L\u00f6sung f\u00fcr gro\u00dfe industrielle Herausforderungen in drei individuellen Produktausf\u00fchrungen. Sie k\u00f6nnen den Schutzhelm mit einem Schwei\u00dfschirm oder einem Schleifvisier kombinieren oder sogar eine integrierte L\u00f6sung in einem einzigen Schutzger\u00e4t w\u00e4hlen.[\/vc_column_text][\/vc_column][\/vc_row][vc_row][vc_column][vc_tta_tabs style=&#8221;modern&#8221; shape=&#8221;square&#8221; active_section=&#8221;1&#8243; no_fill_content_area=&#8221;true&#8221; title=&#8221;Details&#8221;][vc_tta_section i_icon_fontawesome=&#8221;fa fa-industry&#8221; add_icon=&#8221;true&#8221; title=&#8221;Anwendungsbereiche&#8221; tab_id=&#8221;1513150336358-68add988-e9ea&#8221;][vc_column_text]<span style=\"color: #be0300;\"><strong>Areas of application<\/strong><\/span><\/p>\n<ul>\n<li>Heavy duty maintenance<\/li>\n<li>Automotive industry<\/li>\n<li>Shipbuilding<\/li>\n<li>Building construction<\/li>\n<\/ul>\n<p>[\/vc_column_text][\/vc_tta_section][vc_tta_section i_icon_fontawesome=&#8221;fa fa-thumbs-o-up&#8221; add_icon=&#8221;true&#8221; title=&#8221;Merkmale und Vorteile&#8221; tab_id=&#8221;1513150336359-b7b65468-8021&#8243;][vc_column_text]<span style=\"color: #be0300;\"><strong>Features &amp; Benefits<\/strong><\/span><\/p>\n<ul>\n<li>Multiple protection \u2013 5 levels of protection at once: eye, face, head, respiratory and optional<br \/>\nhearing protection<\/li>\n<li>Easy to wear, easy to use and easy to maintain system<\/li>\n<li>Comtaptible with ADFs or passive fi lters 110&#215;90 mm<\/li>\n<li>Superb quality spherical visor guarantees an excelent fi eld of vision<\/li>\n<li>Anti-fog coating prevents the visor from fogging<\/li>\n<li>Anti-scratch coating increases the mechanical durability of the visor<\/li>\n<li>Shade 4, shade 5 and yellow visors available<\/li>\n<li>Enhanced robustness &#8211; protection against high-speed particles with HIGH energy<\/li>\n<li>In-built air distribution system<\/li>\n<li>The highest standard in respiratory protection \u2013 TH3<\/li>\n<\/ul>\n<p>[\/vc_column_text][\/vc_tta_section][vc_tta_section i_icon_fontawesome=&#8221;fa fa-cog&#8221; add_icon=&#8221;true&#8221; title=&#8221;Kompletts\u00e4tze, Zubeh\u00f6r, Filter&#8221; tab_id=&#8221;1513153137048-5f8c31c5-30ea&#8221;][vc_column_text]<\/p>\n<table>\n<tbody>\n<tr>\n<td style=\"text-align: left;\" colspan=\"2\"><span style=\"color: #be0300;\"><strong>Complete hoods<\/strong><\/span><\/td>\n<\/tr>\n<tr>\n<td style=\"text-align: left;\">Safety helmet CA-40GW with grinding and welding shield<\/td>\n<td style=\"text-align: center;\">70 42 00<\/td>\n<\/tr>\n<tr>\n<td style=\"text-align: left;\">Safety helmet CA-40GW with grinding and welding shield<br \/>\n(including ADF AerTEC X110 )<\/td>\n<td style=\"text-align: center;\">70 42 03<\/td>\n<\/tr>\n<tr>\n<td style=\"text-align: left;\" colspan=\"2\"><span style=\"color: #be0300;\"><strong>Spare parts, accessories<\/strong><\/span><\/td>\n<\/tr>\n<tr>\n<td style=\"text-align: left;\">Spare welding shield CA-40GW (only for CA-40GW)<\/td>\n<td style=\"text-align: center;\">70 42 02<\/td>\n<\/tr>\n<tr>\n<td style=\"text-align: left;\">Spare grinding shield CA-40G<\/td>\n<td style=\"text-align: center;\">70 41 02<\/td>\n<\/tr>\n<tr>\n<td style=\"text-align: left;\">Protection film for grinding visor (pack of 10 pcs)<\/td>\n<td style=\"text-align: center;\">70 41 20<\/td>\n<\/tr>\n<tr>\n<td style=\"text-align: left;\">Face seal<\/td>\n<td style=\"text-align: center;\">70 40 60<\/td>\n<\/tr>\n<tr>\n<td style=\"text-align: left;\">Headband<\/td>\n<td style=\"text-align: center;\">70 40 41x<\/td>\n<\/tr>\n<tr>\n<td style=\"text-align: left;\">Neck and throat protection<\/td>\n<td style=\"text-align: center;\">70 40 65<\/td>\n<\/tr>\n<tr>\n<td style=\"text-align: left;\">Fixing screws<\/td>\n<td style=\"text-align: center;\">70 40 43<\/td>\n<\/tr>\n<tr>\n<td style=\"text-align: left;\">Sweatband<\/td>\n<td style=\"text-align: center;\">70 40 44<\/td>\n<\/tr>\n<tr>\n<td style=\"text-align: left;\">Earmuffs, No. 8<\/td>\n<td style=\"text-align: center;\">71 40 40<\/td>\n<\/tr>\n<tr>\n<td style=\"text-align: left;\">Earmuffs, No. 10<\/td>\n<td style=\"text-align: center;\">71 40 41<\/td>\n<\/tr>\n<tr>\n<td style=\"text-align: left;\">Earmuffs, No. 12<\/td>\n<td style=\"text-align: center;\">71 40 42<\/td>\n<\/tr>\n<tr>\n<td style=\"text-align: left;\">Outer protection plate polycarbonate<\/td>\n<td style=\"text-align: center;\">70 40 80<\/td>\n<\/tr>\n<tr>\n<td style=\"text-align: left;\">Inner protection plate, 107\u00d751 mm<\/td>\n<td style=\"text-align: center;\">*107\/51<\/td>\n<\/tr>\n<tr>\n<td style=\"text-align: left;\">Passive welding filter, shade 9<\/td>\n<td style=\"text-align: center;\">110\/90-09<\/td>\n<\/tr>\n<tr>\n<td style=\"text-align: left;\">Passive welding filter, shade 10<\/td>\n<td style=\"text-align: center;\">110\/90-10<\/td>\n<\/tr>\n<tr>\n<td style=\"text-align: left;\">Passive welding filter, shade 11<\/td>\n<td style=\"text-align: center;\">110\/90-11<\/td>\n<\/tr>\n<tr>\n<td style=\"text-align: left;\">Passive welding filter, shade 12<\/td>\n<td style=\"text-align: center;\">110\/90-12<\/td>\n<\/tr>\n<tr>\n<td style=\"text-align: left;\">Passive welding filter, shade 13<\/td>\n<td style=\"text-align: center;\">110\/90-13<\/td>\n<\/tr>\n<tr>\n<td style=\"text-align: left;\">Auto-darkening filter V9-13 ADC<\/td>\n<td style=\"text-align: center;\">40 50 25<\/td>\n<\/tr>\n<tr>\n<td style=\"text-align: left;\">Light flexi hose (QuickLOCK\u2122 &#8211; CA40x1\/7\u201c)<\/td>\n<td style=\"text-align: center;\">71 00 60<\/td>\n<\/tr>\n<\/tbody>\n<\/table>\n<p>[\/vc_column_text][\/vc_tta_section][vc_tta_section i_icon_fontawesome=&#8221;fa fa-wrench&#8221; add_icon=&#8221;true&#8221; title=&#8221;Technische Daten&#8221; tab_id=&#8221;1513153797992-792040b0-82c9&#8243;][vc_column_text]<\/p>\n<table>\n<tbody>\n<tr>\n<td style=\"text-align: left;\">Gewicht<\/td>\n<td style=\"text-align: center;\" colspan=\"2\">1 255 g<\/td>\n<\/tr>\n<tr>\n<td style=\"text-align: left;\">Abmessungen<\/td>\n<td style=\"text-align: center;\" colspan=\"2\">300 mm \/ 240 mm \/ 320 mm<\/td>\n<\/tr>\n<tr>\n<td style=\"text-align: left;\">Schwei\u00dffilterabmessungen<\/td>\n<td style=\"text-align: center;\" colspan=\"2\">110\u00d790 mm<\/td>\n<\/tr>\n<tr>\n<td style=\"text-align: left;\">Sichtbereich (ADF)<\/td>\n<td style=\"text-align: center;\" colspan=\"2\">95\u00d746,5 mm<\/td>\n<\/tr>\n<tr>\n<td style=\"text-align: left;\">Schleifvisier<\/td>\n<td style=\"text-align: center;\" colspan=\"2\">Polycarbonat, 280 \u00d7 150 mm<\/td>\n<\/tr>\n<tr>\n<td style=\"text-align: left;\">Farbe<\/td>\n<td style=\"text-align: center;\" colspan=\"2\">Metallic-Blau<\/td>\n<\/tr>\n<tr>\n<td style=\"text-align: left;\">Schutzfaktor (NPF)<\/td>\n<td style=\"text-align: center;\" colspan=\"2\">50<\/td>\n<\/tr>\n<tr>\n<td style=\"text-align: left;\">Zertifizierung<\/td>\n<td style=\"text-align: center;\" colspan=\"2\">EN 12941 TH2, EN 14594 2B,<br \/>\nEN 397, EN 175 S, B, EN 166 A*<\/td>\n<\/tr>\n<\/tbody>\n<\/table>\n<p>[\/vc_column_text][\/vc_tta_section][vc_tta_section i_icon_fontawesome=&#8221;fa fa-download&#8221; add_icon=&#8221;true&#8221; title=&#8221;Downloads&#8221; tab_id=&#8221;1513154098935-95c74e4f-fa1e&#8221;][vc_column_text]<a href=\"https:\/\/www.clean-air.cz\/wp-content\/uploads\/2023\/02\/User-manual_CNA-030-R07_CA-40-Safety-helmet_DIGI.pdf\">User manual_CNA-030-R07_CA-40 Safety helmet<\/a><\/p>\n<p><a href=\"https:\/\/www.clean-air.cz\/wp-content\/uploads\/2023\/11\/DA-007_-_704201_-_CA-40GW_-_EN.pdf\">Datasheet DA-007_-_704201_-_CA-40GW_-_EN<\/a><\/p>\n<p><a href=\"https:\/\/www.clean-air.cz\/wp-content\/uploads\/2024\/09\/PS-704000-1-R6-CA-40.pdf\">Declaration of confonfornity<\/a><a href=\"https:\/\/www.clean-air.cz\/wp-content\/uploads\/2024\/09\/PS-704000-1-R6-CA-40.pdf\">-704000-1-R6 CA-40<\/a>[\/vc_column_text][\/vc_tta_section][vc_tta_section i_icon_fontawesome=&#8221;fa fa-picture-o&#8221; add_icon=&#8221;true&#8221; title=&#8221;Galerie&#8221; tab_id=&#8221;1515415801460-0c2258c9-4574&#8243;][vc_gallery type=&#8221;image_grid&#8221; images=&#8221;7903,7898,7878,7883,7873&#8243; img_size=&#8221;medium&#8221; css_animation=&#8221;fadeIn&#8221; css=&#8221;.vc_custom_1574943621251{padding-left: 280px !important;}&#8221; el_class=&#8221;ca-40_gallery&#8221;][\/vc_tta_section][\/vc_tta_tabs][\/vc_column][\/vc_row]<\/p>\n","protected":false},"excerpt":{"rendered":"<p>[vc_row][vc_column width=&#8221;1\/2&#8243;][vc_gallery interval=&#8221;3&#8243; images=&#8221;14414,14456,14462,14468,14474,14480,14486,14492,14498,14504,14510&#8243; img_size=&#8221;large&#8221;][\/vc_column][vc_column width=&#8221;1\/2&#8243;][vc_column_text]Safety helmet CA-40GW with grinding and welding shield Eine konzeptionelle L\u00f6sung f\u00fcr gro\u00dfe industrielle Herausforderungen in drei individuellen Produktausf\u00fchrungen. Sie k\u00f6nnen den Schutzhelm mit einem Schwei\u00dfschirm oder einem Schleifvisier kombinieren oder sogar eine integrierte L\u00f6sung in einem einzigen Schutzger\u00e4t w\u00e4hlen.[\/vc_column_text][\/vc_column][\/vc_row][vc_row][vc_column][vc_tta_tabs style=&#8221;modern&#8221; shape=&#8221;square&#8221; active_section=&#8221;1&#8243; no_fill_content_area=&#8221;true&#8221; title=&#8221;Details&#8221;][vc_tta_section i_icon_fontawesome=&#8221;fa fa-industry&#8221; add_icon=&#8221;true&#8221; title=&#8221;Anwendungsbereiche&#8221; tab_id=&#8221;1513150336358-68add988-e9ea&#8221;][vc_column_text]Areas of application Heavy duty maintenance Automotive industry Shipbuilding Building construction [\/vc_column_text][\/vc_tta_section][vc_tta_section i_icon_fontawesome=&#8221;fa fa-thumbs-o-up&#8221; add_icon=&#8221;true&#8221; title=&#8221;Merkmale<\/p>\n<p><a class=\"more-link\" href=\"https:\/\/www.clean-air.cz\/de\/hauben\/schweishauben\/schutzhelm-ca-40gw\/\">Weiterlesen<\/a><\/p>\n","protected":false},"author":11,"featured_media":0,"parent":4250,"menu_order":0,"comment_status":"closed","ping_status":"closed","template":"","meta":{"footnotes":""},"_links":{"self":[{"href":"https:\/\/www.clean-air.cz\/de\/wp-json\/wp\/v2\/pages\/3817"}],"collection":[{"href":"https:\/\/www.clean-air.cz\/de\/wp-json\/wp\/v2\/pages"}],"about":[{"href":"https:\/\/www.clean-air.cz\/de\/wp-json\/wp\/v2\/types\/page"}],"author":[{"embeddable":true,"href":"https:\/\/www.clean-air.cz\/de\/wp-json\/wp\/v2\/users\/11"}],"replies":[{"embeddable":true,"href":"https:\/\/www.clean-air.cz\/de\/wp-json\/wp\/v2\/comments?post=3817"}],"version-history":[{"count":0,"href":"https:\/\/www.clean-air.cz\/de\/wp-json\/wp\/v2\/pages\/3817\/revisions"}],"up":[{"embeddable":true,"href":"https:\/\/www.clean-air.cz\/de\/wp-json\/wp\/v2\/pages\/4250"}],"wp:attachment":[{"href":"https:\/\/www.clean-air.cz\/de\/wp-json\/wp\/v2\/media?parent=3817"}],"curies":[{"name":"wp","href":"https:\/\/api.w.org\/{rel}","templated":true}]}}