{"id":3811,"date":"2018-12-17T12:54:46","date_gmt":"2018-12-17T11:54:46","guid":{"rendered":"https:\/\/www.clean-air.cz\/schutzhelm-ca-40-mit-schweisschirm\/"},"modified":"2025-08-14T11:25:17","modified_gmt":"2025-08-14T09:25:17","slug":"schutzhelm-ca-40-mit-schweisschirm","status":"publish","type":"page","link":"https:\/\/www.clean-air.cz\/de\/hauben\/schweishauben\/schutzhelm-ca-40-mit-schweisschirm\/","title":{"rendered":"Schutzhelm CA-40 mit Schwei\u00dfschirm"},"content":{"rendered":"<p>[vc_row][vc_column width=&#8221;1\/2&#8243;][vc_gallery interval=&#8221;3&#8243; images=&#8221;14601&#8243; img_size=&#8221;large&#8221;][\/vc_column][vc_column width=&#8221;1\/2&#8243;][vc_column_text]<\/p>\n<p><strong><span style=\"font-size: 14pt; color: #be0300;\">Einfach zu tragender und zu bedienender Helm<\/span><\/strong><\/p>\n<p>Eine konzeptionelle L\u00f6sung f\u00fcr gro\u00dfe industrielle Herausforderungen in drei individuellen Produktausf\u00fchrungen. Sie k\u00f6nnen den Schutzhelm mit einem Schwei\u00dfschirm oder einem Schleifvisier kombinieren oder sogar eine integrierte L\u00f6sung in einem einzigen Schutzger\u00e4t w\u00e4hlen.<\/p>\n<p>[\/vc_column_text][vc_btn title=&#8221;Sehen Sie sich das komplette Sortiment von Schwei\u00dfhauben an&#8221; shape=&#8221;square&#8221; color=&#8221;danger&#8221; size=&#8221;lg&#8221; align=&#8221;left&#8221; i_icon_fontawesome=&#8221;fa fa-info-circle&#8221; css_animation=&#8221;none&#8221; add_icon=&#8221;true&#8221; link=&#8221;url:https%3A%2F%2Fwww.clean-air.cz%2Fde%2Fhauben%2Fschweishauben%2F|title:Sehen%20Sie%20sich%20das%20komplette%20Sortiment%20von%20Leichthauben%20an|&#8221;][\/vc_column][\/vc_row][vc_row][vc_column width=&#8221;1\/3&#8243;][vc_column_text]<strong><span style=\"font-size: 14pt; color: #be0300;\">CA-40GW<\/span><\/strong><\/p>\n<p>Mehrzweckhelm mit Schwei\u00df- und Schleifschirm f\u00fcr f\u00fcnffachen<br \/>\nSchutz f\u00fcr Augen, Gesicht, Kopf, Atemweg und optionalen<br \/>\nGeh\u00f6rschutz. Hochklappbar und kompatibel mit automatisch verdunkelnden Filtern oder passiven Filtern mit einer Abmessung von 110 x 90 mm. Die beschlagfreie und kratzfeste Beschichtung des hochwertigen Visiers garantiert ein exzellentes Sichtfeld und<br \/>\nerh\u00f6ht die Lebensdauer. Die einfach austauschbaren DIN 4 oder DIN 5 Visiere sind der perfekte Schutz beim Autogen- und Plasmaschneiden. Das Produkt eignet sich f\u00fcr die anspruchsvollsten Schwei\u00dfaufgaben wie Vorbereitung (Positionierung, Klemmen) und die anschlie\u00dfende Oberfl\u00e4chenbearbeitung (Schleifen, Reinigen, Polieren).<\/p>\n<table style=\"border-collapse: collapse; width: 109.253%;\">\n<tbody>\n<tr>\n<td style=\"width: 80.2583%;\">Schutzhelm CA-40GW mit Schwei\u00dfschirm und Schleifvisier ohne ADF<\/td>\n<td style=\"width: 66.0725%; text-align: center;\">70 42 00<\/td>\n<\/tr>\n<tr>\n<td style=\"width: 80.2583%;\">Schutzhelm CA-40GW mit Schwei\u00dfschirm und Schleifvisier sowie ADF Balder V9-13<\/td>\n<td style=\"width: 66.0725%; text-align: center;\">70 42 01<\/td>\n<\/tr>\n<\/tbody>\n<\/table>\n<p><img loading=\"lazy\" decoding=\"async\" class=\"size-medium wp-image-9514 aligncenter\" src=\"https:\/\/www.clean-air.cz\/wp-content\/uploads\/2020\/06\/welding-ca-40-with-earmuffs-280x300.jpg\" alt=\"Welding helmet Clean-AIR CA-40 earmuffs\" width=\"280\" height=\"300\" \/>[\/vc_column_text][\/vc_column][vc_column width=&#8221;1\/3&#8243;][vc_column_text]<strong><span style=\"font-size: 14pt; color: #be0300;\">CA-40<\/span><\/strong><\/p>\n<p>Der Helm kombiniert Schwei\u00dfschirm und Schutzhelm und verf\u00fcgt \u00fcber ein integriertes Luftverteilungssystem. Bietet Schutz f\u00fcr Kopf, Augen, Gesicht, Atmung und Geh\u00f6r. Er ist kompatibel mit automatisch verdunkelnden Filtern oder passiven Filtern mit einer Abmessung von 110 x 90 mm.<\/p>\n<table style=\"border-collapse: collapse; width: 109.964%; height: 32px;\">\n<tbody>\n<tr style=\"height: 22px;\">\n<td style=\"width: 65.1088%; height: 10px;\">Schutzhelm CA-40 mit Schwei\u00dfschirm ohne ADF<\/td>\n<td style=\"width: 46.2357%; text-align: center; height: 10px;\">70 40 00<\/td>\n<\/tr>\n<tr style=\"height: 22px;\">\n<td style=\"width: 65.1088%; height: 22px;\">Schutzhelm CA-40 mit Schwei\u00dfschirm und ADF Balder V9-13<\/td>\n<td style=\"width: 46.2357%; text-align: center; height: 22px;\">70 40 01<\/td>\n<\/tr>\n<\/tbody>\n<\/table>\n<p><img loading=\"lazy\" decoding=\"async\" class=\"size-medium wp-image-9529 aligncenter\" src=\"https:\/\/www.clean-air.cz\/wp-content\/uploads\/2020\/06\/welding-ca-40-g-233x300.jpg\" alt=\"\" width=\"233\" height=\"300\" \/>[\/vc_column_text][\/vc_column][vc_column width=&#8221;1\/3&#8243;][vc_column_text]<strong><span style=\"font-size: 14pt; color: #be0300;\">CA-40G<\/span><\/strong><\/p>\n<p>Der Helm kombiniert Schleifvisier und Schutzhelm und verf\u00fcgt<br \/>\n\u00fcber ein integriertes Luftverteilungssystem. Bietet Schutz f\u00fcr Kopf, Augen, Gesicht, Atmung und Geh\u00f6r. Die beschlagfreie und kratzfeste Beschichtung des torischen<br \/>\nVisiers garantiert ein exzellentes Sichtfeld und erh\u00f6ht die Lebensdauer. Die einfach austauschbaren DIN 4 oder DIN 5 Visiere sind der perfekte Schutz beim Autogen- und Plasmaschneiden.<\/p>\n<table style=\"border-collapse: collapse; width: 90.5693%;\">\n<tbody>\n<tr>\n<td style=\"width: 60.424%;\">Schutzhelm CA-40G mit Schleifvisier<\/td>\n<td style=\"width: 43.4741%; text-align: center;\">70 41 00<\/td>\n<\/tr>\n<\/tbody>\n<\/table>\n<p><img loading=\"lazy\" decoding=\"async\" class=\"size-medium wp-image-9534 aligncenter\" src=\"https:\/\/www.clean-air.cz\/wp-content\/uploads\/2020\/06\/welding-ca-40-iso-236x300.jpg\" alt=\"\" width=\"236\" height=\"300\" \/>[\/vc_column_text][\/vc_column][\/vc_row][vc_row][vc_column width=&#8221;1\/3&#8243;][vc_column_text]<strong><span style=\"font-size: 14pt; color: #be0300;\">NEUE SCHLEIFVISIERE ERH\u00c4LTLICH<\/span><\/strong><\/p>\n<p>Es k\u00f6nnen die T\u00f6nungen 4 und 5 oder ein helles gelbes Visier gew\u00e4hlt<br \/>\nwerden. Das brandneue torische Visier mit ausgezeichneter optische<br \/>\nQualit\u00e4t (EN 166 Klasse 1) ist noch robuster und sch\u00fctzt garantiert vor<br \/>\nHochgeschwindigkeitspartikeln mit HOHER Energie.<\/p>\n<table style=\"border-collapse: collapse; width: 101.423%; height: 88px;\">\n<tbody>\n<tr style=\"height: 22px;\">\n<td style=\"width: 68.8679%; height: 22px;\">Ersatzschleifvisier f\u00fcr CA-40 Klasse 1, klar<\/td>\n<td style=\"width: 49.3435%; height: 22px; text-align: center;\">70 41 03<\/td>\n<\/tr>\n<tr style=\"height: 22px;\">\n<td style=\"width: 68.8679%; height: 22px;\">Ersatzschleifvisier f\u00fcr CA-40 Klasse 1, gelb<\/td>\n<td style=\"width: 49.3435%; height: 22px; text-align: center;\">70 41 04<\/td>\n<\/tr>\n<tr style=\"height: 22px;\">\n<td style=\"width: 68.8679%; height: 22px;\">Ersatzschleifvisier f\u00fcr CA-40 Klasse 1, T\u00f6nung 4<\/td>\n<td style=\"width: 49.3435%; height: 22px; text-align: center;\">70 41 05<\/td>\n<\/tr>\n<tr style=\"height: 22px;\">\n<td style=\"width: 68.8679%; height: 22px;\">Ersatzschleifvisier f\u00fcr CA-40 Klasse 1, T\u00f6nung 5<\/td>\n<td style=\"width: 49.3435%; height: 22px; text-align: center;\">70 41 06<\/td>\n<\/tr>\n<\/tbody>\n<\/table>\n<p><img loading=\"lazy\" decoding=\"async\" class=\"size-medium wp-image-9535 aligncenter\" src=\"https:\/\/www.clean-air.cz\/wp-content\/uploads\/2020\/06\/welding-ca-40-protective-shield-300x125.jpg\" alt=\"\" width=\"300\" height=\"125\" srcset=\"https:\/\/www.clean-air.cz\/wp-content\/uploads\/2020\/06\/welding-ca-40-protective-shield-300x125.jpg 300w, https:\/\/www.clean-air.cz\/wp-content\/uploads\/2020\/06\/welding-ca-40-protective-shield-1024x427.jpg 1024w, https:\/\/www.clean-air.cz\/wp-content\/uploads\/2020\/06\/welding-ca-40-protective-shield-768x320.jpg 768w, https:\/\/www.clean-air.cz\/wp-content\/uploads\/2020\/06\/welding-ca-40-protective-shield-800x333.jpg 800w, https:\/\/www.clean-air.cz\/wp-content\/uploads\/2020\/06\/welding-ca-40-protective-shield.jpg 1200w\" sizes=\"(max-width: 300px) 100vw, 300px\" \/>[\/vc_column_text][\/vc_column][vc_column width=&#8221;1\/3&#8243;][vc_column_text]<strong><span style=\"font-size: 14pt; color: #be0300;\">ADF OPTIONEN<\/span><\/strong><\/p>\n<p>Der neue AerTEC\u2122 Schwei\u00dffilter mit automatischer Verdunklung zeichnet<br \/>\nsich durch ein ausgezeichnetes Preis-Leistungsverh\u00e4ltnis aus. Er verf\u00fcgt \u00fcber<br \/>\nfortschrittliche Steuerungsoptionen wie Farbstufen (T\u00f6nung), Empfindlichkeit und<br \/>\nverz\u00f6gerte Anpassung sowie Schleif- und Schwei\u00dffunktionen. Das breite Sichtfeld<br \/>\nsorgt dank Vergr\u00f6\u00dferungsgl\u00e4sern mit True Colour Funktion (AerTEC\u2122 X110) f\u00fcr eine<br \/>\nrealistisches Farbwahrnehmung.<\/p>\n<table style=\"border-collapse: collapse; width: 102.133%; height: 44px;\">\n<tbody>\n<tr style=\"height: 22px;\">\n<td style=\"width: 70.365%; height: 22px;\">Auto-darkening welding filter AerTEC\u2122 X100, 9-13<\/td>\n<td style=\"width: 35.8871%; text-align: center; height: 22px;\">40 51 00<\/td>\n<\/tr>\n<tr style=\"height: 22px;\">\n<td style=\"width: 70.365%; height: 22px;\">Auto-darkening welding filter AerTEC\u2122 X110 true colour, 9-13<\/td>\n<td style=\"width: 35.8871%; text-align: center; height: 22px;\">40 51 10<\/td>\n<\/tr>\n<\/tbody>\n<\/table>\n<p><img loading=\"lazy\" decoding=\"async\" class=\"size-medium wp-image-9488 aligncenter\" src=\"https:\/\/www.clean-air.cz\/wp-content\/uploads\/2020\/06\/true-colour-view-300x295.jpg\" alt=\"\" width=\"300\" height=\"295\" srcset=\"https:\/\/www.clean-air.cz\/wp-content\/uploads\/2020\/06\/true-colour-view-300x295.jpg 300w, https:\/\/www.clean-air.cz\/wp-content\/uploads\/2020\/06\/true-colour-view.jpg 636w\" sizes=\"(max-width: 300px) 100vw, 300px\" \/>[\/vc_column_text][\/vc_column][vc_column width=&#8221;1\/3&#8243;][vc_column_text]<strong><span style=\"font-size: 14pt; color: #be0300;\">OPTIONALER GEH\u00d6RSCHUTZ<\/span><\/strong><\/p>\n<table style=\"border-collapse: collapse; width: 100%;\">\n<tbody>\n<tr>\n<td style=\"width: 65.0641%;\"><strong>Ohrsch\u00fctzer Secure 1C<\/strong> \u2013 f\u00fcr langfristige Verwendung bei niedrigem Ger\u00e4uschpegel oder<br \/>\nkurzfristiger Verwendung in mittleren Ger\u00e4uschpegel-Umgebungen.<\/td>\n<td style=\"width: 34.9359%; text-align: center;\">71 40 40<\/td>\n<\/tr>\n<tr>\n<td style=\"width: 65.0641%;\"><strong>Ohrsch\u00fctzer Secure 2C<\/strong> \u2013 f\u00fcr langfristige Verwendung bei mittlerem Ger\u00e4uschpegel oder kurzfristiger Verwendung in mittleren Ger\u00e4uschpegel-Umgebungen. Beste Wahl bei Hochfrequenz-Ger\u00e4uschen.<\/td>\n<td style=\"width: 34.9359%; text-align: center;\">71 40 41<\/td>\n<\/tr>\n<tr>\n<td style=\"width: 65.0641%;\"><strong>Ohrsch\u00fctzer Secure 3C<\/strong> \u2013 f\u00fcr die Verwendung in Umgebungen mit hohem Ger\u00e4uschpegel. Beste Wahl bei Niedrigfrequenz-Ger\u00e4uschen.<\/td>\n<td style=\"width: 34.9359%; text-align: center;\">71 40 42<\/td>\n<\/tr>\n<\/tbody>\n<\/table>\n<p>&nbsp;<\/p>\n<p><img loading=\"lazy\" decoding=\"async\" class=\"size-medium wp-image-9515 aligncenter\" style=\"font-size: 1rem;\" src=\"https:\/\/www.clean-air.cz\/wp-content\/uploads\/2020\/06\/hellberg-earmuffs-3C-300x250.jpg\" alt=\"\" width=\"300\" height=\"250\" srcset=\"https:\/\/www.clean-air.cz\/wp-content\/uploads\/2020\/06\/hellberg-earmuffs-3C-300x250.jpg 300w, https:\/\/www.clean-air.cz\/wp-content\/uploads\/2020\/06\/hellberg-earmuffs-3C.jpg 520w\" sizes=\"(max-width: 300px) 100vw, 300px\" \/>[\/vc_column_text][\/vc_column][\/vc_row][vc_row][vc_column width=&#8221;1\/3&#8243;][vc_column_text]<strong><span style=\"font-size: 14pt; color: #be0300;\">ERWEITERN SIE IHREN SCHUTZ<\/span><\/strong><\/p>\n<p>Hals- und Kehlkopfschutz sind in zwei Ausf\u00fchrungen erh\u00e4ltlich.<\/p>\n<table style=\"border-collapse: collapse; width: 100%; height: 44px;\">\n<tbody>\n<tr style=\"height: 22px;\">\n<td style=\"width: 53.6859%; height: 22px;\">Hals- und Kehlkopfschutz aus Flammenschutzgewebe<\/td>\n<td style=\"width: 46.3141%; height: 22px; text-align: center;\">70 40 65<\/td>\n<\/tr>\n<tr style=\"height: 22px;\">\n<td style=\"width: 53.6859%; height: 22px;\">Hals- und Kehlkopfschutz aus sehr robustem Leder<\/td>\n<td style=\"width: 46.3141%; height: 22px; text-align: center;\">70 40 65L<\/td>\n<\/tr>\n<\/tbody>\n<\/table>\n<p><img loading=\"lazy\" decoding=\"async\" class=\"size-medium wp-image-9520 aligncenter\" src=\"https:\/\/www.clean-air.cz\/wp-content\/uploads\/2020\/06\/neck-and-throat-protection-300x290.jpg\" alt=\"\" width=\"300\" height=\"290\" srcset=\"https:\/\/www.clean-air.cz\/wp-content\/uploads\/2020\/06\/neck-and-throat-protection-300x290.jpg 300w, https:\/\/www.clean-air.cz\/wp-content\/uploads\/2020\/06\/neck-and-throat-protection.jpg 620w\" sizes=\"(max-width: 300px) 100vw, 300px\" \/>[\/vc_column_text][\/vc_column][\/vc_row][vc_row][vc_column][vc_tta_tabs style=&#8221;modern&#8221; shape=&#8221;square&#8221; active_section=&#8221;1&#8243; no_fill_content_area=&#8221;true&#8221; title=&#8221;Details&#8221;][vc_tta_section i_icon_fontawesome=&#8221;fa fa-industry&#8221; add_icon=&#8221;true&#8221; title=&#8221;Anwendungsbereiche&#8221; tab_id=&#8221;1513150336358-68add988-e9ea&#8221;][vc_column_text]<\/p>\n<p><span style=\"color: #be0300;\"><strong>Anwendungsbereiche<\/strong><\/span><\/p>\n<p>Automobilbranche, Bauindustrie, Schiffbau und Hochleistungswartung.<\/p>\n<p>[\/vc_column_text][\/vc_tta_section][vc_tta_section i_icon_fontawesome=&#8221;fa fa-thumbs-o-up&#8221; add_icon=&#8221;true&#8221; title=&#8221;Merkmale und Vorteile&#8221; tab_id=&#8221;1513150336359-b7b65468-8021&#8243;][vc_column_text]<\/p>\n<p><span style=\"color: #be0300;\"><strong>Merkmale und Vorteile<\/strong><\/span><\/p>\n<ul>\n<li>Mehrfachschutz mit f\u00fcnf Schutzstufen f\u00fcr Auge, Gesicht, Kopf, Atemwege und Geh\u00f6rschutz.<\/li>\n<li>Einfaches Tragen, einfache Bedienung und einfache Wartung<\/li>\n<li>Kompatibel mit ADF und passiven Filtern 110 x 90 mm<\/li>\n<li>Hervorragende Qualit\u00e4t des sph\u00e4rischen Visiers garantiert ein ausgezeichnetes Sichtfeld<\/li>\n<li>Beschlagfreie Beschichtung verhindert, dass das Visier beschl\u00e4gt<\/li>\n<li>Kratzfeste Beschichtung erh\u00f6ht die mechanische Best\u00e4ndigkeit des Visiers<\/li>\n<li>T\u00f6nung 4, T\u00f6nung 5 und gelbes Visier erh\u00e4ltlich<\/li>\n<li>Verbesserte Robustheit f\u00fcr den Schutz vor sehr schnellen Partikeln mit HOHEr Energie<\/li>\n<li>Integriertes Luftverteilungssystem<\/li>\n<li>H\u00f6chster Atemschutzstandard TH3<\/li>\n<\/ul>\n<p>[\/vc_column_text][\/vc_tta_section][vc_tta_section i_icon_fontawesome=&#8221;fa fa-cog&#8221; add_icon=&#8221;true&#8221; title=&#8221;Kompletts\u00e4tze, Zubeh\u00f6r, Filter&#8221; tab_id=&#8221;1513153137048-5f8c31c5-30ea&#8221;][vc_column_text]<\/p>\n<table style=\"width: 100%; height: 726px;\">\n<tbody>\n<tr style=\"height: 24px;\">\n<td style=\"text-align: left; height: 24px;\" colspan=\"2\"><span style=\"color: #be0300;\"><strong>Kompletthaube<\/strong><\/span><\/td>\n<\/tr>\n<tr style=\"height: 24px;\">\n<td style=\"text-align: left; height: 24px;\">Schutzhelm CA-40GW mit Schwei\u00dfschirm und Schleifvisier ohne ADF<\/td>\n<td style=\"text-align: center; height: 24px;\">70 42 00<\/td>\n<\/tr>\n<tr style=\"height: 24px;\">\n<td style=\"text-align: left; height: 24px;\">Schutzhelm CA-40GW mit Schwei\u00dfschirm und Schleifvisier mit ADF Balder V9-13<\/td>\n<td style=\"text-align: center; height: 24px;\">70 42 01<\/td>\n<\/tr>\n<tr style=\"height: 24px;\">\n<td style=\"text-align: left; height: 24px;\">Schutzhelm CA-40G mit Schleifvisier<\/td>\n<td style=\"text-align: center; height: 24px;\">70 41 00<\/td>\n<\/tr>\n<tr style=\"height: 24px;\">\n<td style=\"text-align: left; height: 24px;\">Schutzhelm CA-40 mit Schwei\u00dfschirm und ADF<\/td>\n<td style=\"text-align: center; height: 24px;\">70 40 00<\/td>\n<\/tr>\n<tr style=\"height: 24px;\">\n<td style=\"text-align: left; height: 24px;\">Schutzhelm CA-40 mit Schwei\u00dfschirm und ADF Balder V9-13<\/td>\n<td style=\"text-align: center; height: 24px;\">70 40 01<\/td>\n<\/tr>\n<tr style=\"height: 24px;\">\n<td style=\"text-align: left; height: 30px;\" colspan=\"2\"><span style=\"color: #be0300;\"><strong>Ersatzteile, Zubeh\u00f6r<\/strong><\/span><\/td>\n<\/tr>\n<tr style=\"height: 24px;\">\n<td style=\"text-align: left; height: 24px;\">Schutzhelm CA-40 mit Schwei\u00dfschirm<\/td>\n<td style=\"text-align: center; height: 24px;\">70 40 00<\/td>\n<\/tr>\n<tr style=\"height: 24px;\">\n<td style=\"text-align: left; height: 24px;\">Schutzhelm CA-40 mit Schwei\u00dfschirm und ADF Balder V9-13 ADC<\/td>\n<td style=\"text-align: center; height: 24px;\">70 40 01<\/td>\n<\/tr>\n<tr style=\"height: 24px;\">\n<td style=\"text-align: left; height: 24px;\">Schutzhelm CA-40G mit Schleifschirm<\/td>\n<td style=\"text-align: center; height: 24px;\">70 41 00<\/td>\n<\/tr>\n<tr style=\"height: 24px;\">\n<td style=\"text-align: left; height: 24px;\">Schutzhelm CA-40GW mit Schleif- und Schwei\u00dfschirm<\/td>\n<td style=\"text-align: center; height: 24px;\">70 42 00<\/td>\n<\/tr>\n<tr style=\"height: 24px;\">\n<td style=\"text-align: left; height: 24px;\">Schutzhelm CA-40GW mit Schleif- und Schwei\u00dfschirm und ADF Balder V9-13 ADC<\/td>\n<td style=\"text-align: center; height: 24px;\">70 42 01<\/td>\n<\/tr>\n<tr style=\"height: 24px;\">\n<td style=\"text-align: left; height: 24px;\">Schwei\u00dffilter mit automatischer Verdunkelung V913 DS ADC<\/td>\n<td style=\"text-align: center; height: 24px;\">40 50 40<\/td>\n<\/tr>\n<tr style=\"height: 24px;\">\n<td style=\"text-align: left; height: 24px;\">Schwei\u00dffilter mit automatischer Verdunkelung AerTEC\u2122 X100 4\/9-13<\/td>\n<td style=\"text-align: center; height: 24px;\">40 51 00<\/td>\n<\/tr>\n<tr style=\"height: 24px;\">\n<td style=\"text-align: left; height: 24px;\">Schwei\u00dffilter mit automatischer Verdunkelung AerTEC\u2122 X110 True Colour<\/td>\n<td style=\"text-align: center; height: 24px;\">40 51 10<\/td>\n<\/tr>\n<tr style=\"height: 24px;\">\n<td style=\"text-align: left; height: 24px;\">Abdeckplatte innen, 107 x 51 Polycarbonat. f\u00fcr CA-40, CA-40GW (10 St\u00fcck Paket)<\/td>\n<td style=\"text-align: center; height: 24px;\">70 24 81<\/td>\n<\/tr>\n<tr style=\"height: 24px;\">\n<td style=\"text-align: left; height: 24px;\">Ersatzschwei\u00dfschirm CA-40<\/td>\n<td style=\"text-align: center; height: 24px;\">70 40 02<\/td>\n<\/tr>\n<tr style=\"height: 24px;\">\n<td style=\"text-align: left; height: 24px;\">Befestigungsschrauben 2 St\u00fcck<\/td>\n<td style=\"text-align: center; height: 24px;\">70 40 43<\/td>\n<\/tr>\n<tr style=\"height: 24px;\">\n<td style=\"text-align: left; height: 24px;\">Schwei\u00dfband CA-40<\/td>\n<td style=\"text-align: center; height: 24px;\">70 40 44<\/td>\n<\/tr>\n<tr style=\"height: 22px;\">\n<td style=\"text-align: left; height: 22px;\">\u00c4u\u00dfere Abdeckplatte Polycarbonat. f\u00fcr CA-40, CA-40GW (10 St\u00fcck Paket)<\/td>\n<td style=\"text-align: center; height: 22px;\">70 40 80<\/td>\n<\/tr>\n<tr style=\"height: 22px;\">\n<td style=\"text-align: left; height: 22px;\">Kopfband f\u00fcr CA-40<\/td>\n<td style=\"text-align: center; height: 22px;\">70 40 41x<\/td>\n<\/tr>\n<tr style=\"height: 22px;\">\n<td style=\"text-align: left; height: 22px;\">Gesichtsabdichtung CA-40<\/td>\n<td style=\"text-align: center; height: 22px;\">70 40 60<\/td>\n<\/tr>\n<tr style=\"height: 22px;\">\n<td style=\"text-align: left; height: 22px;\">Ersatzschleifvisier f\u00fcr CA-40 Klasse 1, klar<\/td>\n<td style=\"text-align: center; height: 22px;\">70 41 03<\/td>\n<\/tr>\n<tr style=\"height: 22px;\">\n<td style=\"text-align: left; height: 22px;\">Ersatzschleifvisier f\u00fcr CA-40 Klasse 1, gelb<\/td>\n<td style=\"text-align: center; height: 22px;\">70 41 04<\/td>\n<\/tr>\n<tr style=\"height: 22px;\">\n<td style=\"text-align: left; height: 22px;\">Ersatzschleifvisier f\u00fcr CA-40 Klasse 1, T\u00f6nung 4<\/td>\n<td style=\"text-align: center; height: 22px;\">70 41 05<\/td>\n<\/tr>\n<tr style=\"height: 22px;\">\n<td style=\"text-align: left; height: 22px;\">Ersatzschleifvisier f\u00fcr CA-40 Klasse 1, T\u00f6nung 5<\/td>\n<td style=\"text-align: center; height: 22px;\">70 41 06<\/td>\n<\/tr>\n<tr style=\"height: 22px;\">\n<td style=\"text-align: left; height: 22px;\">Schwei\u00dfschirm f\u00fcr Version CA-40GW<\/td>\n<td style=\"text-align: center; height: 22px;\">70 42 02<\/td>\n<\/tr>\n<tr style=\"height: 22px;\">\n<td style=\"text-align: left; height: 22px;\">Ohrschutz Secure 1C, Nr. 8<\/td>\n<td style=\"text-align: center; height: 22px;\">71 40 40<\/td>\n<\/tr>\n<tr style=\"height: 22px;\">\n<td style=\"text-align: left; height: 22px;\">Ohrschutz Secure 2C, Nr. 10<\/td>\n<td style=\"text-align: center; height: 22px;\">71 40 41<\/td>\n<\/tr>\n<tr style=\"height: 22px;\">\n<td style=\"text-align: left; height: 22px;\">Ohrschutz Secure 3C, Nr. 12<\/td>\n<td style=\"text-align: center; height: 22px;\">71 40 42<\/td>\n<\/tr>\n<tr style=\"height: 22px;\">\n<td style=\"text-align: left; height: 22px;\">Passiver Schwei\u00dffilter (09-13 angegeben anstatt ** Schwei\u00dffilterverdunklung)<\/td>\n<td style=\"text-align: center; height: 22px;\">110\/90-**<\/td>\n<\/tr>\n<\/tbody>\n<\/table>\n<p>[\/vc_column_text][\/vc_tta_section][vc_tta_section i_icon_fontawesome=&#8221;fa fa-wrench&#8221; add_icon=&#8221;true&#8221; title=&#8221;Technische Daten&#8221; tab_id=&#8221;1513153797992-792040b0-82c9&#8243;][vc_column_text]<\/p>\n<table>\n<tbody>\n<tr>\n<td style=\"text-align: left;\">Gewicht (GW\/G\/W)<\/td>\n<td style=\"text-align: center;\" colspan=\"2\">1255 \/ 1100 \/ 1100 g<\/td>\n<\/tr>\n<tr>\n<td style=\"text-align: left;\">ADF Abmessung<\/td>\n<td style=\"text-align: center;\" colspan=\"2\">110&#215;90 mm<\/td>\n<\/tr>\n<tr>\n<td style=\"text-align: left;\">Sichtfeld<\/td>\n<td style=\"text-align: center;\" colspan=\"2\">95&#215;46,5 mm \u2013 Balder V9-13<br \/>\n100&#215;53 mm \u2013 AerTEC\u2122 X100\/X110<\/td>\n<\/tr>\n<tr>\n<td style=\"text-align: left;\">Schlauchanschluss<\/td>\n<td style=\"text-align: center;\" colspan=\"2\">QuickLOCK\u2122<\/td>\n<\/tr>\n<tr>\n<td style=\"text-align: left;\">Zertifizierung<\/td>\n<td style=\"text-align: center;\" colspan=\"2\">EN 166 1, A, K, N<br \/>\nEN 379 1\/1\/1\/2, EN 175 S, B, EN 397<br \/>\nEN 12941 TH3, EN 14594 3B<\/td>\n<\/tr>\n<tr>\n<td style=\"text-align: left;\">Nennschutzfaktor (NPF)<\/td>\n<td style=\"text-align: center;\" colspan=\"2\">500<\/td>\n<\/tr>\n<\/tbody>\n<\/table>\n<p>[\/vc_column_text][\/vc_tta_section][vc_tta_section i_icon_fontawesome=&#8221;fa fa-download&#8221; add_icon=&#8221;true&#8221; title=&#8221;Downloads&#8221; tab_id=&#8221;1513154098935-95c74e4f-fa1e&#8221;][vc_column_text]<a href=\"https:\/\/www.clean-air.cz\/wp-content\/uploads\/2023\/02\/User-manual_CNA-030-R07_CA-40-Safety-helmet_DIGI.pdf\">User manual_CNA-030-R07_CA-40 Safety helmet<\/a><\/p>\n<p><a href=\"https:\/\/www.clean-air.cz\/wp-content\/uploads\/2024\/04\/DA-012_-_704001_-_CA-40_-_EN.pdf\">Datasheet DA-012_-_704001_-_CA-40_-_EN<\/a><\/p>\n<p><a href=\"https:\/\/www.clean-air.cz\/wp-content\/uploads\/2024\/09\/PS-704000-1-R6-CA-40.pdf\">Declaration of Conformity &#8211; 704000-1-R6 CA-40<\/a>[\/vc_column_text][\/vc_tta_section][vc_tta_section i_icon_fontawesome=&#8221;fa fa-picture-o&#8221; add_icon=&#8221;true&#8221; title=&#8221;Galerie&#8221; tab_id=&#8221;1515415801460-0c2258c9-4574&#8243;][vc_gallery type=&#8221;image_grid&#8221; images=&#8221;7878,7873,7883&#8243; img_size=&#8221;medium&#8221; css_animation=&#8221;fadeIn&#8221; css=&#8221;.vc_custom_1574942391374{padding-left: 280px !important;}&#8221; el_class=&#8221;ca-40_gallery&#8221;][\/vc_tta_section][\/vc_tta_tabs][\/vc_column][\/vc_row]<\/p>\n","protected":false},"excerpt":{"rendered":"<p>[vc_row][vc_column width=&#8221;1\/2&#8243;][vc_gallery interval=&#8221;3&#8243; images=&#8221;14601&#8243; img_size=&#8221;large&#8221;][\/vc_column][vc_column width=&#8221;1\/2&#8243;][vc_column_text] Einfach zu tragender und zu bedienender Helm Eine konzeptionelle L\u00f6sung f\u00fcr gro\u00dfe industrielle Herausforderungen in drei individuellen Produktausf\u00fchrungen. Sie k\u00f6nnen den Schutzhelm mit einem Schwei\u00dfschirm oder einem Schleifvisier kombinieren oder sogar eine integrierte L\u00f6sung in einem einzigen Schutzger\u00e4t w\u00e4hlen. [\/vc_column_text][vc_btn title=&#8221;Sehen Sie sich das komplette Sortiment von Schwei\u00dfhauben an&#8221; shape=&#8221;square&#8221; color=&#8221;danger&#8221; size=&#8221;lg&#8221; align=&#8221;left&#8221; i_icon_fontawesome=&#8221;fa fa-info-circle&#8221; css_animation=&#8221;none&#8221; add_icon=&#8221;true&#8221; link=&#8221;url:https%3A%2F%2Fwww.clean-air.cz%2Fde%2Fhauben%2Fschweishauben%2F|title:Sehen%20Sie%20sich%20das%20komplette%20Sortiment%20von%20Leichthauben%20an|&#8221;][\/vc_column][\/vc_row][vc_row][vc_column width=&#8221;1\/3&#8243;][vc_column_text]CA-40GW Mehrzweckhelm mit Schwei\u00df- und Schleifschirm<\/p>\n<p><a class=\"more-link\" href=\"https:\/\/www.clean-air.cz\/de\/hauben\/schweishauben\/schutzhelm-ca-40-mit-schweisschirm\/\">Weiterlesen<\/a><\/p>\n","protected":false},"author":11,"featured_media":0,"parent":4250,"menu_order":0,"comment_status":"closed","ping_status":"closed","template":"","meta":{"footnotes":""},"_links":{"self":[{"href":"https:\/\/www.clean-air.cz\/de\/wp-json\/wp\/v2\/pages\/3811"}],"collection":[{"href":"https:\/\/www.clean-air.cz\/de\/wp-json\/wp\/v2\/pages"}],"about":[{"href":"https:\/\/www.clean-air.cz\/de\/wp-json\/wp\/v2\/types\/page"}],"author":[{"embeddable":true,"href":"https:\/\/www.clean-air.cz\/de\/wp-json\/wp\/v2\/users\/11"}],"replies":[{"embeddable":true,"href":"https:\/\/www.clean-air.cz\/de\/wp-json\/wp\/v2\/comments?post=3811"}],"version-history":[{"count":0,"href":"https:\/\/www.clean-air.cz\/de\/wp-json\/wp\/v2\/pages\/3811\/revisions"}],"up":[{"embeddable":true,"href":"https:\/\/www.clean-air.cz\/de\/wp-json\/wp\/v2\/pages\/4250"}],"wp:attachment":[{"href":"https:\/\/www.clean-air.cz\/de\/wp-json\/wp\/v2\/media?parent=3811"}],"curies":[{"name":"wp","href":"https:\/\/api.w.org\/{rel}","templated":true}]}}