{"id":3807,"date":"2018-12-17T12:27:24","date_gmt":"2018-12-17T11:27:24","guid":{"rendered":"https:\/\/www.clean-air.cz\/ca-28-euromaski\/"},"modified":"2025-08-14T11:30:20","modified_gmt":"2025-08-14T09:30:20","slug":"ca-28-euromaski","status":"publish","type":"page","link":"https:\/\/www.clean-air.cz\/de\/hauben\/schweishauben\/ca-28-euromaski\/","title":{"rendered":"CA-28 Euromaski"},"content":{"rendered":"<p>[vc_row][vc_column width=&#8221;1\/2&#8243;][vc_gallery interval=&#8221;0&#8243; images=&#8221;10556,10561,10566,10571&#8243; img_size=&#8221;large&#8221;][\/vc_column][vc_column width=&#8221;1\/2&#8243;][vc_column_text]<\/p>\n<p><strong><span style=\"font-size: 14pt; color: #be0300;\">CA-28 Euromaski ist eine ergonomische und leichte L\u00f6sung f\u00fcr die meisten Schwei\u00dfprozesse. Dank stabiler aufklappbarer Schwei\u00dfblende bietet sie hervorragenden Schutz beim Schleifen, Schwei\u00dfen und den nachfolgenden Reinigungsarbeiten.<br \/>\n<\/span><\/strong><\/p>\n<p>Das breite, gew\u00f6lbte Schutzvisier sorgt f\u00fcr eine ungest\u00f6rte Sicht in alle Richtungen und erf\u00fcllt die mittleren Anforderungen an die Schlagfestigkeit \u201eB\u201c gem\u00e4\u00df EN 166. Die CA-28 Euromaski sch\u00fctzt in Kombination mit einem CleanAIR\u00ae PAPR oder CleanAIR\u00ae Druckluftsystem Atemwege und Augen vor sch\u00e4dlicher ultravioletter\/infraroter Strahlung und Schwei\u00dfsplittern.<\/p>\n<p>[\/vc_column_text][\/vc_column][\/vc_row][vc_row][vc_column][vc_tta_tabs style=&#8221;modern&#8221; shape=&#8221;square&#8221; active_section=&#8221;1&#8243; no_fill_content_area=&#8221;true&#8221; title=&#8221;Details&#8221;][vc_tta_section i_icon_fontawesome=&#8221;fa fa-industry&#8221; add_icon=&#8221;true&#8221; title=&#8221;Anwendungsbereiche&#8221; tab_id=&#8221;1513150336358-68add988-e9ea&#8221;][vc_column_text]<\/p>\n<p><span style=\"color: #be0300;\"><strong>Anwendungsbereiche<\/strong><\/span><\/p>\n<p>F\u00fcr die meisten Schwei\u00dfverfahren und anschlie\u00dfenden Schwei\u00df- und Reinigungsarbeiten geeignet.<\/p>\n<p>[\/vc_column_text][\/vc_tta_section][vc_tta_section i_icon_fontawesome=&#8221;fa fa-thumbs-o-up&#8221; add_icon=&#8221;true&#8221; title=&#8221;Merkmale und Vorteile&#8221; tab_id=&#8221;1513150336359-b7b65468-8021&#8243;][vc_column_text]<\/p>\n<p><span style=\"color: #be0300;\"><strong>Merkmale und Vorteile<\/strong><\/span><\/p>\n<ul>\n<li>Kompaktes und robustes Design<\/li>\n<li>Leicht und bequem<\/li>\n<li>Schwei\u00df- und gleichzeitig Schleifschutz<\/li>\n<li>Gro\u00dfes gew\u00f6lbtes Visiere f\u00fcr ungest\u00f6rte Sicht<\/li>\n<li>Einfach auszutauschende Ersatzteile<\/li>\n<li>Bequemes, einfach anpassbares Kopfband<\/li>\n<li>Gro\u00dfes Spektrum an Visieren unterschiedlichster T\u00f6nungen (klar, rauchig, T\u00f6nung 1,7; 3,0 und 5,0)<\/li>\n<\/ul>\n<p>[\/vc_column_text][\/vc_tta_section][vc_tta_section i_icon_fontawesome=&#8221;fa fa-cog&#8221; add_icon=&#8221;true&#8221; title=&#8221;Kompletts\u00e4tze, Zubeh\u00f6r, Filter&#8221; tab_id=&#8221;1513153137048-5f8c31c5-30ea&#8221;][vc_column_text]<\/p>\n<table style=\"width: 100.012%;\">\n<tbody>\n<tr>\n<td style=\"text-align: left;\" colspan=\"2\"><span style=\"color: #be0300;\"><strong>Kompletthauben<\/strong><\/span><\/td>\n<\/tr>\n<tr>\n<td style=\"text-align: left;\">Schwei\u00dfhaube CA-28 Euromaski, T\u00f6nung 1,7 + 8 mit Luftverteilung<\/td>\n<td style=\"text-align: center;\">70 28 00<\/td>\n<\/tr>\n<tr>\n<td style=\"text-align: left;\">Schwei\u00dfhaube CA-28 Euromaski, T\u00f6nung 1,7 + 10 mit Luftverteilung<\/td>\n<td style=\"text-align: center;\">70 28 01<\/td>\n<\/tr>\n<tr style=\"height: 24px;\">\n<td style=\"width: 556px; height: 24px; text-align: left;\" colspan=\"2\"><span style=\"color: #be0300;\"><strong>Ersatzteile, Zubeh\u00f6r<\/strong><\/span><\/td>\n<\/tr>\n<tr style=\"height: 24px;\">\n<td style=\"width: 458.44px; height: 24px; text-align: left;\">Schwei\u00dfhaube CA-28 Euromaski, T\u00f6nung 1,7 + 8 mit Luftverteilung<\/td>\n<td style=\"width: 86.56px; height: 24px; text-align: center;\">70 28 00<\/td>\n<\/tr>\n<tr style=\"height: 24px;\">\n<td style=\"width: 458.44px; height: 24px; text-align: left;\">Schwei\u00dfhaube CA-28 Euromaski, T\u00f6nung 1,7 + 10 mit Luftverteilung<\/td>\n<td style=\"width: 86.56px; height: 24px; text-align: center;\">70 28 01<\/td>\n<\/tr>\n<tr style=\"height: 24px;\">\n<td style=\"width: 458.44px; height: 24px; text-align: left;\">Schwei\u00dfhaube CA-28 Euromaski, T\u00f6nung 3 + 8 mit Luftverteilung<\/td>\n<td style=\"width: 86.56px; height: 24px; text-align: center;\">70 28 02<\/td>\n<\/tr>\n<tr style=\"height: 24px;\">\n<td style=\"width: 458.44px; height: 24px; text-align: left;\">Schwei\u00dfhaube CA-28 Euromaski, T\u00f6nung 1,7 + 8 ohne Luftverteilung<\/td>\n<td style=\"width: 86.56px; height: 24px; text-align: center;\">40 28 00<\/td>\n<\/tr>\n<tr style=\"height: 24px;\">\n<td style=\"width: 458.44px; height: 24px; text-align: left;\">Schwei\u00dfhaube CA-28 Euromaski, T\u00f6nung 1,7 + 10 ohne Luftverteilung<\/td>\n<td style=\"width: 86.56px; height: 24px; text-align: center;\">40 28 01<\/td>\n<\/tr>\n<tr style=\"height: 24px;\">\n<td style=\"width: 458.44px; height: 24px; text-align: left;\">Schwei\u00dfhaube CA-28 Euromaski, T\u00f6nung 3 + 8 ohne Luftverteilung<\/td>\n<td style=\"width: 86.56px; height: 24px; text-align: center;\">40 28 02<\/td>\n<\/tr>\n<tr style=\"height: 24px;\">\n<td style=\"width: 458.44px; height: 24px; text-align: left;\">Hauptvisier CA-28 Euromaski \u2013 T\u00f6nung 1,7<\/td>\n<td style=\"width: 86.56px; height: 24px; text-align: center;\">4028 \u2013 202<\/td>\n<\/tr>\n<tr style=\"height: 24px;\">\n<td style=\"width: 458.44px; height: 24px; text-align: left;\">Hauptvisier CA-28 Euromaski \u2013 T\u00f6nung 3<\/td>\n<td style=\"width: 86.56px; height: 24px; text-align: center;\">4028 \u2013 203<\/td>\n<\/tr>\n<tr style=\"height: 24px;\">\n<td style=\"width: 458.44px; height: 24px; text-align: left;\">Hauptvisier CA-28 Euromaski \u2013 T\u00f6nung 5<\/td>\n<td style=\"width: 86.56px; height: 24px; text-align: center;\">4028 \u2013 204<\/td>\n<\/tr>\n<tr style=\"height: 24px;\">\n<td style=\"width: 458.44px; height: 24px; text-align: left;\">Aufklappbares Visier CA-28 Euromaski\u00b5\u2013 T\u00f6nung 5<\/td>\n<td style=\"width: 86.56px; height: 24px; text-align: center;\">4028 \u2013 216<\/td>\n<\/tr>\n<tr style=\"height: 24px;\">\n<td style=\"width: 458.44px; height: 24px; text-align: left;\">Aufklappbares Visier CA-28 Euromaski\u00b5\u2013 T\u00f6nung 8<\/td>\n<td style=\"width: 86.56px; height: 24px; text-align: center;\">4028 \u2013 205<\/td>\n<\/tr>\n<tr style=\"height: 24px;\">\n<td style=\"width: 458.44px; height: 24px; text-align: left;\">Aufklappbares Visier CA-28 Euromaski\u00b5\u2013 T\u00f6nung 9<\/td>\n<td style=\"width: 86.56px; height: 24px; text-align: center;\">4028 \u2013 224<\/td>\n<\/tr>\n<tr style=\"height: 24px;\">\n<td style=\"width: 458.44px; height: 24px; text-align: left;\">Aufklappbares Visier CA-28 Euromaski\u00b5\u2013 T\u00f6nung 10<\/td>\n<td style=\"width: 86.56px; height: 24px; text-align: center;\">4028 \u2013 206<\/td>\n<\/tr>\n<tr style=\"height: 24px;\">\n<td style=\"width: 458.44px; height: 24px; text-align: left;\">Aufklappbares Visier CA-28 Euromaski\u00b5\u2013 T\u00f6nung 11<\/td>\n<td style=\"width: 86.56px; height: 24px; text-align: center;\">4028 \u2013 225<\/td>\n<\/tr>\n<tr style=\"height: 24px;\">\n<td style=\"width: 458.44px; height: 24px; text-align: left;\">Befestigungsschrauben f\u00fcr aufklappbares Visier CA-28 Euromaski<\/td>\n<td style=\"width: 86.56px; height: 24px; text-align: center;\">4028 \u2013 207<\/td>\n<\/tr>\n<tr style=\"height: 24px;\">\n<td style=\"width: 458.44px; height: 24px; text-align: left;\">Sicherungsstift f\u00fcr aufklappbares Visier CA-28 Euromaski<\/td>\n<td style=\"width: 86.56px; height: 24px; text-align: center;\">4028 \u2013 208<\/td>\n<\/tr>\n<tr style=\"height: 24px;\">\n<td style=\"width: 458.44px; height: 24px; text-align: left;\">Montagesatz f\u00fcr Kopfband CA-28 Euromaski<\/td>\n<td style=\"width: 86.56px; height: 24px; text-align: center;\">4028 \u2013 215<\/td>\n<\/tr>\n<tr style=\"height: 24px;\">\n<td style=\"width: 458.44px; height: 24px; text-align: left;\">Hauptvisier CA-28 Euromaski \u2013 transparent<\/td>\n<td style=\"width: 86.56px; height: 24px; text-align: center;\">4028 \u2013 219<\/td>\n<\/tr>\n<tr style=\"height: 24px;\">\n<td style=\"width: 458.44px; height: 24px; text-align: left;\">Hauptvisier CA-28 Euromaski \u2013 rauchig<\/td>\n<td style=\"width: 86.56px; height: 24px; text-align: center;\">4028 \u2013 2191<\/td>\n<\/tr>\n<tr>\n<td style=\"width: 458.44px; text-align: left;\">Sicherungsstift f\u00fcr Hauptvisier CA-28 Euromaski<\/td>\n<td style=\"width: 86.56px; text-align: center;\">4028 \u2013 209<\/td>\n<\/tr>\n<tr>\n<td style=\"width: 458.44px; text-align: left;\">VR-1 Schwei\u00dffilter CA-28 Euromaski \u2013 T\u00f6nung 8<\/td>\n<td style=\"width: 86.56px; text-align: center;\">4028 \u2013 2100<\/td>\n<\/tr>\n<tr>\n<td style=\"width: 458.44px; text-align: left;\">VR-1 Schwei\u00dffilter CA-28 Euromaski \u2013 T\u00f6nung 10<\/td>\n<td style=\"width: 86.56px; text-align: center;\">4028 \u2013 2200<\/td>\n<\/tr>\n<tr>\n<td style=\"width: 458.44px; text-align: left;\">VR-1 Schwei\u00dffilter CA-28 Euromaski \u2013 T\u00f6nung 12<\/td>\n<td style=\"width: 86.56px; text-align: center;\">4028 \u2013 2300<\/td>\n<\/tr>\n<tr>\n<td style=\"width: 458.44px; text-align: left;\">Kopfband CA-28 Euromaski<\/td>\n<td style=\"width: 86.56px; text-align: center;\">4028 \u2013 2171<\/td>\n<\/tr>\n<\/tbody>\n<\/table>\n<p>[\/vc_column_text][\/vc_tta_section][vc_tta_section i_icon_fontawesome=&#8221;fa fa-wrench&#8221; add_icon=&#8221;true&#8221; title=&#8221;Technische Daten&#8221; tab_id=&#8221;1513153797992-792040b0-82c9&#8243;][vc_column_text]<\/p>\n<table>\n<tbody>\n<tr>\n<td style=\"text-align: left;\" colspan=\"2\"><span style=\"color: #be0300;\"><strong>Technische Daten<\/strong><\/span><\/td>\n<\/tr>\n<tr>\n<td style=\"text-align: left;\">Gewicht<\/td>\n<td style=\"text-align: center;\">560 g<\/td>\n<\/tr>\n<tr>\n<td style=\"text-align: left;\">Material<\/td>\n<td style=\"text-align: center;\">Helmschale \u2013 TPE<br \/>\nVisier \u2013 Polycarbonat<\/td>\n<\/tr>\n<tr>\n<td style=\"text-align: left;\">Schlauchanschluss<\/td>\n<td style=\"text-align: center;\">QuickLOCK\u2122<\/td>\n<\/tr>\n<tr>\n<td style=\"text-align: left;\">Schutzfaktor (NPF)<\/td>\n<td style=\"text-align: center;\">50<\/td>\n<\/tr>\n<tr>\n<td style=\"text-align: left;\">Zertifizierung<\/td>\n<td style=\"text-align: center;\">EN 12941 TH2, EN 14594 2A, EN 175 B, EN 166 B<\/td>\n<\/tr>\n<\/tbody>\n<\/table>\n<p>[\/vc_column_text][\/vc_tta_section][vc_tta_section i_icon_fontawesome=&#8221;fa fa-download&#8221; add_icon=&#8221;true&#8221; title=&#8221;Downloads&#8221; tab_id=&#8221;1513154098935-95c74e4f-fa1e&#8221;][vc_column_text]<strong><a href=\"https:\/\/www.clean-air.cz\/wp-content\/uploads\/2021\/01\/CNA039-R03-UM-Euromaski-CA-28-DIGI.pdf\" target=\"_blank\" rel=\"noopener noreferrer\">User manual CA-28 Euromaski welding helmet<\/a><\/strong><\/p>\n<p><strong><a href=\"https:\/\/www.clean-air.cz\/wp-content\/uploads\/2020\/01\/DA-033_-_702800_-_CA-28_Euromaski_-_EN.pdf\" target=\"_blank\" rel=\"noopener noreferrer\">Datasheet &#8211; DA-033-R02 &#8211; 70 28 00 &#8211; CA-28 Euromaski &#8211; EN<\/a><\/strong><\/p>\n<p><strong><a href=\"https:\/\/www.clean-air.cz\/wp-content\/uploads\/2020\/11\/PS-720201-1-R0-CA-2-Lite.pdf\">Declaration of confornity<\/a><a href=\"https:\/\/www.clean-air.cz\/wp-content\/uploads\/2024\/07\/PS-702800-1-R2-CA-28.pdf\">-702800-1-R2 CA-28<\/a><\/strong>[\/vc_column_text][\/vc_tta_section][vc_tta_section i_icon_fontawesome=&#8221;fa fa-picture-o&#8221; add_icon=&#8221;true&#8221; title=&#8221;Galerie&#8221; tab_id=&#8221;1515415801460-0c2258c9-4574&#8243;][vc_gallery type=&#8221;image_grid&#8221; images=&#8221;7631,7640,7645&#8243; img_size=&#8221;medium&#8221; css_animation=&#8221;fadeIn&#8221; css=&#8221;.vc_custom_1574675285935{padding-left: 280px !important;}&#8221;][\/vc_tta_section][\/vc_tta_tabs][\/vc_column][\/vc_row]<\/p>\n","protected":false},"excerpt":{"rendered":"<p>[vc_row][vc_column width=&#8221;1\/2&#8243;][vc_gallery interval=&#8221;0&#8243; images=&#8221;10556,10561,10566,10571&#8243; img_size=&#8221;large&#8221;][\/vc_column][vc_column width=&#8221;1\/2&#8243;][vc_column_text] CA-28 Euromaski ist eine ergonomische und leichte L\u00f6sung f\u00fcr die meisten Schwei\u00dfprozesse. Dank stabiler aufklappbarer Schwei\u00dfblende bietet sie hervorragenden Schutz beim Schleifen, Schwei\u00dfen und den nachfolgenden Reinigungsarbeiten. Das breite, gew\u00f6lbte Schutzvisier sorgt f\u00fcr eine ungest\u00f6rte Sicht in alle Richtungen und erf\u00fcllt die mittleren Anforderungen an die Schlagfestigkeit \u201eB\u201c gem\u00e4\u00df EN 166. Die CA-28 Euromaski sch\u00fctzt in Kombination mit einem CleanAIR\u00ae PAPR oder CleanAIR\u00ae Druckluftsystem<\/p>\n<p><a class=\"more-link\" href=\"https:\/\/www.clean-air.cz\/de\/hauben\/schweishauben\/ca-28-euromaski\/\">Weiterlesen<\/a><\/p>\n","protected":false},"author":11,"featured_media":0,"parent":4250,"menu_order":0,"comment_status":"closed","ping_status":"closed","template":"","meta":{"footnotes":""},"_links":{"self":[{"href":"https:\/\/www.clean-air.cz\/de\/wp-json\/wp\/v2\/pages\/3807"}],"collection":[{"href":"https:\/\/www.clean-air.cz\/de\/wp-json\/wp\/v2\/pages"}],"about":[{"href":"https:\/\/www.clean-air.cz\/de\/wp-json\/wp\/v2\/types\/page"}],"author":[{"embeddable":true,"href":"https:\/\/www.clean-air.cz\/de\/wp-json\/wp\/v2\/users\/11"}],"replies":[{"embeddable":true,"href":"https:\/\/www.clean-air.cz\/de\/wp-json\/wp\/v2\/comments?post=3807"}],"version-history":[{"count":0,"href":"https:\/\/www.clean-air.cz\/de\/wp-json\/wp\/v2\/pages\/3807\/revisions"}],"up":[{"embeddable":true,"href":"https:\/\/www.clean-air.cz\/de\/wp-json\/wp\/v2\/pages\/4250"}],"wp:attachment":[{"href":"https:\/\/www.clean-air.cz\/de\/wp-json\/wp\/v2\/media?parent=3807"}],"curies":[{"name":"wp","href":"https:\/\/api.w.org\/{rel}","templated":true}]}}