{"id":3801,"date":"2018-12-17T10:36:27","date_gmt":"2018-12-17T09:36:27","guid":{"rendered":"https:\/\/www.clean-air.cz\/schweishaube-ca-20\/"},"modified":"2025-08-14T11:44:54","modified_gmt":"2025-08-14T09:44:54","slug":"schweishaube-ca-20","status":"publish","type":"page","link":"https:\/\/www.clean-air.cz\/de\/hauben\/schweishauben\/schweishaube-ca-20\/","title":{"rendered":"Schwei\u00dfhaube CA-20"},"content":{"rendered":"<p>[vc_row][vc_column width=&#8221;1\/2&#8243;][vc_gallery interval=&#8221;0&#8243; images=&#8221;22378&#8243; img_size=&#8221;large&#8221;][\/vc_column][vc_column width=&#8221;1\/2&#8243;][vc_column_text]<\/p>\n<h4><span style=\"color: #ba0300;\">Ab dem 4. Oktober 2023 eingestellt.<\/span><br \/>\nAlle Verbrauchsmaterialien und Ersatzteile bleiben bis Dezember 2026 oder bis auf Weiteres verf\u00fcgbar.<\/h4>\n<p>&nbsp;<\/p>\n<p><strong><span style=\"font-size: 14pt; color: #be0300;\">Ausgezeichnete Optik und kompromissloser Atemschutz<\/span><\/strong><\/p>\n<p>Hohe optische Qualit\u00e4t 1\/1\/1\/1 und ausgezeichnete Sicht sowohl im Lichtzustand als auch beim Schwei\u00dfen. Gro\u00dfes Sichtfeld dank vergr\u00f6\u00dferten Gl\u00e4sern mit True Colour Funktion. CA-20 Helm mit verbesserter Wolframinertgas-Erkennung (TIG) bis auf 1 Amp. Das integrierte Luftverteilungssystem f\u00fchrt die Luft direkt in die Atemzone zu und bietet die M\u00f6glichkeit, die Luftstromrichtung individuell anzupassen. CA-20 erf\u00fcllt die Anforderungen Die der h\u00f6chsten Atemschutznormen.[\/vc_column_text][\/vc_column][\/vc_row][vc_row][vc_column width=&#8221;1\/3&#8243;][vc_column_text]<strong><span style=\"font-size: 14pt; color: #be0300;\">AUSF\u00dcHRUNGEN DER GESICHTSABDICHTUNG:<\/span><\/strong><\/p>\n<p>Gesichtsabdichtung Standard, die den Hinterkopf abdeckt und Gesichtsabdichtung Flexi mit bequemer und zugleich enger Passform um das Gesicht herum.<\/p>\n<p><img loading=\"lazy\" decoding=\"async\" class=\"alignnone size-medium wp-image-9396 aligncenter\" src=\"https:\/\/www.clean-air.cz\/wp-content\/uploads\/2020\/06\/CleanAIR-welding-helmet-CA-20-options-1-300x195.jpg\" alt=\"\" width=\"300\" height=\"195\" srcset=\"https:\/\/www.clean-air.cz\/wp-content\/uploads\/2020\/06\/CleanAIR-welding-helmet-CA-20-options-1-300x195.jpg 300w, https:\/\/www.clean-air.cz\/wp-content\/uploads\/2020\/06\/CleanAIR-welding-helmet-CA-20-options-1.jpg 746w\" sizes=\"(max-width: 300px) 100vw, 300px\" \/>[\/vc_column_text][\/vc_column][vc_column width=&#8221;1\/3&#8243;][vc_column_text]<strong><span style=\"font-size: 14pt; color: #be0300;\">FORTSCHRITTLICHES<br \/>\nLUFTVERTEILUNGSSYSTEM<\/span><\/strong><\/p>\n<p>Die integrierte Luftverteilung leitet die Luft direkt in die Atemzone. Die Luftstromausrichtung kann mit dem Luftumlenker einfach individuell angepasst werden.<\/p>\n<p><img loading=\"lazy\" decoding=\"async\" class=\"alignnone size-medium wp-image-9358 aligncenter\" src=\"https:\/\/www.clean-air.cz\/wp-content\/uploads\/2020\/06\/CleanAir-welding-helmet-CA-20-airflow-300x277.jpg\" alt=\"Welding helmet Clean-AIR CA-20 airflow\" width=\"300\" height=\"277\" \/>[\/vc_column_text][\/vc_column][vc_column width=&#8221;1\/3&#8243;][vc_column_text]<strong><span style=\"font-size: 14pt; color: #be0300;\">SCHLAUCHHALTER<\/span><\/strong><\/p>\n<p>Sicherer Halt f\u00fcr den Luftschlauch und einfacher Zugang zur Kopfbedeckung. Der Halter erm\u00f6glicht die ordnungsgem\u00e4\u00dfe L\u00e4ngenanpassung des Schlauchs. Keine Schlaufen mehr.<\/p>\n<p><img loading=\"lazy\" decoding=\"async\" class=\"alignnone size-medium wp-image-9406 aligncenter\" src=\"https:\/\/www.clean-air.cz\/wp-content\/uploads\/2020\/06\/CleanAIR-welding-helmet-CA-20-hose-holder-1-266x300.jpg\" alt=\"\" width=\"266\" height=\"300\" srcset=\"https:\/\/www.clean-air.cz\/wp-content\/uploads\/2020\/06\/CleanAIR-welding-helmet-CA-20-hose-holder-1-266x300.jpg 266w, https:\/\/www.clean-air.cz\/wp-content\/uploads\/2020\/06\/CleanAIR-welding-helmet-CA-20-hose-holder-1.jpg 429w\" sizes=\"(max-width: 266px) 100vw, 266px\" \/>[\/vc_column_text][\/vc_column][\/vc_row][vc_row][vc_column width=&#8221;1\/3&#8243;][vc_column_text]<strong><span style=\"font-size: 14pt; color: #be0300;\">EINZIGARTIGES GESICHTSABDICHTUNGSSYSTEM<\/span><\/strong><\/p>\n<p>Schnell und einfach auswechselbar.<\/p>\n<p><img loading=\"lazy\" decoding=\"async\" class=\"size-medium wp-image-9373 aligncenter\" src=\"https:\/\/www.clean-air.cz\/wp-content\/uploads\/2020\/06\/CleanAir-welding-helmet-CA-20-faceseal-replacement-300x294.jpg\" alt=\"Welding helmet Clean-AIR CA-20 face seal replacement\" width=\"300\" height=\"294\" \/>[\/vc_column_text][\/vc_column][vc_column width=&#8221;1\/3&#8243;][vc_column_text]<strong><span style=\"font-size: 14pt; color: #be0300;\">EINFACHER ERSATZTEILAUSTAUSCH<\/span><\/strong><\/p>\n<p><img loading=\"lazy\" decoding=\"async\" class=\"alignnone size-medium wp-image-9416 aligncenter\" src=\"https:\/\/www.clean-air.cz\/wp-content\/uploads\/2020\/06\/CleanAIR-welding-helmet-CA-20-spare-parts-replacement-1-300x98.jpg\" alt=\"Welding helmet Clean-AIR CA-20 spare parts replacement\" width=\"300\" height=\"98\" srcset=\"https:\/\/www.clean-air.cz\/wp-content\/uploads\/2020\/06\/CleanAIR-welding-helmet-CA-20-spare-parts-replacement-1-300x98.jpg 300w, https:\/\/www.clean-air.cz\/wp-content\/uploads\/2020\/06\/CleanAIR-welding-helmet-CA-20-spare-parts-replacement-1-768x252.jpg 768w, https:\/\/www.clean-air.cz\/wp-content\/uploads\/2020\/06\/CleanAIR-welding-helmet-CA-20-spare-parts-replacement-1-800x262.jpg 800w, https:\/\/www.clean-air.cz\/wp-content\/uploads\/2020\/06\/CleanAIR-welding-helmet-CA-20-spare-parts-replacement-1.jpg 1000w\" sizes=\"(max-width: 300px) 100vw, 300px\" \/>[\/vc_column_text][\/vc_column][vc_column width=&#8221;1\/3&#8243;][vc_column_text]<strong><span style=\"font-size: 14pt; color: #be0300;\">Superb optical quality 1\/1\/1\/1\u00a0<\/span><\/strong><\/p>\n<ul>\n<li>Vergr\u00f6\u00dfertes Sichtfeld 97 x 68 mm.<\/li>\n<li>True Colour Display mit verbesserter<br \/>\nFarbwahrnehmung.<\/li>\n<li>100 % Solarstromversorgung.<\/li>\n<li>Ein\/Aus-Automatik. Jederzeit schwei\u00dfbereit.<\/li>\n<\/ul>\n<p>&nbsp;<\/p>\n<p><img loading=\"lazy\" decoding=\"async\" class=\"alignnone size-medium wp-image-9421 aligncenter\" src=\"https:\/\/www.clean-air.cz\/wp-content\/uploads\/2020\/06\/CleanAIR-welding-helmet-CA-20-superb-optical-quality-300x148.jpg\" alt=\"Welding helmet Clean-AIR CA-20 optical quality\" width=\"300\" height=\"148\" srcset=\"https:\/\/www.clean-air.cz\/wp-content\/uploads\/2020\/06\/CleanAIR-welding-helmet-CA-20-superb-optical-quality-300x148.jpg 300w, https:\/\/www.clean-air.cz\/wp-content\/uploads\/2020\/06\/CleanAIR-welding-helmet-CA-20-superb-optical-quality.jpg 526w\" sizes=\"(max-width: 300px) 100vw, 300px\" \/>[\/vc_column_text][\/vc_column][\/vc_row][vc_row][vc_column width=&#8221;1\/3&#8243;][vc_column_text]<strong><span style=\"font-size: 14pt; color: #be0300;\">HALTER F\u00dcR VERGR\u00d6SSERUNGSGLAS<\/span><\/strong><\/p>\n<p>F\u00fcr Standard-Vergr\u00f6\u00dferungsgl\u00e4ser 108 x 51 mm.<\/p>\n<p><img loading=\"lazy\" decoding=\"async\" class=\"alignnone size-medium wp-image-9426 aligncenter\" src=\"https:\/\/www.clean-air.cz\/wp-content\/uploads\/2020\/06\/CleanAIR-welding-helmet-CA-20-magnifying-lens-holder-300x292.jpg\" alt=\"\" width=\"300\" height=\"292\" srcset=\"https:\/\/www.clean-air.cz\/wp-content\/uploads\/2020\/06\/CleanAIR-welding-helmet-CA-20-magnifying-lens-holder-300x292.jpg 300w, https:\/\/www.clean-air.cz\/wp-content\/uploads\/2020\/06\/CleanAIR-welding-helmet-CA-20-magnifying-lens-holder.jpg 526w\" sizes=\"(max-width: 300px) 100vw, 300px\" \/>[\/vc_column_text][\/vc_column][vc_column width=&#8221;1\/3&#8243;][vc_column_text]<strong><span style=\"font-size: 14pt; color: #be0300;\">ADC PLUS TECHNOLOGIE<\/span><\/strong><\/p>\n<p>= verbesserte Winkelabh\u00e4ngigkeit<\/p>\n<p><img loading=\"lazy\" decoding=\"async\" class=\"size-medium wp-image-9431 aligncenter\" src=\"https:\/\/www.clean-air.cz\/wp-content\/uploads\/2020\/06\/CleanAIR-welding-helmet-CA-20-adc-plus-technology-300x151.jpg\" alt=\"\" width=\"300\" height=\"151\" srcset=\"https:\/\/www.clean-air.cz\/wp-content\/uploads\/2020\/06\/CleanAIR-welding-helmet-CA-20-adc-plus-technology-300x151.jpg 300w, https:\/\/www.clean-air.cz\/wp-content\/uploads\/2020\/06\/CleanAIR-welding-helmet-CA-20-adc-plus-technology-1024x514.jpg 1024w, https:\/\/www.clean-air.cz\/wp-content\/uploads\/2020\/06\/CleanAIR-welding-helmet-CA-20-adc-plus-technology-768x385.jpg 768w, https:\/\/www.clean-air.cz\/wp-content\/uploads\/2020\/06\/CleanAIR-welding-helmet-CA-20-adc-plus-technology-1536x771.jpg 1536w, https:\/\/www.clean-air.cz\/wp-content\/uploads\/2020\/06\/CleanAIR-welding-helmet-CA-20-adc-plus-technology-2048x1028.jpg 2048w, https:\/\/www.clean-air.cz\/wp-content\/uploads\/2020\/06\/CleanAIR-welding-helmet-CA-20-adc-plus-technology-800x402.jpg 800w\" sizes=\"(max-width: 300px) 100vw, 300px\" \/>[\/vc_column_text][\/vc_column][vc_column width=&#8221;1\/3&#8243;][vc_column_text]<strong><span style=\"font-size: 14pt; color: #be0300;\">DUALER SENSOR MIT INTELLIGENTER SENSORTECHNOLOGIE<\/span><\/strong><\/p>\n<p>Der intelligente Sensor unterscheidet zwischen Lichtbogen und Umgebungslicht.<\/p>\n<p><img loading=\"lazy\" decoding=\"async\" class=\"size-medium wp-image-9436 aligncenter\" src=\"https:\/\/www.clean-air.cz\/wp-content\/uploads\/2020\/06\/CleanAir-welding-helmet-CA-20-inteligent-sensing-technology-300x269.jpg\" alt=\"\" width=\"300\" height=\"269\" srcset=\"https:\/\/www.clean-air.cz\/wp-content\/uploads\/2020\/06\/CleanAir-welding-helmet-CA-20-inteligent-sensing-technology-300x269.jpg 300w, https:\/\/www.clean-air.cz\/wp-content\/uploads\/2020\/06\/CleanAir-welding-helmet-CA-20-inteligent-sensing-technology.jpg 526w\" sizes=\"(max-width: 300px) 100vw, 300px\" \/>[\/vc_column_text][\/vc_column][\/vc_row][vc_row][vc_column width=&#8221;1\/3&#8243;][vc_column_text]<strong><span style=\"font-size: 14pt; color: #be0300;\">EXTERNE STEUERUNG CA-20 GDS 6-8\/9-13<\/span><\/strong><\/p>\n<ul>\n<li>Externe Steuerung<\/li>\n<li>Erweiterte Farbtonkorrektur\n<ul>\n<li>6 bis 8 bei Autogen- und Plasmaschneiden<\/li>\n<li>9 bis 13 bei Schwei\u00dfung<\/li>\n<\/ul>\n<\/li>\n<li>Gro\u00dfer Einstellungsbereich der Empfindlichkeit<\/li>\n<li>Verz\u00f6gerungseinstellung der Schaltzeit von Dunkel auf Hell<\/li>\n<li>Schleifmodusfunktion<\/li>\n<\/ul>\n<p><img loading=\"lazy\" decoding=\"async\" class=\"alignnone size-medium wp-image-9383 aligncenter\" src=\"https:\/\/www.clean-air.cz\/wp-content\/uploads\/2020\/06\/CleanAir-welding-helmet-CA-20-side-239x300.jpg\" alt=\"Welding helmet Clean-AIR CA-20 left side view\" width=\"239\" height=\"300\" srcset=\"https:\/\/www.clean-air.cz\/wp-content\/uploads\/2020\/06\/CleanAir-welding-helmet-CA-20-side-239x300.jpg 239w, https:\/\/www.clean-air.cz\/wp-content\/uploads\/2020\/06\/CleanAir-welding-helmet-CA-20-side.jpg 527w\" sizes=\"(max-width: 239px) 100vw, 239px\" \/>[\/vc_column_text][\/vc_column][vc_column width=&#8221;1\/3&#8243;][vc_column_text]<strong><span style=\"font-size: 14pt; color: #be0300;\">INTERNE STEUERUNG CA-20 DS 6-8\/9-13<\/span><\/strong><\/p>\n<ul>\n<li>Farbeinstellung 9 bis 13<\/li>\n<li>Gro\u00dfer Einstellungsbereich der<br \/>\nEmpfindlichkeit<\/li>\n<li>Verz\u00f6gerungseinstellung der<br \/>\nSchaltzeit von Dunkel auf Hell<\/li>\n<li>Schleifmodusfunktion<\/li>\n<\/ul>\n<p><img loading=\"lazy\" decoding=\"async\" class=\"size-medium wp-image-9446 aligncenter\" src=\"https:\/\/www.clean-air.cz\/wp-content\/uploads\/2020\/06\/CleanAir-welding-helmet-CA-20-DS-side-239x300.jpg\" alt=\"\" width=\"239\" height=\"300\" srcset=\"https:\/\/www.clean-air.cz\/wp-content\/uploads\/2020\/06\/CleanAir-welding-helmet-CA-20-DS-side-239x300.jpg 239w, https:\/\/www.clean-air.cz\/wp-content\/uploads\/2020\/06\/CleanAir-welding-helmet-CA-20-DS-side.jpg 526w\" sizes=\"(max-width: 239px) 100vw, 239px\" \/>[\/vc_column_text][\/vc_column][vc_column width=&#8221;1\/3&#8243;][vc_column_text]<strong><span style=\"font-size: 14pt; color: #be0300;\">CA-20 PLUS Kombination von CA-20 Schwei\u00dfhelm und des Schutzhelms Centurion<\/span><\/strong><\/p>\n<ul>\n<li>Gut gestaltete Harthelmadapter erm\u00f6glichen eine sichere Passform des Helms und reibungsloses Heben\/ Senken.<\/li>\n<li>Das Schnellwechselsystem mvereinfacht das Befestigen oder L\u00f6sen des Schirms vom Helm.<\/li>\n<\/ul>\n<p><img loading=\"lazy\" decoding=\"async\" class=\"size-medium wp-image-9441 aligncenter\" src=\"https:\/\/www.clean-air.cz\/wp-content\/uploads\/2020\/06\/CleanAir-welding-helmet-CA-20-plus-239x300.jpg\" alt=\"Welding helmet Clean-AIR CA-20 plus\" width=\"239\" height=\"300\" srcset=\"https:\/\/www.clean-air.cz\/wp-content\/uploads\/2020\/06\/CleanAir-welding-helmet-CA-20-plus-239x300.jpg 239w, https:\/\/www.clean-air.cz\/wp-content\/uploads\/2020\/06\/CleanAir-welding-helmet-CA-20-plus.jpg 526w\" sizes=\"(max-width: 239px) 100vw, 239px\" \/>[\/vc_column_text][\/vc_column][\/vc_row][vc_row][vc_column][vc_tta_tabs style=&#8221;modern&#8221; shape=&#8221;square&#8221; active_section=&#8221;1&#8243; no_fill_content_area=&#8221;true&#8221; title=&#8221;Details&#8221;][vc_tta_section i_icon_fontawesome=&#8221;fa fa-industry&#8221; add_icon=&#8221;true&#8221; title=&#8221;Anwendungsbereiche&#8221; tab_id=&#8221;1513150336358-68add988-e9ea&#8221;][vc_column_text]<\/p>\n<p><span style=\"color: #be0300;\"><strong>Anwendungsbereiche<\/strong><\/span><\/p>\n<p>Professionelle Schwei\u00dfhaube, die sich f\u00fcr Elektrodenschwei\u00dfen (SMAW), Metall-Schutzgas-Schwei\u00dfen (MIG\/MAG), WIG-Schwei\u00dfen (TIG) und Plasma-Schwei\u00dfen eignet.<\/p>\n<p>[\/vc_column_text][\/vc_tta_section][vc_tta_section i_icon_fontawesome=&#8221;fa fa-thumbs-o-up&#8221; add_icon=&#8221;true&#8221; title=&#8221;Merkmale und Vorteile&#8221; tab_id=&#8221;1513150336359-b7b65468-8021&#8243;][vc_column_text]<\/p>\n<div class=\"fl30\"><img loading=\"lazy\" decoding=\"async\" class=\"size-medium wp-image-195 alignleft\" src=\"https:\/\/www.clean-air.cz\/wp-content\/uploads\/2018\/06\/BH3_airflow-300x237-300x237.jpg\" alt=\"\" width=\"300\" height=\"237\" \/><\/div>\n<div class=\"fl70\">\n<p><span style=\"color: #be0300;\"><strong>Merkmale und Vorteile<br \/>\n<\/strong><\/span><\/p>\n<ul>\n<li>Hervorragende klare Sicht und h\u00f6chste optische Qualit\u00e4t 1\/1\/1\/1<\/li>\n<li>Vergr\u00f6\u00dfertes Sichtfeld 97 x 68 mm<\/li>\n<li>True Colour Display mit verbesserter Farbwahrnehmung<\/li>\n<li>Erweiterte Farbtonkorrektur:<br \/>\n6 bis 8 bei Autogen- und Plasmaschneiden<br \/>\n9 bis 13 bei Schwei\u00dfung<\/li>\n<li>Schleifmodusfunktion<\/li>\n<li>Einfacher Ersatzteilaustausch<\/li>\n<li>Fortschrittliches Luftverteilungssystem<\/li>\n<li>H\u00f6chster Atemschutzstandard TH3<\/li>\n<li>5 Jahre Garantie<\/li>\n<\/ul>\n<\/div>\n<p>[\/vc_column_text][\/vc_tta_section][vc_tta_section i_icon_fontawesome=&#8221;fa fa-cog&#8221; add_icon=&#8221;true&#8221; title=&#8221;Kompletts\u00e4tze, Zubeh\u00f6r, Filter&#8221; tab_id=&#8221;1513153137048-5f8c31c5-30ea&#8221;][vc_column_text]<\/p>\n<table style=\"width: 100%; height: 840px;\">\n<tbody>\n<tr style=\"height: 24px;\">\n<td style=\"text-align: left; width: 99.84%; height: 24px;\" colspan=\"2\"><span style=\"color: #be0300;\"><strong>Kompletthaube<\/strong><\/span><\/td>\n<\/tr>\n<tr style=\"height: 48px;\">\n<td style=\"width: 85.28%; height: 48px;\">Schwei\u00dfhaube CA-20 mit integrierter Luftverteilung und ADF V9-13 DS sowie Gesichtsabdichtung Flexi<\/td>\n<td style=\"width: 14.56%; text-align: center; height: 48px;\">70 20 70F<\/td>\n<\/tr>\n<tr style=\"height: 48px;\">\n<td style=\"width: 85.28%; height: 48px;\">Schwei\u00dfhaube CA-20 mit integrierter Luftverteilung und ADF V6-8\/9-13 GDS sowie Gesichtsabdichtung Flexi<\/td>\n<td style=\"width: 14.56%; text-align: center; height: 48px;\">70 20 81F<\/td>\n<\/tr>\n<tr style=\"height: 48px;\">\n<td style=\"width: 85.28%; height: 48px;\">Schwei\u00dfhaube CA-20 Plus mit integrierter Luftverteilung und ADF V6-8\/9-13 GDS sowie Gesichtsabdichtung Flexi und Centurion Helm<\/td>\n<td style=\"width: 14.56%; text-align: center; height: 48px;\">74 20 81<\/td>\n<\/tr>\n<tr style=\"height: 48px;\">\n<td style=\"width: 85.28%; height: 48px;\">Schwei\u00dfzubeh\u00f6rpaket Ready to Weld der CA-20 DS mit CleanAIR\u00ae AerGO\u00ae Enth\u00e4lt Standardakku, Komfortg\u00fcrtel, P R SL Filter, QuickLOCK\u2122 Luftschlauch und Tasche<\/td>\n<td style=\"width: 14.56%; text-align: center; height: 48px;\">30 20 70FP<\/td>\n<\/tr>\n<tr style=\"height: 72px;\">\n<td style=\"width: 85.28%; height: 72px;\">Schwei\u00dfzubeh\u00f6rpaket Ready to Weld der CA-20 GDS mit CleanAIR\u00ae AerGO\u00ae Enth\u00e4lt HD-Akku, Lederg\u00fcrtel, ABEP R SL Filter, QuickLOCK\u2122 Luftschlauch und Tasche<\/td>\n<td style=\"width: 14.56%; text-align: center; height: 72px;\">30 20 81FLH<\/td>\n<\/tr>\n<tr style=\"height: 24px;\">\n<td style=\"width: 99.84%; height: 24px;\" colspan=\"2\"><span style=\"color: #be0300;\"><strong>Ersatzteile, Zubeh\u00f6r<\/strong><\/span><\/td>\n<\/tr>\n<tr style=\"height: 24px;\">\n<td style=\"text-align: left; height: 24px; width: 85.28%;\">Schwei\u00dfhaube CA-20 mit integrierter Luftverteilung und ADF Balder Grand V9-13 DS<\/td>\n<td style=\"text-align: center; height: 24px; width: 14.56%;\">70 20 70<\/td>\n<\/tr>\n<tr style=\"height: 24px;\">\n<td style=\"text-align: left; height: 24px; width: 85.28%;\">Schwei\u00dfhaube CA-20 mit integrierter Luftverteilung und ADF Balder Grand V6-8\/9-13 GDS<\/td>\n<td style=\"text-align: center; height: 24px; width: 14.56%;\">70 20 81F<\/td>\n<\/tr>\n<tr style=\"height: 24px;\">\n<td style=\"text-align: left; height: 24px; width: 85.28%;\">Schwei\u00dfhaube CA-20 Plus mit integrierter Luftverteilung und ADF V6-8\/9-13 GDS sowie Gesichtsabdichtung Flexi und Centurion Helm<\/td>\n<td style=\"text-align: center; height: 24px; width: 14.56%;\">74 20 81<\/td>\n<\/tr>\n<tr style=\"height: 24px;\">\n<td style=\"text-align: left; height: 24px; width: 85.28%;\">Schwei\u00dfhaube Balder BH3 Grand DS mit ADF Balder Grand V9-13 DS<\/td>\n<td style=\"text-align: center; height: 24px; width: 14.56%;\">40 20 70<\/td>\n<\/tr>\n<tr style=\"height: 24px;\">\n<td style=\"text-align: left; height: 24px; width: 85.28%;\">Schwei\u00dfhaube Balder BH3 Grand GDS mit ADF Balder Grand V6-8\/9-13 GDS<\/td>\n<td style=\"text-align: center; height: 24px; width: 14.56%;\">40 20 80<\/td>\n<\/tr>\n<tr style=\"height: 24px;\">\n<td style=\"text-align: left; height: 24px; width: 85.28%;\">Schwei\u00dfband CleanAIR\u00ae (10 St\u00fcck Paket)<\/td>\n<td style=\"text-align: center; height: 24px; width: 14.56%;\">16 70 01\/10<\/td>\n<\/tr>\n<tr style=\"height: 24px;\">\n<td style=\"text-align: left; height: 24px; width: 85.28%;\">Filter mit automatischer Verdunkelung Balder V9-13DS DS ADC Plus<\/td>\n<td style=\"text-align: center; height: 24px; width: 14.56%;\">40 50 70<\/td>\n<\/tr>\n<tr style=\"height: 24px;\">\n<td style=\"text-align: left; height: 24px; width: 85.28%;\">Filter mit automatischer Verdunkelung Balder V9-13 GDS ADC Plus<\/td>\n<td style=\"text-align: center; height: 24px; width: 14.56%;\">40 50 80<\/td>\n<\/tr>\n<tr style=\"height: 24px;\">\n<td style=\"text-align: left; height: 24px; width: 85.28%;\">Adapterset f\u00fcr festen Helm Centurion<\/td>\n<td style=\"text-align: center; height: 24px; width: 14.56%;\">70 20 35<\/td>\n<\/tr>\n<tr style=\"height: 24px;\">\n<td style=\"text-align: left; height: 24px; width: 85.28%;\">Fester Helm Centurion<\/td>\n<td style=\"text-align: center; height: 24px; width: 14.56%;\">70 20 34<\/td>\n<\/tr>\n<tr style=\"height: 24px;\">\n<td style=\"text-align: left; height: 24px; width: 85.28%;\">CA-20\/BH3 Rahmen der Vorderseite<\/td>\n<td style=\"text-align: center; height: 24px; width: 14.56%;\">70 20 31<\/td>\n<\/tr>\n<tr style=\"height: 24px;\">\n<td style=\"text-align: left; height: 24px; width: 85.28%;\">Schlauchhalter<\/td>\n<td style=\"text-align: center; height: 24px; width: 14.56%;\">70 20 32<\/td>\n<\/tr>\n<tr style=\"height: 24px;\">\n<td style=\"text-align: left; height: 24px; width: 85.28%;\">Gesichtsabdichtung f\u00fcr Schwei\u00dfhaube CA-20 \u2013 Flexi<\/td>\n<td style=\"text-align: center; height: 24px; width: 14.56%;\">70 20 60F<\/td>\n<\/tr>\n<tr style=\"height: 24px;\">\n<td style=\"text-align: left; height: 24px; width: 85.28%;\">Gesichtsabdichtung f\u00fcr Schwei\u00dfhaube CA-20 \u2013 Standard<\/td>\n<td style=\"text-align: center; height: 24px; width: 14.56%;\">70 20 60<\/td>\n<\/tr>\n<tr style=\"height: 24px;\">\n<td style=\"text-align: left; height: 24px; width: 85.28%;\">Schutzplatte au\u00dfen<\/td>\n<td style=\"text-align: center; height: 24px; width: 14.56%;\">70 20 71<\/td>\n<\/tr>\n<tr style=\"height: 24px;\">\n<td style=\"text-align: left; height: 24px; width: 85.28%;\">Schutzplatte innen, 107,5 x 71,5 mm<\/td>\n<td style=\"text-align: center; height: 24px; width: 14.56%;\">70 20 72<\/td>\n<\/tr>\n<tr style=\"height: 24px;\">\n<td style=\"text-align: left; height: 24px; width: 85.28%;\">Vergr\u00f6\u00dferungsglas, 1,0\u2006D BH3 107 x 51 mm<\/td>\n<td style=\"text-align: center; height: 24px; width: 14.56%;\">70 20 74<\/td>\n<\/tr>\n<tr style=\"height: 24px;\">\n<td style=\"text-align: left; height: 24px; width: 85.28%;\">Vergr\u00f6\u00dferungsglas, 1,5\u2006D BH3 107 x 51 mm<\/td>\n<td style=\"text-align: center; height: 24px; width: 14.56%;\">70 20 75<\/td>\n<\/tr>\n<tr style=\"height: 24px;\">\n<td style=\"text-align: left; height: 24px; width: 85.28%;\">Vergr\u00f6\u00dferungsglas, 2,0\u2006D BH3 107 x 51 mm<\/td>\n<td style=\"text-align: center; height: 24px; width: 14.56%;\">70 20 76<\/td>\n<\/tr>\n<tr style=\"height: 24px;\">\n<td style=\"text-align: left; height: 24px; width: 85.28%;\">Vergr\u00f6\u00dferungsglas, 2,5\u2006D BH3 107 x 51 mm<\/td>\n<td style=\"text-align: center; height: 24px; width: 14.56%;\">70 20 77<\/td>\n<\/tr>\n<tr style=\"height: 24px;\">\n<td style=\"text-align: left; height: 24px; width: 85.28%;\">Vergr\u00f6\u00dferungsglashalter f\u00fcr BH3<\/td>\n<td style=\"text-align: center; height: 24px; width: 14.56%;\">70 20 78<\/td>\n<\/tr>\n<tr style=\"height: 24px;\">\n<td style=\"text-align: left; height: 24px; width: 85.28%;\">Kopfband f\u00fcr CA-20 mit Schwei\u00dfbandset<\/td>\n<td style=\"text-align: center; height: 24px; width: 14.56%;\">70 25 41<\/td>\n<\/tr>\n<\/tbody>\n<\/table>\n<p>[\/vc_column_text][\/vc_tta_section][vc_tta_section i_icon_fontawesome=&#8221;fa fa-wrench&#8221; add_icon=&#8221;true&#8221; title=&#8221;Technische Daten&#8221; tab_id=&#8221;1513153797992-792040b0-82c9&#8243;][vc_column_text]<\/p>\n<table>\n<tbody>\n<tr>\n<td style=\"text-align: left;\"><span style=\"color: #be0300;\"><strong>Gewicht<\/strong><\/span><\/td>\n<td style=\"text-align: center;\">800 g<\/td>\n<\/tr>\n<tr>\n<td style=\"text-align: left;\"><span style=\"color: #be0300;\"><strong>ADF Abmessung<\/strong><\/span><\/td>\n<td style=\"text-align: center;\">110&#215;110 mm<\/td>\n<\/tr>\n<tr>\n<td style=\"text-align: left;\"><span style=\"color: #be0300;\"><strong>Sichtfeld<\/strong><\/span><\/td>\n<td style=\"text-align: center;\">97&#215;67 mm<\/td>\n<\/tr>\n<tr>\n<td style=\"text-align: left;\"><span style=\"color: #be0300;\"><strong>Schlauchanschluss<\/strong><\/span><\/td>\n<td style=\"text-align: center;\">QuickLOCK\u2122<\/td>\n<\/tr>\n<tr>\n<td style=\"text-align: left;\"><span style=\"color: #be0300;\"><strong>Zertifizierung<\/strong><\/span><\/td>\n<td style=\"text-align: center;\">EN 379 1\/1\/1\/1, EN 175 B,<br \/>\nEN 12941 TH3, EN 14594 3B<\/td>\n<\/tr>\n<tr>\n<td style=\"text-align: left;\"><span style=\"color: #be0300;\"><strong>Nennschutzfaktor (NPF)<\/strong><\/span><\/td>\n<td style=\"text-align: center;\">500<\/td>\n<\/tr>\n<\/tbody>\n<\/table>\n<p>[\/vc_column_text][\/vc_tta_section][vc_tta_section i_icon_fontawesome=&#8221;fa fa-download&#8221; add_icon=&#8221;true&#8221; title=&#8221;Downloads&#8221; tab_id=&#8221;1513154098935-95c74e4f-fa1e&#8221;][vc_column_text]<strong><a href=\"https:\/\/www.clean-air.cz\/wp-content\/uploads\/2019\/11\/CNA-012-R3-Headpieces-multi-v0.2.0.pdf\" target=\"_blank\" rel=\"noopener noreferrer\">User manual CNA-012-R3 Headpieces multi v0.2.0<\/a><\/strong><\/p>\n<p><strong><a href=\"https:\/\/www.clean-air.cz\/wp-content\/uploads\/2021\/08\/DA-050_-_702081_-_CA-20GDS_-_EN.pdf\">Datasheet DA-050_-_702081_-_CA-20GDS_-_EN<\/a><\/strong><\/p>\n<p><strong><a href=\"https:\/\/www.clean-air.cz\/wp-content\/uploads\/2021\/08\/DA-052_-_702070_-_CA-20DS_-_EN.pdf\">Datasheet DA-052_-_702070_-_CA-20DS_-_EN<\/a><\/strong><\/p>\n<p>[\/vc_column_text][\/vc_tta_section][vc_tta_section i_icon_fontawesome=&#8221;fa fa-picture-o&#8221; add_icon=&#8221;true&#8221; title=&#8221;Galerie&#8221; tab_id=&#8221;1515415801460-0c2258c9-4574&#8243;][vc_gallery type=&#8221;image_grid&#8221; images=&#8221;7578,7598,7587,7607,7592,7577,7597&#8243; img_size=&#8221;medium&#8221; css_animation=&#8221;fadeIn&#8221; css=&#8221;.vc_custom_1574679866621{padding-left: 280px !important;}&#8221; el_class=&#8221;ca-20_gallery&#8221;][\/vc_tta_section][\/vc_tta_tabs][\/vc_column][\/vc_row]<\/p>\n","protected":false},"excerpt":{"rendered":"<p>[vc_row][vc_column width=&#8221;1\/2&#8243;][vc_gallery interval=&#8221;0&#8243; images=&#8221;22378&#8243; img_size=&#8221;large&#8221;][\/vc_column][vc_column width=&#8221;1\/2&#8243;][vc_column_text] Ab dem 4. Oktober 2023 eingestellt. Alle Verbrauchsmaterialien und Ersatzteile bleiben bis Dezember 2026 oder bis auf Weiteres verf\u00fcgbar. &nbsp; Ausgezeichnete Optik und kompromissloser Atemschutz Hohe optische Qualit\u00e4t 1\/1\/1\/1 und ausgezeichnete Sicht sowohl im Lichtzustand als auch beim Schwei\u00dfen. Gro\u00dfes Sichtfeld dank vergr\u00f6\u00dferten Gl\u00e4sern mit True Colour Funktion. CA-20 Helm mit verbesserter Wolframinertgas-Erkennung (TIG) bis auf 1 Amp. Das integrierte Luftverteilungssystem f\u00fchrt die Luft<\/p>\n<p><a class=\"more-link\" href=\"https:\/\/www.clean-air.cz\/de\/hauben\/schweishauben\/schweishaube-ca-20\/\">Weiterlesen<\/a><\/p>\n","protected":false},"author":11,"featured_media":0,"parent":4250,"menu_order":0,"comment_status":"closed","ping_status":"closed","template":"","meta":{"footnotes":""},"_links":{"self":[{"href":"https:\/\/www.clean-air.cz\/de\/wp-json\/wp\/v2\/pages\/3801"}],"collection":[{"href":"https:\/\/www.clean-air.cz\/de\/wp-json\/wp\/v2\/pages"}],"about":[{"href":"https:\/\/www.clean-air.cz\/de\/wp-json\/wp\/v2\/types\/page"}],"author":[{"embeddable":true,"href":"https:\/\/www.clean-air.cz\/de\/wp-json\/wp\/v2\/users\/11"}],"replies":[{"embeddable":true,"href":"https:\/\/www.clean-air.cz\/de\/wp-json\/wp\/v2\/comments?post=3801"}],"version-history":[{"count":0,"href":"https:\/\/www.clean-air.cz\/de\/wp-json\/wp\/v2\/pages\/3801\/revisions"}],"up":[{"embeddable":true,"href":"https:\/\/www.clean-air.cz\/de\/wp-json\/wp\/v2\/pages\/4250"}],"wp:attachment":[{"href":"https:\/\/www.clean-air.cz\/de\/wp-json\/wp\/v2\/media?parent=3801"}],"curies":[{"name":"wp","href":"https:\/\/api.w.org\/{rel}","templated":true}]}}