{"id":3714,"date":"2018-12-11T13:00:24","date_gmt":"2018-12-11T12:00:24","guid":{"rendered":"https:\/\/www.clean-air.cz\/chemie-labore-pharmaindustrie\/"},"modified":"2023-10-17T13:43:52","modified_gmt":"2023-10-17T11:43:52","slug":"chemie-labore-pharmaindustrie","status":"publish","type":"page","link":"https:\/\/www.clean-air.cz\/de\/chemie-labore-pharmaindustrie\/","title":{"rendered":"Chemie, Labore &#038; Pharmaindustrie"},"content":{"rendered":"<p>[vc_row css=&#8221;.vc_custom_1515063137650{background-color: #ffffff !important;}&#8221;][vc_column][vc_column_text]<\/p>\n<h2>Atemschutz-Gebl\u00e4sesysteme und Druckluftsysteme<\/h2>\n<p>[\/vc_column_text][vc_tta_tour style=&#8221;modern&#8221; shape=&#8221;square&#8221; gap=&#8221;1&#8243; active_section=&#8221;1&#8243; no_fill_content_area=&#8221;true&#8221;][vc_tta_section title=&#8221;Chemical 2F&#8221; tab_id=&#8221;1515061200914-4dd3150e-98ab&#8221;][vc_column_text]<img loading=\"lazy\" decoding=\"async\" class=\"wp-image-369 size-medium alignnone\" src=\"https:\/\/www.clean-air.cz\/wp-content\/uploads\/2018\/06\/2F-iso-copy-300x208.jpg\" alt=\"\" width=\"300\" height=\"208\" srcset=\"https:\/\/www.clean-air.cz\/wp-content\/uploads\/2018\/06\/2F-iso-copy-300x208.jpg 300w, https:\/\/www.clean-air.cz\/wp-content\/uploads\/2018\/06\/2F-iso-copy-768x531.jpg 768w, https:\/\/www.clean-air.cz\/wp-content\/uploads\/2018\/06\/2F-iso-copy-1024x709.jpg 1024w, https:\/\/www.clean-air.cz\/wp-content\/uploads\/2018\/06\/2F-iso-copy-800x554.jpg 800w, https:\/\/www.clean-air.cz\/wp-content\/uploads\/2018\/06\/2F-iso-copy.jpg 1156w\" sizes=\"(max-width: 300px) 100vw, 300px\" \/><\/p>\n<h3>CleanAIR\u00ae Chemical 2F<\/h3>\n<p>Neue Generation von Atemschutz-Gebl\u00e4sesystemen zur Filtration von Verschmutzungen in\u00a0der Form von Gasen, D\u00e4mpfen, Partikeln\u00a0und deren Kombinationen.\u00a0Trotz der kompakten Gr\u00f6\u00dfe und des geringen Gewichtes\u00a0bietet das Chemical 2F eine hohe mechanische und chemische Best\u00e4ndigkeit sowie UV-Best\u00e4ndigkeit.\u00a0Der Aufbau und die Schutzklasse IP64 erm\u00f6glichen eine Dekontamination in der Dusche. Das einzigartige\u00a0automatische Schlie\u00dfsystem verhindert das Eindringen von\u00a0Schadstoffen w\u00e4hrend des Filterwechsels. Das Vollfarb-Display zeigt alle relevanten Informationen.[\/vc_column_text][vc_btn title=&#8221;Siehe die Produktseite!&#8221; shape=&#8221;square&#8221; color=&#8221;juicy-pink&#8221; i_icon_fontawesome=&#8221;fa fa-arrow-right&#8221; add_icon=&#8221;true&#8221; link=&#8221;url:https%3A%2F%2Fwww.clean-air.cz%2Fde%2Fsysteme-fur-den-personlichen-atemschutz%2Fcleanair-chemical-2f%2F|title:CleanAIR%C2%AE%20Chemical%202F|&#8221;][\/vc_tta_section][vc_tta_section title=&#8221;Chemical 2F Ex&#8221; tab_id=&#8221;1574166915880-3c9b1e78-5b5f&#8221;][vc_column_text]<img loading=\"lazy\" decoding=\"async\" class=\"alignnone wp-image-7474 size-medium\" src=\"https:\/\/www.clean-air.cz\/wp-content\/uploads\/2019\/11\/2F_Ex-iso-copy-300x197.jpg\" alt=\"\" width=\"300\" height=\"197\" srcset=\"https:\/\/www.clean-air.cz\/wp-content\/uploads\/2019\/11\/2F_Ex-iso-copy-300x197.jpg 300w, https:\/\/www.clean-air.cz\/wp-content\/uploads\/2019\/11\/2F_Ex-iso-copy-1024x672.jpg 1024w, https:\/\/www.clean-air.cz\/wp-content\/uploads\/2019\/11\/2F_Ex-iso-copy-768x504.jpg 768w, https:\/\/www.clean-air.cz\/wp-content\/uploads\/2019\/11\/2F_Ex-iso-copy-1536x1008.jpg 1536w, https:\/\/www.clean-air.cz\/wp-content\/uploads\/2019\/11\/2F_Ex-iso-copy-800x525.jpg 800w, https:\/\/www.clean-air.cz\/wp-content\/uploads\/2019\/11\/2F_Ex-iso-copy.jpg 1628w\" sizes=\"(max-width: 300px) 100vw, 300px\" \/><\/p>\n<h3>Chemical 2F Ex<\/h3>\n<p>Das vielseitigste und langlebigste Atemschutzger\u00e4t ist jetzt in der ATEX-Version erh\u00e4ltlich, die in explosionsgef\u00e4hrdeten Bereichen eingesetzt werden kann.<\/p>\n<p><strong>Areas of application<\/strong><\/p>\n<ul>\n<li>Potenziell explosive Atmosph\u00e4ren, zugelassen f\u00fcr Zone 2<\/li>\n<li>Stark belastete Umgebungen wie in der chemischen und pharmazeutischen Industrie<\/li>\n<li>Sanierungsarbeiten, Labore<\/li>\n<li>Erste Hilfe und Notfallteams<\/li>\n<li>Schutz vor biologischen Gefahrstoffen<\/li>\n<\/ul>\n<p>[\/vc_column_text][vc_btn title=&#8221;Siehe die Produktseite!&#8221; shape=&#8221;square&#8221; color=&#8221;juicy-pink&#8221; i_icon_fontawesome=&#8221;fa fa-arrow-right&#8221; add_icon=&#8221;true&#8221; link=&#8221;url:https%3A%2F%2Fwww.clean-air.cz%2Fde%2Fsysteme-fur-den-personlichen-atemschutz%2Fcleanair-chemical-2f-ex%2Fcleanair-chemical-2f-ex-2%2F|title:CleanAIR%C2%AE%20Chemical%202F%20Ex|&#8221;][\/vc_tta_section][vc_tta_section title=&#8221;Chemical 3F&#8221; tab_id=&#8221;1533020277349-4e2422c4-2d8e&#8221;][vc_column_text]<img loading=\"lazy\" decoding=\"async\" class=\"wp-image-573 size-medium alignnone\" src=\"https:\/\/www.clean-air.cz\/wp-content\/uploads\/2018\/06\/3F_filters-iso-copy-300x227.jpg\" alt=\"\" width=\"300\" height=\"227\" \/><\/p>\n<h3>CleanAIR\u00ae Chemical 3F<\/h3>\n<p>Hohe Leistung, mechanische und chemische Best\u00e4ndigkeit, UVBest\u00e4ndigkeit\u00a0und die Schutzklasse IP64 garantieren einen ausreichenden\u00a0Schutz des Tr\u00e4gers, selbst in belastenden Industrieumgebungen, in der\u00a0Chemieindustrie, in Laboren und in der pharmazeutischen Industrie. Das Vollfarbdisplay zeigt alle relevanten Informationen.[\/vc_column_text][vc_btn title=&#8221;Siehe die Produktseite!&#8221; shape=&#8221;square&#8221; color=&#8221;juicy-pink&#8221; i_icon_fontawesome=&#8221;fa fa-arrow-right&#8221; add_icon=&#8221;true&#8221; link=&#8221;url:https%3A%2F%2Fwww.clean-air.cz%2Fde%2Fsysteme-fur-den-personlichen-atemschutz%2Fcleanair-chemical-3f%2F|title:CleanAIR%C2%AE%20Chemical%203F|&#8221;][\/vc_tta_section][vc_tta_section title=&#8221;Pressure&#8221; tab_id=&#8221;1533293799695-86f80bcf-c5e9&#8243;][vc_column_text]<img loading=\"lazy\" decoding=\"async\" class=\"wp-image-412 size-medium alignnone\" src=\"https:\/\/www.clean-air.cz\/wp-content\/uploads\/2023\/08\/Pressure-front.jpg\" alt=\"CA Pressure\" width=\"200\" height=\"169\" \/><\/p>\n<h3>CleanAIR\u00ae <b>Pressure<\/b><\/h3>\n<p><strong>CleanAIR\u00ae Pressure<\/strong>\u00a0ist eine\u00a0Grundversion vom Druckluftsystem, die bereitgestellte Luftmenge regeln\u00a0kann\u00a0und diese\u00a0ungeachtet von \u00c4nderungen am Eingangsdruck\u00a0auf einem konstanten Niveau halten (der Eingangsdruck soll 0,4-1Mpa sein).[\/vc_column_text][vc_btn title=&#8221;Siehe die Produktseite!&#8221; shape=&#8221;square&#8221; color=&#8221;juicy-pink&#8221; i_icon_fontawesome=&#8221;fa fa-arrow-right&#8221; add_icon=&#8221;true&#8221; link=&#8221;url:https%3A%2F%2Fwww.clean-air.cz%2Fde%2Fdruckluftsysteme%2Fcleanair-pressure%2F|title:CleanAIR%C2%AE%20Pressure|&#8221;][\/vc_tta_section][vc_tta_section title=&#8221;Pressure for Mask&#8221; tab_id=&#8221;1533293645629-452ace63-09e7&#8243;][vc_column_text]<img loading=\"lazy\" decoding=\"async\" class=\"wp-image-621 size-medium alignnone\" src=\"https:\/\/www.clean-air.cz\/wp-content\/uploads\/2018\/07\/Pressure_for_Mask_GX02-iso-copy-300x215.jpg\" alt=\"\" width=\"300\" height=\"215\" \/><\/p>\n<h3>CleanAIR\u00ae Pressure For Mask<\/h3>\n<p>In der Kombination von der Vollmaske Shigematsu und des P R SL Filters mit zwei Gewinden stellt <strong>CleanAIR\u00ae Pressure For Mask<\/strong> das h\u00f6chste Niveau vom Schutz bei langen Arbeiten in den toxischen Umgebungen dar.[\/vc_column_text][vc_btn title=&#8221;Siehe die Produktseite!&#8221; shape=&#8221;square&#8221; color=&#8221;juicy-pink&#8221; i_icon_fontawesome=&#8221;fa fa-arrow-right&#8221; add_icon=&#8221;true&#8221; link=&#8221;url:https%3A%2F%2Fwww.clean-air.cz%2Fde%2Fdruckluftsysteme%2Fcleanair-pressure-for-mask%2F|title:CleanAIR%C2%AE%20Pressure%20For%20Mask|&#8221;][\/vc_tta_section][vc_tta_section title=&#8221;D-Bug&#8221; tab_id=&#8221;1574770349910-697b7458-c9af&#8221;][vc_column_text]<img loading=\"lazy\" decoding=\"async\" class=\"alignnone wp-image-7523 size-medium\" src=\"https:\/\/www.clean-air.cz\/wp-content\/uploads\/2019\/11\/D-Bug-iso2-copy-300x204.jpg\" alt=\"\" width=\"300\" height=\"204\" srcset=\"https:\/\/www.clean-air.cz\/wp-content\/uploads\/2019\/11\/D-Bug-iso2-copy-300x204.jpg 300w, https:\/\/www.clean-air.cz\/wp-content\/uploads\/2019\/11\/D-Bug-iso2-copy-1024x697.jpg 1024w, https:\/\/www.clean-air.cz\/wp-content\/uploads\/2019\/11\/D-Bug-iso2-copy-768x523.jpg 768w, https:\/\/www.clean-air.cz\/wp-content\/uploads\/2019\/11\/D-Bug-iso2-copy-1536x1046.jpg 1536w, https:\/\/www.clean-air.cz\/wp-content\/uploads\/2019\/11\/D-Bug-iso2-copy-800x545.jpg 800w, https:\/\/www.clean-air.cz\/wp-content\/uploads\/2019\/11\/D-Bug-iso2-copy.jpg 1702w\" sizes=\"(max-width: 300px) 100vw, 300px\" \/><\/p>\n<h3>CleanAIR\u00ae D-Bug<\/h3>\n<p>CleanAIR<sup>\u00ae<\/sup>\u00a0D-BUG bietet seinen Benutzern die Wahl zwischen Partikel- oder Kombinationsfiltern auf einem leichten, elektrisch betriebenen Atemschutzger\u00e4t zur Luftreinigung, das direkt auf der Vollgesichtsmaske montiert werden kann. Diese L\u00f6sung bietet Atem- und Gesichtsschutz vor sch\u00e4dlichen Partikeln, Gasen oder D\u00e4mpfen. Das System bietet zwei Tragem\u00f6glichkeiten: F\u00fcr maximale Bewegungsfreiheit kann es direkt an der Vollgesichtsmaske befestigt werden oder f\u00fcr minimales Gewicht beim Tragen auf dem Kopf kann es mithilfe eines Schlauchs und eines speziellen Adapters, der im Lieferumfang der Atemschutzmaske enthalten ist, am G\u00fcrtel befestigt werden.[\/vc_column_text][vc_btn title=&#8221;Siehe die Produktseite!&#8221; shape=&#8221;square&#8221; color=&#8221;juicy-pink&#8221; i_icon_fontawesome=&#8221;fa fa-arrow-right&#8221; add_icon=&#8221;true&#8221; link=&#8221;url:https%3A%2F%2Fwww.clean-air.cz%2Fde%2Fsysteme-fur-den-personlichen-atemschutz%2Fd-bug%2F|title:CleanAIR%C2%AE%20Pressure%20For%20Mask|&#8221;][\/vc_tta_section][\/vc_tta_tour][\/vc_column][\/vc_row][vc_row css=&#8221;.vc_custom_1515063137650{background-color: #ffffff !important;}&#8221;][vc_column][vc_column_text]<\/p>\n<h2>Hauben und bel\u00fcftete Schutzkleidung<\/h2>\n<p>[\/vc_column_text][vc_tta_tour style=&#8221;modern&#8221; shape=&#8221;square&#8221; gap=&#8221;1&#8243; active_section=&#8221;1&#8243; no_fill_content_area=&#8221;true&#8221;][vc_tta_section title=&#8221;UniMask&#8221; tab_id=&#8221;1533565168788-e1d6b2a0-29b7&#8243;][vc_column_text]<\/p>\n<p><img loading=\"lazy\" decoding=\"async\" class=\"alignnone wp-image-7344 size-medium\" src=\"https:\/\/www.clean-air.cz\/wp-content\/uploads\/2019\/11\/UniMask-iso-copy-275x300.jpg\" alt=\"\" width=\"275\" height=\"300\" \/><\/p>\n<h3>UniMask<\/h3>\n<p>Leichter Universal-Gesichtsschutz f\u00fcr h\u00f6chsten Komfort und Sicherheit. H\u00f6chster Atemschutz mit verbesserter innerer Luftstromregulierung und ein Visier mit hervorragenden optischen und mechanischen Eigenschaften machen diesen universellen leichten Gesichtsschutz zu einem echten Spitzenreiter seiner Klasse.<\/p>\n<p>[\/vc_column_text][vc_btn title=&#8221;Siehe die Produktseite!&#8221; shape=&#8221;square&#8221; color=&#8221;juicy-pink&#8221; i_icon_fontawesome=&#8221;fa fa-arrow-right&#8221; add_icon=&#8221;true&#8221; link=&#8221;url:https%3A%2F%2Fwww.clean-air.cz%2Fde%2Fhauben%2Fschutzschirme%2Funimask%2F|title:Kurze%20Haube%20CA-1|&#8221;][\/vc_tta_section][vc_tta_section title=&#8221;Kurze Haube CA-1&#8243; tab_id=&#8221;1573117125123-15e5fc41-a892&#8243;][vc_column_text]<br \/>\n<img loading=\"lazy\" decoding=\"async\" class=\"wp-image-140 size-medium alignnone\" src=\"https:\/\/www.clean-air.cz\/wp-content\/uploads\/2020\/06\/CleanAIR_CA-1-side-300x289.jpg\" alt=\"CA-1\" width=\"300\" height=\"300\" \/><\/p>\n<h3>Kurze Haube CA-1<\/h3>\n<p>Eine kurze Schutzhaube zum Schutz\u00a0des Gesichts und der Atemwege.<br \/>\nDas bequeme und einstellbare Kopfband (der Kopfumfang\u00a0und die H\u00f6he sind in drei Stufen einstellbar) sorgt f\u00fcr\u00a0einen hervorragenden Tragekomfort. Die Gr\u00f6\u00dfe\u00a0der Haube kann an zwei Punkten angepasst werden: am Hinterkopf und am Hals. Das\u00a0breite Panoramavisier erm\u00f6glicht eine\u00a0gute Orientierung und besitzt eine\u00a0spezielle Anti-Beschlag-Beschichtung.[\/vc_column_text][vc_btn title=&#8221;Siehe die Produktseite!&#8221; shape=&#8221;square&#8221; color=&#8221;juicy-pink&#8221; i_icon_fontawesome=&#8221;fa fa-arrow-right&#8221; add_icon=&#8221;true&#8221; link=&#8221;url:https%3A%2F%2Fwww.clean-air.cz%2Fde%2Fhauben%2Fleichthauben%2Fkurze-haube-ca-1%2F|title:Kurze%20Haube%20CA-1|&#8221;][\/vc_tta_section][vc_tta_section title=&#8221;Lange Haube CA-2&#8243; tab_id=&#8221;1533565168841-ca5fd843-cd36&#8243;][vc_column_text]<br \/>\n<img loading=\"lazy\" decoding=\"async\" class=\"wp-image-155 size-medium alignnone\" src=\"https:\/\/www.clean-air.cz\/wp-content\/uploads\/2020\/06\/CA-2_orange-side-copy-300x227.jpg\" alt=\"\" width=\"300\" height=\"446\" \/><\/p>\n<h3>Lange Haube CA-2<\/h3>\n<p>Diese leichte, verl\u00e4ngerte Haube kombiniert\u00a0Schutz der Atemwege mit dem Schutz von Gesicht, Kopf, Hals und Schultern.\u00a0Das bequeme und einstellbare Kopfband (der Kopfumfang\u00a0und die H\u00f6he sind in drei Stufen einstellbar) sorgt f\u00fcr einen hervorragenden Tragekomfort. Die Gr\u00f6\u00dfe der Haube kann an\u00a0zwei Punkten angepasst werden: am Hinterkopf und am Hals.\u00a0Das breite Panoramavisier erm\u00f6glicht eine gute Orientierung und besitzt eine spezielle Anti-Beschlag-Beschichtung. Die Haube ist auch als <strong>chemisch best\u00e4ndige Ausf\u00fchrung<\/strong> mit geklebten N\u00e4hten erh\u00e4ltlich und kann dekontaminiert werden.[\/vc_column_text][vc_btn title=&#8221;Siehe die Produktseite!&#8221; shape=&#8221;square&#8221; color=&#8221;juicy-pink&#8221; i_icon_fontawesome=&#8221;fa fa-arrow-right&#8221; add_icon=&#8221;true&#8221; link=&#8221;url:https%3A%2F%2Fwww.clean-air.cz%2Fde%2Fhauben%2Fleichthauben%2Flange-haube-ca-2%2F|title:Lange%20Haube%20CA-2|&#8221;][\/vc_tta_section][vc_tta_section title=&#8221;Universelle Haube CA-10&#8243; tab_id=&#8221;1533565168899-213cf87c-daf3&#8243;][vc_column_text]<br \/>\n<img loading=\"lazy\" decoding=\"async\" class=\"wp-image-174 size-medium alignnone\" src=\"https:\/\/www.clean-air.cz\/wp-content\/uploads\/2020\/06\/CA-10-side-300x234.jpg\" alt=\"\" width=\"300\" height=\"395\" \/><\/p>\n<h3>Kurze Haube CA-10<\/h3>\n<p>Haube mit doppelter Nahtlinie (an Kinn\u00a0und Hals), mit hoher Schutzklasse\u00a0(TH3) zum Schutz von Atemwegen,\u00a0Gesicht, Kopf und Hals. Das einstellbare Kopfband sorgt f\u00fcr eine perfekte\u00a0Passform (der Kopfumfang und die H\u00f6he sind in\u00a0drei Stufen einstellbar). Die Gr\u00f6\u00dfe der Haube kann\u00a0an zwei Punkten angepasst werden: am Hinterkopf\u00a0und am Hals. Das breite Panoramavisier erm\u00f6glicht\u00a0eine gute Orientierung und besitzt eine spezielle\u00a0Anti-Beschlag-Beschichtung. Die Haube ist auch als chemisch best\u00e4ndige Ausf\u00fchrung mit getapten\u00a0N\u00e4hten erh\u00e4ltlich und kann dekontaminiert werden.[\/vc_column_text][vc_btn title=&#8221;Siehe die Produktseite!&#8221; shape=&#8221;square&#8221; color=&#8221;juicy-pink&#8221; i_icon_fontawesome=&#8221;fa fa-arrow-right&#8221; add_icon=&#8221;true&#8221; link=&#8221;url:https%3A%2F%2Fwww.clean-air.cz%2Fde%2Fhauben%2Fleichthauben%2Fkurze-haube-ca-10%2F|title:Universelle%20Haube%20CA-10|&#8221;][\/vc_tta_section][vc_tta_section title=&#8221;Bel\u00fcftete Schutzkleidung&#8221; tab_id=&#8221;1533566068574-5848b527-c633&#8243;][vc_column_text]<img loading=\"lazy\" decoding=\"async\" class=\"wp-image-440 size-medium alignnone\" src=\"https:\/\/www.clean-air.cz\/wp-content\/uploads\/2023\/01\/923550_Panoramate-3550-Lite-front.jpg\" alt=\"\" width=\"300\" height=\"235\" \/><\/p>\n<h3>Bel\u00fcftete Schutzkleidung mit Chemical 2F<\/h3>\n<p>Bel\u00fcftete Anz\u00fcge mit gefilterter Luft, angetrieben durch die <strong>CleanAIR\u00ae Chemical 2F<\/strong>&#8211; und <strong>PANORAMATE LITE<\/strong>-Technologie, bieten Schutz der Atemwege, des Gesichts und des K\u00f6rpers vor gef\u00e4hrlichen Substanzen wie Chemikalien in Form von festen und fl\u00fcssigen Aerosolen, einschlie\u00dflich radioaktiver und biologischer Kontamination.[\/vc_column_text][vc_btn title=&#8221;Siehe die Produktseite!&#8221; shape=&#8221;square&#8221; color=&#8221;juicy-pink&#8221; i_icon_fontawesome=&#8221;fas fa-arrow-right&#8221; add_icon=&#8221;true&#8221; link=&#8221;url:https%3A%2F%2Fwww.clean-air.cz%2Fde%2Fpanoramate-lite%2F|title:Panoramate%20Lite|&#8221;][\/vc_tta_section][\/vc_tta_tour][vc_column_text]<\/p>\n<h2>Vollmasken, Halbmasken<\/h2>\n<p>[\/vc_column_text][vc_tta_tour style=&#8221;modern&#8221; shape=&#8221;square&#8221; gap=&#8221;1&#8243; active_section=&#8221;1&#8243; no_fill_content_area=&#8221;true&#8221;][vc_tta_section title=&#8221;Shigematsu GX02&#8243; tab_id=&#8221;1533293507786-db44970d-05b6&#8243;][vc_column_text]<img loading=\"lazy\" decoding=\"async\" class=\"wp-image-327 size-medium alignnone\" src=\"https:\/\/www.clean-air.cz\/wp-content\/uploads\/2018\/06\/GX02-iso-copy-300x294.jpg\" alt=\"\" width=\"300\" height=\"294\" \/><\/p>\n<h3>Vollmaske Shigematsu GX02<\/h3>\n<p>Die Vollmaske Shigematsu GX02 nutzt einen Doppeldichtungsflansch, der f\u00fcr eine maximale Abdichtung sorgt und zudem noch einen hohen Tragekomfort gew\u00e4hrt. Die Maske besitzt ein breites Panaromavisier f\u00fcr ein maximales Sichtfeld und eine Sprechmembran, welche die Kommunikation erleichtert. Das austauschbare Polycarbonat-Visier wurde einer speziellen Oberfl\u00e4chenbehandlung unterzogen, die f\u00fcr eine hohe Kratzfestigkeit sorgt. Das Maskengestell besteht aus hochwertigem Silikon, das eine hohe Best\u00e4ndigkeit und lange Produktlebensdauer garantiert. Das Sechs-Punkt-Gurtzeug bietet eine sichere und einfache Passform. Die Maske wird mit einem standardm\u00e4\u00dfigen Anschlussgewinde RD40x1\/7\u201d gem\u00e4\u00df EN 148-1 befestigt. Somit kann der Nutzer eine Vielzahl von Filtern und die luftreinigenden Atemschutzsysteme CleanAIR\u00ae kombinieren. Die Maske erf\u00fcllt die Normen EN 136 und EN 12942.[\/vc_column_text][vc_btn title=&#8221;Siehe die Produktseite!&#8221; shape=&#8221;square&#8221; color=&#8221;juicy-pink&#8221; i_icon_fontawesome=&#8221;fa fa-arrow-right&#8221; add_icon=&#8221;true&#8221; link=&#8221;url:https%3A%2F%2Fwww.clean-air.cz%2Fde%2Fhauben%2Fmasken%2Fshigematsu-gx02%2F|title:Shigematsu%20GX02|&#8221;][\/vc_tta_section][vc_tta_section title=&#8221;Shigematsu CF02&#8243; tab_id=&#8221;1533563153380-52c6364a-f923&#8243;][vc_column_text]<img loading=\"lazy\" decoding=\"async\" class=\"wp-image-327 size-medium alignnone\" src=\"https:\/\/www.clean-air.cz\/wp-content\/uploads\/2018\/06\/CF02-iso-copy-256x300.jpg\" alt=\"\" width=\"256\" height=\"300\" srcset=\"https:\/\/www.clean-air.cz\/wp-content\/uploads\/2018\/06\/CF02-iso-copy-256x300.jpg 256w, https:\/\/www.clean-air.cz\/wp-content\/uploads\/2018\/06\/CF02-iso-copy.jpg 682w\" sizes=\"(max-width: 256px) 100vw, 256px\" \/><\/p>\n<h3>Full face mask Shigematsu CF02<\/h3>\n<p>Die Maske besitzt ein hervorragendes sph\u00e4risches Visier, das den Abstand zwischen Augen und Visier verringert. Dieses Design reduziert Verzerrungen und bietet ein klares und weitl\u00e4ufiges Sichtfeld. Eine spezielle Oberfl\u00e4chenbehandlung verhindert, dass das Visier zerkratzt. Das Maskengestell besteht aus hochwertigem Styrol-TPE, das eine hohe Best\u00e4ndigkeit und lange Produktlebensdauer garantiert. Die Maske wird mit einem standardm\u00e4\u00dfigen Anschlussgewinde RD40x1\/7\u201d gem\u00e4\u00df EN 148-1 befestigt, wodurch der Tr\u00e4ger eine Vielzahl von Filtern und die luftreinigenden Atemschutzsysteme CleanAIR<sup>\u00ae<\/sup> nutzen kann.[\/vc_column_text][vc_btn title=&#8221;Siehe die Produktseite!&#8221; shape=&#8221;square&#8221; color=&#8221;juicy-pink&#8221; i_icon_fontawesome=&#8221;fa fa-arrow-right&#8221; add_icon=&#8221;true&#8221; link=&#8221;url:https%3A%2F%2Fwww.clean-air.cz%2Fde%2Fhauben%2Fmasken%2Fshigematsu-cf02%2F|title:Shigematsu%20CF02|&#8221;][\/vc_tta_section][vc_tta_section title=&#8221;Halbmaske CA-5&#8243; tab_id=&#8221;1533293507786-c7be02d1-0be7&#8243;][vc_column_text]<img loading=\"lazy\" decoding=\"async\" class=\"wp-image-524 size-medium alignnone\" src=\"https:\/\/www.clean-air.cz\/wp-content\/uploads\/2018\/06\/700500-Halfmask-CA-5-289x300.jpg\" alt=\"\" width=\"289\" height=\"300\" srcset=\"https:\/\/www.clean-air.cz\/wp-content\/uploads\/2018\/06\/700500-Halfmask-CA-5-289x300.jpg 289w, https:\/\/www.clean-air.cz\/wp-content\/uploads\/2018\/06\/700500-Halfmask-CA-5-50x52.jpg 50w, https:\/\/www.clean-air.cz\/wp-content\/uploads\/2018\/06\/700500-Halfmask-CA-5.jpg 674w\" sizes=\"(max-width: 289px) 100vw, 289px\" \/><\/p>\n<h3>Halbmaske CA-5<\/h3>\n<p>Diese universelle Einzelfilter-Halbmaske\u00a0mit dem Anschlussgewinde RD40\u00d71\/7\u201d gem\u00e4\u00df EN 148-1 besteht aus best\u00e4ndigem\u00a0 thermoplastischen Elastomer und bietet ein Vier-Punkt-Gurtzeug, das f\u00fcr eine\u00a0bequeme und sichere Passform sorgt. Das 40 mm Anschlussgewinde\u00a0kann mit zertifizierten Filtern mit weniger als 300 g Gewicht oder mit\u00a0den luftreinigenden Atemschutzsystemen CleanAIR\u00ae verwendet werden.[\/vc_column_text][vc_btn title=&#8221;Siehe die Produktseite!&#8221; shape=&#8221;square&#8221; color=&#8221;juicy-pink&#8221; i_icon_fontawesome=&#8221;fa fa-arrow-right&#8221; add_icon=&#8221;true&#8221;][\/vc_tta_section][\/vc_tta_tour][\/vc_column][\/vc_row][vc_row content_placement=&#8221;middle&#8221;][vc_column][vc_tta_accordion shape=&#8221;square&#8221; active_section=&#8221;&#8221;][vc_tta_section i_icon_fontawesome=&#8221;fa fa-info-circle&#8221; add_icon=&#8221;true&#8221; title=&#8221;Legende der Schutzsymbole&#8221; tab_id=&#8221;1515066157336-19bc9408-6024&#8243;][vc_column_text]<\/p>\n<table class=\" aligncenter\">\n<tbody>\n<tr>\n<td style=\"text-align: center;\"><img loading=\"lazy\" decoding=\"async\" class=\"alignnone size-full wp-image-50\" style=\"font-size: 1rem;\" src=\"https:\/\/www.clean-air.cz\/wp-content\/uploads\/2018\/06\/helma-120.png\" alt=\"\" width=\"92\" height=\"120\" \/><\/td>\n<td style=\"text-align: center;\"><img loading=\"lazy\" decoding=\"async\" class=\"alignnone size-full wp-image-54\" style=\"color: #444444; font-size: 14px; text-align: start;\" src=\"https:\/\/www.clean-air.cz\/wp-content\/uploads\/2018\/06\/svarovaci-stit-120.png\" alt=\"\" width=\"100\" height=\"120\" \/><\/td>\n<td style=\"text-align: center;\"><img loading=\"lazy\" decoding=\"async\" class=\"alignnone size-full wp-image-53\" style=\"color: #444444; font-size: 14px; text-align: start;\" src=\"https:\/\/www.clean-air.cz\/wp-content\/uploads\/2018\/06\/stit-120.png\" alt=\"\" width=\"100\" height=\"120\" \/><\/td>\n<td style=\"text-align: center;\"><img loading=\"lazy\" decoding=\"async\" class=\"alignnone size-full wp-image-52\" style=\"color: #444444; font-size: 14px; text-align: start;\" src=\"https:\/\/www.clean-air.cz\/wp-content\/uploads\/2018\/06\/sluchatka-120.png\" alt=\"\" width=\"124\" height=\"120\" \/><\/td>\n<td style=\"text-align: center;\"><img loading=\"lazy\" decoding=\"async\" class=\"alignnone size-full wp-image-51\" style=\"color: #444444; font-size: 14px; text-align: start;\" src=\"https:\/\/www.clean-air.cz\/wp-content\/uploads\/2018\/06\/plice-120.png\" alt=\"\" width=\"138\" height=\"120\" \/><\/td>\n<\/tr>\n<tr>\n<td style=\"text-align: center;\"><span style=\"color: #000000;\">HEAD<\/span><\/td>\n<td style=\"text-align: center;\"><span style=\"color: #000000;\">WELDING<\/span><\/td>\n<td style=\"text-align: center;\"><span style=\"color: #000000;\">EYE AND FACE<\/span><\/td>\n<td style=\"text-align: center;\"><span style=\"color: #000000;\">HEARING<\/span><\/td>\n<td style=\"text-align: center;\"><span style=\"color: #000000;\">RESPIRATORY<\/span><\/td>\n<\/tr>\n<\/tbody>\n<\/table>\n<p>[\/vc_column_text][\/vc_tta_section][\/vc_tta_accordion][vc_separator color=&#8221;juicy_pink&#8221;][\/vc_column][\/vc_row][vc_row][vc_column][\/vc_column][\/vc_row]<\/p>\n","protected":false},"excerpt":{"rendered":"<p>[vc_row css=&#8221;.vc_custom_1515063137650{background-color: #ffffff !important;}&#8221;][vc_column][vc_column_text] Atemschutz-Gebl\u00e4sesysteme und Druckluftsysteme [\/vc_column_text][vc_tta_tour style=&#8221;modern&#8221; shape=&#8221;square&#8221; gap=&#8221;1&#8243; active_section=&#8221;1&#8243; no_fill_content_area=&#8221;true&#8221;][vc_tta_section title=&#8221;Chemical 2F&#8221; tab_id=&#8221;1515061200914-4dd3150e-98ab&#8221;][vc_column_text] CleanAIR\u00ae Chemical 2F Neue Generation von Atemschutz-Gebl\u00e4sesystemen zur Filtration von Verschmutzungen in\u00a0der Form von Gasen, D\u00e4mpfen, Partikeln\u00a0und deren Kombinationen.\u00a0Trotz der kompakten Gr\u00f6\u00dfe und des geringen Gewichtes\u00a0bietet das Chemical 2F eine hohe mechanische und chemische Best\u00e4ndigkeit sowie UV-Best\u00e4ndigkeit.\u00a0Der Aufbau und die Schutzklasse IP64 erm\u00f6glichen eine Dekontamination in der Dusche. Das einzigartige\u00a0automatische Schlie\u00dfsystem verhindert das Eindringen<\/p>\n<p><a class=\"more-link\" href=\"https:\/\/www.clean-air.cz\/de\/chemie-labore-pharmaindustrie\/\">Weiterlesen<\/a><\/p>\n","protected":false},"author":11,"featured_media":0,"parent":0,"menu_order":0,"comment_status":"closed","ping_status":"closed","template":"","meta":{"footnotes":""},"_links":{"self":[{"href":"https:\/\/www.clean-air.cz\/de\/wp-json\/wp\/v2\/pages\/3714"}],"collection":[{"href":"https:\/\/www.clean-air.cz\/de\/wp-json\/wp\/v2\/pages"}],"about":[{"href":"https:\/\/www.clean-air.cz\/de\/wp-json\/wp\/v2\/types\/page"}],"author":[{"embeddable":true,"href":"https:\/\/www.clean-air.cz\/de\/wp-json\/wp\/v2\/users\/11"}],"replies":[{"embeddable":true,"href":"https:\/\/www.clean-air.cz\/de\/wp-json\/wp\/v2\/comments?post=3714"}],"version-history":[{"count":0,"href":"https:\/\/www.clean-air.cz\/de\/wp-json\/wp\/v2\/pages\/3714\/revisions"}],"wp:attachment":[{"href":"https:\/\/www.clean-air.cz\/de\/wp-json\/wp\/v2\/media?parent=3714"}],"curies":[{"name":"wp","href":"https:\/\/api.w.org\/{rel}","templated":true}]}}