{"id":3676,"date":"2018-12-07T16:23:41","date_gmt":"2018-12-07T15:23:41","guid":{"rendered":"https:\/\/www.clean-air.cz\/hauben\/schutzschirme\/schutzhelm-ca-4\/"},"modified":"2023-01-18T10:01:26","modified_gmt":"2023-01-18T09:01:26","slug":"schutzhelm-ca-4","status":"publish","type":"page","link":"https:\/\/www.clean-air.cz\/de\/hauben\/schutzschirme\/schutzhelm-ca-4\/","title":{"rendered":"Schutzhelm CA-4"},"content":{"rendered":"<p>[vc_row][vc_column width=&#8221;1\/2&#8243;][vc_gallery interval=&#8221;3&#8243; images=&#8221;18178,18184,18190,18196&#8243; img_size=&#8221;large&#8221;][\/vc_column][vc_column width=&#8221;1\/2&#8243;][vc_column_text]<strong><span style=\"font-size: 14pt; color: #be0300;\">Leichter industrieller Schutzhelm mit Luftverteilung.<\/span><\/strong><\/p>\n<p>Der Helm kann mit weiteren Sicherheitselementen ausgestattet werden wie zus\u00e4tzliches hochklappbares Polycarbonatvisier zum Schutz der Augen vor Partikeln mit mittlerer Energie oder Ohrensch\u00fctzern und einem langen Umhang zum Schutz des Halses. Das breite Panoramavisier mit beschlagfreier Beschichtung sorgt f\u00fcr gute Orientierung. Dank anpassbarer Kopfbedeckung und Kopfband hat der Helm einen guten Sitz.[\/vc_column_text][vc_btn title=&#8221;Sehen Sie sich das komplette Sortiment von Schutzhelmen an&#8221; shape=&#8221;square&#8221; color=&#8221;juicy-pink&#8221; size=&#8221;lg&#8221; align=&#8221;left&#8221; i_icon_fontawesome=&#8221;fa fa-info-circle&#8221; css_animation=&#8221;none&#8221; add_icon=&#8221;true&#8221; link=&#8221;url:https%3A%2F%2Fwww.clean-air.cz%2Fde%2Fhauben%2Fschutzschirme%2F|title:Sehen%20Sie%20sich%20das%20komplette%20Sortiment%20von%20Leichthauben%20an|&#8221;][\/vc_column][\/vc_row][vc_row][vc_column][vc_tta_tabs style=&#8221;modern&#8221; shape=&#8221;square&#8221; active_section=&#8221;1&#8243; no_fill_content_area=&#8221;true&#8221; title=&#8221;Details&#8221;][vc_tta_section i_icon_fontawesome=&#8221;fa fa-industry&#8221; add_icon=&#8221;true&#8221; title=&#8221;Anwendungsbereiche&#8221; tab_id=&#8221;1513150336358-68add988-e9ea&#8221;][vc_column_text]<span style=\"color: #be0300;\"><strong>Anwendungsbereiche<\/strong><\/span><\/p>\n<p>Die Haube kann in allen staubigen Umgebungen verwendet werden, wenn Helmschutz<br \/>\nvorgeschrieben ist z. B. in der Bauindustrie, bei der Oberfl\u00e4chenbearbeitung oder in andern stark belasteten Industrieumgebungen.[\/vc_column_text][\/vc_tta_section][vc_tta_section i_icon_fontawesome=&#8221;fa fa-thumbs-o-up&#8221; add_icon=&#8221;true&#8221; title=&#8221;Merkmale und Vorteile&#8221; tab_id=&#8221;1513150336359-b7b65468-8021&#8243;][vc_column_text]<span style=\"color: #be0300;\"><strong>Merkmale und Vorteile<br \/>\n<\/strong><\/span><\/p>\n<p>\u2022 Breites Sichtfeld<br \/>\n\u2022 Beschlagfreie Beschichtung<br \/>\n\u2022 Bequeme anpassbare Kopfbedeckung<br \/>\n[\/vc_column_text][\/vc_tta_section][vc_tta_section i_icon_fontawesome=&#8221;fa fa-cog&#8221; add_icon=&#8221;true&#8221; title=&#8221;Kompletts\u00e4tze, Zubeh\u00f6r, Filter&#8221; tab_id=&#8221;1513153137048-5f8c31c5-30ea&#8221;][vc_column_text]<\/p>\n<table>\n<tbody>\n<tr>\n<td style=\"text-align: left;\" colspan=\"2\"><span style=\"color: #be0300;\"><strong>Complete hoods<\/strong><\/span><\/td>\n<\/tr>\n<tr>\n<td style=\"text-align: left;\">Schutzhelm CA-4<\/td>\n<td style=\"text-align: center;\">71 04 01*<\/td>\n<\/tr>\n<tr>\n<td style=\"text-align: left;\">Schutzhelm CA-4 mit langer Schutzhaube<\/td>\n<td style=\"text-align: center;\">71 04 00V<\/td>\n<\/tr>\n<tr>\n<td style=\"text-align: left;\" colspan=\"2\">* F\u00fcr Bestellungen einer blauer Gesichtsabdichtung f\u00fcgen Sie \u201eB\u201c Ende des Produktcodes<br \/>\nein.<\/td>\n<\/tr>\n<tr>\n<td style=\"text-align: left;\" colspan=\"2\"><span style=\"color: #be0300;\"><strong>Spare parts, accessories<\/strong><\/span><\/td>\n<\/tr>\n<tr>\n<td style=\"text-align: left;\">Schutzhelm CA-4<\/td>\n<td style=\"text-align: center;\">71 04 01<\/td>\n<\/tr>\n<tr>\n<td style=\"text-align: left;\">Schutzhelm CA-4 mit langer Schutzhaube<\/td>\n<td style=\"text-align: center;\">71 04 00V<\/td>\n<\/tr>\n<tr>\n<td style=\"text-align: left;\">Schwei\u00dfband CleanAIR\u00ae (10 St\u00fcck Paket)<\/td>\n<td style=\"text-align: center;\">16 70 01\/10<\/td>\n<\/tr>\n<tr>\n<td style=\"text-align: left;\">Schutzfolie (10 St\u00fcck Paket)<\/td>\n<td style=\"text-align: center;\">70 01 20\/10<\/td>\n<\/tr>\n<tr>\n<td style=\"text-align: left;\">Halter f\u00fcr aufklappbares Visier<\/td>\n<td style=\"text-align: center;\">70 04 37<\/td>\n<\/tr>\n<tr>\n<td style=\"text-align: left;\">Aufklappbares Visier Surefit \u2013 Polycarbonat<\/td>\n<td style=\"text-align: center;\">70 04 42<\/td>\n<\/tr>\n<tr>\n<td style=\"text-align: left;\">Gesichtsabdichtung mit Visier \u2013 orange<\/td>\n<td style=\"text-align: center;\">71 04 61*<\/td>\n<\/tr>\n<tr>\n<td style=\"text-align: left;\">Ohrsch\u00fctzer mit Adapter f\u00fcr Schutzhelm<\/td>\n<td style=\"text-align: center;\">70 04 40.2<\/td>\n<\/tr>\n<tr>\n<td style=\"text-align: left;\" colspan=\"2\"><\/td>\n<\/tr>\n<\/tbody>\n<\/table>\n<p>[\/vc_column_text][\/vc_tta_section][vc_tta_section i_icon_fontawesome=&#8221;fa fa-wrench&#8221; add_icon=&#8221;true&#8221; title=&#8221;Technische Daten&#8221; tab_id=&#8221;1513153797992-792040b0-82c9&#8243;][vc_column_text]<\/p>\n<table>\n<tbody>\n<tr>\n<td style=\"text-align: left;\">Gewicht<\/td>\n<td style=\"text-align: left;\">850 g<\/td>\n<\/tr>\n<tr>\n<td style=\"text-align: left;\">Material<\/td>\n<td style=\"text-align: left;\">Visier innen \u2013 Cellulosepropionat<br \/>\nAufklappbares Visier \u2013 Azetat\/Polycarbonat<br \/>\nFester Helm \u2013 Polyethylen<br \/>\nKopfgurtzeug \u2013 Textilien<br \/>\nGesichtsabdichtung \u2013 Polyester mit PVC-Beschichtung<\/td>\n<\/tr>\n<tr>\n<td style=\"text-align: left;\">Nennschutzfaktor (NPF)<\/td>\n<td style=\"text-align: left;\">50<\/td>\n<\/tr>\n<tr>\n<td style=\"text-align: left;\">Schlauchanschluss<\/td>\n<td style=\"text-align: left;\">QuickLOCK\u2122<\/td>\n<\/tr>\n<tr>\n<td style=\"text-align: left;\">Zertifizierung<\/td>\n<td style=\"text-align: left;\">EN 12941 TH2<br \/>\nEN 14594 3A<br \/>\nEN 166 1B<br \/>\nEN 397<\/td>\n<\/tr>\n<\/tbody>\n<\/table>\n<p>[\/vc_column_text][\/vc_tta_section][vc_tta_section i_icon_fontawesome=&#8221;fa fa-download&#8221; add_icon=&#8221;true&#8221; title=&#8221;Downloads&#8221; tab_id=&#8221;1513154098935-95c74e4f-fa1e&#8221;][vc_column_text]<a href=\"https:\/\/www.clean-air.cz\/wp-content\/uploads\/2022\/07\/User-manual-CNA-012-R06-CA-3_CA-4_CA-5-DIGI.pdf\" target=\"_blank\" rel=\"noopener\">User manual &#8211; CNA-012-R06 &#8211; CA-3_CA-4_CA-5-DIGI<\/a><\/p>\n<p><a href=\"https:\/\/www.clean-air.cz\/wp-content\/uploads\/2023\/01\/DA-062_-_710401Y_-_CA-4_-_EN.pdf\">DA-062_-_710401Y_-_CA-4_-_EN<\/a><\/p>\n<p><a href=\"https:\/\/www.clean-air.cz\/wp-content\/uploads\/2021\/09\/PS-710400-1-R1-CA-4.pdf\" target=\"_blank\" rel=\"noopener\">PS-710400-1-R1 CA-4<\/a>[\/vc_column_text][\/vc_tta_section][vc_tta_section i_icon_fontawesome=&#8221;fa fa-picture-o&#8221; add_icon=&#8221;true&#8221; title=&#8221;Galerie&#8221; tab_id=&#8221;1515415801460-0c2258c9-4574&#8243;][vc_gallery type=&#8221;image_grid&#8221; images=&#8221;18196,18190,18184,18178&#8243; img_size=&#8221;medium&#8221; css_animation=&#8221;fadeIn&#8221; css=&#8221;.vc_custom_1673983349498{padding-left: 280px !important;}&#8221; el_class=&#8221;ca-4_gallery&#8221;][\/vc_tta_section][\/vc_tta_tabs][\/vc_column][\/vc_row]<\/p>\n","protected":false},"excerpt":{"rendered":"<p>[vc_row][vc_column width=&#8221;1\/2&#8243;][vc_gallery interval=&#8221;3&#8243; images=&#8221;18178,18184,18190,18196&#8243; img_size=&#8221;large&#8221;][\/vc_column][vc_column width=&#8221;1\/2&#8243;][vc_column_text]Leichter industrieller Schutzhelm mit Luftverteilung. Der Helm kann mit weiteren Sicherheitselementen ausgestattet werden wie zus\u00e4tzliches hochklappbares Polycarbonatvisier zum Schutz der Augen vor Partikeln mit mittlerer Energie oder Ohrensch\u00fctzern und einem langen Umhang zum Schutz des Halses. Das breite Panoramavisier mit beschlagfreier Beschichtung sorgt f\u00fcr gute Orientierung. Dank anpassbarer Kopfbedeckung und Kopfband hat der Helm einen guten Sitz.[\/vc_column_text][vc_btn title=&#8221;Sehen Sie sich das komplette Sortiment von Schutzhelmen<\/p>\n<p><a class=\"more-link\" href=\"https:\/\/www.clean-air.cz\/de\/hauben\/schutzschirme\/schutzhelm-ca-4\/\">Weiterlesen<\/a><\/p>\n","protected":false},"author":11,"featured_media":0,"parent":3674,"menu_order":0,"comment_status":"closed","ping_status":"closed","template":"","meta":{"footnotes":""},"_links":{"self":[{"href":"https:\/\/www.clean-air.cz\/de\/wp-json\/wp\/v2\/pages\/3676"}],"collection":[{"href":"https:\/\/www.clean-air.cz\/de\/wp-json\/wp\/v2\/pages"}],"about":[{"href":"https:\/\/www.clean-air.cz\/de\/wp-json\/wp\/v2\/types\/page"}],"author":[{"embeddable":true,"href":"https:\/\/www.clean-air.cz\/de\/wp-json\/wp\/v2\/users\/11"}],"replies":[{"embeddable":true,"href":"https:\/\/www.clean-air.cz\/de\/wp-json\/wp\/v2\/comments?post=3676"}],"version-history":[{"count":0,"href":"https:\/\/www.clean-air.cz\/de\/wp-json\/wp\/v2\/pages\/3676\/revisions"}],"up":[{"embeddable":true,"href":"https:\/\/www.clean-air.cz\/de\/wp-json\/wp\/v2\/pages\/3674"}],"wp:attachment":[{"href":"https:\/\/www.clean-air.cz\/de\/wp-json\/wp\/v2\/media?parent=3676"}],"curies":[{"name":"wp","href":"https:\/\/api.w.org\/{rel}","templated":true}]}}