{"id":3674,"date":"2018-12-07T15:59:31","date_gmt":"2018-12-07T14:59:31","guid":{"rendered":"https:\/\/www.clean-air.cz\/hauben\/schutzschirme\/"},"modified":"2026-01-27T08:36:46","modified_gmt":"2026-01-27T07:36:46","slug":"schutzschirme","status":"publish","type":"page","link":"https:\/\/www.clean-air.cz\/de\/hauben\/schutzschirme\/","title":{"rendered":"Schutzschirme"},"content":{"rendered":"<p>[vc_row css=&#8221;.vc_custom_1515063137650{background-color: #ffffff !important;}&#8221;][vc_column][vc_column_text]Schutzschilde CleanAIR\u00ae bieten Gesichts- und Atemschutz in Kombination mit PAPR oder einem Airline-System. Schutzschilde eignen sich f\u00fcr die Lackierung, Oberfl\u00e4chenveredelung, in der chemischen oder pharmazeutischen Industrie.[\/vc_column_text][vc_tta_tour style=&#8221;modern&#8221; shape=&#8221;square&#8221; gap=&#8221;1&#8243; active_section=&#8221;1&#8243; no_fill_content_area=&#8221;true&#8221;][vc_tta_section title=&#8221;UniMask&#8221; tab_id=&#8221;1515061200914-4dd3150e-98ab&#8221;][vc_column_text]<img loading=\"lazy\" decoding=\"async\" class=\"alignnone wp-image-7344 size-medium\" src=\"https:\/\/www.clean-air.cz\/wp-content\/uploads\/2019\/11\/UniMask-iso-copy-275x300.jpg\" alt=\"\" width=\"275\" height=\"300\" \/><\/p>\n<h3>UniMask<\/h3>\n<p>Atemschutz auf h\u00f6chstem Niveau mit verbesserter Regulierung des Innenluftstroms. Die ausgezeichneten optischen und mechanischen Funktionen des Visiers machen diesen Universal-Gesichtsschutz zu einem erstklassigen Atemschutzger\u00e4t.<\/p>\n<p><strong>Anwendungsbereiche<\/strong><br \/>\nUniMask eignet sich f\u00fcr viele Arten von Schleifarbeiten, Oberfl\u00e4chenbearbeitung und Hochleistungswartung. Die Maske eignet sich f\u00fcr den Einsatz in der Bauindustrie, Automobilindustrie, im Schiffbau usw.<\/p>\n<p><img loading=\"lazy\" decoding=\"async\" class=\"alignnone wp-image-53 \" src=\"https:\/\/www.clean-air.cz\/wp-content\/uploads\/2018\/06\/stit-120.png\" alt=\"\" width=\"58\" height=\"70\" \/>\u00a0<img loading=\"lazy\" decoding=\"async\" class=\"alignnone wp-image-51\" src=\"https:\/\/www.clean-air.cz\/wp-content\/uploads\/2018\/06\/plice-120.png\" alt=\"\" width=\"81\" height=\"70\" \/>[\/vc_column_text][vc_btn title=&#8221;Siehe die Produktseite!&#8221; shape=&#8221;square&#8221; color=&#8221;juicy-pink&#8221; i_type=&#8221;openiconic&#8221; i_icon_openiconic=&#8221;vc-oi vc-oi-right&#8221; add_icon=&#8221;true&#8221; link=&#8221;url:https%3A%2F%2Fwww.clean-air.cz%2Fde%2Fhauben%2Fschutzschirme%2Funimask%2F|title:Schutzschirme%20UniMask|&#8221;][\/vc_tta_section][vc_tta_section title=&#8221;Omnira air&#8221; tab_id=&#8221;1653985310895-5ad5d004-2351&#8243;][vc_column_text]<\/p>\n<h3><img loading=\"lazy\" decoding=\"async\" class=\"size-medium wp-image-14998 alignnone\" src=\"https:\/\/www.clean-air.cz\/wp-content\/uploads\/2022\/02\/Omnira-iso-1-300x300.jpg\" alt=\"\" width=\"300\" height=\"300\" srcset=\"https:\/\/www.clean-air.cz\/wp-content\/uploads\/2022\/02\/Omnira-iso-1-300x300.jpg 300w, https:\/\/www.clean-air.cz\/wp-content\/uploads\/2022\/02\/Omnira-iso-1-1024x1024.jpg 1024w, https:\/\/www.clean-air.cz\/wp-content\/uploads\/2022\/02\/Omnira-iso-1-150x150.jpg 150w, https:\/\/www.clean-air.cz\/wp-content\/uploads\/2022\/02\/Omnira-iso-1-768x768.jpg 768w, https:\/\/www.clean-air.cz\/wp-content\/uploads\/2022\/02\/Omnira-iso-1-1536x1536.jpg 1536w, https:\/\/www.clean-air.cz\/wp-content\/uploads\/2022\/02\/Omnira-iso-1-800x800.jpg 800w, https:\/\/www.clean-air.cz\/wp-content\/uploads\/2022\/02\/Omnira-iso-1-250x250.jpg 250w, https:\/\/www.clean-air.cz\/wp-content\/uploads\/2022\/02\/Omnira-iso-1.jpg 1600w\" sizes=\"(max-width: 300px) 100vw, 300px\" \/><\/h3>\n<h3>Schleifschirme Omnira air<\/h3>\n<p>Ein Schleifschild mit integrierter Luftverteilung f\u00fcr h\u00f6chsten Atemschutz, Schutz der Augen und des Gesichts. Es bietet auch Schutz vor Hochgeschwindigkeitspartikeln. Das Schild kann mit einem Schwei\u00dfschild zu einem voll funktionst\u00fcchtigen hochklappbaren Schwei\u00dfhelm kombiniert werden.<\/p>\n<p><strong>Anwendungsbereiche<\/strong><br \/>\nGeeignet f\u00fcr Schleif- und Oberfl\u00e4chenveredelungsarbeiten in schweren Industrieumgebungen. In Kombination mit dem DIN5-Visier ist es f\u00fcr alle Gas- und Plasmaschneid-\/Schwei\u00dfarbeiten geeignet.<\/p>\n<p><img loading=\"lazy\" decoding=\"async\" class=\"alignnone wp-image-53 \" src=\"https:\/\/www.clean-air.cz\/wp-content\/uploads\/2018\/06\/stit-120.png\" alt=\"\" width=\"58\" height=\"70\" \/>\u00a0<img loading=\"lazy\" decoding=\"async\" class=\"alignnone wp-image-51\" src=\"https:\/\/www.clean-air.cz\/wp-content\/uploads\/2018\/06\/plice-120.png\" alt=\"\" width=\"81\" height=\"70\" \/>[\/vc_column_text][vc_btn title=&#8221;Siehe die Produktseite!&#8221; shape=&#8221;square&#8221; color=&#8221;juicy-pink&#8221; i_type=&#8221;openiconic&#8221; i_icon_openiconic=&#8221;vc-oi vc-oi-right&#8221; add_icon=&#8221;true&#8221; link=&#8221;url:https%3A%2F%2Fwww.clean-air.cz%2Fde%2Fhauben%2Fschleifschirme%2Fomnira-air%2F|title:Schleifschirme%20Omnira%20air|&#8221;][\/vc_tta_section][vc_tta_section title=&#8221;CA-3 (Acetat-Visier)&#8221; tab_id=&#8221;1573116035413-f516cf5c-fc3c&#8221;][vc_column_text]<img loading=\"lazy\" decoding=\"async\" class=\"alignnone size-medium wp-image-7743\" src=\"https:\/\/www.clean-air.cz\/wp-content\/uploads\/2023\/10\/CA3_Discont_web.png\" alt=\"\" width=\"236\" height=\"300\" \/><\/p>\n<h3>Protective shield CA-3 (acetate)<\/h3>\n<p><span style=\"color: #be0300;\"><strong>Discontinued starting November 13, 2023.<\/strong><\/span><br \/>\nAll the consumables and spare parts remains available until December 2026 or untill further notice.<\/p>\n<p>Spacy shield with an unlimited view. This popular light protective shield with a wide acetate visor provides respiratory protection and face protection against splashing chemicals. The visor offers a broad and clear field of vision, high chemical resistance and protection against liquid spraying.<\/p>\n<p><strong>Acetate visor <\/strong>\u2013 due to its high chemical resistence, this light shield provides protection against liquid spraying (in accordance with EN166).<\/p>\n<p><strong>Areas of application<\/strong><br \/>\nCA-3 finds application in many sectors like environments with high chemical resistance requirements, chemical industry, laboratories and spray painting.<\/p>\n<p><img loading=\"lazy\" decoding=\"async\" class=\"alignnone wp-image-53 \" src=\"https:\/\/www.clean-air.cz\/wp-content\/uploads\/2018\/06\/stit-120.png\" alt=\"\" width=\"58\" height=\"70\" \/>\u00a0<img loading=\"lazy\" decoding=\"async\" class=\"alignnone wp-image-51\" src=\"https:\/\/www.clean-air.cz\/wp-content\/uploads\/2018\/06\/plice-120.png\" alt=\"\" width=\"81\" height=\"70\" \/>[\/vc_column_text][vc_btn title=&#8221;Siehe die Produktseite!&#8221; shape=&#8221;square&#8221; color=&#8221;juicy-pink&#8221; i_icon_fontawesome=&#8221;fa fa-arrow-right&#8221; add_icon=&#8221;true&#8221; link=&#8221;url:https%3A%2F%2Fwww.clean-air.cz%2Fde%2Fhauben%2Fschleifschirme%2Fschleifschirm-ca-3%2F|title:Schutzschirm%20CA-3|&#8221;][\/vc_tta_section][vc_tta_section title=&#8221;CA-4 (Acetat-Visier)&#8221; tab_id=&#8221;1515061200914-86b36351-21a4&#8243;][vc_column_text]<img loading=\"lazy\" decoding=\"async\" class=\"alignnone size-medium wp-image-7717\" src=\"https:\/\/www.clean-air.cz\/wp-content\/uploads\/2019\/11\/CA-4-iso-copy-219x300.jpg\" alt=\"\" width=\"219\" height=\"300\" \/><\/p>\n<h3>Schutzhelm CA-4 (Acetat)<\/h3>\n<p>Der Schutzhelm CA-4 kombiniert\u00a0Atemwegsschutz mit Schutz von<br \/>\nKopf, Gesicht und Ohren.\u00a0Das breite Panoramavisier mit\u00a0Anti-Beschlag-Beschichtung\u00a0erm\u00f6glicht eine gute Orientierung.<br \/>\nDer Helm kann mit einem\u00a0zus\u00e4tzlichen, hochklappbaren\u00a0Visier aus Acetat ausgestattet\u00a0werden.<\/p>\n<p><strong>Anwendungsbereiche<\/strong><br \/>\nStaubige Umgebungen, wo Schutz von Hals und Schultern nicht notwendig ist und f\u00fcr Umgebungen mit hohen Anforderungen an den chemischen Schutz geeignet..<\/p>\n<p><img loading=\"lazy\" decoding=\"async\" class=\"alignnone wp-image-50 \" src=\"https:\/\/www.clean-air.cz\/wp-content\/uploads\/2018\/06\/helma-120.png\" alt=\"\" width=\"54\" height=\"70\" \/>\u00a0<img loading=\"lazy\" decoding=\"async\" class=\"alignnone wp-image-52 \" src=\"https:\/\/www.clean-air.cz\/wp-content\/uploads\/2018\/06\/sluchatka-120.png\" alt=\"\" width=\"72\" height=\"70\" \/><img loading=\"lazy\" decoding=\"async\" class=\"alignnone wp-image-53\" src=\"https:\/\/www.clean-air.cz\/wp-content\/uploads\/2018\/06\/stit-120.png\" alt=\"\" width=\"58\" height=\"70\" \/>\u00a0<img loading=\"lazy\" decoding=\"async\" class=\"alignnone wp-image-51\" src=\"https:\/\/www.clean-air.cz\/wp-content\/uploads\/2018\/06\/plice-120.png\" alt=\"\" width=\"80\" height=\"70\" \/>[\/vc_column_text][vc_btn title=&#8221;Siehe die Produktseite!&#8221; shape=&#8221;square&#8221; color=&#8221;juicy-pink&#8221; i_icon_fontawesome=&#8221;fa fa-arrow-right&#8221; add_icon=&#8221;true&#8221; link=&#8221;url:https%3A%2F%2Fwww.clean-air.cz%2Fde%2Fhauben%2Fschutzschirme%2Fschutzhelm-ca-4%2F|title:Schutzhelm%20CA-4|&#8221;][\/vc_tta_section][\/vc_tta_tour][\/vc_column][\/vc_row][vc_row content_placement=&#8221;middle&#8221;][vc_column][vc_tta_accordion shape=&#8221;square&#8221; active_section=&#8221;&#8221;][vc_tta_section i_icon_fontawesome=&#8221;fa fa-info-circle&#8221; add_icon=&#8221;true&#8221; title=&#8221;Legende der Schutzsymbole&#8221; tab_id=&#8221;1515066157336-19bc9408-6024&#8243;][vc_column_text]<\/p>\n<table class=\" aligncenter\">\n<tbody>\n<tr>\n<td style=\"text-align: center;\"><a href=\"https:\/\/www.clean-air.cz\/wp-content\/uploads\/2017\/12\/helma.png\"><img loading=\"lazy\" decoding=\"async\" class=\"alignnone wp-image-3149\" src=\"https:\/\/www.clean-air.cz\/wp-content\/uploads\/2017\/12\/helma-229x300.png\" alt=\"\" width=\"76\" height=\"100\" \/><\/a><\/td>\n<td style=\"text-align: center;\"><a href=\"https:\/\/www.clean-air.cz\/wp-content\/uploads\/2017\/12\/svarovaci-stit.png\"><img loading=\"lazy\" decoding=\"async\" class=\"alignnone wp-image-3153\" src=\"https:\/\/www.clean-air.cz\/wp-content\/uploads\/2017\/12\/svarovaci-stit-250x300.png\" alt=\"\" width=\"83\" height=\"100\" \/><\/a><\/td>\n<td style=\"text-align: center;\"><a href=\"https:\/\/www.clean-air.cz\/wp-content\/uploads\/2017\/12\/stit.png\"><img loading=\"lazy\" decoding=\"async\" class=\"alignnone wp-image-3152\" src=\"https:\/\/www.clean-air.cz\/wp-content\/uploads\/2017\/12\/stit-250x300.png\" alt=\"\" width=\"83\" height=\"100\" \/><\/a><\/td>\n<td style=\"text-align: center;\"><a href=\"https:\/\/www.clean-air.cz\/wp-content\/uploads\/2017\/12\/sluchatka.png\"><img loading=\"lazy\" decoding=\"async\" class=\"alignnone wp-image-3151\" src=\"https:\/\/www.clean-air.cz\/wp-content\/uploads\/2017\/12\/sluchatka-300x290.png\" alt=\"\" width=\"104\" height=\"100\" \/><\/a><\/td>\n<td style=\"text-align: center;\"><a href=\"https:\/\/www.clean-air.cz\/wp-content\/uploads\/2017\/12\/plice.png\"><img loading=\"lazy\" decoding=\"async\" class=\"alignnone wp-image-3150\" src=\"https:\/\/www.clean-air.cz\/wp-content\/uploads\/2017\/12\/plice-300x261.png\" alt=\"\" width=\"115\" height=\"100\" \/><\/a><\/td>\n<\/tr>\n<tr>\n<td style=\"text-align: center;\">KOPF<\/td>\n<td style=\"text-align: center;\"><span style=\"color: #000000;\">SCHWEISSEN<\/span><\/td>\n<td style=\"text-align: center;\"><span style=\"color: #000000;\">AUGE UND GESICHT<\/span><\/td>\n<td style=\"text-align: center;\"><span style=\"color: #000000;\">H\u00d6REN<\/span><\/td>\n<td style=\"text-align: center;\"><span style=\"color: #000000;\">ATMUNG<\/span><\/td>\n<\/tr>\n<\/tbody>\n<\/table>\n<p>[\/vc_column_text][\/vc_tta_section][\/vc_tta_accordion][vc_separator color=&#8221;juicy_pink&#8221;][\/vc_column][\/vc_row][vc_row][vc_column][\/vc_column][\/vc_row]<\/p>\n","protected":false},"excerpt":{"rendered":"<p>[vc_row css=&#8221;.vc_custom_1515063137650{background-color: #ffffff !important;}&#8221;][vc_column][vc_column_text]Schutzschilde CleanAIR\u00ae bieten Gesichts- und Atemschutz in Kombination mit PAPR oder einem Airline-System. Schutzschilde eignen sich f\u00fcr die Lackierung, Oberfl\u00e4chenveredelung, in der chemischen oder pharmazeutischen Industrie.[\/vc_column_text][vc_tta_tour style=&#8221;modern&#8221; shape=&#8221;square&#8221; gap=&#8221;1&#8243; active_section=&#8221;1&#8243; no_fill_content_area=&#8221;true&#8221;][vc_tta_section title=&#8221;UniMask&#8221; tab_id=&#8221;1515061200914-4dd3150e-98ab&#8221;][vc_column_text] UniMask Atemschutz auf h\u00f6chstem Niveau mit verbesserter Regulierung des Innenluftstroms. Die ausgezeichneten optischen und mechanischen Funktionen des Visiers machen diesen Universal-Gesichtsschutz zu einem erstklassigen Atemschutzger\u00e4t. Anwendungsbereiche UniMask eignet sich f\u00fcr viele Arten von Schleifarbeiten,<\/p>\n<p><a class=\"more-link\" href=\"https:\/\/www.clean-air.cz\/de\/hauben\/schutzschirme\/\">Weiterlesen<\/a><\/p>\n","protected":false},"author":11,"featured_media":0,"parent":3629,"menu_order":0,"comment_status":"closed","ping_status":"closed","template":"","meta":{"footnotes":""},"_links":{"self":[{"href":"https:\/\/www.clean-air.cz\/de\/wp-json\/wp\/v2\/pages\/3674"}],"collection":[{"href":"https:\/\/www.clean-air.cz\/de\/wp-json\/wp\/v2\/pages"}],"about":[{"href":"https:\/\/www.clean-air.cz\/de\/wp-json\/wp\/v2\/types\/page"}],"author":[{"embeddable":true,"href":"https:\/\/www.clean-air.cz\/de\/wp-json\/wp\/v2\/users\/11"}],"replies":[{"embeddable":true,"href":"https:\/\/www.clean-air.cz\/de\/wp-json\/wp\/v2\/comments?post=3674"}],"version-history":[{"count":0,"href":"https:\/\/www.clean-air.cz\/de\/wp-json\/wp\/v2\/pages\/3674\/revisions"}],"up":[{"embeddable":true,"href":"https:\/\/www.clean-air.cz\/de\/wp-json\/wp\/v2\/pages\/3629"}],"wp:attachment":[{"href":"https:\/\/www.clean-air.cz\/de\/wp-json\/wp\/v2\/media?parent=3674"}],"curies":[{"name":"wp","href":"https:\/\/api.w.org\/{rel}","templated":true}]}}