{"id":3662,"date":"2018-12-07T15:32:12","date_gmt":"2018-12-07T14:32:12","guid":{"rendered":"https:\/\/www.clean-air.cz\/hauben\/masken\/shigematsu-cf02\/"},"modified":"2026-01-27T08:47:16","modified_gmt":"2026-01-27T07:47:16","slug":"shigematsu-cf02","status":"publish","type":"page","link":"https:\/\/www.clean-air.cz\/de\/hauben\/masken\/shigematsu-cf02\/","title":{"rendered":"Shigematsu CF02"},"content":{"rendered":"<p>[vc_row][vc_column width=&#8221;1\/2&#8243;][vc_gallery interval=&#8221;3&#8243; images=&#8221;3663&#8243; img_size=&#8221;large&#8221;][\/vc_column][vc_column width=&#8221;1\/2&#8243;][vc_column_text]<\/p>\n<p><strong><span style=\"font-size: 14pt; color: #be0300;\">Leichte Vollmaske mit \u00fcberragendem Visier<\/span><\/strong><\/p>\n<p>Die CF02 ist eine leichte Vollmaske f\u00fcr Umgebungen mit hoher chemischer Belastung. Die Maske ist f\u00fcr ein breites Spektrum Standard-Topffilter und filtrierende CleanAIR\u00ae \u00dcberdruck-Atemschutzsysteme geeignet. Das \u00fcberragende sph\u00e4rische Visier minimiert den Abstand zwischen Augen und Visier. Das Visierdesign mit klarem und weitem Sichtfeld reduziert Verzerrungen. Das Visier mit kratzfester Beschichtung garantiert eine hohe mechanische Festigkeit, die mithilfe einer Schutzfolie noch erh\u00f6ht werden kann. Das Maskengeh\u00e4use ist aus hochwertigem TPE gefertigt, das hohe Chemikalienbest\u00e4ndigkeit und eine lange Lebensdauer garantiert. Sichere Passform und einfache Befestigung dank Sechs-Punkt-Gurtzeug. Die nicht haftende Oberfl\u00e4che verhindert, dass die Haare an der Maske kleben.<\/p>\n<p>[\/vc_column_text][vc_btn title=&#8221;Sehen Sie sich das komplette Sortiment von Masken an!&#8221; shape=&#8221;square&#8221; color=&#8221;juicy-pink&#8221; size=&#8221;lg&#8221; align=&#8221;left&#8221; i_icon_fontawesome=&#8221;fa fa-info-circle&#8221; css_animation=&#8221;none&#8221; add_icon=&#8221;true&#8221; link=&#8221;url:https%3A%2F%2Fwww.clean-air.cz%2Fde%2Fhauben%2Fmasken%2F|title:Sehen%20Sie%20sich%20das%20komplette%20Sortiment%20von%20Leichthauben%20an%21|&#8221;][\/vc_column][\/vc_row][vc_row][vc_column][vc_tta_tabs style=&#8221;modern&#8221; shape=&#8221;square&#8221; active_section=&#8221;1&#8243; no_fill_content_area=&#8221;true&#8221; title=&#8221;Details&#8221;][vc_tta_section i_icon_fontawesome=&#8221;fa fa-industry&#8221; add_icon=&#8221;true&#8221; title=&#8221;Anwendungsbereiche&#8221; tab_id=&#8221;1513150336358-68add988-e9ea&#8221;][vc_column_text]<\/p>\n<p><span style=\"color: #be0300;\"><strong>ANWENDUNGSBEREICHE<\/strong><\/span><\/p>\n<p>Die Maske ist f\u00fcr den Einsatz in Umgebungen mit chemischer oder biologischer Kontamination geeignet und erf\u00fcllt die h\u00f6chsten Anspr\u00fcche an den Atemschutz. Die Maske ist f\u00fcr den Einsatz in stark belasteten Anwendungen der chemischen Industrie, aber auch in Laboren, Spr\u00fchanlagen und bei Sanierungsarbeiten geeignet.<\/p>\n<p>[\/vc_column_text][\/vc_tta_section][vc_tta_section i_icon_fontawesome=&#8221;fa fa-thumbs-o-up&#8221; add_icon=&#8221;true&#8221; title=&#8221;Merkmale und Vorteile&#8221; tab_id=&#8221;1513150336359-b7b65468-8021&#8243;][vc_column_text]<\/p>\n<p><span style=\"color: #be0300;\"><strong>FUNKTIONEN UND VORTEILE<\/strong><\/span><\/p>\n<ul>\n<li>Leicht \u2013 435 g<\/li>\n<li>Sehr gute Chemikalienbest\u00e4ndigkeit<\/li>\n<li>Herausragendes sph\u00e4risches Visier<\/li>\n<li>Kratzfeste Beschichtung<\/li>\n<li>Sechs-Punkt-Kopfgurtzeug<\/li>\n<li>F\u00fcr ein gro\u00dfes Spektrum an Topffiltern geeignet<\/li>\n<li>Zwei Abstr\u00f6mventile reduzieren Atemwiderstand<\/li>\n<li>Schutzfolie f\u00fcr verf\u00fcgbar<\/li>\n<\/ul>\n<p>[\/vc_column_text][\/vc_tta_section][vc_tta_section i_icon_fontawesome=&#8221;fa fa-cog&#8221; add_icon=&#8221;true&#8221; title=&#8221;Kompletts\u00e4tze, Zubeh\u00f6r, Filter&#8221; tab_id=&#8221;1513153137048-5f8c31c5-30ea&#8221;][vc_column_text]<\/p>\n<table style=\"width: 100%; height: 287px;\">\n<tbody>\n<tr style=\"height: 22px;\">\n<td style=\"text-align: left; height: 22px;\" colspan=\"2\"><span style=\"color: #be0300;\"><strong>Komplette S\u00e4tze<\/strong><\/span><\/td>\n<\/tr>\n<tr style=\"height: 22px;\">\n<td style=\"text-align: left; height: 22px;\">Vollmaske CF02, Gr\u00f6\u00dfe M<\/td>\n<td style=\"text-align: center; height: 22px;\">72 06 00M<\/td>\n<\/tr>\n<tr style=\"height: 22px;\">\n<td style=\"text-align: left; height: 22px;\">Vollmaske CF02, Gr\u00f6\u00dfe L<\/td>\n<td style=\"text-align: center; height: 22px;\">72 06 00L<\/td>\n<\/tr>\n<tr style=\"height: 22px;\">\n<td style=\"text-align: left; height: 22px;\" colspan=\"2\"><span style=\"color: #be0300;\"><strong>Ersatzteile, zubeh\u00f6r<\/strong><\/span><\/td>\n<\/tr>\n<tr style=\"height: 22px;\">\n<td style=\"text-align: left; height: 22px;\">Abdeckung f\u00fcr Ventil zum Ausatmen und Ventil zum Ausatmen<\/td>\n<td style=\"text-align: center; height: 22px;\">72 06 96<\/td>\n<\/tr>\n<tr style=\"height: 22px;\">\n<td style=\"text-align: left; height: 22px;\">Ventilsitz des Ventils zum Ausatmen und zum Einatmen<\/td>\n<td style=\"text-align: center; height: 22px;\">72 06 95<\/td>\n<\/tr>\n<tr style=\"height: 22px;\">\n<td style=\"text-align: left; height: 22px;\">Innenmaske M (mit Innenventil und Innenventilsitz)<\/td>\n<td style=\"text-align: center; height: 22px;\">72 06 90M<\/td>\n<\/tr>\n<tr style=\"height: 22px;\">\n<td style=\"text-align: left; height: 22px;\">Innenmaske L (mit Innenventil und Innenventilsitz)<\/td>\n<td style=\"text-align: center; height: 22px;\">72 06 90L<\/td>\n<\/tr>\n<tr style=\"height: 22px;\">\n<td style=\"text-align: left; height: 22px;\">Visier-Schutzabdeckung<\/td>\n<td style=\"text-align: center; height: 22px;\">72 06 20<\/td>\n<\/tr>\n<tr style=\"height: 22px;\">\n<td style=\"text-align: left; height: 22px;\">Kopfgurtzeug<\/td>\n<td style=\"text-align: center; height: 22px;\">72 06 80<\/td>\n<\/tr>\n<tr style=\"height: 22px;\">\n<td style=\"text-align: left; height: 22px;\" colspan=\"2\"><span style=\"color: #be0300;\"><strong>Shigematsu CF02 \u2013 kompatible Filter<\/strong><\/span><\/td>\n<\/tr>\n<tr style=\"height: 45px;\">\n<td style=\"text-align: left; height: 45px;\" colspan=\"2\">Kompatibel mit allen CleanAIR\u00ae Partikel- und Gasfiltern und kombinierten Filtern mit RD40x1\/7&#8243;<br \/>\nGewinde<\/td>\n<\/tr>\n<\/tbody>\n<\/table>\n<p>[\/vc_column_text][\/vc_tta_section][vc_tta_section i_icon_fontawesome=&#8221;fa fa-wrench&#8221; add_icon=&#8221;true&#8221; title=&#8221;Technische Daten&#8221; tab_id=&#8221;1513153797992-792040b0-82c9&#8243;][vc_column_text]<\/p>\n<table>\n<tbody>\n<tr>\n<td style=\"text-align: left;\">Gewicht<\/td>\n<td style=\"text-align: center;\">435 g (beide Gr\u00f6\u00dfen)<\/td>\n<\/tr>\n<tr>\n<td style=\"text-align: left;\">Verf\u00fcgbare Gr\u00f6\u00dfen<\/td>\n<td style=\"text-align: center;\">M, L<\/td>\n<\/tr>\n<tr>\n<td style=\"text-align: left;\">Material<\/td>\n<td style=\"text-align: center;\">mask body \u2013 thermoplastic elastomer TPE<br \/>\nVisier \u2013 Polycarbonat<br \/>\nKopfgurtzeug \u2013 Polybutylenterephthalat, ThermoplasticPolyurethane (PBT\/TPU)<\/td>\n<\/tr>\n<tr>\n<td style=\"text-align: left;\">Nennschutzfaktor (NPF)<\/td>\n<td style=\"text-align: center;\">2 000<\/td>\n<\/tr>\n<tr>\n<td style=\"text-align: left;\">Schlauch-\/Filteranschluss<\/td>\n<td style=\"text-align: center;\">RD40\u00d71\/7\u201c<\/td>\n<\/tr>\n<tr>\n<td style=\"text-align: left;\">Zertifizierung<\/td>\n<td style=\"text-align: center;\">EN 12942 TM3<br \/>\nEN 136 CL3<\/td>\n<\/tr>\n<\/tbody>\n<\/table>\n<p>[\/vc_column_text][\/vc_tta_section][vc_tta_section i_icon_fontawesome=&#8221;fa fa-download&#8221; add_icon=&#8221;true&#8221; title=&#8221;Downloads&#8221; tab_id=&#8221;1513154098935-95c74e4f-fa1e&#8221;][vc_column_text]<a href=\"https:\/\/www.clean-air.cz\/wp-content\/uploads\/2024\/07\/User-manual-CNA-041-R06-Shigematsu-CF02-72-06-00_DIGI.pdf\">User manual &#8211; Shigematsu CF02 &#8211; 72 06 00_DIGI<\/a><\/p>\n<p><a href=\"https:\/\/www.clean-air.cz\/wp-content\/uploads\/2024\/01\/DA-044_720600_Shigematsu_CF02_EN.pdf\">Datasheet \u2013 DA-044_720600_Shigematsu_CF02_EN<\/a><\/p>\n<p><a href=\"https:\/\/www.clean-air.cz\/wp-content\/uploads\/2024\/10\/PS-720600-1-R3-Shigematsu-CF02.pdf\">Declaration of Confornity &#8211; PS-720600-1-R3 Shigematsu CF02<\/a>[\/vc_column_text][\/vc_tta_section][vc_tta_section i_icon_fontawesome=&#8221;fa fa-picture-o&#8221; add_icon=&#8221;true&#8221; title=&#8221;Galerie&#8221; tab_id=&#8221;1515415801460-0c2258c9-4574&#8243;][vc_gallery type=&#8221;image_grid&#8221; images=&#8221;3663&#8243; img_size=&#8221;medium&#8221; css_animation=&#8221;fadeIn&#8221; css=&#8221;.vc_custom_1530251840783{padding-left: 280px !important;}&#8221;][\/vc_tta_section][\/vc_tta_tabs][\/vc_column][\/vc_row][vc_row][vc_column][vc_separator color=&#8221;juicy_pink&#8221;][\/vc_column][\/vc_row]<\/p>\n","protected":false},"excerpt":{"rendered":"<p>[vc_row][vc_column width=&#8221;1\/2&#8243;][vc_gallery interval=&#8221;3&#8243; images=&#8221;3663&#8243; img_size=&#8221;large&#8221;][\/vc_column][vc_column width=&#8221;1\/2&#8243;][vc_column_text] Leichte Vollmaske mit \u00fcberragendem Visier Die CF02 ist eine leichte Vollmaske f\u00fcr Umgebungen mit hoher chemischer Belastung. Die Maske ist f\u00fcr ein breites Spektrum Standard-Topffilter und filtrierende CleanAIR\u00ae \u00dcberdruck-Atemschutzsysteme geeignet. Das \u00fcberragende sph\u00e4rische Visier minimiert den Abstand zwischen Augen und Visier. Das Visierdesign mit klarem und weitem Sichtfeld reduziert Verzerrungen. Das Visier mit kratzfester Beschichtung garantiert eine hohe mechanische Festigkeit, die mithilfe einer Schutzfolie<\/p>\n<p><a class=\"more-link\" href=\"https:\/\/www.clean-air.cz\/de\/hauben\/masken\/shigematsu-cf02\/\">Weiterlesen<\/a><\/p>\n","protected":false},"author":11,"featured_media":0,"parent":3648,"menu_order":0,"comment_status":"closed","ping_status":"closed","template":"","meta":{"footnotes":""},"_links":{"self":[{"href":"https:\/\/www.clean-air.cz\/de\/wp-json\/wp\/v2\/pages\/3662"}],"collection":[{"href":"https:\/\/www.clean-air.cz\/de\/wp-json\/wp\/v2\/pages"}],"about":[{"href":"https:\/\/www.clean-air.cz\/de\/wp-json\/wp\/v2\/types\/page"}],"author":[{"embeddable":true,"href":"https:\/\/www.clean-air.cz\/de\/wp-json\/wp\/v2\/users\/11"}],"replies":[{"embeddable":true,"href":"https:\/\/www.clean-air.cz\/de\/wp-json\/wp\/v2\/comments?post=3662"}],"version-history":[{"count":0,"href":"https:\/\/www.clean-air.cz\/de\/wp-json\/wp\/v2\/pages\/3662\/revisions"}],"up":[{"embeddable":true,"href":"https:\/\/www.clean-air.cz\/de\/wp-json\/wp\/v2\/pages\/3648"}],"wp:attachment":[{"href":"https:\/\/www.clean-air.cz\/de\/wp-json\/wp\/v2\/media?parent=3662"}],"curies":[{"name":"wp","href":"https:\/\/api.w.org\/{rel}","templated":true}]}}