{"id":3648,"date":"2018-12-07T13:50:12","date_gmt":"2018-12-07T12:50:12","guid":{"rendered":"https:\/\/www.clean-air.cz\/hauben\/masken\/"},"modified":"2020-08-12T13:47:23","modified_gmt":"2020-08-12T11:47:23","slug":"masken","status":"publish","type":"page","link":"https:\/\/www.clean-air.cz\/de\/hauben\/masken\/","title":{"rendered":"Masken"},"content":{"rendered":"<p>[vc_row css=&#8221;.vc_custom_1515063137650{background-color: #ffffff !important;}&#8221;][vc_column][vc_tta_tour style=&#8221;modern&#8221; shape=&#8221;square&#8221; gap=&#8221;1&#8243; active_section=&#8221;1&#8243; no_fill_content_area=&#8221;true&#8221;][vc_tta_section title=&#8221;Vollmaske GX02&#8243; tab_id=&#8221;1515061200914-4dd3150e-98ab&#8221;][vc_column_text]<img loading=\"lazy\" decoding=\"async\" class=\"wp-image-322 size-medium alignnone\" src=\"https:\/\/www.clean-air.cz\/wp-content\/uploads\/2018\/06\/GX02-iso-copy-300x294.jpg\" alt=\"\" width=\"300\" height=\"294\" srcset=\"https:\/\/www.clean-air.cz\/wp-content\/uploads\/2018\/06\/GX02-iso-copy-300x294.jpg 300w, https:\/\/www.clean-air.cz\/wp-content\/uploads\/2018\/06\/GX02-iso-copy-768x754.jpg 768w, https:\/\/www.clean-air.cz\/wp-content\/uploads\/2018\/06\/GX02-iso-copy-800x785.jpg 800w, https:\/\/www.clean-air.cz\/wp-content\/uploads\/2018\/06\/GX02-iso-copy.jpg 815w\" sizes=\"(max-width: 300px) 100vw, 300px\" \/><\/p>\n<h3>Vollmaske Shigematsu GX02<\/h3>\n<p>Die Vollmaske Shigematsu GX02 nutzt einen Doppeldichtungsflansch, der f\u00fcr eine maximale Abdichtung sorgt und zudem noch einen hohen Tragekomfort gew\u00e4hrt. Die Maske besitzt ein breites Panaromavisier f\u00fcr ein maximales Sichtfeld und eine Sprechmembran, welche die Kommunikation erleichtert. Das austauschbare Polycarbonat-Visier wurde einer speziellen Oberfl\u00e4chenbehandlung unterzogen, die f\u00fcr eine hohe Kratzfestigkeit sorgt. Das Maskengestell besteht aus hochwertigem Silikon, das eine hohe Best\u00e4ndigkeit und lange Produktlebensdauer garantiert. Das Sechs-Punkt-Gurtzeug bietet eine sichere und einfache Passform. Die Maske wird mit einem standardm\u00e4\u00dfigen Anschlussgewinde RD40x1\/7\u201d gem\u00e4\u00df EN 148-1 befestigt. Somit kann der Nutzer eine Vielzahl von Filtern und die luftreinigenden Atemschutzsysteme CleanAIR\u00ae kombinieren. Die Maske erf\u00fcllt die Normen EN 136 und EN 12942.<\/p>\n<p><strong>Anwendungsbereiche<\/strong><br \/>\nChemieindustrie,\u00a0Labore,\u00a0Baubranche,\u00a0Sanierungsarbeiten<\/p>\n<p><img loading=\"lazy\" decoding=\"async\" class=\"alignnone wp-image-53\" src=\"https:\/\/www.clean-air.cz\/wp-content\/uploads\/2018\/06\/stit-120.png\" alt=\"\" width=\"58\" height=\"70\" \/>\u00a0<img loading=\"lazy\" decoding=\"async\" class=\"alignnone wp-image-51\" src=\"https:\/\/www.clean-air.cz\/wp-content\/uploads\/2018\/06\/plice-120.png\" alt=\"\" width=\"81\" height=\"70\" \/><br \/>\n[\/vc_column_text][vc_btn title=&#8221;Siehe die Produktseite&#8221; shape=&#8221;square&#8221; color=&#8221;juicy-pink&#8221; i_icon_fontawesome=&#8221;&#8221; add_icon=&#8221;true&#8221; link=&#8221;url:https%3A%2F%2Fwww.clean-air.cz%2Fde%2Fhauben%2Fmasken%2Fshigematsu-gx02%2F|title:Shigematsu%20GX02|&#8221;][\/vc_tta_section][vc_tta_section title=&#8221;Vollmaske CF02&#8243; tab_id=&#8221;1515061200914-86b36351-21a4&#8243;][vc_column_text]<img loading=\"lazy\" decoding=\"async\" class=\"wp-image-327 size-medium alignnone\" src=\"https:\/\/www.clean-air.cz\/wp-content\/uploads\/2018\/06\/CF02-iso-copy-256x300.jpg\" alt=\"\" width=\"256\" height=\"300\" srcset=\"https:\/\/www.clean-air.cz\/wp-content\/uploads\/2018\/06\/CF02-iso-copy-256x300.jpg 256w, https:\/\/www.clean-air.cz\/wp-content\/uploads\/2018\/06\/CF02-iso-copy.jpg 682w\" sizes=\"(max-width: 256px) 100vw, 256px\" \/><\/p>\n<h3>Vollmaske Shigematsu CF02<\/h3>\n<p>Die Maske besitzt ein hervorragendes sph\u00e4risches Visier, das den Abstand zwischen Augen und Visier verringert. Dieses Design reduziert Verzerrungen und bietet ein klares und weitl\u00e4ufiges Sichtfeld. Eine spezielle Oberfl\u00e4chenbehandlung verhindert, dass das Visier zerkratzt. Das Maskengestell besteht aus hochwertigem Styrol-TPE, das eine hohe Best\u00e4ndigkeit und lange Produktlebensdauer garantiert. Die Maske wird mit einem standardm\u00e4\u00dfigen Anschlussgewinde RD40x1\/7\u201d gem\u00e4\u00df EN 148-1 befestigt, wodurch der Tr\u00e4ger eine Vielzahl von Filtern und die luftreinigenden Atemschutzsysteme CleanAIR\u00ae nutzen kann.<\/p>\n<p><strong>Anwendungsbereiche<\/strong><br \/>\nChemieindustrie,\u00a0Labore,\u00a0Baubranche,\u00a0Sanierungsarbeiten<\/p>\n<p><img loading=\"lazy\" decoding=\"async\" class=\"alignnone wp-image-53\" src=\"https:\/\/www.clean-air.cz\/wp-content\/uploads\/2018\/06\/stit-120.png\" alt=\"\" width=\"58\" height=\"70\" \/>\u00a0<img loading=\"lazy\" decoding=\"async\" class=\"alignnone wp-image-51\" src=\"https:\/\/www.clean-air.cz\/wp-content\/uploads\/2018\/06\/plice-120.png\" alt=\"\" width=\"81\" height=\"70\" \/>[\/vc_column_text][vc_btn title=&#8221;Siehe die Produktseite&#8221; shape=&#8221;square&#8221; color=&#8221;juicy-pink&#8221; i_icon_fontawesome=&#8221;&#8221; add_icon=&#8221;true&#8221; link=&#8221;url:https%3A%2F%2Fwww.clean-air.cz%2Fde%2Fhauben%2Fmasken%2Fshigematsu-cf02%2F|title:Shigematsu%20CF02|&#8221;][\/vc_tta_section][vc_tta_section title=&#8221;Halbmaske CA-5&#8243; tab_id=&#8221;1515061723345-c38eb4a5-fa2b&#8221;][vc_column_text]<img loading=\"lazy\" decoding=\"async\" class=\"wp-image-334 size-medium alignnone\" src=\"https:\/\/www.clean-air.cz\/wp-content\/uploads\/2018\/06\/700500-Halfmask-CA-5-289x300.jpg\" alt=\"\" width=\"289\" height=\"300\" srcset=\"https:\/\/www.clean-air.cz\/wp-content\/uploads\/2018\/06\/700500-Halfmask-CA-5-289x300.jpg 289w, https:\/\/www.clean-air.cz\/wp-content\/uploads\/2018\/06\/700500-Halfmask-CA-5-50x52.jpg 50w, https:\/\/www.clean-air.cz\/wp-content\/uploads\/2018\/06\/700500-Halfmask-CA-5.jpg 674w\" sizes=\"(max-width: 289px) 100vw, 289px\" \/><\/p>\n<h3>Halbmaske CA-5<\/h3>\n<p>Diese universelle Einzelfilter-Halbmaske\u00a0mit dem Anschlussgewinde RD40\u00d71\/7\u201d gem\u00e4\u00df EN 148-1 besteht\u00a0aus best\u00e4ndigem thermoplastischen Elastomer und bietet ein\u00a0Vier-Punkt-Gurtzeug, das f\u00fcr eine bequeme und sichere Passform\u00a0sorgt. Das 40 mm Anschlussgewinde kann mit zertifizierten Filtern mit weniger als 300 g Gewicht oder mit den luftreinigenden\u00a0Atemschutzsystemen CleanAIR\u00ae verwendet werden.<\/p>\n<p><strong>Anwendungsbereiche<\/strong><br \/>\nWenig belastete Industrieumgebungen,\u00a0Baubranche,\u00a0Landwirtschaft<\/p>\n<p><img loading=\"lazy\" decoding=\"async\" class=\"alignnone wp-image-51\" src=\"https:\/\/www.clean-air.cz\/wp-content\/uploads\/2018\/06\/plice-120.png\" alt=\"\" width=\"81\" height=\"70\" \/>[\/vc_column_text][vc_btn title=&#8221;Siehe die Produktseite&#8221; shape=&#8221;square&#8221; color=&#8221;juicy-pink&#8221; i_icon_fontawesome=&#8221;&#8221; add_icon=&#8221;true&#8221; link=&#8221;url:https%3A%2F%2Fwww.clean-air.cz%2Fde%2Fhauben%2Fmasken%2Fhalbmaske-ca-5%2F|title:Halbmaske%20CA-5|&#8221;][\/vc_tta_section][\/vc_tta_tour][\/vc_column][\/vc_row][vc_row content_placement=&#8221;middle&#8221;][vc_column][vc_tta_accordion shape=&#8221;square&#8221; active_section=&#8221;&#8221;][vc_tta_section i_icon_fontawesome=&#8221;fa fa-info-circle&#8221; add_icon=&#8221;true&#8221; title=&#8221;Legende der Schutzsymbole&#8221; tab_id=&#8221;1515066157336-19bc9408-6024&#8243;][vc_column_text]<\/p>\n<table class=\" aligncenter\">\n<tbody>\n<tr>\n<td style=\"text-align: center;\"><a href=\"https:\/\/www.clean-air.cz\/wp-content\/uploads\/2017\/12\/helma.png\"><img loading=\"lazy\" decoding=\"async\" class=\"alignnone wp-image-3149\" src=\"https:\/\/www.clean-air.cz\/wp-content\/uploads\/2017\/12\/helma-229x300.png\" alt=\"\" width=\"76\" height=\"100\" \/><\/a><\/td>\n<td style=\"text-align: center;\"><a href=\"https:\/\/www.clean-air.cz\/wp-content\/uploads\/2017\/12\/svarovaci-stit.png\"><img loading=\"lazy\" decoding=\"async\" class=\"alignnone wp-image-3153\" src=\"https:\/\/www.clean-air.cz\/wp-content\/uploads\/2017\/12\/svarovaci-stit-250x300.png\" alt=\"\" width=\"83\" height=\"100\" \/><\/a><\/td>\n<td style=\"text-align: center;\"><a href=\"https:\/\/www.clean-air.cz\/wp-content\/uploads\/2017\/12\/stit.png\"><img loading=\"lazy\" decoding=\"async\" class=\"alignnone wp-image-3152\" src=\"https:\/\/www.clean-air.cz\/wp-content\/uploads\/2017\/12\/stit-250x300.png\" alt=\"\" width=\"83\" height=\"100\" \/><\/a><\/td>\n<td style=\"text-align: center;\"><a href=\"https:\/\/www.clean-air.cz\/wp-content\/uploads\/2017\/12\/sluchatka.png\"><img loading=\"lazy\" decoding=\"async\" class=\"alignnone wp-image-3151\" src=\"https:\/\/www.clean-air.cz\/wp-content\/uploads\/2017\/12\/sluchatka-300x290.png\" alt=\"\" width=\"104\" height=\"100\" \/><\/a><\/td>\n<td style=\"text-align: center;\"><a href=\"https:\/\/www.clean-air.cz\/wp-content\/uploads\/2017\/12\/plice.png\"><img loading=\"lazy\" decoding=\"async\" class=\"alignnone wp-image-3150\" src=\"https:\/\/www.clean-air.cz\/wp-content\/uploads\/2017\/12\/plice-300x261.png\" alt=\"\" width=\"115\" height=\"100\" \/><\/a><\/td>\n<\/tr>\n<tr>\n<td style=\"text-align: center;\"><span style=\"color: #000000;\">KOPF<\/span><\/td>\n<td style=\"text-align: center;\"><span style=\"color: #000000;\">SCHWEI\u00dfEN<\/span><\/td>\n<td style=\"text-align: center;\"><span style=\"color: #000000;\">AUGEN UND GESICHT<\/span><\/td>\n<td style=\"text-align: center;\"><span style=\"color: #000000;\">GEH\u00d6R<\/span><\/td>\n<td style=\"text-align: center;\"><span style=\"color: #000000;\">ATEM<\/span><\/td>\n<\/tr>\n<\/tbody>\n<\/table>\n<p>[\/vc_column_text][\/vc_tta_section][\/vc_tta_accordion][vc_separator color=&#8221;juicy_pink&#8221;][\/vc_column][\/vc_row][vc_row][vc_column][\/vc_column][\/vc_row]<\/p>\n","protected":false},"excerpt":{"rendered":"<p>[vc_row css=&#8221;.vc_custom_1515063137650{background-color: #ffffff !important;}&#8221;][vc_column][vc_tta_tour style=&#8221;modern&#8221; shape=&#8221;square&#8221; gap=&#8221;1&#8243; active_section=&#8221;1&#8243; no_fill_content_area=&#8221;true&#8221;][vc_tta_section title=&#8221;Vollmaske GX02&#8243; tab_id=&#8221;1515061200914-4dd3150e-98ab&#8221;][vc_column_text] Vollmaske Shigematsu GX02 Die Vollmaske Shigematsu GX02 nutzt einen Doppeldichtungsflansch, der f\u00fcr eine maximale Abdichtung sorgt und zudem noch einen hohen Tragekomfort gew\u00e4hrt. Die Maske besitzt ein breites Panaromavisier f\u00fcr ein maximales Sichtfeld und eine Sprechmembran, welche die Kommunikation erleichtert. Das austauschbare Polycarbonat-Visier wurde einer speziellen Oberfl\u00e4chenbehandlung unterzogen, die f\u00fcr eine hohe Kratzfestigkeit sorgt. Das Maskengestell besteht aus<\/p>\n<p><a class=\"more-link\" href=\"https:\/\/www.clean-air.cz\/de\/hauben\/masken\/\">Weiterlesen<\/a><\/p>\n","protected":false},"author":11,"featured_media":0,"parent":3629,"menu_order":0,"comment_status":"closed","ping_status":"closed","template":"","meta":{"footnotes":""},"_links":{"self":[{"href":"https:\/\/www.clean-air.cz\/de\/wp-json\/wp\/v2\/pages\/3648"}],"collection":[{"href":"https:\/\/www.clean-air.cz\/de\/wp-json\/wp\/v2\/pages"}],"about":[{"href":"https:\/\/www.clean-air.cz\/de\/wp-json\/wp\/v2\/types\/page"}],"author":[{"embeddable":true,"href":"https:\/\/www.clean-air.cz\/de\/wp-json\/wp\/v2\/users\/11"}],"replies":[{"embeddable":true,"href":"https:\/\/www.clean-air.cz\/de\/wp-json\/wp\/v2\/comments?post=3648"}],"version-history":[{"count":0,"href":"https:\/\/www.clean-air.cz\/de\/wp-json\/wp\/v2\/pages\/3648\/revisions"}],"up":[{"embeddable":true,"href":"https:\/\/www.clean-air.cz\/de\/wp-json\/wp\/v2\/pages\/3629"}],"wp:attachment":[{"href":"https:\/\/www.clean-air.cz\/de\/wp-json\/wp\/v2\/media?parent=3648"}],"curies":[{"name":"wp","href":"https:\/\/api.w.org\/{rel}","templated":true}]}}