{"id":3629,"date":"2018-12-06T16:33:36","date_gmt":"2018-12-06T15:33:36","guid":{"rendered":"https:\/\/www.clean-air.cz\/hauben\/"},"modified":"2023-12-04T11:50:00","modified_gmt":"2023-12-04T10:50:00","slug":"hauben","status":"publish","type":"page","link":"https:\/\/www.clean-air.cz\/de\/hauben\/","title":{"rendered":"Hauben"},"content":{"rendered":"<p>[vc_row][vc_column][vc_column_text]CleanAIR\u00ae-Kopfteile bieten zuverl\u00e4ssigen Schutz f\u00fcr eine Reihe industrieller Anwendungen, einschlie\u00dflich, aber nicht beschr\u00e4nkt auf Schwei\u00dfen, Schleifen, Lackieren, Bauwesen, Pharma- und Chemiesektor, Lebensmittelindustrie und Landwirtschaft. Unsere Kopfteile sind so konzipiert, dass sie den h\u00f6chsten Sicherheitsstandards entsprechen und gleichzeitig Komfort und Effizienz am Arbeitsplatz gew\u00e4hrleisten.[\/vc_column_text][\/vc_column][\/vc_row][vc_row][vc_column width=&#8221;1\/6&#8243;][vc_btn title=&#8221;SCHWEISSHAUBEN&#8221; shape=&#8221;square&#8221; size=&#8221;sm&#8221; align=&#8221;center&#8221; button_block=&#8221;true&#8221; link=&#8221;url:https%3A%2F%2Fwww.clean-air.cz%2Fde%2Fhauben%2Fschweishauben%2F|title:Schweisshauben|&#8221;][\/vc_column][vc_column width=&#8221;1\/6&#8243;][vc_btn title=&#8221; LEICHTHAUBEN&#8221; shape=&#8221;square&#8221; size=&#8221;sm&#8221; align=&#8221;center&#8221; button_block=&#8221;true&#8221; link=&#8221;url:https%3A%2F%2Fwww.clean-air.cz%2Fde%2Fhauben%2Fleichthauben%2F|title:Leichthauben|&#8221;][\/vc_column][vc_column width=&#8221;1\/6&#8243;][vc_btn title=&#8221;SCHUTZSCHIRME&#8221; shape=&#8221;square&#8221; size=&#8221;sm&#8221; align=&#8221;center&#8221; button_block=&#8221;true&#8221; link=&#8221;url:https%3A%2F%2Fwww.clean-air.cz%2Fde%2Fhauben%2Fschutzschirme%2F|title:Schutzschirme|&#8221;][\/vc_column][vc_column width=&#8221;1\/6&#8243;][vc_btn title=&#8221;SCHLEIFSCHIRME&#8221; shape=&#8221;square&#8221; size=&#8221;sm&#8221; align=&#8221;center&#8221; button_block=&#8221;true&#8221; link=&#8221;url:https%3A%2F%2Fwww.clean-air.cz%2Fde%2Fhauben%2Fschleifschirme%2F|title:SCHLEIFSCHIRME|&#8221;][\/vc_column][vc_column width=&#8221;1\/6&#8243;][vc_btn title=&#8221;SCHUTZHELME&#8221; shape=&#8221;square&#8221; size=&#8221;sm&#8221; align=&#8221;center&#8221; button_block=&#8221;true&#8221; link=&#8221;url:https%3A%2F%2Fwww.clean-air.cz%2Fde%2Fhauben%2Fschutzhelme%2F|title:SCHUTZHELME|&#8221;][\/vc_column][vc_column width=&#8221;1\/6&#8243;][vc_btn title=&#8221;MASKEN&#8221; size=&#8221;sm&#8221; align=&#8221;center&#8221; button_block=&#8221;true&#8221; link=&#8221;url:https%3A%2F%2Fwww.clean-air.cz%2Fde%2Fhauben%2Fmasken%2F|title:MASKEN|&#8221;][\/vc_column][\/vc_row]<\/p>\n","protected":false},"excerpt":{"rendered":"<p>[vc_row][vc_column][vc_column_text]CleanAIR\u00ae-Kopfteile bieten zuverl\u00e4ssigen Schutz f\u00fcr eine Reihe industrieller Anwendungen, einschlie\u00dflich, aber nicht beschr\u00e4nkt auf Schwei\u00dfen, Schleifen, Lackieren, Bauwesen, Pharma- und Chemiesektor, Lebensmittelindustrie und Landwirtschaft. Unsere Kopfteile sind so konzipiert, dass sie den h\u00f6chsten Sicherheitsstandards entsprechen und gleichzeitig Komfort und Effizienz am Arbeitsplatz gew\u00e4hrleisten.[\/vc_column_text][\/vc_column][\/vc_row][vc_row][vc_column width=&#8221;1\/6&#8243;][vc_btn title=&#8221;SCHWEISSHAUBEN&#8221; shape=&#8221;square&#8221; size=&#8221;sm&#8221; align=&#8221;center&#8221; button_block=&#8221;true&#8221; link=&#8221;url:https%3A%2F%2Fwww.clean-air.cz%2Fde%2Fhauben%2Fschweishauben%2F|title:Schweisshauben|&#8221;][\/vc_column][vc_column width=&#8221;1\/6&#8243;][vc_btn title=&#8221; LEICHTHAUBEN&#8221; shape=&#8221;square&#8221; size=&#8221;sm&#8221; align=&#8221;center&#8221; button_block=&#8221;true&#8221; link=&#8221;url:https%3A%2F%2Fwww.clean-air.cz%2Fde%2Fhauben%2Fleichthauben%2F|title:Leichthauben|&#8221;][\/vc_column][vc_column width=&#8221;1\/6&#8243;][vc_btn title=&#8221;SCHUTZSCHIRME&#8221; shape=&#8221;square&#8221; size=&#8221;sm&#8221; align=&#8221;center&#8221; button_block=&#8221;true&#8221; link=&#8221;url:https%3A%2F%2Fwww.clean-air.cz%2Fde%2Fhauben%2Fschutzschirme%2F|title:Schutzschirme|&#8221;][\/vc_column][vc_column width=&#8221;1\/6&#8243;][vc_btn title=&#8221;SCHLEIFSCHIRME&#8221; shape=&#8221;square&#8221; size=&#8221;sm&#8221; align=&#8221;center&#8221;<\/p>\n<p><a class=\"more-link\" href=\"https:\/\/www.clean-air.cz\/de\/hauben\/\">Weiterlesen<\/a><\/p>\n","protected":false},"author":11,"featured_media":0,"parent":0,"menu_order":0,"comment_status":"closed","ping_status":"closed","template":"","meta":{"footnotes":""},"_links":{"self":[{"href":"https:\/\/www.clean-air.cz\/de\/wp-json\/wp\/v2\/pages\/3629"}],"collection":[{"href":"https:\/\/www.clean-air.cz\/de\/wp-json\/wp\/v2\/pages"}],"about":[{"href":"https:\/\/www.clean-air.cz\/de\/wp-json\/wp\/v2\/types\/page"}],"author":[{"embeddable":true,"href":"https:\/\/www.clean-air.cz\/de\/wp-json\/wp\/v2\/users\/11"}],"replies":[{"embeddable":true,"href":"https:\/\/www.clean-air.cz\/de\/wp-json\/wp\/v2\/comments?post=3629"}],"version-history":[{"count":0,"href":"https:\/\/www.clean-air.cz\/de\/wp-json\/wp\/v2\/pages\/3629\/revisions"}],"wp:attachment":[{"href":"https:\/\/www.clean-air.cz\/de\/wp-json\/wp\/v2\/media?parent=3629"}],"curies":[{"name":"wp","href":"https:\/\/api.w.org\/{rel}","templated":true}]}}