{"id":3622,"date":"2018-12-06T15:45:43","date_gmt":"2018-12-06T14:45:43","guid":{"rendered":"https:\/\/www.clean-air.cz\/leichthauben\/kurze-haube-ca-10\/"},"modified":"2026-01-27T08:20:26","modified_gmt":"2026-01-27T07:20:26","slug":"kurze-haube-ca-10","status":"publish","type":"page","link":"https:\/\/www.clean-air.cz\/de\/hauben\/leichthauben\/kurze-haube-ca-10\/","title":{"rendered":"Kurze Haube CA-10"},"content":{"rendered":"<p>[vc_row][vc_column width=&#8221;1\/2&#8243;][vc_gallery interval=&#8221;0&#8243; images=&#8221;10400,10405,10410,10415,17783,17776&#8243; img_size=&#8221;large&#8221;][\/vc_column][vc_column width=&#8221;1\/2&#8243;][vc_column_text]<\/p>\n<p><strong><span style=\"font-size: 14pt; color: #be0300;\">\u00dcberragender Atemschutz mit sehr guter Chemikalienbest\u00e4ndigkeit<\/span><\/strong><\/p>\n<p>Diese lange leichte Haube f\u00fcr den Atemschutz sch\u00fctzt Kopf, Hals und Schultern in Umgebungen mit hoher chemischer Belastung. In Kombination mit einem CleanAIR\u00ae PAPR oder Druckluftsystem bietet sie Atemschutz auf h\u00f6chstem Niveau. Die Haube hat eine erh\u00f6hte Lebensdauer und kann aufgrund des leicht laminierten Stoffes und der versiegelten N\u00e4hte dekontaminiert werden. Sie ist leicht und bequem, denn das antiseptische Innengewebe absorbiert den Schwei\u00df und versiegelt gleichzeitig. Dank der anpassbaren Kopfbedeckung und dem bequemen elastischen Gummiband ist es f\u00fcr verschiedene Kopfgr\u00f6\u00dfen geeignet. Der Abstand des Visiers und der Umfang der Kopfbedeckung k\u00f6nnen individuell eingestellt werden. Das breite Panoramavisier mit beschlagfreier Beschichtung gew\u00e4hrleistet eine ungest\u00f6rte Sicht und grundlegenden mechanischen Schutz.<\/p>\n<p>[\/vc_column_text][\/vc_column][\/vc_row][vc_row][vc_column][vc_tta_tabs style=&#8221;modern&#8221; shape=&#8221;square&#8221; active_section=&#8221;1&#8243; no_fill_content_area=&#8221;true&#8221; title=&#8221;Details&#8221;][vc_tta_section i_icon_fontawesome=&#8221;fa fa-industry&#8221; add_icon=&#8221;true&#8221; title=&#8221;Anwendungsbereiche&#8221; tab_id=&#8221;1513150336358-68add988-e9ea&#8221;][vc_column_text]<\/p>\n<p><span style=\"color: #be0300;\"><strong>ANWENDUNGSBEREICHE<\/strong><\/span><\/p>\n<p>Die Haube kann in allen Umgebungen verwendet werden, die eine lange Lebensdauer und<br \/>\nChemikalienbest\u00e4ndigkeit verlangen. Sie eignet sich f\u00fcr das Spr\u00fchen und Lackieren, f\u00fcr<br \/>\nLabore, die pharmazeutische und die chemische Industrie.<\/p>\n<p>[\/vc_column_text][\/vc_tta_section][vc_tta_section i_icon_fontawesome=&#8221;fa fa-thumbs-o-up&#8221; add_icon=&#8221;true&#8221; title=&#8221;Merkmale und Vorteile&#8221; tab_id=&#8221;1513150336359-b7b65468-8021&#8243;][vc_column_text]<\/p>\n<p><span style=\"color: #be0300;\"><strong>FUNKTIONEN UND VORTEILE<\/strong><\/span><\/p>\n<ul>\n<li>\u00dcberragender Atemschutz<\/li>\n<li>Langlebig und dekontaminierbar<\/li>\n<li>Antiseptisches Innengewebe, das Schwei\u00df absorbiert und gleichzeitig zus\u00e4tzlich versiegelt<\/li>\n<li>Breites Visier mit beschlagfreier Beschichtung<\/li>\n<li>Individuelle Einstellungen der Kopfbedeckung \u2013 anpassbarer Umfang und Abstand vom<br \/>\nVisier<\/li>\n<li>Angenehmes Tragen dank gro\u00dfz\u00fcgigem Schnitt und leichtem langlebigem Material<\/li>\n<li>\u00a0Umfassender Augenschutz gem\u00e4\u00df EN 166<\/li>\n<li>Praktische reflektierende Lasche oben an der Kopfbedeckung<\/li>\n<\/ul>\n<p>[\/vc_column_text][\/vc_tta_section][vc_tta_section i_icon_fontawesome=&#8221;fa fa-cog&#8221; add_icon=&#8221;true&#8221; title=&#8221;Kompletts\u00e4tze, Zubeh\u00f6r, Filter&#8221; tab_id=&#8221;1513153137048-5f8c31c5-30ea&#8221;][vc_column_text]<\/p>\n<table>\n<tbody>\n<tr>\n<td style=\"text-align: left;\" colspan=\"2\"><span style=\"color: #be0300;\"><strong>Complete hoods<\/strong><\/span><\/td>\n<\/tr>\n<tr>\n<td style=\"text-align: left;\">Long protective hood CA-10, chemically resistant<\/td>\n<td style=\"text-align: left;\">72 10 02<\/td>\n<\/tr>\n<tr>\n<td style=\"text-align: left;\" colspan=\"2\"><span style=\"color: #be0300;\"><strong>Spare parts, accessories<\/strong><\/span><\/td>\n<\/tr>\n<tr>\n<td>Protection foil \u2013 10 pcs<\/td>\n<td>70 01 20\/10<\/td>\n<\/tr>\n<tr>\n<td>Sweatband CleanAIR for light hoods, pack of 5pcs<\/td>\n<td>16 70 03\/5<\/td>\n<\/tr>\n<tr>\n<td>Headgear for light hoods CleanAIR\u00ae, adjustable<\/td>\n<td>72 00 01<\/td>\n<\/tr>\n<\/tbody>\n<\/table>\n<p>[\/vc_column_text][\/vc_tta_section][vc_tta_section i_icon_fontawesome=&#8221;fa fa-wrench&#8221; add_icon=&#8221;true&#8221; title=&#8221;Technische Daten&#8221; tab_id=&#8221;1513153797992-792040b0-82c9&#8243;][vc_column_text]<\/p>\n<table>\n<tbody>\n<tr>\n<td style=\"text-align: left;\"><span style=\"color: #be0300;\"><strong>Weight<\/strong><\/span><\/td>\n<td style=\"text-align: center;\">220 g<\/td>\n<\/tr>\n<tr>\n<td style=\"text-align: left;\"><span style=\"color: #be0300;\"><strong>Material<\/strong><\/span><\/td>\n<td style=\"text-align: center;\">Haube \u2013 laminiertes Polyethylen<br \/>\nVisier \u2013 Cellulosepropionat<\/td>\n<\/tr>\n<tr>\n<td style=\"text-align: left;\"><span style=\"color: #be0300;\"><strong>Colour<\/strong><\/span><\/td>\n<td style=\"text-align: center;\">Gelb<\/td>\n<\/tr>\n<tr>\n<td style=\"text-align: left;\"><span style=\"color: #be0300;\"><strong>Protection factor (NPF)<\/strong><\/span><\/td>\n<td style=\"text-align: center;\">500<\/td>\n<\/tr>\n<tr>\n<td style=\"text-align: left;\"><span style=\"color: #be0300;\"><strong>Hose connection<\/strong><\/span><\/td>\n<td style=\"text-align: center;\">QuickLOCK\u2122<\/td>\n<\/tr>\n<tr>\n<td style=\"text-align: left;\"><span style=\"color: #be0300;\"><strong>Certification<\/strong><\/span><\/td>\n<td style=\"text-align: center;\">EN 12941 TH3<br \/>\nEN 14594 3A<br \/>\nEN 166 1 S F<\/td>\n<\/tr>\n<\/tbody>\n<\/table>\n<p>[\/vc_column_text][\/vc_tta_section][vc_tta_section i_icon_fontawesome=&#8221;fa fa-download&#8221; add_icon=&#8221;true&#8221; title=&#8221;Downloads&#8221; tab_id=&#8221;1513154098935-95c74e4f-fa1e&#8221;][vc_column_text]<a href=\"https:\/\/www.clean-air.cz\/wp-content\/uploads\/2026\/01\/GR-CNA076-R10-User-Manual-Light-Hoods-DIGI.pdf\">User Manual &#8211; Light Hoods DIGI<\/a><\/p>\n<p><a href=\"https:\/\/www.clean-air.cz\/wp-content\/uploads\/2024\/10\/DA-030_-_721002_-_CA-10_-_EN.pdf\">DA-030_-_721002_-_CA-10_-_EN<\/a><\/p>\n<p><a href=\"https:\/\/www.clean-air.cz\/wp-content\/uploads\/2024\/10\/DA-099_-_721002G_-_CA-10G_CZ.pdf\">DA-099_-_721002G_-_CA-10G_CZ<\/a><\/p>\n<p><a href=\"https:\/\/www.clean-air.cz\/wp-content\/uploads\/2024\/12\/PS-721000-1-R5-CA-10.pdf\">Declaration of Conformity PS-721000-1-R5 CA-10<\/a>[\/vc_column_text][\/vc_tta_section][vc_tta_section i_icon_fontawesome=&#8221;fa fa-picture-o&#8221; add_icon=&#8221;true&#8221; title=&#8221;Galerie&#8221; tab_id=&#8221;1515415801460-0c2258c9-4574&#8243;][vc_gallery type=&#8221;image_grid&#8221; images=&#8221;8551,8660,8655&#8243; img_size=&#8221;medium&#8221; css_animation=&#8221;fadeIn&#8221; css=&#8221;.vc_custom_1580733937473{padding-left: 280px !important;}&#8221;][\/vc_tta_section][\/vc_tta_tabs][\/vc_column][\/vc_row]<\/p>\n","protected":false},"excerpt":{"rendered":"<p>[vc_row][vc_column width=&#8221;1\/2&#8243;][vc_gallery interval=&#8221;0&#8243; images=&#8221;10400,10405,10410,10415,17783,17776&#8243; img_size=&#8221;large&#8221;][\/vc_column][vc_column width=&#8221;1\/2&#8243;][vc_column_text] \u00dcberragender Atemschutz mit sehr guter Chemikalienbest\u00e4ndigkeit Diese lange leichte Haube f\u00fcr den Atemschutz sch\u00fctzt Kopf, Hals und Schultern in Umgebungen mit hoher chemischer Belastung. In Kombination mit einem CleanAIR\u00ae PAPR oder Druckluftsystem bietet sie Atemschutz auf h\u00f6chstem Niveau. Die Haube hat eine erh\u00f6hte Lebensdauer und kann aufgrund des leicht laminierten Stoffes und der versiegelten N\u00e4hte dekontaminiert werden. Sie ist leicht und bequem, denn das<\/p>\n<p><a class=\"more-link\" href=\"https:\/\/www.clean-air.cz\/de\/hauben\/leichthauben\/kurze-haube-ca-10\/\">Weiterlesen<\/a><\/p>\n","protected":false},"author":11,"featured_media":0,"parent":3605,"menu_order":0,"comment_status":"closed","ping_status":"closed","template":"","meta":{"footnotes":""},"_links":{"self":[{"href":"https:\/\/www.clean-air.cz\/de\/wp-json\/wp\/v2\/pages\/3622"}],"collection":[{"href":"https:\/\/www.clean-air.cz\/de\/wp-json\/wp\/v2\/pages"}],"about":[{"href":"https:\/\/www.clean-air.cz\/de\/wp-json\/wp\/v2\/types\/page"}],"author":[{"embeddable":true,"href":"https:\/\/www.clean-air.cz\/de\/wp-json\/wp\/v2\/users\/11"}],"replies":[{"embeddable":true,"href":"https:\/\/www.clean-air.cz\/de\/wp-json\/wp\/v2\/comments?post=3622"}],"version-history":[{"count":0,"href":"https:\/\/www.clean-air.cz\/de\/wp-json\/wp\/v2\/pages\/3622\/revisions"}],"up":[{"embeddable":true,"href":"https:\/\/www.clean-air.cz\/de\/wp-json\/wp\/v2\/pages\/3605"}],"wp:attachment":[{"href":"https:\/\/www.clean-air.cz\/de\/wp-json\/wp\/v2\/media?parent=3622"}],"curies":[{"name":"wp","href":"https:\/\/api.w.org\/{rel}","templated":true}]}}