{"id":3614,"date":"2018-12-06T15:25:49","date_gmt":"2018-12-06T14:25:49","guid":{"rendered":"https:\/\/www.clean-air.cz\/leichthauben\/kurze-haube-ca-1\/"},"modified":"2025-08-14T11:17:36","modified_gmt":"2025-08-14T09:17:36","slug":"kurze-haube-ca-1","status":"publish","type":"page","link":"https:\/\/www.clean-air.cz\/de\/hauben\/leichthauben\/kurze-haube-ca-1\/","title":{"rendered":"Kurze Haube CA-1\/CA-1+"},"content":{"rendered":"<p>[vc_row][vc_column width=&#8221;1\/2&#8243;][vc_gallery interval=&#8221;0&#8243; images=&#8221;10361,10371,10376,10381,10366&#8243; img_size=&#8221;large&#8221;][\/vc_column][vc_column width=&#8221;1\/2&#8243;][vc_column_text]<strong><span style=\"font-size: 14pt; color: #be0300;\">Ultraleichte Haube mit hervorragendem Atemschutz<\/span><\/strong><\/p>\n<p>Diese kurze leichte Haube ist die optimale L\u00f6sung f\u00fcr den Atem- und Gesichtsschutz in staubigen Umgebungen, f\u00fcr die dar\u00fcber hinaus kein mechanischer Schutz erforderlich ist. In Kombination mit einem CleanAIR\u00ae PAPR oder Druckluftsystem bietet sie Atemschutz auf h\u00f6chstem Niveau.Dank der anpassbaren Kopfbedeckung und dem bequemen elastischen Gummiband ist es f\u00fcr verschiedene Kopfgr\u00f6\u00dfen geeignet. Der Abstand des Visiers kann individuell eingestellt werden wie auch der Umfang des Kopfbands. Dank leichtem Nylonstoff und gro\u00dfz\u00fcgigem Schnitt ist das Tragen auch \u00fcber l\u00e4ngere Zeitr\u00e4ume angenehm. Das breite Panoramavisier mit beschlagfreier Beschichtung gew\u00e4hrleistet eine ungest\u00f6rte Sicht und grundlegenden mechanischen Augenschutz.[\/vc_column_text][\/vc_column][\/vc_row][vc_row][vc_column][vc_tta_tabs style=&#8221;modern&#8221; shape=&#8221;square&#8221; active_section=&#8221;1&#8243; no_fill_content_area=&#8221;true&#8221; title=&#8221;Details&#8221;][vc_tta_section i_icon_fontawesome=&#8221;fa fa-industry&#8221; add_icon=&#8221;true&#8221; title=&#8221;Anwendungsbereiche&#8221; tab_id=&#8221;1513150336358-68add988-e9ea&#8221;][vc_column_text]<span style=\"color: #be0300;\"><strong>Anwendungsbereiche<\/strong><\/span><\/p>\n<p>Die CA-2 ist f\u00fcr den Einsatz in nicht toxischen staubigen Umgebungen der Fertigungsindustrie, bei der Holzverarbeitung, in der Lebensmittelindustrie, im Bergbau, in der Landwirtschaft usw. geeignet.[\/vc_column_text][\/vc_tta_section][vc_tta_section i_icon_fontawesome=&#8221;fa fa-thumbs-o-up&#8221; add_icon=&#8221;true&#8221; title=&#8221;Merkmale und Vorteile&#8221; tab_id=&#8221;1513150336359-b7b65468-8021&#8243;][vc_column_text]<span style=\"color: #be0300;\"><strong>Funktionen und vorteile<\/strong><\/span><\/p>\n<ul>\n<li>\u00dcberragender Atemschutz<\/li>\n<li>Breites Visier mit beschlagfreier Beschichtung<\/li>\n<li>Individuelle Einstellungen der Kopfbedeckung \u2013 anpassbarer Umfang und Abstand vom Visier<\/li>\n<li>\u00a0Angenehmes Tragen dank gro\u00dfz\u00fcgigem Schnitt und leichtem langlebigem Material<\/li>\n<li>\u00a0Praktische reflektierende Lasche oben an der Kopfbedeckung<\/li>\n<\/ul>\n<p>[\/vc_column_text][\/vc_tta_section][vc_tta_section i_icon_fontawesome=&#8221;fa fa-cog&#8221; add_icon=&#8221;true&#8221; title=&#8221;Kompletts\u00e4tze, Zubeh\u00f6r, Filter&#8221; tab_id=&#8221;1513153137048-5f8c31c5-30ea&#8221;][vc_column_text]<\/p>\n<table style=\"width: 100%; height: 336px;\">\n<tbody>\n<tr style=\"height: 24px;\">\n<td style=\"width: 99.84%; height: 24px;\" colspan=\"2\"><span style=\"color: #be0300;\"><strong>Komplette Sets<\/strong><\/span><\/td>\n<\/tr>\n<tr style=\"height: 24px;\">\n<td style=\"width: 76.96%; height: 24px;\">Kurze Schutzhaube CA-1, orange<\/td>\n<td style=\"width: 22.88%; height: 24px;\">72 01 02<\/td>\n<\/tr>\n<tr style=\"height: 24px;\">\n<td style=\"width: 76.96%; height: 24px;\">Kurze Schutzhaube CA-1, blau<\/td>\n<td style=\"width: 22.88%; height: 24px;\">72 01 02B<\/td>\n<\/tr>\n<tr style=\"height: 24px;\">\n<td style=\"width: 99.84%; height: 24px;\" colspan=\"2\"><span style=\"color: #be0300;\"><strong>Ersatzteile\/Zubeh\u00f6r<\/strong><\/span><\/td>\n<\/tr>\n<tr style=\"height: 24px;\">\n<td style=\"width: 76.96%; height: 24px;\">Schwei\u00dfband f\u00fcr leichte Kopfhauben \u2013 5 St\u00fcck Paket<\/td>\n<td style=\"width: 22.88%; height: 24px;\">16 70 03\/5<\/td>\n<\/tr>\n<tr style=\"height: 24px;\">\n<td style=\"width: 76.96%; height: 24px;\">Schutzfolie \u2013 10 St\u00fcck<\/td>\n<td style=\"width: 22.88%; height: 24px;\">70 01 20\/10<\/td>\n<\/tr>\n<tr style=\"height: 24px;\">\n<td style=\"width: 76.96%; height: 24px;\">Kopfbedeckung f\u00fcr leichte Hauben CleanAIR\u00ae, anpassbar<\/td>\n<td style=\"width: 22.88%; height: 24px;\">72 00 01<\/td>\n<\/tr>\n<\/tbody>\n<\/table>\n<p>[\/vc_column_text][\/vc_tta_section][vc_tta_section i_icon_fontawesome=&#8221;fa fa-wrench&#8221; add_icon=&#8221;true&#8221; title=&#8221;Technische Daten&#8221; tab_id=&#8221;1513153797992-792040b0-82c9&#8243;][vc_column_text]<\/p>\n<table>\n<tbody>\n<tr>\n<td style=\"text-align: left;\"><span style=\"color: #be0300;\"><strong>Gewicht<\/strong><\/span><\/td>\n<td style=\"text-align: center;\">180 g<\/td>\n<\/tr>\n<tr>\n<td style=\"text-align: left;\"><span style=\"color: #be0300;\"><strong>Material<\/strong><\/span><\/td>\n<td style=\"text-align: center;\">Haube \u2013 Nylon<br \/>\nVisier \u2013 Cellulosepropionat<\/td>\n<\/tr>\n<tr>\n<td style=\"text-align: left;\"><span style=\"color: #be0300;\"><strong>Farbe<\/strong><\/span><\/td>\n<td style=\"text-align: center;\">orange \/ blau<\/td>\n<\/tr>\n<tr>\n<td style=\"text-align: left;\"><span style=\"color: #be0300;\"><strong>Nennschutzfaktor (NPF)<\/strong><\/span><\/td>\n<td style=\"text-align: center;\">500<\/td>\n<\/tr>\n<tr>\n<td style=\"text-align: left;\"><span style=\"color: #be0300;\"><strong>Schlauchanschluss<\/strong><\/span><\/td>\n<td style=\"text-align: center;\">QuickLOCK\u2122<\/td>\n<\/tr>\n<tr>\n<td style=\"text-align: left;\"><span style=\"color: #be0300;\"><strong>Zertifizierung<\/strong><\/span><\/td>\n<td style=\"text-align: center;\">EN 12941 TH3<br \/>\nEN 14594 3A<br \/>\nEN 166 1 S F<\/td>\n<\/tr>\n<\/tbody>\n<\/table>\n<p>[\/vc_column_text][\/vc_tta_section][vc_tta_section i_icon_fontawesome=&#8221;fa fa-download&#8221; add_icon=&#8221;true&#8221; title=&#8221;Downloads&#8221; tab_id=&#8221;1513154098935-95c74e4f-fa1e&#8221;][vc_column_text]<a href=\"https:\/\/www.clean-air.cz\/wp-content\/uploads\/2024\/09\/User-manual-CNA-076-R07-Light-headtops_DIGI.pdf\">User manual &#8211; CNA-076-R07 &#8211; Light headtops_DIGI<\/a><\/p>\n<p><a href=\"https:\/\/www.clean-air.cz\/wp-content\/uploads\/2024\/12\/DA-002_-_720112_-_CA-1_Plus_-_EN.pdf\">Datasheet<\/a><a href=\"https:\/\/www.clean-air.cz\/wp-content\/uploads\/2024\/10\/DA-039_-_720102_-_CA-1_-_EN.pdf\">_-_720102_-_CA-1_-_EN<\/a><\/p>\n<p><a href=\"https:\/\/www.clean-air.cz\/wp-content\/uploads\/2024\/12\/DA-002_-_720112_-_CA-1_Plus_-_EN.pdf\">Datasheet_-_720112_-_CA-1_Plus_-_EN<\/a><\/p>\n<p><a href=\"https:\/\/www.clean-air.cz\/wp-content\/uploads\/2021\/04\/DA-001_-_720101_-_CA-1_Lite_-_EN.pdf\" target=\"_blank\" rel=\"noopener\">Datasheet &#8211; 720101 &#8211; CA-1 Lite &#8211; EN<\/a><\/p>\n<p><a href=\"https:\/\/www.clean-air.cz\/wp-content\/uploads\/2024\/09\/PS-720100-1-R5-CA-1-CA-1.pdf\">PS-720100-1-R5 CA-1, CA-1+<\/a><\/p>\n<p><a href=\"https:\/\/www.clean-air.cz\/wp-content\/uploads\/2024\/09\/PS-720100-1-R5-CA-1-CA-1-CZ.pdf\">PS-720100-1-R5 CA-1, CA-1+ CZ<\/a>[\/vc_column_text][\/vc_tta_section][vc_tta_section i_icon_fontawesome=&#8221;fa fa-picture-o&#8221; add_icon=&#8221;true&#8221; title=&#8221;Galerie&#8221; tab_id=&#8221;1515415801460-0c2258c9-4574&#8243;][vc_gallery type=&#8221;image_grid&#8221; images=&#8221;8622,8615,8610,8617,8605,8600&#8243; img_size=&#8221;medium&#8221; css_animation=&#8221;fadeIn&#8221; css=&#8221;.vc_custom_1580719050508{padding-left: 280px !important;}&#8221;][\/vc_tta_section][\/vc_tta_tabs][\/vc_column][\/vc_row]<\/p>\n","protected":false},"excerpt":{"rendered":"<p>[vc_row][vc_column width=&#8221;1\/2&#8243;][vc_gallery interval=&#8221;0&#8243; images=&#8221;10361,10371,10376,10381,10366&#8243; img_size=&#8221;large&#8221;][\/vc_column][vc_column width=&#8221;1\/2&#8243;][vc_column_text]Ultraleichte Haube mit hervorragendem Atemschutz Diese kurze leichte Haube ist die optimale L\u00f6sung f\u00fcr den Atem- und Gesichtsschutz in staubigen Umgebungen, f\u00fcr die dar\u00fcber hinaus kein mechanischer Schutz erforderlich ist. In Kombination mit einem CleanAIR\u00ae PAPR oder Druckluftsystem bietet sie Atemschutz auf h\u00f6chstem Niveau.Dank der anpassbaren Kopfbedeckung und dem bequemen elastischen Gummiband ist es f\u00fcr verschiedene Kopfgr\u00f6\u00dfen geeignet. Der Abstand des Visiers kann individuell eingestellt<\/p>\n<p><a class=\"more-link\" href=\"https:\/\/www.clean-air.cz\/de\/hauben\/leichthauben\/kurze-haube-ca-1\/\">Weiterlesen<\/a><\/p>\n","protected":false},"author":11,"featured_media":0,"parent":3605,"menu_order":0,"comment_status":"closed","ping_status":"closed","template":"","meta":{"footnotes":""},"_links":{"self":[{"href":"https:\/\/www.clean-air.cz\/de\/wp-json\/wp\/v2\/pages\/3614"}],"collection":[{"href":"https:\/\/www.clean-air.cz\/de\/wp-json\/wp\/v2\/pages"}],"about":[{"href":"https:\/\/www.clean-air.cz\/de\/wp-json\/wp\/v2\/types\/page"}],"author":[{"embeddable":true,"href":"https:\/\/www.clean-air.cz\/de\/wp-json\/wp\/v2\/users\/11"}],"replies":[{"embeddable":true,"href":"https:\/\/www.clean-air.cz\/de\/wp-json\/wp\/v2\/comments?post=3614"}],"version-history":[{"count":0,"href":"https:\/\/www.clean-air.cz\/de\/wp-json\/wp\/v2\/pages\/3614\/revisions"}],"up":[{"embeddable":true,"href":"https:\/\/www.clean-air.cz\/de\/wp-json\/wp\/v2\/pages\/3605"}],"wp:attachment":[{"href":"https:\/\/www.clean-air.cz\/de\/wp-json\/wp\/v2\/media?parent=3614"}],"curies":[{"name":"wp","href":"https:\/\/api.w.org\/{rel}","templated":true}]}}