{"id":3607,"date":"2018-12-06T15:12:26","date_gmt":"2018-12-06T14:12:26","guid":{"rendered":"https:\/\/www.clean-air.cz\/leichthauben\/lange-haube-ca-2\/"},"modified":"2026-01-27T08:15:04","modified_gmt":"2026-01-27T07:15:04","slug":"lange-haube-ca-2","status":"publish","type":"page","link":"https:\/\/www.clean-air.cz\/de\/hauben\/leichthauben\/lange-haube-ca-2\/","title":{"rendered":"Lange Haube CA-2"},"content":{"rendered":"<p>[vc_row][vc_column width=&#8221;1\/2&#8243;][vc_gallery interval=&#8221;0&#8243; images=&#8221;10889,10909,10874,10879,10884,10894,10899,10904,10914&#8243; img_size=&#8221;large&#8221;][\/vc_column][vc_column width=&#8221;1\/2&#8243;][vc_column_text]<\/p>\n<p><strong><span style=\"font-size: 14pt; color: #be0300;\">Ultraleichte lange Haube mit \u00fcberragendem Atemschutz<\/span><\/strong><\/p>\n<p>Diese lange leichte Haube f\u00fcr den Atemschutz sch\u00fctzt Kopf, Hals und Schultern in staubigen Umgebungen, f\u00fcr die dar\u00fcber hinaus kein mechanischer Schutz erforderlich ist. In Kombination mit einem CleanAIR\u00ae PAPR oder Druckluftsystem bietet sie Atemschutz auf h\u00f6chstem Niveau. Dank der anpassbaren Kopfbedeckung und dem bequemen elastischen Gummiband ist es f\u00fcr verschiedene Kopfgr\u00f6\u00dfen geeignet. Der Abstand des Visiers und der Umfang der Kopfbedeckung k\u00f6nnen individuell eingestellt werden. Dank leichtem Nylonstoff und gro\u00dfz\u00fcgigem Schnitt ist das Tragen auch \u00fcber l\u00e4ngere Zeitr\u00e4ume angenehm. Das breite Panoramavisier mit beschlagfreier Beschichtung gew\u00e4hrleistet eine ungest\u00f6rte Sicht und grundlegenden mechanischen Augenschutz.<\/p>\n<p>[\/vc_column_text][\/vc_column][\/vc_row][vc_row][vc_column][vc_tta_tabs style=&#8221;modern&#8221; shape=&#8221;square&#8221; active_section=&#8221;1&#8243; no_fill_content_area=&#8221;true&#8221; title=&#8221;Details&#8221;][vc_tta_section i_icon_fontawesome=&#8221;fa fa-industry&#8221; add_icon=&#8221;true&#8221; title=&#8221;Anwendungsbereiche&#8221; tab_id=&#8221;1513150336358-68add988-e9ea&#8221;][vc_column_text]<span style=\"color: #be0300;\"><strong>ANWENDUNGSBEREICHE<\/strong><\/span><\/p>\n<p>Die Haube kann in staubigen und Umgebungen mit leichter chemischer Belastung eingesetzt werden. Sie eignet sich f\u00fcr Spr\u00fchen und Lackieren sowie f\u00fcr den Verwendung in Laboren und in der pharmazeutischen Industrie.[\/vc_column_text][\/vc_tta_section][vc_tta_section i_icon_fontawesome=&#8221;fa fa-thumbs-o-up&#8221; add_icon=&#8221;true&#8221; title=&#8221;Merkmale und Vorteile&#8221; tab_id=&#8221;1513150336359-b7b65468-8021&#8243;][vc_column_text]<span style=\"color: #be0300;\"><strong>FUNKTIONEN UND VORTEILE<br \/>\n<\/strong><\/span><\/p>\n<ul>\n<li>\u00dcberragender Atemschutz<\/li>\n<li>Breites Visier mit beschlagfreier Beschichtung<\/li>\n<li>Individuelle Einstellungen der Kopfbedeckung \u2013 anpassbarer Umfang und Abstand vom Visier<\/li>\n<li>Angenehmes Tragen dank gro\u00dfz\u00fcgigem Schnitt und leichtem langlebigem Material<\/li>\n<li>Umfassender Augenschutz gem\u00e4\u00df EN 166<\/li>\n<li>Praktische reflektierende Lasche oben an der Kopfbedeckung<\/li>\n<li>Schutz des Oberk\u00f6rpers<\/li>\n<\/ul>\n<p>[\/vc_column_text][\/vc_tta_section][vc_tta_section i_icon_fontawesome=&#8221;fa fa-cog&#8221; add_icon=&#8221;true&#8221; title=&#8221;Kompletts\u00e4tze, Zubeh\u00f6r, Filter&#8221; tab_id=&#8221;1513153137048-5f8c31c5-30ea&#8221;][vc_column_text]<\/p>\n<table>\n<tbody>\n<tr>\n<td style=\"text-align: left;\" colspan=\"2\"><span style=\"color: #be0300;\"><strong>Complete hoods<\/strong><\/span><\/td>\n<\/tr>\n<tr>\n<td style=\"text-align: left;\">Lange Schutzhaube CA-2, orange<\/td>\n<td style=\"text-align: center;\">72 02 02<\/td>\n<\/tr>\n<tr>\n<td style=\"text-align: left;\">Lange Schutzhaube CA-2, blau<\/td>\n<td style=\"text-align: center;\">72 02 02B<\/td>\n<\/tr>\n<tr>\n<td style=\"text-align: left;\" colspan=\"2\"><span style=\"color: #be0300;\"><strong>Spare parts, accessories<\/strong><\/span><\/td>\n<\/tr>\n<tr>\n<td>Schutzfolie \u2013 10 St\u00fcck<\/td>\n<td>70 01 20\/10<\/td>\n<\/tr>\n<tr>\n<td>Schwei\u00dfband f\u00fcr leichte Kopfhauben \u2013 5 St\u00fcck Paket<\/td>\n<td>16 70 03\/5<\/td>\n<\/tr>\n<tr>\n<td>Kopfbedeckung f\u00fcr leichte Hauben CleanAIR\u00ae, anpassbar<\/td>\n<td>72 00 01<\/td>\n<\/tr>\n<\/tbody>\n<\/table>\n<p>[\/vc_column_text][\/vc_tta_section][vc_tta_section i_icon_fontawesome=&#8221;fa fa-wrench&#8221; add_icon=&#8221;true&#8221; title=&#8221;Technische Daten&#8221; tab_id=&#8221;1513153797992-792040b0-82c9&#8243;][vc_column_text]<\/p>\n<table>\n<tbody>\n<tr>\n<td style=\"text-align: left;\"><span style=\"color: #be0300;\"><strong>Gewicht<\/strong><\/span><\/td>\n<td style=\"text-align: center;\">240 g<\/td>\n<\/tr>\n<tr>\n<td style=\"text-align: left;\"><span style=\"color: #be0300;\"><strong>Material<\/strong><\/span><\/td>\n<td style=\"text-align: center;\">Haube \u2013 Nylon<br \/>\nVisier \u2013 Cellulosepropionat<\/td>\n<\/tr>\n<tr>\n<td style=\"text-align: left;\"><span style=\"color: #be0300;\"><strong>Farbe<\/strong><\/span><\/td>\n<td style=\"text-align: center;\">orange, blau<\/td>\n<\/tr>\n<tr>\n<td style=\"text-align: left;\"><span style=\"color: #be0300;\"><strong>Nennschutzfaktor (NPF)<\/strong><\/span><\/td>\n<td style=\"text-align: center;\">500<\/td>\n<\/tr>\n<tr>\n<td style=\"text-align: left;\"><span style=\"color: #be0300;\"><strong>Schlauchanschluss<\/strong><\/span><\/td>\n<td style=\"text-align: center;\">QuickLOCK\u2122<\/td>\n<\/tr>\n<tr>\n<td style=\"text-align: left;\"><span style=\"color: #be0300;\"><strong>Zertifizierung<\/strong><\/span><\/td>\n<td style=\"text-align: center;\">EN 12941 TH3<br \/>\nEN 14594 3A<br \/>\nEN 166 1 S F<\/td>\n<\/tr>\n<\/tbody>\n<\/table>\n<p>[\/vc_column_text][\/vc_tta_section][vc_tta_section i_icon_fontawesome=&#8221;fa fa-download&#8221; add_icon=&#8221;true&#8221; title=&#8221;Downloads&#8221; tab_id=&#8221;1513154098935-95c74e4f-fa1e&#8221;][vc_column_text]<a href=\"https:\/\/www.clean-air.cz\/wp-content\/uploads\/2026\/01\/GR-CNA076-R10-User-Manual-Light-Hoods-DIGI.pdf\">User Manual &#8211; Light Hoods DIGI<\/a><\/p>\n<p><a href=\"https:\/\/www.clean-air.cz\/wp-content\/uploads\/2024\/12\/DA-002_-_720112_-_CA-1_Plus_-_EN.pdf\">DA-002_-_720112_-_CA-1_Plus_-_EN<\/a><\/p>\n<p><a href=\"https:\/\/www.clean-air.cz\/wp-content\/uploads\/2024\/10\/DA-095_-_720201_-_CA-2_Lite_-_EN.pdf\">Datasheet_-_720201_-_CA-2_Lite_-_EN<\/a><\/p>\n<p><a href=\"https:\/\/www.clean-air.cz\/wp-content\/uploads\/2020\/11\/PS-720201-1-R0-CA-2-Lite.pdf\">Declaration of confornity<\/a><a href=\"https:\/\/www.clean-air.cz\/wp-content\/uploads\/2024\/12\/PS-720200-1-R4-CA-2.pdf\"> CA-2<\/a><\/p>\n<p><a href=\"https:\/\/www.clean-air.cz\/wp-content\/uploads\/2020\/11\/PS-720201-1-R0-CA-2-Lite.pdf\">Declaration of confornity CA-2 Lite<\/a>[\/vc_column_text][\/vc_tta_section][vc_tta_section i_icon_fontawesome=&#8221;fa fa-picture-o&#8221; add_icon=&#8221;true&#8221; title=&#8221;Galerie&#8221; tab_id=&#8221;1515415801460-0c2258c9-4574&#8243;][vc_gallery type=&#8221;image_grid&#8221; images=&#8221;8550,8653,8648,8638,8643,8633&#8243; img_size=&#8221;medium&#8221; css_animation=&#8221;fadeIn&#8221; css=&#8221;.vc_custom_1580732848041{padding-left: 280px !important;}&#8221;][\/vc_tta_section][\/vc_tta_tabs][\/vc_column][\/vc_row]<\/p>\n","protected":false},"excerpt":{"rendered":"<p>[vc_row][vc_column width=&#8221;1\/2&#8243;][vc_gallery interval=&#8221;0&#8243; images=&#8221;10889,10909,10874,10879,10884,10894,10899,10904,10914&#8243; img_size=&#8221;large&#8221;][\/vc_column][vc_column width=&#8221;1\/2&#8243;][vc_column_text] Ultraleichte lange Haube mit \u00fcberragendem Atemschutz Diese lange leichte Haube f\u00fcr den Atemschutz sch\u00fctzt Kopf, Hals und Schultern in staubigen Umgebungen, f\u00fcr die dar\u00fcber hinaus kein mechanischer Schutz erforderlich ist. In Kombination mit einem CleanAIR\u00ae PAPR oder Druckluftsystem bietet sie Atemschutz auf h\u00f6chstem Niveau. Dank der anpassbaren Kopfbedeckung und dem bequemen elastischen Gummiband ist es f\u00fcr verschiedene Kopfgr\u00f6\u00dfen geeignet. Der Abstand des Visiers und<\/p>\n<p><a class=\"more-link\" href=\"https:\/\/www.clean-air.cz\/de\/hauben\/leichthauben\/lange-haube-ca-2\/\">Weiterlesen<\/a><\/p>\n","protected":false},"author":11,"featured_media":0,"parent":3605,"menu_order":0,"comment_status":"closed","ping_status":"closed","template":"","meta":{"footnotes":""},"_links":{"self":[{"href":"https:\/\/www.clean-air.cz\/de\/wp-json\/wp\/v2\/pages\/3607"}],"collection":[{"href":"https:\/\/www.clean-air.cz\/de\/wp-json\/wp\/v2\/pages"}],"about":[{"href":"https:\/\/www.clean-air.cz\/de\/wp-json\/wp\/v2\/types\/page"}],"author":[{"embeddable":true,"href":"https:\/\/www.clean-air.cz\/de\/wp-json\/wp\/v2\/users\/11"}],"replies":[{"embeddable":true,"href":"https:\/\/www.clean-air.cz\/de\/wp-json\/wp\/v2\/comments?post=3607"}],"version-history":[{"count":0,"href":"https:\/\/www.clean-air.cz\/de\/wp-json\/wp\/v2\/pages\/3607\/revisions"}],"up":[{"embeddable":true,"href":"https:\/\/www.clean-air.cz\/de\/wp-json\/wp\/v2\/pages\/3605"}],"wp:attachment":[{"href":"https:\/\/www.clean-air.cz\/de\/wp-json\/wp\/v2\/media?parent=3607"}],"curies":[{"name":"wp","href":"https:\/\/api.w.org\/{rel}","templated":true}]}}