{"id":3605,"date":"2018-12-06T14:23:09","date_gmt":"2018-12-06T13:23:09","guid":{"rendered":"https:\/\/www.clean-air.cz\/leichthauben\/"},"modified":"2026-01-27T08:13:44","modified_gmt":"2026-01-27T07:13:44","slug":"leichthauben","status":"publish","type":"page","link":"https:\/\/www.clean-air.cz\/de\/hauben\/leichthauben\/","title":{"rendered":"Leichthauben"},"content":{"rendered":"<p>[vc_row css=&#8221;.vc_custom_1515063137650{background-color: #ffffff !important;}&#8221;][vc_column][vc_column_text]Lichthauben dienen zum Schutz der Atemwege und des Gesichts. Durch die integrierte Luftverteilung in Kombination mit einer PAPR-Einheit oder einem Druckluftsystem erreichen die Hauben h\u00f6chsten Atemschutz. Sie eignen sich f\u00fcr den Einsatz in leicht chemischer Umgebung wie z. B. beim Streichen, Lackieren, im Labor oder in der pharmazeutischen Industrie.[\/vc_column_text][vc_tta_tour style=&#8221;modern&#8221; shape=&#8221;square&#8221; gap=&#8221;1&#8243; active_section=&#8221;1&#8243; no_fill_content_area=&#8221;true&#8221;][vc_tta_section tab_id=&#8221;1515061200914-4dd3150e-98ab&#8221; title=&#8221;CA-1 \/ CA-1+&#8221;][vc_column_text]<img loading=\"lazy\" decoding=\"async\" class=\"alignnone wp-image-8541 size-medium\" src=\"https:\/\/www.clean-air.cz\/wp-content\/uploads\/2020\/01\/CA-1_blue-iso-copy-265x300.png\" alt=\"\" width=\"265\" height=\"300\" \/><\/p>\n<h3>Short hood CA-1 \/ CA-1+<\/h3>\n<p>This short light hood is an optimal solution for respiratory protection and face protection in dusty and light chemical environments where no further mechanical protection is required. In combination with PAPR or airline systems CleanAIR\u00ae it reaches the highest level of respiratory protection.<\/p>\n<p><strong>Areas of application<\/strong><br \/>\nThe hood is suitable for work in dusty and light chemical environments in pharmaceutical and chemical industries.<\/p>\n<p><img loading=\"lazy\" decoding=\"async\" class=\"alignnone wp-image-53\" src=\"https:\/\/www.clean-air.cz\/wp-content\/uploads\/2018\/06\/stit-120.png\" alt=\"\" width=\"58\" height=\"70\" \/>\u00a0<img loading=\"lazy\" decoding=\"async\" class=\"alignnone wp-image-51\" src=\"https:\/\/www.clean-air.cz\/wp-content\/uploads\/2018\/06\/plice-120.png\" alt=\"\" width=\"81\" height=\"70\" \/>[\/vc_column_text][vc_btn title=&#8221;Siehe die Produktseite!&#8221; shape=&#8221;square&#8221; color=&#8221;juicy-pink&#8221; i_icon_fontawesome=&#8221;fas fa-arrow-right&#8221; add_icon=&#8221;true&#8221; link=&#8221;url:https%3A%2F%2Fwww.clean-air.cz%2Fde%2Fhauben%2Fleichthauben%2Fkurze-haube-ca-1%2F|title:Kurze%20Haube%20CA-1|&#8221;][\/vc_tta_section][vc_tta_section title=&#8221;CA-2&#8243; tab_id=&#8221;1515061200914-86b36351-21a4&#8243;][vc_column_text]<img loading=\"lazy\" decoding=\"async\" class=\"alignnone wp-image-8546 size-medium\" src=\"https:\/\/www.clean-air.cz\/wp-content\/uploads\/2020\/01\/CA-2_Orange-iso2-copy-219x300.png\" alt=\"\" width=\"219\" height=\"300\" srcset=\"https:\/\/www.clean-air.cz\/wp-content\/uploads\/2020\/01\/CA-2_Orange-iso2-copy-219x300.png 219w, https:\/\/www.clean-air.cz\/wp-content\/uploads\/2020\/01\/CA-2_Orange-iso2-copy.png 365w\" sizes=\"(max-width: 219px) 100vw, 219px\" \/><\/p>\n<h3>Lange Kapuze CA-2<\/h3>\n<p>Lange leichte Kapuze gew\u00e4hrleistet Atemschutz und Schutz von Kopf, Nacken und Schultern in staubiger Umgebung, wo kein weiterer mechanischer Schutz erforderlich ist. In Kombination mit PAPR- oder Airline-Systemen CleanAIR\u00ae erreicht es das h\u00f6chste Atemschutzniveau.<\/p>\n<p><strong>Anwendungsbereiche<\/strong><br \/>\nDie Haube eignet sich f\u00fcr Arbeiten in staubiger und leichter chemischer Umgebung in der pharmazeutischen und chemischen Industrie.<\/p>\n<p><img loading=\"lazy\" decoding=\"async\" class=\"alignnone wp-image-53\" src=\"https:\/\/www.clean-air.cz\/wp-content\/uploads\/2018\/06\/stit-120.png\" alt=\"\" width=\"58\" height=\"70\" \/>\u00a0<img loading=\"lazy\" decoding=\"async\" class=\"alignnone wp-image-51\" src=\"https:\/\/www.clean-air.cz\/wp-content\/uploads\/2018\/06\/plice-120.png\" alt=\"\" width=\"81\" height=\"70\" \/>[\/vc_column_text][vc_btn title=&#8221;Siehe die Produktseite!&#8221; shape=&#8221;square&#8221; color=&#8221;juicy-pink&#8221; i_icon_fontawesome=&#8221;fa fa-arrow-right&#8221; add_icon=&#8221;true&#8221; link=&#8221;url:https%3A%2F%2Fwww.clean-air.cz%2Fde%2Fhauben%2Fleichthauben%2Flange-haube-ca-2%2F|title:Lange%20Haube%20CA-2|&#8221;][\/vc_tta_section][vc_tta_section title=&#8221;CA-1 Lite \/ CA-2 Lite&#8221; tab_id=&#8221;1677758696779-476c1761-7945&#8243;][vc_column_text]<img loading=\"lazy\" decoding=\"async\" class=\"alignnone size-medium wp-image-19473\" src=\"https:\/\/www.clean-air.cz\/wp-content\/uploads\/2023\/03\/CA-1D-side-283x300.jpg\" alt=\"\" width=\"283\" height=\"300\" srcset=\"https:\/\/www.clean-air.cz\/wp-content\/uploads\/2023\/03\/CA-1D-side-283x300.jpg 283w, https:\/\/www.clean-air.cz\/wp-content\/uploads\/2023\/03\/CA-1D-side-768x814.jpg 768w, https:\/\/www.clean-air.cz\/wp-content\/uploads\/2023\/03\/CA-1D-side-800x848.jpg 800w, https:\/\/www.clean-air.cz\/wp-content\/uploads\/2023\/03\/CA-1D-side-50x52.jpg 50w, https:\/\/www.clean-air.cz\/wp-content\/uploads\/2023\/03\/CA-1D-side.jpg 937w\" sizes=\"(max-width: 283px) 100vw, 283px\" \/><img loading=\"lazy\" decoding=\"async\" class=\"alignnone size-medium wp-image-19497\" src=\"https:\/\/www.clean-air.cz\/wp-content\/uploads\/2023\/03\/720201_CA-2_lite-side-300x300.jpg\" alt=\"\" width=\"300\" height=\"300\" srcset=\"https:\/\/www.clean-air.cz\/wp-content\/uploads\/2023\/03\/720201_CA-2_lite-side-300x300.jpg 300w, https:\/\/www.clean-air.cz\/wp-content\/uploads\/2023\/03\/720201_CA-2_lite-side-1024x1024.jpg 1024w, https:\/\/www.clean-air.cz\/wp-content\/uploads\/2023\/03\/720201_CA-2_lite-side-150x150.jpg 150w, https:\/\/www.clean-air.cz\/wp-content\/uploads\/2023\/03\/720201_CA-2_lite-side-768x768.jpg 768w, https:\/\/www.clean-air.cz\/wp-content\/uploads\/2023\/03\/720201_CA-2_lite-side-1536x1536.jpg 1536w, https:\/\/www.clean-air.cz\/wp-content\/uploads\/2023\/03\/720201_CA-2_lite-side-800x800.jpg 800w, https:\/\/www.clean-air.cz\/wp-content\/uploads\/2023\/03\/720201_CA-2_lite-side-250x250.jpg 250w, https:\/\/www.clean-air.cz\/wp-content\/uploads\/2023\/03\/720201_CA-2_lite-side.jpg 1600w\" sizes=\"(max-width: 300px) 100vw, 300px\" \/><\/p>\n<p><span style=\"font-size: 12pt;\"><strong>CA-1 Lite \/ CA-2 Lite<\/strong><\/span><\/p>\n<p>Wartungsfreie Litehauben sparen Ihnen Reinigungszeit und bieten kompromisslosen Atemschutz. Erh\u00e4ltlich komplett montiert und einzeln verpackt oder in einer kosteng\u00fcnstigen Gro\u00dfpackung.<\/p>\n<p><strong>Anwendungsbereiche<\/strong><\/p>\n<p>Gesundheitswesen und Medizin, Pharmaindustrie, Lebensmittel- und Getr\u00e4nkeverarbeitung, Herstellung<\/p>\n<p>&nbsp;<\/p>\n<p><img loading=\"lazy\" decoding=\"async\" class=\"alignnone wp-image-53\" src=\"https:\/\/www.clean-air.cz\/wp-content\/uploads\/2018\/06\/stit-120.png\" alt=\"\" width=\"92\" height=\"110\" \/> <img loading=\"lazy\" decoding=\"async\" class=\"alignnone wp-image-51\" src=\"https:\/\/www.clean-air.cz\/wp-content\/uploads\/2018\/06\/plice-120.png\" alt=\"\" width=\"117\" height=\"102\" \/>[\/vc_column_text][vc_btn title=&#8221;Siehe die Produktseite!&#8221; color=&#8221;juicy-pink&#8221; i_icon_fontawesome=&#8221;fas fa-arrow-right&#8221; add_icon=&#8221;true&#8221; link=&#8221;url:https%3A%2F%2Fwww.clean-air.cz%2Fde%2Fhauben%2Fleichthauben%2Fca-1-lite-ca-2-lite%2F|&#8221;][\/vc_tta_section][vc_tta_section title=&#8221;CA-10\/G&#8221; tab_id=&#8221;1764066643814-d2f610a5-5569&#8243;][vc_column_text]<img loading=\"lazy\" decoding=\"async\" class=\"alignnone wp-image-8551 size-medium\" src=\"https:\/\/www.clean-air.cz\/wp-content\/uploads\/2020\/01\/CA-10-iso2-copy-226x300.png\" alt=\"\" width=\"226\" height=\"300\" \/><\/p>\n<h3>Universelle Haube CA-10<\/h3>\n<p>Die chemikalienbest\u00e4ndige Haube gew\u00e4hrleistet Atemschutz und Schutz von Kopf, Nacken und Schultern in den anspruchsvollsten chemischen Umgebungen. In Kombination mit PAPR- oder Airline-Systemen CleanAIR\u00ae erreicht es das h\u00f6chste Atemschutzniveau.<\/p>\n<p><strong>Anwendungsbereiche<\/strong><br \/>\nDie Haube kann in allen Umgebungen eingesetzt werden, die eine hohe Haltbarkeit und chemische Best\u00e4ndigkeit erfordern. Es eignet sich f\u00fcr Spritz- und Lackierarbeiten sowie f\u00fcr den Einsatz im Labor und in der pharmazeutischen oder chemischen Industrie.<\/p>\n<p><img loading=\"lazy\" decoding=\"async\" class=\"alignnone wp-image-3706\" src=\"https:\/\/www.clean-air.cz\/wp-content\/uploads\/2018\/06\/stit-120.png\" alt=\"\" width=\"58\" height=\"70\" \/>\u00a0<img loading=\"lazy\" decoding=\"async\" class=\"alignnone wp-image-3704\" src=\"https:\/\/www.clean-air.cz\/wp-content\/uploads\/2018\/06\/plice-120.png\" alt=\"\" width=\"81\" height=\"70\" \/>[\/vc_column_text][vc_btn title=&#8221;Siehe die Produktseite!&#8221; shape=&#8221;square&#8221; color=&#8221;juicy-pink&#8221; i_icon_fontawesome=&#8221;fa fa-arrow-right&#8221; add_icon=&#8221;true&#8221; link=&#8221;url:https%3A%2F%2Fwww.clean-air.cz%2Fde%2Fhauben%2Fleichthauben%2Fkurze-haube-ca-10%2F|title:Universelle%20Haube%20CA-10|&#8221;][\/vc_tta_section][vc_tta_section title=&#8221;CA-12&#8243; tab_id=&#8221;1515061723345-c38eb4a5-fa2b&#8221;][vc_column_text]<img loading=\"lazy\" decoding=\"async\" class=\"alignnone wp-image-28062\" src=\"https:\/\/www.clean-air.cz\/wp-content\/uploads\/2025\/11\/721202_Long_protective_hood_CA-12_chemically_resistant-iso-300x300.jpg\" alt=\"\" width=\"198\" height=\"198\" srcset=\"https:\/\/www.clean-air.cz\/wp-content\/uploads\/2025\/11\/721202_Long_protective_hood_CA-12_chemically_resistant-iso-300x300.jpg 300w, https:\/\/www.clean-air.cz\/wp-content\/uploads\/2025\/11\/721202_Long_protective_hood_CA-12_chemically_resistant-iso-1024x1024.jpg 1024w, https:\/\/www.clean-air.cz\/wp-content\/uploads\/2025\/11\/721202_Long_protective_hood_CA-12_chemically_resistant-iso-150x150.jpg 150w, https:\/\/www.clean-air.cz\/wp-content\/uploads\/2025\/11\/721202_Long_protective_hood_CA-12_chemically_resistant-iso-768x768.jpg 768w, https:\/\/www.clean-air.cz\/wp-content\/uploads\/2025\/11\/721202_Long_protective_hood_CA-12_chemically_resistant-iso-1536x1536.jpg 1536w, https:\/\/www.clean-air.cz\/wp-content\/uploads\/2025\/11\/721202_Long_protective_hood_CA-12_chemically_resistant-iso-800x800.jpg 800w, https:\/\/www.clean-air.cz\/wp-content\/uploads\/2025\/11\/721202_Long_protective_hood_CA-12_chemically_resistant-iso-250x250.jpg 250w, https:\/\/www.clean-air.cz\/wp-content\/uploads\/2025\/11\/721202_Long_protective_hood_CA-12_chemically_resistant-iso.jpg 1600w\" sizes=\"(max-width: 198px) 100vw, 198px\" \/><img loading=\"lazy\" decoding=\"async\" class=\"alignnone wp-image-28066\" src=\"https:\/\/www.clean-air.cz\/wp-content\/uploads\/2025\/11\/721202G_Long_protective_hood_CA-12_chemically_resistant_grey-iso-300x300.jpg\" alt=\"\" width=\"199\" height=\"199\" srcset=\"https:\/\/www.clean-air.cz\/wp-content\/uploads\/2025\/11\/721202G_Long_protective_hood_CA-12_chemically_resistant_grey-iso-300x300.jpg 300w, https:\/\/www.clean-air.cz\/wp-content\/uploads\/2025\/11\/721202G_Long_protective_hood_CA-12_chemically_resistant_grey-iso-1024x1024.jpg 1024w, https:\/\/www.clean-air.cz\/wp-content\/uploads\/2025\/11\/721202G_Long_protective_hood_CA-12_chemically_resistant_grey-iso-150x150.jpg 150w, https:\/\/www.clean-air.cz\/wp-content\/uploads\/2025\/11\/721202G_Long_protective_hood_CA-12_chemically_resistant_grey-iso-768x768.jpg 768w, https:\/\/www.clean-air.cz\/wp-content\/uploads\/2025\/11\/721202G_Long_protective_hood_CA-12_chemically_resistant_grey-iso-1536x1536.jpg 1536w, https:\/\/www.clean-air.cz\/wp-content\/uploads\/2025\/11\/721202G_Long_protective_hood_CA-12_chemically_resistant_grey-iso-800x800.jpg 800w, https:\/\/www.clean-air.cz\/wp-content\/uploads\/2025\/11\/721202G_Long_protective_hood_CA-12_chemically_resistant_grey-iso-250x250.jpg 250w, https:\/\/www.clean-air.cz\/wp-content\/uploads\/2025\/11\/721202G_Long_protective_hood_CA-12_chemically_resistant_grey-iso.jpg 1600w\" sizes=\"(max-width: 199px) 100vw, 199px\" \/><img loading=\"lazy\" decoding=\"async\" class=\"alignnone wp-image-28126\" src=\"https:\/\/www.clean-air.cz\/wp-content\/uploads\/2025\/11\/721202W_Long_protective_hood_CA-12_chemically_resistant_white-iso-300x300.jpg\" alt=\"\" width=\"200\" height=\"200\" srcset=\"https:\/\/www.clean-air.cz\/wp-content\/uploads\/2025\/11\/721202W_Long_protective_hood_CA-12_chemically_resistant_white-iso-300x300.jpg 300w, https:\/\/www.clean-air.cz\/wp-content\/uploads\/2025\/11\/721202W_Long_protective_hood_CA-12_chemically_resistant_white-iso-1024x1024.jpg 1024w, https:\/\/www.clean-air.cz\/wp-content\/uploads\/2025\/11\/721202W_Long_protective_hood_CA-12_chemically_resistant_white-iso-150x150.jpg 150w, https:\/\/www.clean-air.cz\/wp-content\/uploads\/2025\/11\/721202W_Long_protective_hood_CA-12_chemically_resistant_white-iso-768x768.jpg 768w, https:\/\/www.clean-air.cz\/wp-content\/uploads\/2025\/11\/721202W_Long_protective_hood_CA-12_chemically_resistant_white-iso-1536x1536.jpg 1536w, https:\/\/www.clean-air.cz\/wp-content\/uploads\/2025\/11\/721202W_Long_protective_hood_CA-12_chemically_resistant_white-iso-800x800.jpg 800w, https:\/\/www.clean-air.cz\/wp-content\/uploads\/2025\/11\/721202W_Long_protective_hood_CA-12_chemically_resistant_white-iso-250x250.jpg 250w, https:\/\/www.clean-air.cz\/wp-content\/uploads\/2025\/11\/721202W_Long_protective_hood_CA-12_chemically_resistant_white-iso.jpg 1600w\" sizes=\"(max-width: 200px) 100vw, 200px\" \/><img loading=\"lazy\" decoding=\"async\" class=\"alignnone wp-image-28094\" src=\"https:\/\/www.clean-air.cz\/wp-content\/uploads\/2025\/11\/SAI_9032-Edit-300x300.jpg\" alt=\"\" width=\"187\" height=\"187\" srcset=\"https:\/\/www.clean-air.cz\/wp-content\/uploads\/2025\/11\/SAI_9032-Edit-300x300.jpg 300w, https:\/\/www.clean-air.cz\/wp-content\/uploads\/2025\/11\/SAI_9032-Edit-1024x1024.jpg 1024w, https:\/\/www.clean-air.cz\/wp-content\/uploads\/2025\/11\/SAI_9032-Edit-150x150.jpg 150w, https:\/\/www.clean-air.cz\/wp-content\/uploads\/2025\/11\/SAI_9032-Edit-768x768.jpg 768w, https:\/\/www.clean-air.cz\/wp-content\/uploads\/2025\/11\/SAI_9032-Edit-1536x1536.jpg 1536w, https:\/\/www.clean-air.cz\/wp-content\/uploads\/2025\/11\/SAI_9032-Edit-2048x2048.jpg 2048w, https:\/\/www.clean-air.cz\/wp-content\/uploads\/2025\/11\/SAI_9032-Edit-800x800.jpg 800w, https:\/\/www.clean-air.cz\/wp-content\/uploads\/2025\/11\/SAI_9032-Edit-250x250.jpg 250w\" sizes=\"(max-width: 187px) 100vw, 187px\" \/><\/p>\n<h3>Universal hood CA-10\/G<\/h3>\n<p>This chemically resistant hood ensures respiratory protection and protection of the head, neck and shoulders in the most demanding chemical environments. In combination with PAPR or airline systems CleanAIR\u00ae it reaches the highest level of breathing protection. The hood has increased durability and can be decontaminated because of the light laminated fabric with taped seams.<\/p>\n<p><strong>Areas of application<\/strong><br \/>\nThe hood can be used in all environments demanding high durability and chemical resistance. It is suitable for spraying and painting operations as well as for use in laboratories and pharmaceutical or chemical industries.<\/p>\n<p><img loading=\"lazy\" decoding=\"async\" class=\"alignnone wp-image-53\" src=\"https:\/\/www.clean-air.cz\/wp-content\/uploads\/2018\/06\/stit-120.png\" alt=\"\" width=\"58\" height=\"70\" \/>\u00a0<img loading=\"lazy\" decoding=\"async\" class=\"alignnone wp-image-51\" src=\"https:\/\/www.clean-air.cz\/wp-content\/uploads\/2018\/06\/plice-120.png\" alt=\"\" width=\"81\" height=\"70\" \/>[\/vc_column_text][vc_btn title=&#8221;Siehe die Produktseite!&#8221; shape=&#8221;square&#8221; color=&#8221;juicy-pink&#8221; i_icon_fontawesome=&#8221;&#8221; add_icon=&#8221;true&#8221; link=&#8221;url:https%3A%2F%2Fwww.clean-air.cz%2Fde%2Fhauben%2Fleichthauben%2Funiverselle-haube-ca-12%2F|title:Protective%20hood%20CA-12|&#8221;][\/vc_tta_section][\/vc_tta_tour][\/vc_column][\/vc_row][vc_row content_placement=&#8221;middle&#8221;][vc_column][vc_separator color=&#8221;juicy_pink&#8221;][\/vc_column][\/vc_row][vc_row][vc_column][\/vc_column][\/vc_row]<\/p>\n","protected":false},"excerpt":{"rendered":"<p>[vc_row css=&#8221;.vc_custom_1515063137650{background-color: #ffffff !important;}&#8221;][vc_column][vc_column_text]Lichthauben dienen zum Schutz der Atemwege und des Gesichts. Durch die integrierte Luftverteilung in Kombination mit einer PAPR-Einheit oder einem Druckluftsystem erreichen die Hauben h\u00f6chsten Atemschutz. Sie eignen sich f\u00fcr den Einsatz in leicht chemischer Umgebung wie z. B. beim Streichen, Lackieren, im Labor oder in der pharmazeutischen Industrie.[\/vc_column_text][vc_tta_tour style=&#8221;modern&#8221; shape=&#8221;square&#8221; gap=&#8221;1&#8243; active_section=&#8221;1&#8243; no_fill_content_area=&#8221;true&#8221;][vc_tta_section tab_id=&#8221;1515061200914-4dd3150e-98ab&#8221; title=&#8221;CA-1 \/ CA-1+&#8221;][vc_column_text] Short hood CA-1 \/ CA-1+ This short light hood<\/p>\n<p><a class=\"more-link\" href=\"https:\/\/www.clean-air.cz\/de\/hauben\/leichthauben\/\">Weiterlesen<\/a><\/p>\n","protected":false},"author":11,"featured_media":0,"parent":3629,"menu_order":0,"comment_status":"closed","ping_status":"closed","template":"","meta":{"footnotes":""},"_links":{"self":[{"href":"https:\/\/www.clean-air.cz\/de\/wp-json\/wp\/v2\/pages\/3605"}],"collection":[{"href":"https:\/\/www.clean-air.cz\/de\/wp-json\/wp\/v2\/pages"}],"about":[{"href":"https:\/\/www.clean-air.cz\/de\/wp-json\/wp\/v2\/types\/page"}],"author":[{"embeddable":true,"href":"https:\/\/www.clean-air.cz\/de\/wp-json\/wp\/v2\/users\/11"}],"replies":[{"embeddable":true,"href":"https:\/\/www.clean-air.cz\/de\/wp-json\/wp\/v2\/comments?post=3605"}],"version-history":[{"count":0,"href":"https:\/\/www.clean-air.cz\/de\/wp-json\/wp\/v2\/pages\/3605\/revisions"}],"up":[{"embeddable":true,"href":"https:\/\/www.clean-air.cz\/de\/wp-json\/wp\/v2\/pages\/3629"}],"wp:attachment":[{"href":"https:\/\/www.clean-air.cz\/de\/wp-json\/wp\/v2\/media?parent=3605"}],"curies":[{"name":"wp","href":"https:\/\/api.w.org\/{rel}","templated":true}]}}