{"id":3596,"date":"2018-12-06T09:55:22","date_gmt":"2018-12-06T08:55:22","guid":{"rendered":"https:\/\/www.clean-air.cz\/cleanair-pressure-for-mask\/"},"modified":"2022-07-26T13:07:05","modified_gmt":"2022-07-26T11:07:05","slug":"cleanair-pressure-for-mask","status":"publish","type":"page","link":"https:\/\/www.clean-air.cz\/de\/druckluftsysteme\/cleanair-pressure-for-mask\/","title":{"rendered":"CleanAIR\u00ae Pressure For Mask"},"content":{"rendered":"<p>[vc_row][vc_column width=&#8221;1\/2&#8243;][vc_gallery interval=&#8221;3&#8243; images=&#8221;3598&#8243; img_size=&#8221;large&#8221;][\/vc_column][vc_column width=&#8221;1\/2&#8243;][vc_column_text]<strong><span style=\"font-size: 14pt; color: #be0300;\"><sup>H\u00f6chste Schutzstufe f\u00fcr besonders toxische Umgebungen.<\/sup><\/span><\/strong><\/p>\n<p>Das CleanAIR\u00ae Pressure for Mask ist ein bequemes, vielseitig und effizientes Luftschlauchsystem f\u00fcr die Shigematsu GX02 Maske. Dank der einzigartigen Filter-Sicherungsfunktion kann der Anwender bei pl\u00f6tzlichem Ausfall der Luftzufuhr normal durch den passiven Partikelfilter oder den kombinierten Filter atmen und ist bei einer Notfallevakuierung gesch\u00fctzt. Der Luftstrom kann zwischen 170 l\/min und 250 l\/min eingestellt werden. Das System h\u00e4lt unabh\u00e4ngig vom Einlassdruck ein konstantes Luftniveau. Zus\u00e4tzlich zur Luftstromregulierung (170 l\/min bis 250 l\/min) hat das System eine Warnpfeife. Sie warnt den Anwender, wenn der Einlassdruck unter den unteren Grenzwert des Betriebsdrucks (350 kPa) f\u00e4llt. CleanAIR\u00ae Pressure for Mask wurde speziell f\u00fcr lange Nutzungszeiten und Arbeitspl\u00e4tze mit hochgiftiger Kontamination und schlechten Warneigenschaften entwickelt. Das System kann mit Duschdekontamination gereinigt werden. Der maximale Nennschutzfaktor betr\u00e4gt gem\u00e4\u00df EN 14594:05 (Klasse 4B) 2.000.[\/vc_column_text][vc_btn title=&#8221;Sehen Sie sich das komplette Sortiment von Druckluftsystemen an!&#8221; shape=&#8221;square&#8221; color=&#8221;juicy-pink&#8221; size=&#8221;lg&#8221; align=&#8221;left&#8221; i_icon_fontawesome=&#8221;fa fa-info-circle&#8221; css_animation=&#8221;none&#8221; add_icon=&#8221;true&#8221; link=&#8221;url:https%3A%2F%2Fwww.clean-air.cz%2Fde%2Fdruckluftsysteme%2F|title:Sehen%20Sie%20sich%20das%20komplette%20Sortiment%20von%20Leichthauben%20an%21|&#8221;][\/vc_column][\/vc_row][vc_row][vc_column][vc_tta_tabs style=&#8221;modern&#8221; shape=&#8221;square&#8221; active_section=&#8221;1&#8243; no_fill_content_area=&#8221;true&#8221; title=&#8221;Details&#8221;][vc_tta_section i_icon_fontawesome=&#8221;fa fa-industry&#8221; add_icon=&#8221;true&#8221; title=&#8221;Anwendungsbereiche&#8221; tab_id=&#8221;1513150336358-68add988-e9ea&#8221;][vc_column_text]<span style=\"color: #be0300;\"><strong>ANWENDUNGSBEREICHE<\/strong><\/span><\/p>\n<p>Lange Arbeiten in industriellen Umgebungen mit hoher Giftstoffbelastung, in der Bauindustrie, Lebensmittelindustrie, in geschlossenen R\u00e4umen und Tunneln.[\/vc_column_text][\/vc_tta_section][vc_tta_section i_icon_fontawesome=&#8221;fa fa-thumbs-o-up&#8221; add_icon=&#8221;true&#8221; title=&#8221;Merkmale und Vorteile&#8221; tab_id=&#8221;1513150336359-b7b65468-8021&#8243;][vc_column_text]<span style=\"color: #be0300;\"><strong>Merkmale und Vorteile<\/strong><\/span><\/p>\n<ul>\n<li>Leicht und komfortabel<\/li>\n<li>Hoher Luftstrom, 160\u2013250 l\/m<\/li>\n<li>Nennschutzfaktor 2000<\/li>\n<li>Filter-Sicherungsfunktion<\/li>\n<li>Mit Partikel- und kombinierten Filtern kompatibel<\/li>\n<li>In der Dusche dekontaminierbar<\/li>\n<li>Warnsignal bei geringem Druck<\/li>\n<\/ul>\n<p>[\/vc_column_text][\/vc_tta_section][vc_tta_section i_icon_fontawesome=&#8221;fa fa-cog&#8221; add_icon=&#8221;true&#8221; title=&#8221;Kompletts\u00e4tze, Zubeh\u00f6r, Filter&#8221; tab_id=&#8221;1513153137048-5f8c31c5-30ea&#8221;][vc_column_text]<\/p>\n<table style=\"width: 100%; height: 384px;\">\n<tbody>\n<tr style=\"height: 24px;\">\n<td style=\"text-align: left; height: 24px; width: 99.8294%;\" colspan=\"2\"><span style=\"color: #be0300;\"><strong>Komplette sets<\/strong><\/span><\/td>\n<\/tr>\n<tr style=\"height: 24px;\">\n<td style=\"text-align: left; height: 24px; width: 82.0819%;\">Pressure for Mask mit P3 Filter und Komfortg\u00fcrtel<\/td>\n<td style=\"text-align: center; height: 24px; width: 17.7474%;\">65 00 00PC<\/td>\n<\/tr>\n<tr style=\"height: 24px;\">\n<td style=\"text-align: left; height: 24px; width: 82.0819%;\">Pressure for Mask mit P3 Filter und dekontaminierbarem G\u00fcrtel<\/td>\n<td style=\"text-align: center; height: 24px; width: 17.7474%;\">65 00 00PD<\/td>\n<\/tr>\n<tr style=\"height: 24px;\">\n<td style=\"text-align: left; height: 24px; width: 99.8294%;\" colspan=\"2\"><span style=\"color: #be0300;\"><strong>Ersatzteile, Zubeh\u00f6r<\/strong><\/span><\/td>\n<\/tr>\n<tr style=\"height: 24px;\">\n<td style=\"text-align: left; height: 24px; width: 82.0819%;\">Filter ZERO, 2x RD40x1\/7&#8243;<\/td>\n<td style=\"text-align: center; height: 24px; width: 17.7474%;\">50 02 49<\/td>\n<\/tr>\n<tr style=\"height: 24px;\">\n<td style=\"text-align: left; height: 24px; width: 82.0819%;\">Filter A2B2E2K2P3 mit zwei Gewinden RD40x1\/7&#8243;<\/td>\n<td style=\"text-align: center; height: 24px; width: 17.7474%;\">50 02 68<\/td>\n<\/tr>\n<tr style=\"height: 24px;\">\n<td style=\"text-align: left; height: 24px; width: 82.0819%;\">Standardschlauch 10 m f\u00fcr CAP<\/td>\n<td style=\"text-align: center; height: 24px; width: 17.7474%;\">61 00 30<\/td>\n<\/tr>\n<tr style=\"height: 24px;\">\n<td style=\"text-align: left; height: 24px; width: 82.0819%;\">Antistatischer Schlauch 10 m f\u00fcr CAP<\/td>\n<td style=\"text-align: center; height: 24px; width: 17.7474%;\">61 00 31<\/td>\n<\/tr>\n<tr style=\"height: 24px;\">\n<td style=\"text-align: left; height: 24px; width: 82.0819%;\">Standardschlauch 25 m f\u00fcr CAP<\/td>\n<td style=\"text-align: center; height: 24px; width: 17.7474%;\">61 00 38<\/td>\n<\/tr>\n<tr style=\"height: 24px;\">\n<td style=\"text-align: left; height: 24px; width: 82.0819%;\">Standardschlauch 50 m f\u00fcr CAP<\/td>\n<td style=\"text-align: center; height: 24px; width: 17.7474%;\">61 00 39<\/td>\n<\/tr>\n<tr style=\"height: 24px;\">\n<td style=\"text-align: left; height: 24px; width: 82.0819%;\">Antistatischer Schlauch 25 m f\u00fcr CAP<\/td>\n<td style=\"text-align: center; height: 24px; width: 17.7474%;\">61 00 33<\/td>\n<\/tr>\n<tr style=\"height: 24px;\">\n<td style=\"text-align: left; height: 24px; width: 82.0819%;\">Antistatischer Schlauch 50 m f\u00fcr CAP<\/td>\n<td style=\"text-align: center; height: 24px; width: 17.7474%;\">61 00 34<\/td>\n<\/tr>\n<tr style=\"height: 24px;\">\n<td style=\"text-align: left; height: 24px; width: 82.0819%;\">Spiralschlauch 10 m f\u00fcr CAP, mechanische Best\u00e4ndigkeit<\/td>\n<td style=\"text-align: center; height: 24px; width: 17.7474%;\">61 00 46<\/td>\n<\/tr>\n<tr style=\"height: 24px;\">\n<td style=\"text-align: left; height: 24px; width: 82.0819%;\">Leichter flexibler Schlauch CA40x1\/7&#8243; \u2013 CA40x1\/7&#8243;<\/td>\n<td style=\"text-align: center; height: 24px; width: 17.7474%;\">70 00 60<\/td>\n<\/tr>\n<tr style=\"height: 24px;\">\n<td style=\"text-align: left; height: 24px; width: 82.0819%;\">Gummischlauch CA40x1\/7&#8243; \u2013 CA40x1\/7&#8243;<\/td>\n<td style=\"text-align: center; height: 24px; width: 17.7474%;\">70 00 86CA<\/td>\n<\/tr>\n<\/tbody>\n<\/table>\n<p>[\/vc_column_text][\/vc_tta_section][vc_tta_section i_icon_fontawesome=&#8221;fa fa-wrench&#8221; add_icon=&#8221;true&#8221; title=&#8221;Technische Daten&#8221; tab_id=&#8221;1513153797992-792040b0-82c9&#8243;][vc_column_text]<\/p>\n<table>\n<tbody>\n<tr>\n<td style=\"text-align: left;\">Gewicht<\/td>\n<td style=\"text-align: left;\">280 g (ohne Luftschlauch und Filter<\/td>\n<\/tr>\n<tr>\n<td style=\"text-align: left;\">Luftstrom<\/td>\n<td style=\"text-align: left;\">170 bis 250 l\/min<\/td>\n<\/tr>\n<tr>\n<td style=\"text-align: left;\">Filtertyp<\/td>\n<td style=\"text-align: left;\">50 02 48 \u2013 Filter P3 mit zwei Gewinden RD40x1\/7&#8243;<br \/>\n50 02 68 \u2013 Filter A2B2E2K2P3 mit zwei Gewinden RD40x1\/7&#8243;<\/td>\n<\/tr>\n<tr>\n<td style=\"text-align: left;\">Einlassdruck<\/td>\n<td style=\"text-align: left;\">400 bis 1.000 kPa<\/td>\n<\/tr>\n<tr>\n<td style=\"text-align: left;\">Einlassanschluss<\/p>\n<p>Auslassanschluss<\/td>\n<td style=\"text-align: left;\">\u00a0kompatibel mit RECTUS 25, 26 und CEJN 320<\/p>\n<p>MINI DIN 5 \u2013 kompatibel mit der RECTUS 21 Serie<\/td>\n<\/tr>\n<tr>\n<td style=\"text-align: left;\">Nennschutzfaktor (NPF)<\/td>\n<td style=\"text-align: left;\">2.000<\/td>\n<\/tr>\n<tr>\n<td style=\"text-align: left;\">Zertifizierung<\/td>\n<td style=\"text-align: left;\">EN 14594, Klasse 4B<\/td>\n<\/tr>\n<\/tbody>\n<\/table>\n<p>[\/vc_column_text][\/vc_tta_section][vc_tta_section i_icon_fontawesome=&#8221;fa fa-download&#8221; add_icon=&#8221;true&#8221; title=&#8221;Downloads&#8221; tab_id=&#8221;1513154098935-95c74e4f-fa1e&#8221;][vc_column_text]<a href=\"https:\/\/www.clean-air.cz\/wp-content\/uploads\/2018\/07\/Datasheet-DA-038-R01-65-00-00PA-CA-Pressure-For-Mask-EN.pdf\" target=\"_blank\" rel=\"noopener noreferrer\">Datasheet &#8211; DA-038-R01 &#8211; 65 00 00PA &#8211; CA Pressure For Mask &#8211; EN<\/a><\/p>\n<p><a href=\"https:\/\/www.clean-air.cz\/wp-content\/uploads\/2022\/07\/User-manual-CNA-010-R10-UM-Pressure-Flow-Master-and-Conditioner-DIGI.pdf\" target=\"_blank\" rel=\"noopener\">User manual &#8211; CNA-010-R10 &#8211; UM &#8211; Pressure Flow Master and Conditioner-DIGI<\/a><\/p>\n<p><a href=\"https:\/\/www.clean-air.cz\/wp-content\/uploads\/2018\/09\/PS-650000-1-R0-Presure-for-Mask.pdf\" target=\"_blank\" rel=\"noopener noreferrer\">PS-650000-1-R0 Presure for Mask<\/a>[\/vc_column_text][\/vc_tta_section][vc_tta_section i_icon_fontawesome=&#8221;fa fa-picture-o&#8221; add_icon=&#8221;true&#8221; title=&#8221;Galerie&#8221; tab_id=&#8221;1515415801460-0c2258c9-4574&#8243;][vc_gallery type=&#8221;image_grid&#8221; images=&#8221;418,420,3598&#8243; img_size=&#8221;medium&#8221; css_animation=&#8221;fadeIn&#8221; css=&#8221;.vc_custom_1530598732526{padding-left: 280px !important;}&#8221;][\/vc_tta_section][\/vc_tta_tabs][\/vc_column][\/vc_row]<\/p>\n","protected":false},"excerpt":{"rendered":"<p>[vc_row][vc_column width=&#8221;1\/2&#8243;][vc_gallery interval=&#8221;3&#8243; images=&#8221;3598&#8243; img_size=&#8221;large&#8221;][\/vc_column][vc_column width=&#8221;1\/2&#8243;][vc_column_text]H\u00f6chste Schutzstufe f\u00fcr besonders toxische Umgebungen. Das CleanAIR\u00ae Pressure for Mask ist ein bequemes, vielseitig und effizientes Luftschlauchsystem f\u00fcr die Shigematsu GX02 Maske. Dank der einzigartigen Filter-Sicherungsfunktion kann der Anwender bei pl\u00f6tzlichem Ausfall der Luftzufuhr normal durch den passiven Partikelfilter oder den kombinierten Filter atmen und ist bei einer Notfallevakuierung gesch\u00fctzt. Der Luftstrom kann zwischen 170 l\/min und 250 l\/min eingestellt werden. Das System h\u00e4lt<\/p>\n<p><a class=\"more-link\" href=\"https:\/\/www.clean-air.cz\/de\/druckluftsysteme\/cleanair-pressure-for-mask\/\">Weiterlesen<\/a><\/p>\n","protected":false},"author":11,"featured_media":0,"parent":3977,"menu_order":0,"comment_status":"closed","ping_status":"closed","template":"","meta":{"footnotes":""},"_links":{"self":[{"href":"https:\/\/www.clean-air.cz\/de\/wp-json\/wp\/v2\/pages\/3596"}],"collection":[{"href":"https:\/\/www.clean-air.cz\/de\/wp-json\/wp\/v2\/pages"}],"about":[{"href":"https:\/\/www.clean-air.cz\/de\/wp-json\/wp\/v2\/types\/page"}],"author":[{"embeddable":true,"href":"https:\/\/www.clean-air.cz\/de\/wp-json\/wp\/v2\/users\/11"}],"replies":[{"embeddable":true,"href":"https:\/\/www.clean-air.cz\/de\/wp-json\/wp\/v2\/comments?post=3596"}],"version-history":[{"count":0,"href":"https:\/\/www.clean-air.cz\/de\/wp-json\/wp\/v2\/pages\/3596\/revisions"}],"up":[{"embeddable":true,"href":"https:\/\/www.clean-air.cz\/de\/wp-json\/wp\/v2\/pages\/3977"}],"wp:attachment":[{"href":"https:\/\/www.clean-air.cz\/de\/wp-json\/wp\/v2\/media?parent=3596"}],"curies":[{"name":"wp","href":"https:\/\/api.w.org\/{rel}","templated":true}]}}