{"id":3592,"date":"2018-12-06T09:21:21","date_gmt":"2018-12-06T08:21:21","guid":{"rendered":"https:\/\/www.clean-air.cz\/cleanair-pressure-flow-master\/"},"modified":"2026-01-30T12:59:35","modified_gmt":"2026-01-30T11:59:35","slug":"cleanair-pressure-flow-master","status":"publish","type":"page","link":"https:\/\/www.clean-air.cz\/de\/druckluftsysteme\/cleanair-pressure-flow-master\/","title":{"rendered":"CleanAIR\u00ae Pressure Flow Master"},"content":{"rendered":"<p>[vc_row][vc_column width=&#8221;1\/2&#8243;][vc_gallery interval=&#8221;3&#8243; images=&#8221;3979&#8243; img_size=&#8221;large&#8221;][\/vc_column][vc_column width=&#8221;1\/2&#8243;][vc_column_text]<strong><span style=\"font-size: 14pt; color: #be0300;\">Druckluftl\u00f6sungen<\/span><\/strong><\/p>\n<p>Die Systeme CleanAIR\u00ae Pressure\/Pressure Flow Master sind Atemschutzger\u00e4te, die kontinuierlich mit Luft versorgt werden und f\u00fcr langfristige Arbeiten in industriellen Umgebungen mit hoher Belastung geeignet sind. Mit dem Regler am G\u00fcrtel kann der Luftstrom reguliert werden, der vom zentralen Druckluftverteiler oder einem Kompressor zugef\u00fchrt wird. Er gew\u00e4hrleistet ein konstantes Niveau unabh\u00e4ngig vom Einlassdruck.[\/vc_column_text][vc_btn title=&#8221;Sehen Sie sich das komplette Sortiment von Druckluftsystemen an!&#8221; shape=&#8221;square&#8221; color=&#8221;juicy-pink&#8221; size=&#8221;lg&#8221; align=&#8221;left&#8221; i_icon_fontawesome=&#8221;fa fa-info-circle&#8221; css_animation=&#8221;none&#8221; add_icon=&#8221;true&#8221; link=&#8221;url:https%3A%2F%2Fwww.clean-air.cz%2Fde%2Fdruckluftsysteme%2F|title:Sehen%20Sie%20sich%20das%20komplette%20Sortiment%20von%20Leichthauben%20an%21|&#8221;][\/vc_column][\/vc_row][vc_row][vc_column][vc_tta_tabs style=&#8221;modern&#8221; shape=&#8221;square&#8221; active_section=&#8221;1&#8243; no_fill_content_area=&#8221;true&#8221; title=&#8221;Details&#8221;][vc_tta_section i_icon_fontawesome=&#8221;fa fa-industry&#8221; add_icon=&#8221;true&#8221; title=&#8221;Anwendungsbereiche&#8221; tab_id=&#8221;1513150336358-68add988-e9ea&#8221;][vc_column_text]<span style=\"color: #be0300;\"><strong>Anwendungsbereiche<\/strong><\/span><\/p>\n<p>Das System ist f\u00fcr industrielle Umgebungen mit hoher Belastung, Labore und die chemische Industrie geeignet.<br \/>\n[\/vc_column_text][\/vc_tta_section][vc_tta_section i_icon_fontawesome=&#8221;fa fa-thumbs-o-up&#8221; add_icon=&#8221;true&#8221; title=&#8221;Merkmale und Vorteile&#8221; tab_id=&#8221;1513150336359-b7b65468-8021&#8243;][vc_column_text]<span style=\"color: #be0300;\"><strong>Funktionen und Vorteile<\/strong><\/span><\/p>\n<ul>\n<li>Geringes Gewicht<\/li>\n<li>\u00d6konomischer Betrieb<\/li>\n<li>Hoher Luftstrom<\/li>\n<li>Warnung bei Niedrigdruck (Pressure Flow Master)<\/li>\n<li>Optionale Luftfilterung mit CleanAIR<sup>\u00ae<\/sup> Conditioner<\/li>\n<li>Kompatibel mit einem breiten Spektrum an CleanAIR<sup>\u00ae<\/sup> Kopfbedeckungen<\/li>\n<\/ul>\n<p>[\/vc_column_text][\/vc_tta_section][vc_tta_section i_icon_fontawesome=&#8221;fa fa-cog&#8221; add_icon=&#8221;true&#8221; title=&#8221;Kompletts\u00e4tze, Zubeh\u00f6r, Filter&#8221; tab_id=&#8221;1513153137048-5f8c31c5-30ea&#8221;][vc_column_text]<\/p>\n<table>\n<tbody>\n<tr>\n<td style=\"text-align: left;\" colspan=\"2\"><span style=\"color: #be0300;\"><b>Komplette sets<\/b><\/span><\/td>\n<\/tr>\n<tr>\n<td style=\"text-align: left;\">CleanAIR<sup>\u00ae<\/sup> Flow Master mit Komfortg\u00fcrtel<\/td>\n<td style=\"text-align: center;\">67 00 00<\/td>\n<\/tr>\n<tr>\n<td style=\"text-align: left;\" colspan=\"2\"><span style=\"color: #be0300;\"><strong>Ersatzteile, Zubeh\u00f6r<\/strong><\/span><\/td>\n<\/tr>\n<tr>\n<td style=\"text-align: left;\">CleanAIR<sup>\u00ae<\/sup> Pressure Conditioner mit Halterung<\/td>\n<td style=\"text-align: center;\">61 00 50<\/td>\n<\/tr>\n<tr>\n<td style=\"text-align: left;\">Standardschlauch 10 m f\u00fcr CAP<\/td>\n<td style=\"text-align: center;\">61 00 30<\/td>\n<\/tr>\n<tr>\n<td style=\"text-align: left;\">Standardschlauch 25 m f\u00fcr CAP<\/td>\n<td style=\"text-align: center;\">61 00 38<\/td>\n<\/tr>\n<tr>\n<td style=\"text-align: left;\">Standardschlauch 50 m f\u00fcr CAP<\/td>\n<td style=\"text-align: center;\">61 00 39<\/td>\n<\/tr>\n<tr>\n<td style=\"text-align: left;\">Antistatischer Schlauch 10 m f\u00fcr CAP<\/td>\n<td style=\"text-align: center;\">61 00 31<\/td>\n<\/tr>\n<tr>\n<td style=\"text-align: left;\">Antistatischer Schlauch 25 m f\u00fcr CAP<\/td>\n<td style=\"text-align: center;\">61 00 33<\/td>\n<\/tr>\n<tr>\n<td style=\"text-align: left;\">Antistatischer Schlauch 50 m f\u00fcr CAP<\/td>\n<td style=\"text-align: center;\">61 00 34<\/td>\n<\/tr>\n<tr>\n<td style=\"text-align: left;\">Spiralschlauch 10 m f\u00fcr CAP, mechanische Best\u00e4ndigkeit<\/td>\n<td style=\"text-align: center;\">61 00 46<\/td>\n<\/tr>\n<tr>\n<td style=\"text-align: left;\">Schalld\u00e4mpfer<\/td>\n<td style=\"text-align: center;\">63 00 10<\/td>\n<\/tr>\n<tr>\n<td style=\"text-align: left;\">G\u00fcrtel f\u00fcr CleanAIR\u00ae Pressure<\/td>\n<td style=\"text-align: center;\">70 00 95<\/td>\n<\/tr>\n<tr>\n<td style=\"text-align: left;\">Leichter flexibler QuickLOCK\u2122 Schlauch \u2013 CA40x1\/7&#8243;<\/td>\n<td style=\"text-align: center;\">71 00 60<\/td>\n<\/tr>\n<tr>\n<td style=\"text-align: left;\">Gummischlauch QuickLOCK\u2122 \u2013 CA40x1\/7&#8243;<\/td>\n<td style=\"text-align: center;\">71 00 86<\/td>\n<\/tr>\n<tr>\n<td style=\"text-align: left;\">Gepolsterter Komfortg\u00fcrtel<\/td>\n<td style=\"text-align: center;\">71 00 93<\/td>\n<\/tr>\n<tr>\n<td style=\"text-align: left;\">Komfortg\u00fcrtel aus Leder<\/td>\n<td style=\"text-align: center;\">72 00 93<\/td>\n<\/tr>\n<\/tbody>\n<\/table>\n<p>[\/vc_column_text][\/vc_tta_section][vc_tta_section i_icon_fontawesome=&#8221;fa fa-wrench&#8221; add_icon=&#8221;true&#8221; title=&#8221;Technische Daten&#8221; tab_id=&#8221;1513153797992-792040b0-82c9&#8243;][vc_column_text]<\/p>\n<table>\n<tbody>\n<tr>\n<td style=\"text-align: left;\">Luftstrom<\/td>\n<td style=\"text-align: center;\">160\u2013250 lpm<\/td>\n<\/tr>\n<tr>\n<td style=\"text-align: left;\">Eingangsdruck<\/td>\n<td style=\"text-align: center;\">400\u20131 000 kPa<\/td>\n<\/tr>\n<tr>\n<td style=\"text-align: left;\">Gewicht<\/td>\n<td style=\"text-align: center;\">280 g<\/td>\n<\/tr>\n<tr>\n<td style=\"text-align: left;\">Lautst\u00e4rke<\/td>\n<td style=\"text-align: center;\">max. 61 dB<\/td>\n<\/tr>\n<tr>\n<td style=\"text-align: left;\">Abmessungen<\/td>\n<td style=\"text-align: center;\">235 mm \/ 126 mm \/ 65 mm<\/td>\n<\/tr>\n<tr>\n<td style=\"text-align: left;\">Eingangsanschluss<\/td>\n<td style=\"text-align: center;\">kompatibel mit RECTUS 25, 26 und CEJN 320<\/td>\n<\/tr>\n<tr>\n<td style=\"text-align: left;\">Ausgangsanschluss<\/td>\n<td style=\"text-align: center;\">CA40\u00d71\/7\u201c<\/td>\n<\/tr>\n<tr>\n<td style=\"text-align: left;\">Zertifizierung<\/td>\n<td style=\"text-align: center;\">EN 14594, Klasse 3B<\/td>\n<\/tr>\n<\/tbody>\n<\/table>\n<p>[\/vc_column_text][\/vc_tta_section][vc_tta_section i_icon_fontawesome=&#8221;fa fa-download&#8221; add_icon=&#8221;true&#8221; title=&#8221;Downloads&#8221; tab_id=&#8221;1513154098935-95c74e4f-fa1e&#8221;][vc_column_text]<a href=\"https:\/\/www.clean-air.cz\/wp-content\/uploads\/2026\/01\/GR-CNA010-R14-User-Manual-Pressure-Flow-Master-and-Conditioner-DIGI.pdf\">User Manual &#8211; Pressure Flow Master and Conditioner DIGI<\/a><\/p>\n<p><a href=\"https:\/\/www.clean-air.cz\/wp-content\/uploads\/2022\/03\/DA-011_-_670000_-_Pressure_Flow_Master_-_EN.pdf\" target=\"_blank\" rel=\"noopener\">Datasheet_-_670000_-_Pressure_Flow_Master_-_EN<\/a><\/p>\n<p><a href=\"https:\/\/www.clean-air.cz\/wp-content\/uploads\/2021\/12\/PS-670000-1-R1-Presure-Flow-Master.pdf\" target=\"_blank\" rel=\"noopener\">Declaration of Conformity &#8211; Presure Flow Master<\/a>[\/vc_column_text][\/vc_tta_section][vc_tta_section i_icon_fontawesome=&#8221;fa fa-picture-o&#8221; add_icon=&#8221;true&#8221; title=&#8221;Galerie&#8221; tab_id=&#8221;1515415801460-0c2258c9-4574&#8243;][vc_gallery type=&#8221;image_grid&#8221; images=&#8221;3979&#8243; img_size=&#8221;medium&#8221; css_animation=&#8221;fadeIn&#8221; css=&#8221;.vc_custom_1553762539937{padding-left: 280px !important;}&#8221;][\/vc_tta_section][\/vc_tta_tabs][\/vc_column][\/vc_row]<\/p>\n","protected":false},"excerpt":{"rendered":"<p>[vc_row][vc_column width=&#8221;1\/2&#8243;][vc_gallery interval=&#8221;3&#8243; images=&#8221;3979&#8243; img_size=&#8221;large&#8221;][\/vc_column][vc_column width=&#8221;1\/2&#8243;][vc_column_text]Druckluftl\u00f6sungen Die Systeme CleanAIR\u00ae Pressure\/Pressure Flow Master sind Atemschutzger\u00e4te, die kontinuierlich mit Luft versorgt werden und f\u00fcr langfristige Arbeiten in industriellen Umgebungen mit hoher Belastung geeignet sind. Mit dem Regler am G\u00fcrtel kann der Luftstrom reguliert werden, der vom zentralen Druckluftverteiler oder einem Kompressor zugef\u00fchrt wird. Er gew\u00e4hrleistet ein konstantes Niveau unabh\u00e4ngig vom Einlassdruck.[\/vc_column_text][vc_btn title=&#8221;Sehen Sie sich das komplette Sortiment von Druckluftsystemen an!&#8221; shape=&#8221;square&#8221; color=&#8221;juicy-pink&#8221;<\/p>\n<p><a class=\"more-link\" href=\"https:\/\/www.clean-air.cz\/de\/druckluftsysteme\/cleanair-pressure-flow-master\/\">Weiterlesen<\/a><\/p>\n","protected":false},"author":11,"featured_media":0,"parent":3977,"menu_order":0,"comment_status":"closed","ping_status":"closed","template":"","meta":{"footnotes":""},"_links":{"self":[{"href":"https:\/\/www.clean-air.cz\/de\/wp-json\/wp\/v2\/pages\/3592"}],"collection":[{"href":"https:\/\/www.clean-air.cz\/de\/wp-json\/wp\/v2\/pages"}],"about":[{"href":"https:\/\/www.clean-air.cz\/de\/wp-json\/wp\/v2\/types\/page"}],"author":[{"embeddable":true,"href":"https:\/\/www.clean-air.cz\/de\/wp-json\/wp\/v2\/users\/11"}],"replies":[{"embeddable":true,"href":"https:\/\/www.clean-air.cz\/de\/wp-json\/wp\/v2\/comments?post=3592"}],"version-history":[{"count":0,"href":"https:\/\/www.clean-air.cz\/de\/wp-json\/wp\/v2\/pages\/3592\/revisions"}],"up":[{"embeddable":true,"href":"https:\/\/www.clean-air.cz\/de\/wp-json\/wp\/v2\/pages\/3977"}],"wp:attachment":[{"href":"https:\/\/www.clean-air.cz\/de\/wp-json\/wp\/v2\/media?parent=3592"}],"curies":[{"name":"wp","href":"https:\/\/api.w.org\/{rel}","templated":true}]}}