{"id":3454,"date":"2018-12-04T08:30:46","date_gmt":"2018-12-04T07:30:46","guid":{"rendered":"https:\/\/www.clean-air.cz\/kontakt\/"},"modified":"2026-02-03T15:23:56","modified_gmt":"2026-02-03T14:23:56","slug":"kontakt","status":"publish","type":"page","link":"https:\/\/www.clean-air.cz\/de\/kontakt\/","title":{"rendered":"Kontakt"},"content":{"rendered":"<p>[vc_row][vc_column][vc_column_text]<\/p>\n<table style=\"width: 568px;\" border=\"0\" cellspacing=\"0\" cellpadding=\"0\">\n<colgroup>\n<col \/>\n<col \/>\n<col \/>\n<col \/>\n<col \/> <\/colgroup>\n<tbody>\n<tr>\n<td style=\"width: 568px;\"><strong>MALINA \u2013 Safety s.r.o.<\/strong><\/td>\n<\/tr>\n<tr>\n<td style=\"width: 568px;\">Lu\u010dn\u00ed 1391\/11<\/td>\n<\/tr>\n<tr>\n<td style=\"width: 568px;\">466 01 Jablonec nad Nisou<\/td>\n<\/tr>\n<tr>\n<td style=\"width: 568px;\">Tschechien<\/td>\n<\/tr>\n<tr>\n<td style=\"width: 568px;\"><\/td>\n<\/tr>\n<tr>\n<td style=\"width: 568px;\"><\/td>\n<\/tr>\n<tr>\n<td style=\"width: 568px;\">UID-Nummer:\u00a0 CZ25430238<\/td>\n<\/tr>\n<\/tbody>\n<\/table>\n<p>[\/vc_column_text][vc_column_text]<!--\n\n\n<table style=\"width: 386px;\" border=\"0\" cellspacing=\"0\" cellpadding=\"0\">\n\n\n<colgroup>\n\n\n<col width=\"250\" \/>\n\n\n<col width=\"140\" \/>\n\n\n<col width=\"130\" \/>\n\n\n<col width=\"130\" \/>\n\n\n<col width=\"200\" \/> <\/colgroup>\n\n\n\n\n<tbody>\n\n\n<tr>\n\n\n<td style=\"width: 374px;\"><strong>MALINA \u2013 Safety s.r.o.<\/strong><\/td>\n\n\n<\/tr>\n\n\n\n\n<tr>\n\n\n<td style=\"width: 374px;\">Lu\u010dn\u00ed 1391\/11<\/td>\n\n\n<\/tr>\n\n\n\n\n<tr>\n\n\n<td style=\"width: 374px;\">466 01 Jablonec nad Nisou<\/td>\n\n\n<\/tr>\n\n\n\n\n<tr>\n\n\n<td style=\"width: 374px;\">Czech Republic<\/td>\n\n\n<\/tr>\n\n\n\n\n<tr>\n\n\n<td style=\"width: 374px;\"><\/td>\n\n\n<\/tr>\n\n\n\n\n<tr>\n\n\n<td style=\"width: 374px;\">ID number: \u00a0 \u00a0\u00a0 25430238<\/td>\n\n\n<\/tr>\n\n\n\n\n<tr>\n\n\n<td style=\"width: 374px;\">VAT number:\u00a0 CZ25430238<\/td>\n\n\n<\/tr>\n\n\n<\/tbody>\n\n\n<\/table>\n\n\n\n\n<table>\n\n\n<tbody>\n\n\n<tr>\n\n\n<td><strong>Company Reception<\/strong><\/td>\n\n\n\n\n<td><\/td>\n\n\n\n\n<td><\/td>\n\n\n\n\n<td><\/td>\n\n\n<\/tr>\n\n\n\n\n<tr>\n\n\n<td>Zdena B\u00e1rtov\u00e1<\/td>\n\n\n\n\n<td>tel. +420 483 356 600<\/td>\n\n\n\n\n<td><\/td>\n\n\n\n\n<td>zdena.bartova<span class=\"otoc_text\"><span class=\"skryjtext\">spa.movani@gmail.com<\/span>malina-safety.cz<\/span><\/td>\n\n\n<\/tr>\n\n\n\n\n<tr>\n\n\n<td><strong>Sales &amp; Marketing Manager<\/strong><\/td>\n\n\n\n\n<td><\/td>\n\n\n\n\n<td><\/td>\n\n\n\n\n<td><\/td>\n\n\n<\/tr>\n\n\n\n\n<tr>\n\n\n<td>Petr \u010cerm\u00e1k<\/td>\n\n\n\n\n<td>tel. +420 483 356 621<\/td>\n\n\n\n\n<td>mob. +420 608 444 324<\/td>\n\n\n\n\n<td>petr.cermak<span class=\"otoc_text\"><span class=\"skryjtext\">spa.movani@gmail.com<\/span>malina-safety.cz<\/span><\/td>\n\n\n<\/tr>\n\n\n\n\n<tr>\n\n\n<td><strong>Export Office<\/strong><\/td>\n\n\n\n\n<td><\/td>\n\n\n\n\n<td><\/td>\n\n\n\n\n<td>export<span class=\"otoc_text\"><span class=\"skryjtext\">spa.movani@gmail.com<\/span>malina-safety.cz<\/span><\/td>\n\n\n<\/tr>\n\n\n\n\n<tr>\n\n\n<td>Ji\u0159\u00ed Ma\u0161ek<\/td>\n\n\n\n\n<td>tel. +420 483 356 631<\/td>\n\n\n\n\n<td>mob.\u00a0+420\u00a0725\u00a0516 814<\/td>\n\n\n\n\n<td>jiri.masek<span class=\"otoc_text\"><span class=\"skryjtext\">spa.movani@gmail.com<\/span>malina-safety.cz<\/span><\/td>\n\n\n<\/tr>\n\n\n\n\n<tr>\n\n\n<td>Eva Chabadov\u00e1<\/td>\n\n\n\n\n<td>tel. +420 483 356 640<\/td>\n\n\n\n\n<td>mob. +420 702 214 585<\/td>\n\n\n\n\n<td>eva.chabadova<span class=\"otoc_text\"><span class=\"skryjtext\">spa.movani@gmail.com<\/span>malina-safety.cz<\/span><\/td>\n\n\n<\/tr>\n\n\n\n\n<tr>\n\n\n<td>Iveta Pastorkov\u00e1<\/td>\n\n\n\n\n<td>tel. +420 483 356 662<\/td>\n\n\n\n\n<td>mob. +420 601 207 510<\/td>\n\n\n\n\n<td>iveta.pastorkova<span class=\"otoc_text\"><span class=\"skryjtext\">spa.movani@gmail.com<\/span>malina-safety.cz<\/span><\/td>\n\n\n<\/tr>\n\n\n\n\n<tr>\n\n\n<td><strong>Marketing department<\/strong><\/td>\n\n\n\n\n<td><\/td>\n\n\n\n\n<td><\/td>\n\n\n\n\n<td><\/td>\n\n\n<\/tr>\n\n\n\n\n<tr>\n\n\n<td>Lubo\u0161 Novotn\u00fd<\/td>\n\n\n\n\n<td>tel. +420 483 356 658<\/td>\n\n\n\n\n<td><\/td>\n\n\n\n\n<td>lubos.novotny<span class=\"otoc_text\"><span class=\"skryjtext\">spa.movani@gmail.com<\/span>malina-safety.cz<\/span><\/td>\n\n\n<\/tr>\n\n\n\n\n<tr>\n\n\n<td>Pavel Drahokoupil<\/td>\n\n\n\n\n<td>tel. +420 483 356 658<\/td>\n\n\n\n\n<td><\/td>\n\n\n\n\n<td>pavel.drahokoupil<span class=\"otoc_text\"><span class=\"skryjtext\">spa.movani@gmail.com<\/span>malina-safety.cz<\/span><\/td>\n\n\n<\/tr>\n\n\n\n\n<tr>\n\n\n<td><strong>Quality &amp; Project Manager<\/strong><\/td>\n\n\n\n\n<td><\/td>\n\n\n\n\n<td><\/td>\n\n\n\n\n<td><\/td>\n\n\n<\/tr>\n\n\n\n\n<tr>\n\n\n<td>V\u00edt\u011bzslav Puc<\/td>\n\n\n\n\n<td>tel. +420 483 356 650<\/td>\n\n\n\n\n<td><\/td>\n\n\n\n\n<td>vitezslav.puc<span class=\"otoc_text\"><span class=\"skryjtext\">spa.movani@gmail.com<\/span>malina-safety.cz<\/span><\/td>\n\n\n<\/tr>\n\n\n<\/tbody>\n\n\n<\/table>\n\n\n-->[\/vc_column_text][vc_tta_tour][vc_tta_section i_icon_fontawesome=&#8221;fa fa-address-book-o&#8221; add_icon=&#8221;true&#8221; title=&#8221;Sales &#038; Marketing Manager&#8221; tab_id=&#8221;1538720956283-93fad8c1-ac70&#8243;][vc_column_text]<strong>Petr \u010cerm\u00e1k<br \/>\n<\/strong>tel. +420 483 356 621<br \/>\nmob. +420 608 444 324<br \/>\npetr.cermak<span class=\"otoc_text\"><span class=\"skryjtext\">spa.movani@gmail.com<\/span>malina-safety.cz<\/span>[\/vc_column_text][\/vc_tta_section][vc_tta_section i_icon_fontawesome=&#8221;fa fa-address-book-o&#8221; add_icon=&#8221;true&#8221; title=&#8221;Auslanddienst&#8221; tab_id=&#8221;1538720956283-b7af4cb5-cb56&#8243;][vc_column_text]export<span class=\"otoc_text\"><span class=\"skryjtext\">spa.movani@gmail.com<\/span>malina-safety.cz<\/span><\/p>\n<p><strong>Iveta Pastorkov\u00e1<\/strong><br \/>\ntel. +420 483 356 662<br \/>\nmob. +420 601 207 510<br \/>\niveta.pastorkova<span class=\"otoc_text\"><span class=\"skryjtext\">spa.movani@gmail.com<\/span>malina-safety.cz<\/span><\/p>\n<p><strong>Petr \u010cech<\/strong><br \/>\ntel. +420 483 356\u00a0631<br \/>\nmob. +420 602\u00a0338 572<br \/>\npetr.cech<span class=\"otoc_text\"><span class=\"skryjtext\">spa.movani@gmail.com<\/span>malina-safety.cz<\/span>[\/vc_column_text][\/vc_tta_section][vc_tta_section i_icon_fontawesome=&#8221;fa fa-address-book-o&#8221; add_icon=&#8221;true&#8221; title=&#8221;Innendienst&#8221; tab_id=&#8221;1540209273227-ddebe434-51ab&#8221;][vc_column_text]obchod<span class=\"otoc_text\"><span class=\"skryjtext\">spa.movani@gmail.com<\/span>malina-safety.cz<\/span><\/p>\n<p><strong>Vojt\u011bch Mal\u00fd<\/strong><br \/>\ntel. +420 483 356 636<br \/>\nmob. +420 727 824 550<br \/>\nvojtech.maly<span class=\"otoc_text\"><span class=\"skryjtext\">spa.movani@gmail.com<\/span>malina-safety.cz<\/span><\/p>\n<p><strong>David V\u00e1lek<\/strong><br \/>\ntel. +420 483 356 644<br \/>\nmob. +420 725 920 488<br \/>\ndavid.valek<span class=\"otoc_text\"><span class=\"skryjtext\">spa.movani@gmail.com<\/span>malina-safety.cz<\/span><\/p>\n<p><strong>Adam Piller<\/strong><br \/>\ntel. +420 483 356 661<br \/>\nmob. +420 601 207 511<br \/>\nadam.piller<span class=\"otoc_text\"><span class=\"skryjtext\">spa.movani@gmail.com<\/span>malina-safety.cz<\/span>[\/vc_column_text][\/vc_tta_section][vc_tta_section i_icon_fontawesome=&#8221;fa fa-address-book-o&#8221; add_icon=&#8221;true&#8221; title=&#8221;Marketing&#8221; tab_id=&#8221;1538723434379-83db116b-d822&#8243;][vc_column_text]marketing@malina-safety.cz<\/p>\n<p><strong>Jan Nov\u00e1k<\/strong><br \/>\ntel. +420 483 356 658<br \/>\njan.novak<span class=\"otoc_text\"><span class=\"skryjtext\">spa.movani@gmail.com<\/span>malina-safety.cz<\/span><\/p>\n<p><strong>Lenka Hanu\u0161ov\u00e1<\/strong><br \/>\ntel. +420 799 110 589<br \/>\nlenka.hanusova<span class=\"otoc_text\"><span class=\"skryjtext\">spa.movani@gmail.com<\/span>malina-safety.cz<\/span>[\/vc_column_text][\/vc_tta_section][vc_tta_section i_icon_fontawesome=&#8221;far fa-address-book&#8221; add_icon=&#8221;true&#8221; title=&#8221;Quality Manager&#8221; tab_id=&#8221;1538736965495-a84d349b-cc71&#8243;][vc_column_text]<strong>Magdalena Pitrov\u00e1<\/strong><br \/>\ntel. +420 734 703 704<br \/>\nmagdalena.pitrova<span class=\"otoc_text\"><span class=\"skryjtext\">spa.movani@gmail.com<\/span>malina-safety.cz<\/span>[\/vc_column_text][\/vc_tta_section][\/vc_tta_tour][\/vc_column][\/vc_row][vc_row][vc_column][vc_column_text]<\/p>\n<h2>NIEDERLASSUNGEN<\/h2>\n<p>[\/vc_column_text][\/vc_column][vc_column][vc_tta_tour][vc_tta_section title=&#8221;Skandinavien &#8211; D\u00e4nemark, Schweden und Norwegen&#8221; tab_id=&#8221;1537537557730-bcc35a82-c97f&#8221;][vc_column_text]<strong>CleanAIR ApS<\/strong><\/p>\n<p>Voldbjergvej 16, 2. tv<br \/>\nDK-8240\u00a0 Risskov<br \/>\nDENMARK<\/p>\n<p>Phone: +45 20 70 05 72 (08.00-15.30)<br \/>\nMobile: +47\u00a0906 70 964<br \/>\nE-mail:\u00a0mail@clean-air.dk[\/vc_column_text][\/vc_tta_section][vc_tta_section title=&#8221;United Kingdom&#8221; tab_id=&#8221;1688973088072-4dacbb5e-cc06&#8243;][vc_column_text]<strong>CleanAIR representative for UK market<\/strong><\/p>\n<p><strong>Mark Howarth<\/strong><\/p>\n<p>E-mail: <a href=\"mailto:mark.howarth@clean-air.cz\">mark.howarth@clean-air.cz<\/a><br \/>\nMobile: +447846405509[\/vc_column_text][\/vc_tta_section][vc_tta_section title=&#8221;Asia &amp; Pacific region&#8221; tab_id=&#8221;1537537557733-1f4f3e1a-16ee&#8221;][vc_column_text]<strong>EXPORT OFFICE &#8211; ASIA &amp; PACIFIC REGION<\/strong><\/p>\n<p><span style=\"color: #000000;\"><strong>CleanAIR APAC Pte. Ltd.<\/strong><\/span><\/p>\n<p>8 Changi South Lane #03-01<br \/>\nSingapore 486113<\/p>\n<p><strong>Danny Goh<\/strong><br \/>\n<strong>Managing Director<\/strong><\/p>\n<p>Mobile: +65 9296 6776<br \/>\nTel: +65 6556 468<br \/>\ndanny.goh@clean-air.cz<br \/>\nsales.apac@clean-air.cz[\/vc_column_text][\/vc_tta_section][vc_tta_section title=&#8221;India &amp; Middle East&#8221; tab_id=&#8221;1761735575845-6fe28111-d3d9&#8243;][vc_row_inner][vc_column_inner][vc_column_text]<strong>EXPORT OFFICE &#8211; INDIA &amp; MIDDLE EAST<\/strong><\/p>\n<p><strong>Vinod Bamaniya<\/strong><br \/>\n<em>Business Operations Manager\u00a0<\/em><br \/>\nIndia\u00a0<u>+91 9820602304<\/u><br \/>\nUAE \u00a0<u>+971 50 2514525<\/u><br \/>\nE-mail: <a href=\"mailto:vinod.bamaniya@malina-safety.cz\">vinod.bamaniya@malina-safety.cz<\/a>[\/vc_column_text][\/vc_column_inner][\/vc_row_inner][\/vc_tta_section][vc_tta_section title=&#8221;Weitere L\u00e4nder&#8221; tab_id=&#8221;1537537557735-ae68fc6e-715c&#8221;][vc_column_text]Suchen Sie nach dem CleanAIR-H\u00e4ndler in Ihrem Land? Wenden Sie sich gerne an export@malina-safety.cz an.[\/vc_column_text][\/vc_tta_section][\/vc_tta_tour][vc_column_text]<\/p>\n<h2>IT SUPPORT<\/h2>\n<p>[\/vc_column_text][vc_tta_tour][vc_tta_section title=&#8221;QuickSupport&#8221; tab_id=&#8221;1679902152452-a5663b1c-1d07&#8243;][vc_column_text]<b>QuickSupport<\/b><\/p>\n<p><a style=\"font-size: 1rem;\" href=\"https:\/\/get.teamviewer.com\/64abwf3\">https:\/\/get.teamviewer.com\/64abwf3<\/a>[\/vc_column_text][\/vc_tta_section][\/vc_tta_tour][\/vc_column][\/vc_row]<\/p>\n","protected":false},"excerpt":{"rendered":"<p>[vc_row][vc_column][vc_column_text] MALINA \u2013 Safety s.r.o. Lu\u010dn\u00ed 1391\/11 466 01 Jablonec nad Nisou Tschechien UID-Nummer:\u00a0 CZ25430238 [\/vc_column_text][vc_column_text][\/vc_column_text][vc_tta_tour][vc_tta_section i_icon_fontawesome=&#8221;fa fa-address-book-o&#8221; add_icon=&#8221;true&#8221; title=&#8221;Sales &#038; Marketing Manager&#8221; tab_id=&#8221;1538720956283-93fad8c1-ac70&#8243;][vc_column_text]Petr \u010cerm\u00e1k tel. +420 483 356 621 mob. +420 608 444 324 petr.cermakspa.movani@gmail.commalina-safety.cz[\/vc_column_text][\/vc_tta_section][vc_tta_section i_icon_fontawesome=&#8221;fa fa-address-book-o&#8221; add_icon=&#8221;true&#8221; title=&#8221;Auslanddienst&#8221; tab_id=&#8221;1538720956283-b7af4cb5-cb56&#8243;][vc_column_text]exportspa.movani@gmail.commalina-safety.cz Iveta Pastorkov\u00e1 tel. +420 483 356 662 mob. +420 601 207 510 iveta.pastorkovaspa.movani@gmail.commalina-safety.cz Petr \u010cech tel. +420 483 356\u00a0631 mob. +420 602\u00a0338 572 petr.cechspa.movani@gmail.commalina-safety.cz[\/vc_column_text][\/vc_tta_section][vc_tta_section i_icon_fontawesome=&#8221;fa fa-address-book-o&#8221; add_icon=&#8221;true&#8221; title=&#8221;Innendienst&#8221; tab_id=&#8221;1540209273227-ddebe434-51ab&#8221;][vc_column_text]obchodspa.movani@gmail.commalina-safety.cz<\/p>\n<p><a class=\"more-link\" href=\"https:\/\/www.clean-air.cz\/de\/kontakt\/\">Weiterlesen<\/a><\/p>\n","protected":false},"author":11,"featured_media":0,"parent":0,"menu_order":0,"comment_status":"closed","ping_status":"closed","template":"","meta":{"footnotes":""},"_links":{"self":[{"href":"https:\/\/www.clean-air.cz\/de\/wp-json\/wp\/v2\/pages\/3454"}],"collection":[{"href":"https:\/\/www.clean-air.cz\/de\/wp-json\/wp\/v2\/pages"}],"about":[{"href":"https:\/\/www.clean-air.cz\/de\/wp-json\/wp\/v2\/types\/page"}],"author":[{"embeddable":true,"href":"https:\/\/www.clean-air.cz\/de\/wp-json\/wp\/v2\/users\/11"}],"replies":[{"embeddable":true,"href":"https:\/\/www.clean-air.cz\/de\/wp-json\/wp\/v2\/comments?post=3454"}],"version-history":[{"count":0,"href":"https:\/\/www.clean-air.cz\/de\/wp-json\/wp\/v2\/pages\/3454\/revisions"}],"wp:attachment":[{"href":"https:\/\/www.clean-air.cz\/de\/wp-json\/wp\/v2\/media?parent=3454"}],"curies":[{"name":"wp","href":"https:\/\/api.w.org\/{rel}","templated":true}]}}