{"id":29179,"date":"2026-01-27T09:11:52","date_gmt":"2026-01-27T08:11:52","guid":{"rendered":"https:\/\/www.clean-air.cz\/hauben\/masken\/cm-6p-cm-6mp\/"},"modified":"2026-01-27T09:12:35","modified_gmt":"2026-01-27T08:12:35","slug":"cm-6p-cm-6mp","status":"publish","type":"page","link":"https:\/\/www.clean-air.cz\/de\/hauben\/masken\/cm-6p-cm-6mp\/","title":{"rendered":"CM-6P\/CM-6MP"},"content":{"rendered":"<p>[vc_row][vc_column width=&#8221;1\/2&#8243;][vc_gallery interval=&#8221;3&#8243; images=&#8221;25463,25392,25404&#8243; img_size=&#8221;large&#8221;][\/vc_column][vc_column width=&#8221;1\/2&#8243;][vc_column_text]<strong><span style=\"font-size: 14pt; color: #be0300;\">Zuverl\u00e4ssiger Atemschutz f\u00fcr besonders anspruchsvolle Umgebungen<\/span><\/strong><\/p>\n<p data-start=\"56\" data-end=\"417\"><strong data-start=\"56\" data-end=\"80\">Die Schutzmaske CM-6<\/strong> bietet in Kombination mit einem kompatiblen Filter oder einem <strong data-start=\"143\" data-end=\"179\">CleanAIR\u00ae Gebl\u00e4seatemschutzger\u00e4t<\/strong> einen umfassenden Schutz f\u00fcr Augen, Gesicht und Atemwege. Sie wurde entwickelt, um Anwender vor toxischen Industriechemikalien (TIC), chemischen Kampfstoffen (CWA), radioaktiven Partikeln, Aerosolen sowie Bakterien und Viren zu sch\u00fctzen.<\/p>\n<p data-start=\"419\" data-end=\"770\">Diese <strong data-start=\"425\" data-end=\"462\">leistungsstarke Vollgesichtsmaske<\/strong> ist f\u00fcr kritische Einsatzbereiche ausgelegt und gew\u00e4hrleistet einen sicheren und komfortablen Sitz bei gleichzeitig hervorragendem Sichtfeld. Ob im Alleinbetrieb mit Filtern oder in Kombination mit einem Gebl\u00e4sefilterger\u00e4t \u2013 die CM-6 bietet zuverl\u00e4ssigen Schutz in Umgebungen mit hohem Gef\u00e4hrdungspotenzial.<\/p>\n<p>[\/vc_column_text][vc_btn title=&#8221;Sehen Sie sich das komplette Sortiment von Masken an!&#8221; shape=&#8221;square&#8221; color=&#8221;juicy-pink&#8221; size=&#8221;lg&#8221; align=&#8221;left&#8221; i_icon_fontawesome=&#8221;fa fa-info-circle&#8221; css_animation=&#8221;none&#8221; add_icon=&#8221;true&#8221; link=&#8221;url:https%3A%2F%2Fwww.clean-air.cz%2Fde%2Fhauben%2Fmasken%2F|title:Sehen%20Sie%20sich%20das%20komplette%20Sortiment%20von%20Leichthauben%20an%21|&#8221;][\/vc_column][\/vc_row][vc_row][vc_column][vc_tta_tabs style=&#8221;modern&#8221; shape=&#8221;square&#8221; active_section=&#8221;1&#8243; no_fill_content_area=&#8221;true&#8221; title=&#8221;Details&#8221;][vc_tta_section i_icon_fontawesome=&#8221;fa fa-industry&#8221; add_icon=&#8221;true&#8221; title=&#8221;Anwendungsbereiche&#8221; tab_id=&#8221;1513150336358-68add988-e9ea&#8221;][vc_column_text]<span style=\"color: #be0300;\"><strong>Einsatzbereiche<\/strong><\/span><\/p>\n<ul>\n<li data-start=\"39\" data-end=\"108\">\n<p data-start=\"41\" data-end=\"108\"><strong data-start=\"41\" data-end=\"57\">CBRN-Bereich<\/strong> (chemisch, biologisch, radiologisch und nuklear)<\/p>\n<\/li>\n<li data-start=\"109\" data-end=\"136\">\n<p data-start=\"111\" data-end=\"136\"><strong data-start=\"111\" data-end=\"134\">Gesundheitspersonal<\/strong><\/p>\n<\/li>\n<li data-start=\"137\" data-end=\"160\">\n<p data-start=\"139\" data-end=\"160\"><strong data-start=\"139\" data-end=\"158\">Rettungsdienste<\/strong><\/p>\n<\/li>\n<li data-start=\"161\" data-end=\"178\">\n<p data-start=\"163\" data-end=\"178\"><strong data-start=\"163\" data-end=\"176\">Feuerwehr<\/strong><\/p>\n<\/li>\n<li data-start=\"179\" data-end=\"203\">\n<p data-start=\"181\" data-end=\"203\"><strong data-start=\"181\" data-end=\"201\">Polizeieinheiten<\/strong><\/p>\n<\/li>\n<li data-start=\"204\" data-end=\"221\">\n<p data-start=\"206\" data-end=\"221\"><strong data-start=\"206\" data-end=\"221\">Zivilschutz<\/strong><\/p>\n<\/li>\n<\/ul>\n<p>[\/vc_column_text][\/vc_tta_section][vc_tta_section i_icon_fontawesome=&#8221;fa fa-thumbs-o-up&#8221; add_icon=&#8221;true&#8221; title=&#8221;Merkmale und Vorteile&#8221; tab_id=&#8221;1513150336359-b7b65468-8021&#8243;][vc_column_text]<span style=\"color: #be0300;\"><strong>Merkmale &amp; Vorteile<\/strong><\/span><\/p>\n<p data-start=\"91\" data-end=\"246\"><strong data-start=\"91\" data-end=\"113\">Umfassender Schutz<\/strong> \u2013 Sch\u00fctzt Augen, Gesicht und Atemwege vor toxischen Chemikalien, chemischen Kampfstoffen, radioaktivem Staub, Bakterien und Viren.<\/p>\n<p data-start=\"250\" data-end=\"423\"><strong data-start=\"250\" data-end=\"275\">Vielseitige Anwendung<\/strong> \u2013 Kompatibel mit CleanAIR\u00ae Filtern oder Gebl\u00e4seatemschutzger\u00e4ten und bietet flexible Schutzl\u00f6sungen f\u00fcr verschiedene gef\u00e4hrliche Einsatzbereiche.<\/p>\n<p data-start=\"427\" data-end=\"562\"><strong data-start=\"427\" data-end=\"455\">Integriertes Trinksystem<\/strong> \u2013 Erm\u00f6glicht eine sichere Fl\u00fcssigkeitsaufnahme bei l\u00e4ngerer Nutzung, ohne den Schutz zu beeintr\u00e4chtigen.<\/p>\n<p data-start=\"566\" data-end=\"733\"><strong data-start=\"566\" data-end=\"610\">Hoher Tragekomfort und optimale Passform<\/strong> \u2013 Ergonomisches Design mit verstellbaren Gurten sorgt f\u00fcr einen sicheren und komfortablen Sitz auch bei l\u00e4ngerem Tragen.<\/p>\n<p data-start=\"737\" data-end=\"868\"><strong data-start=\"737\" data-end=\"757\">Weites Sichtfeld<\/strong> \u2013 Gro\u00dfes Visier mit verzerrungsfreier Sicht verbessert die Wahrnehmung der Umgebung und die Einsatzsicherheit.<\/p>\n<p>[\/vc_column_text][\/vc_tta_section][vc_tta_section i_icon_fontawesome=&#8221;&#8221; add_icon=&#8221;true&#8221; title=&#8221;Produktcodes, Zubeh\u00f6r und Filter&#8221; tab_id=&#8221;1513153137048-5f8c31c5-30ea&#8221;][vc_column_text]<\/p>\n<table style=\"width: 99.68%; height: 66px;\">\n<tbody>\n<tr style=\"height: 22px;\">\n<td style=\"text-align: left; height: 22px; width: 50.4013%;\"><span style=\"color: #be0300;\"><strong>Produktname <\/strong><\/span><\/td>\n<td style=\"text-align: left; width: 49.4382%; height: 22px;\"><span style=\"color: #be0300;\"><strong>\u00a0Produktcode<\/strong><\/span><\/td>\n<\/tr>\n<tr style=\"height: 22px;\">\n<td style=\"text-align: left; height: 22px; width: 50.4013%;\"><strong data-start=\"79\" data-end=\"106\">Vollgesichtsmaske CM-6P<\/strong>, 6-Punkt-Kopfhalterung, TPE<\/td>\n<td style=\"text-align: left; height: 22px; width: 49.4382%;\">740600.05<\/td>\n<\/tr>\n<tr style=\"height: 22px;\">\n<td style=\"text-align: left; height: 22px; width: 50.4013%;\"><strong data-start=\"61\" data-end=\"89\">Vollgesichtsmaske CM-6MP<\/strong>, 6-Punkt-Kopfhalterung, Trinksystem, TPE<\/td>\n<td style=\"text-align: left; height: 22px; width: 49.4382%;\">740600.15<\/td>\n<\/tr>\n<\/tbody>\n<\/table>\n<p>&nbsp;<\/p>\n<table style=\"border-collapse: collapse; width: 100%;\">\n<tbody>\n<tr>\n<td style=\"width: 49.92%;\"><span style=\"color: #be0300;\"><strong>Kompatible Gebl\u00e4seatemschutzger\u00e4te<\/strong><\/span><\/td>\n<td style=\"width: 49.92%;\"><span style=\"color: #be0300;\"><strong>Standard \/ Klasse<\/strong><\/span><\/td>\n<\/tr>\n<tr>\n<td style=\"width: 49.92%;\">CleanAIR\u00ae Chemical 2F Plus<\/td>\n<td style=\"width: 49.92%;\">TM3<\/td>\n<\/tr>\n<\/tbody>\n<\/table>\n<p>&nbsp;<\/p>\n<table style=\"border-collapse: collapse; width: 100%;\">\n<tbody>\n<tr>\n<td style=\"width: 49.92%;\"><span style=\"color: #be0300;\"><strong>Kompatibles Zubeh\u00f6r und Ersatzteile<\/strong><\/span><\/td>\n<td style=\"width: 49.92%;\"><span style=\"color: #be0300;\"><strong>Produktcodes<\/strong><\/span><\/td>\n<\/tr>\n<tr>\n<td style=\"width: 49.92%;\">Leichter Flexschlauch CA40\u00d71\/7&#8243; \u2013 CA40\u00d71\/7&#8243;, gerader Anschluss<\/td>\n<td style=\"width: 49.92%;\">700060<\/td>\n<\/tr>\n<tr>\n<td style=\"width: 49.92%;\">Gummischlauch CA40\u00d71\/7&#8243; \u2013 CA40\u00d71\/7&#8243;, gerader Anschluss<\/td>\n<td style=\"width: 49.92%;\">700086CA<\/td>\n<\/tr>\n<tr>\n<td style=\"width: 49.92%;\">Einatemventilabdeckung CM-6<\/td>\n<td style=\"width: 49.92%;\">740611<\/td>\n<\/tr>\n<tr>\n<td style=\"width: 49.92%;\">Ausatemventilabdeckung CM-6<\/td>\n<td style=\"width: 49.92%;\">740612<\/td>\n<\/tr>\n<tr>\n<td style=\"width: 49.92%;\">Ausatemventil CM-6, Packung mit 10 Stk.<\/td>\n<td style=\"width: 49.92%;\">740613\/10<\/td>\n<\/tr>\n<tr>\n<td style=\"width: 49.92%;\">Einatemventil CM-6, Packung mit 10 Stk.<\/td>\n<td style=\"width: 49.92%;\">740614\/10<\/td>\n<\/tr>\n<tr>\n<td style=\"width: 49.92%;\">Kopfhalterung CM-6<\/td>\n<td style=\"width: 49.92%;\">740615<\/td>\n<\/tr>\n<tr>\n<td style=\"width: 49.92%;\">Trinkflasche f\u00fcr Trinksystem CM-6<\/td>\n<td style=\"width: 49.92%;\">740616<\/td>\n<\/tr>\n<\/tbody>\n<\/table>\n<p>[\/vc_column_text][\/vc_tta_section][vc_tta_section i_icon_fontawesome=&#8221;fa fa-wrench&#8221; add_icon=&#8221;true&#8221; title=&#8221;Technische Daten&#8221; tab_id=&#8221;1513153797992-792040b0-82c9&#8243;][vc_column_text]<\/p>\n<table>\n<tbody>\n<tr>\n<td style=\"text-align: left;\">Gewicht<\/td>\n<td style=\"text-align: left;\">560 g<\/td>\n<\/tr>\n<tr>\n<td style=\"text-align: left;\">Material<\/td>\n<td style=\"text-align: left;\">\n<p data-start=\"94\" data-end=\"148\"><strong data-start=\"94\" data-end=\"110\">Maskenk\u00f6rper<\/strong> \u2013 Brombutylkautschuk, nicht reizend<\/p>\n<p data-start=\"151\" data-end=\"238\"><strong data-start=\"151\" data-end=\"188\">Innenmaske (Nasenmaske \/ Nosecup)<\/strong> \u2013 Naturkautschuk \/ TPE \/ Silikon, nicht reizend<\/p>\n<p data-start=\"241\" data-end=\"273\"><strong data-start=\"241\" data-end=\"251\">Visier<\/strong> \u2013 Polycarbonat (PC)<\/p>\n<p data-start=\"276\" data-end=\"312\"><strong data-start=\"276\" data-end=\"292\">Visierrahmen<\/strong> \u2013 Polyamid (PA 6)<\/p>\n<p data-start=\"315\" data-end=\"379\"><strong data-start=\"315\" data-end=\"353\">Geh\u00e4use des Sprechmembraneinsatzes<\/strong> \u2013 Polyoxymethylen (POM)<\/p>\n<p data-start=\"382\" data-end=\"463\"><strong data-start=\"382\" data-end=\"446\">6-Punkt-Kopfhalterung (Sch\u00e4delhaube) mit Kunststoffschnallen<\/strong> \u2013 Gummi-Textil<\/p>\n<\/td>\n<\/tr>\n<tr>\n<td style=\"text-align: left;\">Anschluss<\/td>\n<td style=\"text-align: left;\">Rd 40 x 1\/7\u201c acc. ( EN 148-1) STANAG<\/td>\n<\/tr>\n<tr>\n<td style=\"text-align: left;\">Betriebsbedingungen<br \/>\nLagerbedingungen<\/td>\n<td style=\"text-align: left;\">0\u00b0C to + 50\u00b0C, max. humidity 80 % RH avoid long exposure of UV radiation<br \/>\n&#8211; 30\u00b0C to + 70\u00b0C, humidity 20 &#8211; 80 % RH<\/td>\n<\/tr>\n<tr>\n<td style=\"text-align: left;\">Zertifizierung<\/td>\n<td style=\"text-align: left;\">EN 148 &#8211; 1<br \/>\nEN 136 CL3<\/td>\n<\/tr>\n<\/tbody>\n<\/table>\n<p>[\/vc_column_text][\/vc_tta_section][vc_tta_section i_icon_fontawesome=&#8221;fa fa-download&#8221; add_icon=&#8221;true&#8221; title=&#8221;Downloads&#8221; tab_id=&#8221;1513154098935-95c74e4f-fa1e&#8221;][vc_column_text]<a href=\"https:\/\/www.clean-air.cz\/wp-content\/uploads\/2024\/07\/DA-125_704603_Full-face-mask-CM-6P_MP-EN.pdf\"><strong>Datasheet<\/strong>_DA-125_704603_Full face mask CM-6P_MP-EN<\/a><\/p>\n<p><a href=\"https:\/\/www.clean-air.cz\/wp-content\/uploads\/2025\/08\/GR-CNA139-R00-User-Manual-CM06P-CM06MP-DIGI.pdf\"><strong>User Manual<\/strong> &#8211; CM06P CM06MP DIGI<\/a><\/p>\n<p><a href=\"https:\/\/www.clean-air.cz\/wp-content\/uploads\/2025\/08\/GR-CNA142-R00-User-Manual-Protective-Hood-with-Sealing-Gasket-for-CM-6-Mask.pdf\"><strong>User Manual<\/strong> &#8211; Protective Hood with Sealing Gasket for CM-6 Mask<\/a><\/p>\n<p>[\/vc_column_text][\/vc_tta_section][vc_tta_section i_icon_fontawesome=&#8221;fa fa-picture-o&#8221; add_icon=&#8221;true&#8221; title=&#8221;Galerie&#8221; tab_id=&#8221;1515415801460-0c2258c9-4574&#8243;][vc_gallery type=&#8221;image_grid&#8221; images=&#8221;25400,25392,25404,25426,25430,25434&#8243; img_size=&#8221;medium&#8221; css_animation=&#8221;fadeIn&#8221; css=&#8221;.vc_custom_1746529123501{padding-left: 280px !important;}&#8221;][\/vc_tta_section][\/vc_tta_tabs][\/vc_column][\/vc_row][vc_row][vc_column][vc_separator][\/vc_column][\/vc_row][vc_row][vc_column][vc_separator color=&#8221;juicy_pink&#8221;][\/vc_column][\/vc_row]<\/p>\n","protected":false},"excerpt":{"rendered":"<p>[vc_row][vc_column width=&#8221;1\/2&#8243;][vc_gallery interval=&#8221;3&#8243; images=&#8221;25463,25392,25404&#8243; img_size=&#8221;large&#8221;][\/vc_column][vc_column width=&#8221;1\/2&#8243;][vc_column_text]Zuverl\u00e4ssiger Atemschutz f\u00fcr besonders anspruchsvolle Umgebungen Die Schutzmaske CM-6 bietet in Kombination mit einem kompatiblen Filter oder einem CleanAIR\u00ae Gebl\u00e4seatemschutzger\u00e4t einen umfassenden Schutz f\u00fcr Augen, Gesicht und Atemwege. Sie wurde entwickelt, um Anwender vor toxischen Industriechemikalien (TIC), chemischen Kampfstoffen (CWA), radioaktiven Partikeln, Aerosolen sowie Bakterien und Viren zu sch\u00fctzen. Diese leistungsstarke Vollgesichtsmaske ist f\u00fcr kritische Einsatzbereiche ausgelegt und gew\u00e4hrleistet einen sicheren und komfortablen Sitz bei<\/p>\n<p><a class=\"more-link\" href=\"https:\/\/www.clean-air.cz\/de\/hauben\/masken\/cm-6p-cm-6mp\/\">Weiterlesen<\/a><\/p>\n","protected":false},"author":11,"featured_media":0,"parent":3648,"menu_order":0,"comment_status":"closed","ping_status":"closed","template":"","meta":{"footnotes":""},"_links":{"self":[{"href":"https:\/\/www.clean-air.cz\/de\/wp-json\/wp\/v2\/pages\/29179"}],"collection":[{"href":"https:\/\/www.clean-air.cz\/de\/wp-json\/wp\/v2\/pages"}],"about":[{"href":"https:\/\/www.clean-air.cz\/de\/wp-json\/wp\/v2\/types\/page"}],"author":[{"embeddable":true,"href":"https:\/\/www.clean-air.cz\/de\/wp-json\/wp\/v2\/users\/11"}],"replies":[{"embeddable":true,"href":"https:\/\/www.clean-air.cz\/de\/wp-json\/wp\/v2\/comments?post=29179"}],"version-history":[{"count":0,"href":"https:\/\/www.clean-air.cz\/de\/wp-json\/wp\/v2\/pages\/29179\/revisions"}],"up":[{"embeddable":true,"href":"https:\/\/www.clean-air.cz\/de\/wp-json\/wp\/v2\/pages\/3648"}],"wp:attachment":[{"href":"https:\/\/www.clean-air.cz\/de\/wp-json\/wp\/v2\/media?parent=29179"}],"curies":[{"name":"wp","href":"https:\/\/api.w.org\/{rel}","templated":true}]}}