{"id":28181,"date":"2025-11-25T15:20:10","date_gmt":"2025-11-25T14:20:10","guid":{"rendered":"https:\/\/www.clean-air.cz\/hauben\/leichthauben\/universelle-haube-ca-12\/"},"modified":"2026-01-27T08:23:58","modified_gmt":"2026-01-27T07:23:58","slug":"universelle-haube-ca-12","status":"publish","type":"page","link":"https:\/\/www.clean-air.cz\/de\/hauben\/leichthauben\/universelle-haube-ca-12\/","title":{"rendered":"Universelle Haube CA-12"},"content":{"rendered":"<p>[vc_row][vc_column width=&#8221;1\/2&#8243;][vc_gallery interval=&#8221;0&#8243; images=&#8221;28065,28089,28073,28085,28069,28077,28081,28093,28097,28101,28105,28109,28133,28129,28125,28121&#8243; img_size=&#8221;large&#8221;][\/vc_column][vc_column width=&#8221;1\/2&#8243;][vc_column_text]<strong><span style=\"font-size: 14pt; color: #be0300;\">\u00c4u\u00dferst chemikalienbest\u00e4ndige Haube, geeignet zur Kombination mit einem Schutzanzug.<\/span><\/strong><\/p>\n<p><strong>This chemically resistant hood ensures respiratory protection in the most demanding chemical environments.<\/strong><\/p>\n<p>In combination with PAPR or airline systems CleanAIR\u00ae it reaches the highest level of breathing protection. The hood has increased durability and can be decontaminated because of the light laminated fabric with taped seams. It perfectly fits to various head types due to adjustable headgear and comfortable elastic rubber band. The distance of the visor can be individually set, as well as the perimeter of the headgear. The wide panoramic visor with anti-fog coating ensures undisturbed view and provides basic mechanical protection.[\/vc_column_text][\/vc_column][\/vc_row][vc_row][vc_column width=&#8221;1\/4&#8243;][vc_column_text]<img loading=\"lazy\" decoding=\"async\" class=\"alignnone size-medium wp-image-28062\" src=\"https:\/\/www.clean-air.cz\/wp-content\/uploads\/2025\/11\/721202_Long_protective_hood_CA-12_chemically_resistant-iso-300x300.jpg\" alt=\"\" width=\"300\" height=\"300\" srcset=\"https:\/\/www.clean-air.cz\/wp-content\/uploads\/2025\/11\/721202_Long_protective_hood_CA-12_chemically_resistant-iso-300x300.jpg 300w, https:\/\/www.clean-air.cz\/wp-content\/uploads\/2025\/11\/721202_Long_protective_hood_CA-12_chemically_resistant-iso-1024x1024.jpg 1024w, https:\/\/www.clean-air.cz\/wp-content\/uploads\/2025\/11\/721202_Long_protective_hood_CA-12_chemically_resistant-iso-150x150.jpg 150w, https:\/\/www.clean-air.cz\/wp-content\/uploads\/2025\/11\/721202_Long_protective_hood_CA-12_chemically_resistant-iso-768x768.jpg 768w, https:\/\/www.clean-air.cz\/wp-content\/uploads\/2025\/11\/721202_Long_protective_hood_CA-12_chemically_resistant-iso-1536x1536.jpg 1536w, https:\/\/www.clean-air.cz\/wp-content\/uploads\/2025\/11\/721202_Long_protective_hood_CA-12_chemically_resistant-iso-800x800.jpg 800w, https:\/\/www.clean-air.cz\/wp-content\/uploads\/2025\/11\/721202_Long_protective_hood_CA-12_chemically_resistant-iso-250x250.jpg 250w, https:\/\/www.clean-air.cz\/wp-content\/uploads\/2025\/11\/721202_Long_protective_hood_CA-12_chemically_resistant-iso.jpg 1600w\" sizes=\"(max-width: 300px) 100vw, 300px\" \/><\/p>\n<p><span style=\"font-size: 14pt; color: #ff0000;\"><strong>721202<\/strong><\/span><br \/>\nSchutzhaube CA-12 mit Bekleidungsschnittstelle, chemikalienbest\u00e4ndig, gelb[\/vc_column_text][\/vc_column][vc_column width=&#8221;1\/4&#8243;][vc_column_text]<img loading=\"lazy\" decoding=\"async\" class=\"alignnone size-medium wp-image-28066\" src=\"https:\/\/www.clean-air.cz\/wp-content\/uploads\/2025\/11\/721202G_Long_protective_hood_CA-12_chemically_resistant_grey-iso-300x300.jpg\" alt=\"\" width=\"300\" height=\"300\" srcset=\"https:\/\/www.clean-air.cz\/wp-content\/uploads\/2025\/11\/721202G_Long_protective_hood_CA-12_chemically_resistant_grey-iso-300x300.jpg 300w, https:\/\/www.clean-air.cz\/wp-content\/uploads\/2025\/11\/721202G_Long_protective_hood_CA-12_chemically_resistant_grey-iso-1024x1024.jpg 1024w, https:\/\/www.clean-air.cz\/wp-content\/uploads\/2025\/11\/721202G_Long_protective_hood_CA-12_chemically_resistant_grey-iso-150x150.jpg 150w, https:\/\/www.clean-air.cz\/wp-content\/uploads\/2025\/11\/721202G_Long_protective_hood_CA-12_chemically_resistant_grey-iso-768x768.jpg 768w, https:\/\/www.clean-air.cz\/wp-content\/uploads\/2025\/11\/721202G_Long_protective_hood_CA-12_chemically_resistant_grey-iso-1536x1536.jpg 1536w, https:\/\/www.clean-air.cz\/wp-content\/uploads\/2025\/11\/721202G_Long_protective_hood_CA-12_chemically_resistant_grey-iso-800x800.jpg 800w, https:\/\/www.clean-air.cz\/wp-content\/uploads\/2025\/11\/721202G_Long_protective_hood_CA-12_chemically_resistant_grey-iso-250x250.jpg 250w, https:\/\/www.clean-air.cz\/wp-content\/uploads\/2025\/11\/721202G_Long_protective_hood_CA-12_chemically_resistant_grey-iso.jpg 1600w\" sizes=\"(max-width: 300px) 100vw, 300px\" \/><\/p>\n<p><span style=\"font-size: 14pt; color: #ff0000;\"><strong>721203 <\/strong><\/span><br \/>\nSchutzhaube CA-12 mit Bekleidungsschnittstelle, chemikalienbest\u00e4ndig, grau[\/vc_column_text][\/vc_column][vc_column width=&#8221;1\/4&#8243;][vc_column_text]<img loading=\"lazy\" decoding=\"async\" class=\"alignnone size-medium wp-image-28126\" src=\"https:\/\/www.clean-air.cz\/wp-content\/uploads\/2025\/11\/721202W_Long_protective_hood_CA-12_chemically_resistant_white-iso-300x300.jpg\" alt=\"\" width=\"300\" height=\"300\" srcset=\"https:\/\/www.clean-air.cz\/wp-content\/uploads\/2025\/11\/721202W_Long_protective_hood_CA-12_chemically_resistant_white-iso-300x300.jpg 300w, https:\/\/www.clean-air.cz\/wp-content\/uploads\/2025\/11\/721202W_Long_protective_hood_CA-12_chemically_resistant_white-iso-1024x1024.jpg 1024w, https:\/\/www.clean-air.cz\/wp-content\/uploads\/2025\/11\/721202W_Long_protective_hood_CA-12_chemically_resistant_white-iso-150x150.jpg 150w, https:\/\/www.clean-air.cz\/wp-content\/uploads\/2025\/11\/721202W_Long_protective_hood_CA-12_chemically_resistant_white-iso-768x768.jpg 768w, https:\/\/www.clean-air.cz\/wp-content\/uploads\/2025\/11\/721202W_Long_protective_hood_CA-12_chemically_resistant_white-iso-1536x1536.jpg 1536w, https:\/\/www.clean-air.cz\/wp-content\/uploads\/2025\/11\/721202W_Long_protective_hood_CA-12_chemically_resistant_white-iso-800x800.jpg 800w, https:\/\/www.clean-air.cz\/wp-content\/uploads\/2025\/11\/721202W_Long_protective_hood_CA-12_chemically_resistant_white-iso-250x250.jpg 250w, https:\/\/www.clean-air.cz\/wp-content\/uploads\/2025\/11\/721202W_Long_protective_hood_CA-12_chemically_resistant_white-iso.jpg 1600w\" sizes=\"(max-width: 300px) 100vw, 300px\" \/><\/p>\n<p><span style=\"font-size: 14pt; color: #ff0000;\"><strong>721204<\/strong><\/span><br \/>\nSchutzhaube CA-12 mit Bekleidungsschnittstelle, chemikalienbest\u00e4ndig, wei\u00df[\/vc_column_text][\/vc_column][vc_column width=&#8221;1\/4&#8243;][vc_column_text]<img loading=\"lazy\" decoding=\"async\" class=\"alignnone size-medium wp-image-28094\" src=\"https:\/\/www.clean-air.cz\/wp-content\/uploads\/2025\/11\/SAI_9032-Edit-300x300.jpg\" alt=\"\" width=\"300\" height=\"300\" srcset=\"https:\/\/www.clean-air.cz\/wp-content\/uploads\/2025\/11\/SAI_9032-Edit-300x300.jpg 300w, https:\/\/www.clean-air.cz\/wp-content\/uploads\/2025\/11\/SAI_9032-Edit-1024x1024.jpg 1024w, https:\/\/www.clean-air.cz\/wp-content\/uploads\/2025\/11\/SAI_9032-Edit-150x150.jpg 150w, https:\/\/www.clean-air.cz\/wp-content\/uploads\/2025\/11\/SAI_9032-Edit-768x768.jpg 768w, https:\/\/www.clean-air.cz\/wp-content\/uploads\/2025\/11\/SAI_9032-Edit-1536x1536.jpg 1536w, https:\/\/www.clean-air.cz\/wp-content\/uploads\/2025\/11\/SAI_9032-Edit-2048x2048.jpg 2048w, https:\/\/www.clean-air.cz\/wp-content\/uploads\/2025\/11\/SAI_9032-Edit-800x800.jpg 800w, https:\/\/www.clean-air.cz\/wp-content\/uploads\/2025\/11\/SAI_9032-Edit-250x250.jpg 250w\" sizes=\"(max-width: 300px) 100vw, 300px\" \/><\/p>\n<p><span style=\"font-size: 14pt; color: #ff0000;\"><strong>721205<\/strong><\/span><br \/>\nSchutzhaube CA-12 mit Bekleidungsschnittstelle, chemikalienbest\u00e4ndig, oliv[\/vc_column_text][\/vc_column][\/vc_row][vc_row][vc_column][vc_tta_tabs style=&#8221;modern&#8221; shape=&#8221;square&#8221; active_section=&#8221;1&#8243; no_fill_content_area=&#8221;true&#8221; title=&#8221;Details&#8221;][vc_tta_section i_icon_fontawesome=&#8221;fa fa-industry&#8221; add_icon=&#8221;true&#8221; title=&#8221;Anwendungsbereiche&#8221; tab_id=&#8221;1513150336358-68add988-e9ea&#8221;][vc_column_text]<span style=\"color: #be0300;\"><strong>Anwendungsbereiche<\/strong><\/span><\/p>\n<p>Verteidigung und Sicherheitsbeh\u00f6rden, industrielle und chemische Gefahrenzonen, Notfallma\u00dfnahmen und Umgang mit Gefahrstoffen, Forschung und Zivilschutz, Zivilschutz und Feuerwehr.[\/vc_column_text][\/vc_tta_section][vc_tta_section i_icon_fontawesome=&#8221;fa fa-thumbs-o-up&#8221; add_icon=&#8221;true&#8221; title=&#8221;Merkmale und Vorteile&#8221; tab_id=&#8221;1513150336359-b7b65468-8021&#8243;][vc_column_text]<span style=\"color: #be0300;\"><strong>Merkmale und Vorteile<\/strong><\/span><\/p>\n<ul>\n<li data-start=\"584\" data-end=\"617\">\u00dcberragender Atemschutz<\/li>\n<li data-start=\"584\" data-end=\"617\">Dank eines speziellen Kragens wird die Luft weiter in den Anzug geleitet und verhindert so effektiv das Eindringen von Schadstoffen, wodurch ein h\u00f6heres Schutzniveau gew\u00e4hrleistet wird.<\/li>\n<li data-start=\"584\" data-end=\"617\">Robust und dekontaminierbar<\/li>\n<li data-start=\"584\" data-end=\"617\">Der innere antiseptische Stoff nimmt Schwei\u00df auf und sorgt f\u00fcr zus\u00e4tzliche Abdichtung.<\/li>\n<li data-start=\"584\" data-end=\"617\">Gro\u00dfes Sichtfeld mit Antibeschlag-Beschichtung<\/li>\n<li data-start=\"584\" data-end=\"617\">Individuelle Einstellung des Kopftr\u00e4gers<\/li>\n<li data-start=\"584\" data-end=\"617\">Verstellbarer Umfang und Abstand zum Visier f\u00fcr maximalen Tragekomfort.<\/li>\n<li data-start=\"584\" data-end=\"617\">Angenehm zu tragen<\/li>\n<li data-start=\"584\" data-end=\"617\">Dank des gro\u00dfz\u00fcgigen Schnitts und des leichten, aber widerstandsf\u00e4higen Materials.<\/li>\n<li data-start=\"584\" data-end=\"617\">Vollst\u00e4ndiger Augenschutz gem\u00e4\u00df EN 166<\/li>\n<\/ul>\n<p>[\/vc_column_text][\/vc_tta_section][vc_tta_section i_icon_fontawesome=&#8221;fa fa-cog&#8221; add_icon=&#8221;true&#8221; title=&#8221;Kompletts\u00e4tze, Zubeh\u00f6r, Filter&#8221; tab_id=&#8221;1513153137048-5f8c31c5-30ea&#8221;][vc_column_text]<\/p>\n<table style=\"width: 100%; height: 168px;\">\n<tbody>\n<tr style=\"height: 24px;\">\n<td style=\"text-align: left; height: 24px;\" colspan=\"2\"><span style=\"color: #be0300;\"><strong>Kompletts\u00e4tze<\/strong><\/span><\/td>\n<\/tr>\n<tr style=\"height: 24px;\">\n<td style=\"text-align: left; height: 24px;\">Chemikalienbest\u00e4ndige Abzugshaube CA-12, gelb<\/td>\n<td style=\"text-align: left; height: 24px;\">721202<\/td>\n<\/tr>\n<tr style=\"height: 24px;\">\n<td style=\"text-align: left; height: 24px;\">Chemikalienbest\u00e4ndige Abzugshaube CA-12, grau<\/td>\n<td style=\"text-align: left; height: 24px;\">721203<\/td>\n<\/tr>\n<tr>\n<td style=\"text-align: left;\">Chemikalienbest\u00e4ndige Abzugshaube CA-12, wei\u00df<\/td>\n<td style=\"text-align: left;\">721204<\/td>\n<\/tr>\n<tr>\n<td style=\"text-align: left;\">Chemikalienbest\u00e4ndige Abzugshaube CA-12, gr\u00fcn<\/td>\n<td style=\"text-align: left;\">721205<\/td>\n<\/tr>\n<tr style=\"height: 24px;\">\n<td style=\"text-align: left; height: 24px;\" colspan=\"2\"><span style=\"color: #be0300;\"><strong>Zubeh\u00f6r<\/strong><\/span><\/td>\n<\/tr>\n<tr style=\"height: 24px;\">\n<td style=\"height: 24px;\">Schutzfolie \u2013 10 Stk.<\/td>\n<td style=\"height: 24px;\">700120\/10<\/td>\n<\/tr>\n<tr style=\"height: 24px;\">\n<td style=\"height: 24px;\">Schwei\u00dfband CleanAIR f\u00fcr leichte Hauben, Packung mit 5 Stk.<\/td>\n<td style=\"height: 24px;\">167003\/5<\/td>\n<\/tr>\n<tr style=\"height: 24px;\">\n<td style=\"height: 24px;\">Kopftr\u00e4ger f\u00fcr leichte CleanAIR\u00ae-Hauben, verstellbar<\/td>\n<td style=\"height: 24px;\">720001<\/td>\n<\/tr>\n<\/tbody>\n<\/table>\n<p>[\/vc_column_text][\/vc_tta_section][vc_tta_section i_icon_fontawesome=&#8221;fa fa-wrench&#8221; add_icon=&#8221;true&#8221; title=&#8221;Technische Daten&#8221; tab_id=&#8221;1513153797992-792040b0-82c9&#8243;][vc_column_text]<\/p>\n<table style=\"width: 100%;\">\n<tbody>\n<tr>\n<td style=\"text-align: left; width: 34.56%;\"><span style=\"color: #be0300;\"><strong>Gewicht<\/strong><\/span><\/td>\n<td style=\"text-align: left; width: 65.28%;\">205 g<\/td>\n<\/tr>\n<tr>\n<td style=\"text-align: left; width: 34.56%;\"><span style=\"color: #be0300;\"><strong>Material<\/strong><\/span><\/td>\n<td style=\"text-align: left; width: 65.28%;\">Gelb \u2013 laminiertes Polyethylen (PP+PE)<br \/>\nGrau \u2013 Polyethylen-Vliesstoff Tychem\u00ae F<br \/>\nWei\u00df \u2013 Polyester (PES) mit Polyurethan (PU)<br \/>\nVisier \u2013 Cellulosepropionat<\/td>\n<\/tr>\n<tr>\n<td style=\"text-align: left; width: 34.56%;\"><span style=\"color: #be0300;\"><strong>Farbe<\/strong><\/span><\/td>\n<td style=\"text-align: left; width: 65.28%;\">Gelb, Grau, Wei\u00df, Oliv<\/td>\n<\/tr>\n<tr>\n<td style=\"text-align: left; width: 34.56%;\"><span style=\"color: #be0300;\"><strong>Schutzfaktor (NPF)<\/strong><\/span><\/td>\n<td style=\"text-align: left; width: 65.28%;\">EN 12941 &#8211; TH3 \/ 500,\u00a0 EN 14594 &#8211; 3A \/ 200, EN 166 &#8211; 1SF<\/td>\n<\/tr>\n<tr>\n<td style=\"text-align: left; width: 34.56%;\"><span style=\"color: #be0300;\"><strong>Schlauchanschluss<\/strong><\/span><\/td>\n<td style=\"text-align: left; width: 65.28%;\">QuickLOCK\u2122<\/td>\n<\/tr>\n<tr>\n<td style=\"text-align: left; width: 34.56%;\"><span style=\"color: #be0300;\"><strong>Zertifizierung<\/strong><\/span><\/td>\n<td style=\"text-align: left; width: 65.28%;\">Typ 3 EN 14605<br \/>\nTyp 5 EN ISO 13982-1<br \/>\nAntistatisch EN 1149-5<br \/>\nBiologische Barriere EN 14126<br \/>\nGegen radioaktive Kontamination EN 1073-2<\/td>\n<\/tr>\n<\/tbody>\n<\/table>\n<p>[\/vc_column_text][\/vc_tta_section][vc_tta_section i_icon_fontawesome=&#8221;fa fa-download&#8221; add_icon=&#8221;true&#8221; title=&#8221;Downloads&#8221; tab_id=&#8221;1513154098935-95c74e4f-fa1e&#8221;][vc_column_text]<a href=\"https:\/\/www.clean-air.cz\/wp-content\/uploads\/2026\/01\/GR-CNA076-R10-User-Manual-Light-Hoods-DIGI.pdf\">GR-CNA076 R10 &#8211; User Manual &#8211; Light Hoods DIGI<\/a><\/p>\n<p><a href=\"https:\/\/www.clean-air.cz\/wp-content\/uploads\/2025\/12\/DA-140_-_721202721203_-_CA-12_-_EN.pdf\">DA-140_-_721202_721203_-_CA-12_-_EN<\/a>[\/vc_column_text][\/vc_tta_section][vc_tta_section i_icon_fontawesome=&#8221;fa fa-picture-o&#8221; add_icon=&#8221;true&#8221; title=&#8221;Galerie&#8221; tab_id=&#8221;1515415801460-0c2258c9-4574&#8243;][vc_gallery type=&#8221;image_grid&#8221; images=&#8221;28065,28073,28085,28089,28069,28077,28081,28093,28121,28125,28129,28133,28109,28105,28101,28097&#8243; img_size=&#8221;medium&#8221; css_animation=&#8221;fadeIn&#8221; css=&#8221;.vc_custom_1764064149070{padding-left: 280px !important;}&#8221;][\/vc_tta_section][\/vc_tta_tabs][\/vc_column][\/vc_row]<\/p>\n","protected":false},"excerpt":{"rendered":"<p>[vc_row][vc_column width=&#8221;1\/2&#8243;][vc_gallery interval=&#8221;0&#8243; images=&#8221;28065,28089,28073,28085,28069,28077,28081,28093,28097,28101,28105,28109,28133,28129,28125,28121&#8243; img_size=&#8221;large&#8221;][\/vc_column][vc_column width=&#8221;1\/2&#8243;][vc_column_text]\u00c4u\u00dferst chemikalienbest\u00e4ndige Haube, geeignet zur Kombination mit einem Schutzanzug. This chemically resistant hood ensures respiratory protection in the most demanding chemical environments. In combination with PAPR or airline systems CleanAIR\u00ae it reaches the highest level of breathing protection. The hood has increased durability and can be decontaminated because of the light laminated fabric with taped seams. It perfectly fits to various head types due to<\/p>\n<p><a class=\"more-link\" href=\"https:\/\/www.clean-air.cz\/de\/hauben\/leichthauben\/universelle-haube-ca-12\/\">Weiterlesen<\/a><\/p>\n","protected":false},"author":11,"featured_media":0,"parent":3605,"menu_order":0,"comment_status":"closed","ping_status":"closed","template":"","meta":{"footnotes":""},"_links":{"self":[{"href":"https:\/\/www.clean-air.cz\/de\/wp-json\/wp\/v2\/pages\/28181"}],"collection":[{"href":"https:\/\/www.clean-air.cz\/de\/wp-json\/wp\/v2\/pages"}],"about":[{"href":"https:\/\/www.clean-air.cz\/de\/wp-json\/wp\/v2\/types\/page"}],"author":[{"embeddable":true,"href":"https:\/\/www.clean-air.cz\/de\/wp-json\/wp\/v2\/users\/11"}],"replies":[{"embeddable":true,"href":"https:\/\/www.clean-air.cz\/de\/wp-json\/wp\/v2\/comments?post=28181"}],"version-history":[{"count":0,"href":"https:\/\/www.clean-air.cz\/de\/wp-json\/wp\/v2\/pages\/28181\/revisions"}],"up":[{"embeddable":true,"href":"https:\/\/www.clean-air.cz\/de\/wp-json\/wp\/v2\/pages\/3605"}],"wp:attachment":[{"href":"https:\/\/www.clean-air.cz\/de\/wp-json\/wp\/v2\/media?parent=28181"}],"curies":[{"name":"wp","href":"https:\/\/api.w.org\/{rel}","templated":true}]}}