{"id":22738,"date":"2023-11-28T14:54:36","date_gmt":"2023-11-28T13:54:36","guid":{"rendered":"https:\/\/www.clean-air.cz\/hauben\/leichthauben\/ca-1-lite-ca-2-lite\/"},"modified":"2026-01-27T08:17:05","modified_gmt":"2026-01-27T07:17:05","slug":"ca-1-lite-ca-2-lite","status":"publish","type":"page","link":"https:\/\/www.clean-air.cz\/de\/hauben\/leichthauben\/ca-1-lite-ca-2-lite\/","title":{"rendered":"CA-1 Lite, CA-2 Lite"},"content":{"rendered":"<p>[vc_row][vc_column width=&#8221;1\/2&#8243;][vc_gallery interval=&#8221;0&#8243; images=&#8221;19471,19477,19483,19489,19495,19501&#8243; img_size=&#8221;large&#8221;][\/vc_column][vc_column width=&#8221;1\/2&#8243;][vc_column_text]<strong><span style=\"font-size: 14pt; color: #be0300;\">Ultraleichte Einweghaube mit hervorragendem Atemschutz<\/span><\/strong><\/p>\n<p><strong>Wartungsfreie Litehauben sparen Ihnen Reinigungszeit und bieten kompromisslosen Atemschutz. Erh\u00e4ltlich komplett montiert und einzeln verpackt oder in einer kosteng\u00fcnstigen Gro\u00dfpackung.<\/strong><\/p>\n<p>Hergestellt aus leichtem mikropor\u00f6sem Polypropylen und mit breitem Visier. Extra leichte Schutzhaube, die von einem weiten Schnitt und einer einem individuell anpassbaren Kopfband profitiert.[\/vc_column_text][\/vc_column][\/vc_row][vc_row][vc_column][vc_tta_tabs style=&#8221;modern&#8221; shape=&#8221;square&#8221; active_section=&#8221;1&#8243; no_fill_content_area=&#8221;true&#8221; title=&#8221;Details&#8221;][vc_tta_section i_icon_fontawesome=&#8221;fa fa-industry&#8221; add_icon=&#8221;true&#8221; title=&#8221;Anwendungsbereiche&#8221; tab_id=&#8221;1513150336358-68add988-e9ea&#8221;][vc_column_text]<span style=\"color: #be0300;\"><strong>Anwendungsbereiche<\/strong><\/span><\/p>\n<p>Geeignet f\u00fcr den Einsatz in ungiftigen, staubigen Umgebungen in der Fertigungsindustrie, Holzverarbeitung, Lebensmittelindustrie, Bergbau, Landwirtschaft usw.[\/vc_column_text][\/vc_tta_section][vc_tta_section i_icon_fontawesome=&#8221;fa fa-thumbs-o-up&#8221; add_icon=&#8221;true&#8221; title=&#8221;Merkmale und Vorteile&#8221; tab_id=&#8221;1513150336359-b7b65468-8021&#8243;][vc_column_text]<span style=\"color: #be0300;\"><strong>Merkmale und Vorteile<\/strong><\/span><\/p>\n<ul>\n<li>\u00dcberlegener Atemschutz<\/li>\n<li>Breites Visier mit Antifog-Beschichtung<\/li>\n<li>Individuelle Kopfbedeckungseinstellungen \u2013 einstellbarer Umfang und Abstand vom Visier<\/li>\n<li>Angenehmer Tragekomfort durch spacigen Schnitt und leichtes, strapazierf\u00e4higes Material<\/li>\n<li>Grundlegender mechanischer Schutz der Augen<\/li>\n<li>Praktische reflektierende Lasche an der Oberseite<\/li>\n<li>L\u00e4ngere Option CA2-Abdeckungshals verf\u00fcgbar<\/li>\n<li>Geringe Kosten bei einmaliger Nutzung<\/li>\n<\/ul>\n<p>[\/vc_column_text][\/vc_tta_section][vc_tta_section i_icon_fontawesome=&#8221;fa fa-cog&#8221; add_icon=&#8221;true&#8221; title=&#8221;Kompletts\u00e4tze, Zubeh\u00f6r, Filter&#8221; tab_id=&#8221;1513153137048-5f8c31c5-30ea&#8221;][vc_column_text]<\/p>\n<table style=\"width: 100%; height: 336px;\">\n<tbody>\n<tr style=\"height: 24px;\">\n<td style=\"width: 99.84%; height: 24px;\" colspan=\"2\"><span style=\"color: #be0300;\"><strong>Complete hoods<\/strong><\/span><\/td>\n<\/tr>\n<tr style=\"height: 24px;\">\n<td style=\"width: 76.96%; height: 24px;\">Short hood CA-1 Lite<\/td>\n<td style=\"width: 22.88%; height: 24px;\">720101<\/td>\n<\/tr>\n<tr style=\"height: 24px;\">\n<td style=\"width: 76.96%; height: 24px;\">Long hood CA-2 Lite<\/td>\n<td style=\"width: 22.88%; height: 24px;\">720201<\/td>\n<\/tr>\n<tr style=\"height: 24px;\">\n<td style=\"width: 76.96%; height: 24px;\">Sweatband for light hoods pack of 5 pcs<\/td>\n<td style=\"width: 22.88%; height: 24px;\">16 70 03\/5<\/td>\n<\/tr>\n<tr style=\"height: 24px;\">\n<td style=\"width: 76.96%; height: 24px;\">Protection foil \u2013 10 pcs<\/td>\n<td style=\"width: 22.88%; height: 24px;\">70 01 20\/10<\/td>\n<\/tr>\n<tr style=\"height: 24px;\">\n<td style=\"width: 76.96%; height: 24px;\">Headgear for light hoods CleanAIR\u00ae, adjustable<\/td>\n<td style=\"width: 22.88%; height: 24px;\">72 00 01<\/td>\n<\/tr>\n<\/tbody>\n<\/table>\n<p>[\/vc_column_text][\/vc_tta_section][vc_tta_section i_icon_fontawesome=&#8221;fa fa-wrench&#8221; add_icon=&#8221;true&#8221; title=&#8221;Technische Daten&#8221; tab_id=&#8221;1513153797992-792040b0-82c9&#8243;][vc_column_text]<\/p>\n<table>\n<tbody>\n<tr>\n<td style=\"text-align: left;\"><span style=\"color: #be0300;\"><strong>Gewicht<\/strong><\/span><\/td>\n<td style=\"text-align: center;\">76 g (CA-1 Lite) \/ 107 g (CA-2 Lite)<\/td>\n<\/tr>\n<tr>\n<td style=\"text-align: left;\"><span style=\"color: #be0300;\"><strong>Material<\/strong><\/span><\/td>\n<td style=\"text-align: center;\">Haube \u2013 mikropor\u00f6ses Polypropylen<br \/>\nVisier &#8211; Polyethylenterephthalat (PET)<\/td>\n<\/tr>\n<tr>\n<td style=\"text-align: left;\"><span style=\"color: #be0300;\"><strong>Farbe<\/strong><\/span><\/td>\n<td style=\"text-align: center;\">Wei\u00df<\/td>\n<\/tr>\n<tr>\n<td style=\"text-align: left;\"><span style=\"color: #be0300;\"><strong>Nennschutzfaktor\u00a0(NPF)<\/strong><\/span><\/td>\n<td style=\"text-align: center;\">500<\/td>\n<\/tr>\n<tr>\n<td style=\"text-align: left;\"><span style=\"color: #be0300;\"><strong>Hose connection<\/strong><\/span><\/td>\n<td style=\"text-align: center;\">QuickLOCK\u2122<\/td>\n<\/tr>\n<tr>\n<td style=\"text-align: left;\"><span style=\"color: #be0300;\"><strong>Zertifizierung<\/strong><\/span><\/td>\n<td style=\"text-align: center;\">EN 12941 TH3<br \/>\nEN 14594 3A<\/td>\n<\/tr>\n<\/tbody>\n<\/table>\n<p>[\/vc_column_text][\/vc_tta_section][vc_tta_section i_icon_fontawesome=&#8221;fa fa-download&#8221; add_icon=&#8221;true&#8221; title=&#8221;Downloads&#8221; tab_id=&#8221;1513154098935-95c74e4f-fa1e&#8221;][vc_column_text]<a href=\"https:\/\/www.clean-air.cz\/wp-content\/uploads\/2026\/01\/GR-CNA076-R10-User-Manual-Light-Hoods-DIGI.pdf\">User Manual &#8211; Light Hoods DIGI<\/a><\/p>\n<p><a href=\"https:\/\/www.clean-air.cz\/wp-content\/uploads\/2021\/04\/DA-001_-_720101_-_CA-1_Lite_-_EN.pdf\" target=\"_blank\" rel=\"noopener\">Datasheet &#8211; 720101 &#8211; CA-1 Lite &#8211; EN<\/a><\/p>\n<p><a href=\"https:\/\/www.clean-air.cz\/wp-content\/uploads\/2024\/10\/DA-095_-_720201_-_CA-2_Lite_-_EN.pdf\">Datasheet_-_720201_-_CA-2_Lite_-_EN<\/a><\/p>\n<p><a href=\"https:\/\/www.clean-air.cz\/wp-content\/uploads\/2025\/11\/PS-720201-1-R2-CA-2-Lite.pdf\">PS-720201-1-R2 CA-2 Lite<\/a>[\/vc_column_text][\/vc_tta_section][vc_tta_section i_icon_fontawesome=&#8221;fa fa-picture-o&#8221; add_icon=&#8221;true&#8221; title=&#8221;Galerie&#8221; tab_id=&#8221;1515415801460-0c2258c9-4574&#8243;][vc_gallery type=&#8221;image_grid&#8221; images=&#8221;19471,19477,19483,19489,19495,19501&#8243; img_size=&#8221;medium&#8221; css_animation=&#8221;fadeIn&#8221; css=&#8221;.vc_custom_1677758582557{padding-left: 280px !important;}&#8221;][\/vc_tta_section][\/vc_tta_tabs][\/vc_column][\/vc_row]<\/p>\n","protected":false},"excerpt":{"rendered":"<p>[vc_row][vc_column width=&#8221;1\/2&#8243;][vc_gallery interval=&#8221;0&#8243; images=&#8221;19471,19477,19483,19489,19495,19501&#8243; img_size=&#8221;large&#8221;][\/vc_column][vc_column width=&#8221;1\/2&#8243;][vc_column_text]Ultraleichte Einweghaube mit hervorragendem Atemschutz Wartungsfreie Litehauben sparen Ihnen Reinigungszeit und bieten kompromisslosen Atemschutz. Erh\u00e4ltlich komplett montiert und einzeln verpackt oder in einer kosteng\u00fcnstigen Gro\u00dfpackung. Hergestellt aus leichtem mikropor\u00f6sem Polypropylen und mit breitem Visier. Extra leichte Schutzhaube, die von einem weiten Schnitt und einer einem individuell anpassbaren Kopfband profitiert.[\/vc_column_text][\/vc_column][\/vc_row][vc_row][vc_column][vc_tta_tabs style=&#8221;modern&#8221; shape=&#8221;square&#8221; active_section=&#8221;1&#8243; no_fill_content_area=&#8221;true&#8221; title=&#8221;Details&#8221;][vc_tta_section i_icon_fontawesome=&#8221;fa fa-industry&#8221; add_icon=&#8221;true&#8221; title=&#8221;Anwendungsbereiche&#8221; tab_id=&#8221;1513150336358-68add988-e9ea&#8221;][vc_column_text]Anwendungsbereiche Geeignet f\u00fcr den Einsatz in ungiftigen,<\/p>\n<p><a class=\"more-link\" href=\"https:\/\/www.clean-air.cz\/de\/hauben\/leichthauben\/ca-1-lite-ca-2-lite\/\">Weiterlesen<\/a><\/p>\n","protected":false},"author":11,"featured_media":0,"parent":3605,"menu_order":0,"comment_status":"closed","ping_status":"closed","template":"","meta":{"footnotes":""},"_links":{"self":[{"href":"https:\/\/www.clean-air.cz\/de\/wp-json\/wp\/v2\/pages\/22738"}],"collection":[{"href":"https:\/\/www.clean-air.cz\/de\/wp-json\/wp\/v2\/pages"}],"about":[{"href":"https:\/\/www.clean-air.cz\/de\/wp-json\/wp\/v2\/types\/page"}],"author":[{"embeddable":true,"href":"https:\/\/www.clean-air.cz\/de\/wp-json\/wp\/v2\/users\/11"}],"replies":[{"embeddable":true,"href":"https:\/\/www.clean-air.cz\/de\/wp-json\/wp\/v2\/comments?post=22738"}],"version-history":[{"count":0,"href":"https:\/\/www.clean-air.cz\/de\/wp-json\/wp\/v2\/pages\/22738\/revisions"}],"up":[{"embeddable":true,"href":"https:\/\/www.clean-air.cz\/de\/wp-json\/wp\/v2\/pages\/3605"}],"wp:attachment":[{"href":"https:\/\/www.clean-air.cz\/de\/wp-json\/wp\/v2\/media?parent=22738"}],"curies":[{"name":"wp","href":"https:\/\/api.w.org\/{rel}","templated":true}]}}