{"id":20935,"date":"2023-08-24T14:12:41","date_gmt":"2023-08-24T12:12:41","guid":{"rendered":"https:\/\/www.clean-air.cz\/panoramate-lite\/"},"modified":"2026-01-27T09:27:18","modified_gmt":"2026-01-27T08:27:18","slug":"panoramate-lite","status":"publish","type":"page","link":"https:\/\/www.clean-air.cz\/de\/panoramate-lite\/","title":{"rendered":"Panoramate lite"},"content":{"rendered":"<p>[vc_row][vc_column width=&#8221;1\/2&#8243;][vc_gallery interval=&#8221;0&#8243; images=&#8221;18351,18345,18339,18393,18387,18357,18375,18369&#8243; img_size=&#8221;large&#8221;][\/vc_column][vc_column width=&#8221;1\/2&#8243;][vc_column_text]<\/p>\n<p><strong><span style=\"font-size: 14pt; color: #be0300;\" data-mce-style=\"font-size: 14pt; color: #be0300;\">Au\u00dfergew\u00f6hnlicher Ganzk\u00f6rper- und Atemschutz<\/span><\/strong><\/p>\n<p>Au\u00dfergew\u00f6hnlicher Ganzk\u00f6rper- und Atemschutz f\u00fcr stark kontaminierte Umgebungen. Konzipiert f\u00fcr die Verwendung mit dem elektrisch betriebenen Atemschutzger\u00e4t CleanAIR\u00ae Chemical 2F. Maximale Haltbarkeit, geringes Gewicht, hervorragendes Sichtfeld und Atemfreiheit garantieren au\u00dfergew\u00f6hnlichen Komfort f\u00fcr den Benutzer.<\/p>\n<p>[\/vc_column_text][\/vc_column][\/vc_row][vc_row][vc_column width=&#8221;1\/4&#8243;][vc_column_text]<\/p>\n<p><strong><span style=\"font-size: 14pt; color: #be0300;\" data-mce-style=\"font-size: 14pt; color: #be0300;\">Wie es funktioniert?&nbsp;<\/span><\/strong><\/p>\n<p>Die gefilterte Luft wird direkt in den Overall geleitet, w\u00e4hrend der \u00dcberschuss und die ausgeatmete Luft einen \u00dcberdruck erzeugen. Der PAPR inklusive Filter bleibt gesch\u00fctzt unter dem Overall. Die Verbindung zwischen Anzug und Filter wird durch spezielle Kleider\u00f6sen hergestellt. Diese Konstruktionsl\u00f6sung erm\u00f6glicht einen kontinuierlichen Atemschutz auch w\u00e4hrend des Ausziehens des Anzugs.<\/p>\n<p style=\"text-align: center;\" data-mce-style=\"text-align: center;\"><img loading=\"lazy\" decoding=\"async\" class=\"size-medium wp-image-18371 aligncenter\" src=\"https:\/\/www.clean-air.cz\/wp-content\/uploads\/2023\/01\/923550_Panoramate-3550-Lite-detail2-300x300.jpg\" alt=\"\" width=\"300\" height=\"300\" data-mce-src=\"https:\/\/www.clean-air.cz\/wp-content\/uploads\/2023\/01\/923550_Panoramate-3550-Lite-detail2-300x300.jpg\" srcset=\"https:\/\/www.clean-air.cz\/wp-content\/uploads\/2023\/01\/923550_Panoramate-3550-Lite-detail2-300x300.jpg 300w, https:\/\/www.clean-air.cz\/wp-content\/uploads\/2023\/01\/923550_Panoramate-3550-Lite-detail2-1024x1024.jpg 1024w, https:\/\/www.clean-air.cz\/wp-content\/uploads\/2023\/01\/923550_Panoramate-3550-Lite-detail2-150x150.jpg 150w, https:\/\/www.clean-air.cz\/wp-content\/uploads\/2023\/01\/923550_Panoramate-3550-Lite-detail2-768x768.jpg 768w, https:\/\/www.clean-air.cz\/wp-content\/uploads\/2023\/01\/923550_Panoramate-3550-Lite-detail2-1536x1536.jpg 1536w, https:\/\/www.clean-air.cz\/wp-content\/uploads\/2023\/01\/923550_Panoramate-3550-Lite-detail2-800x800.jpg 800w, https:\/\/www.clean-air.cz\/wp-content\/uploads\/2023\/01\/923550_Panoramate-3550-Lite-detail2-250x250.jpg 250w, https:\/\/www.clean-air.cz\/wp-content\/uploads\/2023\/01\/923550_Panoramate-3550-Lite-detail2.jpg 1600w\" sizes=\"(max-width: 300px) 100vw, 300px\" \/><\/p>\n<p>[\/vc_column_text][\/vc_column][vc_column parallax=&#8221;content-moving-fade&#8221; width=&#8221;3\/4&#8243;][vc_column_text css=&#8221;.vc_custom_1674213240518{border-radius: 5px !important;}&#8221;]<\/p>\n<p style=\"text-align: center;\" data-mce-style=\"text-align: center;\"><strong><span style=\"font-size: 14pt; color: #be0300;\" data-mce-style=\"font-size: 14pt; color: #be0300;\">Zwei Produktvarianten <\/span><\/strong><\/p>\n<table style=\"border-style: none;\" data-mce-style=\"border-style: none;\" class=\"mce-item-table\">\n<tbody>\n<tr>\n<td><img loading=\"lazy\" decoding=\"async\" class=\"size-medium wp-image-18416 aligncenter\" src=\"https:\/\/www.clean-air.cz\/wp-content\/uploads\/2023\/01\/923550_Panoramate-3550-Lite-front-half-207x300.jpg\" alt=\"\" width=\"207\" height=\"300\" data-mce-src=\"https:\/\/www.clean-air.cz\/wp-content\/uploads\/2023\/01\/923550_Panoramate-3550-Lite-front-half-207x300.jpg\" srcset=\"https:\/\/www.clean-air.cz\/wp-content\/uploads\/2023\/01\/923550_Panoramate-3550-Lite-front-half-207x300.jpg 207w, https:\/\/www.clean-air.cz\/wp-content\/uploads\/2023\/01\/923550_Panoramate-3550-Lite-front-half.jpg 702w\" sizes=\"(max-width: 207px) 100vw, 207px\" \/><\/td>\n<td><img loading=\"lazy\" decoding=\"async\" class=\"size-medium wp-image-18422 aligncenter\" src=\"https:\/\/www.clean-air.cz\/wp-content\/uploads\/2023\/01\/922550_Panoramate-2550-Lite-front-half-227x300.jpg\" alt=\"\" width=\"227\" height=\"300\" data-mce-src=\"https:\/\/www.clean-air.cz\/wp-content\/uploads\/2023\/01\/922550_Panoramate-2550-Lite-front-half-227x300.jpg\" srcset=\"https:\/\/www.clean-air.cz\/wp-content\/uploads\/2023\/01\/922550_Panoramate-2550-Lite-front-half-227x300.jpg 227w, https:\/\/www.clean-air.cz\/wp-content\/uploads\/2023\/01\/922550_Panoramate-2550-Lite-front-half.jpg 747w\" sizes=\"(max-width: 227px) 100vw, 227px\" \/><\/td>\n<\/tr>\n<tr>\n<td><span style=\"font-size: 10pt;\" data-mce-style=\"font-size: 10pt;\"><strong><span style=\"color: #be0300;\" data-mce-style=\"color: #be0300;\">Panoramate 3550 Lite<\/span><\/strong><\/span><br \/><span style=\"font-size: 10pt; color: #be0300;\" data-mce-style=\"font-size: 10pt; color: #be0300;\">(Gelb)<\/span><\/td>\n<td><span style=\"font-size: 10pt;\" data-mce-style=\"font-size: 10pt;\"><strong><span style=\"color: #be0300;\" data-mce-style=\"color: #be0300;\">Panoramate 2550 Lite&nbsp;<\/span><\/strong><\/span><br \/><span style=\"font-size: 10pt; color: #be0300;\" data-mce-style=\"font-size: 10pt; color: #be0300;\">(Wei\u00df)<\/span><\/td>\n<\/tr>\n<tr>\n<td>Der Overall besteht aus antistatischem CPM\u00ae-Material und bietet optimalen Schutz gegen feste und fl\u00fcssige Aerosole sowie fl\u00fcssige Chemikalien bei einem Druck von bis zu 2 bar, einschlie\u00dflich radioaktiver und biologischer Kontamination.<\/td>\n<td>Der Overall besteht aus antistatischem CMF-Material und bietet optimalen Schutz vor festen und fl\u00fcssigen Aerosolen, einschlie\u00dflich radioaktiver und biologischer Kontamination.<\/td>\n<\/tr>\n<\/tbody>\n<\/table>\n<p>[\/vc_column_text][\/vc_column][\/vc_row][vc_row equal_height=&#8221;yes&#8221; content_placement=&#8221;top&#8221;][vc_column width=&#8221;1\/4&#8243;][vc_single_image image=&#8221;18411&#8243; img_size=&#8221;full&#8221;][\/vc_column][vc_column width=&#8221;3\/4&#8243;][vc_column_text]<strong><span style=\"font-size: 14pt; color: #be0300;\"><span style=\"vertical-align: inherit;\">Eigenschaften des Panoramate 2550\/3550 Lite-Overalls<\/span><\/span><\/strong><\/p>\n<p><span style=\"color: #be0300;\"><strong>UNBEGRENZTE VISION<\/strong> <\/span>\u2013 Das Panoramavisier sorgt f\u00fcr ein weites Sichtfeld.<br \/>\n<strong><span style=\"color: #be0300;\">SICHERHEIT<\/span><\/strong> \u2013 Notfall-Rei\u00dfleine.<br \/>\n<span style=\"color: #be0300;\"><strong>EINFACHES AN- UND AUSZIEHEN<\/strong><\/span> \u2013 Transverse front entry opening with zipper. Double zipper storm flap.<br \/>\n<strong><span style=\"color: #be0300;\">BEWEGUNGSFREIHEIT<\/span> <\/strong>\u2013 Elastische Rippb\u00fcndchen an Taille und Brust f\u00fcr bessere Beweglichkeit.<br \/>\n<strong><span style=\"color: #be0300;\">LUFTDICHT<\/span><\/strong> \u2013 Vollst\u00e4ndig versiegelte N\u00e4hte<br \/>\n<strong><span style=\"color: #be0300;\">FESTE VERBINDUNG<\/span><\/strong> \u2013 Doppelte elastische B\u00fcndchen.<br \/>\n<strong><span style=\"color: #be0300;\">AUSATMVENTIL<\/span><\/strong> \u2013 H\u00e4lt den optimalen Druck im Anzug \u00fcber den gesamten Bewegungsbereich aufrecht.<br \/>\n<strong><span style=\"color: #be0300;\">FESTE VERBINDUNG<\/span><\/strong> \u2013 Befestigte Socken mit Stiefelklappen.<br \/>\n<strong><span style=\"color: #be0300;\">SICHERE SCHNITTSTELLE<\/span><\/strong> \u2013 Einfache und sichere Verbindung von Overall und PAPR dank spezieller Kleidungst\u00fcllen.[\/vc_column_text][\/vc_column][\/vc_row][vc_row][vc_column][vc_tta_tabs style=&#8221;modern&#8221; shape=&#8221;square&#8221; active_section=&#8221;1&#8243; no_fill_content_area=&#8221;true&#8221; title=&#8221;Details&#8221;][vc_tta_section i_icon_fontawesome=&#8221;fa fa-industry&#8221; add_icon=&#8221;true&#8221; title=&#8221;Anwendungsbereiche&#8221; tab_id=&#8221;1513150336358-68add988-e9ea&#8221;][vc_column_text]<\/p>\n<p><span style=\"color: #be0300;\" data-mce-style=\"color: #be0300;\"><strong>Anwendungsbereiche<\/strong><\/span><\/p>\n<p>\u2022 Ersthelfer und Notfallteams<br \/>\u2022 Viraler und biologischer Schutz<br \/>\u2022 Sanierungsma\u00dfnahmen<br \/>\u2022 Nuklearindustrie<br \/>\u2022 Labore<br \/>\u2022 Pharmaindustrie<\/p>\n<p><\/p>\n<p><\/p>\n<p>[\/vc_column_text][\/vc_tta_section][vc_tta_section i_icon_fontawesome=&#8221;fa fa-thumbs-o-up&#8221; add_icon=&#8221;true&#8221; title=&#8221;Merkmale und Vorteile&#8221; tab_id=&#8221;1513150336359-b7b65468-8021&#8243;][vc_column_text]<span style=\"color: #be0300;\"><strong>Merkmale und Vorteile<\/strong><\/span><\/p>\n<ul>\n<li>Das Panoramavisier sorgt f\u00fcr ein weites Sichtfeld<\/li>\n<li>Notfall-Rei\u00dfleine<\/li>\n<li>Quereinstieg vorne mit Rei\u00dfverschluss. Sturmklappe mit doppeltem Rei\u00dfverschluss<\/li>\n<li>Elastische Rippb\u00fcndchen an Taille und Brust f\u00fcr bessere Beweglichkeit<\/li>\n<li>Vollst\u00e4ndig versiegelte N\u00e4hte<\/li>\n<li>H\u00e4lt den optimalen Druck im Anzug \u00fcber den gesamten Bewegungsbereich aufrecht<\/li>\n<li>Einfache und sichere Verbindung von Overall und PAPR dank spezieller Kleidungst\u00fcllen<\/li>\n<\/ul>\n<p>[\/vc_column_text][\/vc_tta_section][vc_tta_section i_icon_fontawesome=&#8221;fa fa-cog&#8221; add_icon=&#8221;true&#8221; title=&#8221;Kompletts\u00e4tze, Zubeh\u00f6r, Filter&#8221; tab_id=&#8221;1513153137048-5f8c31c5-30ea&#8221;][vc_column_text]<\/p>\n<table style=\"width: 96.4775%; height: 120px;\" data-mce-style=\"width: 96.4775%; height: 120px;\" class=\"mce-item-table\">\n<tbody>\n<tr style=\"height: 24px;\" data-mce-style=\"height: 24px;\">\n<td style=\"text-align: left; width: 104.759%; height: 24px;\" colspan=\"2\" data-mce-style=\"text-align: left; width: 104.759%; height: 24px;\"><span style=\"color: #be0300;\" data-mce-style=\"color: #be0300;\"><strong>Schutzanzug<\/strong><\/span><\/td>\n<\/tr>\n<tr style=\"height: 24px;\" data-mce-style=\"height: 24px;\">\n<td style=\"text-align: left; width: 76.5402%; height: 24px;\" data-mce-style=\"text-align: left; width: 76.5402%; height: 24px;\">CleanAIR\u00ae Panoramate 2550 Lite Schutzoverall, Gr\u00f6\u00dfe S, M, L, XL<\/td>\n<td style=\"width: 28.2189%; height: 24px; text-align: left;\" data-mce-style=\"width: 28.2189%; height: 24px; text-align: left;\">92 25 50*<\/td>\n<\/tr>\n<tr style=\"height: 24px;\" data-mce-style=\"height: 24px;\">\n<td style=\"text-align: left; width: 76.5402%; height: 24px;\" data-mce-style=\"text-align: left; width: 76.5402%; height: 24px;\">Panoramate 3550 Lite Schutzoverall, Gr\u00f6\u00dfe S, M, L, XL<\/td>\n<td style=\"width: 28.2189%; height: 24px; text-align: left;\" data-mce-style=\"width: 28.2189%; height: 24px; text-align: left;\">92 35 50*<\/td>\n<\/tr>\n<tr style=\"height: 24px;\" data-mce-style=\"height: 24px;\">\n<td style=\"text-align: left; width: 104.759%; height: 24px;\" colspan=\"2\" data-mce-style=\"text-align: left; width: 104.759%; height: 24px;\">* Buchstaben an der Position * geben die Gr\u00f6\u00dfe des Overalls an<\/td>\n<\/tr>\n<\/tbody>\n<\/table>\n<table style=\"width: 96.4788%; height: 216px;\" class=\"mce-item-table\" data-mce-style=\"width: 96.4788%; height: 216px;\">\n<tbody>\n<tr style=\"height: 24px;\" data-mce-style=\"height: 24px;\">\n<td style=\"text-align: left; width: 105.074%; height: 24px;\" colspan=\"2\"><span style=\"color: #be0300;\" data-mce-style=\"color: #be0300;\"><strong>Ersatzteile \/ Zubeh\u00f6r<\/strong><\/span><\/td>\n<\/tr>\n<tr style=\"height: 24px;\" data-mce-style=\"height: 24px;\">\n<td style=\"text-align: left; width: 76.821%; height: 24px;\">CleanAIR\u00ae Chemical 2F \u2013 mit Komfortgurt, Akku, Ladeger\u00e4t und Durchflussanzeige<\/td>\n<td style=\"width: 28.2531%; height: 24px; text-align: left;\">51 00 00 FCA<\/td>\n<\/tr>\n<tr style=\"height: 24px;\" data-mce-style=\"height: 24px;\">\n<td style=\"text-align: left; width: 76.821%; height: 24px;\">CleanAIR\u00ae Chemical 2F \u2013 mit dekont. PVC-G\u00fcrtel, Akku, Ladeger\u00e4t und Durchflussanzeige<\/td>\n<td style=\"width: 28.2531%; height: 24px; text-align: left;\">51 00 00 FDA<\/td>\n<\/tr>\n<tr style=\"height: 24px;\" data-mce-style=\"height: 24px;\">\n<td style=\"text-align: left; width: 76.821%; height: 24px;\">QuickLOCK\u2122 Light Flexschlauch<\/td>\n<td style=\"width: 28.2531%; height: 24px; text-align: left;\">71 00 60<\/td>\n<\/tr>\n<tr style=\"height: 24px;\">\n<td style=\"text-align: left; width: 76.821%; height: 24px;\">Kleidert\u00fclle<\/td>\n<td style=\"width: 28.2531%; text-align: left; height: 24px;\">70 00 55<\/td>\n<\/tr>\n<tr style=\"height: 24px;\">\n<td style=\"text-align: left; width: 76.821%; height: 24px;\">Filter ZERO, mit zwei Gewinden RD40x1\/7\u201c, 5er Pack<\/td>\n<td style=\"width: 28.2531%; text-align: left; height: 24px;\">50 02 49\/5<\/td>\n<\/tr>\n<tr style=\"height: 24px;\">\n<td style=\"text-align: left; width: 76.821%; height: 24px;\">Filter A2P3 ZERO, mit zwei Gewinden RD40x1\/7\u201c, 3er Pack<\/td>\n<td style=\"width: 28.2531%; text-align: left; height: 24px;\">50 02 57\/3<\/td>\n<\/tr>\n<tr style=\"height: 24px;\">\n<td style=\"text-align: left; width: 76.821%; height: 24px;\">Filter ABC &#8211; A2B2E2K2P3, mit zwei Gewinden RD40x1\/7\u201c, 3er-Pack<\/td>\n<td style=\"width: 28.2531%; text-align: left; height: 24px;\">50 02 65X\/3<\/td>\n<\/tr>\n<tr style=\"height: 24px;\">\n<td style=\"text-align: left; width: 76.821%; height: 24px;\">Filter A2B2E2K2P3 ZERO, mit zwei Gewinden RD40x1\/7\u201c, 3er Pack<\/td>\n<td style=\"width: 28.2531%; text-align: left; height: 24px;\">50 02 68\/3<\/td>\n<\/tr>\n<\/tbody>\n<\/table>\n<p>[\/vc_column_text][\/vc_tta_section][vc_tta_section i_icon_fontawesome=&#8221;fa fa-wrench&#8221; add_icon=&#8221;true&#8221; title=&#8221;Technische Daten&#8221; tab_id=&#8221;1513153797992-792040b0-82c9&#8243;][vc_column_text]<\/p>\n<table style=\"border-collapse: collapse; width: 100%;\">\n<tbody>\n<tr>\n<td style=\"width: 33.3333%;\"><\/td>\n<td style=\"width: 33.3333%;\"><strong>Panoramate 2550 Lite<\/strong><\/td>\n<td style=\"width: 33.3333%;\"><strong>Panoramate 3550 Lite<\/strong><\/td>\n<\/tr>\n<tr>\n<td style=\"width: 33.3333%;\">Standard<\/td>\n<td style=\"width: 33.3333%;\">Klasse EN<\/td>\n<td style=\"width: 33.3333%;\">Klasse EN<\/td>\n<\/tr>\n<tr>\n<td style=\"width: 33.3333%;\">EN 12941+A1:2009<\/td>\n<td style=\"width: 33.3333%;\">TH3<\/td>\n<td style=\"width: 33.3333%;\">TH3<\/td>\n<\/tr>\n<tr>\n<td style=\"width: 33.3333%;\">EN 1073-1:2019<\/td>\n<td style=\"width: 33.3333%;\">Klasse 3<\/td>\n<td style=\"width: 33.3333%;\">Klasse 3<\/td>\n<\/tr>\n<tr>\n<td style=\"width: 33.3333%;\">EN 14605+A1-1:2009<\/td>\n<td style=\"width: 33.3333%;\">Typ 4<\/td>\n<td style=\"width: 33.3333%;\">Typ 3 und 4<\/td>\n<\/tr>\n<tr>\n<td style=\"width: 33.3333%;\">EN ISO 13982-1:2004<\/td>\n<td style=\"width: 33.3333%;\">Typ 5<\/td>\n<td style=\"width: 33.3333%;\">Typ 5<\/td>\n<\/tr>\n<tr>\n<td style=\"width: 33.3333%;\">EN 13034+A1:2009<\/td>\n<td style=\"width: 33.3333%;\">Typ 6<\/td>\n<td style=\"width: 33.3333%;\">Typ 6<\/td>\n<\/tr>\n<tr>\n<td style=\"width: 33.3333%;\">EN 14126:2004<\/td>\n<td style=\"width: 33.3333%;\">4-B, 5-B, 6-B<\/td>\n<td style=\"width: 33.3333%;\">3-B, 4-B, 5-B, 6-B<\/td>\n<\/tr>\n<\/tbody>\n<\/table>\n<p>[\/vc_column_text][\/vc_tta_section][vc_tta_section i_icon_fontawesome=&#8221;fa fa-download&#8221; add_icon=&#8221;true&#8221; title=&#8221;Downloads&#8221; tab_id=&#8221;1513154098935-95c74e4f-fa1e&#8221;][vc_column_text]<a href=\"https:\/\/www.clean-air.cz\/wp-content\/uploads\/2023\/09\/User-manual-CNA-123-R00-Panoramate-lite-Protective-Coverall_840x592_DIGI.pdf\">2022_Panoramate_Lite_Brochure (EN)<\/a><\/p>\n<p><a href=\"https:\/\/www.clean-air.cz\/wp-content\/uploads\/2023\/09\/User-manual-CNA-123-R00-Panoramate-lite-Protective-Coverall_840x592_DIGI.pdf\">Panoramate Lite &#8211; User-manual<\/a><\/p>\n<p><a href=\"https:\/\/www.clean-air.cz\/wp-content\/uploads\/2025\/05\/DA-116_-_922550923550_-_Panoramate-Lite-_EN.pdf\">Datasheet_-_Panoramate-Lite-_EN<\/a><\/p>\n<p><a href=\"https:\/\/www.clean-air.cz\/wp-content\/uploads\/2023\/06\/PS-922550-1-R0-Panoramate-2550-lite.pdf\">Declaration of Conformity Panoramate 2550 lite<\/a><\/p>\n<p><a href=\"https:\/\/www.clean-air.cz\/wp-content\/uploads\/2023\/06\/PS-923550-1-R0-Panoramate-3550-lite.pdf\">Declaration of Conformity Panoramate 3550 lite<\/a>[\/vc_column_text][\/vc_tta_section][vc_tta_section i_icon_fontawesome=&#8221;fa fa-picture-o&#8221; add_icon=&#8221;true&#8221; title=&#8221;Galerie&#8221; tab_id=&#8221;1515415801460-0c2258c9-4574&#8243;][vc_gallery type=&#8221;image_grid&#8221; images=&#8221;18393,18387,18381,18375,18363,18357,18351,18345,18339,18369&#8243; img_size=&#8221;medium&#8221; css_animation=&#8221;fadeIn&#8221; css=&#8221;.vc_custom_1674139294896{padding-left: 280px !important;}&#8221;][\/vc_tta_section][\/vc_tta_tabs][\/vc_column][\/vc_row]<\/p>\n","protected":false},"excerpt":{"rendered":"<p>[vc_row][vc_column width=&#8221;1\/2&#8243;][vc_gallery interval=&#8221;0&#8243; images=&#8221;18351,18345,18339,18393,18387,18357,18375,18369&#8243; img_size=&#8221;large&#8221;][\/vc_column][vc_column width=&#8221;1\/2&#8243;][vc_column_text] Au\u00dfergew\u00f6hnlicher Ganzk\u00f6rper- und Atemschutz Au\u00dfergew\u00f6hnlicher Ganzk\u00f6rper- und Atemschutz f\u00fcr stark kontaminierte Umgebungen. Konzipiert f\u00fcr die Verwendung mit dem elektrisch betriebenen Atemschutzger\u00e4t CleanAIR\u00ae Chemical 2F. Maximale Haltbarkeit, geringes Gewicht, hervorragendes Sichtfeld und Atemfreiheit garantieren au\u00dfergew\u00f6hnlichen Komfort f\u00fcr den Benutzer. [\/vc_column_text][\/vc_column][\/vc_row][vc_row][vc_column width=&#8221;1\/4&#8243;][vc_column_text] Wie es funktioniert?&nbsp; Die gefilterte Luft wird direkt in den Overall geleitet, w\u00e4hrend der \u00dcberschuss und die ausgeatmete Luft einen \u00dcberdruck erzeugen. Der PAPR<\/p>\n<p><a class=\"more-link\" href=\"https:\/\/www.clean-air.cz\/de\/panoramate-lite\/\">Weiterlesen<\/a><\/p>\n","protected":false},"author":11,"featured_media":0,"parent":0,"menu_order":0,"comment_status":"closed","ping_status":"closed","template":"","meta":{"footnotes":""},"_links":{"self":[{"href":"https:\/\/www.clean-air.cz\/de\/wp-json\/wp\/v2\/pages\/20935"}],"collection":[{"href":"https:\/\/www.clean-air.cz\/de\/wp-json\/wp\/v2\/pages"}],"about":[{"href":"https:\/\/www.clean-air.cz\/de\/wp-json\/wp\/v2\/types\/page"}],"author":[{"embeddable":true,"href":"https:\/\/www.clean-air.cz\/de\/wp-json\/wp\/v2\/users\/11"}],"replies":[{"embeddable":true,"href":"https:\/\/www.clean-air.cz\/de\/wp-json\/wp\/v2\/comments?post=20935"}],"version-history":[{"count":0,"href":"https:\/\/www.clean-air.cz\/de\/wp-json\/wp\/v2\/pages\/20935\/revisions"}],"wp:attachment":[{"href":"https:\/\/www.clean-air.cz\/de\/wp-json\/wp\/v2\/media?parent=20935"}],"curies":[{"name":"wp","href":"https:\/\/api.w.org\/{rel}","templated":true}]}}