{"id":16667,"date":"2022-05-17T08:32:51","date_gmt":"2022-05-17T06:32:51","guid":{"rendered":"https:\/\/www.clean-air.cz\/uber-cleanair\/datenschutz\/"},"modified":"2023-11-23T12:37:22","modified_gmt":"2023-11-23T11:37:22","slug":"datenschutz","status":"publish","type":"page","link":"https:\/\/www.clean-air.cz\/de\/uber-cleanair\/datenschutz\/","title":{"rendered":"Datenschutz"},"content":{"rendered":"<p>Unser Unternehmen verwaltet personenbezogene Daten. Personenbezogene Daten werden in folgenden Bereichen verarbeitet:<\/p>\n<ol>\n<li>L\u00f6hne &#8211; Verarbeitung aufgrund gesetzlicher Verpflichtung<\/li>\n<li>Rechnungsstellung &#8211; Verarbeitung aufgrund gesetzlicher Verpflichtung<\/li>\n<li>Humanressourcen \u2013 Verarbeitung aufgrund berechtigter Interessen unseres Unternehmens<\/li>\n<li>Vereinbarungen &#8211; Verarbeitung, die zur Vertragserf\u00fcllung erforderlich ist<\/li>\n<li>Gesch\u00e4ftsbeziehungen \u2013 Verarbeitung personenbezogener Daten, die dem Unternehmen von betroffenen Personen f\u00fcr zuk\u00fcnftige Gesch\u00e4ftszwecke gegeben werden, z. Visitenkarte, E-Mail<\/li>\n<li>Sonstiges \u2013 Verarbeitung auf Grundlage einer erteilten Einwilligung, z. weitere Informationen in der Personalagenda.<\/li>\n<\/ol>\n<p><span style=\"color: #be0300;\"><strong>Datenschutzrichtlinie f\u00fcr CleanAIR Link-Benutzer:<\/strong><\/span><br \/>\nUnser Unternehmen entwickelt und bietet eine mobile Anwendung zur drahtlosen Verwaltung und Einstellung von CleanAIR-Filterl\u00fcftungsger\u00e4ten.<br \/>\nDie Anwendung erhebt, sammelt, nutzt oder teilt keine personenbezogenen Daten des Nutzers.<\/p>\n<p>Bei Fragen zur Verarbeitung personenbezogener Daten in unserem Unternehmen kontaktieren Sie uns bitte unter <a href=\"mailto:GDPR@clean-air.cz\">GDPR@clean-air.cz<\/a><\/p>\n","protected":false},"excerpt":{"rendered":"<p>Unser Unternehmen verwaltet personenbezogene Daten. Personenbezogene Daten werden in folgenden Bereichen verarbeitet: L\u00f6hne &#8211; Verarbeitung aufgrund gesetzlicher Verpflichtung Rechnungsstellung &#8211; Verarbeitung aufgrund gesetzlicher Verpflichtung Humanressourcen \u2013 Verarbeitung aufgrund berechtigter Interessen unseres Unternehmens Vereinbarungen &#8211; Verarbeitung, die zur Vertragserf\u00fcllung erforderlich ist Gesch\u00e4ftsbeziehungen \u2013 Verarbeitung personenbezogener Daten, die dem Unternehmen von betroffenen Personen f\u00fcr zuk\u00fcnftige Gesch\u00e4ftszwecke gegeben werden, z. Visitenkarte, E-Mail Sonstiges \u2013 Verarbeitung auf Grundlage einer erteilten Einwilligung, z. weitere Informationen<\/p>\n<p><a class=\"more-link\" href=\"https:\/\/www.clean-air.cz\/de\/uber-cleanair\/datenschutz\/\">Weiterlesen<\/a><\/p>\n","protected":false},"author":11,"featured_media":0,"parent":6129,"menu_order":0,"comment_status":"closed","ping_status":"closed","template":"","meta":{"footnotes":""},"_links":{"self":[{"href":"https:\/\/www.clean-air.cz\/de\/wp-json\/wp\/v2\/pages\/16667"}],"collection":[{"href":"https:\/\/www.clean-air.cz\/de\/wp-json\/wp\/v2\/pages"}],"about":[{"href":"https:\/\/www.clean-air.cz\/de\/wp-json\/wp\/v2\/types\/page"}],"author":[{"embeddable":true,"href":"https:\/\/www.clean-air.cz\/de\/wp-json\/wp\/v2\/users\/11"}],"replies":[{"embeddable":true,"href":"https:\/\/www.clean-air.cz\/de\/wp-json\/wp\/v2\/comments?post=16667"}],"version-history":[{"count":0,"href":"https:\/\/www.clean-air.cz\/de\/wp-json\/wp\/v2\/pages\/16667\/revisions"}],"up":[{"embeddable":true,"href":"https:\/\/www.clean-air.cz\/de\/wp-json\/wp\/v2\/pages\/6129"}],"wp:attachment":[{"href":"https:\/\/www.clean-air.cz\/de\/wp-json\/wp\/v2\/media?parent=16667"}],"curies":[{"name":"wp","href":"https:\/\/api.w.org\/{rel}","templated":true}]}}