{"id":16383,"date":"2022-05-03T14:28:16","date_gmt":"2022-05-03T12:28:16","guid":{"rendered":"https:\/\/www.clean-air.cz\/ready-2-care-sets\/ready-2-care-set-medicaer-mit-p3-filter-und-ca-10\/"},"modified":"2022-05-05T14:43:12","modified_gmt":"2022-05-05T12:43:12","slug":"ready-2-care-set-medicaer-mit-p3-filter-und-ca-10","status":"publish","type":"page","link":"https:\/\/www.clean-air.cz\/de\/ready-2-care-sets\/ready-2-care-set-medicaer-mit-p3-filter-und-ca-10\/","title":{"rendered":"Ready 2 Care Set MedicAER mit CA-10 und P3 Filtern"},"content":{"rendered":"<p>[vc_row][vc_column width=&#8221;1\/2&#8243;][vc_gallery interval=&#8221;0&#8243; images=&#8221;16153&#8243; img_size=&#8221;large&#8221;][\/vc_column][vc_column width=&#8221;1\/2&#8243;][vc_column_text]<strong><span style=\"font-size: 14pt; color: #be0300;\">Sicher gesch\u00fctzt, um anderen zu helfen<\/span><\/strong> Hocheffektiver Atemschutz f\u00fcr Fachpersonal des Gesundheitswesens. Das Set umfasst ein luftreinigendes Druckluft-Atemschutzger\u00e4t, speziell entwickelt zum beruflichen Schutzvor biologischer und viraler Kontamination, chemikalienbest\u00e4ndiger CA-10 Haube, 8 St\u00fcck P3 Filter und anderes unerl\u00e4ssliches Zubeh\u00f6r, alles in einer praktischen Tasche.[\/vc_column_text][\/vc_column][\/vc_row][vc_row][vc_column css=&#8221;.vc_custom_1591947369886{margin-top: -100px !important;}&#8221;][vc_column_text]<span style=\"font-size: 18pt;\">Lieferumfang<\/span>[\/vc_column_text][\/vc_column][\/vc_row][vc_row][vc_column width=&#8221;1\/3&#8243;][vc_column_text css=&#8221;.vc_custom_1651130278993{margin-bottom: 30px !important;}&#8221;]<span style=\"color: #be0300; font-size: 14pt;\"><strong>CleanAIR<sup>\u00ae<\/sup> CA-10<\/strong><\/span> Chemikalienbest\u00e4ndige CA-10 Haube, leicht zu dekontaminieren. <img loading=\"lazy\" decoding=\"async\" class=\"alignnone size-medium wp-image-10396\" src=\"https:\/\/www.clean-air.cz\/wp-content\/uploads\/2020\/06\/CA-10-300x234.jpg\" alt=\"\" width=\"300\" height=\"234\" srcset=\"https:\/\/www.clean-air.cz\/wp-content\/uploads\/2020\/06\/CA-10-300x234.jpg 300w, https:\/\/www.clean-air.cz\/wp-content\/uploads\/2020\/06\/CA-10.jpg 526w\" sizes=\"(max-width: 300px) 100vw, 300px\" \/>[\/vc_column_text][vc_btn title=&#8221;Produkt anzeigen&#8221; shape=&#8221;square&#8221; color=&#8221;danger&#8221; align=&#8221;center&#8221; link=&#8221;url:https%3A%2F%2Fwww.clean-air.cz%2Fde%2Fhauben%2Fleichthauben%2Fkurze-haube-ca-10%2F|title:Produkt%20anzeigen|&#8221;][\/vc_column][vc_column width=&#8221;1\/3&#8243;][vc_column_text]<strong><span style=\"font-size: 14pt; color: #be0300;\">CleanAIR<sup>\u00ae<\/sup> MedicAER<\/span><\/strong> Luftreinigendes Druckluft-Atemschutzger\u00e4t, speziell entwickelt f\u00fcr medizinisches Personal, Notfallteams und andere Fachleute zum Schutz vor biologischer und viraler Kontamination. <img loading=\"lazy\" decoding=\"async\" class=\"alignnone size-medium wp-image-15928\" src=\"https:\/\/www.clean-air.cz\/wp-content\/uploads\/2022\/04\/MedicAER-iso-300x202.jpg\" alt=\"\" width=\"300\" height=\"202\" srcset=\"https:\/\/www.clean-air.cz\/wp-content\/uploads\/2022\/04\/MedicAER-iso-300x202.jpg 300w, https:\/\/www.clean-air.cz\/wp-content\/uploads\/2022\/04\/MedicAER-iso-1024x690.jpg 1024w, https:\/\/www.clean-air.cz\/wp-content\/uploads\/2022\/04\/MedicAER-iso-768x517.jpg 768w, https:\/\/www.clean-air.cz\/wp-content\/uploads\/2022\/04\/MedicAER-iso-1536x1035.jpg 1536w, https:\/\/www.clean-air.cz\/wp-content\/uploads\/2022\/04\/MedicAER-iso-800x539.jpg 800w, https:\/\/www.clean-air.cz\/wp-content\/uploads\/2022\/04\/MedicAER-iso.jpg 1686w\" sizes=\"(max-width: 300px) 100vw, 300px\" \/>[\/vc_column_text][vc_btn title=&#8221;Produkt anzeigen&#8221; shape=&#8221;square&#8221; color=&#8221;danger&#8221; align=&#8221;center&#8221; link=&#8221;url:https%3A%2F%2Fwww.clean-air.cz%2Fde%2Fsysteme-fur-den-personlichen-atemschutz%2Fcleanair-medicaer%2F|title:Produkt%20anzeigen|&#8221;][\/vc_column][vc_column width=&#8221;1\/3&#8243;][vc_column_text]<strong><span style=\"font-size: 14pt; color: #be0300;\">Zubeh\u00f6r&nbsp;<\/span><\/strong> 8 St\u00fcck P3 Filter, QuickLOCK\u2122-Luftschlauch, Durchflussanzeige, Dekontaminationssatz (2 St\u00fcck Stecker mit Au\u00dfengewinde, 1 St\u00fcck Kappe mit Innengewinde), Akkuladeger\u00e4t, 2 St\u00fcck Lithium-Ionen-Akku. <img loading=\"lazy\" decoding=\"async\" class=\"alignnone size-medium wp-image-15529\" src=\"https:\/\/www.clean-air.cz\/wp-content\/uploads\/2022\/04\/CleanAIR_bag-iso-300x261.jpg\" alt=\"\" width=\"300\" height=\"261\" srcset=\"https:\/\/www.clean-air.cz\/wp-content\/uploads\/2022\/04\/CleanAIR_bag-iso-300x261.jpg 300w, https:\/\/www.clean-air.cz\/wp-content\/uploads\/2022\/04\/CleanAIR_bag-iso.jpg 624w\" sizes=\"(max-width: 300px) 100vw, 300px\" \/>[\/vc_column_text][\/vc_column][\/vc_row]<\/p>\n","protected":false},"excerpt":{"rendered":"<p>[vc_row][vc_column width=&#8221;1\/2&#8243;][vc_gallery interval=&#8221;0&#8243; images=&#8221;16153&#8243; img_size=&#8221;large&#8221;][\/vc_column][vc_column width=&#8221;1\/2&#8243;][vc_column_text]Sicher gesch\u00fctzt, um anderen zu helfen Hocheffektiver Atemschutz f\u00fcr Fachpersonal des Gesundheitswesens. Das Set umfasst ein luftreinigendes Druckluft-Atemschutzger\u00e4t, speziell entwickelt zum beruflichen Schutzvor biologischer und viraler Kontamination, chemikalienbest\u00e4ndiger CA-10 Haube, 8 St\u00fcck P3 Filter und anderes unerl\u00e4ssliches Zubeh\u00f6r, alles in einer praktischen Tasche.[\/vc_column_text][\/vc_column][\/vc_row][vc_row][vc_column css=&#8221;.vc_custom_1591947369886{margin-top: -100px !important;}&#8221;][vc_column_text]Lieferumfang[\/vc_column_text][\/vc_column][\/vc_row][vc_row][vc_column width=&#8221;1\/3&#8243;][vc_column_text css=&#8221;.vc_custom_1651130278993{margin-bottom: 30px !important;}&#8221;]CleanAIR\u00ae CA-10 Chemikalienbest\u00e4ndige CA-10 Haube, leicht zu dekontaminieren. [\/vc_column_text][vc_btn title=&#8221;Produkt anzeigen&#8221; shape=&#8221;square&#8221; color=&#8221;danger&#8221; align=&#8221;center&#8221; link=&#8221;url:https%3A%2F%2Fwww.clean-air.cz%2Fde%2Fhauben%2Fleichthauben%2Fkurze-haube-ca-10%2F|title:Produkt%20anzeigen|&#8221;][\/vc_column][vc_column width=&#8221;1\/3&#8243;][vc_column_text]CleanAIR\u00ae<\/p>\n<p><a class=\"more-link\" href=\"https:\/\/www.clean-air.cz\/de\/ready-2-care-sets\/ready-2-care-set-medicaer-mit-p3-filter-und-ca-10\/\">Weiterlesen<\/a><\/p>\n","protected":false},"author":11,"featured_media":0,"parent":16368,"menu_order":0,"comment_status":"closed","ping_status":"closed","template":"","meta":{"footnotes":""},"_links":{"self":[{"href":"https:\/\/www.clean-air.cz\/de\/wp-json\/wp\/v2\/pages\/16383"}],"collection":[{"href":"https:\/\/www.clean-air.cz\/de\/wp-json\/wp\/v2\/pages"}],"about":[{"href":"https:\/\/www.clean-air.cz\/de\/wp-json\/wp\/v2\/types\/page"}],"author":[{"embeddable":true,"href":"https:\/\/www.clean-air.cz\/de\/wp-json\/wp\/v2\/users\/11"}],"replies":[{"embeddable":true,"href":"https:\/\/www.clean-air.cz\/de\/wp-json\/wp\/v2\/comments?post=16383"}],"version-history":[{"count":0,"href":"https:\/\/www.clean-air.cz\/de\/wp-json\/wp\/v2\/pages\/16383\/revisions"}],"up":[{"embeddable":true,"href":"https:\/\/www.clean-air.cz\/de\/wp-json\/wp\/v2\/pages\/16368"}],"wp:attachment":[{"href":"https:\/\/www.clean-air.cz\/de\/wp-json\/wp\/v2\/media?parent=16383"}],"curies":[{"name":"wp","href":"https:\/\/api.w.org\/{rel}","templated":true}]}}