{"id":16374,"date":"2022-05-03T14:28:12","date_gmt":"2022-05-03T12:28:12","guid":{"rendered":"https:\/\/www.clean-air.cz\/systeme-fur-den-personlichen-atemschutz\/cleanair-medicaer\/"},"modified":"2023-07-14T11:42:34","modified_gmt":"2023-07-14T09:42:34","slug":"cleanair-medicaer","status":"publish","type":"page","link":"https:\/\/www.clean-air.cz\/de\/systeme-fur-den-personlichen-atemschutz\/cleanair-medicaer\/","title":{"rendered":"CleanAIR\u00ae MedicAER"},"content":{"rendered":"<p>[vc_row][vc_column width=&#8221;1\/2&#8243;][vc_gallery interval=&#8221;0&#8243; images=&#8221;16014,16020,16026,16032,16038,16044,16050,16062,16080,16092,16098&#8243; img_size=&#8221;large&#8221;][\/vc_column][vc_column width=&#8221;1\/2&#8243;][vc_column_text]<strong><span style=\"font-size: 14pt; color: #be0300;\"><sup>Luftreinigendes Druckluft-Atemschutzger\u00e4t. Speziell entwickelt f\u00fcr medizinisches Personal, Notfallteams und andere Fachleute zum Schutz vor biologischer und viraler Kontamination.<\/sup><\/span><\/strong> Das Design erm\u00f6glicht eine einfache Dekontamination in einer Dusche oder sogar eine Tauchdesinfektion. Das einzigartige Verschlusssystem verhindert unbeabsichtigte Kontamination des Ger\u00e4ts beim Austauschen der Filter. Das Vollfarbdisplay zeigt gut lesbar alle relevanten Informationen an. Der optionale Lithium-Ionen-Hochleistungsakku erh\u00f6ht die Betriebszeit erheblich auf bis zu 16 Stunden. Der Akku muss bei langen Schichten nicht mehr aufgeladen werden, auch wenn kombinierte Filter oder Gas- und Dampffilter verwendet werden. Der vielseitigste und robusteste Atemschutz der neuen ATEX-Ausf\u00fchrung kann in potenziell explosiven Atmosph\u00e4ren eingesetzt werden.[\/vc_column_text][\/vc_column][\/vc_row][vc_row][vc_column width=&#8221;1\/3&#8243;][vc_column_text]<strong><span style=\"font-size: 14pt; color: #be0300;\">Vollfarbdisplay<\/span><\/strong> Das Vollfarbdisplay zeigt gut lesbar alle relevanten Informationen wie Luftstrom, Akkuladestand und Filterverstopfung an. <img loading=\"lazy\" decoding=\"async\" class=\"alignnone size-medium wp-image-16125\" src=\"https:\/\/www.clean-air.cz\/wp-content\/uploads\/2022\/04\/MedicAER_display-300x208.jpg\" alt=\"\" width=\"300\" height=\"208\" srcset=\"https:\/\/www.clean-air.cz\/wp-content\/uploads\/2022\/04\/MedicAER_display-300x208.jpg 300w, https:\/\/www.clean-air.cz\/wp-content\/uploads\/2022\/04\/MedicAER_display-1024x712.jpg 1024w, https:\/\/www.clean-air.cz\/wp-content\/uploads\/2022\/04\/MedicAER_display-768x534.jpg 768w, https:\/\/www.clean-air.cz\/wp-content\/uploads\/2022\/04\/MedicAER_display-1536x1067.jpg 1536w, https:\/\/www.clean-air.cz\/wp-content\/uploads\/2022\/04\/MedicAER_display-800x556.jpg 800w, https:\/\/www.clean-air.cz\/wp-content\/uploads\/2022\/04\/MedicAER_display.jpg 1573w\" sizes=\"(max-width: 300px) 100vw, 300px\" \/>[\/vc_column_text][\/vc_column][vc_column width=&#8221;1\/3&#8243;][vc_column_text]<strong><span style=\"font-size: 14pt; color: #be0300;\">Automatisches Verschlusssystem&nbsp;<\/span><\/strong> Das einzigartige Verschlusssystem verhindert unbeabsichtigte Kontamination des Ger\u00e4ts beim Austauschen der Filter. <img loading=\"lazy\" decoding=\"async\" class=\"alignnone size-medium wp-image-16032\" src=\"https:\/\/www.clean-air.cz\/wp-content\/uploads\/2022\/04\/MedicAER-bottom-300x195.jpg\" alt=\"\" width=\"300\" height=\"195\" srcset=\"https:\/\/www.clean-air.cz\/wp-content\/uploads\/2022\/04\/MedicAER-bottom-300x195.jpg 300w, https:\/\/www.clean-air.cz\/wp-content\/uploads\/2022\/04\/MedicAER-bottom-1024x664.jpg 1024w, https:\/\/www.clean-air.cz\/wp-content\/uploads\/2022\/04\/MedicAER-bottom-768x498.jpg 768w, https:\/\/www.clean-air.cz\/wp-content\/uploads\/2022\/04\/MedicAER-bottom-1536x996.jpg 1536w, https:\/\/www.clean-air.cz\/wp-content\/uploads\/2022\/04\/MedicAER-bottom-800x519.jpg 800w, https:\/\/www.clean-air.cz\/wp-content\/uploads\/2022\/04\/MedicAER-bottom.jpg 1846w\" sizes=\"(max-width: 300px) 100vw, 300px\" \/>[\/vc_column_text][\/vc_column][vc_column width=&#8221;1\/3&#8243;][vc_column_text]<strong><span style=\"font-size: 14pt; color: #be0300;\">Hochleistungsakku <\/span><\/strong> Der Akku mit hoher Kapazit\u00e4t verdoppelt die Betriebszeit. Bei langen Schichten und auch mit Gasfilter und kombiniertem Filter muss der Akku nicht ausgetauscht oder geladen werden. <img loading=\"lazy\" decoding=\"async\" class=\"size-medium wp-image-9692 aligncenter\" src=\"https:\/\/www.clean-air.cz\/wp-content\/uploads\/2020\/06\/CleanAIR_2F_heavy_duty_battery-264x300.jpg\" alt=\"\" width=\"264\" height=\"300\"\/>[\/vc_column_text][\/vc_column][\/vc_row][vc_row][vc_column width=&#8221;1\/3&#8243;][vc_column_text]<strong><span style=\"font-size: 14pt; color: #be0300;\">Kompatibel mit den Schutzanz\u00fcgen Microgard\/Microchem PAPR<\/span><\/strong> Die bel\u00fcfteten Anz\u00fcge mit Luftfilterung (versorgt vom CleanAIR\u00ae\u00a0MedicAER) und MICROGARD\u00ae\/MICROCHEM\u00ae\u00a0Technologie sch\u00fctzen Atem, Gesicht und K\u00f6rper vor Gefahrstoffen wie festen und fl\u00fcssigen Aerosolen, Asbest, Lackierung, \u00d6l, Fett, Viren und \u00fcber das Blut \u00fcbertragenen Krankheiten. <img loading=\"lazy\" decoding=\"async\" class=\"size-medium wp-image-9697 aligncenter\" src=\"https:\/\/www.clean-air.cz\/wp-content\/uploads\/2020\/06\/CleanAIR_2F_microgard_compatible-300x222.jpg\" alt=\"\" width=\"300\" height=\"222\" srcset=\"https:\/\/www.clean-air.cz\/wp-content\/uploads\/2020\/06\/CleanAIR_2F_microgard_compatible-300x222.jpg 300w, https:\/\/www.clean-air.cz\/wp-content\/uploads\/2020\/06\/CleanAIR_2F_microgard_compatible.jpg 526w\" sizes=\"(max-width: 300px) 100vw, 300px\" \/>[\/vc_column_text][\/vc_column][vc_column width=&#8221;1\/3&#8243;][vc_column_text]<strong><span style=\"font-size: 14pt; color: #be0300;\">Verschiedene Optionen der Stromversorgung<\/span><\/strong> Sie k\u00f6nnen einen Standardakku, einen Hochleistungsakku oder einen nicht wiederaufladbarem Prim\u00e4rakku ausw\u00e4hlen. Neben dem Standardladeger\u00e4t sind Netzteile f\u00fcr die Autosteckdose oder eine Netzsteckdose als alternative Stromversorgung erh\u00e4ltlich.<\/p>\n<table style=\"border-collapse: collapse; width: 100%;\">\n<tbody>\n<tr>\n<td style=\"width: 50%;\">Netzteil 230 V\/24 V f\u00fcr eine Netzsteckdose<\/td>\n<td style=\"width: 50%; text-align: center;\">51 00 15.1<\/td>\n<\/tr>\n<tr>\n<td style=\"width: 50%;\">Netzteil 12 V bis 24 V f\u00fcr eine Autosteckdose<\/td>\n<td style=\"width: 50%; text-align: center;\">51 00 15.2<\/td>\n<\/tr>\n<\/tbody>\n<\/table>\n<p><img loading=\"lazy\" decoding=\"async\" class=\"size-medium wp-image-9702 aligncenter\" src=\"https:\/\/www.clean-air.cz\/wp-content\/uploads\/2020\/06\/power_adaptors-300x142.jpg\" alt=\"\" width=\"300\" height=\"142\" srcset=\"https:\/\/www.clean-air.cz\/wp-content\/uploads\/2020\/06\/power_adaptors-300x142.jpg 300w, https:\/\/www.clean-air.cz\/wp-content\/uploads\/2020\/06\/power_adaptors.jpg 526w\" sizes=\"(max-width: 300px) 100vw, 300px\" \/>[\/vc_column_text][\/vc_column][vc_column width=&#8221;1\/3&#8243;][vc_column_text]<strong><span style=\"font-size: 14pt; color: #be0300;\">Prim\u00e4rakku <\/span><\/strong> Nicht wiederaufladbarer Akku f\u00fcr den einmaligen Gebrauch mit garantierter Lagerzeit von zehn Jahren. Dieser Akku ist jederzeit ohne Wiederaufladen betriebsbereit. Die perfekte Wahl f\u00fcr Notfall- und Erste Hilfe-Teams oder wenn das Atemschutzsystem nur im Notfall eingesetzt wird.<\/p>\n<table style=\"border-collapse: collapse; width: 100%;\">\n<tbody>\n<tr>\n<td style=\"width: 50%;\">Prim\u00e4rer Lithium-Akku<\/td>\n<td style=\"width: 50%; text-align: center;\">51 00 11<\/td>\n<\/tr>\n<\/tbody>\n<\/table>\n<p>&nbsp; <img loading=\"lazy\" decoding=\"async\" class=\"size-medium wp-image-9707 aligncenter\" src=\"https:\/\/www.clean-air.cz\/wp-content\/uploads\/2020\/06\/Primary_battery-214x300.jpg\" alt=\"\" width=\"214\" height=\"300\" srcset=\"https:\/\/www.clean-air.cz\/wp-content\/uploads\/2020\/06\/Primary_battery-214x300.jpg 214w, https:\/\/www.clean-air.cz\/wp-content\/uploads\/2020\/06\/Primary_battery.jpg 347w\" sizes=\"(max-width: 214px) 100vw, 214px\" \/>[\/vc_column_text][\/vc_column][\/vc_row][vc_row][vc_column width=&#8221;1\/2&#8243;][vc_column_text]<strong><span style=\"font-size: 14pt; color: #be0300;\">R\u00fcckengurtzeug f\u00fcr besseren Halt am R\u00fccken und mehr Komfort&nbsp;<\/span><\/strong><\/p>\n<table style=\"border-collapse: collapse; width: 100%;\">\n<tbody>\n<tr>\n<td style=\"width: 50%;\">Gepolsterter Komfortgurtzeug<\/td>\n<td style=\"width: 50%; text-align: center;\">52 00 44.1<\/td>\n<\/tr>\n<tr>\n<td style=\"width: 50%;\">Dekontaminierbares Gurtzeug<\/td>\n<td style=\"width: 50%; text-align: center;\">51 00 42<\/td>\n<\/tr>\n<\/tbody>\n<\/table>\n<p><img loading=\"lazy\" decoding=\"async\" class=\"size-medium wp-image-9712 aligncenter\" src=\"https:\/\/www.clean-air.cz\/wp-content\/uploads\/2020\/06\/CleanAIR_2F_back_harness-224x300.jpg\" alt=\"\" width=\"224\" height=\"300\" srcset=\"https:\/\/www.clean-air.cz\/wp-content\/uploads\/2020\/06\/CleanAIR_2F_back_harness-224x300.jpg 224w, https:\/\/www.clean-air.cz\/wp-content\/uploads\/2020\/06\/CleanAIR_2F_back_harness.jpg 526w\" sizes=\"(max-width: 224px) 100vw, 224px\" \/>[\/vc_column_text][\/vc_column][vc_column width=&#8221;1\/2&#8243;][vc_column_text]<strong><span style=\"font-size: 14pt; color: #be0300;\">H\u00f6chste Wasserschutzklasse IP68 und ATEX-Ausf\u00fchrung <\/span><\/strong> Das durchdachte Design mit glatter Oberfl\u00e4che kann einfach durch Absp\u00fclen oder sogar Eintauchen dekontaminiert werden. <strong>IP64<\/strong> Dekontaminationsdusche \u2013 umfassender Schutz vor Fl\u00fcssigkeitsspritzern aus jedem Winkel <strong>IP65<\/strong> Dekontaminationsdusche \u2013 umfassender Schutz vor Wasserd\u00fcsen aus jedem Winkel. <strong>IP68<\/strong> Eintauchdesinfektion \u2013 umfassender Schutz durch kontinuierliches Eintauchen in Wasser\/Desinfektionsl\u00f6sung. Zur Desinfektion des CleanAIR\u00ae MedicAER k\u00f6nnen z. B. Natriumhypochlorit und Wasserstoffperoxid (Persteril) verwendet werden. Es wird auch eine ATEX-Ausf\u00fchrung angeboten, die in explosionsgef\u00e4hrdeten Bereichen eingesetzt werden kann \u2013 zugelassen f\u00fcr Zone 2.<\/p>\n<hr \/>\n<p><sup>1<\/sup>Eingeschaltetes System mit CleanAIR\u00ae Filter <sup>2<\/sup>Eingeschaltetes System mit CleanAIR\u00ae Filter mit integrierter Vorfilterhalterung und Flammenschutz <sup>3<\/sup>Ausgeschaltetes System mit Dekontaminationsstopfen <img loading=\"lazy\" decoding=\"async\" class=\"alignnone size-medium wp-image-16002\" src=\"https:\/\/www.clean-air.cz\/wp-content\/uploads\/2022\/04\/MedicAER_Ex_belt-iso-300x214.jpg\" alt=\"\" width=\"300\" height=\"214\" srcset=\"https:\/\/www.clean-air.cz\/wp-content\/uploads\/2022\/04\/MedicAER_Ex_belt-iso-300x214.jpg 300w, https:\/\/www.clean-air.cz\/wp-content\/uploads\/2022\/04\/MedicAER_Ex_belt-iso.jpg 582w\" sizes=\"(max-width: 300px) 100vw, 300px\" \/>[\/vc_column_text][\/vc_column][\/vc_row][vc_row][vc_column][vc_tta_tabs style=&#8221;modern&#8221; shape=&#8221;square&#8221; active_section=&#8221;1&#8243; no_fill_content_area=&#8221;true&#8221; title=&#8221;Details&#8221;][vc_tta_section i_icon_fontawesome=&#8221;fa fa-industry&#8221; add_icon=&#8221;true&#8221; title=&#8221;Anwendungsbereiche&#8221; tab_id=&#8221;1513150336358-68add988-e9ea&#8221;][vc_column_text]<span style=\"color: #be0300;\"><strong>Anwendungsbereiche<\/strong><\/span><\/p>\n<ul>\n<li>Gesundheitswesen und Notfallsysteme<\/li>\n<li>Labore und pharmazeutische Industrie<\/li>\n<\/ul>\n<p>[\/vc_column_text][\/vc_tta_section][vc_tta_section i_icon_fontawesome=&#8221;fa fa-thumbs-o-up&#8221; add_icon=&#8221;true&#8221; title=&#8221;Merkmale und Vorteile&#8221; tab_id=&#8221;1513150336359-b7b65468-8021&#8243;][vc_column_text]<span style=\"color: #be0300;\"><strong>Merkmale und Vorteile<\/strong><\/span><\/p>\n<ul>\n<li>Kompaktes, leichtes Design<\/li>\n<li>Duschdekontamination<\/li>\n<li>Tauchdesinfektion mit Natriumhypochlorid oder Persteril[1]<\/li>\n<li>Einzigartiges automatisches Verschlusssystem<\/li>\n<li>Hohe mechanische Festigkeit und Chemikalienbest\u00e4ndigkeit<\/li>\n<li>Individuell, in einem gro\u00dfen Bereich von 120 bis 235 l\/min einstellbarer Luftstrom<\/li>\n<li>TFT-Vollfarbdisplay<\/li>\n<\/ul>\n<p>[\/vc_column_text][\/vc_tta_section][vc_tta_section i_icon_fontawesome=&#8221;fa fa-cog&#8221; add_icon=&#8221;true&#8221; title=&#8221;Kompletter Satz, Zubeh\u00f6r, Filter&#8221; tab_id=&#8221;1513153137048-5f8c31c5-30ea&#8221;][vc_column_text]<\/p>\n<table style=\"width: 100%; height: 648px;\">\n<tbody>\n<tr style=\"height: 24px;\">\n<td style=\"text-align: left; width: 99.84%; height: 24px;\" colspan=\"2\"><span style=\"color: #be0300;\"><strong>Komplettes Paket<\/strong><\/span><\/td>\n<\/tr>\n<tr style=\"height: 24px;\">\n<td style=\"text-align: left; width: 82.4%; height: 24px;\">CA MedicAER\u00ae mit dekontaminierbarem G\u00fcrtel und Gurtzeug und chemikalienbest\u00e4ndiger CA-10 Haube, 8 x A2B2E2KP3 Filter, QuickLOCK\u2122-Luftschlauch, Durchflussanzeige, Dekontaminationssatz (2 x Stecker mit Au\u00dfengewinde, 1 x Kappe mit Innengewinde), Akkuladeger\u00e4t, 2 x Lithium-Ionen-Akku, Tasche<\/td>\n<td style=\"text-align: center; width: 17.44%; height: 24px;\">51 M1 00FDH<\/td>\n<\/tr>\n<tr style=\"height: 48px;\">\n<td style=\"text-align: left; width: 82.4%; height: 48px;\">CA MedicAER\u00ae mit dekontaminierbarem G\u00fcrtel und Gurtzeug und chemikalienbest\u00e4ndiger CA-10 Haube, 8 x P3 Filter, QuickLOCK\u2122-Luftschlauch, Durchflussanzeige, Dekontaminationssatz (2 x Stecker mit Au\u00dfengewinde, 1 x Kappe mit Innengewinde), Akkuladeger\u00e4t, 2 x Lithium-Ionen-Akku, Tasche<\/td>\n<td style=\"text-align: center; width: 17.44%; height: 48px;\">51 M1 00FDH.1<\/td>\n<\/tr>\n<tr style=\"height: 24px;\">\n<td style=\"text-align: left; width: 99.84%; height: 24px;\" colspan=\"2\"><span style=\"color: #be0300;\"><strong>Ersatzteile, Zubeh\u00f6r<\/strong><\/span><\/td>\n<\/tr>\n<tr style=\"height: 24px;\">\n<td style=\"text-align: left; width: 82.4%; height: 24px;\">Dekontaminierbarer G\u00fcrtel<\/td>\n<td style=\"text-align: center; width: 17.44%; height: 24px;\">51 00 41<\/td>\n<\/tr>\n<tr style=\"height: 24px;\">\n<td style=\"text-align: left; width: 82.4%; height: 24px;\">Dekontaminierbares Gurtzeug<\/td>\n<td style=\"text-align: center; width: 17.44%; height: 24px;\">51 00 42<\/td>\n<\/tr>\n<tr style=\"height: 24px;\">\n<td style=\"text-align: left; width: 82.4%; height: 24px;\">Gepolsterter Komfortg\u00fcrtel<\/td>\n<td style=\"text-align: center; width: 17.44%; height: 24px;\">71 00 92<\/td>\n<\/tr>\n<tr style=\"height: 24px;\">\n<td style=\"text-align: left; width: 82.4%; height: 24px;\">Gepolsterter Komfortgurtzeug<\/td>\n<td style=\"text-align: center; width: 17.44%; height: 24px;\">52 00 44.1<\/td>\n<\/tr>\n<tr style=\"height: 24px;\">\n<td style=\"text-align: left; width: 82.4%; height: 24px;\">MedicAER\u00ae Lithium-Ionen-Akku 14,4 V\/2,6 Ah<\/td>\n<td style=\"text-align: center; width: 17.44%; height: 24px;\">51 M0 10<\/td>\n<\/tr>\n<tr style=\"height: 24px;\">\n<td style=\"text-align: left; width: 82.4%; height: 24px;\">MedicAER\u00ae Lithium-Ionen-Hochleistungsakku, 14,4 V\/5,2 Ah<\/td>\n<td style=\"text-align: center; width: 17.44%; height: 24px;\">51 M0 20<\/td>\n<\/tr>\n<tr style=\"height: 24px;\">\n<td style=\"text-align: left; width: 82.4%; height: 24px;\">Akkuladeger\u00e4t Euro-Stecker<\/td>\n<td style=\"text-align: center; width: 17.44%; height: 24px;\">51 00 30EUR<\/td>\n<\/tr>\n<tr style=\"height: 24px;\">\n<td style=\"text-align: left; width: 82.4%; height: 24px;\">Akkuladeger\u00e4t GB Stecker<\/td>\n<td style=\"text-align: center; width: 17.44%; height: 24px;\">51 00 30UK<\/td>\n<\/tr>\n<tr style=\"height: 24px;\">\n<td style=\"text-align: left; width: 82.4%; height: 24px;\">Luftschlauch QuickLOCK\u2122 \u2013 CA40 x 1\/7&#8243;<\/td>\n<td style=\"text-align: center; width: 17.44%; height: 24px;\">71 00 60<\/td>\n<\/tr>\n<tr style=\"height: 24px;\">\n<td style=\"text-align: left; width: 82.4%; height: 24px;\">Luftschlauch CA-40&#215;1\/7&#8243; \u2013 CA40 x 1\/7&#8243;<\/td>\n<td style=\"text-align: center; width: 17.44%; height: 24px;\">70 00 60*<\/td>\n<\/tr>\n<tr style=\"height: 24px;\">\n<td style=\"text-align: left; width: 82.4%; height: 24px;\">Luftschlauch QuickLOCK\u2122 \u2013 CA40 x 1\/7&#8243;, Gummi<\/td>\n<td style=\"text-align: center; width: 17.44%; height: 24px;\">71 00 86<\/td>\n<\/tr>\n<tr style=\"height: 24px;\">\n<td style=\"text-align: left; width: 82.4%; height: 24px;\">Luftschlauch CA-40&#215;1\/7&#8243; \u2013 CA40 x 1\/7&#8243;, Gummi<\/td>\n<td style=\"text-align: center; width: 17.44%; height: 24px;\">70 00 86CA*<\/td>\n<\/tr>\n<tr style=\"height: 24px;\">\n<td style=\"text-align: left; width: 82.4%; height: 24px;\">Chemikalienbest\u00e4ndige Schlauchabdeckung<\/td>\n<td style=\"text-align: center; width: 17.44%; height: 24px;\">70 00 62C<\/td>\n<\/tr>\n<tr style=\"height: 24px;\">\n<td style=\"text-align: left; width: 82.4%; height: 24px;\">Dekontaminationssatz (2 x Stecker, 1 x Abdeckung)<\/td>\n<td style=\"text-align: center; width: 17.44%; height: 24px;\">51 00 46<\/td>\n<\/tr>\n<tr style=\"height: 24px;\">\n<td style=\"text-align: left; width: 82.4%; height: 24px;\">Dekontaminationsfilterabdeckung, Gummi<\/td>\n<td style=\"text-align: center; width: 17.44%; height: 24px;\">58 00 13<\/td>\n<\/tr>\n<tr>\n<td style=\"text-align: left; width: 82.4%;\" colspan=\"2\"><span style=\"color: #be0300;\"><strong>Kompatible Filter<\/strong><\/span><\/td>\n<\/tr>\n<tr>\n<td style=\"text-align: left; width: 82.4%;\" colspan=\"2\"><em>Kompatibel mit allen CleanAIR\u00ae Partikelfiltern und kombinierten Filtern mit RD40x1\/7&#8243; Gewinde \u2013 <a href=\"https:\/\/www.clean-air.cz\/de\/filter\/\">clean-air.cz\/filters<\/a><\/em><\/td>\n<\/tr>\n<\/tbody>\n<\/table>\n<p>[\/vc_column_text][\/vc_tta_section][vc_tta_section i_icon_fontawesome=&#8221;fa fa-wrench&#8221; add_icon=&#8221;true&#8221; title=&#8221;Technische Daten&#8221; tab_id=&#8221;1513153797992-792040b0-82c9&#8243;][vc_column_text]<\/p>\n<table>\n<tbody>\n<tr>\n<td style=\"text-align: left;\">Gewicht<\/td>\n<td style=\"text-align: center;\">1.000 g (inkl. Standardakku, ohne Filter)<\/td>\n<\/tr>\n<tr>\n<td style=\"text-align: left;\">Abmessungen<\/td>\n<td style=\"text-align: center;\">235 mm\/126 mm\/65 mm (mit Standardakku)<\/td>\n<\/tr>\n<tr>\n<td style=\"text-align: left;\">Luftstrom<\/td>\n<td style=\"text-align: center;\">anpassbar 120 bis 235 l\/min<\/td>\n<\/tr>\n<tr>\n<td style=\"text-align: left;\">Alarm<\/td>\n<td style=\"text-align: center;\">akustisch, optisch<\/td>\n<\/tr>\n<tr>\n<td style=\"text-align: left;\">Betrieb*\/Ladezeit<\/td>\n<td style=\"text-align: center;\">&lt; 10\/&lt; 3 h Standardakku &lt; 20 \/ &lt; 6 h Hochleistungsakku<\/td>\n<\/tr>\n<tr>\n<td style=\"text-align: left;\">Akku<\/td>\n<td style=\"text-align: center;\">Lithium-Ionen-Akku 14,4 V\/5,2 Ah (Standardakku) Lithium-Ionen-Akku 14,4 V\/2,6 Ah (Hochleistungsakku)<\/td>\n<\/tr>\n<tr>\n<td style=\"text-align: left;\">Schlauchanschluss<\/td>\n<td style=\"text-align: center;\">CA40 x 1\/7&#8243;<\/td>\n<\/tr>\n<tr>\n<td style=\"text-align: left;\">Zertifizierung<\/td>\n<td style=\"text-align: center;\">EN 12941 TH3 EN 12942 TM3 Schutzklasse IP64\/IP65\/IP68<\/td>\n<\/tr>\n<tr>\n<td style=\"text-align: left;\" colspan=\"2\">* Bei 160 l\/min mit neuen P R SL Filtern und voll aufgeladenem Akku.<\/td>\n<\/tr>\n<\/tbody>\n<\/table>\n<p>[\/vc_column_text][\/vc_tta_section][vc_tta_section i_icon_fontawesome=&#8221;fa fa-download&#8221; add_icon=&#8221;true&#8221; title=&#8221;Herunterladen&#8221; tab_id=&#8221;1513154098935-95c74e4f-fa1e&#8221;][vc_column_text]<a href=\"https:\/\/www.clean-air.cz\/wp-content\/uploads\/2021\/05\/User-manual-NA-068-R02-CleanAIR-MedicAER-DIGI.pdf\" target=\"_blank\" rel=\"noopener\">User manual &#8211; NA-068-R02<\/a><\/p>\n<p><a href=\"https:\/\/www.clean-air.cz\/wp-content\/uploads\/2023\/07\/PS-51M000-1-R2-MedicAER.pdf\">PS-51M000-1-R2 MedicAER<\/a><\/p>\n<p><a href=\"https:\/\/www.clean-air.cz\/wp-content\/uploads\/2021\/05\/DA-080_-_51EM00_-_MedicAER_Ex_-_EN.pdf\">Datasheet -_MedicAER_Ex_-_EN<\/a><\/p>\n<p><a href=\"https:\/\/www.clean-air.cz\/wp-content\/uploads\/2022\/04\/2021_MedicAER_Headtops_Sets_brochureEN.pdf\">MedicAER_Headtops_Sets_brochure EN<\/a>[\/vc_column_text][\/vc_tta_section][vc_tta_section i_icon_fontawesome=&#8221;fa fa-picture-o&#8221; add_icon=&#8221;true&#8221; title=&#8221;Galerie&#8221; tab_id=&#8221;1515415801460-0c2258c9-4574&#8243;][vc_gallery type=&#8221;image_grid&#8221; images=&#8221;15932,16080,16074,16062,16026&#8243; img_size=&#8221;medium&#8221; css_animation=&#8221;fadeIn&#8221; css=&#8221;.vc_custom_1650970755915{padding-left: 280px !important;}&#8221;][\/vc_tta_section][\/vc_tta_tabs][\/vc_column][\/vc_row][vc_row][vc_column][vc_separator color=&#8221;juicy_pink&#8221;][\/vc_column][\/vc_row]<\/p>\n","protected":false},"excerpt":{"rendered":"<p>[vc_row][vc_column width=&#8221;1\/2&#8243;][vc_gallery interval=&#8221;0&#8243; images=&#8221;16014,16020,16026,16032,16038,16044,16050,16062,16080,16092,16098&#8243; img_size=&#8221;large&#8221;][\/vc_column][vc_column width=&#8221;1\/2&#8243;][vc_column_text]Luftreinigendes Druckluft-Atemschutzger\u00e4t. Speziell entwickelt f\u00fcr medizinisches Personal, Notfallteams und andere Fachleute zum Schutz vor biologischer und viraler Kontamination. Das Design erm\u00f6glicht eine einfache Dekontamination in einer Dusche oder sogar eine Tauchdesinfektion. Das einzigartige Verschlusssystem verhindert unbeabsichtigte Kontamination des Ger\u00e4ts beim Austauschen der Filter. Das Vollfarbdisplay zeigt gut lesbar alle relevanten Informationen an. Der optionale Lithium-Ionen-Hochleistungsakku erh\u00f6ht die Betriebszeit erheblich auf bis zu 16 Stunden. Der<\/p>\n<p><a class=\"more-link\" href=\"https:\/\/www.clean-air.cz\/de\/systeme-fur-den-personlichen-atemschutz\/cleanair-medicaer\/\">Weiterlesen<\/a><\/p>\n","protected":false},"author":11,"featured_media":0,"parent":3849,"menu_order":0,"comment_status":"closed","ping_status":"closed","template":"","meta":{"footnotes":""},"_links":{"self":[{"href":"https:\/\/www.clean-air.cz\/de\/wp-json\/wp\/v2\/pages\/16374"}],"collection":[{"href":"https:\/\/www.clean-air.cz\/de\/wp-json\/wp\/v2\/pages"}],"about":[{"href":"https:\/\/www.clean-air.cz\/de\/wp-json\/wp\/v2\/types\/page"}],"author":[{"embeddable":true,"href":"https:\/\/www.clean-air.cz\/de\/wp-json\/wp\/v2\/users\/11"}],"replies":[{"embeddable":true,"href":"https:\/\/www.clean-air.cz\/de\/wp-json\/wp\/v2\/comments?post=16374"}],"version-history":[{"count":0,"href":"https:\/\/www.clean-air.cz\/de\/wp-json\/wp\/v2\/pages\/16374\/revisions"}],"up":[{"embeddable":true,"href":"https:\/\/www.clean-air.cz\/de\/wp-json\/wp\/v2\/pages\/3849"}],"wp:attachment":[{"href":"https:\/\/www.clean-air.cz\/de\/wp-json\/wp\/v2\/media?parent=16374"}],"curies":[{"name":"wp","href":"https:\/\/api.w.org\/{rel}","templated":true}]}}