{"id":16263,"date":"2022-05-02T15:30:40","date_gmt":"2022-05-02T13:30:40","guid":{"rendered":"https:\/\/www.clean-air.cz\/ready-2-weld-set-verus-air-basic\/"},"modified":"2024-05-15T11:57:29","modified_gmt":"2024-05-15T09:57:29","slug":"ready-2-weld-set-verus-air-basic","status":"publish","type":"page","link":"https:\/\/www.clean-air.cz\/de\/ready-2-weld-sets\/ready-2-weld-set-verus-air-basic\/","title":{"rendered":"Ready 2 Weld set Verus air &#038; Basic"},"content":{"rendered":"<p>[vc_row][vc_column width=&#8221;1\/2&#8243;][vc_gallery interval=&#8221;0&#8243; images=&#8221;15570&#8243; img_size=&#8221;large&#8221;][\/vc_column][vc_column width=&#8221;1\/2&#8243;][vc_column_text]<strong><span style=\"font-size: 14pt; color: #be0300;\">Eine vielseitige L\u00f6sung f\u00fcr viele Anforderungen<\/span><\/strong><!-- wpml:html_fragment --><\/p>\n<p>Das Ready 2 Weld set bietet alles in einem Paket.<\/p>\n<p>Komplett mit Schwei\u00dfhelm Verus air mit automatischem Verdunklungsfilter, fortschrittlichem Luftverteilungssystem und dem bew\u00e4hrten luftreinigenden Druckluftatemschutzger\u00e4t Basic und unerl\u00e4sslichem Zubeh\u00f6r. Die gesamte Ausr\u00fcstung wird in einer praktischen CleanAIR Transporttasche aufbewahrt.[\/vc_column_text][\/vc_column][\/vc_row][vc_row][vc_column css=&#8221;.vc_custom_1591947369886{margin-top: -100px !important;}&#8221;][vc_column_text]<span style=\"font-size: 18pt;\">Lieferumfang<\/span>[\/vc_column_text][\/vc_column][\/vc_row][vc_row][vc_column width=&#8221;1\/3&#8243;][vc_column_text css=&#8221;.vc_custom_1651129044638{margin-bottom: 30px !important;}&#8221;]<span style=\"color: #be0300; font-size: 14pt;\"><strong>CleanAIR<sup>\u00ae<\/sup> Verus air<\/strong><\/span><!-- wpml:html_fragment --><\/p>\n<p>Ein Schwei\u00dfhelm mit automatischer Verdunkelung und fortschrittlichem Luftverteilungssystem f\u00fcr Komfort und Atemschutz ohne Kompromisse.<\/p>\n<p><img loading=\"lazy\" decoding=\"async\" class=\"alignnone size-medium wp-image-14710\" src=\"https:\/\/www.clean-air.cz\/wp-content\/uploads\/2022\/01\/703001_Verus_air-iso-300x300.jpg\" alt=\"\" width=\"300\" height=\"300\" srcset=\"https:\/\/www.clean-air.cz\/wp-content\/uploads\/2022\/01\/703001_Verus_air-iso-300x300.jpg 300w, https:\/\/www.clean-air.cz\/wp-content\/uploads\/2022\/01\/703001_Verus_air-iso-1024x1024.jpg 1024w, https:\/\/www.clean-air.cz\/wp-content\/uploads\/2022\/01\/703001_Verus_air-iso-150x150.jpg 150w, https:\/\/www.clean-air.cz\/wp-content\/uploads\/2022\/01\/703001_Verus_air-iso-768x768.jpg 768w, https:\/\/www.clean-air.cz\/wp-content\/uploads\/2022\/01\/703001_Verus_air-iso-800x800.jpg 800w, https:\/\/www.clean-air.cz\/wp-content\/uploads\/2022\/01\/703001_Verus_air-iso-250x250.jpg 250w, https:\/\/www.clean-air.cz\/wp-content\/uploads\/2022\/01\/703001_Verus_air-iso.jpg 1200w\" sizes=\"(max-width: 300px) 100vw, 300px\" \/>[\/vc_column_text][vc_btn title=&#8221;Produkt anzeigen&#8221; shape=&#8221;square&#8221; color=&#8221;danger&#8221; align=&#8221;center&#8221; link=&#8221;url:https%3A%2F%2Fwww.clean-air.cz%2Fheadtops%2Fwelding-helmets%2Fverus%2F|title:Produkt%20anzeigen|&#8221;][\/vc_column][vc_column width=&#8221;1\/3&#8243;][vc_column_text]<strong><span style=\"font-size: 14pt; color: #be0300;\">CleanAIR<sup>\u00ae<\/sup> Basic<\/span><\/strong><!-- wpml:html_fragment --><\/p>\n<p>Druckluftatemschutzger\u00e4t mit Partikelfilter und Lithium-Ionen-Akku.<\/p>\n<p><img loading=\"lazy\" decoding=\"async\" class=\"alignnone size-medium wp-image-10773\" src=\"https:\/\/www.clean-air.cz\/wp-content\/uploads\/2020\/06\/Basic_without_belt-iso-copy-300x262.jpg\" alt=\"\" width=\"300\" height=\"262\" srcset=\"https:\/\/www.clean-air.cz\/wp-content\/uploads\/2020\/06\/Basic_without_belt-iso-copy-300x262.jpg 300w, https:\/\/www.clean-air.cz\/wp-content\/uploads\/2020\/06\/Basic_without_belt-iso-copy.jpg 595w\" sizes=\"(max-width: 300px) 100vw, 300px\" \/>[\/vc_column_text][vc_btn title=&#8221;Produkt anzeigen&#8221; shape=&#8221;square&#8221; color=&#8221;danger&#8221; align=&#8221;center&#8221; link=&#8221;url:https%3A%2F%2Fwww.clean-air.cz%2Fde%2Fsysteme-fur-den-personlichen-atemschutz%2Fcleanair-basic%2F|title:Produkt%20anzeigen|&#8221;][\/vc_column][vc_column width=&#8221;1\/3&#8243;][vc_column_text]<strong><span style=\"font-size: 14pt; color: #be0300;\">Zubeh\u00f6r\u00a0<\/span><\/strong><!-- wpml:html_fragment --><\/p>\n<p>Hose QuickLOCK\u2122, Akku-Ladeger\u00e4t, aufbewahrt in einer erstklassigen CleanAIR\u00ae Tasche.<\/p>\n<p><img loading=\"lazy\" decoding=\"async\" class=\"alignnone size-medium wp-image-15529\" src=\"https:\/\/www.clean-air.cz\/wp-content\/uploads\/2022\/04\/CleanAIR_bag-iso-300x261.jpg\" alt=\"\" width=\"300\" height=\"261\" srcset=\"https:\/\/www.clean-air.cz\/wp-content\/uploads\/2022\/04\/CleanAIR_bag-iso-300x261.jpg 300w, https:\/\/www.clean-air.cz\/wp-content\/uploads\/2022\/04\/CleanAIR_bag-iso.jpg 624w\" sizes=\"(max-width: 300px) 100vw, 300px\" \/>[\/vc_column_text][\/vc_column][\/vc_row]<!-- wpml:html_fragment --><\/p>\n","protected":false},"excerpt":{"rendered":"<p>[vc_row][vc_column width=&#8221;1\/2&#8243;][vc_gallery interval=&#8221;0&#8243; images=&#8221;15570&#8243; img_size=&#8221;large&#8221;][\/vc_column][vc_column width=&#8221;1\/2&#8243;][vc_column_text]Eine vielseitige L\u00f6sung f\u00fcr viele Anforderungen Das Ready 2 Weld set bietet alles in einem Paket. Komplett mit Schwei\u00dfhelm Verus air mit automatischem Verdunklungsfilter, fortschrittlichem Luftverteilungssystem und dem bew\u00e4hrten luftreinigenden Druckluftatemschutzger\u00e4t Basic und unerl\u00e4sslichem Zubeh\u00f6r. Die gesamte Ausr\u00fcstung wird in einer praktischen CleanAIR Transporttasche aufbewahrt.[\/vc_column_text][\/vc_column][\/vc_row][vc_row][vc_column css=&#8221;.vc_custom_1591947369886{margin-top: -100px !important;}&#8221;][vc_column_text]Lieferumfang[\/vc_column_text][\/vc_column][\/vc_row][vc_row][vc_column width=&#8221;1\/3&#8243;][vc_column_text css=&#8221;.vc_custom_1651129044638{margin-bottom: 30px !important;}&#8221;]CleanAIR\u00ae Verus air Ein Schwei\u00dfhelm mit automatischer Verdunkelung und fortschrittlichem Luftverteilungssystem f\u00fcr Komfort und<\/p>\n<p><a class=\"more-link\" href=\"https:\/\/www.clean-air.cz\/de\/ready-2-weld-sets\/ready-2-weld-set-verus-air-basic\/\">Weiterlesen<\/a><\/p>\n","protected":false},"author":11,"featured_media":0,"parent":16317,"menu_order":0,"comment_status":"closed","ping_status":"closed","template":"","meta":{"footnotes":""},"_links":{"self":[{"href":"https:\/\/www.clean-air.cz\/de\/wp-json\/wp\/v2\/pages\/16263"}],"collection":[{"href":"https:\/\/www.clean-air.cz\/de\/wp-json\/wp\/v2\/pages"}],"about":[{"href":"https:\/\/www.clean-air.cz\/de\/wp-json\/wp\/v2\/types\/page"}],"author":[{"embeddable":true,"href":"https:\/\/www.clean-air.cz\/de\/wp-json\/wp\/v2\/users\/11"}],"replies":[{"embeddable":true,"href":"https:\/\/www.clean-air.cz\/de\/wp-json\/wp\/v2\/comments?post=16263"}],"version-history":[{"count":0,"href":"https:\/\/www.clean-air.cz\/de\/wp-json\/wp\/v2\/pages\/16263\/revisions"}],"up":[{"embeddable":true,"href":"https:\/\/www.clean-air.cz\/de\/wp-json\/wp\/v2\/pages\/16317"}],"wp:attachment":[{"href":"https:\/\/www.clean-air.cz\/de\/wp-json\/wp\/v2\/media?parent=16263"}],"curies":[{"name":"wp","href":"https:\/\/api.w.org\/{rel}","templated":true}]}}