{"id":16257,"date":"2022-05-02T15:30:39","date_gmt":"2022-05-02T13:30:39","guid":{"rendered":"https:\/\/www.clean-air.cz\/ready-2-work-set-unimask-chemical-2f\/"},"modified":"2023-01-31T19:57:59","modified_gmt":"2023-01-31T18:57:59","slug":"ready-2-work-set-unimask-chemical-2f","status":"publish","type":"page","link":"https:\/\/www.clean-air.cz\/de\/ready-2-work-sets\/ready-2-work-set-unimask-chemical-2f\/","title":{"rendered":"Arbeitsset Ready 2 Work UniMask und Chemical 2F"},"content":{"rendered":"<p>[vc_row][vc_column width=&#8221;1\/2&#8243;][vc_gallery interval=&#8221;0&#8243; images=&#8221;15578&#8243; img_size=&#8221;large&#8221;][\/vc_column][vc_column width=&#8221;1\/2&#8243;][vc_column_text]<strong><span style=\"font-size: 14pt; color: #be0300;\">Der einfachste Weg zum Atemschutz<\/span><\/strong><!-- wpml:html_fragment\n\n--><\/p>\n<p><strong>Ready 2 Work set bietet alles in einem Paket.<\/strong><\/p>\n<p>Das Zubeh\u00f6rpaket enth\u00e4lt einen leichten Universal-Gesichtsschutz UniMask mit verbesserter innerer Luftstromregulierung, das kompakte, leichte und dennoch leistungsstarke Atemschutzger\u00e4t Chemical 2F mit der M\u00f6glichkeit zur einfachen Dekontamination sowie unerl\u00e4ssliches Zubeh\u00f6r Die gesamte Ausr\u00fcstung wird in einer praktischen CleanAIR Transporttasche aufbewahrt.<\/p>\n<p>&nbsp;<\/p>\n<table style=\"border-collapse: collapse; width: 100%;\">\n<tbody>\n<tr>\n<td style=\"width: 74.48%;\"><span style=\"font-size: 10pt;\">Ready 2 Work set Chemical 2F &amp; UniMask\u00ae (TORIC VISOR)<\/span><\/td>\n<td style=\"width: 25.52%;\"><span style=\"font-size: 10pt;\">510348.08<\/span><\/td>\n<\/tr>\n<tr>\n<td style=\"width: 74.48%;\"><span style=\"font-size: 10pt;\">Ready 2 Work set Chemical 2F &amp; UniMask\u00ae (CYLINDRICAL VISOR)<\/span><\/td>\n<td style=\"width: 25.52%;\"><span style=\"font-size: 10pt;\">510348.18<\/span><\/td>\n<\/tr>\n<\/tbody>\n<\/table>\n<p>[\/vc_column_text][\/vc_column][\/vc_row][vc_row][vc_column css=&#8221;.vc_custom_1591947369886{margin-top: -100px !important;}&#8221;][vc_column_text]<span style=\"font-size: 18pt;\">Lieferumfang<\/span>[\/vc_column_text][\/vc_column][\/vc_row][vc_row][vc_column width=&#8221;1\/3&#8243;][vc_column_text css=&#8221;.vc_custom_1651129797711{margin-bottom: 30px !important;}&#8221;]<span style=\"color: #be0300; font-size: 14pt;\"><strong>CleanAIR<sup>\u00ae<\/sup> UniMask<sup>\u00ae<\/sup><\/strong><\/span><!-- wpml:html_fragment\n\n--><\/p>\n<p>Leichter universeller Gesichtsschutz f\u00fcr h\u00f6chsten Komfort und Sicherheit.<\/p>\n<p><img loading=\"lazy\" decoding=\"async\" class=\"alignnone size-medium wp-image-7378\" src=\"https:\/\/www.clean-air.cz\/wp-content\/uploads\/2019\/11\/UniMask-front-copy-277x300.jpg\" alt=\"\" width=\"277\" height=\"300\" srcset=\"https:\/\/www.clean-air.cz\/wp-content\/uploads\/2019\/11\/UniMask-front-copy-277x300.jpg 277w, https:\/\/www.clean-air.cz\/wp-content\/uploads\/2019\/11\/UniMask-front-copy-768x831.jpg 768w, https:\/\/www.clean-air.cz\/wp-content\/uploads\/2019\/11\/UniMask-front-copy-947x1024.jpg 947w, https:\/\/www.clean-air.cz\/wp-content\/uploads\/2019\/11\/UniMask-front-copy-800x865.jpg 800w, https:\/\/www.clean-air.cz\/wp-content\/uploads\/2019\/11\/UniMask-front-copy.jpg 991w\" sizes=\"(max-width: 277px) 100vw, 277px\" \/>[\/vc_column_text][vc_btn title=&#8221;Produkt anzeigen&#8221; shape=&#8221;square&#8221; color=&#8221;danger&#8221; align=&#8221;center&#8221; link=&#8221;url:https%3A%2F%2Fwww.clean-air.cz%2Fde%2Fhauben%2Fschutzschirme%2Funimask%2F|title:Produkt%20anzeigen|&#8221;][\/vc_column][vc_column width=&#8221;1\/3&#8243;][vc_column_text]<strong><span style=\"font-size: 14pt; color: #be0300;\">CleanAIR<sup>\u00ae<\/sup> Chemical 2F<\/span><\/strong><!-- wpml:html_fragment\n\n--><\/p>\n<p>Kompakt, leicht und zugleich leistungsf\u00e4hig\u00a0&#8230; Der vielseitigste und langlebigste Atemschutz auf dem Markt.<\/p>\n<p><img loading=\"lazy\" decoding=\"async\" class=\"alignnone size-medium wp-image-555\" src=\"https:\/\/www.clean-air.cz\/wp-content\/uploads\/2018\/06\/2F-iso-copy-300x208.jpg\" alt=\"\" width=\"300\" height=\"208\" srcset=\"https:\/\/www.clean-air.cz\/wp-content\/uploads\/2018\/06\/2F-iso-copy-300x208.jpg 300w, https:\/\/www.clean-air.cz\/wp-content\/uploads\/2018\/06\/2F-iso-copy-768x531.jpg 768w, https:\/\/www.clean-air.cz\/wp-content\/uploads\/2018\/06\/2F-iso-copy-1024x709.jpg 1024w, https:\/\/www.clean-air.cz\/wp-content\/uploads\/2018\/06\/2F-iso-copy-800x554.jpg 800w, https:\/\/www.clean-air.cz\/wp-content\/uploads\/2018\/06\/2F-iso-copy.jpg 1156w\" sizes=\"(max-width: 300px) 100vw, 300px\" \/>[\/vc_column_text][vc_btn title=&#8221;Produkt anzeigen&#8221; shape=&#8221;square&#8221; color=&#8221;danger&#8221; align=&#8221;center&#8221; link=&#8221;url:https%3A%2F%2Fwww.clean-air.cz%2Fde%2Fsysteme-fur-den-personlichen-atemschutz%2Fcleanair-chemical-2f%2F|title:Produkt%20anzeigen|&#8221;][\/vc_column][vc_column width=&#8221;1\/3&#8243;][vc_column_text]<strong><span style=\"font-size: 14pt; color: #be0300;\">Zubeh\u00f6r\u00a0<\/span><\/strong><!-- wpml:html_fragment\n\n--><\/p>\n<p>Hose QuickLOCK\u2122, Akku-Ladeger\u00e4t, aufbewahrt in einer erstklassigen CleanAIR\u00ae Tasche.<\/p>\n<p><img loading=\"lazy\" decoding=\"async\" class=\"alignnone size-medium wp-image-15533\" src=\"https:\/\/www.clean-air.cz\/wp-content\/uploads\/2022\/04\/CleanAIR_bag-iso-300x261.jpg\" alt=\"\" width=\"300\" height=\"261\" srcset=\"https:\/\/www.clean-air.cz\/wp-content\/uploads\/2022\/04\/CleanAIR_bag-iso-300x261.jpg 300w, https:\/\/www.clean-air.cz\/wp-content\/uploads\/2022\/04\/CleanAIR_bag-iso.jpg 624w\" sizes=\"(max-width: 300px) 100vw, 300px\" \/>[\/vc_column_text][\/vc_column][\/vc_row]<\/p>\n","protected":false},"excerpt":{"rendered":"<p>[vc_row][vc_column width=&#8221;1\/2&#8243;][vc_gallery interval=&#8221;0&#8243; images=&#8221;15578&#8243; img_size=&#8221;large&#8221;][\/vc_column][vc_column width=&#8221;1\/2&#8243;][vc_column_text]Der einfachste Weg zum Atemschutz Ready 2 Work set bietet alles in einem Paket. Das Zubeh\u00f6rpaket enth\u00e4lt einen leichten Universal-Gesichtsschutz UniMask mit verbesserter innerer Luftstromregulierung, das kompakte, leichte und dennoch leistungsstarke Atemschutzger\u00e4t Chemical 2F mit der M\u00f6glichkeit zur einfachen Dekontamination sowie unerl\u00e4ssliches Zubeh\u00f6r Die gesamte Ausr\u00fcstung wird in einer praktischen CleanAIR Transporttasche aufbewahrt. &nbsp; Ready 2 Work set Chemical 2F &amp; UniMask\u00ae (TORIC VISOR) 510348.08<\/p>\n<p><a class=\"more-link\" href=\"https:\/\/www.clean-air.cz\/de\/ready-2-work-sets\/ready-2-work-set-unimask-chemical-2f\/\">Weiterlesen<\/a><\/p>\n","protected":false},"author":11,"featured_media":0,"parent":16340,"menu_order":0,"comment_status":"closed","ping_status":"closed","template":"","meta":{"footnotes":""},"_links":{"self":[{"href":"https:\/\/www.clean-air.cz\/de\/wp-json\/wp\/v2\/pages\/16257"}],"collection":[{"href":"https:\/\/www.clean-air.cz\/de\/wp-json\/wp\/v2\/pages"}],"about":[{"href":"https:\/\/www.clean-air.cz\/de\/wp-json\/wp\/v2\/types\/page"}],"author":[{"embeddable":true,"href":"https:\/\/www.clean-air.cz\/de\/wp-json\/wp\/v2\/users\/11"}],"replies":[{"embeddable":true,"href":"https:\/\/www.clean-air.cz\/de\/wp-json\/wp\/v2\/comments?post=16257"}],"version-history":[{"count":0,"href":"https:\/\/www.clean-air.cz\/de\/wp-json\/wp\/v2\/pages\/16257\/revisions"}],"up":[{"embeddable":true,"href":"https:\/\/www.clean-air.cz\/de\/wp-json\/wp\/v2\/pages\/16340"}],"wp:attachment":[{"href":"https:\/\/www.clean-air.cz\/de\/wp-json\/wp\/v2\/media?parent=16257"}],"curies":[{"name":"wp","href":"https:\/\/api.w.org\/{rel}","templated":true}]}}