{"id":16237,"date":"2022-05-02T15:30:37","date_gmt":"2022-05-02T13:30:37","guid":{"rendered":"https:\/\/www.clean-air.cz\/ready-2-work-set-unimask-aergo\/"},"modified":"2023-01-31T19:43:40","modified_gmt":"2023-01-31T18:43:40","slug":"ready-2-work-set-unimask-aergo","status":"publish","type":"page","link":"https:\/\/www.clean-air.cz\/de\/ready-2-work-sets\/ready-2-work-set-unimask-aergo\/","title":{"rendered":"Arbeitsset Ready 2 Work UniMask und Chemical 2F"},"content":{"rendered":"<p>[vc_row][vc_column width=&#8221;1\/2&#8243;][vc_gallery interval=&#8221;0&#8243; images=&#8221;15601&#8243; img_size=&#8221;large&#8221;][\/vc_column][vc_column width=&#8221;1\/2&#8243;][vc_column_text]<strong><span style=\"font-size: 14pt; color: #be0300;\">Der einfachste Weg zum Atemschutz<\/span><\/strong><!-- wpml:html_fragment --><\/p>\n<p><strong>Das Arbeitsset Ready 2 Work bietet alles in einem Paket.<\/strong><\/p>\n<p>Das Zubeh\u00f6rpaket enth\u00e4lt einen leichten Universal-Gesichtsschutz UniMask mit verbesserter innerer Luftstromregulierung, <span style=\"font-size: 10pt;\">das ergonomische und vielseitige Atemschutzger\u00e4t AerGO\u00ae\u00a0 mit integriertem Druckluftsensor<\/span> und unerl\u00e4ssliches Zubeh\u00f6r. Die gesamte Ausr\u00fcstung wird in einer praktischen CleanAIR Transporttasche aufbewahrt.<\/p>\n<p>&nbsp;<\/p>\n<table style=\"border-collapse: collapse; width: 100%;\">\n<tbody>\n<tr style=\"height: 26px;\">\n<td style=\"width: 79.1303%; height: 26px;\"><span style=\"font-size: 10pt;\">Ready 2 Work set AerGO &amp; UniMask\u00ae (TORISCHER VISIER)<\/span><\/td>\n<td style=\"width: 20.8697%; height: 26px;\"><span style=\"font-size: 10pt;\">300300.01<\/span><\/td>\n<\/tr>\n<tr style=\"height: 26px;\">\n<td style=\"width: 79.1303%; height: 26px;\"><span style=\"font-size: 10pt;\">Ready 2 Work set AerGO &amp; UniMask\u00ae CR1 PC (ZYLINDRISCHES VISIER)<\/span><\/td>\n<td style=\"width: 20.8697%; height: 26px;\"><span style=\"font-size: 10pt;\">300300.11<\/span><\/td>\n<\/tr>\n<\/tbody>\n<\/table>\n<p>[\/vc_column_text][\/vc_column][\/vc_row][vc_row][vc_column css=&#8221;.vc_custom_1591947369886{margin-top: -100px !important;}&#8221;][vc_column_text]<span style=\"font-size: 18pt;\">Lieferumfang<\/span>[\/vc_column_text][\/vc_column][\/vc_row][vc_row][vc_column width=&#8221;1\/3&#8243;][vc_column_text css=&#8221;.vc_custom_1651129641651{margin-bottom: 30px !important;}&#8221;]<span style=\"color: #be0300; font-size: 14pt;\"><strong>CleanAIR<sup>\u00ae<\/sup> UniMask<\/strong><\/span><!-- wpml:html_fragment\n\n--><\/p>\n<p>Leichter universeller Gesichtsschutz f\u00fcr h\u00f6chsten Komfort und Sicherheit.<\/p>\n<p><img loading=\"lazy\" decoding=\"async\" class=\"alignnone size-medium wp-image-10614\" src=\"https:\/\/www.clean-air.cz\/wp-content\/uploads\/2020\/06\/UniMask-front-copy-947x1024-2-300x285.jpg\" alt=\"\" width=\"300\" height=\"285\" srcset=\"https:\/\/www.clean-air.cz\/wp-content\/uploads\/2020\/06\/UniMask-front-copy-947x1024-2-300x285.jpg 300w, https:\/\/www.clean-air.cz\/wp-content\/uploads\/2020\/06\/UniMask-front-copy-947x1024-2.jpg 662w\" sizes=\"(max-width: 300px) 100vw, 300px\" \/>[\/vc_column_text][vc_btn title=&#8221;Produkt anzeigen&#8221; shape=&#8221;square&#8221; color=&#8221;danger&#8221; align=&#8221;center&#8221; link=&#8221;url:https%3A%2F%2Fwww.clean-air.cz%2Fde%2Fhauben%2Fschutzschirme%2Funimask%2F|title:Produkt%20anzeigen|&#8221;][\/vc_column][vc_column width=&#8221;1\/3&#8243;][vc_column_text]<strong><span style=\"font-size: 14pt; color: #be0300;\">CleanAIR<sup>\u00ae<\/sup> AerGo <\/span><\/strong><!-- wpml:html_fragment\n\n--><\/p>\n<p>Druckluftatemschutzger\u00e4t mit Partikelfilter und Lithium-Ionen-Akku.<\/p>\n<p><img loading=\"lazy\" decoding=\"async\" class=\"alignnone size-medium wp-image-9931 aligncenter\" src=\"https:\/\/www.clean-air.cz\/wp-content\/uploads\/2020\/06\/CleanAIR_AerGO_PAPR_unit-300x300.jpg\" alt=\"CleanAIR AerGo Atemschutzger\u00e4t\" width=\"300\" height=\"300\" srcset=\"https:\/\/www.clean-air.cz\/wp-content\/uploads\/2020\/06\/CleanAIR_AerGO_PAPR_unit-300x300.jpg 300w, https:\/\/www.clean-air.cz\/wp-content\/uploads\/2020\/06\/CleanAIR_AerGO_PAPR_unit-150x150.jpg 150w, https:\/\/www.clean-air.cz\/wp-content\/uploads\/2020\/06\/CleanAIR_AerGO_PAPR_unit-768x768.jpg 768w, https:\/\/www.clean-air.cz\/wp-content\/uploads\/2020\/06\/CleanAIR_AerGO_PAPR_unit-250x250.jpg 250w, https:\/\/www.clean-air.cz\/wp-content\/uploads\/2020\/06\/CleanAIR_AerGO_PAPR_unit.jpg 800w\" sizes=\"(max-width: 300px) 100vw, 300px\" \/>[\/vc_column_text][vc_btn title=&#8221;Produkt anzeigen&#8221; shape=&#8221;square&#8221; color=&#8221;danger&#8221; align=&#8221;center&#8221; link=&#8221;url:https%3A%2F%2Fwww.clean-air.cz%2Fde%2Fsysteme-fur-den-personlichen-atemschutz%2Fcleanair-aergo%2F|title:Produkt%20anzeigen|&#8221;][\/vc_column][vc_column width=&#8221;1\/3&#8243;][vc_column_text]<strong><span style=\"font-size: 14pt; color: #be0300;\">Zubeh\u00f6r\u00a0<\/span><\/strong><!-- wpml:html_fragment\n\n--><\/p>\n<p>Hose QuickLOCK\u2122, Akku-Ladeger\u00e4t, aufbewahrt in einer erstklassigen CleanAIR\u00ae Tasche.<\/p>\n<p><img loading=\"lazy\" decoding=\"async\" class=\"alignnone size-medium wp-image-15533\" src=\"https:\/\/www.clean-air.cz\/wp-content\/uploads\/2022\/04\/CleanAIR_bag-iso-300x261.jpg\" alt=\"\" width=\"300\" height=\"261\" srcset=\"https:\/\/www.clean-air.cz\/wp-content\/uploads\/2022\/04\/CleanAIR_bag-iso-300x261.jpg 300w, https:\/\/www.clean-air.cz\/wp-content\/uploads\/2022\/04\/CleanAIR_bag-iso.jpg 624w\" sizes=\"(max-width: 300px) 100vw, 300px\" \/>[\/vc_column_text][\/vc_column][\/vc_row]<\/p>\n","protected":false},"excerpt":{"rendered":"<p>[vc_row][vc_column width=&#8221;1\/2&#8243;][vc_gallery interval=&#8221;0&#8243; images=&#8221;15601&#8243; img_size=&#8221;large&#8221;][\/vc_column][vc_column width=&#8221;1\/2&#8243;][vc_column_text]Der einfachste Weg zum Atemschutz Das Arbeitsset Ready 2 Work bietet alles in einem Paket. Das Zubeh\u00f6rpaket enth\u00e4lt einen leichten Universal-Gesichtsschutz UniMask mit verbesserter innerer Luftstromregulierung, das ergonomische und vielseitige Atemschutzger\u00e4t AerGO\u00ae\u00a0 mit integriertem Druckluftsensor und unerl\u00e4ssliches Zubeh\u00f6r. Die gesamte Ausr\u00fcstung wird in einer praktischen CleanAIR Transporttasche aufbewahrt. &nbsp; Ready 2 Work set AerGO &amp; UniMask\u00ae (TORISCHER VISIER) 300300.01 Ready 2 Work set AerGO &amp;<\/p>\n<p><a class=\"more-link\" href=\"https:\/\/www.clean-air.cz\/de\/ready-2-work-sets\/ready-2-work-set-unimask-aergo\/\">Weiterlesen<\/a><\/p>\n","protected":false},"author":11,"featured_media":0,"parent":16340,"menu_order":0,"comment_status":"closed","ping_status":"closed","template":"","meta":{"footnotes":""},"_links":{"self":[{"href":"https:\/\/www.clean-air.cz\/de\/wp-json\/wp\/v2\/pages\/16237"}],"collection":[{"href":"https:\/\/www.clean-air.cz\/de\/wp-json\/wp\/v2\/pages"}],"about":[{"href":"https:\/\/www.clean-air.cz\/de\/wp-json\/wp\/v2\/types\/page"}],"author":[{"embeddable":true,"href":"https:\/\/www.clean-air.cz\/de\/wp-json\/wp\/v2\/users\/11"}],"replies":[{"embeddable":true,"href":"https:\/\/www.clean-air.cz\/de\/wp-json\/wp\/v2\/comments?post=16237"}],"version-history":[{"count":0,"href":"https:\/\/www.clean-air.cz\/de\/wp-json\/wp\/v2\/pages\/16237\/revisions"}],"up":[{"embeddable":true,"href":"https:\/\/www.clean-air.cz\/de\/wp-json\/wp\/v2\/pages\/16340"}],"wp:attachment":[{"href":"https:\/\/www.clean-air.cz\/de\/wp-json\/wp\/v2\/media?parent=16237"}],"curies":[{"name":"wp","href":"https:\/\/api.w.org\/{rel}","templated":true}]}}