{"id":16224,"date":"2022-05-02T15:30:33","date_gmt":"2022-05-02T13:30:33","guid":{"rendered":"https:\/\/www.clean-air.cz\/ready-2-weld-set-aertec-optomax-basic\/"},"modified":"2022-05-05T08:42:57","modified_gmt":"2022-05-05T06:42:57","slug":"ready-2-weld-set-aertec-optomax-basic","status":"publish","type":"page","link":"https:\/\/www.clean-air.cz\/de\/ready-2-weld-sets\/ready-2-weld-set-aertec-optomax-basic\/","title":{"rendered":"Ready 2 Weld set AerTEC\u2122 OptoMax + Basic"},"content":{"rendered":"<p>[vc_row][vc_column width=&#8221;1\/2&#8243;][vc_gallery interval=&#8221;0&#8243; images=&#8221;9902&#8243; img_size=&#8221;large&#8221;][\/vc_column][vc_column width=&#8221;1\/2&#8243;][vc_column_text]<strong><span style=\"font-size: 14pt; color: #be0300;\">Perfekte Sicht beim Schwei\u00dfen<\/span><\/strong><!-- wpml:html_fragment <\/p>\n\n --><\/p>\n<p>Vollautomatisierte Farbkorrektur f\u00fcr jeden Schwei\u00dfvorgang im Bereich von 5 bis 13. Naturfarbensicht im gesamten Schutzbereich und Ultra HD Qualit\u00e4t der Klassen 1\/1\/1\/1. Das integrierte Luftverteilersystem leitet die Luft direkt in die Atemzone.[\/vc_column_text][\/vc_column][\/vc_row][vc_row][vc_column css=&#8221;.vc_custom_1591949571789{margin-top: -100px !important;}&#8221;][vc_column_text]<span style=\"font-size: 18pt;\">Lieferumfang<\/span>[\/vc_column_text][\/vc_column][vc_column width=&#8221;1\/3&#8243;][vc_column_text]<strong><span style=\"font-size: 14pt; color: #be0300;\">AerTEC\u2122 OptoMAX Air<\/span><\/strong><!-- wpml:html_fragment <\/p>\n\n --><\/p>\n<p>Schwei\u00dfhelm mit automatischem Verdunklungsfilter und Luftverteilungssystem.<\/p>\n<p style=\"text-align: center;\"><img loading=\"lazy\" decoding=\"async\" class=\"alignnone size-medium wp-image-7811\" src=\"https:\/\/www.clean-air.cz\/wp-content\/uploads\/2019\/11\/OptoMAX-iso-copy-237x300.jpg\" alt=\"\" width=\"237\" height=\"300\"\/><\/p>\n<p>[\/vc_column_text][vc_btn title=&#8221;Siehe Produkt&#8221; shape=&#8221;square&#8221; color=&#8221;danger&#8221; align=&#8221;center&#8221; link=&#8221;url:https%3A%2F%2Fwww.clean-air.cz%2Fde%2Fhauben%2Fschweishauben%2Faertec-optomax%2F|title:Siehe%20Produkt|&#8221;][\/vc_column][vc_column width=&#8221;1\/3&#8243;][vc_column_text]<strong><span style=\"font-size: 14pt; color: #be0300;\">CleanAIR<sup>\u00ae<\/sup> Basic<\/span><\/strong><!-- wpml:html_fragment <\/p>\n\n --><\/p>\n<p>Druckluftatemschutzger\u00e4t mit Partikelfilter und Lithium-Ionen-Akku.<\/p>\n<p><img loading=\"lazy\" decoding=\"async\" class=\"size-medium wp-image-809 aligncenter\" src=\"https:\/\/www.clean-air.cz\/wp-content\/uploads\/2018\/06\/EVO_shadow-iso-copy-300x300.jpg\" alt=\"\" width=\"300\" height=\"300\" srcset=\"https:\/\/www.clean-air.cz\/wp-content\/uploads\/2018\/06\/EVO_shadow-iso-copy-300x300.jpg 300w, https:\/\/www.clean-air.cz\/wp-content\/uploads\/2018\/06\/EVO_shadow-iso-copy-150x150.jpg 150w, https:\/\/www.clean-air.cz\/wp-content\/uploads\/2018\/06\/EVO_shadow-iso-copy-768x768.jpg 768w, https:\/\/www.clean-air.cz\/wp-content\/uploads\/2018\/06\/EVO_shadow-iso-copy.jpg 800w, https:\/\/www.clean-air.cz\/wp-content\/uploads\/2018\/06\/EVO_shadow-iso-copy-250x250.jpg 250w\" sizes=\"(max-width: 300px) 100vw, 300px\" \/>[\/vc_column_text][vc_btn title=&#8221;Siehe Produkt&#8221; shape=&#8221;square&#8221; color=&#8221;danger&#8221; align=&#8221;center&#8221; link=&#8221;url:https%3A%2F%2Fwww.clean-air.cz%2Fde%2Fsysteme-fur-den-personlichen-atemschutz%2Fcleanair-basic%2F|title:Siehe%20Produkt|&#8221;][\/vc_column][vc_column width=&#8221;1\/3&#8243;][vc_column_text]<strong><span style=\"font-size: 14pt; color: #be0300;\">Zubeh\u00f6r<\/span><\/strong><!-- wpml:html_fragment <\/p>\n\n --><\/p>\n<p>Hose QuickLOCK\u2122, Tasche, Ladeger\u00e4t, Komfortg\u00fcrtel, MIG\/MAG Handschuhe.<\/p>\n<p><img loading=\"lazy\" decoding=\"async\" class=\"size-medium wp-image-9911 aligncenter\" src=\"https:\/\/www.clean-air.cz\/wp-content\/uploads\/2020\/06\/CleanAIR_duffel_bag_and_gloves-1-300x300.jpg\" alt=\"\" width=\"300\" height=\"300\" srcset=\"https:\/\/www.clean-air.cz\/wp-content\/uploads\/2020\/06\/CleanAIR_duffel_bag_and_gloves-1-300x300.jpg 300w, https:\/\/www.clean-air.cz\/wp-content\/uploads\/2020\/06\/CleanAIR_duffel_bag_and_gloves-1-150x150.jpg 150w, https:\/\/www.clean-air.cz\/wp-content\/uploads\/2020\/06\/CleanAIR_duffel_bag_and_gloves-1-768x768.jpg 768w, https:\/\/www.clean-air.cz\/wp-content\/uploads\/2020\/06\/CleanAIR_duffel_bag_and_gloves-1-250x250.jpg 250w, https:\/\/www.clean-air.cz\/wp-content\/uploads\/2020\/06\/CleanAIR_duffel_bag_and_gloves-1.jpg 800w\" sizes=\"(max-width: 300px) 100vw, 300px\" \/>[\/vc_column_text][\/vc_column][\/vc_row]<!-- wpml:html_fragment <\/p>\n\n --><\/p>\n","protected":false},"excerpt":{"rendered":"<p>[vc_row][vc_column width=&#8221;1\/2&#8243;][vc_gallery interval=&#8221;0&#8243; images=&#8221;9902&#8243; img_size=&#8221;large&#8221;][\/vc_column][vc_column width=&#8221;1\/2&#8243;][vc_column_text]Perfekte Sicht beim Schwei\u00dfen Vollautomatisierte Farbkorrektur f\u00fcr jeden Schwei\u00dfvorgang im Bereich von 5 bis 13. Naturfarbensicht im gesamten Schutzbereich und Ultra HD Qualit\u00e4t der Klassen 1\/1\/1\/1. Das integrierte Luftverteilersystem leitet die Luft direkt in die Atemzone.[\/vc_column_text][\/vc_column][\/vc_row][vc_row][vc_column css=&#8221;.vc_custom_1591949571789{margin-top: -100px !important;}&#8221;][vc_column_text]Lieferumfang[\/vc_column_text][\/vc_column][vc_column width=&#8221;1\/3&#8243;][vc_column_text]AerTEC\u2122 OptoMAX Air Schwei\u00dfhelm mit automatischem Verdunklungsfilter und Luftverteilungssystem. [\/vc_column_text][vc_btn title=&#8221;Siehe Produkt&#8221; shape=&#8221;square&#8221; color=&#8221;danger&#8221; align=&#8221;center&#8221; link=&#8221;url:https%3A%2F%2Fwww.clean-air.cz%2Fde%2Fhauben%2Fschweishauben%2Faertec-optomax%2F|title:Siehe%20Produkt|&#8221;][\/vc_column][vc_column width=&#8221;1\/3&#8243;][vc_column_text]CleanAIR\u00ae Basic Druckluftatemschutzger\u00e4t mit Partikelfilter und Lithium-Ionen-Akku. [\/vc_column_text][vc_btn title=&#8221;Siehe Produkt&#8221;<\/p>\n<p><a class=\"more-link\" href=\"https:\/\/www.clean-air.cz\/de\/ready-2-weld-sets\/ready-2-weld-set-aertec-optomax-basic\/\">Weiterlesen<\/a><\/p>\n","protected":false},"author":11,"featured_media":0,"parent":16317,"menu_order":0,"comment_status":"closed","ping_status":"closed","template":"","meta":{"footnotes":""},"_links":{"self":[{"href":"https:\/\/www.clean-air.cz\/de\/wp-json\/wp\/v2\/pages\/16224"}],"collection":[{"href":"https:\/\/www.clean-air.cz\/de\/wp-json\/wp\/v2\/pages"}],"about":[{"href":"https:\/\/www.clean-air.cz\/de\/wp-json\/wp\/v2\/types\/page"}],"author":[{"embeddable":true,"href":"https:\/\/www.clean-air.cz\/de\/wp-json\/wp\/v2\/users\/11"}],"replies":[{"embeddable":true,"href":"https:\/\/www.clean-air.cz\/de\/wp-json\/wp\/v2\/comments?post=16224"}],"version-history":[{"count":0,"href":"https:\/\/www.clean-air.cz\/de\/wp-json\/wp\/v2\/pages\/16224\/revisions"}],"up":[{"embeddable":true,"href":"https:\/\/www.clean-air.cz\/de\/wp-json\/wp\/v2\/pages\/16317"}],"wp:attachment":[{"href":"https:\/\/www.clean-air.cz\/de\/wp-json\/wp\/v2\/media?parent=16224"}],"curies":[{"name":"wp","href":"https:\/\/api.w.org\/{rel}","templated":true}]}}