{"id":16223,"date":"2022-05-02T15:30:33","date_gmt":"2022-05-02T13:30:33","guid":{"rendered":"https:\/\/www.clean-air.cz\/ready-2-weld-set-omnira-combi-air-aergo\/"},"modified":"2022-05-05T09:07:51","modified_gmt":"2022-05-05T07:07:51","slug":"ready-2-weld-set-omnira-combi-air-aergo","status":"publish","type":"page","link":"https:\/\/www.clean-air.cz\/de\/ready-2-weld-sets\/ready-2-weld-set-omnira-combi-air-aergo\/","title":{"rendered":"Ready 2 Weld set Omnira COMBI air &#038; AerGO\u00ae"},"content":{"rendered":"<p>[vc_row][vc_column width=&#8221;1\/2&#8243;][vc_gallery interval=&#8221;0&#8243; images=&#8221;15524&#8243; img_size=&#8221;large&#8221;][\/vc_column][vc_column width=&#8221;1\/2&#8243;][vc_column_text]<strong><span style=\"font-size: 14pt; color: #be0300;\">Eine vielseitige L\u00f6sung f\u00fcr viele Anforderungen<\/span><\/strong><!-- wpml:html_fragment <\/p>\n\n --><\/p>\n<p>Das Ready 2 Weld set bietet alles in einem Paket.<\/p>\n<p>Komplett mit Schwei\u00dfhelm Omnira COMBI mit automatischem Verdunklungsfilter, fortschrittlichem Luftverteilungssystem und hochklappbarem Schwei\u00dfschild und unserem ergonomischen und vielseitigen Atemschutzger\u00e4t AerGO\u00ae&nbsp;mit integriertem Luftdrucksensor und unerl\u00e4sslichem Zubeh\u00f6r. Die gesamte Ausr\u00fcstung wird in einer praktischen CleanAIR Transporttasche aufbewahrt.[\/vc_column_text][vc_video link=&#8221;https:\/\/youtu.be\/EM5AhdF2ijM&#8221;][\/vc_column][\/vc_row][vc_row][vc_column css=&#8221;.vc_custom_1591947369886{margin-top: -100px !important;}&#8221;][vc_column_text]<span style=\"font-size: 18pt;\">Lieferumfang<\/span>[\/vc_column_text][\/vc_column][\/vc_row][vc_row][vc_column width=&#8221;1\/3&#8243;][vc_column_text css=&#8221;.vc_custom_1651128904089{margin-bottom: 30px !important;}&#8221;]<span style=\"color: #be0300; font-size: 14pt;\"><strong>CleanAIR<sup>\u00ae<\/sup> Omnira COMBI air<\/strong><\/span><!-- wpml:html_fragment <\/p>\n\n --><\/p>\n<p>Schwei\u00dfhelm mit Verdunklungsfilter, fortschrittlichem Luftverteilungssystem und hochklappbarem Schwei\u00dfschild.<\/p>\n<p><img loading=\"lazy\" decoding=\"async\" class=\"alignnone size-medium wp-image-14845\" src=\"https:\/\/www.clean-air.cz\/wp-content\/uploads\/2022\/02\/Omnira_flipup-iso2-300x300.jpg\" alt=\"\" width=\"300\" height=\"300\" srcset=\"https:\/\/www.clean-air.cz\/wp-content\/uploads\/2022\/02\/Omnira_flipup-iso2-300x300.jpg 300w, https:\/\/www.clean-air.cz\/wp-content\/uploads\/2022\/02\/Omnira_flipup-iso2-1024x1024.jpg 1024w, https:\/\/www.clean-air.cz\/wp-content\/uploads\/2022\/02\/Omnira_flipup-iso2-150x150.jpg 150w, https:\/\/www.clean-air.cz\/wp-content\/uploads\/2022\/02\/Omnira_flipup-iso2-768x768.jpg 768w, https:\/\/www.clean-air.cz\/wp-content\/uploads\/2022\/02\/Omnira_flipup-iso2-1536x1536.jpg 1536w, https:\/\/www.clean-air.cz\/wp-content\/uploads\/2022\/02\/Omnira_flipup-iso2-800x800.jpg 800w, https:\/\/www.clean-air.cz\/wp-content\/uploads\/2022\/02\/Omnira_flipup-iso2-250x250.jpg 250w, https:\/\/www.clean-air.cz\/wp-content\/uploads\/2022\/02\/Omnira_flipup-iso2.jpg 1600w\" sizes=\"(max-width: 300px) 100vw, 300px\" \/>[\/vc_column_text][vc_btn title=&#8221;Produkt anzeigen&#8221; shape=&#8221;square&#8221; color=&#8221;danger&#8221; align=&#8221;center&#8221; link=&#8221;url:https%3A%2F%2Fwww.clean-air.cz%2Fde%2Fhauben%2Fschweishauben%2Fomnira-combi-air%2F|title:Produkt%20anzeigen|&#8221;][\/vc_column][vc_column width=&#8221;1\/3&#8243;][vc_column_text]<strong><span style=\"font-size: 14pt; color: #be0300;\">CleanAIR<sup>\u00ae<\/sup> AerGo <\/span><\/strong><!-- wpml:html_fragment <\/p>\n\n --><\/p>\n<p>Druckluftatemschutzger\u00e4t mit Partikelfilter und Lithium-Ionen-Akku.<\/p>\n<p><img loading=\"lazy\" decoding=\"async\" class=\"alignnone size-medium wp-image-9927 aligncenter\" src=\"https:\/\/www.clean-air.cz\/wp-content\/uploads\/2020\/06\/CleanAIR_AerGO_PAPR_unit-300x300.jpg\" alt=\"CleanAIR AerGo Atemschutzger\u00e4t\" width=\"300\" height=\"300\" srcset=\"https:\/\/www.clean-air.cz\/wp-content\/uploads\/2020\/06\/CleanAIR_AerGO_PAPR_unit-300x300.jpg 300w, https:\/\/www.clean-air.cz\/wp-content\/uploads\/2020\/06\/CleanAIR_AerGO_PAPR_unit-150x150.jpg 150w, https:\/\/www.clean-air.cz\/wp-content\/uploads\/2020\/06\/CleanAIR_AerGO_PAPR_unit-768x768.jpg 768w, https:\/\/www.clean-air.cz\/wp-content\/uploads\/2020\/06\/CleanAIR_AerGO_PAPR_unit-250x250.jpg 250w, https:\/\/www.clean-air.cz\/wp-content\/uploads\/2020\/06\/CleanAIR_AerGO_PAPR_unit.jpg 800w\" sizes=\"(max-width: 300px) 100vw, 300px\" \/>[\/vc_column_text][vc_btn title=&#8221;Produkt anzeigen&#8221; shape=&#8221;square&#8221; color=&#8221;danger&#8221; align=&#8221;center&#8221; link=&#8221;url:https%3A%2F%2Fwww.clean-air.cz%2Fde%2Fsysteme-fur-den-personlichen-atemschutz%2Fcleanair-aergo%2F|title:Produkt%20anzeigen|&#8221;][\/vc_column][vc_column width=&#8221;1\/3&#8243;][vc_column_text]<strong><span style=\"font-size: 14pt; color: #be0300;\">Zubeh\u00f6r&nbsp;<\/span><\/strong><!-- wpml:html_fragment <\/p>\n\n --><\/p>\n<p>Hose QuickLOCK\u2122, Akku-Ladeger\u00e4t, aufbewahrt in einer erstklassigen CleanAIR\u00ae Tasche.<\/p>\n<p><img loading=\"lazy\" decoding=\"async\" class=\"alignnone size-medium wp-image-15529\" src=\"https:\/\/www.clean-air.cz\/wp-content\/uploads\/2022\/04\/CleanAIR_bag-iso-300x261.jpg\" alt=\"\" width=\"300\" height=\"261\" srcset=\"https:\/\/www.clean-air.cz\/wp-content\/uploads\/2022\/04\/CleanAIR_bag-iso-300x261.jpg 300w, https:\/\/www.clean-air.cz\/wp-content\/uploads\/2022\/04\/CleanAIR_bag-iso.jpg 624w\" sizes=\"(max-width: 300px) 100vw, 300px\" \/>[\/vc_column_text][\/vc_column][\/vc_row]<!-- wpml:html_fragment <\/p>\n\n --><\/p>\n","protected":false},"excerpt":{"rendered":"<p>[vc_row][vc_column width=&#8221;1\/2&#8243;][vc_gallery interval=&#8221;0&#8243; images=&#8221;15524&#8243; img_size=&#8221;large&#8221;][\/vc_column][vc_column width=&#8221;1\/2&#8243;][vc_column_text]Eine vielseitige L\u00f6sung f\u00fcr viele Anforderungen Das Ready 2 Weld set bietet alles in einem Paket. Komplett mit Schwei\u00dfhelm Omnira COMBI mit automatischem Verdunklungsfilter, fortschrittlichem Luftverteilungssystem und hochklappbarem Schwei\u00dfschild und unserem ergonomischen und vielseitigen Atemschutzger\u00e4t AerGO\u00ae&nbsp;mit integriertem Luftdrucksensor und unerl\u00e4sslichem Zubeh\u00f6r. Die gesamte Ausr\u00fcstung wird in einer praktischen CleanAIR Transporttasche aufbewahrt.[\/vc_column_text][vc_video link=&#8221;https:\/\/youtu.be\/EM5AhdF2ijM&#8221;][\/vc_column][\/vc_row][vc_row][vc_column css=&#8221;.vc_custom_1591947369886{margin-top: -100px !important;}&#8221;][vc_column_text]Lieferumfang[\/vc_column_text][\/vc_column][\/vc_row][vc_row][vc_column width=&#8221;1\/3&#8243;][vc_column_text css=&#8221;.vc_custom_1651128904089{margin-bottom: 30px !important;}&#8221;]CleanAIR\u00ae Omnira COMBI air Schwei\u00dfhelm mit Verdunklungsfilter,<\/p>\n<p><a class=\"more-link\" href=\"https:\/\/www.clean-air.cz\/de\/ready-2-weld-sets\/ready-2-weld-set-omnira-combi-air-aergo\/\">Weiterlesen<\/a><\/p>\n","protected":false},"author":11,"featured_media":0,"parent":16317,"menu_order":0,"comment_status":"closed","ping_status":"closed","template":"","meta":{"footnotes":""},"_links":{"self":[{"href":"https:\/\/www.clean-air.cz\/de\/wp-json\/wp\/v2\/pages\/16223"}],"collection":[{"href":"https:\/\/www.clean-air.cz\/de\/wp-json\/wp\/v2\/pages"}],"about":[{"href":"https:\/\/www.clean-air.cz\/de\/wp-json\/wp\/v2\/types\/page"}],"author":[{"embeddable":true,"href":"https:\/\/www.clean-air.cz\/de\/wp-json\/wp\/v2\/users\/11"}],"replies":[{"embeddable":true,"href":"https:\/\/www.clean-air.cz\/de\/wp-json\/wp\/v2\/comments?post=16223"}],"version-history":[{"count":0,"href":"https:\/\/www.clean-air.cz\/de\/wp-json\/wp\/v2\/pages\/16223\/revisions"}],"up":[{"embeddable":true,"href":"https:\/\/www.clean-air.cz\/de\/wp-json\/wp\/v2\/pages\/16317"}],"wp:attachment":[{"href":"https:\/\/www.clean-air.cz\/de\/wp-json\/wp\/v2\/media?parent=16223"}],"curies":[{"name":"wp","href":"https:\/\/api.w.org\/{rel}","templated":true}]}}